{"id":53767,"date":"2019-04-09T19:08:56","date_gmt":"2019-04-09T17:08:56","guid":{"rendered":"https:\/?page_id=53767"},"modified":"2019-04-09T19:14:39","modified_gmt":"2019-04-09T17:14:39","slug":"torre-de-portinatx","status":"publish","type":"page","link":"https:\/\/soloibiza.com\/it\/guida-turistica-di-ibiza-culturale-e-naturale\/guida-turistica-di-sant-joan-a-ibiza\/torre-de-portinatx\/","title":{"rendered":"Torre de Portinatx"},"content":{"rendered":"<div class=\"wpb-content-wrapper\"><p>[vc_row full_width = &#8220;stretch_row&#8221; parallax= &#8220;content-moving-fade&#8221; css = &#8220;.vc_custom_1545558311837 {padding-Top: 20px !important; padding-bottom: 60px !important; background-image: url(http:\/\/soloibiza.com\/wp-content\/uploads\/2018\/12\/Torre-de-Portinatx.jpg?id=46610) !important;}&#8221;] [vc_column] [vc_custom_heading text = &#8220;Torre de Portinatx, come arrivare&#8221; font_container = &#8220;tag:h1|text_align: center|color:#ffffff&#8221; use_theme_fonts = &#8220;yes&#8221;] [vc_custom_heading text = &#8220;la Torre di Portinatx offre una vista spettacolare sulla costa di Portinatx&#8221; font_container = &#8220;Tag: P|font_size: 24px|text_align: center|color:#ffffff&#8221; use_theme_fonts = &#8220;yes&#8221;] [\/vc_column] [\/vc_row] [vc_row] [vc_column width = &#8220;1\/3&#8221;] [vc_column_text]<\/p>\n<div class=\"entry clearfloat\">\n<div class=\"texto\">Situato nel comune di Sant Joan de Labritja, vicino alla famosa Cala <strong>Portinatx<\/strong>, troviamo la <strong>Torre de Portinatx<\/strong>, una torre costiera di sorveglianza costruita nel XVIII secolo. Perfettamente visibile dalla riva di Cala Portinatx Beach, raggiungendo pu\u00f2 essere pi\u00f9 una questione di fortuna che un percorso definito. Per cominciare dobbiamo prendere la strada che collega la zona costiera con il nucleo urbano di Sant Joan. Possiamo optare per la West Road, visitando il paesaggio formato da Cala Xarraca e Cala Xucl\u00e0, o da est, avvicinandosi alla citt\u00e0 di Sant Vicent. Nel primo dei casi, si dovr\u00e0 prendere, prima di arrivare a Portinatx, la deviazione che indica sa Torre, sulla sinistra. Una volta che abbiamo la torre in vista, dobbiamo lasciare la strada asfaltata per prendere una deviazione sulla terra. Quest&#8217;ultimo \u00e8 abbastanza importante, perch\u00e9 anche se la strada asfaltata conduce alla Torre, c&#8217;\u00e8 una recinzione di protezione che ci impedisce di passare una fantastica vista sulla costa e la <strong>Torre di Portinatx<\/strong>.<\/div>\n<\/div>\n<p>[\/vc_column_text] [\/vc_column] [vc_column width = &#8220;2\/3&#8221;] [vc_single_image image = &#8220;46610&#8221; img_size = &#8220;full&#8221;] [\/vc_column] [\/vc_row] [vc_row] [vc_column] [vc_column_text]<\/p>\n<h2 class=\"title\">Che troveremo nella Torre di PORTINATX<\/h2>\n<div class=\"entry clearfloat\">\n<div class=\"texto\">Il posto perfetto per scattare una foto ricordo. La <strong>Torre<\/strong> \u00e8 un po&#8217; abbandonata, anche se \u00e8 in buone condizioni. Si tratta di una torre a due piani con una funzione di sorveglianza esclusiva. In realt\u00e0 non \u00e8 mai armato di cannoni. Al secondo piano, a cui si accede salendo la parete usurata un po&#8217;, un ingresso secondario \u00e8 protetto con un camino <strong>Torre<\/strong>di difesa. Solo per le vedute che offre a tutta la costa nord e i suoi dintorni vale la pena visitare questa <strong>Torre di Portinatx<\/strong>.<\/div>\n<\/div>\n<p>[\/vc_column_text] [\/vc_column] [\/vc_row] [vc_row] [vc_column] [vc_gmaps link=&#8221;#E-8_JTNDaWZyYW1lJTIwc3JjJTNEJTIyaHR0cHMlM0ElMkYlMkZ3d3cuZ29vZ2xlLmNvbSUyRm1hcHMlMkZlbWJlZCUzRnBiJTNEJTIxMW0xOCUyMTFtMTIlMjExbTMlMjExZDQzODkuNjg5ODkzNjQzNTU3JTIxMmQxLjUwNjE5MDQxNTg2NjEzMyUyMTNkMzkuMTExOTUwNjQxODcyNjMlMjEybTMlMjExZjAlMjEyZjAlMjEzZjAlMjEzbTIlMjExaTEwMjQlMjEyaTc2OCUyMTRmMTMuMSUyMTNtMyUyMTFtMiUyMTFzMHgxMjk5M2Q3MWI2ZjRiODk1JTI1M0EweGNiMzljZjRiMzFmOTRhYzUlMjEyc1RvcnJlJTJCZGUlMkJQb3J0aW5hdHglMjE1ZTElMjEzbTIlMjExc2VzJTIxMnNlcyUyMTR2MTU0NTU1Nzc5NzEyNyUyMiUyMHdpZHRoJTNEJTIyNjAwJTIyJTIwaGVpZ2h0JTNEJTIyNDUwJTIyJTIwZnJhbWVib3JkZXIlM0QlMjIwJTIyJTIwc3R5bGUlM0QlMjJib3JkZXIlM0EwJTIyJTIwYWxsb3dmdWxsc2NyZWVuJTNFJTNDJTJGaWZyYW1lJTNF&#8221;] [\/vc_column] [\/vc_row] [vc_row full_width =&#8221;stretch_row&#8221; css =&#8221;.vc_custom_1539804160222 {padding-top: 30px !important; padding-bottom: 60px !important; background-color:#1b7f47 !important; background-position: centro !important; background-repeat: no-repeat !important; background-size: cover !important;} &#8220;] [vc_column] [vc_custom_heading text = &#8220;Altri luoghi da scoprire nei dintorni Torre di Portinatx&#8221; font_container = &#8220;tag:h2|font_size:40px|text_align:center|color:%23ffff|line_height:48px&#8221; use_theme_fonts = &#8220;yes&#8221;] [vc_custom_heading text = &#8220;Da Torre di Portinatx pu\u00f2 accedere a luoghi di interesse culturale&#8221; font_container = &#8220;tag:p|font_size:24px|text_align:center|color:%23ffff&#8221; use_theme_fonts = &#8220;yes&#8221;] [\/vc_column] [\/vc_row] [vc_row] [vc_column width= &#8220;1\/3&#8221;] [vc_single_image image= &#8220;46766&#8221; img_size = &#8220;full&#8221; onclick = &#8220;custom_link&#8221; link = &#8220;https:\/guia-de-turismo-de-ibiza-cultural-y-natural\/guia-turismo-sant-joan-ibiza\/iglesia-de-sant-joan\/&#8221;] [vc_column_text]<\/p>\n<h2 style=\"text-align: center;\">Chiesa di Sant Joan a 4 km<\/h2>\n<p style=\"text-align: center;\">La Chiesa di Sant Joan de Labritja \u00e8 stata costruita nel XVIII secolo.<\/p>\n<p>[\/vc_column_text] [\/vc_column] [vc_column width = &#8220;1\/3&#8221;] [vc_single_image image = &#8220;46796&#8221; img_size = &#8220;full&#8221; onclick = &#8220;custom_link&#8221; link = &#8220;https:\/guia-de-turismo-de-ibiza-cultural-y-natural\/guia-turismo-sant-joan-ibiza\/guia-de-turismo-de-san-vicente-o-sant-vicent-de-sa-cala\/iglesia-de-san-vicente\/&#8221;] [vc_column_text]<\/p>\n<h2 style=\"text-align: center;\">A 7 km da Chiesa di San Vincenzo<\/h2>\n<p style=\"text-align: center;\">Parlando della Chiesa di Sant Vicente, tutti pensano a un nucleo urbano costruito intorno ad un edificio principale.<\/p>\n<p>[\/vc_column_text] [\/vc_column] [vc_column width = &#8220;1\/3&#8221;] [vc_single_image image = &#8220;46682&#8221; img_size = &#8220;full&#8221; onclick = &#8220;custom_link&#8221; link = &#8220;https:\/guia-de-turismo-de-ibiza-cultural-y-natural\/guia-turismo-sant-joan-ibiza\/guia-de-turismo-de-san-miguel-o-sant-miquel-de-balansat\/cuevas-de-sant-miquel\/&#8221;] [vc_column_text]<\/p>\n<h2 style=\"text-align: center;\">A 8 km da grotte di Sant Miquel<\/h2>\n<p style=\"text-align: center;\">Le grotte del porto di Sant Miquel sono conosciute come le grotte di Can Mar\u00e7\u00e0.<\/p>\n<p>[\/vc_column_text] [\/vc_column] [\/vc_row] [vc_row full_width = &#8220;stretch_row&#8221; css = &#8220;.vc_custom_1539804160222 {padding-top: 30px !important; padding-bottom: 60px !important; background-color:#1b7f47 !important; background-position: centro !important; background-repeat: no-repeat !important; background-size: cover !important;} &#8220;] [vc_column] [vc_custom_heading text = &#8220;altri luoghi da scoprire nelle vicinanze della Torre de Portinatx&#8221; font_container = &#8220;tag:H2|font_size: 40px|text_align: center|color:#FFFFFF|line_height: 48px&#8221; use_theme_fonts = &#8220;yes&#8221;] [\/vc_column] [\/vc_row] [vc_row] [vc_column width = &#8220;1\/3&#8221;] [vc_single_image image = &#8220;46766&#8221; img_size = &#8220;full&#8221; onclick = &#8220;custom_link&#8221; link = &#8220;https:\/guia-de-turismo-de-ibiza-cultural-y-natural\/guia-turismo-sant-joan-ibiza\/&#8221;] [vc_column_text]<\/p>\n<h2 style=\"text-align: center;\">Sant Joan<\/h2>\n<p style=\"text-align: center;\">Sant Joan de Labritja si trova nell&#8217;estremo nord dell&#8217;isola, in una delle zone pi\u00f9 incontaminate e sconosciute dell&#8217;isola.<\/p>\n<p>[\/vc_column_text] [\/vc_column] [vc_column width = &#8220;1\/3&#8221;] [vc_single_image image = &#8220;46988&#8221; img_size = &#8220;full&#8221; onclick = &#8220;custom_link&#8221; link = &#8220;https:\/guia-de-turismo-de-ibiza-cultural-y-natural\/guia-turismo-sant-joan-ibiza\/guia-de-turismo-de-san-lorenzo-o-sant-llorenc-de-balafia\/&#8221;] [vc_column_text]<\/p>\n<h2 style=\"text-align: center;\">Sant LLoren\u00e7<\/h2>\n<p style=\"text-align: center;\">Sant Lloren\u00e7 de Bal\u00e0fia, o San Lorenzo, \u00e8 una cittadina rurale, con praticamente nessun nucleo urbano, situato nel comune di Sant Joan.<\/p>\n<p>[\/vc_column_text] [\/vc_column] [vc_column width = &#8220;1\/3&#8221;] [vc_single_image image = &#8220;47000&#8221; img_size = &#8220;full&#8221; onclick = &#8220;custom_link&#8221; link = &#8220;https:\/guia-de-turismo-de-ibiza-cultural-y-natural\/guia-turismo-sant-joan-ibiza\/guia-de-turismo-de-san-miguel-o-sant-miquel-de-balansat\/&#8221;] [vc_column_text]<\/p>\n<h2 style=\"text-align: center;\">Sant Miquel<\/h2>\n<p style=\"text-align: center;\">Sant Miquel \u00e8 un piccolo villaggio, quasi frazione, situato a met\u00e0 strada tra Sant Joan, comune a cui appartiene, e Sant Antoni<\/p>\n<p>[\/vc_column_text] [\/vc_column] [\/vc_row] [vc_row full_width = &#8220;stretch_row&#8221; css = &#8220;.vc_custom_1540877850287 {background-color:RGBA(255,153,0,0.6) !important; * background-color:RGB(255,153,0) !important;}&#8221;] [vc_column] [vc_custom_heading text = &#8220;spiagge vicino alla Torre de Portinatx&#8221; font_container = &#8220;tag:H2|text_align: center|color:#ffffff&#8221; use_theme_fonts = &#8220;yes&#8221; el_id = &#8220;spiagge della citt\u00e0 di Ibiza&#8221;] [vc_column_text]<\/p>\n<p style=\"text-align: center;\"><span style=\"color: #ffffff; font-size: 18px;\">Accanto alla Plaza de la Catedral, saremo in grado di godere della vista sulle <a style=\"color: #ffffff; font-size: 18px;\" href=\"https:\/playas-de-ibiza-ciudad-o-eivissa\/\">spiagge della citt\u00e0 di Ibiza<\/a>.<\/span><\/p>\n<p>[\/vc_column_text] [\/vc_column] [\/vc_row] [vc_row el_id = &#8220;Figueretas&#8221;] [vc_column width = &#8220;1\/3&#8221; El_class = &#8220;Filaplayas&#8221; el_id = &#8220;Playa d&#8217;en Bossa&#8221;] [vc_single_image image = &#8220;47356&#8221; img_size = &#8220;full&#8221;] [vc_column_text El_class = &#8220;.conelanteriorreducido&#8221;] <a href=\"https:\/cala-portinatx\/\">Cala Portinatx<\/a> [\/vc_column_text] [vc_column_text]<\/p>\n<p style=\"text-align: center;\">Nel comune di Sant Joan possiamo trovare la spiaggia di Cala Portinatx, a pi\u00f9 di 30 chilometri da Ibiza e circa nove da Sant Joan.<\/p>\n<p>[\/vc_column_text] [\/vc_column] [vc_column width = &#8220;1\/3&#8221; El_class = &#8220;Filaplayas&#8221; el_id = &#8220;Talamanca&#8221;] [vc_single_image image = &#8220;47398&#8221; img_size = &#8220;full&#8221;] [vc_column_text El_class = &#8220;.conelanteriorreducido&#8221;] <a href=\"https:\/cala-xucla\/\">Cala Xucl\u00e0<\/a> [\/vc_column_text] [vc_column_text]<\/p>\n<p style=\"text-align: center;\">Possiamo trovare la spiaggia di Cala Xucl\u00e0 nel comune di Sant Joan.<\/p>\n<p>[\/vc_column_text] [\/vc_column] [vc_column width = &#8220;1\/3&#8221; El_class = &#8220;Filaplayas&#8221;] [vc_single_image image = &#8220;47626&#8221; img_size = &#8220;full&#8221;] [vc_column_text El_class = &#8220;.conelanteriorreducido&#8221;] <a href=\"https:\/sillot-des-rencli\/\">S&#8217;Illot des Rencl\u00ed<\/a> [\/vc_column_text] [vc_column_text]<\/p>\n<p style=\"text-align: center;\">Nel comune di Sant Joan possiamo trovare s&#8217;Illot des Rencl\u00ed a circa trenta chilometri da Ibiza e sei dalla parrocchia di Sant Joan.<\/p>\n<p>[\/vc_column_text] [\/vc_column] [\/vc_row]<\/p>\n<\/div>","protected":false},"excerpt":{"rendered":"<p>[vc_row full_width = &#8220;stretch_row&#8221; parallax= &#8220;content-moving-fade&#8221; css = &#8220;.vc_custom_1545558311837 {padding-Top: 20px !important; padding-bottom: 60px !important; background-image: url(http:\/\/soloibiza.com\/wp-content\/uploads\/2018\/12\/Torre-de-Portinatx.jpg?id=46610) !important;}&#8221;] [vc_column] [vc_custom_heading text = &#8220;Torre de Portinatx, come arrivare&#8221; font_container = &#8220;tag:h1|text_align: center|color:#ffffff&#8221; use_theme_fonts = &#8220;yes&#8221;] [vc_custom_heading text = &#8220;la Torre di Portinatx offre una vista spettacolare sulla costa di Portinatx&#8221; font_container = &#8220;Tag: P|font_size: 24px|text_align: center|color:#ffffff&#8221; [&hellip;]<\/p>\n","protected":false},"author":1,"featured_media":0,"parent":53470,"menu_order":0,"comment_status":"closed","ping_status":"closed","template":"","meta":{"_acf_changed":false,"footnotes":""},"class_list":["post-53767","page","type-page","status-publish","hentry"],"acf":[],"_links":{"self":[{"href":"https:\/\/soloibiza.com\/it\/wp-json\/wp\/v2\/pages\/53767","targetHints":{"allow":["GET"]}}],"collection":[{"href":"https:\/\/soloibiza.com\/it\/wp-json\/wp\/v2\/pages"}],"about":[{"href":"https:\/\/soloibiza.com\/it\/wp-json\/wp\/v2\/types\/page"}],"author":[{"embeddable":true,"href":"https:\/\/soloibiza.com\/it\/wp-json\/wp\/v2\/users\/1"}],"replies":[{"embeddable":true,"href":"https:\/\/soloibiza.com\/it\/wp-json\/wp\/v2\/comments?post=53767"}],"version-history":[{"count":0,"href":"https:\/\/soloibiza.com\/it\/wp-json\/wp\/v2\/pages\/53767\/revisions"}],"up":[{"embeddable":true,"href":"https:\/\/soloibiza.com\/it\/wp-json\/wp\/v2\/pages\/53470"}],"wp:attachment":[{"href":"https:\/\/soloibiza.com\/it\/wp-json\/wp\/v2\/media?parent=53767"}],"curies":[{"name":"wp","href":"https:\/\/api.w.org\/{rel}","templated":true}]}}