{"id":53589,"date":"2019-04-08T22:10:06","date_gmt":"2019-04-08T20:10:06","guid":{"rendered":"https:\/?page_id=53589"},"modified":"2019-04-08T23:24:41","modified_gmt":"2019-04-08T21:24:41","slug":"chiesa-di-sant-mateu-o-san-mateo","status":"publish","type":"page","link":"https:\/\/soloibiza.com\/it\/guida-turistica-di-ibiza-culturale-e-naturale\/guida-di-turismo-di-sant-antoni\/guida-turistica-di-san-mateo-o-sant-mateu-dalbarca\/chiesa-di-sant-mateu-o-san-mateo\/","title":{"rendered":"Chiesa di Sant Mateu o San Mateo"},"content":{"rendered":"<div class=\"wpb-content-wrapper\"><p>[vc_row full_width = &#8220;stretch_row&#8221; parallax= &#8220;content-moving-fade&#8221; css = &#8220;.vc_custom_1545334782751 {padding-Top: 20px !important; padding-bottom: 60px !important; background-image: url(http:\/\/soloibiza.com\/wp-content\/uploads\/2018\/12\/Iglesia-de-San-Mateo.jpg?id=46778) !important;}&#8221;] [vc_column] [vc_custom_heading text = &#8220;Chiesa di San Matteo. La Chiesa come luogo di Unione &#8221; font_container =&#8221; Tag: H1|text_align: center|color:#ffffff&#8221; use_theme_fonts =&#8221;yes&#8221;] [vc_custom_heading text =&#8221; la Chiesa di San Mateo riunisce i parrocchiani di una regione famosa per i suoi vini &#8221; font_container =&#8221; Tag: P|FONT_SIZE : 24px|text_align: center|color:#ffffff&#8221; use_theme_fonts =&#8221;yes&#8221;] [\/vc_column] [\/vc_row] [vc_row] [vc_column width =&#8221; 1\/3 &#8220;] [vc_column_text]<\/p>\n<div class=\"entry clearfloat\">\n<div class=\"texto\">Nel XVIII secolo, il vescovo Abad e la Sierra iniziarono a costruire <strong>chiese <\/strong>su punti strategicamente scelti dell&#8217;isola, in modo che i parrocchiani ridurrebbero il loro spostamento, favorendo il fervore popolare. <strong>Sant Mateu<\/strong> si trovava in una zona di scarso interesse strategico, sia militare che commerciale. Le montagne frastagliate li proteggevano naturalmente dall&#8217;accesso dal mare. La distanza dai principali nuclei urbani, per il tempo, anche posto un inconveniente per la loro gente. Tuttavia, <strong>Sant Mateu<\/strong> possedeva un valore che dura ancora. Le sue valli sono terre molto fertili. Destinata oggi alla produzione di vino principalmente, le sue haciendas sono state distribuite alla lunghezza e alla larghezza della sua estensione. Date queste caratteristiche, la Chiesa di <strong>Sant Mateu<\/strong> \u00e8 costruita su una piccola collina situata nel centro di questa comunit\u00e0.<\/div>\n<\/div>\n<p>[\/vc_column_text] [\/vc_column] [vc_column width = &#8220;2\/3&#8221;] [vc_single_image image = &#8220;46778&#8221; img_size = &#8220;full&#8221;] [\/vc_column] [\/vc_row] [vc_row] [vc_column] [vc_column_text]<\/p>\n<h2 class=\"title\">Un&#8217;icona a Sant Mateu<\/h2>\n<div class=\"entry clearfloat\">\n<div class=\"texto\">La<strong> Chiesa di Sant Mateu<\/strong> si trova sulla strada che conduce da Sant Miquel a Santa In\u00e9s. Presenta la tipica facciata imbiancata, sorprendentemente snella per l&#8217;area in cui si trova. Anche l&#8217;interno non passa inosservato. Sono degni di menzionare la cappella della madre di Dio di Montserrat e la cappella del Roser. Come in ogni <strong>Chiesa <\/strong>di Ibiza che si rispetti, ha un portico per il rifugio dei fedeli nei giorni pi\u00f9 spiacevoli. Questo portico ottocentesco era di grande importanza sociale, cos\u00ec come i pozzi, perch\u00e9 come le case degli altri erano cos\u00ec separati, erano i centri di incontro e di corteggiamento per lungo tempo. <strong>La Chiesa di Sant Mateu<\/strong> \u00e8 un complesso architettonico, insomma, merita una visita.<\/div>\n<\/div>\n<p>[\/vc_column_text] [\/vc_column] [\/vc_row] [vc_row] [vc_column] [vc_gmaps link=&#8221;#E-8_JTNDaWZyYW1lJTIwc3JjJTNEJTIyaHR0cHMlM0ElMkYlMkZ3d3cuZ29vZ2xlLmNvbSUyRm1hcHMlMkZlbWJlZCUzRnBiJTNEJTIxMW0xOCUyMTFtMTIlMjExbTMlMjExZDQzNTMuODY1ODQ3MzE2NTIxJTIxMmQxLjM4MDg5NTQxNTg1MDg4NjQlMjEzZDM5LjAzOTIxODg0NjE3NjAyJTIxMm0zJTIxMWYwJTIxMmYwJTIxM2YwJTIxM20yJTIxMWkxMDI0JTIxMmk3NjglMjE0ZjEzLjElMjEzbTMlMjExbTIlMjExczB4MTI5OTM5YzEwMWU3NGQyOSUyNTNBMHgzNmQ4YzU0ZDAzNmVlZTlmJTIxMnNJZ2xlc2lhJTJCZGUlMkJTYW50JTJCTWF0ZXUlMjE1ZTElMjEzbTIlMjExc2VzJTIxMnNlcyUyMTR2MTU0NTMzNTM5Njk5OCUyMiUyMHdpZHRoJTNEJTIyNjAwJTIyJTIwaGVpZ2h0JTNEJTIyNDUwJTIyJTIwZnJhbWVib3JkZXIlM0QlMjIwJTIyJTIwc3R5bGUlM0QlMjJib3JkZXIlM0EwJTIyJTIwYWxsb3dmdWxsc2NyZWVuJTNFJTNDJTJGaWZyYW1lJTNF&#8221;] [\/vc_column] [\/vc_row] [vc_row full_width =&#8221;stretch_row&#8221; css =&#8221;.vc_custom_1539804160222 {padding-top: 30px !important; padding-bottom: 60px !important; background-color:#1b7f47 !important; background-position: centro !important; background-repeat: no-repeat !important; background-size: cover !important;} &#8220;] [vc_column] [vc_custom_heading text = &#8220;Altri luoghi da scoprire nei dintorni di Chiesa di Sant Mateu&#8221; font_container = &#8220;tag:h2|font_size:40px|text_align:center|color:%23ffff|line_height:48px&#8221; use_theme_fonts = &#8220;yes&#8221;] [vc_custom_heading text = &#8220;La Chiesa di Sant Mateu \u00e8 l&#8217;epicentro cultura da cui \u00e8 possibile accedere a luoghi di interesse culturale&#8221; font_container = &#8220;tag:p|font_size:24px|text_align:center|color:%23ffff&#8221; use_theme_fonts = &#8220;yes&#8221;] [\/vc_column] [\/vc_row] [vc_row] [vc_column width= &#8216; 1\/6 &#8220;] [\/vc_column] [vc_column width= &#8220;1\/3&#8221;] [vc_single_image image= &#8220;46646&#8221; img_size = &#8220;full&#8221; onclick = &#8220;custom_link&#8221; link = &#8220;https:\/guia-de-turismo-de-ibiza-cultural-y-natural\/guia-de-turismo-de-sant-antoni\/guia-de-turismo-de-san-mateo-o-sant-mateu-dalbarca\/broll-de-buscastell\/&#8221;] [vc_column_text]<\/p>\n<h2 style=\"text-align: center;\">Broll de Buscastell 2 km<\/h2>\n<p style=\"text-align: center;\">Potrebbe essere considerato come una delle pi\u00f9 grandi zone umide che possiamo trovare a Ibiza.<\/p>\n<p>[\/vc_column_text] [\/vc_column] [vc_column width = &#8220;1\/3&#8221;] [vc_single_image image = &#8220;46922&#8221; img_size = &#8220;full&#8221; onclick = &#8220;custom_link&#8221; link = &#8220;https:\/guia-de-turismo-de-ibiza-cultural-y-natural\/guia-de-turismo-de-sant-antoni\/guia-de-turismo-de-sant-rafel-de-sa-creu\/iglesia-de-san-rafael-sant-rafel\/pou-de-forada\/&#8221;] [vc_column_text]<\/p>\n<h2 style=\"text-align: center;\">Pou de Forat 5 km<\/h2>\n<p style=\"text-align: center;\">Pou de Forat, o Pozo de Forat, si trova in un punto strategico della regione.<\/p>\n<p>[\/vc_column_text] [\/vc_column] [vc_column width = &#8220;1\/6&#8221;] [\/vc_column] [\/vc_row] [vc_row full_width = &#8220;stretch_row&#8221; css = &#8220;.vc_custom_1539804160222 {padding-top: 30px !important; padding-bottom: 60px !important; background-color:#1b7f47 !important; background-position: centro !important; background-repeat: no-repeat !important; background-size: cover !important;} &#8220;] [vc_column] [vc_custom_heading text = &#8220;altri luoghi da scoprire nei dintorni della Chiesa di Sant Mateu&#8221; font_container = &#8220;tag:H2|font_size: 40px|text_align: center|color:#FFFFFF|line_height: 48px&#8221; use_theme_fonts = &#8220;yes&#8221;] [\/vc_column] [\/vc_row] [vc_row] [vc_column width = &#8220;1\/3&#8221;] [vc_single_image image = &#8220;46778&#8221; img_size = &#8220;full&#8221; onclick = &#8220;custom_link&#8221; link = &#8220;https:\/guia-de-turismo-de-ibiza-cultural-y-natural\/guia-de-turismo-de-sant-antoni\/guia-de-turismo-de-san-mateo-o-sant-mateu-dalbarca\/&#8221;] [vc_column_text]<\/p>\n<h2 style=\"text-align: center;\">Sant Mateu a 987 metri<\/h2>\n<p style=\"text-align: center;\">Quando parliamo di Sant Mateu, non possiamo fare riferimento a un popolo, nemmeno a un villaggio.<\/p>\n<p>[\/vc_column_text] [\/vc_column] [vc_column width = &#8220;1\/3&#8221;] [vc_single_image image = &#8220;46592&#8221; img_size = &#8220;full&#8221; onclick = &#8220;custom_link&#8221; link = &#8220;https:\/guia-de-turismo-de-ibiza-cultural-y-natural\/guia-de-turismo-de-sant-antoni\/guia-de-turismo-de-santa-ines\/&#8221;] [vc_column_text]<\/p>\n<h2 style=\"text-align: center;\">Santa In\u00e9s 5 km<\/h2>\n<p style=\"text-align: center;\">Santa Agn\u00e9s de Corona \u00e8 un piccolo villaggio contadino situato nella parte occidentale dell&#8217;isola.<\/p>\n<p>[\/vc_column_text] [\/vc_column] [vc_column width = &#8220;1\/3&#8221;] [vc_single_image image = &#8220;46586&#8221; img_size = &#8220;full&#8221; onclick = &#8220;custom_link&#8221; link = &#8220;https:\/guia-de-turismo-de-ibiza-cultural-y-natural\/guia-turismo-santa-eulalia-ibiza\/guia-de-turismo-de-santa-gertrudis-de-fruitera\/&#8221;] [vc_column_text]<\/p>\n<h2 style=\"text-align: center;\">Santa Gertrudis 6 km<\/h2>\n<p style=\"text-align: center;\">Santa Gertrudis de Fruita \u00e8 un piccolo villaggio immerso nel cuore di Ibiza.<\/p>\n<p>[\/vc_column_text] [\/vc_column] [\/vc_row] [vc_row full_width = &#8220;stretch_row&#8221; css = &#8220;.vc_custom_1540877850287 {background-color:RGBA(255,153,0,0.6) !important; * background-color:RGB(255,153,0) !important;}&#8221;] [vc_column] [vc_custom_heading text = &#8220;spiagge vicino alla Chiesa di Sant Mateu&#8221; font_container = &#8220;tag:H2|text_align: center|color:#ffffff&#8221; use_theme_fonts = &#8220;yes&#8221; el_id = &#8220;spiagge della citt\u00e0 di Ibiza&#8221;] [vc_column_text]<\/p>\n<p style=\"text-align: center;\"><span style=\"color: #ffffff; font-size: 18px;\">Accanto alla Plaza de la Catedral, saremo in grado di godere della vista sulle <a style=\"color: #ffffff; font-size: 18px;\" href=\"https:\/playas-de-ibiza-ciudad-o-eivissa\/\">spiagge della citt\u00e0 di Ibiza<\/a>.<\/span><\/p>\n<p>[\/vc_column_text] [\/vc_column] [\/vc_row] [vc_row el_id = &#8220;Figueretas&#8221;] [vc_column width = &#8220;1\/3&#8221; El_class = &#8220;Filaplayas&#8221; el_id = &#8220;Playa d&#8217;en Bossa&#8221;] [vc_single_image image = &#8220;47338&#8221; img_size = &#8220;full&#8221;] [vc_column_text El_class = &#8220;.conelanteriorreducido&#8221;] <a href=\"https:\/cala-moltons\/\">Cala Moltens<\/a> [\/vc_column_text] [vc_column_text]<\/p>\n<p style=\"text-align: center;\">Cala Moltens \u00e8 una baia a nord dell&#8217;isola, nel comune di Sant Joan.<\/p>\n<p>[\/vc_column_text] [\/vc_column] [vc_column width = &#8220;1\/3&#8221; El_class = &#8220;Filaplayas&#8221; el_id = &#8220;Talamanca&#8221;] [vc_single_image image = &#8220;47588&#8221; img_size = &#8220;full&#8221;] [vc_column_text El_class = &#8220;.conelanteriorreducido&#8221;] <a href=\"https:\/puerto-de-san-miguel\/\">Puerto S. Miguel<\/a> [\/vc_column_text] [vc_column_text]<\/p>\n<p style=\"text-align: center;\">Il porto di San Miguel si trova nell&#8217;estremo nord dell&#8217;isola, nel comune di Sant Joan.<\/p>\n<p>[\/vc_column_text] [\/vc_column] [vc_column width = &#8220;1\/3&#8221; El_class = &#8220;Filaplayas&#8221;] [vc_single_image image = &#8220;47362&#8221; img_size = &#8220;full&#8221;] [vc_column_text El_class = &#8220;.conelanteriorreducido&#8221;] <a href=\"https:\/cala-salada\/\">Creek salato<\/a> [\/vc_column_text] [vc_column_text]<\/p>\n<p style=\"text-align: center;\">Ci sono posti su questa isola che non cessano di sorprendere anche quelli che hanno goduto di Ibiza per anni.<\/p>\n<p>[\/vc_column_text] [\/vc_column] [\/vc_row]<\/p>\n<\/div>","protected":false},"excerpt":{"rendered":"<p>[vc_row full_width = &#8220;stretch_row&#8221; parallax= &#8220;content-moving-fade&#8221; css = &#8220;.vc_custom_1545334782751 {padding-Top: 20px !important; padding-bottom: 60px !important; background-image: url(http:\/\/soloibiza.com\/wp-content\/uploads\/2018\/12\/Iglesia-de-San-Mateo.jpg?id=46778) !important;}&#8221;] [vc_column] [vc_custom_heading text = &#8220;Chiesa di San Matteo. La Chiesa come luogo di Unione &#8221; font_container =&#8221; Tag: H1|text_align: center|color:#ffffff&#8221; use_theme_fonts =&#8221;yes&#8221;] [vc_custom_heading text =&#8221; la Chiesa di San Mateo riunisce i parrocchiani di una regione famosa [&hellip;]<\/p>\n","protected":false},"author":1,"featured_media":0,"parent":53551,"menu_order":0,"comment_status":"closed","ping_status":"closed","template":"","meta":{"_acf_changed":false,"footnotes":""},"class_list":["post-53589","page","type-page","status-publish","hentry"],"acf":[],"_links":{"self":[{"href":"https:\/\/soloibiza.com\/it\/wp-json\/wp\/v2\/pages\/53589","targetHints":{"allow":["GET"]}}],"collection":[{"href":"https:\/\/soloibiza.com\/it\/wp-json\/wp\/v2\/pages"}],"about":[{"href":"https:\/\/soloibiza.com\/it\/wp-json\/wp\/v2\/types\/page"}],"author":[{"embeddable":true,"href":"https:\/\/soloibiza.com\/it\/wp-json\/wp\/v2\/users\/1"}],"replies":[{"embeddable":true,"href":"https:\/\/soloibiza.com\/it\/wp-json\/wp\/v2\/comments?post=53589"}],"version-history":[{"count":0,"href":"https:\/\/soloibiza.com\/it\/wp-json\/wp\/v2\/pages\/53589\/revisions"}],"up":[{"embeddable":true,"href":"https:\/\/soloibiza.com\/it\/wp-json\/wp\/v2\/pages\/53551"}],"wp:attachment":[{"href":"https:\/\/soloibiza.com\/it\/wp-json\/wp\/v2\/media?parent=53589"}],"curies":[{"name":"wp","href":"https:\/\/api.w.org\/{rel}","templated":true}]}}