{"id":50532,"date":"2019-03-06T14:32:24","date_gmt":"2019-03-06T13:32:24","guid":{"rendered":"https:\/?page_id=50532"},"modified":"2019-03-06T22:48:02","modified_gmt":"2019-03-06T21:48:02","slug":"spiaggia-di-cala-llenya","status":"publish","type":"page","link":"https:\/\/soloibiza.com\/it\/spiaggia-di-cala-llenya\/","title":{"rendered":"Spiaggia di Cala Llenya"},"content":{"rendered":"<div class=\"wpb-content-wrapper\"><p> [vc_row full_width = &#8220;stretch_row&#8221; parallax= &#8220;content-moving-fade&#8221; css = &#8220;.vc_custom_1545933517072 {padding-Top: 20px !important; padding-bottom: 60px !important; background-image: url(http:\/\/soloibiza.com\/wp-content\/uploads\/2018\/12\/Cala-Llenya.jpg?id=47314) !important;}&#8221;] [vc_column] [vc_custom_heading text = &#8220;spiaggia di Cala Llenya. Una spiaggia tra le rocce &#8221; font_container =&#8221;tag:h1|text_align:center|color:%23ffff&#8221; use_theme_fonts =&#8221;yes&#8221;] [vc_custom_heading text =&#8221;La spiaggia di Cala Llenya si trova tra Cala Nova e Cala Mastella, configurazione di una costa molto bella&#8221; font_container =&#8221;tag:p|font_size:24px|text_align:center|color:%23ffff&#8221; use_theme_fonts = &#8220;yes&#8221;] [\/vc_column] [\/vc_row] [vc_row] [vc_column width= &#8220;2\/3&#8221;] [vc_row_inner] [vc_column_inner] [\/vc_column_inner] [\/vc_row_inner] [vc_single_image image = &#8220;47314&#8221; img_size =&#8221;full&#8221;] [vc_column_text] appartenente al comune di <a href=\"https:\/guia-de-turismo-de-ibiza-cultural-y-natural\/guia-turismo-santa-eulalia-ibiza\/\"> <strong>Santa Eul\u00e0ria<\/strong> <\/a> pu\u00f2 trovare la <strong>Spiaggia di Cala Llenya<\/strong>, circa venticinque chilometri da <a href=\"https:\/\"> <strong>Ibiza<\/strong> <\/a>e circa dieci di <strong>Santa Eul\u00e0ria<\/strong>. Possiamo accedere in auto, bicicletta o si sposta in autobus regolare che va alla <strong>spiaggia<\/strong>. [\/vc_column_text] [\/vc_column] [vc_column width= &#8220;1\/3&#8243;] [vc_gmaps link=&#8221;#E-8_JTNDaWZyYW1lJTIwc3JjJTNEJTIyaHR0cHMlM0ElMkYlMkZ3d3cuZ29vZ2xlLmNvbSUyRm1hcHMlMkZlbWJlZCUzRnBiJTNEJTIxMW0xOCUyMTFtMTIlMjExbTMlMjExZDI0Nzk5LjQ2ODAxNzg3MjMlMjEyZDEuNTc0MTA0NjIxNTkyMTc2NiUyMTNkMzkuMDE2ODMwMzkyNDQwMDQlMjEybTMlMjExZjAlMjEyZjAlMjEzZjAlMjEzbTIlMjExaTEwMjQlMjEyaTc2OCUyMTRmMTMuMSUyMTNtMyUyMTFtMiUyMTFzMHgxMjk5MTVmNjA1ZjA0OWNiJTI1M0EweGRkYTFiNDY5NjkxMGYzYTglMjEyc0NhbGElMkJMbGVueWElMkJCZWFjaCUyMTVlMCUyMTNtMiUyMTFzZXMlMjEyc2VzJTIxNHYxNTQ1OTMzODIxMDg4JTIyJTIwd2lkdGglM0QlMjI2MDAlMjIlMjBoZWlnaHQlM0QlMjI0NTAlMjIlMjBmcmFtZWJvcmRlciUzRCUyMjAlMjIlMjBzdHlsZSUzRCUyMmJvcmRlciUzQTAlMjIlMjBhbGxvd2Z1bGxzY3JlZW4lM0UlM0MlMkZpZnJhbWUlM0U=&#8221;]  [vc_custom_heading text = &#8216;Extra servizi&#8217; font_container = &#8216;tag:h3|text_align:center|color:%23ffff&#8217; use_theme_fonts = &#8220;yes&#8221; css = &#8220;.vc_custom_1540662764537 {margin-bottom: 30px !important; background-color:#f3ad2a !important;} &#8220;] [vc_row_inner gap = &#8220;30&#8221;] [vc_column_inner width= &#8220;1\/3&#8221;] [vc_icon icon_hubbleicons = &#8220;icono-sun-bath&#8221; color=&#8221;custom&#8221; size = &#8220;xl&#8221; align = &#8220;center&#8221; icons_reach_icons = &#8220;icon-beach-1&#8221; custom_color = &#8220;#f1ae28&#8221;] [vc_column_text] <\/p>\n<p style=\"text-align: center;\"><span style=\"color:#f3ad2a;\"><strong >Ombrelloni<\/strong><\/span><\/p>\n<p> [\/vc_column_text] [\/vc_column_inner] [vc_column_inner width = &#8220;1\/3&#8221;] [vc_icon icon_hubbleicons = &#8220;icono-relax-5&#8221; color= &#8220;custom&#8221; size= &#8220;xl&#8221; align = &#8220;center&#8221; icons_reach_icons = &#8220;icon-beach-1&#8221; custom_color = &#8220;#f1ae28&#8221;] [vc_column_text] <\/p>\n<p style=\"text-align: center;\"><span style=\"color:#f3ad2a;\"><strong >Amache<\/strong><\/span><\/p>\n<p> [\/vc_column_text] [\/vc_column_inner] [vc_column_inner width = &#8220;1\/3&#8221;] [vc_icon icon_hubbleicons = &#8220;icono-swimming-pool-3&#8221; color= &#8220;custom&#8221; size= &#8220;xl&#8221; align = &#8220;center&#8221; icons_reach_icons = &#8220;icon-beach-1&#8221; custom_color = &#8220;#f1ae28&#8221;] [vc_column_text] <\/p>\n<p style=\"text-align: center;\"><span style=\"color:#f3ad2a;\"><strong >Area bagno<\/strong><\/span><\/p>\n<p> [\/vc_column_text] [\/vc_column_inner] [\/vc_row_inner] [vc_row_inner Gap = &#8220;30&#8221;] [vc_column_inner width = &#8220;1\/3&#8221;] [vc_icon icon_hubbleicons = &#8220;icono-terrace&#8221; color= &#8220;custom&#8221; size= &#8220;xl&#8221; align = &#8220;center&#8221; icons_reach_icons = &#8220;icon-beach-1&#8221; custom_color = &#8220;#f1ae28&#8221;] [vc_column_text] <\/p>\n<p style=\"text-align: center;\"><span style=\"color:#f3ad2a;\"><strong >Ristorante<\/strong><\/span><\/p>\n<p> [\/vc_column_text] [\/vc_column_inner] [vc_column_inner width = &#8220;1\/3&#8221;] [vc_icon icon_hubbleicons = &#8220;icono-kayak&#8221; color= &#8220;custom&#8221; size= &#8220;xl&#8221; align = &#8220;center&#8221; icons_reach_icons = &#8220;icon-beach-1&#8221; custom_color = &#8220;#f1ae28&#8221;] [vc_column_text] <\/p>\n<p style=\"text-align: center;\"><span style=\"color:#f3ad2a;\"><strong >Canoa<\/strong><\/span><\/p>\n<p> [\/vc_column_text] [\/vc_column_inner] [vc_column_inner width = &#8220;1\/3&#8221;] [\/vc_column_inner] [\/vc_row_inner] [\/vc_column] [\/vc_row] [vc_row] [vc_column] [vc_column_text] <\/p>\n<div class=\"entry clearfloat\">\n<h2 id=\"t2\" class=\"title\" >Troveremo a Cala Llenya<\/h2>\n<div class=\"entry clearfloat\"> Per fare questo dobbiamo prendere la strada che parte da San Carlos direzione nord e seguire i segni della strada. <strong>Cala Llenya \u00e8 formata da una insenatura di mare circondata da scogliere<\/strong>, dove si pu\u00f2 vedere una zona sabbiosa insieme alla foce di un torrente. La <strong>spiaggia <\/strong>\u00e8 di circa 200 metri di lunghezza di circa 60 metri di larghezza, con una composizione sabbiosa tranne le estremit\u00e0 della <strong>spiaggia di Cala Llenya<\/strong>, che iniziano ad essere rocciose. Lo sfondo ha la stessa configurazione, con un gap molto liscio che non raggiunge i due metri ad una distanza di 40 metri dalla riva. La presenza di aree rocciose d\u00e0 origine a un fondale molto colorato quando si tratta di immersioni subacquee. I venti a Cala Llenya, dato il carattere di Cala che la spiaggia presenta, di solito soffiano verso un terreno molto sciolto. Siate molto attenti se avete intenzione di fare una gita nei dintorni, perch\u00e9 la zona ha una grande foresta di pini e boschetti per la zona scogliere. <\/div><\/div>\n<p> [\/vc_column_text] [\/vc_column] [\/vc_row] [vc_row full_width = &#8220;stretch_row&#8221; css = &#8220;.vc_custom_1540634055579 {padding-top: 30px !important; padding-bottom: 60px !important; background-color:#f1ae28 !important; sfondo-posizione: centro !important; sfondo-ripetizione: no-repeat !important; background-size: copertina !important;} &#8220;] [vc_column] [vc_custom_heading text = &#8220;linee bus per Cala Llenya spiaggia&#8221; font_container = &#8220;tag:H2|font_size:40px|text_align:center|color:#FFFFFF|line_height:48px&#8221; use_theme_fonts = &#8220;yes&#8221;] [vc_custom_heading text = &#8220;\u00e8 importante controllare l&#8217;orario degli autobus, perch\u00e9 perdere l&#8217;ultimo pu\u00f2 essere un problema. Ti consigliamo di muoverti in un&#8217;auto a noleggio.&#8221; font_container =&#8221;tag:P|font_size:24px|text_align:center|color:#ffffff&#8221; use_theme_fonts =&#8221;yes&#8221; link =&#8221; URL: HTTPS% 3A% 2F% 2Falquilercochesibiza. soloibiza. com|||&#8221;] [\/vc_column] [\/vc_row] [vc_row] [vc_column] [vc_column_text] <\/p>\n<ul>\n<li >Bus Santa Eulalia San Carlos, <a href=\"https:\/autobuses-de-ibiza-lineas-y-horarios\/autobus-linea-16-santa-eulalia-san-carlos\/\">linea 16<\/a><\/li>\n<\/ul>\n<p> [\/vc_column_text] [\/vc_column] [\/vc_row] [vc_row full_width = &#8220;stretch_row&#8221; css = &#8220;.vc_custom_1540634055579 {padding-top: 30px !important; padding-bottom: 60px !important; background-color:#f1ae28 !important; sfondo-posizione: centro !important; sfondo-ripetizione: no-repeat !important; background-size: copertina !important;} &#8220;] [vc_column] [vc_custom_heading text = &#8220;altre spiagge vicino a Playa de Cala Llenya&#8221; font_container = &#8220;tag:H2|font_size: 40px|text_align: center|color:#FFFFFF|line_height: 48px&#8221; use_theme_fonts = &#8220;yes&#8221;] [\/vc_column] [\/vc_row] [vc_row] [vc_column width = &#8220;1\/3&#8221; El_class = &#8220;Filaplayas&#8221;] [vc_single_image image = &#8220;47344&#8221; img_size = &#8220;full&#8221;] [vc_column_text El_class = &#8220;.conelanteriorreducido&#8221;] <a href=\"https:\/cala-nova\/\">Cala Nova<\/a> [\/vc_column_text] [vc_column_text] <\/p>\n<h2 style=\"text-align: center;\" >Cala Nova a 886 metri<\/h2>\n<p style=\"text-align: center;\" >Appartenendo al comune di Santa Eularia possiamo trovare la spiaggia di Cala Nova, a circa ventitre chilometri da Ibiza e circa sette della parrocchia di Santa Eularia.<\/p>\n<p> [\/vc_column_text] [\/vc_column] [vc_column width = &#8220;1\/3&#8221; El_class = &#8220;Filaplayas&#8221;] [vc_single_image image = &#8220;47326&#8221; img_size = &#8220;full&#8221;] [vc_column_text El_class = &#8220;.conelanteriorreducido&#8221;] <a href=\"https:\/cala-mastella\/\">Cala Mastella<\/a> [\/vc_column_text] [vc_column_text] <\/p>\n<h2 style=\"text-align: center;\" >Cala Mastella a 1612 metri<\/h2>\n<p style=\"text-align: center;\" >Appartenendo al comune di Santa Eularia possiamo trovare la spiaggia di Cala Mastella a circa venti chilometri da Ibiza e circa undici chilometri dalla parrocchia di Santa Eularia De Riu.<\/p>\n<p> [\/vc_column_text] [\/vc_column] [vc_column width = &#8220;1\/3&#8221; El_class = &#8220;Filaplayas&#8221;] [vc_single_image image = &#8220;47416&#8221; img_size = &#8220;full&#8221;] [vc_column_text El_class = &#8220;.conelanteriorreducido&#8221;] <a href=\"https:\/es-canar\/\">Es Canar<\/a> [\/vc_column_text] [vc_column_text] <\/p>\n<h2 style=\"text-align: center;\" >\u00c8 Canar a 1739 metri<\/h2>\n<p style=\"text-align: center;\" >Es Canar Beach si trova a circa ventuno chilometri da Ibiza e circa sei da Santa Eularia.<\/p>\n<p> [\/vc_column_text] [\/vc_column] [\/vc_row] [vc_row full_width = &#8220;stretch_row&#8221; css = &#8220;.vc_custom_1539928959405 {padding-top: 20px !important; padding-bottom: 20px !important; background-color:#1b7f47 !important;}&#8221;] [vc_column] [vc_custom_heading text = &#8220;pi\u00f9 luoghi di interesse&#8221; font_container = &#8220;Tag: H2|text_align: center|color:#ffffff&#8221; use_theme_fonts = &#8220;yes&#8221;] [vc_custom_heading text = &#8220;Se hai un&#8217;auto a noleggio puoi visitare questi altri luoghi con un tag di interesse turistico&#8221; font_container = &#8220;: P|font_size: 24px|text_align: center|color:#ffffff&#8221; use_theme_fonts = &#8220;yes&#8221; link = &#8220;URL: HTTPS% 3A% 2F% 2Falquilercochesibiza. soloibiza. com|| |&#8221;] [\/vc_column] [\/vc_row] [vc_row] [vc_column width = &#8220;1\/3&#8221;] [vc_single_image image = &#8220;46700&#8221; img_size = &#8220;full&#8221; onclick = &#8220;custom_link&#8221; link = &#8220;https:\/guia-de-turismo-de-ibiza-cultural-y-natural\/guia-turismo-santa-eulalia-ibiza\/guia-de-turismo-de-san-carlos-o-sant-carles-de-peralta\/font-de-morna\/&#8221;] [vc_column_text] <\/p>\n<h2 style=\"text-align: center;\" >Font de Morna a 3 km da<\/h2>\n<p style=\"text-align: center;\" >Possiamo trovare il font di Morna nella banda omonima.<\/p>\n<p> [\/vc_column_text] [\/vc_column] [vc_column width = &#8220;1\/3&#8221;] [vc_single_image image = &#8220;46742&#8221; img_size = &#8220;full&#8221; onclick = &#8220;custom_link&#8221; link = &#8220;https:\/guia-de-turismo-de-ibiza-cultural-y-natural\/guia-turismo-santa-eulalia-ibiza\/guia-de-turismo-de-san-carlos-o-sant-carles-de-peralta\/iglesia-de-sant-carles\/&#8221;] [vc_column_text] <\/p>\n<h2 style=\"text-align: center;\" >A 3 km da Chiesa di Sant Carles<\/h2>\n<p style=\"text-align: center;\" >Situato nel centro urbano della citt\u00e0 di Sant Carles de Peralta, troviamo la Chiesa di Sant Carles.<\/p>\n<p> [\/vc_column_text] [\/vc_column] [vc_column width = &#8220;1\/3&#8221; El_class = &#8220;Filaplayas&#8221;] [vc_single_image image = &#8220;46616&#8221; img_size = &#8220;full&#8221; onclick = &#8220;custom_link&#8221; link = &#8220;https:\/guia-de-turismo-de-ibiza-cultural-y-natural\/guia-turismo-santa-eulalia-ibiza\/guia-de-turismo-de-san-carlos-o-sant-carles-de-peralta\/torre-den-valls\/&#8221;] [vc_column_text] <\/p>\n<h2 style=\"text-align: center;\" >Torre d&#8217;en Valls 4 km<\/h2>\n<p style=\"text-align: center;\" >Nella divisione territoriale di Sant Carles de Peralta troviamo Torre d&#8217;en Valls.<\/p>\n<p> [\/vc_column_text] [\/vc_column] [\/vc_row] [vc_row full_width = &#8220;stretch_row&#8221; css = &#8220;.vc_custom_1539928959405 {padding-top: 20px !important; padding-bottom: 20px !important; background-color:#1b7f47 !important;}&#8221;] [vc_column] [vc_custom_heading text = &#8220;localit\u00e0 nelle vicinanze di Playa de Cala Llenya&#8221; font_container = &#8220;tag:H2|text_align: center|color:#ffffff&#8221; use_theme_fonts = &#8220;yes&#8221;] [\/vc_column] [\/vc_row] [vc_row] [vc_column width = &#8220;1\/3&#8221;] [vc_single_image image = &#8220;46964&#8221; img_size = &#8220;full&#8221; onclick = &#8220;custom_link&#8221; link = &#8220;https:\/guia-de-turismo-de-ibiza-cultural-y-natural\/guia-turismo-santa-eulalia-ibiza\/guia-de-turismo-de-san-carlos-o-sant-carles-de-peralta\/&#8221; ] [vc_column_text] <\/p>\n<h2 style=\"text-align: center;\" >Sant Carles 3 km<\/h2>\n<p style=\"text-align: center;\" >Situato a circa sei chilometri dal nucleo di Santa Eularia \u00e8 la parrocchia di Sant Carles de Peralta, o San Carlos.<\/p>\n<p> [\/vc_column_text] [\/vc_column] [vc_column width = &#8220;1\/3&#8221;] [vc_single_image image = &#8220;47012&#8221; img_size = &#8220;full&#8221; onclick = &#8220;custom_link&#8221; link = &#8220;https:\/guia-de-turismo-de-ibiza-cultural-y-natural\/guia-turismo-sant-joan-ibiza\/guia-de-turismo-de-san-vicente-o-sant-vicent-de-sa-cala\/&#8221;] [vc_column_text] <\/p>\n<h2 style=\"text-align: center;\" >Sant Vicent 6 km<\/h2>\n<p style=\"text-align: center;\" >Situato a nord del nucleo urbano di Sant Carles e all&#8217;interno del comune di Sant Joan, troviamo Sant Vincent de sa Cala.<\/p>\n<p> [\/vc_column_text] [\/vc_column] [vc_column width = &#8220;1\/3&#8221;] [vc_single_image image = &#8220;46910&#8221; img_size = &#8220;full&#8221; onclick = &#8220;custom_link&#8221; link = &#8220;https:\/guia-de-turismo-de-ibiza-cultural-y-natural\/guia-turismo-santa-eulalia-ibiza\/&#8221;] [vc_column_text] <\/p>\n<h2 style=\"text-align: center;\" >Santa Eularia 7 km<\/h2>\n<p style=\"text-align: center;\" >La presenza umana in questo comune \u00e8 stata stabilita in epoca preistorica.<\/p>\n<p> [\/vc_column_text] [\/vc_column] [\/vc_row] <\/p>\n<\/div>","protected":false},"excerpt":{"rendered":"<p>[vc_row full_width = &#8220;stretch_row&#8221; parallax= &#8220;content-moving-fade&#8221; css = &#8220;.vc_custom_1545933517072 {padding-Top: 20px !important; padding-bottom: 60px !important; background-image: url(http:\/\/soloibiza.com\/wp-content\/uploads\/2018\/12\/Cala-Llenya.jpg?id=47314) !important;}&#8221;] [vc_column] [vc_custom_heading text = &#8220;spiaggia di Cala Llenya. Una spiaggia tra le rocce &#8221; font_container =&#8221;tag:h1|text_align:center|color:%23ffff&#8221; use_theme_fonts =&#8221;yes&#8221;] [vc_custom_heading text =&#8221;La spiaggia di Cala Llenya si trova tra Cala Nova e Cala Mastella, configurazione di una costa [&hellip;]<\/p>\n","protected":false},"author":1,"featured_media":0,"parent":0,"menu_order":0,"comment_status":"closed","ping_status":"closed","template":"","meta":{"_acf_changed":false,"footnotes":""},"class_list":["post-50532","page","type-page","status-publish","hentry"],"acf":[],"_links":{"self":[{"href":"https:\/\/soloibiza.com\/it\/wp-json\/wp\/v2\/pages\/50532","targetHints":{"allow":["GET"]}}],"collection":[{"href":"https:\/\/soloibiza.com\/it\/wp-json\/wp\/v2\/pages"}],"about":[{"href":"https:\/\/soloibiza.com\/it\/wp-json\/wp\/v2\/types\/page"}],"author":[{"embeddable":true,"href":"https:\/\/soloibiza.com\/it\/wp-json\/wp\/v2\/users\/1"}],"replies":[{"embeddable":true,"href":"https:\/\/soloibiza.com\/it\/wp-json\/wp\/v2\/comments?post=50532"}],"version-history":[{"count":0,"href":"https:\/\/soloibiza.com\/it\/wp-json\/wp\/v2\/pages\/50532\/revisions"}],"wp:attachment":[{"href":"https:\/\/soloibiza.com\/it\/wp-json\/wp\/v2\/media?parent=50532"}],"curies":[{"name":"wp","href":"https:\/\/api.w.org\/{rel}","templated":true}]}}