{"id":50526,"date":"2019-03-06T14:29:41","date_gmt":"2019-03-06T13:29:41","guid":{"rendered":"https:\/?page_id=50526"},"modified":"2019-03-06T22:36:59","modified_gmt":"2019-03-06T21:36:59","slug":"calo-de-salga-es-reco-de-salga","status":"publish","type":"page","link":"https:\/\/soloibiza.com\/it\/calo-de-salga-es-reco-de-salga\/","title":{"rendered":"Cal\u00f3 de s&#8217;Alga. Es Rec\u00f3 de s&#8217;Alga"},"content":{"rendered":"<div class=\"wpb-content-wrapper\"><p> [vc_row full_width = &#8220;stretch_row&#8221; parallax= &#8220;content-moving-fade&#8221; css = &#8220;.vc_custom_1545901029025 {padding-Top: 20px !important; padding-bottom: 60px !important; background-image: url(http:\/\/soloibiza.com\/wp-content\/uploads\/2018\/12\/Calo-de-s-alga.jpg?id=47602) !important;}&#8221;] [vc_column] [vc_custom_heading text = &#8220;Cal\u00f3 de s&#8217;Alga. Un difficile da trovare angolo ma bello e tranquillo.&#8221; font_container = &#8220;tag:h1|text_align:center|color:%23ffff&#8221; use_theme_fonts = &#8220;yes&#8221;] [vc_custom_heading text = &#8220;alghe Cal\u00f3 de s&#8217;\u00e8 una piccola spiaggia a Santa Eulalia, all&#8217;interno del relativo comune, ma che non c&#8217;\u00e8 che accede attraverso vicoli. &#8221; font_container =&#8221;tag:p|font_size:24px|text_align:center|color:%23ffff&#8221; use_theme_fonts =&#8221;yes&#8221;] [\/vc_column] [\/vc_row] [vc_row] [vc_column width=&#8221; 2\/3 &#8220;] [vc_row_inner] [vc_column_inner] [\/vc_column_inner] [\/vc_row_inner] [vc_single_image image = &#8220;47602&#8221; img_size = &#8220;full&#8221;] [vc_column_text] un curioso spiaggia che pu\u00f2 essere trovato <strong>nella tenuta di Siesta, Santa Eulalia del R\u00edo<\/strong>. Con l&#8217;accesso in auto difficile, dal labirinto di strade in direzione proibito, Cal\u00f3 de <strong>S&#8217;Alga<\/strong> si trova alla fine della tenuta. Non si tratta di una spiaggia molto conosciuta, per quello che non troverete molte persone. Osservanza delle presenti istruzioni. Accendere la strada da Santa Eulalia a NAP. Non lasciare la strada fino a trovare il secondo all&#8217;ultima traversa sulla sinistra, prima che la strada \u00e8 la pietra sulla destra. Gi\u00f9 verso la spiaggia, e, quando si passa una curva a sinistra, troverete un piccolo sentiero sulla destra con un ripido pendio. \u00c8 l&#8217;unico modo per arrivarci in auto. Se siete a piedi, si sconsiglia di che accedete con carrelli o persone con mobilit\u00e0 ridotta. [\/vc_column_text] [\/vc_column] [vc_column width= &#8220;1\/3&#8243;] [vc_gmaps link=&#8221;#E-8_JTNDaWZyYW1lJTIwc3JjJTNEJTIyaHR0cHMlM0ElMkYlMkZ3d3cuZ29vZ2xlLmNvbSUyRm1hcHMlMkZlbWJlZCUzRnBiJTNEJTIxMW0xOCUyMTFtMTIlMjExbTMlMjExZDEyNDA3LjA4NDI0MTg1OTQ3MyUyMTJkMS41MjI2NDYxNDQ0OTc3MjUzJTIxM2QzOC45NzQ4OTUzMDQ2NDU2NSUyMTJtMyUyMTFmMCUyMTJmMCUyMTNmMCUyMTNtMiUyMTFpMTAyNCUyMTJpNzY4JTIxNGYxMy4xJTIxM20zJTIxMW0yJTIxMXMweDEyOTk2YWIyNjNjYzZjNWYlMjUzQTB4Mzc5YjMyNzM2MGQ4NWZkNiUyMTJzQ2FsJTI1QzMlMjVCMyUyQmRlJTJCcyUyNiUyMzM5JTNCQWxnYSUyMTVlMCUyMTNtMiUyMTFzZXMlMjEyc2VzJTIxNHYxNTQ1OTAwNjk4NDc1JTIyJTIwd2lkdGglM0QlMjI2MDAlMjIlMjBoZWlnaHQlM0QlMjI0NTAlMjIlMjBmcmFtZWJvcmRlciUzRCUyMjAlMjIlMjBzdHlsZSUzRCUyMmJvcmRlciUzQTAlMjIlMjBhbGxvd2Z1bGxzY3JlZW4lM0UlM0MlMkZpZnJhbWUlM0U=&#8221;]  [vc_custom_heading text = &#8216;Extra servizi&#8217; font_container = &#8216;tag:h3|text_align:center|color:%23ffff&#8217; use_theme_fonts = &#8220;yes&#8221; css = &#8221; .vc_custom_1540662764537 {margin-bottom: 30px !important; background-color:#f3ad2a !important;} &#8220;]&#8221; [vc_row_inner gap = &#8220;30&#8221;] [vc_column_inner width= &#8220;1\/3&#8221;] [vc_icon icon_hubbleicons = &#8220;icono-sun-bath&#8221; color=&#8221;custom&#8221; size = &#8220;xl&#8221; align = &#8220;center&#8221; icons_reach_icons = &#8220;icon-beach-1&#8221; custom_color = &#8220;#f1ae28&#8221;] [vc_column_text] <\/p>\n<p style=\"text-align: center;\"><span style=\"color:#f3ad2a;\"><strong >Ombrelloni<\/strong><\/span><\/p>\n<p> [\/vc_column_text] [\/vc_column_inner] [vc_column_inner width = &#8220;1\/3&#8221;] [vc_icon icon_hubbleicons = &#8220;icono-relax-5&#8221; color= &#8220;custom&#8221; size= &#8220;xl&#8221; align = &#8220;center&#8221; icons_reach_icons = &#8220;icon-beach-1&#8221; custom_color = &#8220;#f1ae28&#8221;] [vc_column_text] <\/p>\n<p style=\"text-align: center;\"><span style=\"color:#f3ad2a;\"><strong >Amache<\/strong><\/span><\/p>\n<p> [\/vc_column_text] [\/vc_column_inner] [vc_column_inner width = &#8220;1\/3&#8221;] [vc_icon icon_hubbleicons = &#8220;icono-parking&#8221; color= &#8220;custom&#8221; size= &#8220;xl&#8221; align = &#8220;center&#8221; icons_reach_icons = &#8220;icon-beach-1&#8221; custom_color = &#8220;#f1ae28&#8221;] [vc_column_text] <\/p>\n<p style=\"text-align: center;\"><span style=\"color:#f3ad2a;\"><strong >Parcheggio<\/strong><\/span><\/p>\n<p> [\/vc_column_text] [\/vc_column_inner] [\/vc_row_inner] [vc_row_inner Gap = &#8220;30&#8221;] [vc_column_inner width = &#8220;1\/3&#8221;] [\/vc_column_inner] [vc_column_inner width = &#8220;1\/3&#8221;] [\/vc_column_inner] [vc_column_inner width = &#8220;1\/3&#8221;] [\/vc_column_inner] [\/vc_row_inner] [\/vc_column] [\/vc_row] [vc_row] [vc_column] [vc_column_text] <\/p>\n<div class=\"entry clearfloat\">\n<h2 id=\"t2\" class=\"title\" >Tra il urbano e il naturale<\/h2>\n<div class=\"entry clearfloat\"> La <strong>spiaggia di Cal\u00f3 de s&#8217;Alga<\/strong>, conosciuta anche come<strong> Rac\u00f3 de s&#8217;Alga<\/strong>, \u00e8 lunga circa un centinaio di metri per circa venti di larghezza. La traduzione letterale indica la baia, o angolo, delle alghe. E questi abbondano nel paesaggio sottomarino. Sul lato destro, troviamo un molo che segna la fine della zona balneare. Dopo di lui la costa si alza un po&#8217;, ma non troppo, dando origine a formazioni rocciose curiose. Questo, insieme al fondale marino, <strong>lo rendono molto favorevole alle immersioni in superficie<\/strong>. Il lato opposto della spiaggia \u00e8 finito in un modo un po&#8217; curioso. Il calcestruzzo ha creato un vero e proprio molo in cui imbarcarsi e anche per attraccare qualche piccola barca. Denaturare un po&#8217; di <strong>Cal\u00f3 de s&#8217;Alga<\/strong> ma pu\u00f2 essere molto utile per coloro che non amano la sabbia. <\/div><\/div>\n<p> [\/vc_column_text] [\/vc_column] [\/vc_row] [vc_row full_width = &#8220;stretch_row&#8221; css = &#8220;.vc_custom_1540634055579 {padding-top: 30px !important; padding-bottom: 60px !important; background-color:#f1ae28 !important; sfondo-posizione: centro !important; sfondo-ripetizione: no-repeat !important; background-size: copertina !important;} &#8220;] [vc_column] [vc_custom_heading text = &#8220;linee bus per Cal\u00f3 de s&#8217;Alga&#8221; font_container = &#8220;tag:H2|font_size: 40px|text_align: center|color:#FFFFFF|line_height: 48px&#8221; use_theme_fonts = &#8220;yes&#8221;] [\/vc_column] [\/vc_row] [vc_row] [vc_column] [vc_column_text] Non ci sono autobus che arrivano a Cal\u00f3 de S \u0301Alga quindi vi consigliamo di guidare a questa spiaggia. \u00c8 possibile trovare offerte nel nostro <a href=\"https:\/\/alquilercochesibiza.soloibiza.com\/\">motore di ricerca noleggio auto in Ibiza<\/a>[\/vc_column_text] [\/vc_column] [\/vc_row] [vc_row full_width = &#8220;STRETCH_ROW&#8221; css = &#8220;.vc_custom_1540634055579 {padding-top: 30px !important; padding-bottom: 60px !important background-color:#f1ae28 !important; sfondo-posizione: centro !important; sfondo-ripetizione: no-repeat !important; background-size: copertina !important;} &#8220;] [vc_column] [vc_custom_heading text = &#8220;altre spiagge vicino a Cal\u00f3 de s&#8217;Alga&#8221; font_container = &#8220;tag:H2|font_size: 40px|text_align: center|color:#FFFFFF|line_height: 48px&#8221; use_theme_fonts = &#8220;yes&#8221;] [\/vc_column] [\/vc_row] [vc_row] [vc_column width = &#8220;1\/3&#8221; El_class = &#8220;Filaplayas&#8221;] [vc_single_image image = &#8220;47700&#8221; img_size = &#8220;full&#8221;] [vc_column_text El_class = &#8220;.conelanteriorreducido&#8221;] <a href=\"https:\/rio-de-santa-eulalia\/\">Riomar<\/a> [\/vc_column_text] [vc_column_text] <\/p>\n<h2 style=\"text-align: center;\" >Santa Eularia o Riomar River Beach a 478 metri<\/h2>\n<p style=\"text-align: center;\" >Ci sono posti su questa isola che passano inosservati per il semplice fatto di essere una fonte al di l\u00e0.<\/p>\n<p> [\/vc_column_text] [\/vc_column] [vc_column width = &#8220;1\/3&#8221; El_class = &#8220;Filaplayas&#8221;] [vc_single_image image = &#8220;47500&#8221; img_size = &#8220;full&#8221;] [vc_column_text El_class = &#8220;.conelanteriorreducido&#8221;] <a href=\"https:\/playa-santa-eulalia\/\">P. Santa Eularia<\/a>[\/vc_column_text] [vc_column_text] <\/p>\n<h2 style=\"text-align: center;\" >Spiaggia di Santa Eularia a 1055 metri<\/h2>\n<p style=\"text-align: center;\" >Una delle principali attrazioni offerte da Santa Eulalia \u00e8, senza dubbio, la spiaggia urbana che corre parallela alla costa, tra il fiume Santa Eularia e il porto turistico.<\/p>\n<p> [\/vc_column_text] [\/vc_column] [vc_column width = &#8220;1\/3&#8221; El_class = &#8220;Filaplayas&#8221;] [vc_single_image image = &#8220;47320&#8221; img_size = &#8220;full&#8221;] [vc_column_text El_class = &#8220;.conelanteriorreducido&#8221;] <a href=\"https:\/cala-llonga\/\">Cala Llonga<\/a> [\/vc_column_text] [vc_column_text] <\/p>\n<h2 style=\"text-align: center;\" >Cala Llonga 3 km<\/h2>\n<p style=\"text-align: center;\" >La spiaggia di Cala Llonga si trova a circa dodici chilometri dalla citt\u00e0 di Ibiza e a circa sei chilometri da Santa Eulalia.<\/p>\n<p> [\/vc_column_text] [\/vc_column] [\/vc_row] [vc_row full_width = &#8220;stretch_row&#8221; css = &#8220;.vc_custom_1539928959405 {padding-top: 20px !important; padding-bottom: 20px !important; background-color:#1b7f47 !important;}&#8221;] [vc_column] [vc_custom_heading text = &#8220;pi\u00f9 luoghi di interesse&#8221; font_container = &#8220;Tag: H2|text_align: center|color:#ffffff&#8221; use_theme_fonts = &#8220;yes&#8221;] [vc_custom_heading text = &#8220;Se hai un&#8217;auto a noleggio puoi visitare questi altri luoghi con un tag di interesse turistico&#8221; font_container = &#8220;: P|font_size: 24px|text_align: center|color:#ffffff&#8221; use_theme_fonts = &#8220;yes&#8221; link = &#8220;URL: HTTPS% 3A% 2F% 2Falquilercochesibiza. soloibiza. com|| |&#8221;] [\/vc_column] [\/vc_row] [vc_row] [vc_column width = &#8220;1\/3&#8221;] [vc_single_image image = &#8220;46910&#8221; img_size = &#8220;full&#8221; onclick = &#8220;custom_link&#8221; link = &#8220;https:\/guia-de-turismo-de-ibiza-cultural-y-natural\/guia-turismo-santa-eulalia-ibiza\/pont-vell\/&#8221;] [vc_column_text] <\/p>\n<h2 style=\"text-align: center;\" >Pont Vell a 997 metri<\/h2>\n<p style=\"text-align: center;\" >Pont Vell si trova all&#8217;ingresso di Santa Eularia des Riu, accanto al nuovo ponte che d\u00e0 accesso alla citt\u00e0.<\/p>\n<p> [\/vc_column_text] [\/vc_column] [vc_column width = &#8220;1\/3&#8221;] [vc_single_image image = &#8220;46880&#8221; img_size = &#8220;full&#8221; onclick = &#8220;custom_link&#8221; link = &#8220;https:\/guia-de-turismo-de-ibiza-cultural-y-natural\/guia-turismo-santa-eulalia-ibiza\/museo-etnologico-can-ros\/&#8221;] [vc_column_text] <\/p>\n<h2 style=\"text-align: center;\" >Museo Etnologico a 1062 metri<\/h2>\n<p style=\"text-align: center;\" >All&#8217;interno del nucleo di Puig de Missa possiamo visitare il Museo Etnologico di Can Ros.<\/p>\n<p> [\/vc_column_text] [\/vc_column] [vc_column width = &#8220;1\/3&#8221; El_class = &#8220;Filaplayas&#8221;] [vc_single_image image = &#8220;46874&#8221; img_size = &#8220;full&#8221; onclick = &#8220;custom_link&#8221; link = &#8220;https:\/guia-de-turismo-de-ibiza-cultural-y-natural\/guia-turismo-santa-eulalia-ibiza\/museo-barrau\/&#8221;] [vc_column_text] <\/p>\n<h2 style=\"text-align: center;\" >Museo Barrau A 1084<\/h2>\n<p style=\"text-align: center;\" >Nel cuore di Puig de Missa, in un luogo privilegiato, di fronte alla porta della Chiesa, troverete la casa-museo dedicato al Laure\u00e0 Barrau i Bu\u00f1ol di Barcellona.<\/p>\n<p> [\/vc_column_text] [\/vc_column] [\/vc_row] [vc_row full_width = &#8220;stretch_row&#8221; css = &#8220;.vc_custom_1539928959405 {padding-top: 20px !important; padding-bottom: 20px !important; background-color:#1b7f47 !important;}&#8221;] [vc_column] [vc_custom_heading text = &#8220;luoghi e dintorni Cal\u00f3 de s&#8217;Alga&#8221; font_container = &#8220;tag:H2|text_align: center|color:#ffffff&#8221; use_theme_fonts = &#8220;yes&#8221;] [\/vc_column] [\/vc_row] [vc_row] [vc_column width = &#8220;1\/3&#8221;] [vc_single_image image = &#8220;46952&#8221; img_size = &#8220;full&#8221; onclick = &#8220;custom_link&#8221; link = &#8220;https:\/guia-de-turismo-de-ibiza-cultural-y-natural\/guia-turismo-santa-eulalia-ibiza\/&#8221;] [vc_column_text] <\/p>\n<h2 style=\"text-align: center;\" >Santa Eularia<\/h2>\n<p style=\"text-align: center;\" >La presenza umana in questo comune \u00e8 stata stabilita nell&#8217;era preistorica<\/p>\n<p> [\/vc_column_text] [\/vc_column] [vc_column width = &#8220;1\/3&#8221;] [vc_single_image image = &#8220;46964&#8221; img_size = &#8220;full&#8221; onclick = &#8220;custom_link&#8221; link = &#8220;https:\/guia-de-turismo-de-ibiza-cultural-y-natural\/guia-turismo-santa-eulalia-ibiza\/guia-de-turismo-de-san-carlos-o-sant-carles-de-peralta\/&#8221; ] [vc_column_text] <\/p>\n<h2 style=\"text-align: center;\" >Sant Carles 8 km<\/h2>\n<p style=\"text-align: center;\" >Situato a circa sei chilometri dal nucleo di Santa Eularia \u00e8 la parrocchia di Sant Carles de Peralta, o San Carlos.<\/p>\n<p> [\/vc_column_text] [\/vc_column] [vc_column width = &#8220;1\/3&#8221;] [vc_single_image image = &#8220;46988&#8221; img_size = &#8220;full&#8221; onclick = &#8220;custom_link&#8221; link = &#8220;https:\/guia-de-turismo-de-ibiza-cultural-y-natural\/guia-turismo-sant-joan-ibiza\/guia-de-turismo-de-san-lorenzo-o-sant-llorenc-de-balafia\/&#8221;] [vc_column_text] <\/p>\n<h2 style=\"text-align: center;\" >Sant LLoren\u00e7 9 km<\/h2>\n<p style=\"text-align: center;\" >Sant Lloren\u00e7 de Bal\u00e0fia, o San Lorenzo, \u00e8 una cittadina rurale, con praticamente nessun nucleo urbano, situato nel comune di Sant Joan.<\/p>\n<p> [\/vc_column_text] [\/vc_column] [\/vc_row] <\/p>\n<\/div>","protected":false},"excerpt":{"rendered":"<p>[vc_row full_width = &#8220;stretch_row&#8221; parallax= &#8220;content-moving-fade&#8221; css = &#8220;.vc_custom_1545901029025 {padding-Top: 20px !important; padding-bottom: 60px !important; background-image: url(http:\/\/soloibiza.com\/wp-content\/uploads\/2018\/12\/Calo-de-s-alga.jpg?id=47602) !important;}&#8221;] [vc_column] [vc_custom_heading text = &#8220;Cal\u00f3 de s&#8217;Alga. Un difficile da trovare angolo ma bello e tranquillo.&#8221; font_container = &#8220;tag:h1|text_align:center|color:%23ffff&#8221; use_theme_fonts = &#8220;yes&#8221;] [vc_custom_heading text = &#8220;alghe Cal\u00f3 de s&#8217;\u00e8 una piccola spiaggia a Santa Eulalia, all&#8217;interno del [&hellip;]<\/p>\n","protected":false},"author":1,"featured_media":0,"parent":0,"menu_order":0,"comment_status":"closed","ping_status":"closed","template":"","meta":{"_acf_changed":false,"footnotes":""},"class_list":["post-50526","page","type-page","status-publish","hentry"],"acf":[],"_links":{"self":[{"href":"https:\/\/soloibiza.com\/it\/wp-json\/wp\/v2\/pages\/50526","targetHints":{"allow":["GET"]}}],"collection":[{"href":"https:\/\/soloibiza.com\/it\/wp-json\/wp\/v2\/pages"}],"about":[{"href":"https:\/\/soloibiza.com\/it\/wp-json\/wp\/v2\/types\/page"}],"author":[{"embeddable":true,"href":"https:\/\/soloibiza.com\/it\/wp-json\/wp\/v2\/users\/1"}],"replies":[{"embeddable":true,"href":"https:\/\/soloibiza.com\/it\/wp-json\/wp\/v2\/comments?post=50526"}],"version-history":[{"count":0,"href":"https:\/\/soloibiza.com\/it\/wp-json\/wp\/v2\/pages\/50526\/revisions"}],"wp:attachment":[{"href":"https:\/\/soloibiza.com\/it\/wp-json\/wp\/v2\/media?parent=50526"}],"curies":[{"name":"wp","href":"https:\/\/api.w.org\/{rel}","templated":true}]}}