{"id":49938,"date":"2019-02-24T10:37:29","date_gmt":"2019-02-24T09:37:29","guid":{"rendered":"https:\/?page_id=49938"},"modified":"2019-02-24T10:37:29","modified_gmt":"2019-02-24T09:37:29","slug":"bus-linea-31-puo-bonet-ses-paises-san-antonio-puo-coix","status":"publish","type":"page","link":"https:\/\/soloibiza.com\/it\/autobus-linee-e-orari-di-ibiza\/bus-linea-31-puo-bonet-ses-paises-san-antonio-puo-coix\/","title":{"rendered":"Bus linea 3,1 pu\u00f2 Bonet ses paises San Antonio pu\u00f2 Coix"},"content":{"rendered":"<div class=\"wpb-content-wrapper\"><p> [vc_row full_width=&#8221;stretch_row&#8221; parallax=&#8221;content-moving-fade&#8221; css=&#8221;.vc_custom_1541744452372{padding-top: 20px !important;padding-bottom: 60px !important;background-image: url(http:\/\/soloibiza.com\/wp-content\/uploads\/2018\/11\/autobuses.jpg?id=46038) !important;background-position: center;background-repeat: no-repeat;background-size: cover !important;}&#8221;] [vc_column] [vc_custom_heading text = &#8220;linea bus 3,1 pu\u00f2 Bonet-ses paises-San Antonio-Can Coix&#8221; font_container = &#8220;tag: H1 | text_align: center | color:#ffffff&#8221; use_theme_fonts = &#8220;yes&#8221;] [\/vc_column] [\/vc_row] &#8220;[vc_row el_class = &#8220;autobus&#8221;] [vc_column width = &#8220;2\/3&#8221;] [vc_column_text] <\/p>\n<h2 >Tutto l&#8217;anno<\/h2>\n<p> [\/vc_column_text] [vc_row_inner css = &#8220;.vc_custom_1541747165242 {margin-bottom: 20px !important;}&#8221;] [vc_column_inner width=&#8221;1\/2&#8243; css=&#8221;.vc_custom_1541747132513{border-top-width: 1px !important;border-right-width: 1px !important;border-bottom-width: 1px !important;border-left-width: 1px !important;border-left-color:#666666 !important; border-left-style: solid !important; border-right-color:#666666 !important; border-right-style: solid !important; border-top-color:#666666 !important; border-top-style: solid !important; border-fondo-color:#666666 !important; border-bottom-style: solid !important;} &#8220;] [vc_column_text] <\/p>\n<h3 >Can Bonet-> Ses paises-> San Antonio-> Can Coix<\/h3>\n<h4 style=\"text-align: center;\" >Da luned\u00ec a venerd\u00ec<\/h4>\n<p style=\"text-align: center;\" >7:30 8:30 9:30 10:30 16:30 17:30 18:30<\/p>\n<p> [\/vc_column_text] [\/vc_column_inner] [vc_column_inner width=&#8221;1\/2&#8243; css=&#8221;.vc_custom_1541747140633{border-top-width: 1px !important;border-right-width: 1px !important;border-bottom-width: 1px !important;border-right-color:#666666 !important;border-right-style: solid !important; border-top-color:#666666 !important; border-top-style: solid !important; border-bottom-color:#666666 !important; border-bottom-style: solid !important;} &#8220;] [vc_column_text] <\/p>\n<h3 >Can Coix-> San Antonio-> Ses paises-> Can Bonet<\/h3>\n<h4 style=\"text-align: center;\" >Da luned\u00ec a venerd\u00ec<\/h4>\n<p style=\"text-align: center;\" >8:00 9:00 10:00 11:00 17:00 18:00 19:00<\/p>\n<p> [\/vc_column_text] [\/vc_column_inner] [\/vc_row_inner] [vc_row_inner] [vc_column_inner] [vc_column_text] <\/p>\n<h3 >Percorso della linea pu\u00f2 Bonet-ses paises-San Antonio-Can Coix<\/h3>\n<p> [\/vc_column_text] [\/vc_column_inner] [\/vc_row_inner] [vc_row_inner css=&#8221;.vc_custom_1541747312506{margin-bottom: 20px !important;border-top-width: 1px !important;border-right-width: 1px !important;border-bottom-width: 1px !important;border-left-width: 1px !important;border-left-color:#666666 ! importante; border-left-style: solid !important; border-right-color:#666666 !important; border-right-style: solid !important; border-top-color:#666666 !important; border-top-style: solid !important; border-fondo-color:#666666 !important; border-bottom-style: solid !important;} &#8220;] [vc_column_inner width = &#8220;1\/2&#8221;] [rt_list_style] <\/p>\n<ul>\n<li >Pu\u00f2 Bonet<\/li>\n<li >Barra dei registri<\/li>\n<li >Guasch pu\u00f2<\/li>\n<li >Rotunda (Londra C\/)<\/li>\n<li >I.E.S. quarto de Portmany<\/li>\n<li >Can Coix (piscina)<\/li>\n<\/ul>\n<p> [\/rt_list_style] [\/vc_column_inner] [vc_column_inner width = &#8220;1\/2&#8221; css = &#8220;.vc_custom_1541747270371 {border-left-width: 1px !important; border-left-color:#666666 !important; border-left-style: solid !important;}&#8221;] [rt_list_style] <\/p>\n<ul>\n<li >Can Coix (piscina)<\/li>\n<li >I.E.S. quarto de Portmany<\/li>\n<li >Rotunda (Londra C\/)<\/li>\n<li >Guasch pu\u00f2<\/li>\n<li >Barra dei registri<\/li>\n<li >Pu\u00f2 Bonet<\/li>\n<\/ul>\n<p> [\/rt_list_style] [\/vc_column_inner] [\/vc_row_inner] [vc_gmaps link=&#8221;#E-8_JTNDaWZyYW1lJTIwc3JjJTNEJTIyaHR0cHMlM0ElMkYlMkZ3d3cuZ29vZ2xlLmNvbSUyRm1hcHMlMkZlbWJlZCUzRnBiJTNEJTIxMW0xOCUyMTFtMTIlMjExbTMlMjExZDMxMDUuMjUzODc2MTUwNzE4NSUyMTJkMS4zNzI3NTI3MTU4NjIyODQlMjEzZDM4Ljg5NTMwOTM1NDY3MTMzJTIxMm0zJTIxMWYwJTIxMmYwJTIxM2YwJTIxM20yJTIxMWkxMDI0JTIxMmk3NjglMjE0ZjEzLjElMjEzbTMlMjExbTIlMjExczB4MTI5OTQ1ZmQ0MzdiNWQwMSUyNTNBMHhlZjlkYjA1NTk5YThjZTViJTIxMnNDYW4lMkJCb25ldCUyNTJDJTJCMDc4MTclMkJTYW4lMkJKb3MlMjVDMyUyNUE5JTI1MkMlMkJJc2xhcyUyQkJhbGVhcmVzJTIxNWUwJTIxM20yJTIxMXNlcyUyMTJzZXMlMjE0djE1NDE4Mjg3MjM3OTIlMjIlMjB3aWR0aCUzRCUyMjYwMCUyMiUyMGhlaWdodCUzRCUyMjQ1MCUyMiUyMGZyYW1lYm9yZGVyJTNEJTIyMCUyMiUyMHN0eWxlJTNEJTIyYm9yZGVyJTNBMCUyMiUyMGFsbG93ZnVsbHNjcmVlbiUzRSUzQyUyRmlmcmFtZSUzRQ==&#8221;] [vc_column_text] <\/p>\n<h2 >Altri autobus dall&#8217;isola di Ibiza<\/h2>\n<p> Se avete bisogno di viaggiare con le linee di autobus avrete bisogno di capire le varie opzioni a nostra disposizione. Se ci riuniamo per luoghi turistici i collegamenti che troveremo nel nucleo di linee di autobus di base di Eivissa come <a href=\"https:\/autobuses-de-ibiza-lineas-y-horarios\/autobus-ibiza-hospital-can-misses-linea-h\/\">linea H Ibiza Can Misses<\/a>, <a href=\"https:\/autobuses-de-ibiza-lineas-y-horarios\/autobuses-linea-l10-ibiza-aeropuerto\/\">linea L10 Eivissa Ibiza Aeroporto<\/a> o <a href=\"https:\/autobuses-de-ibiza-lineas-y-horarios\/autobus-linea-12a-ibiza-hospital-can-misses-puig-den-valls-jesus-talamanca-marina-botafoch-puerto\/\">linea L12A Eivissa-> ospedale Can Misses Puig d&#8217;en Valls Jesus Talamanca Marina Botafoch Ibiza Porto &#8211; > Ibiza citt\u00e0<\/a>. Se volete raggiungere le altre zone, da Ibiza citt\u00e0 dovr\u00e0 farlo in connessioni <a href=\"https:\/autobuses-de-ibiza-lineas-y-horarios\/autobus-linea-3-san-antonio-san-rafael-ibiza\/\">linea L3 Sant Antoni Sant Rafel Ibiza citt\u00e0<\/a> o <a href=\"https:\/autobuses-de-ibiza-lineas-y-horarios\/autobuses-linea-8-sant-antoni-sant-josep-ibiza\/\">L8 San Antonio &#8211; > San Jos\u00e9 &#8211; > Ibiza citt\u00e0<\/a> a ovest. Se stiamo andando a sud \u00e8 disponibile <a href=\"https:\/autobuses-de-ibiza-lineas-y-horarios\/autobus-linea-l25-ibiza-santa-gertrudis-san-miguel\/\">L25 Ibiza Santa Gertrudis de Fruitera &#8211; > San Miguel<\/a> per coloro che preferiscono visitare qualsiasi Cove da Eivissa pu\u00f2 andare a <a href=\"https:\/autobuses-de-ibiza-lineas-y-horarios\/autobus-linea-l12b-ibiza-puerto-marina-botafoch-puerto-ferrys-talamanca-cap-martinet-jesus\/\">L12B Eivissa &#8211; > Porto di Ibiza &#8211; > Marina Botafoch &#8211; > Talamanca &#8211; > Cap Martinet Ges\u00f9<\/a>, <a href=\"https:\/autobuses-de-ibiza-lineas-y-horarios\/autobus-l13-ibiza-santa-eulalia\/\">linea L13 Ibiza citt\u00e0 &#8211; > Santa Eul\u00e0ria <\/a>, <a href=\"https:\/autobuses-de-ibiza-lineas-y-horarios\/autobus-linea-33-san-mateo-ibiza\/\">San Mateo L33 &#8211; > Ibiza<\/a> o <a href=\"https:\/autobuses-de-ibiza-lineas-y-horarios\/autobus-linea-l35-ibiza-can-misses-sa-carroca-san-jorge\/\">L35 Ibiza citt\u00e0 &#8211; > ospedale pu\u00f2 non trova Sa Carroca Sant Jordi<\/a>. Gli autobus diretti per spiagge dalla citt\u00e0 sono <a href=\"https:\/autobuses-de-ibiza-lineas-y-horarios\/autobuses-linea-l11-ibiza-sant-jordi-ses-salines\/\">Ibiza L11 &#8211; > Sant Jordi &#8211; > Ses Salines<\/a> e <a href=\"https:\/autobuses-de-ibiza-lineas-y-horarios\/autobuses-linea-l11b-ibiza-playa-den-bossa-ses-salines\/\">L11B Ibiza citt\u00e0 D&#8217; Bossa &#8211; > Las Salinas<\/a> o <a href=\"https:\/autobuses-de-ibiza-lineas-y-horarios\/bus-l14-eivissa-platja-den-bossa\/\">L14 Ibiza citt\u00e0 D&#8217; Bossa<\/a>. Uscita nord dalle spiagge di Ibiza sono <a href=\"https:\/autobuses-de-ibiza-lineas-y-horarios\/autobus-linea-l15-ibiza-jesus-cala-llonga\/\">L15 Jesus Ibiza &#8211; > Cala Llonga <\/a>, <a href=\"https:\/autobuses-de-ibiza-lineas-y-horarios\/autobus-linea-20a-ibiza-san-lorenzo-san-juan-portinatx\/\">L20A Ibiza San Lorenzo Sant Joan &#8211; > Portinatx<\/a>, <a href=\"https:\/autobuses-de-ibiza-lineas-y-horarios\/autobus-linea-l23-ibiza-benirras\/\">linea L23 Ibiza citt\u00e0 Benirras <\/a>e <a href=\"https:\/autobuses-de-ibiza-lineas-y-horarios\/autobus-linea-l25a-ibiza-puerto-de-san-miguel\/\" >L25A Eivissa &#8211; > port de Sant Miquel <\/a>Nella citt\u00e0 sono percorsi che attraversano il centro <a href=\"https:\/autobuses-de-ibiza-lineas-y-horarios\/autobus-linea-l45-vara-de-rey-dalt-vila-can-misses-casas-baratas-cas-serres\/\">linea L45 Vara de Rey Dalt Vila Ospedale Can Misses &#8211; > casi Barates Cas Serres<\/a> e <a href=\"https:\/autobuses-de-ibiza-lineas-y-horarios\/autobus-linea-l50-parking-es-dominguet-parking-es-gorg-puerto-de-ibiza-bartolome-rosello-es-raspallar-puig-den-valls-solivera\/\">L50 parcheggio \u00e8 Dominguets &#8211; > parcheggio \u00e8 Gorg &#8211; > Porto di Ibiza citt\u00e0 &#8211; > Bartolome ROSSELLO \u00e8 Raspallar Puig D&#8217; in Valls S\u00b4Olivera<\/a> <\/p>\n<h3 >Le linee di Sant Antoni<\/h3>\n<p> Le opzioni che partono da San Antonio saranno prodotte con priorit\u00e0 verso Ibiza City e la <a href=\"https:\/autobuses-de-ibiza-lineas-y-horarios\/autobuses-linea-9-san-antonio-san-jose-aeropuerto\/\">linea L9 San Antonio Sant Josep Airport<\/a>. Ad altre popolazioni avremo <a href=\"https:\/autobuses-de-ibiza-lineas-y-horarios\/autobus-linea-19-santa-eulalia-san-antonio\/\">L19 Santa Eularia des Riu-> San Antonio<\/a>, <a href=\"https:\/autobuses-de-ibiza-lineas-y-horarios\/autobus-linea-l30-san-antonio-santa-ines-ibiza\/\">L30 Sant Antoni-> Santa Agn\u00e9s Ibiza<\/a> e la <a href=\"https:\/autobuses-de-ibiza-lineas-y-horarios\/autobuses-linea-3-1-can-bonet-ses-paises-san-antonio-can-coix\/\">linea L 3,1 Can Bonet ses Pa\u00efses-> Sant Antoni Can Coix<\/a>. Per esplorare le baie vicine saremo in grado di utilizzare <a href=\"https:\/autobuses-de-ibiza-lineas-y-horarios\/autobus-linea-1-san-antonio-cala-gracio-stella-maris\/\">San Antonio-> Cala Graci\u00f3 Hotel Stella Maris<\/a>, <a href=\"https:\/autobuses-de-ibiza-lineas-y-horarios\/autobus-linea-2-san-antonio-port-des-torrent\/\">L2 linea Sant Antoni-> Port des Torrent (Hotel Occidental Ibiza)<\/a> e <a href=\"https:\/autobuses-de-ibiza-lineas-y-horarios\/autobus-linea-l34-san-antonio-cala-salada\/\">L34 San Antonio-> Cala Salada<\/a>. Se abbiamo optato per le insenature di altre destinazioni saremo in grado di utilizzare gli autobus per la <a href=\"https:\/autobuses-de-ibiza-lineas-y-horarios\/autobuses-linea-l4-san-antonio-cala-de-comte\/\">linea L4 Sant Antoni Cala de Comte <\/a>, <a href=\"https:\/autobuses-de-ibiza-lineas-y-horarios\/autobuses-linea-5-sant-antoni-cala-tarida\/\">L5 Sant Antoni Cala Tarida<\/a> o <a href=\"https:\/autobuses-de-ibiza-lineas-y-horarios\/autobuses-linea-7-san-antonio-cala-bassa\/\">linea L7 San Antonio-> Cala Bassa<\/a>. A nord abbiamo una <a href=\"https:\/autobuses-de-ibiza-lineas-y-horarios\/autobus-linea-22-san-antonio-puerto-de-san-miguel\/\">linea L22 San Antonio-> Porto di Sant Miquel <\/a>e <a href=\"https:\/autobuses-de-ibiza-lineas-y-horarios\/autobus-linea-l23a-san-antonio-playa-de-benirras\/\">L23A linea Sant Antoni Benirras Beach<\/a>. <\/p>\n<h3 >Le rotte di Santa Eulalia<\/h3>\n<p> A Santa Eulalia del R\u00edo avremo linee in direzione di alcuni posti come <a href=\"https:\/autobuses-de-ibiza-lineas-y-horarios\/autobus-linea-16-santa-eulalia-san-carlos\/\">L16 Santa Eularia des Riu-> Sant Carles de Peralta <\/a>, <a href=\"https:\/autobuses-de-ibiza-lineas-y-horarios\/autobus-l17-santa-eulalia-urbanizacion-siesta\/\">linea L17 santa Eulalia-> urbanizzazione Siesta <\/a>e <a href=\"https:\/autobuses-de-ibiza-lineas-y-horarios\/autobus-linea-l24-cala-nova-es-canar-santa-eulalia-aeropuerto\/\">L24 Cala Nova Es Canar-> Santa Eularia des Riu Aeroporto di Ibiza<\/a>. Per Las Calas, <a href=\"https:\/autobuses-de-ibiza-lineas-y-horarios\/autobus-linea-16a-santa-eulalia-san-carlos-cala-llenya\/\">L16A Santa Eularia-> Sant Carles-> Cala Llenya<\/a>, <a href=\"https:\/autobuses-de-ibiza-lineas-y-horarios\/autobus-linea-16c-santa-eulalia-las-dalias-san-carlos-es-figueral-cala-san-vicente\/\">linea L16C Santa Eulalia del R\u00edo Las dalias-> Sant Carles-> Es Figueral Cala San Vicente<\/a> e <a href=\"https:\/autobuses-de-ibiza-lineas-y-horarios\/autobus-linea-23b-santa-eulalia-playa-de-benirras\/\">L23B santa eularia des Riu-> spiaggia di Benirras <\/a>in direzione Sant Joan de Labritja. Inoltre, i viaggi verso <a href=\"https:\/autobuses-de-ibiza-lineas-y-horarios\/autobus-linea-18b-santa-eulalia-sargamassa-cala-martina-es-canar-cala-nova\/\">L18B Santa Eularia s&#8217;Argamassa-> Cana Martina es Canar-> Cala Nova <\/a>, <a href=\"https:\/autobuses-de-ibiza-lineas-y-horarios\/autobus-linea-18a-santa-eulalia-es-canar\/\">L18A Santa Eulalia del R\u00edo-> Es Canar <\/a>, <a href=\"https:\/autobuses-de-ibiza-lineas-y-horarios\/autobus-linea-l21-santa-eulalia-san-juan-portinatx\/\">L21 santa Eulalia del R\u00edo-> Sant Joan de Labritja-> Portinatx<\/a> e <a href=\"https:\/autobuses-de-ibiza-lineas-y-horarios\/autobus-linea-l41-santa-eulalia-cala-llonga\/\">L41 Santa Eularia des Riu Cala Llonga<\/a>. <\/p>\n<h3 >Altre linee sull&#8217;isola di Ibiza<\/h3>\n<p> Diverse linee uniscono siti frequentati come <a href=\"https:\/autobuses-de-ibiza-lineas-y-horarios\/autobus-linea-l36-aeropuerto-playa-den-bossa\/\">L36 aeroporto-> Beach d&#8217;en Bossa<\/a>, <a href=\"https:\/autobuses-de-ibiza-lineas-y-horarios\/autobus-linea-37-puerto-de-san-miguel-es-canar\/\">linea L37 Porto di San Miguel Es Canar <\/a>o <a href=\"https:\/autobuses-de-ibiza-lineas-y-horarios\/autobus-linea-l26-san-jose-cala-vadella\/\">L26 San Jose Cala Vedella<\/a>. Altri collegano comuni con aree della costa come <a href=\"https:\/autobuses-de-ibiza-lineas-y-horarios\/autobus-linea-l20b-san-juan-cala-san-vicente\/\">L20B linea Sant Joan Cala de San Vicente <\/a>, <a href=\"https:\/autobuses-de-ibiza-lineas-y-horarios\/autobus-linea-l23c-portinatx-san-juan-playa-de-benirras\/\">linea L23C Portinatx sant Joan-> Playa de Benirr\u00e1s <\/a>, <a href=\"https:\/autobuses-de-ibiza-lineas-y-horarios\/autobus-linea-l23p-benirras-playa-de-benirras\/\">L23P Benirr\u00e1s (parcheggio) Playa Benirr\u00e1s <\/a>o <a href=\"https:\/autobuses-de-ibiza-lineas-y-horarios\/autobus-linea-l42-es-cubells-san-jose\/\">L42 es Cubells-> Sant Josep<\/a>. <\/p>\n<h3 >Autobus notturni: Discobus<\/h3>\n<p> Durante la stagione della discoteca sarete in grado di utilizzare alcune linee peculiari che attraversalranno le citt\u00e0 pi\u00f9 vivaci. Queste linee sono <a href=\"https:\/autobuses-de-ibiza-lineas-y-horarios\/autobus-linea-l3-disco-bus-san-antonio-privilege-amnesia-pacha-puerto-de-ibiza\/\">L3 Discobus San Antonio-> Privilege-> amnesia-> Pacha Port di Ibiza<\/a>, <a href=\"https:\/autobuses-de-ibiza-lineas-y-horarios\/autobus-linea-l3b-disco-bus-san-antonio-playa-den-bossa-ushuaia\/\">L3B disco bus Sant Antoni-> Playa d&#8217;en Bossa (Ushuaia h\u00ef)<\/a>, <a href=\"https:\/autobuses-de-ibiza-lineas-y-horarios\/autobus-linea-l13-18-discobus-puerto-de-ibiza-santa-eulalia-es-canar\/\">linea L13-> 18 Porto Discobus di Ibiza-> Santa Eularia des Riu-> \u00e8 Canar <\/a>e <a href=\"https:\/autobuses-de-ibiza-lineas-y-horarios\/autobus-linea-l14-discobus-pacha-puerto-de-ibiza-playa-den-bossa-ushuaia\/\">L14 linea disco bus Pacha-> Porto di Ibiza-> Playa d&#8217;en Bossa Ushuaia-> h\u00ef<\/a>[\/vc_column_text] [\/vc_column] [vc_column width = &#8220;1\/3&#8221;] [vc_single_image immagine = &#8220;46038&#8221; img_size = &#8220;full&#8221;] [vc_column_text] <\/p>\n<h2 >Il concessionario Empresa Ibiza pu\u00f2 Bonet-Can Coix<\/h2>\n<p> Autobus Voramar El Gaucho S.L. <a href=\"tel:971340382\">971 34 03 82<\/a> [\/vc_column_text] [vc_column_text] gli orari stabiliti per la <strong>linea L 3,1 possono essere Bonet-ses paises-San Antonio-Can Coix<\/strong> per scopi informativi. <a href=\"https:\/\">solo Ibiza<\/a> non \u00e8 responsabile per eventuali danni o lesioni causate dalla linea o le informazioni visualizzate qui. [\/vc_column_text] [\/vc_column] [\/vc_row] [vc_row full_width = &#8220;stretch_row&#8221; css = &#8220;.vc_custom_1541747335413 {background-color:#0000ff !important;}&#8221;] [vc_column] [vc_column_text css_animation = &#8220;FadeIn&#8221; El_class = &#8220;. Size24&#8221;] <\/p>\n<p class=\"size24\" style=\"text-align: center;\"><span style=\"color:#ffffff;\">la sezione bus pu\u00f2 Coix pu\u00f2 Bonet \u00e8 sponsorizzato da<\/span> <a href=\"https:\/\/disenowebibiza.soloibiza.com\/\"> <span style=\"color:#ffffff;\">Programmazione e Web design Ibiza<\/span> <\/a><\/p>\n<p> [\/vc_column_text] [\/vc_column] [\/vc_row] <\/p>\n<\/div>","protected":false},"excerpt":{"rendered":"<p>[vc_row full_width=&#8221;stretch_row&#8221; parallax=&#8221;content-moving-fade&#8221; css=&#8221;.vc_custom_1541744452372{padding-top: 20px !important;padding-bottom: 60px !important;background-image: url(http:\/\/soloibiza.com\/wp-content\/uploads\/2018\/11\/autobuses.jpg?id=46038) !important;background-position: center;background-repeat: no-repeat;background-size: cover !important;}&#8221;] [vc_column] [vc_custom_heading text = &#8220;linea bus 3,1 pu\u00f2 Bonet-ses paises-San Antonio-Can Coix&#8221; font_container = &#8220;tag: H1 | text_align: center | color:#ffffff&#8221; use_theme_fonts = &#8220;yes&#8221;] [\/vc_column] [\/vc_row] &#8220;[vc_row el_class = &#8220;autobus&#8221;] [vc_column width = &#8220;2\/3&#8221;] [vc_column_text] Tutto l&#8217;anno [\/vc_column_text] [vc_row_inner css = [&hellip;]<\/p>\n","protected":false},"author":1,"featured_media":0,"parent":49309,"menu_order":0,"comment_status":"closed","ping_status":"closed","template":"","meta":{"_acf_changed":false,"footnotes":""},"class_list":["post-49938","page","type-page","status-publish","hentry"],"acf":[],"_links":{"self":[{"href":"https:\/\/soloibiza.com\/it\/wp-json\/wp\/v2\/pages\/49938","targetHints":{"allow":["GET"]}}],"collection":[{"href":"https:\/\/soloibiza.com\/it\/wp-json\/wp\/v2\/pages"}],"about":[{"href":"https:\/\/soloibiza.com\/it\/wp-json\/wp\/v2\/types\/page"}],"author":[{"embeddable":true,"href":"https:\/\/soloibiza.com\/it\/wp-json\/wp\/v2\/users\/1"}],"replies":[{"embeddable":true,"href":"https:\/\/soloibiza.com\/it\/wp-json\/wp\/v2\/comments?post=49938"}],"version-history":[{"count":0,"href":"https:\/\/soloibiza.com\/it\/wp-json\/wp\/v2\/pages\/49938\/revisions"}],"up":[{"embeddable":true,"href":"https:\/\/soloibiza.com\/it\/wp-json\/wp\/v2\/pages\/49309"}],"wp:attachment":[{"href":"https:\/\/soloibiza.com\/it\/wp-json\/wp\/v2\/media?parent=49938"}],"curies":[{"name":"wp","href":"https:\/\/api.w.org\/{rel}","templated":true}]}}