{"id":49930,"date":"2019-02-24T10:33:41","date_gmt":"2019-02-24T09:33:41","guid":{"rendered":"https:\/?page_id=49930"},"modified":"2019-02-24T10:33:41","modified_gmt":"2019-02-24T09:33:41","slug":"linea-bus-l41-santa-eulalia-cala-llonga","status":"publish","type":"page","link":"https:\/\/soloibiza.com\/it\/autobus-linee-e-orari-di-ibiza\/linea-bus-l41-santa-eulalia-cala-llonga\/","title":{"rendered":"Linea bus L41 Santa Eulalia Cala Llonga"},"content":{"rendered":"<div class=\"wpb-content-wrapper\"><p> [vc_row full_width=&#8221;stretch_row&#8221; parallax=&#8221;content-moving-fade&#8221; css=&#8221;.vc_custom_1541744452372{padding-top: 20px !important;padding-bottom: 60px !important;background-image: url(http:\/\/soloibiza.com\/wp-content\/uploads\/2018\/11\/autobuses.jpg?id=46038) !important;background-position: center;background-repeat: no-repeat;background-size: cover !important;}&#8221;] [vc_column] [vc_custom_heading text = &#8220;bus Santa Eulalia Cala Llonga, linea 41&#8221; font_container = &#8220;tag: H1 | text_align: center | color:#ffffff&#8221; use_theme_fonts = &#8220;yes&#8221;] [\/vc_column] [\/vc_row] &#8220;[vc_row el_class = &#8220;autobus&#8221;] [vc_column width = &#8220;2\/3&#8221;] [vc_column_text] <\/p>\n<h2 >Periodo invernale (dal 1 \u00b0 novembre al 30 aprile)<\/h2>\n<p> [\/vc_column_text] [vc_row_inner css = &#8220;.vc_custom_1541746836497 {margin-bottom: 20px !important;}&#8221;] [vc_column_inner width=&#8221;1\/2&#8243; css=&#8221;.vc_custom_1541746655506{border-top-width: 1px !important;border-right-width: 1px !important;border-bottom-width: 1px !important;border-left-width: 1px !important;border-left-color:#666666 !important; border-left-style: solid !important; border-right-color:#666666 !important; border-right-style: solid !important; border-top-color:#666666 !important; border-top-style: solid !important; border-fondo-color:#666666 !important; border-bottom-style: solid !important;} &#8220;] [vc_column_text] <\/p>\n<h3 >Santa Eulalia-> Cala Llonga<\/h3>\n<h4 style=\"text-align: center;\" >Da luned\u00ec a venerd\u00ec<\/h4>\n<p style=\"text-align: center;\" >9:00 12:45<\/p>\n<p> [\/vc_column_text] [\/vc_column_inner] [vc_column_inner width=&#8221;1\/2&#8243; css=&#8221;.vc_custom_1541747027401{border-top-width: 1px !important;border-right-width: 1px !important;border-bottom-width: 1px !important;border-right-color:#666666 !important;border-right-style: solid !important; border-top-color:#666666 !important; border-top-style: solid !important; border-bottom-color:#666666 !important; border-bottom-style: solid !important;} &#8220;] [vc_column_text] <\/p>\n<h3 >Cala Llonga-> Santa Eulalia<\/h3>\n<h4 style=\"text-align: center;\" >Da luned\u00ec a venerd\u00ec<\/h4>\n<p style=\"text-align: center;\" >8:00 12:30<\/p>\n<p> [\/vc_column_text] [\/vc_column_inner] [\/vc_row_inner] [vc_column_text] <\/p>\n<h2 >Ora legale (1 luglio-2 settembre)<\/h2>\n<p> [\/vc_column_text] [vc_row_inner css = &#8220;.vc_custom_1541747165242 {margin-bottom: 20px !important;}&#8221;] [vc_column_inner width=&#8221;1\/2&#8243; css=&#8221;.vc_custom_1541747132513{border-top-width: 1px !important;border-right-width: 1px !important;border-bottom-width: 1px !important;border-left-width: 1px !important;border-left-color:#666666 !important; border-left-style: solid !important; border-right-color:#666666 !important; border-right-style: solid !important; border-top-color:#666666 !important; border-top-style: solid !important; border-fondo-color:#666666 !important; border-bottom-style: solid !important;} &#8220;] [vc_column_text] <\/p>\n<h3 >Santa Eulalia-> Cala Llonga<\/h3>\n<h4 style=\"text-align: center;\" >Tutti i giorni dal luned\u00ec al sabato dal 1 luglio al 2 settembre<\/h4>\n<p style=\"text-align: center;\" >09:00 10:00 11:00 12:00 13:00 16:00 17:00 18:00 19:00 20:00 20:30<\/p>\n<h4 style=\"text-align: center;\" >Ogni domenica dal 1 luglio al 2 settembre<\/h4>\n<p style=\"text-align: center;\" >9:00 11:00 13:00 15:45 17:30 20:15<\/p>\n<h4 style=\"text-align: center;\" >Tutti i giorni dal 1 maggio al 30 giugno e dal 3 settembre al 31 ottobre<\/h4>\n<p style=\"text-align: center;\" >9:00 11:00 13:00 15:45 17:30 20:15<\/p>\n<p> [\/vc_column_text] [\/vc_column_inner] [vc_column_inner width=&#8221;1\/2&#8243; css=&#8221;.vc_custom_1541747140633{border-top-width: 1px !important;border-right-width: 1px !important;border-bottom-width: 1px !important;border-right-color:#666666 !important;border-right-style: solid !important; border-top-color:#666666 !important; border-top-style: solid !important; border-bottom-color:#666666 !important; border-bottom-style: solid !important;} &#8220;] [vc_column_text] <\/p>\n<h3 >Cala Llonga-> Santa Eulalia<\/h3>\n<h4 style=\"text-align: center;\" >Tutti i giorni dal luned\u00ec al sabato dal 1 luglio al 2 settembre<\/h4>\n<p style=\"text-align: center;\" >8:00 09:30 10:30 11:30 12:30 13:15 15:30 16:30 17:30 18:30 19:30 20:15<\/p>\n<h4 style=\"text-align: center;\" >Ogni domenica dal 1 luglio al 2 settembre<\/h4>\n<p style=\"text-align: center;\" >8:30 10:30 12:30 15:30 17:00 20:00<\/p>\n<h4 style=\"text-align: center;\" >Tutti i giorni dal 1 maggio al 30 giugno e dal 3 settembre al 31 ottobre<\/h4>\n<p style=\"text-align: center;\" >8:00 10:30 12:30 15:30 17:00 20:00<\/p>\n<p> [\/vc_column_text] [\/vc_column_inner] [\/vc_row_inner] [vc_row_inner] [vc_column_inner] [vc_column_text] <\/p>\n<h3 >Itinerario della linea Santa Eulalia-Cala Llonga<\/h3>\n<p> [\/vc_column_text] [\/vc_column_inner] [\/vc_row_inner] [vc_row_inner css=&#8221;.vc_custom_1541747312506{margin-bottom: 20px !important;border-top-width: 1px !important;border-right-width: 1px !important;border-bottom-width: 1px !important;border-left-width: 1px !important;border-left-color:#666666 ! importante; border-left-style: solid !important; border-right-color:#666666 !important; border-right-style: solid !important; border-top-color:#666666 !important; border-top-style: solid !important; border-fondo-color:#666666 !important; border-bottom-style: solid !important;} &#8220;] [vc_column_inner width = &#8220;1\/2&#8221;] [rt_list_style] <\/p>\n<ul>\n<li >Stazione degli autobus di Santa Eulalia<\/li>\n<li >Urbanizzazione di Siesta<\/li>\n<li >Bassetti can<\/li>\n<li >Urbanizaci\u00f3n Valverde<\/li>\n<li >Cala Llonga<\/li>\n<\/ul>\n<p> [\/rt_list_style] [\/vc_column_inner] [vc_column_inner width = &#8220;1\/2&#8221; css = &#8220;.vc_custom_1541747270371 {border-left-width: 1px !important; border-left-color:#666666 !important; border-left-style: solid !important;}&#8221;] [rt_list_style] <\/p>\n<ul>\n<li >Cala Llonga<\/li>\n<li >Urbanizaci\u00f3n Valverde<\/li>\n<li >Bassetti can<\/li>\n<li >Urbanizzazione di Siesta<\/li>\n<li >Stazione degli autobus di Santa Eulalia<\/li>\n<\/ul>\n<p> [\/rt_list_style] [\/vc_column_inner] [\/vc_row_inner] [vc_gmaps link=&#8221;#E-8_JTNDaWZyYW1lJTIwc3JjJTNEJTIyaHR0cHMlM0ElMkYlMkZ3d3cuZ29vZ2xlLmNvbSUyRm1hcHMlMkZlbWJlZCUzRnBiJTNEJTIxMW0xOCUyMTFtMTIlMjExbTMlMjExZDQ5NjIwLjU2Mjg5MDg5NTk4JTIxMmQxLjQ5NzM4NTM3OTEwMTU1ODElMjEzZDM4Ljk4NTk4NzMlMjEybTMlMjExZjAlMjEyZjAlMjEzZjAlMjEzbTIlMjExaTEwMjQlMjEyaTc2OCUyMTRmMTMuMSUyMTNtMyUyMTFtMiUyMTFzMHgxMjk5MTU0ZmFmY2UxM2IzJTI1M0EweDJhM2NjNDg4ZmJhMzQ2NzIlMjEyc0VzdGFjaSUyNUMzJTI1QjNuJTJCZGUlMkJBdXRvYnVzZXMlMkJkZSUyQlN0YS4lMkJFdWxhcmlhLiUyQlRlcm1pbmFsJTIxNWUwJTIxM20yJTIxMXNlcyUyMTJzZXMlMjE0djE1NDE4NTUzOTI3MjMlMjIlMjB3aWR0aCUzRCUyMjYwMCUyMiUyMGhlaWdodCUzRCUyMjQ1MCUyMiUyMGZyYW1lYm9yZGVyJTNEJTIyMCUyMiUyMHN0eWxlJTNEJTIyYm9yZGVyJTNBMCUyMiUyMGFsbG93ZnVsbHNjcmVlbiUzRSUzQyUyRmlmcmFtZSUzRQ==&#8221;] [vc_column_text] <\/p>\n<h2 >Altri autobus da Ibiza<\/h2>\n<p> Se avete bisogno di utilizzare le linee di autobus si dovr\u00e0 conoscere le numerose linee. Se ci riuniamo per localit\u00e0 i servizi avranno nel centro di Ibiza linee di autobus essenziali come <a href=\"https:\/autobuses-de-ibiza-lineas-y-horarios\/autobus-ibiza-hospital-can-misses-linea-h\/\">LH Eivissa Can Misses<\/a>, <a href=\"https:\/autobuses-de-ibiza-lineas-y-horarios\/autobuses-linea-l10-ibiza-aeropuerto\/\">L10 Eivissa aeroporto<\/a> o <a href=\"https:\/autobuses-de-ibiza-lineas-y-horarios\/autobus-linea-12a-ibiza-hospital-can-misses-puig-den-valls-jesus-talamanca-marina-botafoch-puerto\/\">linea L12A Ibiza-> can Miss Puig d&#8217;en Valls-> Jesus Talamanca Marina Botafoch Puerto de Ibiza-> Ibiza citt\u00e0<\/a>. Se si desidera andare in altri luoghi, da Ibiza si dovr\u00e0 muoversi nei collegamenti <a href=\"https:\/autobuses-de-ibiza-lineas-y-horarios\/autobus-linea-3-san-antonio-san-rafael-ibiza\/\">L3 Sant Antoni Sant Rafel Ibiza citt\u00e0<\/a> e <a href=\"https:\/autobuses-de-ibiza-lineas-y-horarios\/autobuses-linea-8-sant-antoni-sant-josep-ibiza\/\">linea L8 sant antoni-> San Jos\u00e9 Ibiza<\/a> in direzione ovest. Se andiamo a sud i percorsi <a href=\"https:\/autobuses-de-ibiza-lineas-y-horarios\/autobus-linea-l25-ibiza-santa-gertrudis-san-miguel\/\">L25 Eivissa-> Santa Gertrudis de Fruit\u00e9 Sant Miguel de Balansat<\/a> per coloro che stanno per godere di alcune insenature da Eivissa possiamo andare al <a href=\"https:\/autobuses-de-ibiza-lineas-y-horarios\/autobus-linea-l12b-ibiza-puerto-marina-botafoch-puerto-ferrys-talamanca-cap-martinet-jesus\/\">L12B Eivissa Puerto de Ibiza-> Marina Botafoch (Puerto Ferries) spiaggia De Talamanca-> Cap Martinet Jes\u00fas<\/a>, <a href=\"https:\/autobuses-de-ibiza-lineas-y-horarios\/autobus-l13-ibiza-santa-eulalia\/\">L13 Ibiza Santa Eularia <\/a>, <a href=\"https:\/autobuses-de-ibiza-lineas-y-horarios\/autobus-linea-33-san-mateo-ibiza\/\">linea L33 San Mateo-> Ibiza citt\u00e0<\/a> e <a href=\"https:\/autobuses-de-ibiza-lineas-y-horarios\/autobus-linea-l35-ibiza-can-misses-sa-carroca-san-jorge\/\">L35 Ibiza-ospedale > Can Misses-> sa Roca San Jorge<\/a>. Le linee di autobus che calette dalla citt\u00e0 di destinazione sono <a href=\"https:\/autobuses-de-ibiza-lineas-y-horarios\/autobuses-linea-l11-ibiza-sant-jordi-ses-salines\/\">Linea L11 Ibiza citt\u00e0 San Jorge &#8211; > Ses Salines<\/a> e <a href=\"https:\/autobuses-de-ibiza-lineas-y-horarios\/autobuses-linea-l11b-ibiza-playa-den-bossa-ses-salines\/\">linea L11B Eivissa d&#8217;en Bossa, Las Salinas<\/a> o <a href=\"https:\/autobuses-de-ibiza-lineas-y-horarios\/bus-l14-eivissa-platja-den-bossa\/\">linea L14 Eivissa &#8211; > D&#8217; Bossa<\/a>. Uscita nord dalle spiagge di Ibiza sar\u00e0 <a href=\"https:\/autobuses-de-ibiza-lineas-y-horarios\/autobus-linea-l15-ibiza-jesus-cala-llonga\/\">L15 Eivissa &#8211; > Jesus Cala Llonga <\/a>, <a href=\"https:\/autobuses-de-ibiza-lineas-y-horarios\/autobus-linea-20a-ibiza-san-lorenzo-san-juan-portinatx\/\">L20A Ibiza citt\u00e0 Sant Lloren\u00e7 Sant Joan &#8211; > Portinatx<\/a>, <a href=\"https:\/autobuses-de-ibiza-lineas-y-horarios\/autobus-linea-l23-ibiza-benirras\/\">L23 Ibiza Benirras <\/a>e <a href=\"https:\/autobuses-de-ibiza-lineas-y-horarios\/autobus-linea-l25a-ibiza-puerto-de-san-miguel\/\">L25A Ibiza Porto di San Miguel<\/a> alla Percorsi di citt\u00e0 che attraversano il centro sar\u00e0 <a href=\"https:\/autobuses-de-ibiza-lineas-y-horarios\/autobus-linea-l45-vara-de-rey-dalt-vila-can-misses-casas-baratas-cas-serres\/\">linea L45 Vara de Rey &#8211; > Dalt Vila Ospedale Can Misses case economici &#8211; > Cas Serres<\/a> e <a href=\"https:\/autobuses-de-ibiza-lineas-y-horarios\/autobus-linea-l50-parking-es-dominguet-parking-es-gorg-puerto-de-ibiza-bartolome-rosello-es-raspallar-puig-den-valls-solivera\/\">linea L50 parcheggio \u00e8 Dominguets (GESA) &#8211; > parcheggio \u00e8 Gorg \u00e8 Porto di Eivissa Bartolom\u00e9 Rossell\u00f3 Raspallar Puig D&#8217; a s \u00b4 Olivera Valls<\/a> <\/p>\n<h3 >Le rotte di Sant Antoni<\/h3>\n<p> Le linee che partono da Sant Antoni stanno per essere fatte con priorit\u00e0 per Ibiza City e <a href=\"https:\/autobuses-de-ibiza-lineas-y-horarios\/autobuses-linea-9-san-antonio-san-jose-aeropuerto\/\">linea L9 aeroporto di Sant Antoni Sant Josep de sa Talaia<\/a>. Se andiamo in altre citt\u00e0 turistiche abbiamo <a href=\"https:\/autobuses-de-ibiza-lineas-y-horarios\/autobus-linea-19-santa-eulalia-san-antonio\/\">linea L19 Santa Eulalia Sant Antoni<\/a>, <a href=\"https:\/autobuses-de-ibiza-lineas-y-horarios\/autobus-linea-l30-san-antonio-santa-ines-ibiza\/\">linea L30 Sant Antoni Santa In\u00e9s Eivissa<\/a> e <a href=\"https:\/autobuses-de-ibiza-lineas-y-horarios\/autobuses-linea-3-1-can-bonet-ses-paises-san-antonio-can-coix\/\">L 3,1 can bonet ses paises-> Sant Antoni-> Can Coix<\/a>. Per esplorare le baie vicine saremo in grado di prendere <a href=\"https:\/autobuses-de-ibiza-lineas-y-horarios\/autobus-linea-1-san-antonio-cala-gracio-stella-maris\/\">L1 Sant Antoni-> Hotel Stella Maris<\/a>, <a href=\"https:\/autobuses-de-ibiza-lineas-y-horarios\/autobus-linea-2-san-antonio-port-des-torrent\/\">L2 Sant Antoni Port des Torrent (Western Hotel Ibiza)<\/a> e <a href=\"https:\/autobuses-de-ibiza-lineas-y-horarios\/autobus-linea-l34-san-antonio-cala-salada\/\">L34 linea San Antonio Cala Salada<\/a>. Se decidiamo sulle insenature di altri luoghi saremo in grado di utilizzare gli autobus per la <a href=\"https:\/autobuses-de-ibiza-lineas-y-horarios\/autobuses-linea-l4-san-antonio-cala-de-comte\/\">linea L4 Sant Antoni Calas de compte <\/a>, <a href=\"https:\/autobuses-de-ibiza-lineas-y-horarios\/autobuses-linea-5-sant-antoni-cala-tarida\/\">linea L5 sant antoni-> Cala Tarida<\/a> o <a href=\"https:\/autobuses-de-ibiza-lineas-y-horarios\/autobuses-linea-7-san-antonio-cala-bassa\/\">linea L7 San Antonio Cala Bassa<\/a>. In direzione del Nord abbiamo una <a href=\"https:\/autobuses-de-ibiza-lineas-y-horarios\/autobus-linea-22-san-antonio-puerto-de-san-miguel\/\">linea L22 Sant Antoni Puerto de San Miguel <\/a>e <a href=\"https:\/autobuses-de-ibiza-lineas-y-horarios\/autobus-linea-l23a-san-antonio-playa-de-benirras\/\">L23A Sant Antoni Playa Benirr\u00e1s<\/a>. <\/p>\n<h3 >Le rotte di Santa Eulalia<\/h3>\n<p> A Santa Eularia des Riu abbiamo linee per alcuni luoghi come <a href=\"https:\/autobuses-de-ibiza-lineas-y-horarios\/autobus-linea-16-santa-eulalia-san-carlos\/\">L16 Santa Eulalia del R\u00edo San Carlos <\/a>, <a href=\"https:\/autobuses-de-ibiza-lineas-y-horarios\/autobus-l17-santa-eulalia-urbanizacion-siesta\/\">L17 Santa Eulalia del R\u00edo urbanizzazione Siesta <\/a>e <a href=\"https:\/autobuses-de-ibiza-lineas-y-horarios\/autobus-linea-l24-cala-nova-es-canar-santa-eulalia-aeropuerto\/\">L24 Cala Nova-> Es Canar-> Aeroporto di Santa Eularia des Riu<\/a>. Verso le spiagge, <a href=\"https:\/autobuses-de-ibiza-lineas-y-horarios\/autobus-linea-16a-santa-eulalia-san-carlos-cala-llenya\/\">linea L16A Santa Eulalia del R\u00edo Sant Carles-> Cala Llenya<\/a>, <a href=\"https:\/autobuses-de-ibiza-lineas-y-horarios\/autobus-linea-16c-santa-eulalia-las-dalias-san-carlos-es-figueral-cala-san-vicente\/\">L16C Santa Eularia des Riu Las dalias-> Sant Carles es Figueral Cala de San Vicente <\/a>e <a href=\"https:\/autobuses-de-ibiza-lineas-y-horarios\/autobus-linea-23b-santa-eulalia-playa-de-benirras\/\">linea L23B Santa Eularia des Riu Benirras spiaggia <\/a>verso San Juan. Anche le linee per <a href=\"https:\/autobuses-de-ibiza-lineas-y-horarios\/autobus-linea-18b-santa-eulalia-sargamassa-cala-martina-es-canar-cala-nova\/\">L18B Santa Eularia des Riu-> s&#8217;Argamassa-> Cana Martina-> es Canar Cala Nova <\/a>, <a href=\"https:\/autobuses-de-ibiza-lineas-y-horarios\/autobus-linea-18a-santa-eulalia-es-canar\/\">L18A linea Santa Eulalia del R\u00edo-> Es Canar <\/a>, <a href=\"https:\/autobuses-de-ibiza-lineas-y-horarios\/autobus-linea-l21-santa-eulalia-san-juan-portinatx\/\">linea L21 santa eularia des Riu-> Sant Joan de Labritja Portinatx<\/a> e <a href=\"https:\/autobuses-de-ibiza-lineas-y-horarios\/autobus-linea-l41-santa-eulalia-cala-llonga\/\">L41 Santa Eulalia-> Cala Llonga<\/a>. <\/p>\n<h3 >Altri collegamenti a Ibiza<\/h3>\n<p> Diverse linee collegano siti affollati come <a href=\"https:\/autobuses-de-ibiza-lineas-y-horarios\/autobus-linea-l36-aeropuerto-playa-den-bossa\/\">L36 aeroporto di Ibiza Playa d&#8217;en Bossa<\/a>, <a href=\"https:\/autobuses-de-ibiza-lineas-y-horarios\/autobus-linea-37-puerto-de-san-miguel-es-canar\/\">L37 Port de Sant Miquel es Canar <\/a>o <a href=\"https:\/autobuses-de-ibiza-lineas-y-horarios\/autobus-linea-l26-san-jose-cala-vadella\/\">L26 Sant Josep de sa Talaia Cala Vedella<\/a>. Altri uniscono i comuni con le zone della costa come <a href=\"https:\/autobuses-de-ibiza-lineas-y-horarios\/autobus-linea-l20b-san-juan-cala-san-vicente\/\">linea L20B Sant Joan Cala San Vicente<\/a>, <a href=\"https:\/autobuses-de-ibiza-lineas-y-horarios\/autobus-linea-l23c-portinatx-san-juan-playa-de-benirras\/\">L23C Portinatx san Juan-> Playa Benirr\u00e1s <\/a>, <a href=\"https:\/autobuses-de-ibiza-lineas-y-horarios\/autobus-linea-l23p-benirras-playa-de-benirras\/\">L\u00ednea L23P Benirras Playa Benirr\u00e1s <\/a>o <a href=\"https:\/autobuses-de-ibiza-lineas-y-horarios\/autobus-linea-l42-es-cubells-san-jose\/\">L42 es Cubells-> San Jos\u00e9<\/a>. <\/p>\n<h3 >I viaggi in autobus di discoteche: il disco bus<\/h3>\n<p> Durante la stagione estiva sarete in grado di utilizzare alcune linee peculiari che andranno in giro per le citt\u00e0 pi\u00f9 affollate. Queste linee saranno <a href=\"https:\/autobuses-de-ibiza-lineas-y-horarios\/autobus-linea-l3-disco-bus-san-antonio-privilege-amnesia-pacha-puerto-de-ibiza\/\">linea L3 disco bus San Antonio Privilege amnesia Pasha-> Porto di Ibiza<\/a>, <a href=\"https:\/autobuses-de-ibiza-lineas-y-horarios\/autobus-linea-l3b-disco-bus-san-antonio-playa-den-bossa-ushuaia\/\">L3B disco bus San Antonio Playa d&#8217;en Bossa (Ushuaia-> h\u00ef)<\/a>, <a href=\"https:\/autobuses-de-ibiza-lineas-y-horarios\/autobus-linea-l13-18-discobus-puerto-de-ibiza-santa-eulalia-es-canar\/\" >linea L13 18 porta disco bus di Ibiza-> santa eularia des Riu-> Es Canar <\/a>e <a href=\"https:\/autobuses-de-ibiza-lineas-y-horarios\/autobus-linea-l14-discobus-pacha-puerto-de-ibiza-playa-den-bossa-ushuaia\/\">linea L14 disco bus Pacha Puerto de Ibiza Playa d&#8217;en Bossa Ushuaia-> h\u00ef<\/a>[\/vc_column_text] [\/vc_column] [vc_column width = &#8220;1\/3&#8221;] [vc_single_image immagine = &#8220;46038&#8221; img_size = &#8220;full&#8221;] [vc_column_text] <\/p>\n<h2 >Societ\u00e0 concessionaria Santa Eulalia Cala Llonga<\/h2>\n<p> Autobus Voramar El Gaucho S.L. <a href=\"tel:971340382\">971 34 03 82<\/a> [\/vc_column_text] [vc_column_text] gli orari impostati per la <strong>linea 41 Santa Eulalia Cala Llonga<\/strong> sono a scopo informativo. <a href=\"https:\/\">solo Ibiza<\/a> non \u00e8 responsabile per eventuali danni o lesioni causate dalla linea o le informazioni visualizzate qui. [\/vc_column_text] [\/vc_column] [\/vc_row] [vc_row full_width = &#8220;stretch_row&#8221; css = &#8220;.vc_custom_1541747335413 {background-color:#0000ff !important;}&#8221;] [vc_column] [vc_column_text css_animation = &#8220;FadeIn&#8221; El_class = &#8220;. Size24&#8221;] <\/p>\n<p class=\"size24\" style=\"text-align: center;\"><span style=\"color:#ffffff;\">la sezione autobus Santa Eulalia Cala Llonga \u00e8 sponsorizzata da<\/span> <a href=\"https:\/\/disenowebibiza.soloibiza.com\/\"> <span style=\"color:#ffffff;\">Ibiza pagine Web<\/span> <\/a><\/p>\n<p> [\/vc_column_text] [\/vc_column] [\/vc_row] <\/p>\n<\/div>","protected":false},"excerpt":{"rendered":"<p>[vc_row full_width=&#8221;stretch_row&#8221; parallax=&#8221;content-moving-fade&#8221; css=&#8221;.vc_custom_1541744452372{padding-top: 20px !important;padding-bottom: 60px !important;background-image: url(http:\/\/soloibiza.com\/wp-content\/uploads\/2018\/11\/autobuses.jpg?id=46038) !important;background-position: center;background-repeat: no-repeat;background-size: cover !important;}&#8221;] [vc_column] [vc_custom_heading text = &#8220;bus Santa Eulalia Cala Llonga, linea 41&#8221; font_container = &#8220;tag: H1 | text_align: center | color:#ffffff&#8221; use_theme_fonts = &#8220;yes&#8221;] [\/vc_column] [\/vc_row] &#8220;[vc_row el_class = &#8220;autobus&#8221;] [vc_column width = &#8220;2\/3&#8221;] [vc_column_text] Periodo invernale (dal 1 \u00b0 novembre al [&hellip;]<\/p>\n","protected":false},"author":1,"featured_media":0,"parent":49309,"menu_order":0,"comment_status":"closed","ping_status":"closed","template":"","meta":{"_acf_changed":false,"footnotes":""},"class_list":["post-49930","page","type-page","status-publish","hentry"],"acf":[],"_links":{"self":[{"href":"https:\/\/soloibiza.com\/it\/wp-json\/wp\/v2\/pages\/49930","targetHints":{"allow":["GET"]}}],"collection":[{"href":"https:\/\/soloibiza.com\/it\/wp-json\/wp\/v2\/pages"}],"about":[{"href":"https:\/\/soloibiza.com\/it\/wp-json\/wp\/v2\/types\/page"}],"author":[{"embeddable":true,"href":"https:\/\/soloibiza.com\/it\/wp-json\/wp\/v2\/users\/1"}],"replies":[{"embeddable":true,"href":"https:\/\/soloibiza.com\/it\/wp-json\/wp\/v2\/comments?post=49930"}],"version-history":[{"count":0,"href":"https:\/\/soloibiza.com\/it\/wp-json\/wp\/v2\/pages\/49930\/revisions"}],"up":[{"embeddable":true,"href":"https:\/\/soloibiza.com\/it\/wp-json\/wp\/v2\/pages\/49309"}],"wp:attachment":[{"href":"https:\/\/soloibiza.com\/it\/wp-json\/wp\/v2\/media?parent=49930"}],"curies":[{"name":"wp","href":"https:\/\/api.w.org\/{rel}","templated":true}]}}