{"id":49919,"date":"2019-02-24T10:28:48","date_gmt":"2019-02-24T09:28:48","guid":{"rendered":"https:\/?page_id=49919"},"modified":"2019-02-24T19:32:12","modified_gmt":"2019-02-24T18:32:12","slug":"linea-bus-l34-san-antonio-cala-salada","status":"publish","type":"page","link":"https:\/\/soloibiza.com\/it\/autobus-linee-e-orari-di-ibiza\/linea-bus-l34-san-antonio-cala-salada\/","title":{"rendered":"Linea bus L34 San Antonio Cala Salada"},"content":{"rendered":"<div class=\"wpb-content-wrapper\"><p> [vc_row full_width=&#8221;stretch_row&#8221; parallax=&#8221;content-moving-fade&#8221; css=&#8221;.vc_custom_1541744452372{padding-top: 20px !important;padding-bottom: 60px !important;background-image: url(http:\/\/soloibiza.com\/wp-content\/uploads\/2018\/11\/autobuses.jpg?id=46038) !important;background-position: center;background-repeat: no-repeat;background-size: cover !important;}&#8221;] [vc_column] [vc_custom_heading text = &#8220;bus San Antonio-Cala Salada, linea 34&#8221; font_container = &#8220;tag:H1 | text_align: center | color:#ffffff&#8221; use_theme_fonts = &#8220;yes&#8221;] [\/vc_column] [\/vc_row] &#8220;[vc_row el_class = &#8220;autobus&#8221;] [vc_column width = &#8220;2\/3&#8221;] [vc_column_text] <\/p>\n<h2 >Orario invernale (nessun servizio)<\/h2>\n<p> [\/vc_column_text] [vc_column_text] <\/p>\n<h2 >Orario estivo (dal 18 maggio al 30 settembre)<\/h2>\n<p> [\/vc_column_text] [vc_row_inner css = &#8220;.vc_custom_1541747165242 {margin-bottom: 20px !important;}&#8221;] [vc_column_inner width=&#8221;1\/2&#8243; css=&#8221;.vc_custom_1541747132513{border-top-width: 1px !important;border-right-width: 1px !important;border-bottom-width: 1px !important;border-left-width: 1px !important;border-left-color:#666666 !important; border-left-style: solid !important; border-right-color:#666666 !important; border-right-style: solid !important; border-top-color:#666666 !important; border-top-style: solid !important; border-fondo-color:#666666 !important; border-bottom-style: solid !important;} &#8220;] [vc_column_text] <\/p>\n<h3 >San Antonio-> Cala Salada<\/h3>\n<h4 style=\"text-align: center;\" >Ogni giorno<\/h4>\n<p style=\"text-align: center;\" >9:30 10:00 10:30 11:00 11:15 11:30 11:45 12:00 12:15 12:30 12:45 13:00 13:15 13:30 13:45 14:00 14:15 14:30 15:00 15:30 16,00 16:15 16:30 16:45 17:00 17:15 17:30 17:45 18:00 18:15 18:30 18:45 19:00 19:15 19,30 19,45 20:00 20:15<\/p>\n<p> [\/vc_column_text] [\/vc_column_inner] [vc_column_inner width=&#8221;1\/2&#8243; css=&#8221;.vc_custom_1541747140633{border-top-width: 1px !important;border-right-width: 1px !important;border-bottom-width: 1px !important;border-right-color:#666666 !important;border-right-style: solid !important; border-top-color:#666666 !important; border-top-style: solid !important; border-bottom-color:#666666 !important; border-bottom-style: solid !important;} &#8220;] [vc_column_text] <\/p>\n<h3 >Cala Salada-> San Antonio<\/h3>\n<h4 style=\"text-align: center;\" >Ogni giorno<\/h4>\n<p style=\"text-align: center;\">9:45 10:15 10:45 11:15 11:30 11:45. 12:00 12:15 12,30 12:45 13:00 13:15 13:30 13:45 14; 00 14:15 14:30 14:45 15:15 15:45 16:15 16:45 17:00 17:15 17:30 17:45 18:00 18:15 18:30 18:45 19:00 19:15 19:30 19:45 20:00 20:15 20:30<\/p>\n<p> [\/vc_column_text] [\/vc_column_inner] [\/vc_row_inner] [vc_row_inner] [vc_column_inner] [vc_column_text] <\/p>\n<h3 >Percorso della linea San Antonio-Cala Salada<\/h3>\n<p> [\/vc_column_text] [\/vc_column_inner] [\/vc_row_inner] [vc_row_inner css=&#8221;.vc_custom_1541747312506{margin-bottom: 20px !important;border-top-width: 1px !important;border-right-width: 1px !important;border-bottom-width: 1px !important;border-left-width: 1px !important;border-left-color:#666666 ! importante; border-left-style: solid !important; border-right-color:#666666 !important; border-right-style: solid !important; border-top-color:#666666 !important; border-top-style: solid !important; border-fondo-color:#666666 !important; border-bottom-style: solid !important;} &#8220;] [vc_column_inner width = &#8220;1\/2&#8221;] [rt_list_style] <\/p>\n<ul>\n<li >Stazione degli autobus di San Antonio<\/li>\n<li >Can Coix (Parking College)<\/li>\n<li >Spiaggia di Cala Salada<\/li>\n<\/ul>\n<p> [\/rt_list_style] [\/vc_column_inner] [vc_column_inner width = &#8220;1\/2&#8221; css = &#8220;.vc_custom_1541747270371 {border-left-width: 1px !important; border-left-color:#666666 !important; border-left-style: solid !important;}&#8221;] [rt_list_style] <\/p>\n<ul>\n<li >Spiaggia di Cala Salada<\/li>\n<li >Can Coix (Parking College)<\/li>\n<li >Stazione degli autobus di San Antonio<\/li>\n<\/ul>\n<p> [\/rt_list_style] [\/vc_column_inner] [\/vc_row_inner] [vc_gmaps link=&#8221;#E-8_JTNDaWZyYW1lJTIwc3JjJTNEJTIyaHR0cHMlM0ElMkYlMkZ3d3cuZ29vZ2xlLmNvbSUyRm1hcHMlMkZlbWJlZCUzRnBiJTNEJTIxMW0xOCUyMTFtMTIlMjExbTMlMjExZDk5MTE0LjE1NDY4MTk4MTk2JTIxMmQxLjQ0MTc2ODY0MzQ4Mzk3NjclMjEzZDM5LjA3NjQ2ODk1MDI2OTUzJTIxMm0zJTIxMWYwJTIxMmYwJTIxM2YwJTIxM20yJTIxMWkxMDI0JTIxMmk3NjglMjE0ZjEzLjElMjEzbTMlMjExbTIlMjExczB4MTI5OTM2MWZjNmI0ZTg3NSUyNTNBMHhiNmRmZjlmMmFhODEwMjlhJTIxMnNFc3RhY2klMjVDMyUyNUIzbiUyQmRlJTJCYXV0b2J1c2VzJTJCU2FuJTJCQW50b25pbyUyMTVlMCUyMTNtMiUyMTFzZXMlMjEyc2VzJTIxNHYxNTQxOTIzMjM0NTA0JTIyJTIwd2lkdGglM0QlMjI2MDAlMjIlMjBoZWlnaHQlM0QlMjI0NTAlMjIlMjBmcmFtZWJvcmRlciUzRCUyMjAlMjIlMjBzdHlsZSUzRCUyMmJvcmRlciUzQTAlMjIlMjBhbGxvd2Z1bGxzY3JlZW4lM0UlM0MlMkZpZnJhbWUlM0U=&#8221;] [vc_column_text] <\/p>\n<h2 >Altre linee di autobus sull&#8217;isola<\/h2>\n<p> Se avete deciso di utilizzare le linee di autobus si dovr\u00e0 conoscere i vari collegamenti a nostra disposizione. Se strutturiamo per localit\u00e0 i collegamenti siamo nella capitale di Ibiza linee di autobus essenziali come <a href=\"https:\/autobuses-de-ibiza-lineas-y-horarios\/autobus-ibiza-hospital-can-misses-linea-h\/\">LH Eivissa Can Misses<\/a>, <a href=\"https:\/autobuses-de-ibiza-lineas-y-horarios\/autobuses-linea-l10-ibiza-aeropuerto\/\">L10 Eivissa aeroporto<\/a> e <a href=\"https:\/autobuses-de-ibiza-lineas-y-horarios\/autobus-linea-12a-ibiza-hospital-can-misses-puig-den-valls-jesus-talamanca-marina-botafoch-puerto\/\">L12A linea eivissa ospedale Can Misses-> Puig d&#8217;en Valls-> Ges\u00f9 -> spiaggia di Talamanca-Porto di > Marina Botafoch Ibiza Eivissa<\/a>. Se si vuole andare in altri luoghi, lasciando Ibiza si sar\u00e0 in grado di farlo nei collegamenti <a href=\"https:\/autobuses-de-ibiza-lineas-y-horarios\/autobus-linea-3-san-antonio-san-rafael-ibiza\/\">L3 linea Sant Antoni San Rafael-> Ibiza<\/a> o <a href=\"https:\/autobuses-de-ibiza-lineas-y-horarios\/autobuses-linea-8-sant-antoni-sant-josep-ibiza\/\">L8 sant antoni-> Sant Josep de sa talaia-> Ibiza<\/a> verso Sant Antoni. Se andiamo in aeroporto questa <a href=\"https:\/autobuses-de-ibiza-lineas-y-horarios\/autobus-linea-l25-ibiza-santa-gertrudis-san-miguel\/\">linea disponibile L25 Ibiza citt\u00e0-> Santa Gertrudis-> Sant Miquel<\/a> per chi preferisce scoprire una spiaggia da Eivissa potremo utilizzare la <a href=\"https:\/autobuses-de-ibiza-lineas-y-horarios\/autobus-linea-l12b-ibiza-puerto-marina-botafoch-puerto-ferrys-talamanca-cap-martinet-jesus\/\">linea L12B eivissa-> Porto di Eivissa Marina botafoch-> Playa de Talamanca &#8211; > Cap Martinet &#8211; > Ges\u00f9<\/a>, <a href=\"https:\/autobuses-de-ibiza-lineas-y-horarios\/autobus-l13-ibiza-santa-eulalia\/\">L13 Ibiza citt\u00e0 &#8211; > Santa Eul\u00e0ria <\/a>, <a href=\"https:\/autobuses-de-ibiza-lineas-y-horarios\/autobus-linea-33-san-mateo-ibiza\/\">L33 Sant Mateu Ibiza<\/a> o <a href=\"https:\/autobuses-de-ibiza-lineas-y-horarios\/autobus-linea-l35-ibiza-can-misses-sa-carroca-san-jorge\/\">L35 Ibiza pu\u00f2 non trova Sa Carroca &#8211; > San Jorge<\/a>. Gli autobus diretti a calette dalla citt\u00e0 sono <a href=\"https:\/autobuses-de-ibiza-lineas-y-horarios\/autobuses-linea-l11-ibiza-sant-jordi-ses-salines\/\">L11 Eivissa Sant Jordi &#8211; > Las Salinas<\/a> e <a href=\"https:\/autobuses-de-ibiza-lineas-y-horarios\/autobuses-linea-l11b-ibiza-playa-den-bossa-ses-salines\/\">linea L11B Ibiza citt\u00e0 spiaggia d&#8217; Bossa, Las Salinas<\/a> o <a href=\"https:\/autobuses-de-ibiza-lineas-y-horarios\/bus-l14-eivissa-platja-den-bossa\/\">L14 Ibiza d&#8217;en Bossa<\/a>. Servizio in direzione nord da Ibiza spiagge sar\u00e0 <a href=\"https:\/autobuses-de-ibiza-lineas-y-horarios\/autobus-linea-l15-ibiza-jesus-cala-llonga\/\">linea L15 Ibiza citt\u00e0 &#8211; > Ges\u00f9 &#8211; > Cala Llonga <\/a>, <a href=\"https:\/autobuses-de-ibiza-lineas-y-horarios\/autobus-linea-20a-ibiza-san-lorenzo-san-juan-portinatx\/\">L20A Ibiza San Lorenzo Sant Joan Portinatx<\/a>, <a href=\"https:\/autobuses-de-ibiza-lineas-y-horarios\/autobus-linea-l23-ibiza-benirras\/\">L23 Eivissa &#8211; > Benirras <\/a>e <a href=\"https:\/autobuses-de-ibiza-lineas-y-horarios\/autobus-linea-l25a-ibiza-puerto-de-san-miguel\/\">linea L25A Ibiza Port di Sant Miquel<\/a> all&#8217;interno della citt\u00e0 le linee in transito sara &#8216; il centro <a href=\"https:\/autobuses-de-ibiza-lineas-y-horarios\/autobus-linea-l45-vara-de-rey-dalt-vila-can-misses-casas-baratas-cas-serres\/\">L45 Vara de Rey &#8211; > Dalt Vila &#8211; > Can Misses case a buon mercato Cas Serres<\/a> e <a href=\"https:\/autobuses-de-ibiza-lineas-y-horarios\/autobus-linea-l50-parking-es-dominguet-parking-es-gorg-puerto-de-ibiza-bartolome-rosello-es-raspallar-puig-den-valls-solivera\/\">linea L50 parcheggio \u00e8 Dominguets (GESA) &#8211; > parcheggio \u00e8 Gorg Puerto de Ibiza &#8211; > Bartolome ROSSELLO \u00e8 Raspallar Puig D&#8217; a Valls &#8211; > s \u00b4 Olivera<\/a> <\/p>\n<h3 >Gli autobus di Sant Antoni de Portmany<\/h3>\n<p> Le opzioni da San Antonio devono essere effettuate principalmente a Eivissa e <a href=\"https:\/autobuses-de-ibiza-lineas-y-horarios\/autobuses-linea-9-san-antonio-san-jose-aeropuerto\/\">L9 linea Sant Antoni San Jos\u00e9 aeroporto di Ibiza<\/a>. In direzione di altre aree avremo <a href=\"https:\/autobuses-de-ibiza-lineas-y-horarios\/autobus-linea-19-santa-eulalia-san-antonio\/\">linea L19 Santa Eulalia del R\u00edo-> San Antonio<\/a>, <a href=\"https:\/autobuses-de-ibiza-lineas-y-horarios\/autobus-linea-l30-san-antonio-santa-ines-ibiza\/\">L30 Sant Antoni-> Santa Agn\u00e9s de Corona-> Eivissa<\/a> e <a href=\"https:\/autobuses-de-ibiza-lineas-y-horarios\/autobuses-linea-3-1-can-bonet-ses-paises-san-antonio-can-coix\/\">L 3,1 Can Bonet-> Ses paises-> Sant Antoni-> Can Coix (piscina)<\/a>. Per esplorare le prossime spiagge saremo in grado di utilizzare la <a href=\"https:\/autobuses-de-ibiza-lineas-y-horarios\/autobus-linea-1-san-antonio-cala-gracio-stella-maris\/\">linea 1 Sant Antoni Stella Maris<\/a>, <a href=\"https:\/autobuses-de-ibiza-lineas-y-horarios\/autobus-linea-2-san-antonio-port-des-torrent\/\">linea L2 Sant Antoni Port des Torrent <\/a>e <a href=\"https:\/autobuses-de-ibiza-lineas-y-horarios\/autobus-linea-l34-san-antonio-cala-salada\/\">L34 Sant Antoni-> Cala Salada<\/a>. Se abbiamo scelto le spiagge di altre zone possiamo prendere gli autobus per <a href=\"https:\/autobuses-de-ibiza-lineas-y-horarios\/autobuses-linea-l4-san-antonio-cala-de-comte\/\">L4 Sant Antoni-> Cala de Comte <\/a>, L5 Sant Antoni <a href=\"https:\/autobuses-de-ibiza-lineas-y-horarios\/autobuses-linea-5-sant-antoni-cala-tarida\/\">Cala T\u00e1rida<\/a> o <a href=\"https:\/autobuses-de-ibiza-lineas-y-horarios\/autobuses-linea-7-san-antonio-cala-bassa\/\">L7 Sant Antoni Cala Bassa<\/a>. A nord abbiamo <a href=\"https:\/autobuses-de-ibiza-lineas-y-horarios\/autobus-linea-22-san-antonio-puerto-de-san-miguel\/\">L22 Sant Antoni Porto di Sant Miquel <\/a>e <a href=\"https:\/autobuses-de-ibiza-lineas-y-horarios\/autobus-linea-l23a-san-antonio-playa-de-benirras\/\">L23A Sant Antoni spiaggia di Benirr\u00e1s<\/a>. <\/p>\n<h3 >Le linee di Santa Eularia des Riu<\/h3>\n<p> A Santa Eulalia del R\u00edo abbiamo linee per diversi luoghi come <a href=\"https:\/autobuses-de-ibiza-lineas-y-horarios\/autobus-linea-16-santa-eulalia-san-carlos\/\">L16 Santa Eulalia-> Sant Carles <\/a>, <a href=\"https:\/autobuses-de-ibiza-lineas-y-horarios\/autobus-l17-santa-eulalia-urbanizacion-siesta\/\">L17 Santa Eulalia del R\u00edo urbanizzazione Siesta <\/a>e <a href=\"https:\/autobuses-de-ibiza-lineas-y-horarios\/autobus-linea-l24-cala-nova-es-canar-santa-eulalia-aeropuerto\/\">L24 Cala Nova Es Canar Santa Eularia-> Aeroporto<\/a>. Verso Las Calas, <a href=\"https:\/autobuses-de-ibiza-lineas-y-horarios\/autobus-linea-16a-santa-eulalia-san-carlos-cala-llenya\/\">linea L16A Santa Eularia San Carlos-> Cala Llenya<\/a>, <a href=\"https:\/autobuses-de-ibiza-lineas-y-horarios\/autobus-linea-16c-santa-eulalia-las-dalias-san-carlos-es-figueral-cala-san-vicente\/\">linea L16C Santa Eulalia del R\u00edo-> Les Dalies Sant Carles de Peralta-> \u00e8 Figueral Cala de San Vicente <\/a>e <a href=\"https:\/autobuses-de-ibiza-lineas-y-horarios\/autobus-linea-23b-santa-eulalia-playa-de-benirras\/\">L23B Santa Eulalia Benirr\u00e1s spiaggia <\/a>verso Sant Joan. Inoltre gli autobus per <a href=\"https:\/autobuses-de-ibiza-lineas-y-horarios\/autobus-linea-18b-santa-eulalia-sargamassa-cala-martina-es-canar-cala-nova\/\">L18B Santa Eularia des Riu-> s&#8217;Argamassa-> Cana Martina es Canar-> Cala Nova <\/a>, <a href=\"https:\/autobuses-de-ibiza-lineas-y-horarios\/autobus-linea-18a-santa-eulalia-es-canar\/\">linea L18A santa Eulalia-> Es Canar <\/a>, <a href=\"https:\/autobuses-de-ibiza-lineas-y-horarios\/autobus-linea-l21-santa-eulalia-san-juan-portinatx\/\">L21 Santa Eularia Sant Joan de Labritja-> Portinatx<\/a> e <a href=\"https:\/autobuses-de-ibiza-lineas-y-horarios\/autobus-linea-l41-santa-eulalia-cala-llonga\/\">L41 Santa Eularia Cala Llonga<\/a>. <\/p>\n<h3 >Altre linee a Ibiza<\/h3>\n<p> Diversi collegamenti collegano vivaci nuclei urbani come <a href=\"https:\/autobuses-de-ibiza-lineas-y-horarios\/autobus-linea-l36-aeropuerto-playa-den-bossa\/\">linea L36 aeroporto di Playa d&#8217;en Bossa<\/a>, <a href=\"https:\/autobuses-de-ibiza-lineas-y-horarios\/autobus-linea-37-puerto-de-san-miguel-es-canar\/\">L37 Port de sant Miquel-> Es Canar <\/a>o <a href=\"https:\/autobuses-de-ibiza-lineas-y-horarios\/autobus-linea-l26-san-jose-cala-vadella\/\">linea L26 Sant Josep Cala Vadella<\/a>. Altri uniscono citt\u00e0 e regioni della costa come <a href=\"https:\/autobuses-de-ibiza-lineas-y-horarios\/autobus-linea-l20b-san-juan-cala-san-vicente\/\">linea L20B Sant Joan de Labritja Cala San Vicente<\/a>, <a href=\"https:\/autobuses-de-ibiza-lineas-y-horarios\/autobus-linea-l23c-portinatx-san-juan-playa-de-benirras\/\">L23C portinatx-> sant Joan-> Playa Benirr\u00e1s <\/a>, <a href=\"https:\/autobuses-de-ibiza-lineas-y-horarios\/autobus-linea-l23p-benirras-playa-de-benirras\/\">L\u00ednea L23P Benirr\u00e1s Playa Benirr\u00e1s <\/a>o <a href=\"https:\/autobuses-de-ibiza-lineas-y-horarios\/autobus-linea-l42-es-cubells-san-jose\/\">L\u00ednea L42 es Cubells Sant Josep de sa La Talaia<\/a>. <\/p>\n<h3 >Linee di autobus Club: Discobus<\/h3>\n<p> Durante l&#8217;estate sarete in grado di utilizzare alcuni collegamenti peculiari che percorreranno le zone pi\u00f9 vivaci. Queste connessioni saranno <a href=\"https:\/autobuses-de-ibiza-lineas-y-horarios\/autobus-linea-l3-disco-bus-san-antonio-privilege-amnesia-pacha-puerto-de-ibiza\/\">linea L3 disco bus Sant Antoni-> Privilege-> amnesia Pacha-> Porto di Ibiza<\/a>, <a href=\"https:\/autobuses-de-ibiza-lineas-y-horarios\/autobus-linea-l3b-disco-bus-san-antonio-playa-den-bossa-ushuaia\/\">linea L3B disco bus San Antonio-> Playa d&#8217;en Bossa (Ushuaia-> h\u00ef)<\/a>, <a href=\"https:\/autobuses-de-ibiza-lineas-y-horarios\/autobus-linea-l13-18-discobus-puerto-de-ibiza-santa-eulalia-es-canar\/\">L13 18 disco bus porto di Ibiza Santa Eularia es Canar <\/a>e <a href=\"https:\/autobuses-de-ibiza-lineas-y-horarios\/autobus-linea-l14-discobus-pacha-puerto-de-ibiza-playa-den-bossa-ushuaia\/\">L14 Discobus Pacha Puerto de Ibiza Playa d&#8217;en Bossa-> Ushuaia-> h\u00ef<\/a>[\/vc_column_text] [\/vc_column] [vc_column width = &#8220;1\/3&#8221;] [vc_single_image image= &#8220;46038&#8221; img_size = &#8220;full&#8221;] [vc_column_text] <\/p>\n<h2 >San Antonio Cala Salada Concession Company<\/h2>\n<p> Autobus Voramar El Gaucho S.L. <a href=\"tel:971340382\">971 34 03 82<\/a> [\/vc_column_text] [vc_column_text] gli orari stabiliti per la <strong>linea 34 San Antonio Cala Salada<\/strong> sono per informazione. <a href=\"https:\/\">solo Ibiza<\/a> non \u00e8 responsabile per eventuali danni o lesioni causate dalla linea o le informazioni visualizzate qui. [\/vc_column_text] [\/vc_column] [\/vc_row] [vc_row full_width = &#8220;stretch_row&#8221; css = &#8220;.vc_custom_1541747335413 {background-color:#0000ff !important;}&#8221;] [vc_column] [vc_column_text css_animation = &#8220;FadeIn&#8221; El_class = &#8220;. Size24&#8221;] <\/p>\n<p class=\"size24\" style=\"text-align: center;\"><span style=\"color:#ffffff;\">la sezione degli autobus di San Antonio Cala Salada \u00e8 sponsorizzata da<\/span> <a href=\"https:\/\/disenowebibiza.soloibiza.com\/\"> <span style=\"color:#ffffff;\">Web design Ibiza<\/span> <\/a><\/p>\n<p> [\/vc_column_text] [\/vc_column] [\/vc_row] <\/p>\n<\/div>","protected":false},"excerpt":{"rendered":"<p>[vc_row full_width=&#8221;stretch_row&#8221; parallax=&#8221;content-moving-fade&#8221; css=&#8221;.vc_custom_1541744452372{padding-top: 20px !important;padding-bottom: 60px !important;background-image: url(http:\/\/soloibiza.com\/wp-content\/uploads\/2018\/11\/autobuses.jpg?id=46038) !important;background-position: center;background-repeat: no-repeat;background-size: cover !important;}&#8221;] [vc_column] [vc_custom_heading text = &#8220;bus San Antonio-Cala Salada, linea 34&#8221; font_container = &#8220;tag:H1 | text_align: center | color:#ffffff&#8221; use_theme_fonts = &#8220;yes&#8221;] [\/vc_column] [\/vc_row] &#8220;[vc_row el_class = &#8220;autobus&#8221;] [vc_column width = &#8220;2\/3&#8221;] [vc_column_text] Orario invernale (nessun servizio) [\/vc_column_text] [vc_column_text] Orario estivo (dal [&hellip;]<\/p>\n","protected":false},"author":1,"featured_media":0,"parent":49309,"menu_order":0,"comment_status":"closed","ping_status":"closed","template":"","meta":{"_acf_changed":false,"footnotes":""},"class_list":["post-49919","page","type-page","status-publish","hentry"],"acf":[],"_links":{"self":[{"href":"https:\/\/soloibiza.com\/it\/wp-json\/wp\/v2\/pages\/49919","targetHints":{"allow":["GET"]}}],"collection":[{"href":"https:\/\/soloibiza.com\/it\/wp-json\/wp\/v2\/pages"}],"about":[{"href":"https:\/\/soloibiza.com\/it\/wp-json\/wp\/v2\/types\/page"}],"author":[{"embeddable":true,"href":"https:\/\/soloibiza.com\/it\/wp-json\/wp\/v2\/users\/1"}],"replies":[{"embeddable":true,"href":"https:\/\/soloibiza.com\/it\/wp-json\/wp\/v2\/comments?post=49919"}],"version-history":[{"count":0,"href":"https:\/\/soloibiza.com\/it\/wp-json\/wp\/v2\/pages\/49919\/revisions"}],"up":[{"embeddable":true,"href":"https:\/\/soloibiza.com\/it\/wp-json\/wp\/v2\/pages\/49309"}],"wp:attachment":[{"href":"https:\/\/soloibiza.com\/it\/wp-json\/wp\/v2\/media?parent=49919"}],"curies":[{"name":"wp","href":"https:\/\/api.w.org\/{rel}","templated":true}]}}