{"id":49879,"date":"2019-02-24T10:05:36","date_gmt":"2019-02-24T09:05:36","guid":{"rendered":"https:\/?page_id=49879"},"modified":"2019-02-24T10:05:36","modified_gmt":"2019-02-24T09:05:36","slug":"bus-linea-33-san-mateo-ibiza","status":"publish","type":"page","link":"https:\/\/soloibiza.com\/it\/autobus-linee-e-orari-di-ibiza\/bus-linea-33-san-mateo-ibiza\/","title":{"rendered":"Bus linea 33 San Mateo Ibiza"},"content":{"rendered":"<div class=\"wpb-content-wrapper\"><p> [vc_row full_width=&#8221;stretch_row&#8221; parallax=&#8221;content-moving-fade&#8221; css=&#8221;.vc_custom_1541744452372{padding-top: 20px !important;padding-bottom: 60px !important;background-image: url(http:\/\/soloibiza.com\/wp-content\/uploads\/2018\/11\/autobuses.jpg?id=46038) !important;background-position: center;background-repeat: no-repeat;background-size: cover !important;}&#8221;] [vc_column] [vc_custom_heading text = &#8220;bus San Mateo Ibiza, linea 33&#8221; font_container = &#8220;tag: H1 | text_align: center | color:#ffffff&#8221; use_theme_fonts = &#8220;yes&#8221;] [\/vc_column] [\/vc_row] &#8220;[vc_row el_class = &#8220;autobus&#8221;] [vc_column width = &#8220;2\/3&#8221;] [vc_column_text] <\/p>\n<h2 >Periodo invernale (dal 1 \u00b0 novembre al 30 aprile)<\/h2>\n<p> [\/vc_column_text] [vc_row_inner css = &#8220;.vc_custom_1541746836497 {margin-bottom: 20px !important;}&#8221;] [vc_column_inner width=&#8221;1\/2&#8243; css=&#8221;.vc_custom_1541746655506{border-top-width: 1px !important;border-right-width: 1px !important;border-bottom-width: 1px !important;border-left-width: 1px !important;border-left-color:#666666 !important; border-left-style: solid !important; border-right-color:#666666 !important; border-right-style: solid !important; border-top-color:#666666 !important; border-top-style: solid !important; border-fondo-color:#666666 !important; border-bottom-style: solid !important;} &#8220;] [vc_column_text] <\/p>\n<h3 >San Mateo-> Ibiza<\/h3>\n<h4 style=\"text-align: center;\" >Da luned\u00ec a venerd\u00ec<\/h4>\n<p style=\"text-align: center;\" >8:00 12:35<\/p>\n<p> [\/vc_column_text] [\/vc_column_inner] [vc_column_inner width=&#8221;1\/2&#8243; css=&#8221;.vc_custom_1541747027401{border-top-width: 1px !important;border-right-width: 1px !important;border-bottom-width: 1px !important;border-right-color:#666666 !important;border-right-style: solid !important; border-top-color:#666666 !important; border-top-style: solid !important; border-bottom-color:#666666 !important; border-bottom-style: solid !important;} &#8220;] [vc_column_text] <\/p>\n<h3 >Ibiza-> San Mateo<\/h3>\n<h4 style=\"text-align: center;\" >Da luned\u00ec a venerd\u00ec<\/h4>\n<p style=\"text-align: center;\" >7:30 12:00<\/p>\n<p> [\/vc_column_text] [\/vc_column_inner] [\/vc_row_inner] [vc_column_text] <\/p>\n<h2 >Ora legale (dal 1 dicembre al 30 aprile)<\/h2>\n<p> [\/vc_column_text] [vc_row_inner css = &#8220;.vc_custom_1541747165242 {margin-bottom: 20px !important;}&#8221;] [vc_column_inner width=&#8221;1\/2&#8243; css=&#8221;.vc_custom_1541747132513{border-top-width: 1px !important;border-right-width: 1px !important;border-bottom-width: 1px !important;border-left-width: 1px !important;border-left-color:#666666 !important; border-left-style: solid !important; border-right-color:#666666 !important; border-right-style: solid !important; border-top-color:#666666 !important; border-top-style: solid !important; border-bottom-color:#666666 !important; border-bottom-style: solid !important;} &#8220;] [vc_column_text] <\/p>\n<h3 >San Mateo-> Ibiza<\/h3>\n<h4 style=\"text-align: center;\" >Da luned\u00ec a venerd\u00ec<\/h4>\n<p style=\"text-align: center;\" >8:00 12:40<\/p>\n<p> [\/vc_column_text] [\/vc_column_inner] [vc_column_inner width=&#8221;1\/2&#8243; css=&#8221;.vc_custom_1541747140633{border-top-width: 1px !important;border-right-width: 1px !important;border-bottom-width: 1px !important;border-right-color:#666666 !important;border-right-style: solid !important; border-top-color:#666666 !important; border-top-style: solid !important; border-bottom-color:#666666 !important; border-bottom-style: solid !important;} &#8220;] [vc_column_text] <\/p>\n<h3 >Ibiza-> San Mateo<\/h3>\n<h4 style=\"text-align: center;\" >Da luned\u00ec a venerd\u00ec<\/h4>\n<p style=\"text-align: center;\" >7:30 12:00<\/p>\n<p> [\/vc_column_text] [\/vc_column_inner] [\/vc_row_inner] [vc_row_inner] [vc_column_inner] [vc_column_text] <\/p>\n<h3 >Tour della linea San Mateo-Ibiza<\/h3>\n<p> [\/vc_column_text] [\/vc_column_inner] [\/vc_row_inner] [vc_row_inner css=&#8221;.vc_custom_1541747312506{margin-bottom: 20px !important;border-top-width: 1px !important;border-right-width: 1px !important;border-bottom-width: 1px !important;border-left-width: 1px !important;border-left-color:#666666 ! importante; border-left-style: solid !important; border-right-color:#666666 !important; border-right-style: solid !important; border-top-color:#666666 !important; border-top-style: solid !important; border-fondo-color:#666666 !important; border-bottom-style: solid !important;} &#8220;] [vc_column_inner width = &#8220;1\/2&#8221;] [rt_list_style] <\/p>\n<ul>\n<li >San Mateo<\/li>\n<li >San Miguel<\/li>\n<li >Santa Gertrudis<\/li>\n<li >Ibiza citt\u00e0<\/li>\n<\/ul>\n<p> [\/rt_list_style] [\/vc_column_inner] [vc_column_inner width = &#8220;1\/2&#8221; css = &#8220;.vc_custom_1541747270371 {border-left-width: 1px !important; border-left-color:#666666 !important; border-left-style: solid !important;}&#8221;] [rt_list_style] <\/p>\n<ul>\n<li >Ibiza citt\u00e0-AV. Isidor Macabich<\/li>\n<li >Santa Gertrudis<\/li>\n<li >San Miguel<\/li>\n<li >San Mateo<\/li>\n<\/ul>\n<p> [\/rt_list_style] [\/vc_column_inner] [\/vc_row_inner] [vc_gmaps link=&#8221;#E-8_JTNDaWZyYW1lJTIwc3JjJTNEJTIyaHR0cHMlM0ElMkYlMkZ3d3cuZ29vZ2xlLmNvbSUyRm1hcHMlMkZlbWJlZCUzRnBiJTNEJTIxMW0xOCUyMTFtMTIlMjExbTMlMjExZDMxMDQuNTg3MzA2NjQ5ODQ2JTIxMmQxLjQyNzgwMzkxNTg2MjU1NDQlMjEzZDM4LjkxMDU1MTc1Mzc3Mjc3JTIxMm0zJTIxMWYwJTIxMmYwJTIxM2YwJTIxM20yJTIxMWkxMDI0JTIxMmk3NjglMjE0ZjEzLjElMjEzbTMlMjExbTIlMjExczB4MTI5OTQ2YmMxNjMyZTY2ZiUyNTNBMHg4NWNkNGY2MDJjYzQ2Yjc1JTIxMnNFaXZpc3NhLiUyQlRlcm1pbmFsJTIxNWUwJTIxM20yJTIxMXNlcyUyMTJzZXMlMjE0djE1NDE3NDc2MjYzMTUlMjIlMjB3aWR0aCUzRCUyMjYwMCUyMiUyMGhlaWdodCUzRCUyMjQ1MCUyMiUyMGZyYW1lYm9yZGVyJTNEJTIyMCUyMiUyMHN0eWxlJTNEJTIyYm9yZGVyJTNBMCUyMiUyMGFsbG93ZnVsbHNjcmVlbiUzRSUzQyUyRmlmcmFtZSUzRQ==&#8221;] [vc_column_text] <\/p>\n<h2 >Altri autobus dall&#8217;isola di Ibiza<\/h2>\n<p> Se avete intenzione di utilizzare il servizio di autobus si dovr\u00e0 conoscere le opzioni peculiari a nostra disposizione. Se Raggrupperemo per localit\u00e0 le linee avranno nella capitale di Eivissa servizi essenziali di autobus come <a href=\"https:\/autobuses-de-ibiza-lineas-y-horarios\/autobus-ibiza-hospital-can-misses-linea-h\/\">Ibiza Hospital<\/a>, <a href=\"https:\/autobuses-de-ibiza-lineas-y-horarios\/autobuses-linea-l10-ibiza-aeropuerto\/\">linea L10 ibiza citt\u00e0-> aeroporto di Ibiza<\/a> e <a href=\"https:\/autobuses-de-ibiza-lineas-y-horarios\/autobus-linea-12a-ibiza-hospital-can-misses-puig-den-valls-jesus-talamanca-marina-botafoch-puerto\/\">L12A Eivissa-> Can Misses-> Puig d&#8217;en Valls-> Jes\u00fas Playa de Talamanca Marina Botafoch-> Porto di Ibiza-> Ibiza<\/a>. Se vuoi viaggiare in altri posti, da Ibiza dovrai farlo nei collegamenti <a href=\"https:\/autobuses-de-ibiza-lineas-y-horarios\/autobus-linea-3-san-antonio-san-rafael-ibiza\/\">L3 Sant Antoni-> San Rafael-> Eivissa<\/a> e <a href=\"https:\/autobuses-de-ibiza-lineas-y-horarios\/autobuses-linea-8-sant-antoni-sant-josep-ibiza\/\">L8 San Antonio Sant Josep de sa Talaia Ibiza<\/a> con destinazione ovest. A sud si pu\u00f2 utilizzare il <a href=\"https:\/autobuses-de-ibiza-lineas-y-horarios\/autobus-linea-l25-ibiza-santa-gertrudis-san-miguel\/\">L25 Ibiza-> Santa Gertrudis-> Sant Miguel de Balansat<\/a> per coloro che stanno per esplorare una spiaggia da Eivissa saremo in grado di prendere il <a href=\"https:\/autobuses-de-ibiza-lineas-y-horarios\/autobus-linea-l12b-ibiza-puerto-marina-botafoch-puerto-ferrys-talamanca-cap-martinet-jesus\/\">L12B Ibiza-> Porto di eivissa-> Marina botafoch Talamanca-> Cap Martinet-> Jes\u00fas<\/a>, <a href=\"https:\/autobuses-de-ibiza-lineas-y-horarios\/autobus-l13-ibiza-santa-eulalia\/\">L13 Ibiza Santa Eularia <\/a>, <a href=\"https:\/autobuses-de-ibiza-lineas-y-horarios\/autobus-linea-33-san-mateo-ibiza\/\">L33 Sant Mateu-> Ibiza<\/a> e <a href=\"https:\/autobuses-de-ibiza-lineas-y-horarios\/autobus-linea-l35-ibiza-can-misses-sa-carroca-san-jorge\/\">L35 ospedale della citt\u00e0 di Ibiza Can Misses sa Roca Sant Jordi<\/a>. L&#8217;autobus che va a calette dalla citt\u00e0 di Ibiza sono <a href=\"https:\/autobuses-de-ibiza-lineas-y-horarios\/autobuses-linea-l11-ibiza-sant-jordi-ses-salines\/\">L11 Ibiza citt\u00e0 San Jorge Salinas<\/a> e <a href=\"https:\/autobuses-de-ibiza-lineas-y-horarios\/autobuses-linea-l11b-ibiza-playa-den-bossa-ses-salines\/\">L11B Ibiza citt\u00e0 &#8211; > spiaggia d&#8217;en Bossa &#8211; > Ses Salines<\/a> o <a href=\"https:\/autobuses-de-ibiza-lineas-y-horarios\/bus-l14-eivissa-platja-den-bossa\/\">L14 Ibiza citt\u00e0 spiaggia d&#8217; Bossa<\/a>. Se si decide a voi da calette del nord con partenza dalla citt\u00e0 di Ibiza sar\u00e0 <a href=\"https:\/autobuses-de-ibiza-lineas-y-horarios\/autobus-linea-l15-ibiza-jesus-cala-llonga\/\">linea L15 Ibiza citt\u00e0 Ges\u00f9 &#8211; > Cala Llonga <\/a>, <a href=\"https:\/autobuses-de-ibiza-lineas-y-horarios\/autobus-linea-20a-ibiza-san-lorenzo-san-juan-portinatx\/\">linea L20A Ibiza Sant Lloren\u00e7 &#8211; > Portinatx San Juan<\/a>, <a href=\"https:\/autobuses-de-ibiza-lineas-y-horarios\/autobus-linea-l23-ibiza-benirras\/\">L23 Eivissa &#8211; > Benirras <\/a>e <a href=\"https:\/autobuses-de-ibiza-lineas-y-horarios\/autobus-linea-l25a-ibiza-puerto-de-san-miguel\/\">linea L25A Ibiza citt\u00e0 &#8211; > Porto di Sant Miquel<\/a> all&#8217;interno della citt\u00e0 sono gli autobus che percorrono il centro <a href=\"https:\/autobuses-de-ibiza-lineas-y-horarios\/autobus-linea-l45-vara-de-rey-dalt-vila-can-misses-casas-baratas-cas-serres\/\">L45 Vara de Rey &#8211; > Dalt Vila &#8211; > Can Misses &#8211; > Case a buon mercato &#8211; > Cas Serres<\/a> e <a href=\"https:\/autobuses-de-ibiza-lineas-y-horarios\/autobus-linea-l50-parking-es-dominguet-parking-es-gorg-puerto-de-ibiza-bartolome-rosello-es-raspallar-puig-den-valls-solivera\/\">L50 parcheggio \u00e8 Dominguets (GESA) &#8211; > parcheggio \u00e8 Gorg -> Puerto de Ibiza Bartolom\u00e9 Rossell\u00f3 &#8211; > \u00e8 Raspallar &#8211; > Puig D&#8217; a Valls &#8211; > s \u00b4 Olivera<\/a> <\/p>\n<h3 >Gli autobus di Sant Antoni de Portmany<\/h3>\n<p> Le opzioni che partono da Sant Antoni sono da effettuarsi principalmente alla citt\u00e0 di Ibiza e <a href=\"https:\/autobuses-de-ibiza-lineas-y-horarios\/autobuses-linea-9-san-antonio-san-jose-aeropuerto\/\">L9 San Antonio-> aeroporto di Sant Josep<\/a>. In direzione di altri luoghi turistici abbiamo <a href=\"https:\/autobuses-de-ibiza-lineas-y-horarios\/autobus-linea-19-santa-eulalia-san-antonio\/\">linea L19 Santa Eulalia del fiume Sant Antoni<\/a>, <a href=\"https:\/autobuses-de-ibiza-lineas-y-horarios\/autobus-linea-l30-san-antonio-santa-ines-ibiza\/\">linea L30 San Antonio Santa Agn\u00e9s Ibiza<\/a> e <a href=\"https:\/autobuses-de-ibiza-lineas-y-horarios\/autobuses-linea-3-1-can-bonet-ses-paises-san-antonio-can-coix\/\">L 3,1 Can Bonet ses paises San Antonio-> Can Coix<\/a>. Per esplorare le spiagge vicine possiamo utilizzare <a href=\"https:\/autobuses-de-ibiza-lineas-y-horarios\/autobus-linea-1-san-antonio-cala-gracio-stella-maris\/\">Sant Antoni-> Cala Graci\u00f3-> Stella Maris<\/a>, <a href=\"https:\/autobuses-de-ibiza-lineas-y-horarios\/autobus-linea-2-san-antonio-port-des-torrent\/\">L2 Sant Antoni Port des Torrent <\/a>e <a href=\"https:\/autobuses-de-ibiza-lineas-y-horarios\/autobus-linea-l34-san-antonio-cala-salada\/\">L34 San Antonio Cala Salada<\/a>. Se scegliamo le insenature di altre aree possiamo utilizzare gli autobus in direzione <a href=\"https:\/autobuses-de-ibiza-lineas-y-horarios\/autobuses-linea-l4-san-antonio-cala-de-comte\/\">L4 Sant Antoni Cala de Comte <\/a>, <a href=\"https:\/autobuses-de-ibiza-lineas-y-horarios\/autobuses-linea-5-sant-antoni-cala-tarida\/\">linea L5 Sant Antoni Cala T\u00e1rida<\/a> o <a href=\"https:\/autobuses-de-ibiza-lineas-y-horarios\/autobuses-linea-7-san-antonio-cala-bassa\/\">linea L7 San Antonio Cala Bassa<\/a>. A nord abbiamo <a href=\"https:\/autobuses-de-ibiza-lineas-y-horarios\/autobus-linea-22-san-antonio-puerto-de-san-miguel\/\">L22 San Antonio Puerto de Sant Miquel <\/a>e <a href=\"https:\/autobuses-de-ibiza-lineas-y-horarios\/autobus-linea-l23a-san-antonio-playa-de-benirras\/\">linea L23A San Antonio Playa Benirras<\/a>. <\/p>\n<h3 >Le rotte di Santa Eulalia<\/h3>\n<p> In Santa Eularia des Riu abbiamo alternative in direzione altre localit\u00e0 come la <a href=\"https:\/autobuses-de-ibiza-lineas-y-horarios\/autobus-linea-16-santa-eulalia-san-carlos\/\">linea L16 Santa Eularia-> San Carlos <\/a>, <a href=\"https:\/autobuses-de-ibiza-lineas-y-horarios\/autobus-l17-santa-eulalia-urbanizacion-siesta\/\">linea L17 Santa Eularia-> urbanizzazione Siesta <\/a>e <a href=\"https:\/autobuses-de-ibiza-lineas-y-horarios\/autobus-linea-l24-cala-nova-es-canar-santa-eulalia-aeropuerto\/\">L24 Cala Nova Es Canar-> Santa Eularia des Riu-> Aeroporto di Ibiza<\/a>. Per le spiagge, <a href=\"https:\/autobuses-de-ibiza-lineas-y-horarios\/autobus-linea-16a-santa-eulalia-san-carlos-cala-llenya\/\">linea L16A Santa Eulalia San Carlos Cala Llenya<\/a>, <a href=\"https:\/autobuses-de-ibiza-lineas-y-horarios\/autobus-linea-16c-santa-eulalia-las-dalias-san-carlos-es-figueral-cala-san-vicente\/\">L16C santa Eulalia-> Las Dalias Sant Carles de Peralta es figueral-> Cala San Vicente<\/a> e <a href=\"https:\/autobuses-de-ibiza-lineas-y-horarios\/autobus-linea-23b-santa-eulalia-playa-de-benirras\/\">L23B santa eularia des Riu-> spiaggia Benirr\u00e1s <\/a>verso Sant Joan. Cos\u00ec come i viaggi per <a href=\"https:\/autobuses-de-ibiza-lineas-y-horarios\/autobus-linea-18b-santa-eulalia-sargamassa-cala-martina-es-canar-cala-nova\/\">L18B Santa Eulalia-> s&#8217;Argamassa Cana Martina-> es Canar-> Cala Nova <\/a>, <a href=\"https:\/autobuses-de-ibiza-lineas-y-horarios\/autobus-linea-18a-santa-eulalia-es-canar\/\">L18A santa eularia-> Es Canar <\/a>, <a href=\"https:\/autobuses-de-ibiza-lineas-y-horarios\/autobus-linea-l21-santa-eulalia-san-juan-portinatx\/\">L21 Santa Eulalia-> Sant Joan-> Portinatx<\/a> e <a href=\"https:\/autobuses-de-ibiza-lineas-y-horarios\/autobus-linea-l41-santa-eulalia-cala-llonga\/\">linea L41 Santa Eularia des Riu- > Cala Llonga<\/a>. <\/p>\n<h3 >Altre linee a Ibiza<\/h3>\n<p> Alcune linee collegano nuclei urbani frequentati come <a href=\"https:\/autobuses-de-ibiza-lineas-y-horarios\/autobus-linea-l36-aeropuerto-playa-den-bossa\/\">L36 Aeropuerto Playa d&#8217;en Bossa<\/a>, <a href=\"https:\/autobuses-de-ibiza-lineas-y-horarios\/autobus-linea-37-puerto-de-san-miguel-es-canar\/\">linea L37 Porto di Sant Miquel es Canar <\/a>o <a href=\"https:\/autobuses-de-ibiza-lineas-y-horarios\/autobus-linea-l26-san-jose-cala-vadella\/\">linea L26 San Jos\u00e9-> Cala Vedella<\/a>. Altri collegano le popolazioni e le regioni costiere come <a href=\"https:\/autobuses-de-ibiza-lineas-y-horarios\/autobus-linea-l20b-san-juan-cala-san-vicente\/\">L\u00ednea L20B San Juan Cala San Vicente<\/a>, <a href=\"https:\/autobuses-de-ibiza-lineas-y-horarios\/autobus-linea-l23c-portinatx-san-juan-playa-de-benirras\/\">L23C portinatx-> Sant Joan de labritja-> Playa Benirras <\/a>, <a href=\"https:\/autobuses-de-ibiza-lineas-y-horarios\/autobus-linea-l23p-benirras-playa-de-benirras\/\">L23P Benirr\u00e1s (Parking)-> Playa Benirras <\/a>o <a href=\"https:\/autobuses-de-ibiza-lineas-y-horarios\/autobus-linea-l42-es-cubells-san-jose\/\">L42 es Cubells-> Sant Josep de sa Talaia<\/a>. <\/p>\n<h3 >Corse in autobus dei Club: il bus disco<\/h3>\n<p> Durante l&#8217;estate \u00e8 possibile utilizzare opzioni aggiuntive che passeranno attraverso le citt\u00e0 pi\u00f9 affollate. Queste opzioni sono <a href=\"https:\/autobuses-de-ibiza-lineas-y-horarios\/autobus-linea-l3-disco-bus-san-antonio-privilege-amnesia-pacha-puerto-de-ibiza\/\">L3 Discobus Sant Antoni Privilege amnesia-> Pacha Port di Ibiza<\/a>, <a href=\"https:\/autobuses-de-ibiza-lineas-y-horarios\/autobus-linea-l3b-disco-bus-san-antonio-playa-den-bossa-ushuaia\/\">L3B Discobus Sant Antoni Playa d&#8217;en Bossa (Ushuaia h\u00ef)<\/a>, <a href=\"https:\/autobuses-de-ibiza-lineas-y-horarios\/autobus-linea-l13-18-discobus-puerto-de-ibiza-santa-eulalia-es-canar\/\">L13 18 Disco Bus Porto di Ibiza-> santa eularia des Riu-> Es Canar <\/a>e <a href=\"https:\/autobuses-de-ibiza-lineas-y-horarios\/autobus-linea-l14-discobus-pacha-puerto-de-ibiza-playa-den-bossa-ushuaia\/\">linea L14 Discobus Pacha Puerto de Ibiza Playa d&#8217;en Bossa Ushuaia H\u00cf<\/a>[\/vc_column_text] [\/vc_column] [vc_column width = &#8220;1\/3&#8221;] [vc_single_image immagine = &#8220;46038&#8221; img_size = &#8220;full&#8221;] [vc_column_text] <\/p>\n<h2 >San Mateo Ibiza Concession Company<\/h2>\n<p> Autocars Lucas Costa S.L. <a href=\"tel:971312755\">971 312 755<\/a> [\/vc_column_text] [vc_column_text] gli orari impostati per la <strong>linea 33 San Mateo Ibiza<\/strong> sono a scopo informativo. <a href=\"https:\/\">solo Ibiza<\/a> non \u00e8 responsabile per eventuali danni o lesioni causate dalla linea o le informazioni visualizzate qui. [\/vc_column_text] [\/vc_column] [\/vc_row] [vc_row full_width = &#8220;stretch_row&#8221; css = &#8220;.vc_custom_1541747335413 {background-color:#0000ff !important;}&#8221;] [vc_column] [vc_column_text css_animation = &#8220;FadeIn&#8221; El_class = &#8220;. Size24&#8221;] <\/p>\n<p class=\"size24\" style=\"text-align: center;\"><span style=\"color:#ffffff;\">la sezione autobus San Mateo Ibiza \u00e8 sponsorizzata da<\/span> <a href=\"https:\/\/disenowebibiza.soloibiza.com\/\"> <span style=\"color:#ffffff;\">Web design Ibiza e programmazione<\/span> <\/a><\/p>\n<p> [\/vc_column_text] [\/vc_column] [\/vc_row] <\/p>\n<\/div>","protected":false},"excerpt":{"rendered":"<p>[vc_row full_width=&#8221;stretch_row&#8221; parallax=&#8221;content-moving-fade&#8221; css=&#8221;.vc_custom_1541744452372{padding-top: 20px !important;padding-bottom: 60px !important;background-image: url(http:\/\/soloibiza.com\/wp-content\/uploads\/2018\/11\/autobuses.jpg?id=46038) !important;background-position: center;background-repeat: no-repeat;background-size: cover !important;}&#8221;] [vc_column] [vc_custom_heading text = &#8220;bus San Mateo Ibiza, linea 33&#8221; font_container = &#8220;tag: H1 | text_align: center | color:#ffffff&#8221; use_theme_fonts = &#8220;yes&#8221;] [\/vc_column] [\/vc_row] &#8220;[vc_row el_class = &#8220;autobus&#8221;] [vc_column width = &#8220;2\/3&#8221;] [vc_column_text] Periodo invernale (dal 1 \u00b0 novembre al 30 [&hellip;]<\/p>\n","protected":false},"author":1,"featured_media":0,"parent":49309,"menu_order":0,"comment_status":"closed","ping_status":"closed","template":"","meta":{"_acf_changed":false,"footnotes":""},"class_list":["post-49879","page","type-page","status-publish","hentry"],"acf":[],"_links":{"self":[{"href":"https:\/\/soloibiza.com\/it\/wp-json\/wp\/v2\/pages\/49879","targetHints":{"allow":["GET"]}}],"collection":[{"href":"https:\/\/soloibiza.com\/it\/wp-json\/wp\/v2\/pages"}],"about":[{"href":"https:\/\/soloibiza.com\/it\/wp-json\/wp\/v2\/types\/page"}],"author":[{"embeddable":true,"href":"https:\/\/soloibiza.com\/it\/wp-json\/wp\/v2\/users\/1"}],"replies":[{"embeddable":true,"href":"https:\/\/soloibiza.com\/it\/wp-json\/wp\/v2\/comments?post=49879"}],"version-history":[{"count":0,"href":"https:\/\/soloibiza.com\/it\/wp-json\/wp\/v2\/pages\/49879\/revisions"}],"up":[{"embeddable":true,"href":"https:\/\/soloibiza.com\/it\/wp-json\/wp\/v2\/pages\/49309"}],"wp:attachment":[{"href":"https:\/\/soloibiza.com\/it\/wp-json\/wp\/v2\/media?parent=49879"}],"curies":[{"name":"wp","href":"https:\/\/api.w.org\/{rel}","templated":true}]}}