{"id":49851,"date":"2019-02-24T09:52:09","date_gmt":"2019-02-24T08:52:09","guid":{"rendered":"https:\/?page_id=49851"},"modified":"2019-02-24T09:52:09","modified_gmt":"2019-02-24T08:52:09","slug":"autobus-l17-santa-eulalia-urbanizzazione-siesta","status":"publish","type":"page","link":"https:\/\/soloibiza.com\/it\/autobus-linee-e-orari-di-ibiza\/autobus-l17-santa-eulalia-urbanizzazione-siesta\/","title":{"rendered":"Autobus L17 Santa Eulalia urbanizzazione Siesta"},"content":{"rendered":"<div class=\"wpb-content-wrapper\"><p> [vc_row full_width=&#8221;stretch_row&#8221; parallax=&#8221;content-moving-fade&#8221; css=&#8221;.vc_custom_1541744452372{padding-top: 20px !important;padding-bottom: 60px !important;background-image: url(http:\/\/soloibiza.com\/wp-content\/uploads\/2018\/11\/autobuses.jpg?id=46038) !important;background-position: center;background-repeat: no-repeat;background-size: cover !important;}&#8221;] [vc_column] [vc_custom_heading text = &#8220;bus Santa Eulalia Urbanizaci\u00f3n Siesta, linea 17&#8221; font_container = &#8220;etichetta: H1 | text_align: center | color:#ffffff&#8221; use_theme_fonts = &#8220;yes&#8221;] [\/vc_column] [\/vc_row] &#8220;[vc_row el_class = &#8220;autobus&#8221;] [vc_column width = &#8220;2\/3&#8221;] [vc_column_text] <\/p>\n<h2 >Orario invernale (nessun servizio)<\/h2>\n<p> [\/vc_column_text] [vc_column_text] <\/p>\n<h2 >Periodo estivo (dal 15 luglio al 15 settembre)<\/h2>\n<p> [\/vc_column_text] [vc_row_inner css = &#8220;.vc_custom_1541747165242 {margin-bottom: 20px !important;}&#8221;] [vc_column_inner width=&#8221;1\/2&#8243; css=&#8221;.vc_custom_1541747132513{border-top-width: 1px !important;border-right-width: 1px !important;border-bottom-width: 1px !important;border-left-width: 1px !important;border-left-color:#666666 !important; border-left-style: solid !important; border-right-color:#666666 !important; border-right-style: solid !important; border-top-color:#666666 !important; border-top-style: solid !important; border-fondo-color:#666666 !important; border-bottom-style: solid !important;} &#8220;] [vc_column_text] <\/p>\n<h3 >Santa Eulalia-urbanizzazione > Siesta<\/h3>\n<h4 style=\"text-align: center;\" >Da luned\u00ec a venerd\u00ec<\/h4>\n<p style=\"text-align: center;\" >09:00 14:00<\/p>\n<p> [\/vc_column_text] [\/vc_column_inner] [vc_column_inner width=&#8221;1\/2&#8243; css=&#8221;.vc_custom_1541747140633{border-top-width: 1px !important;border-right-width: 1px !important;border-bottom-width: 1px !important;border-right-color:#666666 !important;border-right-style: solid !important; border-top-color:#666666 !important; border-top-style: solid !important; border-bottom-color:#666666 !important; border-bottom-style: solid !important;} &#8220;] [vc_column_text] <\/p>\n<h3 >Urbanizaci\u00f3n Siesta-> Santa Eulalia<\/h3>\n<h4 style=\"text-align: center;\" >Da luned\u00ec a venerd\u00ec<\/h4>\n<p style=\"text-align: center;\" >9:10 14:10<\/p>\n<p> [\/vc_column_text] [\/vc_column_inner] [\/vc_row_inner] [vc_row_inner] [vc_column_inner] [vc_column_text] <\/p>\n<h3 >Itinerario della Santa Eulalia-urbanizzazione Siesta<\/h3>\n<p> [\/vc_column_text] [\/vc_column_inner] [\/vc_row_inner] [vc_row_inner css=&#8221;.vc_custom_1541747312506{margin-bottom: 20px !important;border-top-width: 1px !important;border-right-width: 1px !important;border-bottom-width: 1px !important;border-left-width: 1px !important;border-left-color:#666666 ! importante; border-left-style: solid !important; border-right-color:#666666 !important; border-right-style: solid !important; border-top-color:#666666 !important; border-top-style: solid !important; border-fondo-color:#666666 !important; border-bottom-style: solid !important;} &#8220;] [vc_column_inner width = &#8220;1\/2&#8221;] [rt_list_style] <\/p>\n<ul>\n<li >Stazione degli autobus di Santa Eulalia<\/li>\n<li >Guash pu\u00f2<\/li>\n<li >Edificio residenziale sta Eulalia (Siesta)<\/li>\n<li >A. Siesta Mar<\/li>\n<\/ul>\n<p> [\/rt_list_style] [\/vc_column_inner] [vc_column_inner width = &#8220;1\/2&#8221; css = &#8220;.vc_custom_1541747270371 {border-left-width: 1px !important; border-left-color:#666666 !important; border-left-style: solid !important;}&#8221;] [rt_list_style] <\/p>\n<ul>\n<li >A. Siesta Mar<\/li>\n<li >Edificio residenziale sta Eulalia (Siesta)<\/li>\n<li >Guash pu\u00f2<\/li>\n<li >Stazione degli autobus di Santa Eulalia<\/li>\n<\/ul>\n<p> [\/rt_list_style] [\/vc_column_inner] [\/vc_row_inner] [vc_gmaps link=&#8221;#E-8_JTNDaWZyYW1lJTIwc3JjJTNEJTIyaHR0cHMlM0ElMkYlMkZ3d3cuZ29vZ2xlLmNvbSUyRm1hcHMlMkZlbWJlZCUzRnBiJTNEJTIxMW0xOCUyMTFtMTIlMjExbTMlMjExZDQ5NjIwLjU2Mjg5MDg5NTk4JTIxMmQxLjQ5NzM4NTM3OTEwMTU1ODElMjEzZDM4Ljk4NTk4NzMlMjEybTMlMjExZjAlMjEyZjAlMjEzZjAlMjEzbTIlMjExaTEwMjQlMjEyaTc2OCUyMTRmMTMuMSUyMTNtMyUyMTFtMiUyMTFzMHgxMjk5MTU0ZmFmY2UxM2IzJTI1M0EweDJhM2NjNDg4ZmJhMzQ2NzIlMjEyc0VzdGFjaSUyNUMzJTI1QjNuJTJCZGUlMkJBdXRvYnVzZXMlMkJkZSUyQlN0YS4lMkJFdWxhcmlhLiUyQlRlcm1pbmFsJTIxNWUwJTIxM20yJTIxMXNlcyUyMTJzZXMlMjE0djE1NDE4NTUzOTI3MjMlMjIlMjB3aWR0aCUzRCUyMjYwMCUyMiUyMGhlaWdodCUzRCUyMjQ1MCUyMiUyMGZyYW1lYm9yZGVyJTNEJTIyMCUyMiUyMHN0eWxlJTNEJTIyYm9yZGVyJTNBMCUyMiUyMGFsbG93ZnVsbHNjcmVlbiUzRSUzQyUyRmlmcmFtZSUzRQ==&#8221;] [vc_column_text] <\/p>\n<h2 >Altre linee di autobus da Ibiza Island<\/h2>\n<p> Se si desidera muoversi con il servizio di autobus si dovr\u00e0 capire le numerose linee. Se si raggruppa per popolazioni le linee che siamo nella capitale di Eivissa linee di autobus di base come la <a href=\"https:\/autobuses-de-ibiza-lineas-y-horarios\/autobus-ibiza-hospital-can-misses-linea-h\/\">linea H Eivissa Can Misses<\/a>, <a href=\"https:\/autobuses-de-ibiza-lineas-y-horarios\/autobuses-linea-l10-ibiza-aeropuerto\/\">linea L10 eivissa-> aeroporto<\/a> e <a href=\"https:\/autobuses-de-ibiza-lineas-y-horarios\/autobus-linea-12a-ibiza-hospital-can-misses-puig-den-valls-jesus-talamanca-marina-botafoch-puerto\/\">L12A Ibiza Can Misses-> Puig d&#8217;en valls-> Ges\u00f9-> Talamanca Beach-> Marina Botafoch-> Puerto Ibiza City<\/a>. Se avete bisogno di andare in altre zone, lasciando Ibiza \u00e8 possibile utilizzare le linee <a href=\"https:\/autobuses-de-ibiza-lineas-y-horarios\/autobus-linea-3-san-antonio-san-rafael-ibiza\/\">linea L3 Sant Antoni-> Sant Rafel Ibiza<\/a> o <a href=\"https:\/autobuses-de-ibiza-lineas-y-horarios\/autobuses-linea-8-sant-antoni-sant-josep-ibiza\/\">L8 linea Sant Antoni sant Josep-> Ibiza<\/a> in direzione ovest. Se andiamo in aeroporto i percorsi <a href=\"https:\/autobuses-de-ibiza-lineas-y-horarios\/autobus-linea-l25-ibiza-santa-gertrudis-san-miguel\/\">L25 Eivissa-> Santa Gertrudis de Fruit\u00e9 Sant Miguel de Balansat<\/a> per coloro che scopriranno una baia da Ibiza citt\u00e0 saremo in grado di utilizzare il <a href=\"https:\/autobuses-de-ibiza-lineas-y-horarios\/autobus-linea-l12b-ibiza-puerto-marina-botafoch-puerto-ferrys-talamanca-cap-martinet-jesus\/\">L12B Ibiza-> Porto di Ibiza-> Marina Botafoch Talamanca Cap Martinet Jes\u00fas<\/a>, <a href=\"https:\/autobuses-de-ibiza-lineas-y-horarios\/autobus-l13-ibiza-santa-eulalia\/\">linea L13 Ibiza &#8211; > Santa Eulalia del R\u00edo <\/a>, <a href=\"https:\/autobuses-de-ibiza-lineas-y-horarios\/autobus-linea-33-san-mateo-ibiza\/\">linea L33 San Mateo Ibiza citt\u00e0<\/a> come <a href=\"https:\/autobuses-de-ibiza-lineas-y-horarios\/autobus-linea-l35-ibiza-can-misses-sa-carroca-san-jorge\/\">linea Ibiza L35 &#8211; > Can Misses &#8211; > Sa Carroca &#8211; > San Jorge<\/a>. Linee di autobus diretti alle spiagge della citt\u00e0 sono <a href=\"https:\/autobuses-de-ibiza-lineas-y-horarios\/autobuses-linea-l11-ibiza-sant-jordi-ses-salines\/\">Linea L11 Eivissa &#8211; > Sant Jordi &#8211; > Ses Salines<\/a> e <a href=\"https:\/autobuses-de-ibiza-lineas-y-horarios\/autobuses-linea-l11b-ibiza-playa-den-bossa-ses-salines\/\">L11B Eivissa &#8211; > D&#8217; Bossa, Las Salinas<\/a> o <a href=\"https:\/autobuses-de-ibiza-lineas-y-horarios\/bus-l14-eivissa-platja-den-bossa\/\">linea L14 Ibiza Playa d&#8217;en Bossa<\/a>. Spiagge del nord con percorsi da Ibiza sar\u00e0 <a href=\"https:\/autobuses-de-ibiza-lineas-y-horarios\/autobus-linea-l15-ibiza-jesus-cala-llonga\/\">L15 Ibiza citt\u00e0 Ges\u00f9 Cala Llonga <\/a>, <a href=\"https:\/autobuses-de-ibiza-lineas-y-horarios\/autobus-linea-20a-ibiza-san-lorenzo-san-juan-portinatx\/\">L20A Ibiza Sant Lloren\u00e7 &#8211; > Sant Joan &#8211; > Portinatx<\/a>, <a href=\"https:\/autobuses-de-ibiza-lineas-y-horarios\/autobus-linea-l23-ibiza-benirras\/\">linea L23 Ibiza citt\u00e0 &#8211; > Benirras <\/a>e <a href=\"https:\/autobuses-de-ibiza-lineas-y-horarios\/autobus-linea-l25a-ibiza-puerto-de-san-miguel\/\">L25A Eivissa Puerto Sant Miquel<\/a> in percorsi di citt\u00e0 che attraversano la citt\u00e0 centro sar\u00e0 <a href=\"https:\/autobuses-de-ibiza-lineas-y-horarios\/autobus-linea-l45-vara-de-rey-dalt-vila-can-misses-casas-baratas-cas-serres\/\">L45 Vara de Rey Dalt Vila Ospedale Can Misses &#8211; > casi Barates Cas Serres<\/a> e <a href=\"https:\/autobuses-de-ibiza-lineas-y-horarios\/autobus-linea-l50-parking-es-dominguet-parking-es-gorg-puerto-de-ibiza-bartolome-rosello-es-raspallar-puig-den-valls-solivera\/\">linea L50 parcheggio \u00e8 Dominguets &#8211; > parcheggio \u00e8 Gorg &#8211; > Puerto de Ibiza Bartolome Rossell\u00f3 &#8211; > Raspallar \u00e8 Puig D&#8217; a Valls &#8211; > s \u00b4 Olivera<\/a> <\/p>\n<h3 >Le rotte di San Antonio<\/h3>\n<p> Le opzioni da Sant Antonio de Portmany stanno per essere effettuate principalmente verso Eivissa e <a href=\"https:\/autobuses-de-ibiza-lineas-y-horarios\/autobuses-linea-9-san-antonio-san-jose-aeropuerto\/\">L9 linea Sant Antoni-> aeroporto di Sant Josep<\/a>. Per altre citt\u00e0 abbiamo <a href=\"https:\/autobuses-de-ibiza-lineas-y-horarios\/autobus-linea-19-santa-eulalia-san-antonio\/\">L19 Santa Eulalia del R\u00edo-> Sant Antoni<\/a>, <a href=\"https:\/autobuses-de-ibiza-lineas-y-horarios\/autobus-linea-l30-san-antonio-santa-ines-ibiza\/\">L30 San Antonio-> Santa In\u00e9s Ibiza City<\/a> e <a href=\"https:\/autobuses-de-ibiza-lineas-y-horarios\/autobuses-linea-3-1-can-bonet-ses-paises-san-antonio-can-coix\/\">L 3,1 Can Bonet-> Ses Pa\u00efses-> San Antonio-> Can Coix<\/a>. Per esplorare le baie vicine possiamo prendere <a href=\"https:\/autobuses-de-ibiza-lineas-y-horarios\/autobus-linea-1-san-antonio-cala-gracio-stella-maris\/\">San Antonio-> Cala Graci\u00f3-> Hotel Stella Maris<\/a>, <a href=\"https:\/autobuses-de-ibiza-lineas-y-horarios\/autobus-linea-2-san-antonio-port-des-torrent\/\">L2 san Antonio-> Port des Torrent (Western Hotel Ibiza)<\/a> e <a href=\"https:\/autobuses-de-ibiza-lineas-y-horarios\/autobus-linea-l34-san-antonio-cala-salada\/\">L34 linea Sant Antoni-> Cala Salada<\/a>. Se decidiamo sulle spiagge di altre destinazioni possiamo prendere gli autobus per <a href=\"https:\/autobuses-de-ibiza-lineas-y-horarios\/autobuses-linea-l4-san-antonio-cala-de-comte\/\">L4 Sant Antoni Calas de compte <\/a>, <a href=\"https:\/autobuses-de-ibiza-lineas-y-horarios\/autobuses-linea-5-sant-antoni-cala-tarida\/\">L5 Sant Antoni Cala T\u00e1rida<\/a> o <a href=\"https:\/autobuses-de-ibiza-lineas-y-horarios\/autobuses-linea-7-san-antonio-cala-bassa\/\">L7 Sant Antoni-> Cala Bassa<\/a>. A nord abbiamo <a href=\"https:\/autobuses-de-ibiza-lineas-y-horarios\/autobus-linea-22-san-antonio-puerto-de-san-miguel\/\">L22 San Antonio-> Porto di Sant Miquel <\/a>e <a href=\"https:\/autobuses-de-ibiza-lineas-y-horarios\/autobus-linea-l23a-san-antonio-playa-de-benirras\/\">L23A san Antonio-> spiaggia di Benirr\u00e1s<\/a>. <\/p>\n<h3 >Gli autobus di Santa Eulalia del Rio<\/h3>\n<p> In Santa Eularia des Riu abbiamo collegamenti verso alcune localit\u00e0 come <a href=\"https:\/autobuses-de-ibiza-lineas-y-horarios\/autobus-linea-16-santa-eulalia-san-carlos\/\">L16 Santa Eularia-> Sant Carles de Peralta <\/a>, <a href=\"https:\/autobuses-de-ibiza-lineas-y-horarios\/autobus-l17-santa-eulalia-urbanizacion-siesta\/\">L17 Santa Eulalia del R\u00edo-> urbanizzazione Siesta <\/a>e <a href=\"https:\/autobuses-de-ibiza-lineas-y-horarios\/autobus-linea-l24-cala-nova-es-canar-santa-eulalia-aeropuerto\/\">linea L24 Cala Nova-> Es Canar-> Santa Eularia- > Aeroporto di Ibiza<\/a>. A Las Calas, <a href=\"https:\/autobuses-de-ibiza-lineas-y-horarios\/autobus-linea-16a-santa-eulalia-san-carlos-cala-llenya\/\">linea L16A Santa Eulalia-> Sant Carles Cala Llenya<\/a>, <a href=\"https:\/autobuses-de-ibiza-lineas-y-horarios\/autobus-linea-16c-santa-eulalia-las-dalias-san-carlos-es-figueral-cala-san-vicente\/\">L16C Santa Eulalia Las Dalias Sant Carles de Peralta-> Es Figueral Cala San Vicente<\/a> e <a href=\"https:\/autobuses-de-ibiza-lineas-y-horarios\/autobus-linea-23b-santa-eulalia-playa-de-benirras\/\">linea L23B Santa Eularia-> Spiaggia Benirras <\/a>a San Juan. Cos\u00ec come le rotte in direzione <a href=\"https:\/autobuses-de-ibiza-lineas-y-horarios\/autobus-linea-18b-santa-eulalia-sargamassa-cala-martina-es-canar-cala-nova\/\">L18B Santa Eulalia del R\u00edo-> s&#8217;Argamassa Cana Martina es Canar-> Cala Nova <\/a>, <a href=\"https:\/autobuses-de-ibiza-lineas-y-horarios\/autobus-linea-18a-santa-eulalia-es-canar\/\">L18A Santa Eulalia Es Canar <\/a>, <a href=\"https:\/autobuses-de-ibiza-lineas-y-horarios\/autobus-linea-l21-santa-eulalia-san-juan-portinatx\/\">linea L21 Santa Eulalia del R\u00edo San Juan Portinatx<\/a> e <a href=\"https:\/autobuses-de-ibiza-lineas-y-horarios\/autobus-linea-l41-santa-eulalia-cala-llonga\/\">linea L41 Santa Eulalia del Cala Llonga fiume<\/a>. <\/p>\n<h3 >Altre linee sull&#8217;isola di Ibiza<\/h3>\n<p> Alcune alternative collegano luoghi affollati come <a href=\"https:\/autobuses-de-ibiza-lineas-y-horarios\/autobus-linea-l36-aeropuerto-playa-den-bossa\/\">L36 aeroporto di Ibiza Playa d&#8217;en Bossa<\/a>, <a href=\"https:\/autobuses-de-ibiza-lineas-y-horarios\/autobus-linea-37-puerto-de-san-miguel-es-canar\/\">L37 Puerto de San Miguel Es Canar <\/a>o <a href=\"https:\/autobuses-de-ibiza-lineas-y-horarios\/autobus-linea-l26-san-jose-cala-vadella\/\">L26 Sant Josep de sa Talaia-> Cala Vadella<\/a>. Altri collegano i comuni con aree costiere come <a href=\"https:\/autobuses-de-ibiza-lineas-y-horarios\/autobus-linea-l20b-san-juan-cala-san-vicente\/\">L20B Sant Joan Cala de San Vicente <\/a>, <a href=\"https:\/autobuses-de-ibiza-lineas-y-horarios\/autobus-linea-l23c-portinatx-san-juan-playa-de-benirras\/\">L23C Portinatx San Juan Playa Benirras <\/a>, <a href=\"https:\/autobuses-de-ibiza-lineas-y-horarios\/autobus-linea-l23p-benirras-playa-de-benirras\/\">L\u00ednea L23P Benirr\u00e1s (parcheggio)-> spiaggia di Benirr\u00e1s <\/a>o L42 <a href=\"https:\/autobuses-de-ibiza-lineas-y-horarios\/autobus-linea-l42-es-cubells-san-jose\/\">linea es Cubells-> San Jos\u00e9<\/a>. <\/p>\n<h3 >Collegamenti in autobus per discoteche: il bus disco<\/h3>\n<p> Durante l&#8217;estate sarete in grado di utilizzare alcune opzioni peculiari che andranno in giro per i luoghi pi\u00f9 vivaci. Queste alternative saranno <a href=\"https:\/autobuses-de-ibiza-lineas-y-horarios\/autobus-linea-l3-disco-bus-san-antonio-privilege-amnesia-pacha-puerto-de-ibiza\/\">linea L3 Discobus Sant Antoni Privilege-> amnesia Pacha Port of Ibiza<\/a>, <a href=\"https:\/autobuses-de-ibiza-lineas-y-horarios\/autobus-linea-l3b-disco-bus-san-antonio-playa-den-bossa-ushuaia\/\">linea L3B Discobus Sant Antoni Playa d&#8217;en Bossa (Ushuaia h\u00ef)<\/a>, <a href=\"https:\/autobuses-de-ibiza-lineas-y-horarios\/autobus-linea-l13-18-discobus-puerto-de-ibiza-santa-eulalia-es-canar\/\">linea L13-> 18 disco bus porto di Ibiza-> Santa Eularia des Riu \u00e8 Canar <\/a>e <a href=\"https:\/autobuses-de-ibiza-lineas-y-horarios\/autobus-linea-l14-discobus-pacha-puerto-de-ibiza-playa-den-bossa-ushuaia\/\">linea L14 Discobus Pasha-> Porto di Ibiza-> Playa d&#8217;en Bossa-> Ushuaia h\u00ef<\/a>[\/vc_column_text] [\/vc_column] [vc_column width = &#8220;1\/3&#8221;] [vc_single_image immagine = &#8220;46038&#8221; img_size = &#8220;full&#8221;] [vc_column_text] <\/p>\n<h2 >Concessionario Empresa Santa Eulalia Urbanizaci\u00f3n Siesta<\/h2>\n<p> Compagnie di autobus H.F. Vil\u00e1s, S. A <a href=\"tel:971317306\">971 317 306<\/a> [\/vc_column_text] [vc_column_text] gli orari impostati per la <strong>linea 17 Santa Eulalia Urbanizaci\u00f3n Siesta<\/strong> sono a scopo informativo. <a href=\"https:\/\">solo Ibiza<\/a> non \u00e8 responsabile per eventuali danni o lesioni causate dalla linea o le informazioni visualizzate qui. [\/vc_column_text] [\/vc_column] [\/vc_row] [vc_row full_width = &#8220;stretch_row&#8221; css = &#8220;.vc_custom_1541747335413 {background-color:#0000ff !important;}&#8221;] [vc_column] [vc_column_text css_animation = &#8220;FadeIn&#8221; El_class = &#8220;. Size24&#8221;] <\/p>\n<p class=\"size24\" style=\"text-align: center;\"><span style=\"color:#ffffff;\">la sezione urbanizzazione Siesta bus di Santa Eulalia \u00e8 sponsorizzata da<\/span> <a href=\"https:\/\/disenowebibiza.soloibiza.com\/\"> <span style=\"color:#ffffff;\">Pagine Web e programmazione SEO Ibiza<\/span> <\/a><\/p>\n<p> [\/vc_column_text] [\/vc_column] [\/vc_row] <\/p>\n<\/div>","protected":false},"excerpt":{"rendered":"<p>[vc_row full_width=&#8221;stretch_row&#8221; parallax=&#8221;content-moving-fade&#8221; css=&#8221;.vc_custom_1541744452372{padding-top: 20px !important;padding-bottom: 60px !important;background-image: url(http:\/\/soloibiza.com\/wp-content\/uploads\/2018\/11\/autobuses.jpg?id=46038) !important;background-position: center;background-repeat: no-repeat;background-size: cover !important;}&#8221;] [vc_column] [vc_custom_heading text = &#8220;bus Santa Eulalia Urbanizaci\u00f3n Siesta, linea 17&#8221; font_container = &#8220;etichetta: H1 | text_align: center | color:#ffffff&#8221; use_theme_fonts = &#8220;yes&#8221;] [\/vc_column] [\/vc_row] &#8220;[vc_row el_class = &#8220;autobus&#8221;] [vc_column width = &#8220;2\/3&#8221;] [vc_column_text] Orario invernale (nessun servizio) [\/vc_column_text] [vc_column_text] Periodo [&hellip;]<\/p>\n","protected":false},"author":1,"featured_media":0,"parent":49309,"menu_order":0,"comment_status":"closed","ping_status":"closed","template":"","meta":{"_acf_changed":false,"footnotes":""},"class_list":["post-49851","page","type-page","status-publish","hentry"],"acf":[],"_links":{"self":[{"href":"https:\/\/soloibiza.com\/it\/wp-json\/wp\/v2\/pages\/49851","targetHints":{"allow":["GET"]}}],"collection":[{"href":"https:\/\/soloibiza.com\/it\/wp-json\/wp\/v2\/pages"}],"about":[{"href":"https:\/\/soloibiza.com\/it\/wp-json\/wp\/v2\/types\/page"}],"author":[{"embeddable":true,"href":"https:\/\/soloibiza.com\/it\/wp-json\/wp\/v2\/users\/1"}],"replies":[{"embeddable":true,"href":"https:\/\/soloibiza.com\/it\/wp-json\/wp\/v2\/comments?post=49851"}],"version-history":[{"count":0,"href":"https:\/\/soloibiza.com\/it\/wp-json\/wp\/v2\/pages\/49851\/revisions"}],"up":[{"embeddable":true,"href":"https:\/\/soloibiza.com\/it\/wp-json\/wp\/v2\/pages\/49309"}],"wp:attachment":[{"href":"https:\/\/soloibiza.com\/it\/wp-json\/wp\/v2\/media?parent=49851"}],"curies":[{"name":"wp","href":"https:\/\/api.w.org\/{rel}","templated":true}]}}