{"id":52718,"date":"2019-03-17T20:39:35","date_gmt":"2019-03-17T19:39:35","guid":{"rendered":"https:\/?page_id=52718"},"modified":"2019-03-18T07:24:21","modified_gmt":"2019-03-18T06:24:21","slug":"eglise-de-sant-jordi","status":"publish","type":"page","link":"https:\/\/soloibiza.com\/fr\/guide-touristique-culturel-et-naturel-ibiza\/guide-touristique-de-sant-josep-a-ibiza\/guide-de-tourisme-sant-jordi-de-ses-salines\/eglise-de-sant-jordi\/","title":{"rendered":"\u00c9glise de Sant Jordi"},"content":{"rendered":"<div class=\"wpb-content-wrapper\">\n<p>[vc_row full_width = &#8220;stretch_row&#8221; parallax = &#8220;Content-Moving-fade&#8221; css = &#8220;.vc_custom_1545472405982 {padding-top: 20px !important; Padding-fond: 60px !important; background-image: url(http:\/\/soloibiza.com\/wp-content\/uploads\/2018\/12\/Iglesia-de-San-Jordi.jpg?id=46754) !important;}&#8221;] [vc_column] [vc_custom_heading text = &#8220;\u00e9glise de Sant Jordi. \u00c9glise d\u00e9fensive &#8221; font_container =&#8221;tag:H1|text_align:center|color:#ffffff&#8221; use_theme_fonts =&#8221;yes&#8221;] [vc_custom_heading text =&#8221; l&#8217;\u00e9glise de Sant Jordi est pr\u00e9f\u00e9r\u00e9e par beaucoup pour les c\u00e9l\u00e9brations religieuses &#8221; font_container =&#8221; tag:P|font_size: 24px|Text_align: Centre|color:#ffffff&#8221; use_theme_fonts=&#8221;yes&#8221;] [\/vc_column] [\/vc_row] [vc_row] [vc_column width =&#8221; 1\/3 &#8220;] [vc_column_text]<\/p>\n<div class=\"entry clearfloat\">\n<div class=\"texto\">\n<div class=\"entry clearfloat\">\n<div class=\"texto\">\n<p>L&#8217; <strong>\u00e9glise de Sant Jordi<\/strong> est situ\u00e9e au coeur du centre-ville de Sant Jordi. Pour atteindre l&#8217;\u00e9glise, nous aurons \u00e0 prendre la route qui traverse la localit\u00e9 et qui \u00e9tait autrefois un lieu de passage vers l&#8217;a\u00e9roport. Si nous allons vers Ibiza, l&#8217;\u00e9glise est sur le premier tournant sur la gauche que nous pouvons prendre. Environ une centaine de m\u00e8tres nous trouvons cette vieille construction.<\/p>\n<\/div><\/div><\/div><\/div>\n<p>[\/vc_column_text] [\/vc_column] [vc_column width = &#8220;2\/3&#8221;] [vc_single_image image = &#8220;46754&#8221; img_size = &#8220;full&#8221;] [\/vc_column] [\/vc_row] [vc_row] [vc_column] [vc_column_text]<\/p>\n<h2 class=\"title\" >D\u00e9fiant l&#8217;histoire<\/h2>\n<div class=\"entry clearfloat\">\n<div class=\"texto\">\n<p>La construction de l&#8217;\u00e9glise n&#8217;est pas tr\u00e8s claire, puisqu&#8217;une chapelle a \u00e9t\u00e9 enregistr\u00e9e depuis l&#8217;\u00e9poque de la reconqu\u00eate catalane. Certains auteurs \u00e9tablissent leur Antiquit\u00e9 au XIIIe si\u00e8cle, bien qu&#8217;il ne soit pas jusqu&#8217;\u00e0 1577 lorsque des r\u00e9f\u00e9rences \u00e9crites sont faites.<\/p>\n<p>En raison de la proximit\u00e9 des salines, les incursions ennemies \u00e9taient fr\u00e9quentes, et comme il ne pouvait en \u00eatre autrement, l&#8217;\u00e9glise pr\u00e9sente un regard de fortification, avec des murs \u00e9pais surmont\u00e9s de cr\u00e9neaux. L&#8217;entr\u00e9e actuelle est un substitut \u00e0 l&#8217;entr\u00e9e originale, qui \u00e9tait dans l&#8217;une des chapelles lat\u00e9rales. Ceux-ci appartiennent au XVIIIe si\u00e8cle, bien que l&#8217;\u00e9glise subirait des r\u00e9formes continues au cours du si\u00e8cle dernier, en conformit\u00e9 avec son aspect final.<\/p>\n<\/div><\/div>\n<p>[\/vc_column_text] [\/vc_column] [\/vc_row] [vc_row] [vc_column] [vc_gmaps link=&#8221;#E-8_JTNDaWZyYW1lJTIwc3JjJTNEJTIyaHR0cHMlM0ElMkYlMkZ3d3cuZ29vZ2xlLmNvbSUyRm1hcHMlMkZlbWJlZCUzRnBiJTNEJTIxMW0xOCUyMTFtMTIlMjExbTMlMjExZDM1MjI0LjgxMzYyMDcxNjUyJTIxMmQxLjM5MTI4ODAzODM3NDcwOSUyMTNkMzguODk2MTM2MDQzMTA0NTklMjEybTMlMjExZjAlMjEyZjAlMjEzZjAlMjEzbTIlMjExaTEwMjQlMjEyaTc2OCUyMTRmMTMuMSUyMTNtMyUyMTFtMiUyMTFzMHgxMjk5NDVkNzRiZmFmZWFkJTI1M0EweDcxZDU4MWUyMzM2ZWY5ZjElMjEyc0VzZ2xlc2lhJTJCZGUlMkJTYW50JTJCSm9yZGklMjE1ZTElMjEzbTIlMjExc2VzJTIxMnNlcyUyMTR2MTU0NTQ3MjA5OTExOSUyMiUyMHdpZHRoJTNEJTIyNjAwJTIyJTIwaGVpZ2h0JTNEJTIyNDUwJTIyJTIwZnJhbWVib3JkZXIlM0QlMjIwJTIyJTIwc3R5bGUlM0QlMjJib3JkZXIlM0EwJTIyJTIwYWxsb3dmdWxsc2NyZWVuJTNFJTNDJTJGaWZyYW1lJTNF&#8221;] [\/vc_column] [\/vc_row] [vc_row full_width =&#8221;stretch_row&#8221; css =&#8221;.vc_custom_1539804160222 {padding-top: 30px !important; padding-bottom: 60px !important; Background-color:#1b7f47 !important; background-position: centre !important; background-r\u00e9p\u00e9tition: no-repeat !important, Background-size: Cover !important;} &#8220;] [vc_column] [vc_custom_heading text = &#8220;Autres lieux \u00e0 d\u00e9couvrir dans les environs de l\u2019\u00e9glise de Sant Jordi&#8221; font_container = &#8220;tag:h2|font_size:40px|text_align:center|color:%23ffffff|line_height:48px&#8221; use_theme_fonts = &#8220;yes&#8221;] [vc_custom_heading text = &#8220;De l\u2019\u00e9glise de Sant Jordi auront acc\u00e8s \u00e0 d\u2019autres endroits d\u2019int\u00e9r\u00eat culturel&#8221; font_container = &#8220;tag:p|font_size:24px|text_align:center|color:%23ffff&#8221; use_theme_fonts = &#8220;yes&#8221;] [\/vc_column] [\/vc_row] [vc_row] [vc_column width = &#8220;1\/3&#8221;] [vc_single_image image= &#8220;46934&#8221; img_size = &#8220;full&#8221; onclick = &#8220;custom_link&#8221; link = &#8220;https:\/guia-de-turismo-de-ibiza-cultural-y-natural\/guia-turismo-sant-josep-ibiza\/guia-de-turismo-de-sant-jordi-de-ses-salines\/pou-roig\/&#8221;] [vc_column_text]<\/p>\n<h2 style=\"text-align: center;\" >Pou Roig \u00e0 820 m\u00e8tres<\/h2>\n<p style=\"text-align: center;\" >A mi-chemin entre Sant Jordi et Ibiza, vous trouverez pou Roig.<\/p>\n<p>[\/vc_column_text] [\/vc_column] [vc_column width = &#8220;1\/3&#8221;] [vc_single_image image = &#8220;46622&#8221; img_size = &#8220;full&#8221; onclick = &#8220;custom_link&#8221; Link = &#8220;https:\/guia-de-turismo-de-ibiza-cultural-y-natural\/guia-turismo-sant-josep-ibiza\/guia-de-turismo-de-san-francisco-o-sant-francesc-destany\/torre-des-carregador-o-torre-de-sal-rossa\/&#8221;] [vc_column_text]<\/p>\n<h2 style=\"text-align: center;\" >Tour des IRRIGATOR 2 km<\/h2>\n<p style=\"text-align: center;\" >Un des endroits que chaque visiteur de Playa d&#8217;en Bossa se souvient est la tour au fond de la plage.<\/p>\n<p>[\/vc_column_text] [\/vc_column] [vc_column width = &#8220;1\/3&#8221;] [vc_single_image image = &#8220;46748&#8221; img_size = &#8220;full&#8221; onclick = &#8220;custom_link&#8221; Link = &#8220;https:\/guia-de-turismo-de-ibiza-cultural-y-natural\/guia-turismo-sant-josep-ibiza\/guia-de-turismo-de-san-francisco-o-sant-francesc-destany\/iglesia-de-sant-francesc\/&#8221;] [vc_column_text]<\/p>\n<h2 style=\"text-align: center;\" >\u00c0 3 km de Sant Francesc Church<\/h2>\n<p style=\"text-align: center;\" >L&#8217;\u00e9glise paroissiale de Sant Francesc de Paula est pr\u00e9sid\u00e9e par Sant Francesc d&#8217;Estany.<\/p>\n<p>[\/vc_column_text] [\/vc_column] [\/vc_row] [vc_row full_width = &#8220;stretch_row&#8221; css = &#8220;.vc_custom_1539804160222 {padding-top: 30px !important; padding-bottom: 60px !important; background-color:#1b7f47 !important; background-position: centre !important; background-repeat: non-REPEAT !important; Background-size: Cover !important;} &#8220;] [vc_column] [vc_custom_heading text = &#8220;autres lieux \u00e0 d\u00e9couvrir dans les environs de l&#8217;\u00e9glise de Sant Jordi&#8221; font_container = &#8220;tag:H2|font_size: 40px|text_align:center|color:#FFFFFF|line_height: 48px&#8221; use_theme_fonts = &#8220;yes&#8221;] [\/vc_column] [\/vc_row] [vc_row] [vc_column width = &#8220;1\/3&#8221;] [vc_single_image image = &#8220;46976&#8221; img_size = &#8220;full&#8221; onclick = &#8220;custom_link&#8221; Link = &#8220;https:\/guia-de-turismo-de-ibiza-cultural-y-natural\/guia-turismo-sant-josep-ibiza\/guia-de-turismo-de-sant-jordi-de-ses-salines\/&#8221;] [vc_column_text]<\/p>\n<h2 style=\"text-align: center;\" >Sant Jordi<\/h2>\n<p style=\"text-align: center;\" >Sant Jordi de ses salines est l&#8217;une des paroisses les plus industrialis\u00e9es de l&#8217;\u00eele.<\/p>\n<p>[\/vc_column_text] [\/vc_column] [vc_column width = &#8220;1\/3&#8221;] [vc_single_image image = &#8220;46970&#8221; img_size = &#8220;full&#8221; onclick = &#8220;custom_link&#8221; Link = &#8220;https:\/guia-de-turismo-de-ibiza-cultural-y-natural\/guia-turismo-sant-josep-ibiza\/guia-de-turismo-de-san-francisco-o-sant-francesc-destany\/&#8221;] [vc_column_text]<\/p>\n<h2 style=\"text-align: center;\" >Sant Francesc<\/h2>\n<p style=\"text-align: center;\" >Sant Francesc de s&#8217;Estany est un petit village \u00e0 la sortie de Sant Jordi de ses salines et lieu obligatoire pour la plage de ses salines et es Cavalleria.<\/p>\n<p>[\/vc_column_text] [\/vc_column] [vc_column width = &#8220;1\/3&#8221;] [vc_single_image image = &#8220;46670&#8221; img_size = &#8220;full&#8221;] [vc_column_text]<\/p>\n<h2 style=\"text-align: center;\" >Ibiza<\/h2>\n<p style=\"text-align: center;\" >Le tourisme \u00e0 Ibiza venait de la main du soleil, de la f\u00eate et de la plage.<\/p>\n<p>[\/vc_column_text] [\/vc_column] [\/vc_row] [vc_row full_width = &#8220;stretch_row&#8221; css = &#8220;.vc_custom_1540877850287 {background-color:RGBA(255,153,0,0.6) !important; * background-color:RGB(255,153,0) !important;}&#8221;] [vc_column] [vc_custom_heading text = &#8220;plages proches de l&#8217;\u00e9glise de Sant Jordi&#8221; font_container = &#8220;tag:H2|text_align:center|color:#ffffff&#8221; use_theme_fonts = &#8220;yes&#8221; el_id = &#8220;plages de la ville d&#8217;Ibiza&#8221;] [vc_column_text]<\/p>\n<p style=\"text-align: center;\"><span style=\"color:#ffffff; font-size: 18px;\">\u00c0 c\u00f4t\u00e9 de la Plaza de la Catedral, nous pourrons profiter de la vue sur les <a style=\"color:#ffffff; font-size: 18px;\" href=\"https:\/playas-de-ibiza-ciudad-o-eivissa\/\">plages de la ville d&#8217;Ibiza<\/a>.<\/span><\/p>\n<p>[\/vc_column_text] [\/vc_column] [\/vc_row] [vc_row el_id = &#8220;Figueras&#8221;] [vc_column width = &#8220;1\/3&#8221; El_class = &#8220;Filaplayas&#8221; el_id = &#8220;Playa d&#8217;en Bossa&#8221;] [vc_single_image image = &#8220;47608&#8221; img_size = &#8220;full&#8221;] [vc_column_text El_class = &#8220;.conelanteriorreducido&#8221;] <a href=\"https:\/playa-den-bossa\/\">Playa d&#8217;en Bossa<\/a> [\/vc_column_text] [vc_column_text]<\/p>\n<p style=\"text-align: center;\" >Pour parler de Playa d&#8217;en Bossa est de parler de l&#8217;un des endroits les plus connus sur l&#8217;\u00eele d&#8217;Ibiza.<\/p>\n<p>[\/vc_column_text] [\/vc_column] [vc_column width = &#8220;1\/3&#8221; El_class = &#8220;Filaplayas&#8221; el_id = &#8220;Talamanca&#8221;] [vc_single_image image = &#8220;47470&#8221; img_size = &#8220;full&#8221;] [vc_column_text El_class = &#8220;.conelanteriorreducido&#8221;] <a href=\"https:\/figueretas\/\">Figueras<\/a> [\/vc_column_text] [vc_column_text]<\/p>\n<p style=\"text-align: center;\" >La plage de ses Figueras, ou Playa de Figueras est situ\u00e9e dans le noyau urbain d&#8217;Ibiza.<\/p>\n<p>[\/vc_column_text] [\/vc_column] [vc_column width = &#8220;1\/3&#8221; El_class = &#8220;Filaplayas&#8221;] [vc_single_image image = &#8220;47422&#8221; img_size = &#8220;full&#8221;] [vc_column_text El_class = &#8220;.conelanteriorreducido&#8221;] <a href=\"https:\/es-cavallet\/\">Es Cavalleria<\/a> [\/vc_column_text] [vc_column_text]<\/p>\n<p style=\"text-align: center;\" >La plage d&#8217;es Cavalleria est connue par les habitants de l&#8217;\u00eele comme une plage nudiste, de pr\u00e9dilection sp\u00e9ciale entre le collectif gay.<\/p>\n<p>[\/vc_column_text] [\/vc_column] [\/vc_row]<\/p>\n<\/div>","protected":false},"excerpt":{"rendered":"<p>[vc_row full_width = &#8220;stretch_row&#8221; parallax = &#8220;Content-Moving-fade&#8221; css = &#8220;.vc_custom_1545472405982 {padding-top: 20px !important; Padding-fond: 60px !important; background-image: url(http:\/\/soloibiza.com\/wp-content\/uploads\/2018\/12\/Iglesia-de-San-Jordi.jpg?id=46754) !important;}&#8221;] [vc_column] [vc_custom_heading text = &#8220;\u00e9glise de Sant Jordi. \u00c9glise d\u00e9fensive &#8221; font_container =&#8221;tag:H1|text_align:center|color:#ffffff&#8221; use_theme_fonts =&#8221;yes&#8221;] [vc_custom_heading text =&#8221; l&#8217;\u00e9glise de Sant Jordi est pr\u00e9f\u00e9r\u00e9e par beaucoup pour les c\u00e9l\u00e9brations religieuses &#8221; font_container =&#8221; tag:P|font_size: 24px|Text_align: Centre|color:#ffffff&#8221; [&hellip;]<\/p>\n","protected":false},"author":1,"featured_media":0,"parent":52668,"menu_order":0,"comment_status":"closed","ping_status":"closed","template":"","meta":{"_acf_changed":false,"footnotes":""},"class_list":["post-52718","page","type-page","status-publish","hentry"],"acf":[],"_links":{"self":[{"href":"https:\/\/soloibiza.com\/fr\/wp-json\/wp\/v2\/pages\/52718","targetHints":{"allow":["GET"]}}],"collection":[{"href":"https:\/\/soloibiza.com\/fr\/wp-json\/wp\/v2\/pages"}],"about":[{"href":"https:\/\/soloibiza.com\/fr\/wp-json\/wp\/v2\/types\/page"}],"author":[{"embeddable":true,"href":"https:\/\/soloibiza.com\/fr\/wp-json\/wp\/v2\/users\/1"}],"replies":[{"embeddable":true,"href":"https:\/\/soloibiza.com\/fr\/wp-json\/wp\/v2\/comments?post=52718"}],"version-history":[{"count":0,"href":"https:\/\/soloibiza.com\/fr\/wp-json\/wp\/v2\/pages\/52718\/revisions"}],"up":[{"embeddable":true,"href":"https:\/\/soloibiza.com\/fr\/wp-json\/wp\/v2\/pages\/52668"}],"wp:attachment":[{"href":"https:\/\/soloibiza.com\/fr\/wp-json\/wp\/v2\/media?parent=52718"}],"curies":[{"name":"wp","href":"https:\/\/api.w.org\/{rel}","templated":true}]}}