{"id":52612,"date":"2019-03-17T19:44:44","date_gmt":"2019-03-17T18:44:44","guid":{"rendered":"https:\/?page_id=52612"},"modified":"2019-03-21T19:01:54","modified_gmt":"2019-03-21T18:01:54","slug":"guide-touristique-de-sant-joan-a-ibiza","status":"publish","type":"page","link":"https:\/\/soloibiza.com\/fr\/guide-touristique-culturel-et-naturel-ibiza\/guide-touristique-de-sant-joan-a-ibiza\/","title":{"rendered":"Guide touristique de Sant Joan \u00e0 Ibiza"},"content":{"rendered":"<div class=\"wpb-content-wrapper\"><p>[vc_row full_width=&#8221;stretch_row&#8221; parallax=&#8221;content-moving-fade&#8221; css=&#8221;.vc_custom_1540709476584{padding-top: 20px !important;padding-bottom: 60px !important;background-image: url(http:\/\/soloibiza.com\/wp-content\/uploads\/2018\/10\/turismo-cultural-en-Ibiza.jpg?id=43967) !important;background-position: 0 0;background-repeat: no-repeat !important;}&#8221;][vc_column][vc_custom_heading text=&#8221;tour guide de Sant Joan ou San Juan&#8221; font_container=&#8221;tag:H1|text_align:center|color:#ffffff&#8221; use_theme_fonts=&#8221;yes&#8221;][vc_custom_heading text=&#8221;nous vous montrons Sant Joan de Balafia, un coin au nord de l&#8217;\u00eele tr\u00e8s calme et de grand charme&#8221; font_container=&#8221;tag:P|font_size: 24px|text_align:center|color:#ffffff&#8221; use_theme_fonts=&#8221;yes&#8221;][\/vc_column][\/vc_row][vc_row][vc_column width=&#8221;2\/3&#8243;][vc_column_text]<\/p>\n<div class=\"entry clearfloat\">\n<div class=\"texto\"><strong>Sant Joan de Labritja<\/strong> est situ\u00e9 dans l&#8217;extr\u00eame nord de l&#8217;\u00eele, dans l&#8217;une des zones les plus intactes et inconnues de l&#8217;\u00eele. Historiquement, nous pouvons trouver les bandages de Xarrac\u00f3, es Niu des corbs, Portinatx, es Murtar, Xarraca, cas Vidals, cas Risondages, Labritja et cas Cavallerias.<\/div>\n<\/div>\n<div class=\"entry clearfloat\">\n<div class=\"texto\">\n<div class=\"entry clearfloat\">\n<div class=\"texto\"> LA structure montagneuse de la municipalit\u00e9 et sa distance du centre de la capitale a conduit \u00e0 un tourisme rural dans une zone enviable. Bien que le centre-ville n&#8217;offre pas de sortie sur la c\u00f4te, la zone nord est offerte \u00e0 des endroits aussi symboliques que PORTINATX et les criques presque annex\u00e9es de s&#8217;Illot des Rencl\u00ed, Cala Xarraca et Cala Xucl\u00e1. L&#8217;acc\u00e8s se fait g\u00e9n\u00e9ralement dans le sud, de Sant Lloren\u00e7 \u00e0 environ sept kilom\u00e8tres, bien qu&#8217;il soit \u00e9galement faisable \u00e0 partir de Cala Sant Vicent et m\u00eame, \u00e0 travers les routes rurales, de Sant Miquel.<\/div>\n<\/div>\n<h2 class=\"title\" >Nous trouverons \u00e0 Sant Joan<\/h2>\n<div class=\"entry clearfloat\">\n<div class=\"texto\"> Montagnes, nature, zones de culture, for\u00eats de pins et une zone tr\u00e8s humide, m\u00eame en \u00e9t\u00e9. Son orientation nord favorise une v\u00e9g\u00e9tation \u00e9paisse. Comme la premi\u00e8re zone montagneuse, toute entr\u00e9e de nuages devient une pluie fine qui tente de surmonter les \u00e9l\u00e9vations abondantes. C&#8217;est peut-\u00eatre l&#8217;enchantement de ce vert, coupl\u00e9 avec la distance de la capitale, qui a effray\u00e9 les grands noyaux touristiques. Le Conseil municipal de <strong>Sant Joan<\/strong> accueille lui-m\u00eame ce paysage m\u00e9diterran\u00e9en unique. Dans le tourisme historique, les critiques les plus importantes sont prises par l&#8217;\u00e9glise de Sant Joan, du XVIIIe si\u00e8cle, ainsi que la tour de surveillance c\u00f4ti\u00e8re de Portinatx, avec un paysage unique et des vues presque intactes d&#8217;une haute c\u00f4te qui admet peu de conciliations avec Tourisme de plage.<\/div>\n<\/div>\n<\/div>\n<\/div>\n<p>[\/vc_column_text][\/vc_column][vc_column width=&#8221;1\/3&#8243;][vc_single_image image=&#8221;43974&#8243; img_size=&#8221;full&#8221;][\/vc_column][\/vc_row][vc_row][vc_column][vc_column_text] [\/vc_column_text][\/vc_column][\/vc_row][vc_row full_width=&#8221;stretch_row&#8221; css=&#8221;.vc_custom_1539804160222 {padding-top: 30px !important; padding-bottom: 60px !important; background-color:#1b7f47 !important; background-position: centre !important; background-repeat: non-REPEAT !important; Background-size: Cover !important;}&#8221;][vc_column][vc_custom_heading text=&#8221;Sant Joan, la tranquillit\u00e9 du Nord&#8221; font_container=&#8221;tag:H2|font_size: 40px|text_align:center|color:#FFFFFF|line_height: 48px&#8221; use_theme_fonts=&#8221;yes&#8221;][vc_custom_heading text=&#8221;une municipalit\u00e9 verte, pleine de plages spectaculaires et de criques, avec une atmosph\u00e8re tr\u00e8s calme et d\u00e9tendue.&#8221; font_container=&#8221;tag:P|font_size: 24px|text_align:center|color:#ffffff&#8221; use_theme_fonts=&#8221;yes&#8221;][\/vc_column][\/vc_row][vc_row][vc_column][vc_column_text] [\/vc_column_text][\/vc_column][\/vc_row][vc_row][vc_column width=&#8221;1\/6&#8243;][vc_column_text] [\/vc_column_text][\/vc_column][vc_column width=&#8221;1\/3&#8243;][vc_single_image image=&#8221;46766&#8243; img_size=&#8221;full&#8221;][vc_column_text el_class=&#8221;.conelanteriorreducido&#8221;] <a href=\"https:\/guia-de-turismo-de-ibiza-cultural-y-natural\/guia-turismo-sant-joan-ibiza\/iglesia-de-sant-joan\/\">I. Sant Joan<\/a>[\/vc_column_text][vc_column_text]<\/p>\n<h2 style=\"text-align: center;\" >\u00c9glise Sant Joan<\/h2>\n<p style=\"text-align: center;\">L&#8217;\u00e9glise de Sant Joan de Labritja a \u00e9t\u00e9 construite au XVIIIe si\u00e8cle. La l\u00e9gende raconte qu&#8217;elle est b\u00e2tie sur la succession d&#8217;Antoni Mar\u00ed, qui a donn\u00e9 \u00e0 l&#8217;\u00e9glise ses terres pour construire une chapelle en l&#8217;honneur de sa fille d\u00e9c\u00e9d\u00e9e dans un triste accident.<\/p>\n<p>[\/vc_column_text][\/vc_column][vc_column width=&#8221;1\/3&#8243;][vc_single_image image=&#8221;46610&#8243; img_size=&#8221;full&#8221;][vc_column_text el_class=&#8221;.conelanteriorreducido&#8221;] <a href=\"https:\/guia-de-turismo-de-ibiza-cultural-y-natural\/guia-turismo-sant-joan-ibiza\/torre-de-portinatx\/\">Torre Portinatx<\/a> [\/vc_column_text][vc_column_text]<\/p>\n<h2 style=\"text-align: center;\" >Torre de Portinatx Ibiza<\/h2>\n<p style=\"text-align: center;\" >Situ\u00e9 dans la municipalit\u00e9 de Sant Joan de Labritja, \u00e0 c\u00f4t\u00e9 de la c\u00e9l\u00e8bre Cala Portinatx, nous trouvons la Torre de Portinatx, une tour de surveillance c\u00f4ti\u00e8re construite au XVIIIe si\u00e8cle.<\/p>\n<p>[\/vc_column_text][\/vc_column][vc_column width=&#8221;1\/6&#8243;][vc_column_text] [\/vc_column_text][\/vc_column][\/vc_row][vc_row][vc_column][vc_column_text] [\/vc_column_text][\/vc_column][\/vc_row][vc_row full_width=&#8221;stretch_row&#8221; css=&#8221;.vc_custom_1539804160222 {padding-top: 30px !important; padding-bottom: 60px !important; background-color:#1b7f47 !important; background-position: centre !important; background-repeat: non-REPEAT !important; Background-size: Cover !important;}&#8221;][vc_column][vc_custom_heading text=&#8221;autres emplacements au sein de Sant Joan&#8221; font_container=&#8221;tag:H2|font_size: 40px|text_align:center|color:#FFFFFF|line_height: 48px&#8221; use_theme_fonts=&#8221;yes&#8221;][vc_custom_heading text=&#8221;Sant Joan est une tr\u00e8s grande municipalit\u00e9 qui abrite de petites villes de grande histoire dans l&#8217;\u00eele.&#8221; font_container=&#8221;tag:P|font_size: 24px|text_align:center|color:#ffffff&#8221; use_theme_fonts=&#8221;yes&#8221;][\/vc_column][\/vc_row][vc_row][vc_column][vc_column_text] [\/vc_column_text][\/vc_column][\/vc_row][vc_row][vc_column width=&#8221;1\/3&#8243;][vc_single_image image=&#8221;46988&#8243; img_size=&#8221;full&#8221;][vc_column_text el_class=&#8221;.conelanteriorreducido&#8221;] <a href=\"https:\/guia-de-turismo-de-ibiza-cultural-y-natural\/guia-turismo-sant-joan-ibiza\/guia-de-turismo-de-san-lorenzo-o-sant-llorenc-de-balafia\/\">Sant Lloren\u00e7<\/a> [\/vc_column_text][vc_column_text]<\/p>\n<h2 style=\"text-align: center;\" >Sant Lloren\u00e7<\/h2>\n<p style=\"text-align: center;\">Sant Lloren\u00e7 ou <strong>San Lorenzo<\/strong> est une petite ville au nord de l&#8217;\u00eele. Dans une zone tr\u00e8s rocheuse, met en \u00e9vidence sa <strong>charmante \u00e9glise<\/strong>.<\/p>\n<p>[\/vc_column_text][\/vc_column][vc_column width=&#8221;1\/3&#8243;][vc_single_image image=&#8221;47000&#8243; img_size=&#8221;full&#8221;][vc_column_text el_class=&#8221;.conelanteriorreducido&#8221;] <a href=\"https:\/guia-de-turismo-de-ibiza-cultural-y-natural\/guia-turismo-sant-joan-ibiza\/guia-de-turismo-de-san-miguel-o-sant-miquel-de-balansat\/\">Sant Miquel<\/a> [\/vc_column_text][vc_column_text]<\/p>\n<h2 style=\"text-align: center;\" >Sant Miquel<\/h2>\n<p style=\"text-align: center;\">Pr\u00e8s du port naturel qui lui donne son nom, Sant Miquel ou San Miguel \u00e9tait un point de d\u00e9fense important contre les <strong>attaques de pirates<\/strong>.<\/p>\n<p>[\/vc_column_text][\/vc_column][vc_column width=&#8221;1\/3&#8243;][vc_single_image image=&#8221;47012&#8243; img_size=&#8221;full&#8221;][vc_column_text el_class=&#8221;.conelanteriorreducido&#8221;] <a href=\"https:\/guia-de-turismo-de-ibiza-cultural-y-natural\/guia-turismo-sant-joan-ibiza\/guia-de-turismo-de-san-vicente-o-sant-vicent-de-sa-cala\/\">Sant Vicent<\/a> [\/vc_column_text][vc_column_text]<\/p>\n<h2 style=\"text-align: center;\" >Sant Vicent de sa Cala<\/h2>\n<p style=\"text-align: center;\" > Perdue dans les montagnes, <strong>San Vicente<\/strong> ou Sant Vicent, est repr\u00e9sent\u00e9e par une <strong>\u00e9glise<\/strong> qui abrite une grande zone rurale.<\/p>\n<p>[\/vc_column_text][\/vc_column][\/vc_row][vc_row][vc_column][vc_column_text] [\/vc_column_text][\/vc_column][\/vc_row][vc_row full_width=&#8221;stretch_row&#8221; css=&#8221;.vc_custom_1539928959405 {padding-top: 20px !important; padding-bottom: 20px !important; background-color:#1b7f47 !important;}&#8221;][vc_column][vc_custom_heading text=&#8221;plus de lieux d&#8217;int\u00e9r\u00eat \u00e0 Ibiza&#8221; font_container=&#8221;tag:H2|text_align:center|color:#ffffff&#8221; use_theme_fonts=&#8221;yes&#8221;][vc_custom_heading text=&#8221;il est pr\u00e9f\u00e9rable de se d\u00e9placer \u00e0 Sant Joan avec une voiture de location. Trouver le v\u00f4tre au meilleur prix&#8221; font_container=&#8221;tag: p|font_size:24px|text_align:center|color:%23ffff&#8221; use_theme_fonts=&#8221;yes&#8221; link=&#8221;url:https%3A\/\/alquilercochesibiza.soloibiza.com|||&#8221;][vc_row_inner css=&#8221;.vc_custom_1539926670780 {margint-top: 20px !important;}&#8221;][vc_column_inner width=&#8221;1\/4&#8243;][vc_btn title=&#8221;Santa Eul\u00e0lia&#8221; color=&#8221;default&#8221; align=&#8221;center&#8221; link=&#8221;url:https%3A%2F%2Ffr.soloibiza.com%2Fguide-touristique-culturel-et-naturel-ibiza%2Fguide-touristique-de-santa-eulalia-a-ibiza%2F|||&#8221;][\/vc_column_inner][vc_column_inner width=&#8221;1\/4&#8243;][vc_btn title=&#8221;San Antonio&#8221; color=&#8221;default&#8221; align=&#8221;center&#8221; link=&#8221;url:https%3A%2F%2Ffr.soloibiza.com%2Fguide-touristique-culturel-et-naturel-ibiza%2Fguide-de-tourisme-sant-antoni%2F|||&#8221;][\/vc_column_inner][vc_column_inner width=&#8221;1\/4&#8243;][vc_btn title=&#8221;San Jos\u00e9&#8221; color=&#8221;default&#8221; align=&#8221;center&#8221; link=&#8221;url:https%3A%2F%2Ffr.soloibiza.com%2Fguide-touristique-culturel-et-naturel-ibiza%2Fguide-touristique-de-sant-josep-a-ibiza%2F|||&#8221;][\/vc_column_inner][vc_column_inner width=&#8221;1\/4&#8243;][vc_btn title=&#8221;Ibiza&#8221; color=&#8221;default&#8221; align=&#8221;center&#8221; link=&#8221;url:https%3A%2F%2Ffr.soloibiza.com%2Fguide-touristique-culturel-et-naturel-ibiza%2Fguide-touristique-de-la-ville-dibiza%2F|||&#8221;][\/vc_column_inner][\/vc_row_inner][\/vc_column][\/vc_row][vc_row][vc_column][vc_column_text] [\/vc_column_text][\/vc_column][\/vc_row][vc_row class=&#8221;filaplayas&#8221;][vc_column width=&#8221;1\/3&#8243;][vc_single_image image=&#8221;47564&#8243; img_size=&#8221;full&#8221;][vc_column_text el_class=&#8221;.conelanteriorreducido&#8221;] <a href=\"https:\/cala-den-serra\/\">Cala d&#8217; Serra<\/a> [\/vc_column_text][vc_column_text]<\/p>\n<h2 style=\"text-align: center;\" >Cala d&#8217;en Serra<\/h2>\n<p style=\"text-align: center;\" >Une crique isol\u00e9e au nord de l&#8217;\u00eele, avec des vues spectaculaires<\/p>\n<p>[\/vc_column_text][\/vc_column][vc_column width=&#8221;1\/3&#8243;][vc_single_image image=&#8221;47374&#8243; img_size=&#8221;full&#8221;][vc_column_text el_class=&#8221;.conelanteriorreducido&#8221;] <a href=\"https:\/cala-san-vicente\/\">Cala San Vicente<\/a> [\/vc_column_text][vc_column_text]<\/p>\n<h2 style=\"text-align: center;\" >Cala San Vicente<\/h2>\n<p style=\"text-align: center;\" >Une crique tr\u00e8s populaire abrit\u00e9e dans une baie aussi vaste que belle<\/p>\n<p>[\/vc_column_text][\/vc_column][vc_column width=&#8221;1\/3&#8243;][vc_single_image image=&#8221;47588&#8243; img_size=&#8221;full&#8221;][vc_column_text el_class=&#8221;.conelanteriorreducido&#8221;] <a href=\"https:\/puerto-de-san-miguel\/\">Port S. Miquel<\/a> [\/vc_column_text][vc_column_text]<\/p>\n<h2 style=\"text-align: center;\" >Port de Sant Miquel<\/h2>\n<p style=\"text-align: center;\" >Une crique touristique qui pr\u00e9serve les coins d&#8217;un charme particulier<\/p>\n<p>[\/vc_column_text][\/vc_column][\/vc_row][vc_row][vc_column][vc_column_text] [\/vc_column_text][\/vc_column][\/vc_row][vc_row full_width=&#8221;stretch_row&#8221; css=&#8221;.vc_custom_1540703482345 {background-color:#1b7f47 !important;}&#8221;][vc_column][vc_column_text]<\/p>\n<p class=\"size24\" style=\"text-align: center;\">Le <span style=\"color:#ffffff;\">Guide touristique de Sant Joan est parrain\u00e9 par<\/span> <a href=\"https:\/\/disenowebibiza.soloibiza.com\/\"> <span style=\"color:#ffffff;\">page design \u00e0 Ibiza<\/span> <\/a><\/p>\n<p>[\/vc_column_text][\/vc_column][\/vc_row][vc_row][vc_column][vc_column_text] [\/vc_column_text][\/vc_column][\/vc_row][vc_row][vc_column][vc_custom_heading text=&#8221;Fiestas dans la ville de Sant Joan&#8221; use_theme_fonts=&#8221;yes&#8221;][rt_list_style]<\/p>\n<ul>\n<li>\n<div class=\"texto\" ><strong>f\u00eates patronales de Sant Joan <\/strong>24 juin<\/div>\n<\/li>\n<li>\n<div class=\"texto\"><strong>Fiesta payesa del pou de Labritja<\/strong> Juillet<\/div>\n<\/li>\n<\/ul>\n<p>[\/rt_list_style][\/vc_column][\/vc_row][vc_row][vc_column][vc_column_text] [\/vc_column_text][\/vc_column][\/vc_row][vc_row][vc_column][vc_custom_heading text=&#8221;lignes de bus&#8221; use_theme_fonts=&#8221;yes&#8221;][vc_column_text]<\/p>\n<div class=\"entry clearfloat\">\n<h3><b >Ligne 20 Eivissa-Sant Joan-Cala de Sant Vicent-Portinatx<\/b><\/h3>\n<p>Eivissa-CAN Mosson-ca na Smith-Sant Joan-Portinatx-CAN Mossonet-CAN Vinyes-Eivissa<\/p>\n<p style=\"text-align: left;\" align=\"right\"><a title=\"\" href=\"https:\/autobuses-de-ibiza-lineas-y-horarios\/autobus-linea-20a-ibiza-san-lorenzo-san-juan-portinatx\/\" >Plus d&#8217;informations<\/a><\/p>\n<\/div>\n<div class=\"entry clearfloat\">\n<h3><b >Ligne 21 Santa Eularia-Sant Joan-Portinatx<\/b><\/h3>\n<p>Santa Eularia-Sant Joan-Portinatx<\/p>\n<p style=\"text-align: left;\" align=\"right\"><a title=\"\" href=\"https:\/autobuses-de-ibiza-lineas-y-horarios\/autobus-linea-l21-santa-eulalia-san-juan-portinatx\/\" >Plus d&#8217;informations<\/a><\/p>\n<\/div>\n<div class=\"entry clearfloat\">\n<h3><b >Ligne 27 Sant Miquel-Sant Joan<\/b><\/h3>\n<p>Sant Miquel-Sant Joan<\/p>\n<p style=\"text-align: left;\" align=\"right\"><a title=\"\" href=\"https:\/autobuses-de-ibiza-lineas-y-horarios\/autobus-linea-33-san-mateo-ibiza\/\" >Plus d&#8217;informations<\/a><\/p>\n<\/div>\n<p>[\/vc_column_text][\/vc_column][\/vc_row][vc_row][vc_column][vc_column_text] [\/vc_column_text][\/vc_column][\/vc_row][vc_row][vc_column][vc_basic_grid post_type=&#8221;POST&#8221; max_items=&#8221;3&#8243; style=&#8221;Load-More&#8221; grid_id=&#8221;vc_gid:1553191193252-a213c162-3fec-10&#8243; taxonomies=&#8221;148&#8243;][\/vc_column][\/vc_row]<\/p>\n<\/div>","protected":false},"excerpt":{"rendered":"<p>[vc_row full_width=&#8221;stretch_row&#8221; parallax=&#8221;content-moving-fade&#8221; css=&#8221;.vc_custom_1540709476584{padding-top: 20px !important;padding-bottom: 60px !important;background-image: url(http:\/\/soloibiza.com\/wp-content\/uploads\/2018\/10\/turismo-cultural-en-Ibiza.jpg?id=43967) !important;background-position: 0 0;background-repeat: no-repeat !important;}&#8221;][vc_column][vc_custom_heading text=&#8221;tour guide de Sant Joan ou San Juan&#8221; font_container=&#8221;tag:H1|text_align:center|color:#ffffff&#8221; use_theme_fonts=&#8221;yes&#8221;][vc_custom_heading text=&#8221;nous vous montrons Sant Joan de Balafia, un coin au nord de l&#8217;\u00eele tr\u00e8s calme et de grand charme&#8221; font_container=&#8221;tag:P|font_size: 24px|text_align:center|color:#ffffff&#8221; use_theme_fonts=&#8221;yes&#8221;][\/vc_column][\/vc_row][vc_row][vc_column width=&#8221;2\/3&#8243;][vc_column_text] Sant Joan de Labritja est situ\u00e9 dans l&#8217;extr\u00eame [&hellip;]<\/p>\n","protected":false},"author":1,"featured_media":43969,"parent":52593,"menu_order":0,"comment_status":"closed","ping_status":"closed","template":"","meta":{"_acf_changed":false,"footnotes":""},"class_list":["post-52612","page","type-page","status-publish","has-post-thumbnail","hentry"],"acf":[],"_links":{"self":[{"href":"https:\/\/soloibiza.com\/fr\/wp-json\/wp\/v2\/pages\/52612","targetHints":{"allow":["GET"]}}],"collection":[{"href":"https:\/\/soloibiza.com\/fr\/wp-json\/wp\/v2\/pages"}],"about":[{"href":"https:\/\/soloibiza.com\/fr\/wp-json\/wp\/v2\/types\/page"}],"author":[{"embeddable":true,"href":"https:\/\/soloibiza.com\/fr\/wp-json\/wp\/v2\/users\/1"}],"replies":[{"embeddable":true,"href":"https:\/\/soloibiza.com\/fr\/wp-json\/wp\/v2\/comments?post=52612"}],"version-history":[{"count":0,"href":"https:\/\/soloibiza.com\/fr\/wp-json\/wp\/v2\/pages\/52612\/revisions"}],"up":[{"embeddable":true,"href":"https:\/\/soloibiza.com\/fr\/wp-json\/wp\/v2\/pages\/52593"}],"wp:featuredmedia":[{"embeddable":true,"href":"https:\/\/soloibiza.com\/fr\/wp-json\/wp\/v2\/media\/43969"}],"wp:attachment":[{"href":"https:\/\/soloibiza.com\/fr\/wp-json\/wp\/v2\/media?parent=52612"}],"curies":[{"name":"wp","href":"https:\/\/api.w.org\/{rel}","templated":true}]}}