{"id":51368,"date":"2019-03-09T14:52:48","date_gmt":"2019-03-09T13:52:48","guid":{"rendered":"https:\/?page_id=51368"},"modified":"2019-03-09T15:44:42","modified_gmt":"2019-03-09T14:44:42","slug":"plage-de-santa-eulalia-river","status":"publish","type":"page","link":"https:\/\/soloibiza.com\/fr\/plage-de-santa-eulalia-river\/","title":{"rendered":"Plage de Santa Eulalia River"},"content":{"rendered":"<div class=\"wpb-content-wrapper\"><p> [vc_row full_width = &#8220;stretch_row&#8221; parallax = &#8220;Content-Moving-fade&#8221; css = &#8220;.vc_custom_1545910384442 {padding-top: 20px !important; padding-bottom: 60px !important; background-image: url(http:\/\/soloibiza.com\/wp-content\/uploads\/2018\/12\/Playa-del-rio-de-santa-eulalia.jpg?id=47700) !important;}&#8221;] [vc_column] [vc_custom_heading text = &#8220;Santa Eulalia River Beach. Une plage diff\u00e9rente &#8221; font_container =&#8221;tag:h1|text_align:center|color:%23ffff&#8221; use_theme_fonts =&#8221;yes&#8221;] [vc_custom_heading text  = &#8220;la plage de la rivi\u00e8re de Santa Eulalia est situ\u00e9e dans la m\u00eame municipalit\u00e9, \u00e0 l\u2019embouchure de la rivi\u00e8re seul des Bal\u00e9ares&#8221; font_container = &#8220;tag:p|font_size:24px|text_align:center|color:%23ffff&#8221; use_theme_fonts = &#8220;yes&#8221;] [\/vc_column] [\/vc_row] [vc_row] [vc_column width= &#8220;2\/3&#8221;] [vc_row_inner] [vc_column_inner] [\/vc_column_inner] [\/vc_row_inner] [vc_single_image image= &#8220;47700&#8221; img_size= &#8220;full&#8221;] [vc_column_text] il y a des endroits sur cette \u00eele qui passent inaper\u00e7us par le simple fait d\u2019\u00eatre une source au-del\u00e0. C\u2019est le cas de la <strong>plage de Santa Eul\u00e0ria River<\/strong>, qui est \u00e9galement connu sous le nom de <strong>Riomar<\/strong>et se trouve \u00e0 proximit\u00e9 de <a href=\"https:\/playa-santa-eulalia\/\">Plage de Santa Eul\u00e0ria<\/a>. Appartenant \u00e0 la municipalit\u00e9 de <a href=\"https:\/guia-de-turismo-de-ibiza-cultural-y-natural\/guia-turismo-santa-eulalia-ibiza\/\">Santa Eulalia<\/a>et au sein de la paroisse du terme, nous obtenons juste au Centre du village sur la route principale qui la traverse. [\/vc_column_text] [\/vc_column] [vc_column width = &#8220;1\/3&#8243;] [vc_gmaps link=&#8221;#E-8_JTNDaWZyYW1lJTIwc3JjJTNEJTIyaHR0cHMlM0ElMkYlMkZ3d3cuZ29vZ2xlLmNvbSUyRm1hcHMlMkZlbWJlZCUzRnBiJTNEJTIxMW0xOCUyMTFtMTIlMjExbTMlMjExZDYyMDIuOTk3OTY4MDI0NTQ0JTIxMmQxLjUzMTQ3MTg0NTQ1OTIxNSUyMTNkMzguOTgxMTA2Nzc4NTM2OTI2JTIxMm0zJTIxMWYwJTIxMmYwJTIxM2YwJTIxM20yJTIxMWkxMDI0JTIxMmk3NjglMjE0ZjEzLjElMjEzbTMlMjExbTIlMjExczB4MCUyNTNBMHhkNzM2NmVhODVhZTIxNjVhJTIxMnNQbGF5YSUyQmRlcyUyQlJpdSUyQi0lMkJQbGF5YSUyQmNhbmluYSUyMTVlMCUyMTNtMiUyMTFzZXMlMjEyc2VzJTIxNHYxNTQ1OTEwODk0MTQ4JTIyJTIwd2lkdGglM0QlMjI2MDAlMjIlMjBoZWlnaHQlM0QlMjI0NTAlMjIlMjBmcmFtZWJvcmRlciUzRCUyMjAlMjIlMjBzdHlsZSUzRCUyMmJvcmRlciUzQTAlMjIlMjBhbGxvd2Z1bGxzY3JlZW4lM0UlM0MlMkZpZnJhbWUlM0U=&#8221;] [vc_custom_heading text  = &#8220;Extra services&#8221; font_container = &#8216;tag:h3|text_align:center|color:%23ffff&#8217; use_theme_fonts = &#8220;yes&#8221; css = &#8220;.vc_custom_1540662764537 {margin-bottom: 30px !important; background-color:#f3ad2a !important;} &#8220;] [vc_row_inner gap = &#8220;30&#8221;] [vc_column_inner width = &#8220;1\/3&#8221;] [vc_icon icon_hubbleicons = &#8220;icono-sun-bath&#8221; color= &#8220;custom&#8221; size = &#8220;xl&#8221; align = &#8220;center&#8221; icons_reach_icons = &#8220;icon-beach-1&#8221; custom_color = &#8220;#f1ae28&#8221;] [vc_column_text] <\/p>\n<p style=\"text-align: center;\"><span style=\"color:#f3ad2a;\"><strong >Parapluies<\/strong><\/span><\/p>\n<p> [\/vc_column_text] [\/vc_column_inner] [vc_column_inner width = &#8220;1\/3&#8221;] [vc_icon icon_hubbleicons = &#8220;icono-relax-5&#8221; color= &#8220;custom&#8221; size= &#8220;xl&#8221; align = &#8220;Centre&#8221; icons_reach_icons = &#8220;Icon-Beach-1&#8221; custom_color = &#8220;#f1ae28&#8221;] [vc_column_text] <\/p>\n<p style=\"text-align: center;\"><span style=\"color:#f3ad2a;\"><strong >Hamacs<\/strong><\/span><\/p>\n<p> [\/vc_column_text] [\/vc_column_inner] [vc_column_inner width = &#8220;1\/3&#8221;] [vc_icon icon_hubbleicons = &#8220;icono-swimming-pool-3&#8221; color= &#8220;custom&#8221; size= &#8220;xl&#8221; align = &#8220;Centre&#8221; icons_reach_icons = &#8220;Icon-plage-1&#8221; custom_color = &#8220;#f1ae28&#8221;] [vc_column_text] <\/p>\n<p style=\"text-align: center;\"><span style=\"color:#f3ad2a;\"><strong >Espace bain<\/strong><\/span><\/p>\n<p> [\/vc_column_text] [\/vc_column_inner] [\/vc_row_inner] [vc_row_inner Gap = &#8220;30&#8221;] [vc_column_inner width = &#8220;1\/3&#8221;] [vc_icon icon_hubbleicons = &#8220;icono-terrace&#8221; color= &#8220;custom&#8221; size= &#8220;xl&#8221; align = &#8220;Centre&#8221; icons_reach_icons = &#8220;Icon-Beach-1&#8221; custom_color = &#8220;#f1ae28&#8221;] [vc_column_text] <\/p>\n<p style=\"text-align: center;\"><span style=\"color:#f3ad2a;\"><strong >Restaurant<\/strong><\/span><\/p>\n<p> [\/vc_column_text] [\/vc_column_inner] [vc_column_inner width = &#8220;1\/3&#8221;] [vc_icon icon_hubbleicons = &#8220;icono-kayak&#8221; color= &#8220;custom&#8221; size= &#8220;xl&#8221; align = &#8220;Centre&#8221; icons_reach_icons = &#8220;Icon-Beach-1&#8221; custom_color = &#8220;#f1ae28&#8221;] [vc_column_text] <\/p>\n<p style=\"text-align: center;\"><span style=\"color:#f3ad2a;\"><strong >Cano\u00eb<\/strong><\/span><\/p>\n<p> [\/vc_column_text] [\/vc_column_inner] [vc_column_inner width = &#8220;1\/3&#8221;] [vc_icon icon_hubbleicons = &#8220;icono-restroom&#8221; color= &#8220;custom&#8221; size= &#8220;xl&#8221; align = &#8220;Centre&#8221; icons_reach_icons = &#8220;Icon-Beach-1&#8221; custom_color = &#8220;#f1ae28&#8221;] [vc_column_text] <\/p>\n<p style=\"text-align: center;\"><span style=\"color:#f3ad2a;\"><strong >Accessible<\/strong><\/span><\/p>\n<p> [\/vc_column_text] [\/vc_column_inner] [\/vc_row_inner] [\/vc_column] [\/vc_row] [vc_row] [vc_column] [vc_column_text] <\/p>\n<h2 id=\"t2\" class=\"title\" >Nous trouverons \u00e0 Playa del R\u00edo de Santa Eulalia<\/h2>\n<div class=\"entry clearfloat\"> Lorsque vous atteignez la place de l&#8217;h\u00f4tel de ville, nous devons chercher un parking, et ne pas laisser le premier que nous attrapons, parce que le centre nerveux est plein de magasins et son activit\u00e9 est constante \u00e0 la fois en \u00e9t\u00e9 et en hiver. <\/p>\n<p style=\"text-align: left;\" align=\"justify\">Une fois que nous nous garer, ou descendre du bus, nous n&#8217;aurons qu&#8217;\u00e0 prendre la direction de la mer, toujours en bas de la rue. Selon l&#8217;endroit o\u00f9 nous nous arr\u00eatons, nous aurons \u00e0 tourner \u00e0 droite lorsque vous allez \u00e0 la promenade. Sur le chemin, et dans cet ordre, nous pouvons trouver la Marina, la plage de Santa Eularia et une fontaine qui nous permettra d&#8217;acc\u00e9der par une rampe \u00e0 la plage elle-m\u00eame.<\/p>\n<p style=\"text-align: left;\"  align=\"justify\">Si nous pr\u00e9f\u00e9rons choisir le site, nous pouvons aller une petite promenade \u00e0 travers laquelle nous arrivons \u00e0 l&#8217;embouchure de la rivi\u00e8re Santa Eularia, la seule rivi\u00e8re des \u00eeles Bal\u00e9ares.<\/p>\n<p style=\"text-align: left;\" align=\"justify\">La <strong>plage<\/strong> se compose d&#8217;une superficie d&#8217;environ 350 m\u00e8tres de long par environ dix m\u00e8tres de large, o\u00f9 nous pouvons nous reposer sur des bancs de sable qui ont \u00e9t\u00e9 construits au confluent de la rivi\u00e8re avec la mer. Ils se distinguent comme l&#8217;un des sables les plus blancs d&#8217;Ibiza. Une fois dans l&#8217;eau, sur le sol, nous trouverons des morceaux sablonneux, avec des rochers d&#8217;origine fluviale et de gravier. Le lit de mer que nous allons trouver a une pente forte, descendant rapidement des dix m\u00e8tres. La faune marine dans cette r\u00e9gion est assez abondante, \u00eatre en mesure de trouver des zones de v\u00e9g\u00e9tation qui abritent diff\u00e9rentes esp\u00e8ces sous l&#8217;eau.<\/p>\n<p style=\"text-align: left;\"  align=\"justify\">Le vent souffle g\u00e9n\u00e9ralement presque toujours \u00e0 l&#8217;int\u00e9rieur des terres, d&#8217;une mani\u00e8re douce, ce qui offre une grande s\u00e9curit\u00e9 pour le bain et les sports nautiques.<\/p>\n<h3 >Confort sur la plage de la rivi\u00e8re Santa Eulalia<\/h3>\n<p> Lorsque vous \u00eates \u00e0 proximit\u00e9 du centre-ville, vous pouvez profiter de tous les conforts qui sont offerts dans la belle et tranquille ville. Si vous pr\u00e9f\u00e9rez faire une promenade, vous pouvez aller le long de la promenade de la rivi\u00e8re, qui fonctionne des deux c\u00f4t\u00e9s de la berge, et o\u00f9 vous trouverez beaucoup d&#8217;endroits pour se reposer dans l&#8217;abri des arbres et des fourr\u00e9s. Si nous choisissons le sport, nous pouvons toujours acc\u00e9der \u00e0 la plage de Santa Eularia, plein d&#8217;activit\u00e9s sportives. <\/p><\/div>\n<p> [\/vc_column_text] [\/vc_column] [\/vc_row] [vc_row full_width = &#8220;stretch_row&#8221; css = &#8220;.vc_custom_1540634055579 {padding-top: 30px !important; padding-bottom: 60px !important; background-color:#f1ae28 !important; sfondo-posizione: centre !important; background-repeat: non-REPEAT !important; Background-taille: Cover !important;} &#8220;] [vc_column] [vc_custom_heading text = &#8220;lignes de bus \u00e0 Santa Eularia River Beach&#8221; font_container = &#8220;tag:H2|font_size: 40px|text_align:center|color:#FFFFFF|line_height: 48px&#8221; use_theme_fonts = &#8220;yes&#8221;] [\/vc_column] [\/vc_row] [vc_row] [vc_column] [vc_column_text] Il n&#8217;y a pas de bus qui arrivent \u00e0 Santa Eularia River Beach, donc nous vous recommandons de conduire \u00e0 cette plage. Vous pouvez trouver des offres dans notre <a href=\"https:\/\/alquilercochesibiza.soloibiza.com\/\">moteur de recherche de location de voiture \u00e0 Ibiza<\/a>[\/vc_column_text] [\/vc_column] [\/vc_row] [vc_row full_width = &#8220;STRETCH_ROW&#8221; css = &#8220;.vc_custom_1540634055579 {padding-top: 30px !important; rembourrage-bottom: 60px! Background-color:#f1ae28 !important; sfondo-posizione: centre !important; background-r\u00e9p\u00e9tition: no-repeat !important, Background-taille: Cover !important;} &#8220;] [vc_column] [vc_custom_heading text = &#8220;autres plages pr\u00e8s de Santa Eularia River Beach&#8221; font_container = &#8220;tag:H2|font_size: 40px|text_align:center|color:#FFFFFF|line_height: 48px&#8221; use_theme_fonts = &#8220;yes&#8221;] [\/vc_column] [\/vc_row] [vc_row] [vc_column width = &#8220;1\/3&#8221; El_class = &#8220;Filaplayas&#8221;] [vc_single_image image = &#8220;47602&#8221; img_size = &#8220;full&#8221;] [vc_column_text El_class = &#8220;.conelanteriorreducido&#8221;] <a href=\"https:\/calo-de-salga\/\">Cal\u00f3 de s&#8217;Alga<\/a> [\/vc_column_text] [vc_column_text] <\/p>\n<h2 style=\"text-align: center;\" >Cal\u00f3 de S \u0301Alga \u00e0 478 m\u00e8tres<\/h2>\n<p style=\"text-align: center;\" >Une plage curieuse qui se trouve dans l&#8217;urbanisation de Siesta, Santa Eulalia del R\u00edo.<\/p>\n<p> [\/vc_column_text] [\/vc_column] [vc_column width = &#8220;1\/3&#8221; El_class = &#8220;Filaplayas&#8221;] [vc_single_image image = &#8220;47500&#8221; img_size = &#8220;full&#8221;] [vc_column_text El_class = &#8220;.conelanteriorreducido&#8221;] <a href=\"https:\/playa-santa-eulalia\/\">P. Santa Eul\u00e0ria<\/a>[\/vc_column_text] [vc_column_text] <\/p>\n<h2 style=\"text-align: center;\" >Santa Eularia Beach \u00e0 665 m\u00e8tres<\/h2>\n<p style=\"text-align: center;\" >L&#8217;une des principales attractions offertes par Santa Eulalia est, sans aucun doute, la plage urbaine qui s&#8217;\u00e9tend parall\u00e8lement \u00e0 la c\u00f4te, entre la rivi\u00e8re Santa Eularia et la Marina.<\/p>\n<p> [\/vc_column_text] [\/vc_column] [vc_column width = &#8220;1\/3&#8221; El_class = &#8220;Filaplayas&#8221;] [vc_single_image image = &#8220;47482&#8221; img_size = &#8220;full&#8221;] [vc_column_text El_class = &#8220;.conelanteriorreducido&#8221;] <a href=\"https:\/niu-blau\/\">Niu Blau<\/a> [\/vc_column_text] [vc_column_text] <\/p>\n<h2 style=\"text-align: center;\" >Niu Blau 3 km<\/h2>\n<p style=\"text-align: center;\" >La Playa des Niu Blau appartient \u00e0 la municipalit\u00e9 de Santa Eularia et se trouve \u00e0 environ dix-sept kilom\u00e8tres d&#8217;Ibiza et \u00e0 environ deux kilom\u00e8tres du centre neuralgique de la paroisse de Santa Eularia.<\/p>\n<p> [\/vc_column_text] [\/vc_column] [\/vc_row] [vc_row full_width = &#8220;stretch_row&#8221; css = &#8220;.vc_custom_1539928959405 {padding-top: 20px !important; padding-bottom: 20px !important; background-color:#1b7f47 !important;}&#8221;] [vc_column] [vc_custom_heading text = &#8220;plus de lieux d&#8217;int\u00e9r\u00eat&#8221; font_container = &#8220;tag:H2|text_align:center|color:#ffffff&#8221; use_theme_fonts = &#8220;yes&#8221;] [vc_custom_heading text = &#8220;si vous avez une voiture de location vous pouvez visiter ces autres endroits avec un int\u00e9r\u00eat touristique&#8221; font_container = &#8220;tag:P|font_size: 24px|text_align:center|color:#ffffff&#8221; use_theme_fonts = &#8220;yes&#8221; Link = &#8220;URL: HTTPS% 3A% 2F% 2Falquilercochesibiza. Soloibiza. com|| |&#8221;] [\/vc_column] [\/vc_row] [vc_row] [vc_column width = &#8220;1\/3&#8221;] [vc_single_image image = &#8220;46910&#8221; img_size = &#8220;full&#8221; onclick = &#8220;custom_link&#8221; Link = &#8220;https:\/guia-de-turismo-de-ibiza-cultural-y-natural\/guia-turismo-santa-eulalia-ibiza\/pont-vell\/&#8221;] [vc_column_text] <\/p>\n<h2 style=\"text-align: center;\" >Pont Vell \u00e0 569 m\u00e8tres<\/h2>\n<p> Pont Vell est situ\u00e9 \u00e0 l&#8217;entr\u00e9e de Santa Eularia des Riu, \u00e0 c\u00f4t\u00e9 du nouveau pont qui donne acc\u00e8s \u00e0 la ville. [\/vc_column_text] [\/vc_column] [vc_column width = &#8220;1\/3&#8221;] [vc_single_image image = &#8220;46880&#8221; img_size = &#8220;full&#8221; onclick = &#8220;custom_link&#8221; Link = &#8220;https:\/guia-de-turismo-de-ibiza-cultural-y-natural\/guia-turismo-santa-eulalia-ibiza\/museo-etnologico-can-ros\/&#8221;] [vc_column_text] <\/p>\n<h2 style=\"text-align: center;\" >Mus\u00e9e ethnologique \u00e0 591 m\u00e8tres<\/h2>\n<p style=\"text-align: center;\" >Dans le noyau de Puig de Missa, nous pouvons visiter le Mus\u00e9e ethnologique de CAN ros.<\/p>\n<p> [\/vc_column_text] [\/vc_column] [vc_column width = &#8220;1\/3&#8221; El_class = &#8220;Filaplayas&#8221;] [vc_single_image image = &#8220;46874&#8221; img_size = &#8220;full&#8221; onclick = &#8220;custom_link&#8221; Link = &#8220;https:\/guia-de-turismo-de-ibiza-cultural-y-natural\/guia-turismo-santa-eulalia-ibiza\/museo-barrau\/&#8221;] [vc_column_text] <\/p>\n<h2 style=\"text-align: center;\" >Mus\u00e9e de Barrau \u00e0 608 m\u00e8tres<\/h2>\n<p style=\"text-align: center;\" >Au coeur de Puig de Missa, dans un endroit privil\u00e9gi\u00e9, en face de la porte de l&#8217;\u00e9glise, vous trouverez la maison-mus\u00e9e d\u00e9di\u00e9e au Laure\u00e0 Barrau i Bu\u00f1ol de Barcelone.<\/p>\n<p> [\/vc_column_text] [\/vc_column] [\/vc_row] [vc_row full_width = &#8220;stretch_row&#8221; css = &#8220;.vc_custom_1539928959405 {padding-top: 20px !important; padding-bottom: 20px !important; background-color:#1b7f47 !important;}&#8221;] [vc_column] [vc_custom_heading text = &#8220;localit\u00e9s dans le voisinage de la rivi\u00e8re Santa Eulalia plage&#8221; font_container = &#8220;tag:H2|text_align:center|color:#ffffff&#8221; use_theme_fonts = &#8220;yes&#8221;] [\/vc_column] [\/vc_row] [vc_row] [vc_column width = &#8220;1\/3&#8221;] [vc_single_image image = &#8220;46724&#8221; img_size = &#8220;full&#8221; onclick = &#8220;custom_link&#8221; Link = &#8220;https:\/guia-de-turismo-de-ibiza-cultural-y-natural\/guia-turismo-santa-eulalia-ibiza\/&#8221;] [vc_column_text] <\/p>\n<h2 style=\"text-align: center;\" >Santa Eularia \u00e0 592 m\u00e8tres<\/h2>\n<p style=\"text-align: center;\" >La pr\u00e9sence humaine dans cette municipalit\u00e9 a \u00e9t\u00e9 \u00e9tablie \u00e0 l&#8217;\u00e9poque pr\u00e9historique.<\/p>\n<p> [\/vc_column_text] [\/vc_column] [vc_column width = &#8220;1\/3&#8221;] [vc_single_image image = &#8220;46964&#8221; img_size = &#8220;full&#8221; onclick = &#8220;custom_link&#8221; Link = &#8220;https:\/guia-de-turismo-de-ibiza-cultural-y-natural\/guia-turismo-santa-eulalia-ibiza\/guia-de-turismo-de-san-carlos-o-sant-carles-de-peralta\/&#8221; ] [vc_column_text] <\/p>\n<h2 style=\"text-align: center;\" >Sant Carles 7 km<\/h2>\n<p style=\"text-align: center;\" >Situ\u00e9 \u00e0 environ six kilom\u00e8tres du noyau de Santa Eularia est la paroisse de Sant Carles de Peralta, ou San Carlos.<\/p>\n<p> [\/vc_column_text] [\/vc_column] [vc_column width = &#8220;1\/3&#8221;] [vc_single_image image = &#8220;46988&#8221; img_size = &#8220;full&#8221; onclick = &#8220;custom_link&#8221; Link = &#8220;https:\/guia-de-turismo-de-ibiza-cultural-y-natural\/guia-turismo-sant-joan-ibiza\/guia-de-turismo-de-san-lorenzo-o-sant-llorenc-de-balafia\/&#8221;] [vc_column_text] <\/p>\n<h2 style=\"text-align: center;\" >Sant LLoren\u00e7 8 km<\/h2>\n<p style=\"text-align: center;\" >Sant Lloren\u00e7 de Bal\u00e0fia, ou San Lorenzo, est une ville rurale, avec pratiquement aucun noyau urbain, situ\u00e9 dans la municipalit\u00e9 de Sant Joan.<\/p>\n<p> [\/vc_column_text] [\/vc_column] [\/vc_row] [vc_row] [vc_column] [vc_column_text] [toc] [\/vc_column_text] [\/vc_column] [\/vc_row] <\/p>\n<\/div>","protected":false},"excerpt":{"rendered":"<p>[vc_row full_width = &#8220;stretch_row&#8221; parallax = &#8220;Content-Moving-fade&#8221; css = &#8220;.vc_custom_1545910384442 {padding-top: 20px !important; padding-bottom: 60px !important; background-image: url(http:\/\/soloibiza.com\/wp-content\/uploads\/2018\/12\/Playa-del-rio-de-santa-eulalia.jpg?id=47700) !important;}&#8221;] [vc_column] [vc_custom_heading text = &#8220;Santa Eulalia River Beach. Une plage diff\u00e9rente &#8221; font_container =&#8221;tag:h1|text_align:center|color:%23ffff&#8221; use_theme_fonts =&#8221;yes&#8221;] [vc_custom_heading text = &#8220;la plage de la rivi\u00e8re de Santa Eulalia est situ\u00e9e dans la m\u00eame municipalit\u00e9, \u00e0 l\u2019embouchure de [&hellip;]<\/p>\n","protected":false},"author":1,"featured_media":0,"parent":0,"menu_order":0,"comment_status":"closed","ping_status":"closed","template":"","meta":{"_acf_changed":false,"footnotes":""},"class_list":["post-51368","page","type-page","status-publish","hentry"],"acf":[],"_links":{"self":[{"href":"https:\/\/soloibiza.com\/fr\/wp-json\/wp\/v2\/pages\/51368","targetHints":{"allow":["GET"]}}],"collection":[{"href":"https:\/\/soloibiza.com\/fr\/wp-json\/wp\/v2\/pages"}],"about":[{"href":"https:\/\/soloibiza.com\/fr\/wp-json\/wp\/v2\/types\/page"}],"author":[{"embeddable":true,"href":"https:\/\/soloibiza.com\/fr\/wp-json\/wp\/v2\/users\/1"}],"replies":[{"embeddable":true,"href":"https:\/\/soloibiza.com\/fr\/wp-json\/wp\/v2\/comments?post=51368"}],"version-history":[{"count":0,"href":"https:\/\/soloibiza.com\/fr\/wp-json\/wp\/v2\/pages\/51368\/revisions"}],"wp:attachment":[{"href":"https:\/\/soloibiza.com\/fr\/wp-json\/wp\/v2\/media?parent=51368"}],"curies":[{"name":"wp","href":"https:\/\/api.w.org\/{rel}","templated":true}]}}