{"id":51225,"date":"2019-03-09T13:08:26","date_gmt":"2019-03-09T12:08:26","guid":{"rendered":"https:\/?page_id=51225"},"modified":"2019-03-09T14:19:21","modified_gmt":"2019-03-09T13:19:21","slug":"plage-de-cala-benirras-a-ibiza","status":"publish","type":"page","link":"https:\/\/soloibiza.com\/fr\/plage-de-cala-benirras-a-ibiza\/","title":{"rendered":"Plage de Cala Benirr\u00e1s \u00e0 Ibiza"},"content":{"rendered":"<div class=\"wpb-content-wrapper\"><p> [vc_row full_width = &#8220;stretch_row&#8221; parallax = &#8220;Content-Moving-fade&#8221; css = &#8220;.vc_custom_1545982467631 {padding-top: 20px !important; padding-bottom: 60px !important; background-image: url(http:\/\/soloibiza.com\/wp-content\/uploads\/2018\/12\/Cala-Benirras.jpg?id=47533) !important;}&#8221;] [vc_column] [vc_custom_heading text = &#8220;plage de Cala Benirr\u00e1s, la plage des tambours&#8221; font_container = &#8220;tag:H1|text_align:center|color:#ffffff&#8221; use_theme_fonts = &#8220;yes&#8221;] [vc_custom_heading text = &#8220;Cala Benirr\u00e1s Beach est c\u00e9l\u00e8bre pour ses soir\u00e9es tambour coucher de soleil&#8221; font_container = &#8220;tag:P|font_size: 24px|text_align:center|color:#ffffff&#8221; use_theme_fonts = &#8220;yes&#8221;] [\/vc_column] [\/vc_row] [vc_row] [vc_column width = &#8220;2\/3&#8221;] [vc_row_inner] [vc_column_inner] [\/vc_column_inner] [\/vc_row_inner] [vc_single_image image = &#8220;47533&#8221; img_size = &#8220;full&#8221;] [vc_column_text] Nous pouvons trouver la <strong>crique de Benirr\u00e0s<\/strong> dans la municipalit\u00e9 de <a href=\"https:\/guia-de-turismo-de-ibiza-cultural-y-natural\/guia-turismo-sant-joan-ibiza\/\"> <strong>Sant Joan<\/strong><\/a>, entre les villes de <strong>Sant Miquel<\/strong> et <strong>Sant Joan<\/strong>, en prenant la route qui relie les deux paroisses. L\u2019id\u00e9al est l\u2019acc\u00e8s en voiture, surtout si l&#8217;on consid\u00e8re que la distance \u00e0 <a href=\"https:\/\"> <strong>Ibiza<\/strong> <\/a> est \u00e0 environ 25 km et 9 km de <strong>Sant Joan<\/strong>, et que la route pr\u00e9sente des pentes raides, juste \u00e0 la port\u00e9e des cyclistes. Conforme \u00e0 la g\u00e9ographie de la municipalit\u00e9, la <strong>cala benirras <\/strong>est d\u00e9limit\u00e9 par des r\u00e9gions montagneuses avec une v\u00e9g\u00e9tation m\u00e9diterran\u00e9enne abondante. C\u2019est un bel endroit o\u00f9 vous pourrez profiter des sentiers toujours en prenant soin de ne pas perdre de vue de l\u2019anse. En temps de pluie, nous pouvons profiter d\u2019un torrent qui se jette dans la plage. N\u2019oubliez pas que les conditions de fond de la mer sont alt\u00e9r\u00e9es dans les secteurs du flux. [\/vc_column_text] [\/vc_column] [vc_column width = &#8220;1\/3&#8243;] [vc_gmaps link=&#8221;#E-8_JTNDaWZyYW1lJTIwc3JjJTNEJTIyaHR0cHMlM0ElMkYlMkZ3d3cuZ29vZ2xlLmNvbSUyRm1hcHMlMkZlbWJlZCUzRnBiJTNEJTIxMW0xOCUyMTFtMTIlMjExbTMlMjExZDQzOTEuMTAzNDQ1ODQ3OTM4JTIxMmQxLjQ0OTIyMzE0MzAxNjk5MTclMjEzZDM5LjA4OTI1MTg0MDMyMzM2JTIxMm0zJTIxMWYwJTIxMmYwJTIxM2YwJTIxM20yJTIxMWkxMDI0JTIxMmk3NjglMjE0ZjEzLjElMjEzbTMlMjExbTIlMjExczB4MCUyNTNBMHg4ZjZmN2VhNDY5NGYwZWNjJTIxMnNDYWxhJTJCQmVuaXJyJTI1QzMlMjVBMHMlMkJiZWFjaCUyMTVlMSUyMTNtMiUyMTFzZXMlMjEyc2VzJTIxNHYxNTQ1OTk5MDQxNjEzJTIyJTIwd2lkdGglM0QlMjI2MDAlMjIlMjBoZWlnaHQlM0QlMjI0NTAlMjIlMjBmcmFtZWJvcmRlciUzRCUyMjAlMjIlMjBzdHlsZSUzRCUyMmJvcmRlciUzQTAlMjIlMjBhbGxvd2Z1bGxzY3JlZW4lM0UlM0MlMkZpZnJhbWUlM0U=&#8221;] [vc_custom_heading text = &#8220;Extra services&#8221; font_container = &#8216;tag:h3|text_align:center|color:%23ffff&#8217; use_theme_fonts = &#8220;yes&#8221; css = &#8220;.vc_custom_1540662764537{margin-bottom: 30px !important; background-color:#f3ad2a !important;} &#8220;] [vc_row_inner gap = &#8220;30&#8221;] [vc_column_inner width = &#8220;1\/3&#8221;] [vc_icon icon_hubbleicons = &#8220;icono-sun-bath&#8221; color= &#8220;custom&#8221; size = &#8220;xl&#8221; align = &#8220;center&#8221; icons_reach_icons = &#8220;icon-beach-1&#8221; custom_color = &#8220;#f1ae28&#8221;] [vc_column_text] <\/p>\n<p style=\"text-align: center;\"><span style=\"color:#f3ad2a;\"><strong >Parapluies<\/strong><\/span><\/p>\n<p> [\/vc_column_text] [\/vc_column_inner] [vc_column_inner width = &#8220;1\/3&#8221;] [vc_icon icon_hubbleicons = &#8220;icono-relax-5&#8221; color= &#8220;custom&#8221; size= &#8220;xl&#8221; align = &#8220;Centre&#8221; icons_reach_icons = &#8220;Icon-Beach-1&#8221; custom_color = &#8220;#f1ae28&#8221;] [vc_column_text] <\/p>\n<p style=\"text-align: center;\"><span style=\"color:#f3ad2a;\"><strong >Hamacs<\/strong><\/span><\/p>\n<p> [\/vc_column_text] [\/vc_column_inner] [vc_column_inner width = &#8220;1\/3&#8221;] [vc_icon icon_hubbleicons = &#8220;icono-swimming-pool-3&#8221; color= &#8220;custom&#8221; size= &#8220;xl&#8221; align = &#8220;Centre&#8221; icons_reach_icons = &#8220;Icon-plage-1&#8221; custom_color = &#8220;#f1ae28&#8221;] [vc_column_text] <\/p>\n<p style=\"text-align: center;\"><span style=\"color:#f3ad2a;\"><strong >Espace bain<\/strong><\/span><\/p>\n<p> [\/vc_column_text] [\/vc_column_inner] [\/vc_row_inner] [vc_row_inner Gap = &#8220;30&#8221;] [vc_column_inner width = &#8220;1\/3&#8221;] [vc_icon icon_hubbleicons = &#8220;icono-terrace&#8221; color= &#8220;custom&#8221; size= &#8220;xl&#8221; align = &#8220;Centre&#8221; icons_reach_icons = &#8220;Icon-Beach-1&#8221; custom_color = &#8220;#f1ae28&#8221;] [vc_column_text] <\/p>\n<p style=\"text-align: center;\"><span style=\"color:#f3ad2a;\"><strong >Restaurant<\/strong><\/span><\/p>\n<p> [\/vc_column_text] [\/vc_column_inner] [vc_column_inner width = &#8220;1\/3&#8221;] [\/vc_column_inner] [vc_column_inner width = &#8220;1\/3&#8221;] [\/vc_column_inner] [\/vc_row_inner] [\/vc_column] [\/vc_row] [vc_row] [vc_column] [vc_column_text] <\/p>\n<div class=\"entry clearfloat\">\n<h2 id=\"t2\" class=\"title\" >Nous trouverons \u00e0 Cala Benirr\u00e1s<\/h2>\n<div class=\"entry clearfloat\"> La <strong>plage<\/strong> a une longueur d&#8217;environ 140mm. et une largeur d&#8217;environ 30M. avec la pr\u00e9sence de sables qui ont \u00e9t\u00e9 form\u00e9s par l&#8217;action des rochers. Ces galets sont \u00e9galement pr\u00e9sents dans les fonds marins, avec une profusion de roches qui donnent refuge \u00e0 la faune marine m\u00e9diterran\u00e9enne. L&#8217;entr\u00e9e de la mer a une forte pente au d\u00e9but, mais elle se stabilise pendant environ 20 m. La <strong>plage<\/strong> en tout cas, est marqu\u00e9e pour la s\u00e9curit\u00e9 des nageurs. Le vent laisse \u00e0 peine remarquer gr\u00e2ce aux montagnes qui entourent la crique, et quand il fait acte de pr\u00e9sence sont g\u00e9n\u00e9ralement assez l\u00e2che. Bien qu&#8217;il ne soit pas d\u00e9clar\u00e9 plage nudiste, il est fr\u00e9quent de pratiquer le nudisme sur les sentiers qui m\u00e8nent \u00e0 la <strong>plage<\/strong>. Il y a un \u00eelot dans la mer qui produit une vue tr\u00e8s particuli\u00e8re de l&#8217;horizon. Dans l&#8217;apr\u00e8s-midi, vous pourrez profiter des tambours l\u00e9gendaires de <strong>Benirr\u00e0s<\/strong> o\u00f9 la culture hippie pleine de rythmes tribaux \u00e0 chaque coin de la <strong>plage<\/strong>. Dans l&#8217;aspect des services, vous avez les services de base pour passer une journ\u00e9e parfaite \u00e0 la <strong>plage<\/strong>.  <\/div>\n<h2 id=\"t3\" class=\"title\" >Apr\u00e8s le feu<\/h2>\n<div class=\"entry clearfloat\"> Les photographies qui accompagnent cette page sont prises apr\u00e8s le feu qui a balay\u00e9 la zone. Aujourd&#8217;hui, Cala Benirr\u00e1s est encore visit\u00e9e par les baigneurs, et les gens, encore moins, \u00e9coutent les tambours au cr\u00e9puscule. L&#8217;air devient un peu m\u00e9lancolique quand vous regardez sur les collines qui ont chang\u00e9 le vert luxuriant \u00e0 travers un paysage br\u00fbl\u00e9 dans beaucoup de ses zones. Bien que le terrain ait \u00e9t\u00e9 nettoy\u00e9, les images de l&#8217;entr\u00e9e de la crique sont sombres, o\u00f9 le feu a caus\u00e9 beaucoup plus de ravages. Pourtant, la crique de Benirr\u00e1s conserve toujours son charme. <\/div><\/div>\n<p> [\/vc_column_text] [\/vc_column] [\/vc_row] [vc_row full_width = &#8220;stretch_row&#8221; css = &#8220;.vc_custom_1540634055579 {padding-top: 30px !important; padding-bottom: 60px !important, Background-color:#f1ae28 !important; sfondo-posizione: centre !important; arri\u00e8re-plan-r\u00e9p\u00e9tition: non-r\u00e9p\u00e9tition !important; Background-taille: Cover !important;} &#8220;] [vc_column] [vc_custom_heading text = &#8220;lignes de bus \u00e0 la plage de Cala Benirr\u00e1s&#8221; font_container = &#8220;tag:H2|font_size: 40px|text_align:center|color:#FFFFFF|line_height: 48px&#8221; use_theme_fonts = &#8220;yes&#8221;] [vc_custom_heading text = &#8220;il est important de contr\u00f4ler le calendrier des bus, car perdre le dernier peut \u00eatre un probl\u00e8me. Nous vous conseillons de vous d\u00e9placer dans une voiture de location. &#8221; font_container =&#8221; tag:P|font_size: 24px|text_align:center|color:#ffffff&#8221; use_theme_fonts =&#8221;yes&#8221; Link =&#8221; URL: HTTPS% 3A% 2F% 2Falquilercochesibiza. Soloibiza. com|||&#8221;] [\/vc_column] [\/vc_row] [vc_row] [vc_column] [vc_column_text] <\/p>\n<ul>\n<li >Bus Ibiza-> Benirr\u00e1s, <a href=\"https:\/autobuses-de-ibiza-lineas-y-horarios\/autobus-linea-l23-ibiza-benirras\/\">ligne 23<\/a><\/li>\n<li >Bus San Antonio-> Benirr\u00e1s Beach, <a href=\"https:\/autobuses-de-ibiza-lineas-y-horarios\/autobus-linea-l23a-san-antonio-playa-de-benirras\/\">ligne 23a<\/a><\/li>\n<li >Bus Santa Eulalia-plage de > Benirr\u00e1s, <a href=\"https:\/autobuses-de-ibiza-lineas-y-horarios\/autobus-linea-23b-santa-eulalia-playa-de-benirras\/\">ligne 23B<\/a><\/li>\n<li >Bus Portinatx-> San Juan Playa de Benirr\u00e1s, <a href=\"https:\/autobuses-de-ibiza-lineas-y-horarios\/autobus-linea-l23c-portinatx-san-juan-playa-de-benirras\/\">23C Line<\/a><\/li>\n<li >Bus Benirr\u00e1s-> Benirr\u00e1s Beach, <a href=\"https:\/autobuses-de-ibiza-lineas-y-horarios\/autobus-linea-l23p-benirras-playa-de-benirras\/\">23P ligne<\/a><\/li>\n<\/ul>\n<p> [\/vc_column_text] [\/vc_column] [\/vc_row] [vc_row full_width = &#8220;stretch_row&#8221; css = &#8220;.vc_custom_1540634055579 {padding-top: 30px !important; padding-bottom: 60px !important; background-color:#f1ae28 !important; sfondo-posizione: centre !important; background-repeat: non-REPEAT !important; Background-taille: Cover !important;} &#8220;] [vc_column] [vc_custom_heading text = &#8220;autres plages pr\u00e8s de Playa de Cala Benirr\u00e1s&#8221; font_container = &#8220;tag:H2|font_size: 40px|text_align:center|color:#FFFFFF|line_height: 48px&#8221; use_theme_fonts = &#8220;yes&#8221;] [\/vc_column] [\/vc_row] [vc_row] [vc_column width = &#8220;1\/3&#8221; El_class = &#8220;Filaplayas&#8221;] [vc_single_image image = &#8220;47588&#8221; img_size = &#8220;full&#8221;] [vc_column_text El_class = &#8220;.conelanteriorreducido&#8221;] <a href=\"https:\/puerto-de-san-miguel\/\">P. de San Miguel<\/a>[\/vc_column_text] [vc_column_text] <\/p>\n<h3 style=\"text-align: center;\" >Puerto de San Miguel \u00e0 1813 m\u00e8tres<\/h3>\n<p style=\"text-align: center;\" >Le port de San Miguel est situ\u00e9 \u00e0 l&#8217;extr\u00eame nord de l&#8217;\u00eele, dans la municipalit\u00e9 de Sant Joan.<\/p>\n<p> [\/vc_column_text] [\/vc_column] [vc_column width = &#8220;1\/3&#8221; El_class = &#8220;Filaplayas&#8221;] [vc_single_image image = &#8220;47338&#8221; img_size = &#8220;full&#8221;] [vc_column_text El_class = &#8220;.conelanteriorreducido&#8221;] <a href=\"https:\/cala-moltons\/\">Cala Moltens<\/a> [\/vc_column_text] [vc_column_text] <\/p>\n<h3 style=\"text-align: center;\" >Cala Moltens 2 km<\/h3>\n<p style=\"text-align: center;\" >Cala Moltens est une crique au nord de l&#8217;\u00eele, dans la municipalit\u00e9 de Sant Joan.<\/p>\n<p> [\/vc_column_text] [\/vc_column] [vc_column width = &#8220;1\/3&#8221; El_class = &#8220;Filaplayas&#8221;] [vc_single_image image = &#8220;47392&#8221; img_size = &#8220;full&#8221;] [vc_column_text El_class = &#8220;.conelanteriorreducido&#8221;] <a href=\"https:\/cala-xarraca\/\">Cala Xarraca<\/a> [\/vc_column_text] [vc_column_text] <\/p>\n<h3 style=\"text-align: center;\" >Cala Xarraca 5 km<\/h3>\n<p style=\"text-align: center;\" >Nous pouvons trouver Cala Xarraca dans le quartier municipal de Sant Joan.<\/p>\n<p> [\/vc_column_text] [\/vc_column] [\/vc_row] [vc_row full_width = &#8220;stretch_row&#8221; css = &#8220;.vc_custom_1539928959405 {padding-top: 20px !important; padding-bottom: 20px !important; background-color:#1b7f47 !important;}&#8221;] [vc_column] [vc_custom_heading text = &#8220;plus de lieux d&#8217;int\u00e9r\u00eat&#8221; font_container = &#8220;tag:H2|text_align:center|color:#ffffff&#8221; use_theme_fonts = &#8220;yes&#8221;] [vc_custom_heading text = &#8220;si vous avez une voiture de location vous pouvez visiter ces autres endroits avec un int\u00e9r\u00eat touristique&#8221; font_container = &#8220;tag:P|font_size: 24px|text_align:center|color:#ffffff&#8221; use_theme_fonts = &#8220;yes&#8221; Link = &#8220;URL: HTTPS% 3A% 2F% 2Falquilercochesibiza. Soloibiza. com|| |&#8221;] [\/vc_column] [\/vc_row] [vc_row] [vc_column width = &#8220;1\/3&#8221;] [vc_single_image image = &#8220;46682&#8221; img_size = &#8220;full&#8221; onclick = &#8220;custom_link&#8221; Link = &#8220;https:\/guia-de-turismo-de-ibiza-cultural-y-natural\/guia-turismo-sant-joan-ibiza\/guia-de-turismo-de-san-miguel-o-sant-miquel-de-balansat\/cuevas-de-sant-miquel\/&#8221;] [vc_column_text] <\/p>\n<h3 style=\"text-align: center;\" >Grottes de Sant Miquel \u00e0 1466 m\u00e8tres<\/h3>\n<p style=\"text-align: center;\" >Les grottes du port de Sant Miquel sont connues sous le nom de grottes de Can Mar\u00e7\u00e0.<\/p>\n<p> [\/vc_column_text] [\/vc_column] [vc_column width = &#8220;1\/3&#8221;] [vc_single_image image = &#8220;46628&#8221; img_size = &#8220;full&#8221; onclick = &#8220;custom_link&#8221; Link = &#8220;https:\/guia-de-turismo-de-ibiza-cultural-y-natural\/guia-turismo-sant-joan-ibiza\/guia-de-turismo-de-san-miguel-o-sant-miquel-de-balansat\/torre-des-molar\/&#8221;] [vc_column_text] <\/p>\n<h3 style=\"text-align: center;\" >Torre des molaires 2 km<\/h3>\n<p style=\"text-align: center;\" >\u00c0 c\u00f4t\u00e9 du port de Sant Miquel, nous trouvons la Torre des molaires, qui fait partie du projet de d\u00e9fense de l&#8217;\u00eele.<\/p>\n<p> [\/vc_column_text] [\/vc_column] [vc_column width = &#8220;1\/3&#8221; El_class = &#8220;Filaplayas&#8221;] [vc_single_image image = &#8220;46784&#8221; img_size = &#8220;full&#8221; onclick = &#8220;custom_link&#8221; Link = &#8220;https:\/guia-de-turismo-de-ibiza-cultural-y-natural\/guia-turismo-sant-joan-ibiza\/guia-de-turismo-de-san-miguel-o-sant-miquel-de-balansat\/iglesia-de-sant-miquel\/&#8221;] [vc_column_text] <\/p>\n<h3 style=\"text-align: center;\" >\u00c9glise Sant Miquel \u00e0 4 km<\/h3>\n<p style=\"text-align: center;\" >Cette fortification d&#8217;\u00e9glise date de la version officielle du XVIIe si\u00e8cle, bien que de nombreux auteurs datent de leur construction au XIIIe si\u00e8cle, bas\u00e9 sur les fondations de constructions ant\u00e9rieures.<\/p>\n<p> [\/vc_column_text] [\/vc_column] [\/vc_row] [vc_row full_width = &#8220;stretch_row&#8221; css = &#8220;.vc_custom_1539928959405 {padding-top: 20px !important; padding-bottom: 20px !important; background-color:#1b7f47 !important;}&#8221;] [vc_column] [vc_custom_heading text = &#8220;emplacements dans les environs de Playa de Cala Benirr\u00e1s&#8221; font_container = &#8220;tag:H2|text_align:center|color:#ffffff&#8221; use_theme_fonts = &#8220;yes&#8221;] [\/vc_column] [\/vc_row] [vc_row] [vc_column width = &#8220;1\/3&#8221;] [vc_single_image image = &#8220;47000&#8221; img_size = &#8220;full&#8221; onclick = &#8220;custom_link&#8221; Link = &#8220;https:\/guia-de-turismo-de-ibiza-cultural-y-natural\/guia-turismo-sant-joan-ibiza\/guia-de-turismo-de-san-miguel-o-sant-miquel-de-balansat\/&#8221;] [vc_column_text] <\/p>\n<h3 style=\"text-align: center;\" >Sant Miquel 4 km<\/h3>\n<p style=\"text-align: center;\" >Sant Miquel est un petit village, presque hameau, situ\u00e9 \u00e0 mi-chemin entre Sant Joan, municipalit\u00e9 \u00e0 laquelle il appartient, et Sant Antoni.<\/p>\n<p> [\/vc_column_text] [\/vc_column] [vc_column width = &#8220;1\/3&#8221;] [vc_single_image image = &#8220;46766&#8221; img_size = &#8220;full&#8221; onclick = &#8220;custom_link&#8221; Link = &#8220;https:\/guia-de-turismo-de-ibiza-cultural-y-natural\/guia-turismo-sant-joan-ibiza\/&#8221;] [vc_column_text] <\/p>\n<h3 style=\"text-align: center;\" >Sant Joan 7 km<\/h3>\n<p style=\"text-align: center;\" >Sant Joan de Labritja est situ\u00e9 dans l&#8217;extr\u00eame nord de l&#8217;\u00eele, dans l&#8217;une des zones les plus intactes et inconnues de l&#8217;\u00eele.<\/p>\n<p> [\/vc_column_text] [\/vc_column] [vc_column width = &#8220;1\/3&#8221;] [vc_single_image image = &#8220;46988&#8221; img_size = &#8220;full&#8221; onclick = &#8220;custom_link&#8221; Link = &#8220;https:\/guia-de-turismo-de-ibiza-cultural-y-natural\/guia-turismo-sant-joan-ibiza\/guia-de-turismo-de-san-lorenzo-o-sant-llorenc-de-balafia\/&#8221;] [vc_column_text] <\/p>\n<h3 style=\"text-align: center;\" >Sant LLoren\u00e7 7 km<\/h3>\n<p style=\"text-align: center;\" >Sant Lloren\u00e7 de Bal\u00e0fia, ou San Lorenzo, est une ville rurale, avec pratiquement aucun noyau urbain, situ\u00e9 dans la municipalit\u00e9 de Sant Joan.<\/p>\n<p> [\/vc_column_text] [\/vc_column] [\/vc_row] [vc_row] [vc_column] [vc_column_text] [toc] [\/vc_column_text] [\/vc_column] [\/vc_row] <\/p>\n<\/div>","protected":false},"excerpt":{"rendered":"<p>[vc_row full_width = &#8220;stretch_row&#8221; parallax = &#8220;Content-Moving-fade&#8221; css = &#8220;.vc_custom_1545982467631 {padding-top: 20px !important; padding-bottom: 60px !important; background-image: url(http:\/\/soloibiza.com\/wp-content\/uploads\/2018\/12\/Cala-Benirras.jpg?id=47533) !important;}&#8221;] [vc_column] [vc_custom_heading text = &#8220;plage de Cala Benirr\u00e1s, la plage des tambours&#8221; font_container = &#8220;tag:H1|text_align:center|color:#ffffff&#8221; use_theme_fonts = &#8220;yes&#8221;] [vc_custom_heading text = &#8220;Cala Benirr\u00e1s Beach est c\u00e9l\u00e8bre pour ses soir\u00e9es tambour coucher de soleil&#8221; font_container = &#8220;tag:P|font_size: [&hellip;]<\/p>\n","protected":false},"author":1,"featured_media":0,"parent":0,"menu_order":0,"comment_status":"closed","ping_status":"closed","template":"","meta":{"_acf_changed":false,"footnotes":""},"class_list":["post-51225","page","type-page","status-publish","hentry"],"acf":[],"_links":{"self":[{"href":"https:\/\/soloibiza.com\/fr\/wp-json\/wp\/v2\/pages\/51225","targetHints":{"allow":["GET"]}}],"collection":[{"href":"https:\/\/soloibiza.com\/fr\/wp-json\/wp\/v2\/pages"}],"about":[{"href":"https:\/\/soloibiza.com\/fr\/wp-json\/wp\/v2\/types\/page"}],"author":[{"embeddable":true,"href":"https:\/\/soloibiza.com\/fr\/wp-json\/wp\/v2\/users\/1"}],"replies":[{"embeddable":true,"href":"https:\/\/soloibiza.com\/fr\/wp-json\/wp\/v2\/comments?post=51225"}],"version-history":[{"count":0,"href":"https:\/\/soloibiza.com\/fr\/wp-json\/wp\/v2\/pages\/51225\/revisions"}],"wp:attachment":[{"href":"https:\/\/soloibiza.com\/fr\/wp-json\/wp\/v2\/media?parent=51225"}],"curies":[{"name":"wp","href":"https:\/\/api.w.org\/{rel}","templated":true}]}}