{"id":51119,"date":"2019-03-09T07:38:23","date_gmt":"2019-03-09T06:38:23","guid":{"rendered":"https:\/?page_id=51119"},"modified":"2019-07-25T14:14:04","modified_gmt":"2019-07-25T12:14:04","slug":"playa-den-bossa-a-ibiza","status":"publish","type":"page","link":"https:\/\/soloibiza.com\/fr\/playa-den-bossa-a-ibiza\/","title":{"rendered":"Playa d&#8217;en Bossa \u00e0 Ibiza"},"content":{"rendered":"<div class=\"wpb-content-wrapper\"><p> [vc_row full_width = &#8220;stretch_row&#8221; parallax = &#8220;Content-Moving-fade&#8221; css = &#8220;.vc_custom_1545824755182 {padding-top: 20px !important; padding-bottom: 60px !important; background-image: url(http:\/\/soloibiza.com\/wp-content\/uploads\/2018\/12\/Playa-d-en-Bossa.jpg?id=47608) !important;}&#8221;] [vc_column] [vc_custom_heading text = &#8220;Playa d&#8217;en Bossa&#8221; font_container = &#8220;tag:H1|text_align: Center|color:#ffffff&#8221; use_theme_fonts = &#8220;yes&#8221;] [vc_custom_heading text = &#8220;la Playa d&#8217;en Bossa est une plage pleine de services avec diff\u00e9rents environnements selon sa section&#8221; font_container = &#8220;tag:P|font_size: 24px|text_align: Center|color:#ffffff&#8221; use_theme_fonts = &#8220;yes&#8221;] [\/vc_column] [\/vc_row] [vc_row] [vc_column width = &#8220;2\/3&#8221;] [vc_row_inner] [vc_column_inner] [\/vc_column_inner] [\/vc_row_inner] [vc_single_image image = &#8220;47608&#8221; img_size = &#8220;full&#8221;] [vc_column_text] Pour parler de <strong>Playa d&#8217;en Bossa<\/strong> est de parler de l&#8217;un des endroits les plus connus sur l&#8217;\u00eele d&#8217; <strong> <a href=\"https:\/\">Ibiza<\/a><\/strong>. <strong>en Bossa<\/strong> est non seulement le nom de l&#8217;un des plus grands tron\u00e7ons de littoral \u00e0 <strong>Ibiza<\/strong>, mais aussi un complexe urbain qualifiant comme une ville de vacances. Ceux qui connaissent la r\u00e9gion laisse bien ne pas \u00e9tonn\u00e9s par la transformation des services de cette plage, pr\u00eats pour un public toujours plus exigeant. Si nous prenons une longue promenade, on peut voir la plage, a une forme tout \u00e0 fait droite, o\u00f9 le vent a tendance \u00e0 souffler fort. Les eaux sont tr\u00e8s calmes et la pente de la c\u00f4te est tr\u00e8s douce. Wave quelques pauses avec vigueur \u00e0 quelques m\u00e8tres de la rive et est tr\u00e8s peu probable d\u2019avoir une gueule de bois en mer. Dans ces conditions, la salle de bain est parfait, et nous pouvons pratiquer toutes sortes de voile. Si vous pr\u00e9f\u00e9rez le pendage de la mer, venez \u00e0 la fin de la plage et qui co\u00efncide avec la zone de la roche, le paysage de la r\u00e9serve naturelle de Las Salinas. Le plancher oc\u00e9anique est tr\u00e8s sablonneux, avec des algues derri\u00e8re la zone de baignade. Cette v\u00e9g\u00e9tation donne un aspect plus fonc\u00e9 \u00e0 certaines zones parfaitement visibles depuis la rive. Les nombreux services disponibles donnent une cat\u00e9gorie sp\u00e9ciale \u00e0 la zone, o\u00f9 nous passerons dans les endroits remplis avec les familles en qu\u00eate d\u2019une trempette aux zones de vrai et de glamour. Restaurants et bars sont une incitation \u00e0 se rendre sur cette plage, car m\u00eame la population locale se rapproche certains snack a quelques m\u00e8tres de l\u2019eau. Ici, nous avons quelques-uns des <a href=\"https:\/blogs\/los-10-mejores-beach-club-de-ibiza\/\">Meilleurs Clubs de plage sur l\u2019\u00eele<\/a>. [\/vc_column_text] [\/vc_column] [vc_column width = &#8221; 1\/3 &#8220;][vc_gmaps link=&#8221;#E-8_JTNDaWZyYW1lJTIwc3JjJTNEJTIyaHR0cHMlM0ElMkYlMkZ3d3cuZ29vZ2xlLmNvbSUyRm1hcHMlMkZlbWJlZCUzRnBiJTNEJTIxMW0xOCUyMTFtMTIlMjExbTMlMjExZDMxMDUuNjcyNjQzNjczNjI2JTIxMmQxLjQwNDgyMzE2NTg2MjExMTUlMjEzZDM4Ljg4NTczMDg1NTIzNTkyJTIxMm0zJTIxMWYwJTIxMmYwJTIxM2YwJTIxM20yJTIxMWkxMDI0JTIxMmk3NjglMjE0ZjEzLjElMjEzbTMlMjExbTIlMjExczB4MTI5OTQ1Y2I0YjEzNGRlMyUyNTNBMHhlOWYyNDM3NzAwZTI2NzY3JTIxMnNQbGF0amElMkJkJTI2JTIzMzklM0JlbiUyQkJvc3NhJTIxNWUwJTIxM20yJTIxMXNlcyUyMTJzZXMlMjE0djE1NDU4MjU5NzUxMDklMjIlMjB3aWR0aCUzRCUyMjYwMCUyMiUyMGhlaWdodCUzRCUyMjQ1MCUyMiUyMGZyYW1lYm9yZGVyJTNEJTIyMCUyMiUyMHN0eWxlJTNEJTIyYm9yZGVyJTNBMCUyMiUyMGFsbG93ZnVsbHNjcmVlbiUzRSUzQyUyRmlmcmFtZSUzRQ==&#8221;][vc_custom_heading text  = &#8221; Extra services &#8221; font_container = &#8216;tag:h3|text_align:center|color:%23ffffff&#8217; use_theme_fonts = &#8220;yes&#8221; css = &#8220;.vc_custom_1540662764537 {margin-bottom: 30px  !important ; background-color :#f3ad2a  !important ;} &#8220;] [vc_row_inner gap = &#8221; 30 &#8220;] [vc_column_inner width = &#8221; 1\/3 &#8220;] [vc_icon icon_hubbleicons = &#8221; icono-sun-bath &#8221; color=&#8221;custom&#8221; size = &#8220;xl&#8221; align = &#8220;center&#8221; icons_reach_icons = &#8221; icon-beach-1&#8243; custom_color = &#8220;#f1ae28&#8221;] [vc_column_text] <\/p>\n<p style=\"text-align: center;\"><span style=\"color:#f3ad2a;\"><strong >Parapluies<\/strong><\/span><\/p>\n<p> [\/vc_column_text] [\/vc_column_inner] [vc_column_inner width = &#8220;1\/3&#8221;] [vc_icon icon_hubbleicons = &#8220;icono-relax-5&#8221; color= &#8220;custom&#8221; size= &#8220;xl&#8221; align = &#8220;Centre&#8221; icons_reach_icons = &#8220;Icon-Beach-1&#8221; custom_color = &#8220;#f1ae28&#8221;] [vc_column_text] <\/p>\n<p style=\"text-align: center;\"><span style=\"color:#f3ad2a;\"><strong >Hamacs<\/strong><\/span><\/p>\n<p> [\/vc_column_text] [\/vc_column_inner] [vc_column_inner width = &#8220;1\/3&#8221;] [vc_icon icon_hubbleicons = &#8220;icono-swimming-pool-3&#8221; color= &#8220;custom&#8221; size= &#8220;xl&#8221; align = &#8220;Centre&#8221; icons_reach_icons = &#8220;Icon-plage-1&#8221; custom_color = &#8220;#f1ae28&#8221;] [vc_column_text] <\/p>\n<p style=\"text-align: center;\"><span style=\"color:#f3ad2a;\"><strong >Espace bain<\/strong><\/span><\/p>\n<p> [\/vc_column_text] [\/vc_column_inner] [\/vc_row_inner] [vc_row_inner Gap = &#8220;30&#8221;] [vc_column_inner width = &#8220;1\/3&#8221;] [vc_icon icon_hubbleicons = &#8220;icono-terrace&#8221; color= &#8220;custom&#8221; size= &#8220;xl&#8221; align = &#8220;Centre&#8221; icons_reach_icons = &#8220;icon-beach-1&#8221; custom_color = &#8220;#f1ae28&#8221;] [vc_column_text] <\/p>\n<p style=\"text-align: center;\"><span style=\"color:#f3ad2a;\"><strong >Restaurant<\/strong><\/span><\/p>\n<p> [\/vc_column_text] [\/vc_column_inner] [vc_column_inner width = &#8220;1\/3&#8221;] [vc_icon icon_hubbleicons = &#8220;icono-kayak&#8221; color= &#8220;custom&#8221; size= &#8220;xl&#8221; align = &#8220;Centre&#8221; icons_reach_icons = &#8220;Icon-Beach-1&#8221; custom_color = &#8220;#f1ae28&#8221;] [vc_column_text] <\/p>\n<p style=\"text-align: center;\"><span style=\"color:#f3ad2a;\"><strong >Cano\u00eb<\/strong><\/span><\/p>\n<p> [\/vc_column_text] [\/vc_column_inner] [vc_column_inner width = &#8220;1\/3&#8221;] [vc_icon icon_hubbleicons = &#8220;icono-restroom&#8221; color= &#8220;custom&#8221; size= &#8220;xl&#8221; align = &#8220;Centre&#8221; icons_reach_icons = &#8220;Icon-Beach-1&#8221; custom_color = &#8220;#f1ae28&#8221;] [vc_column_text] <\/p>\n<p style=\"text-align: center;\"><span style=\"color:#f3ad2a;\"><strong >Accessible<\/strong><\/span><\/p>\n<p> [\/vc_column_text] [\/vc_column_inner] [\/vc_row_inner] [\/vc_column] [\/vc_row] [vc_row] [vc_column] [vc_column_text] <\/p>\n<div class=\"entry clearfloat\">\n<h2 id=\"t2\" class=\"title\" >Description de Playa d&#8217;en Bossa<\/h2>\n<div class=\"entry clearfloat\"> De la fin <strong>de la plage de Figueras<\/strong> \u00e0 la Torre de SAL Rossa, plus de deux kilom\u00e8tres de sable fin offrent un refuge \u00e0 d&#8217;innombrables \u00e9tablissements h\u00f4teliers, des quartiers r\u00e9sidentiels luxueux et de grands complexes de haute standing. La plage appartient \u00e0 deux municipalit\u00e9s aussi diff\u00e9rentes que Ibiza et Sant Josep, et cette division se refl\u00e8te clairement dans les noyaux urbains qui courent le long de la C\u00f4te d&#8217;une mani\u00e8re parall\u00e8le. \u00c0 partir de Figueras, <strong>Playa d&#8217;en Bossa<\/strong> est pr\u00e9sent\u00e9e comme un grand ensemble d&#8217;h\u00f4tels de haute qualit\u00e9, entour\u00e9 de maisons de marin \u00e0 profil bas. Ils ont \u00e9t\u00e9 les derniers noyaux urbains de la p\u00e9riph\u00e9rie de la ville d&#8217; <strong>Ibiza <\/strong>et sont rest\u00e9s comme des zones r\u00e9sidentielles qui partagent l&#8217;espace avec l&#8217;offre touristique. Dans ce domaine, nous trouverons quelques lieux de divertissement qui ouvrent leurs portes au public local. A la hauteur du minigolf de Playa d&#8217;en Bossa le quartier r\u00e9sidentiel change compl\u00e8tement. Nous sommes arriv\u00e9s \u00e0 la commune de <strong>Sant Josep<\/strong>, et nous trouvons une promenade d\u00e9di\u00e9e au shopping et aux loisirs, avec des bars d&#8217;une atmosph\u00e8re tr\u00e8s \u00e9trang\u00e8re, des drapeaux et des T-shirts mouill\u00e9s. \u00c0 la fin de la rue, nous trouvons plusieurs attractions dans un o et le d\u00e9but de la zone plus anim\u00e9e de la <strong>plage<\/strong>. Les barres plus pittoresques, pleins d\u2019anglais et allemands, le c\u00e9l\u00e8bre bar de plage de Bora Bora, quelques installations et centres de vill\u00e9giature et Hi, un des clubs plus importants de l\u2019\u00eele. Notre itin\u00e9raire se termine par quelques stations de premi\u00e8re qualit\u00e9 et environnement plus familier \u00e0 un Sal Rossa. <\/div><\/div>\n<p> [\/vc_column_text] [\/vc_column] [\/vc_row] [vc_row full_width = &#8220;stretch_row&#8221; css = &#8220;.vc_custom_1540634055579 {padding-top: 30px !important; padding-bottom: 60px !important, Background-color:#f1ae28 !important; sfondo-posizione: centre !important; arri\u00e8re-plan-r\u00e9p\u00e9tition: non-r\u00e9p\u00e9tition !important; Background-taille: Cover !important;} &#8220;] [vc_column] [vc_custom_heading text = &#8220;lignes de bus \u00e0 Playa d&#8217;en Bossa&#8221; font_container=&#8221;tag:H2|font_size: 40px|text_align:Center|color:#FFFFFF|line_height:48px&#8221; use_theme_fonts = &#8220;yes&#8221;] [vc_custom_heading text = &#8220;il est important de contr\u00f4ler le calendrier des bus, car perdre le dernier peut \u00eatre un probl\u00e8me. Nous vous conseillons de vous d\u00e9placer dans une voiture de location. &#8221; font_container =&#8221;tag:P|font_size: 24px|text_align:Center|color:#ffffff&#8221; use_theme_fonts =&#8221;yes&#8221; link =&#8221; URL: HTTPS% 3A% 2F% 2Falquilercochesibiza. Soloibiza. com|||&#8221;] [\/vc_column] [\/vc_row] [vc_row] [vc_column] [vc_column_text] <\/p>\n<ul>\n<li >Bus Ibiza-> a\u00e9roport, <a href=\"https:\/autobuses-de-ibiza-lineas-y-horarios\/autobuses-linea-l10-ibiza-aeropuerto\/\">ligne 10<\/a><\/li>\n<li >Bus Ibiza-> Playa d&#8217;en Bossa, <a href=\"https:\/autobuses-de-ibiza-lineas-y-horarios\/bus-l14-eivissa-platja-den-bossa\/\">ligne L14<\/a><\/li>\n<li >Bus Es Cubells-> San Jos\u00e9, <a href=\"https:\/autobuses-de-ibiza-lineas-y-horarios\/autobus-linea-l42-es-cubells-san-jose\/\">ligne 42<\/a><\/li>\n<\/ul>\n<p> [\/vc_column_text] [\/vc_column] [\/vc_row] [vc_row full_width = &#8220;stretch_row&#8221; css = &#8220;.vc_custom_1540634055579 {padding-top: 30px !important; padding-bottom: 60px !important; background-color:#f1ae28 !important; sfondo-posizione: centre !important; background-repeat: non-REPEAT !important; Background-taille: Cover !important;} &#8220;] [vc_column] [vc_custom_heading text = &#8220;autres plages pr\u00e8s de Playa d&#8217;en Bossa&#8221; font_container = &#8220;tag:H2|font_size: 40px|text_align: Center|color:#FFFFFF|line_height: 48px&#8221; use_theme_fonts = &#8220;yes&#8221;] [\/vc_column] [\/vc_row] [vc_row] [vc_column width = &#8220;1\/3&#8221; El_class = &#8220;Filaplayas&#8221;] [vc_single_image image = &#8220;47422&#8221; img_size = &#8220;full&#8221;] [vc_column_text El_class = &#8220;.conelanteriorreducido&#8221;] <a href=\"https:\/es-cavallet\/\">Es Cavalleria<\/a> [\/vc_column_text] [vc_column_text] <\/p>\n<h3 style=\"text-align: center;\" >Es Cavalleria 4 km<\/h3>\n<p style=\"text-align: center;\" >La <a href=\"https:\/es-cavallet\/\">plage d&#8217;es Cavalleria<\/a> est connue par les habitants de l&#8217;\u00eele comme une plage nudiste, de pr\u00e9dilection sp\u00e9ciale entre le collectif gay.<\/p>\n<p> [\/vc_column_text] [\/vc_column] [vc_column width = &#8220;1\/3&#8221; El_class = &#8220;Filaplayas&#8221;] [vc_single_image image = &#8220;47470&#8221; img_size = &#8220;full&#8221;] [vc_column_text El_class = &#8220;.conelanteriorreducido&#8221;] <a href=\"https:\/figueretas\/\">Figueras<\/a> [\/vc_column_text] [vc_column_text] <\/p>\n<h3 style=\"text-align: center;\" >\u00c0 3 km de Figueras<\/h3>\n<p style=\"text-align: center;\" >La <strong>plage la plus urbaine d&#8217;Ibiza<\/strong>, <a href=\"https:\/figueretas\/\">Figueras<\/a>, largement connu et un endroit parfait pour profiter de la mer et de la ville.<\/p>\n<p> [\/vc_column_text] [\/vc_column] [vc_column width = &#8220;1\/3&#8221; El_class = &#8220;Filaplayas&#8221;] [vc_single_image image = &#8220;47476&#8221; img_size = &#8220;full&#8221;] [vc_column_text El_class = &#8220;.conelanteriorreducido&#8221;] <a href=\"https:\/las-salinas\/\">Salinas<\/a> [\/vc_column_text] [vc_column_text] <\/p>\n<h3 style=\"text-align: center;\" >\u00c0 5 km de las Salinas Beach<\/h3>\n<p style=\"text-align: center;\" >La plage de ses salines, ou <a href=\"https:\/las-salinas\/\">Playa de las Salinas<\/a>, est mieux connue pour donner refuge dans ses bars aux gens de la c\u00e9l\u00e9brit\u00e9, que par la beaut\u00e9 de l&#8217;endroit.<\/p>\n<p> [\/vc_column_text] [\/vc_column] [\/vc_row] [vc_row full_width = &#8220;stretch_row&#8221; css = &#8220;.vc_custom_1539928959405 {padding-top: 20px !important; padding-bottom: 20px !important, Background-color:#1b7f47 !important;}&#8221;] [vc_column] [vc_custom_heading text = &#8220;plus de lieux d&#8217;int\u00e9r\u00eat&#8221; font_container = &#8220;tag:H2|text_align: Center|color:#ffffff&#8221; use_theme_fonts = &#8220;yes&#8221;] [vc_custom_heading text = &#8220;si vous avez une voiture de location vous pouvez visiter ces autres endroits avec un int\u00e9r\u00eat touristique&#8221; font_container = &#8220;tag:P|font_size: 24px|text_align: Center|color:#ffffff&#8221; use_theme_fonts = &#8220;yes&#8221; Link = &#8220;URL: HTTPS% 3A% 2F% 2Falquilercochesibiza. Soloibiza. com|| |&#8221;] [\/vc_column] [\/vc_row] [vc_row] [vc_column width = &#8220;1\/3&#8221;] [vc_single_image image = &#8220;46622&#8221; img_size = &#8220;full&#8221; onclick = &#8220;custom_link&#8221; Link = &#8220;https:\/guia-de-turismo-de-ibiza-cultural-y-natural\/guia-turismo-sant-josep-ibiza\/guia-de-turismo-de-san-francisco-o-sant-francesc-destany\/torre-des-carregador-o-torre-de-sal-rossa\/&#8221;] [vc_column_text] <\/p>\n<h3 style=\"text-align: center;\" >Tour des IRRIGATOR \u00e0 1144 m\u00e8tres<\/h3>\n<p style=\"text-align: center;\" >Un des endroits que chaque visiteur de Playa d&#8217;en Bossa se souvient est la tour au fond de la plage.<\/p>\n<p> [\/vc_column_text] [\/vc_column] [vc_column width = &#8220;1\/3&#8221;] [vc_single_image image = &#8220;46754&#8221; img_size = &#8220;full&#8221; onclick = &#8220;custom_link&#8221; Link = &#8220;https:\/guia-de-turismo-de-ibiza-cultural-y-natural\/guia-turismo-sant-josep-ibiza\/guia-de-turismo-de-sant-jordi-de-ses-salines\/iglesia-de-sant-jordi\/&#8221;] [vc_column_text] <\/p>\n<h3 style=\"text-align: center;\" >\u00c9glise de Sant Jordi \u00e0 1348 m\u00e8tres<\/h3>\n<p style=\"text-align: center;\" >L&#8217;\u00e9glise de Sant Jordi est situ\u00e9e au c\u0153ur du centre-ville de Sant Jordi.<\/p>\n<p> [\/vc_column_text] [\/vc_column] [vc_column width = &#8220;1\/3&#8221; El_class = &#8220;Filaplayas&#8221;] [vc_single_image image = &#8220;46934&#8221; img_size = &#8220;full&#8221; onclick = &#8220;custom_link&#8221; Link = &#8220;https:\/guia-de-turismo-de-ibiza-cultural-y-natural\/guia-turismo-sant-josep-ibiza\/guia-de-turismo-de-sant-jordi-de-ses-salines\/pou-roig\/&#8221;] [vc_column_text] <\/p>\n<h3 style=\"text-align: center;\" >Pou Roig 2 km<\/h3>\n<p style=\"text-align: center;\" >A mi-chemin entre Sant Jordi et Ibiza, vous trouverez pou Roig.<\/p>\n<p> [\/vc_column_text] [\/vc_column] [\/vc_row] [vc_row full_width = &#8220;stretch_row&#8221; css = &#8220;.vc_custom_1539928959405 {padding-top: 20px !important; padding-bottom: 20px !important, Background-color:#1b7f47 !important;}&#8221;] [vc_column] [vc_custom_heading text = &#8220;emplacements dans et autour de Playa d&#8217;en Bossa&#8221; font_container = &#8220;tag:H2|text_align: Center|color:#ffffff&#8221; use_theme_fonts = &#8220;yes&#8221;] [\/vc_column] [\/vc_row] [vc_row] [vc_column width = &#8220;1\/3&#8221;] [vc_single_image image = &#8220;46976&#8221; img_size = &#8220;full&#8221; onclick = &#8220;custom_link&#8221; Link = &#8220;https:\/guia-de-turismo-de-ibiza-cultural-y-natural\/guia-turismo-sant-josep-ibiza\/guia-de-turismo-de-sant-jordi-de-ses-salines\/iglesia-de-sant-jordi\/&#8221;] [vc_column_text] <\/p>\n<h3 style=\"text-align: center;\" >Sant Jordi \u00e0 1427 m\u00e8tres<\/h3>\n<p style=\"text-align: center;\" >Sant Jordi de ses salines est l&#8217;une des paroisses les plus industrialis\u00e9es de l&#8217;\u00eele.<\/p>\n<p> [\/vc_column_text] [\/vc_column] [vc_column width = &#8220;1\/3&#8221;] [vc_single_image image = &#8220;46970&#8221; img_size = &#8220;full&#8221; onclick = &#8220;custom_link&#8221; Link = &#8220;https:\/guia-de-turismo-de-ibiza-cultural-y-natural\/guia-turismo-sant-josep-ibiza\/guia-de-turismo-de-san-francisco-o-sant-francesc-destany\/&#8221;] [vc_column_text] <\/p>\n<h3 style=\"text-align: center;\" >Sant Francesc 2 km<\/h3>\n<p style=\"text-align: center;\" >Sant Francesc de s&#8217;Estany est une petite ville \u00e0 la sortie de Sant Jordi de ses salines et lieu de passage obligatoire pour la plage de SES salines et es Cavalleria.<\/p>\n<p> [\/vc_column_text] [\/vc_column] [vc_column width = &#8220;1\/3&#8221;] [vc_single_image image = &#8220;46670&#8221; img_size = &#8220;full&#8221; onclick = &#8220;custom_link&#8221; Link = &#8220;https:\/guia-de-turismo-de-ibiza-cultural-y-natural\/guia-de-turismo-de-la-ciudad-de-ibiza\/&#8221;] [vc_column_text] <\/p>\n<h3 style=\"text-align: center;\" >Ibiza \u00e0 4 km<\/h3>\n<p style=\"text-align: center;\" >Le tourisme \u00e0 Ibiza venait de la main du soleil, de la f\u00eate et de la plage.<\/p>\n<p> [\/vc_column_text] [\/vc_column] [\/vc_row] [vc_row] [vc_column] [vc_column_text] [toc] [\/vc_column_text] [\/vc_column] [\/vc_row] <\/p>\n<\/div>","protected":false},"excerpt":{"rendered":"<p>[vc_row full_width = &#8220;stretch_row&#8221; parallax = &#8220;Content-Moving-fade&#8221; css = &#8220;.vc_custom_1545824755182 {padding-top: 20px !important; padding-bottom: 60px !important; background-image: url(http:\/\/soloibiza.com\/wp-content\/uploads\/2018\/12\/Playa-d-en-Bossa.jpg?id=47608) !important;}&#8221;] [vc_column] [vc_custom_heading text = &#8220;Playa d&#8217;en Bossa&#8221; font_container = &#8220;tag:H1|text_align: Center|color:#ffffff&#8221; use_theme_fonts = &#8220;yes&#8221;] [vc_custom_heading text = &#8220;la Playa d&#8217;en Bossa est une plage pleine de services avec diff\u00e9rents environnements selon sa section&#8221; font_container = &#8220;tag:P|font_size: [&hellip;]<\/p>\n","protected":false},"author":1,"featured_media":0,"parent":0,"menu_order":0,"comment_status":"closed","ping_status":"closed","template":"","meta":{"_acf_changed":false,"footnotes":""},"class_list":["post-51119","page","type-page","status-publish","hentry"],"acf":[],"_links":{"self":[{"href":"https:\/\/soloibiza.com\/fr\/wp-json\/wp\/v2\/pages\/51119","targetHints":{"allow":["GET"]}}],"collection":[{"href":"https:\/\/soloibiza.com\/fr\/wp-json\/wp\/v2\/pages"}],"about":[{"href":"https:\/\/soloibiza.com\/fr\/wp-json\/wp\/v2\/types\/page"}],"author":[{"embeddable":true,"href":"https:\/\/soloibiza.com\/fr\/wp-json\/wp\/v2\/users\/1"}],"replies":[{"embeddable":true,"href":"https:\/\/soloibiza.com\/fr\/wp-json\/wp\/v2\/comments?post=51119"}],"version-history":[{"count":0,"href":"https:\/\/soloibiza.com\/fr\/wp-json\/wp\/v2\/pages\/51119\/revisions"}],"wp:attachment":[{"href":"https:\/\/soloibiza.com\/fr\/wp-json\/wp\/v2\/media?parent=51119"}],"curies":[{"name":"wp","href":"https:\/\/api.w.org\/{rel}","templated":true}]}}