{"id":49817,"date":"2019-02-24T09:00:43","date_gmt":"2019-02-24T08:00:43","guid":{"rendered":"https:\/?page_id=49817"},"modified":"2019-02-24T09:00:43","modified_gmt":"2019-02-24T08:00:43","slug":"ligne-de-bus-l45-vara-de-rey-dalt-vila-can-misses-maisons-pas-cher-cas-serres","status":"publish","type":"page","link":"https:\/\/soloibiza.com\/fr\/ibiza-bus-lignes-et-horaires\/ligne-de-bus-l45-vara-de-rey-dalt-vila-can-misses-maisons-pas-cher-cas-serres\/","title":{"rendered":"Ligne de bus L45 Vara de Rey Dalt Vila CAN Misses maisons pas cher cas serres"},"content":{"rendered":"<div class=\"wpb-content-wrapper\"><p> [vc_row full_width=&#8221;stretch_row&#8221; parallax=&#8221;content-moving-fade&#8221; css=&#8221;.vc_custom_1541744452372{padding-top: 20px !important;padding-bottom: 60px !important;background-image: url(http:\/\/soloibiza.com\/wp-content\/uploads\/2018\/11\/autobuses.jpg?id=46038) !important;background-position: center;background-repeat: no-repeat;background-size: cover !important;}&#8221;] [vc_column] [vc_custom_heading text = &#8220;bus Rod de King-Dalt Vila-CAN Misses-maisons pas cher-cas serres, ligne 45&#8221; font_container = &#8220;tag:H1 | text_align: Centre | color:#ffffff&#8221; use_theme_fonts = &#8220;yes&#8221;] [\/vc_column] [\/vc_row] &#8220;[vc_row el_class = &#8220;autobus&#8221;] [vc_column width = &#8220;2\/3&#8221;] [vc_column_text] <\/p>\n<h2 >Heure d&#8217;hiver (du 1er octobre au 31 mai)<\/h2>\n<p> [\/vc_column_text] [vc_row_inner css = &#8220;.vc_custom_1541746836497 {margin-bottom: 20px !important;}&#8221;] [vc_column_inner width=&#8221;1\/2&#8243; css=&#8221;.vc_custom_1541746655506{border-top-width: 1px !important;border-right-width: 1px !important;border-bottom-width: 1px !important;border-left-width: 1px !important;border-left-color:#666666 !important; border-left-style: solid !important; border-right-color:#666666 !important; border-right-style: solid !important; border-top-color:#666666 !important; border-top-style: solid !important; border-bottom-color:#666666 !important; border-bottom-style: solid !important;} &#8220;] [vc_column_text] <\/p>\n<h3 >Vara de Rey-> cas serres<\/h3>\n<h4 style=\"text-align: center;\" >Du lundi au vendredi<\/h4>\n<p style=\"text-align: center;\" >De 7:45 \u00e0 13:45 et de 16:45 \u00e0 20:45 toutes les heures.<\/p>\n<h4 style=\"text-align: center;\" >Jours f\u00e9ri\u00e9s, samedis et dimanches<\/h4>\n<p style=\"text-align: center;\" >De 8:45 \u00e0 12:45 et de 16:45 \u00e0 19:45 toutes les heures.<\/p>\n<p> [\/vc_column_text] [\/vc_column_inner] [\/vc_row_inner] [vc_column_text] <\/p>\n<h2 >Heure d&#8217;\u00e9t\u00e9 (du 1er juin au 30 septembre)<\/h2>\n<p> [\/vc_column_text] [vc_row_inner css = &#8220;.vc_custom_1541747165242 {margin-bottom: 20px !important;}&#8221;] [vc_column_inner width=&#8221;1\/2&#8243; css=&#8221;.vc_custom_1541747132513{border-top-width: 1px !important;border-right-width: 1px !important;border-bottom-width: 1px !important;border-left-width: 1px !important;border-left-color:#666666 !important; border-left-style: solid !important; bordure-droite-color:#666666 !important; border-right-style: solid !important; border-top-color:#666666 !important; border-top-style: solid !important; bordure-fond-color:#666666 !important; border-bottom-style: Solid !important;} &#8220;] [vc_column_text] <\/p>\n<h3 >Vara de Rey-> cas serres<\/h3>\n<h4 style=\"text-align: center;\" >Du lundi au vendredi<\/h4>\n<p style=\"text-align: center;\" >De 7:45 \u00e0 22:45 toutes les heures.<\/p>\n<h4 style=\"text-align: center;\" >Jours f\u00e9ri\u00e9s, samedis et dimanches<\/h4>\n<p style=\"text-align: center;\" >De 8:45 \u00e0 12:45 et de 16:45 \u00e0 20:45 toutes les heures.<\/p>\n<p> [\/vc_column_text] [\/vc_column_inner] [\/vc_row_inner] [vc_row_inner] [vc_column_inner] [vc_column_text] <\/p>\n<h3 >Route de la ligne Vara of King-Dalt Vila-CAN Misses-maisons bon march\u00e9-cas serres<\/h3>\n<p> [\/vc_column_text] [\/vc_column_inner] [\/vc_row_inner] [vc_row_inner css=&#8221;.vc_custom_1541747312506{margin-bottom: 20px !important;border-top-width: 1px !important;border-right-width: 1px !important;border-bottom-width: 1px !important;border-left-width: 1px !important;border-left-color:#666666 ! important; bordure-gauche-style: solid !important; bordure-droite-color:#666666 !important; border-right-style: solid !important; border-top-color:#666666 !important; border-top-style: solid !important; bordure-fond-color:#666666 !important; border-bottom-style: Solid !important;} &#8220;] [vc_column_inner width = &#8220;1\/2&#8221;] [rt_list_style] <\/p>\n<ul>\n<li >Tige du roi<\/li>\n<li >Dalt Vila Museu art<\/li>\n<li >H\u00f4tel de ville Dalt Vila<\/li>\n<li >S\u00e9minaire Dalt Vila<\/li>\n<li >Place du parc<\/li>\n<li >C\/Bartomeu Rossell\u00f2<\/li>\n<li >Ville d&#8217;Ibiza-av. Isidore Macabich<\/li>\n<li >C\/Pais Valenci\u00e0<\/li>\n<li >Peut manquer l&#8217;h\u00f4pital<\/li>\n<li >Les piscines peuvent manquer<\/li>\n<li >Ville d&#8217;Ibiza (arr\u00eat Voramar)<\/li>\n<li >Peut Escandell<\/li>\n<li >Casas Baraes (North bar)<\/li>\n<li >Casas Baraes (\u00e9glise)<\/li>\n<li >Casas Baraes<\/li>\n<li >Es Viver (Centre de sant\u00e9)<\/li>\n<li >Cas serres (Reina Sofia)<\/li>\n<li >Av. Espanya (bar Fenix)<\/li>\n<li >Av. Espanya (Consell Insular)<\/li>\n<\/ul>\n<p> [\/rt_list_style] [\/vc_column_inner] [\/vc_row_inner] [vc_gmaps link=&#8221;#E-8_JTNDaWZyYW1lJTIwc3JjJTNEJTIyaHR0cHMlM0ElMkYlMkZ3d3cuZ29vZ2xlLmNvbSUyRm1hcHMlMkZlbWJlZCUzRnBiJTNEJTIxMW0xOCUyMTFtMTIlMjExbTMlMjExZDMxMDQuNjUxNDA4NzQ2NTk0JTIxMmQxLjQzMTYyNDMxNTg2MjUxMDYlMjEzZDM4LjkwOTA4NjE1Mzg1OTIzJTIxMm0zJTIxMWYwJTIxMmYwJTIxM2YwJTIxM20yJTIxMWkxMDI0JTIxMmk3NjglMjE0ZjEzLjElMjEzbTMlMjExbTIlMjExczB4MTI5OTQ2YmE1ZGZlZjU2MSUyNTNBMHgyODM3ZDY3OTIyMDZjYzE5JTIxMnNWYXJhJTJCRGUlMkJSZXklMjE1ZTAlMjEzbTIlMjExc2VzJTIxMnNlcyUyMTR2MTU0MjAwNTQ5MDA3MCUyMiUyMHdpZHRoJTNEJTIyNjAwJTIyJTIwaGVpZ2h0JTNEJTIyNDUwJTIyJTIwZnJhbWVib3JkZXIlM0QlMjIwJTIyJTIwc3R5bGUlM0QlMjJib3JkZXIlM0EwJTIyJTIwYWxsb3dmdWxsc2NyZWVuJTNFJTNDJTJGaWZyYW1lJTNF&#8221;] [vc_column_text] <\/p>\n<h2 >Plus de lignes de bus de Ibiza<\/h2>\n<p> Si vous avez d\u00e9cid\u00e9 d&#8217;utiliser le service de bus, vous devrez conna\u00eetre les diff\u00e9rentes lignes. Si nous structurons par localit\u00e9s les bus que nous aurons dans le noyau des principaux services d&#8217;autobus d&#8217;Ibiza comme <a href=\"https:\/autobuses-de-ibiza-lineas-y-horarios\/autobus-ibiza-hospital-can-misses-linea-h\/\">Ibiza peut manquer<\/a>, ligne de l&#8217; <a href=\"https:\/autobuses-de-ibiza-lineas-y-horarios\/autobuses-linea-l10-ibiza-aeropuerto\/\">Ibiza-> a\u00e9roport d&#8217;Ibiza<\/a> ou <a href=\"https:\/autobuses-de-ibiza-lineas-y-horarios\/autobus-linea-12a-ibiza-hospital-can-misses-puig-den-valls-jesus-talamanca-marina-botafoch-puerto\/\">L12A Eivissa-> peut manquer Puig d&#8217;en Valls-> Jes\u00fas-> Talamanca Marina Botafoch port d&#8217;Eivissa Ibiza<\/a>. Si vous allez avoir besoin de voyager \u00e0 d&#8217;autres municipalit\u00e9s, \u00e0 partir de la ville d&#8217;Ibiza, vous pourrez voyager sur les <a href=\"https:\/autobuses-de-ibiza-lineas-y-horarios\/autobus-linea-3-san-antonio-san-rafael-ibiza\/\">lignes L3 Sant Antoni San Rafael-> Ibiza<\/a> ou de la <a href=\"https:\/autobuses-de-ibiza-lineas-y-horarios\/autobuses-linea-8-sant-antoni-sant-josep-ibiza\/\">ligne de san Antonio-> San Jos\u00e9 Eivissa<\/a> si nous allons \u00e0 Sant Antoni de Portmany. Si nous allons \u00e0 l&#8217;a\u00e9roport, nous aurons la <a href=\"https:\/autobuses-de-ibiza-lineas-y-horarios\/autobus-linea-l25-ibiza-santa-gertrudis-san-miguel\/\">ligne L25 Ibiza-> Santa Gertrude de fruit\u00e9 Sant Miguel de Balansat<\/a> si notre intention est de visiter une certaine plage d&#8217;Ibiza, nous pouvons utiliser la <a href=\"https:\/autobuses-de-ibiza-lineas-y-horarios\/autobus-linea-l12b-ibiza-puerto-marina-botafoch-puerto-ferrys-talamanca-cap-martinet-jesus\/\">ligne L12B eivissa-> port d&#8217;Eivissa Marina Botafoch plage de Talamanca &#8211; > Cap Martinet Jes\u00fas<\/a>, <a href=\"https:\/autobuses-de-ibiza-lineas-y-horarios\/autobus-l13-ibiza-santa-eulalia\/\">ville Ibiza L13 &#8211; > Santa Eul\u00e0ria des Riu <\/a>, <a href=\"https:\/autobuses-de-ibiza-lineas-y-horarios\/autobus-linea-33-san-mateo-ibiza\/\">Ligne L33 San Mateo Ibiza<\/a> comme <a href=\"https:\/autobuses-de-ibiza-lineas-y-horarios\/autobus-linea-l35-ibiza-can-misses-sa-carroca-san-jorge\/\">ligne L35 Eivissa &#8211; > h\u00f4pital peut rate &#8211; > Sa Carroca &#8211; > San Jorge<\/a>. Services de bus arrivant aux criques de la ville sont <a href=\"https:\/autobuses-de-ibiza-lineas-y-horarios\/autobuses-linea-l11-ibiza-sant-jordi-ses-salines\/\">L11 Ibiza &#8211; > Sant Jordi, Ses Salines<\/a> et <a href=\"https:\/autobuses-de-ibiza-lineas-y-horarios\/autobuses-linea-l11b-ibiza-playa-den-bossa-ses-salines\/\">L11B Eivissa &#8211; > D&#8217; Bossa &#8211; > Ses Salines<\/a> ou <a href=\"https:\/autobuses-de-ibiza-lineas-y-horarios\/bus-l14-eivissa-platja-den-bossa\/\">ligne L14 Ibiza ville plage d&#8217; Bossa<\/a>. Si vous allez dans des criques du Nord avec des itin\u00e9raires de la ville d\u2019Ibiza sera <a href=\"https:\/autobuses-de-ibiza-lineas-y-horarios\/autobus-linea-l15-ibiza-jesus-cala-llonga\/\">L15 Ibiza ville J\u00e9sus Cala Llonga <\/a>, <a href=\"https:\/autobuses-de-ibiza-lineas-y-horarios\/autobus-linea-20a-ibiza-san-lorenzo-san-juan-portinatx\/\">L20A Ibiza San Lorenzo &#8211; > Sant Joan &#8211; > Portinatx<\/a>, <a href=\"https:\/autobuses-de-ibiza-lineas-y-horarios\/autobus-linea-l23-ibiza-benirras\/\">ligne L23 Eivissa &#8211; > Benirras <\/a>et <a href=\"https:\/autobuses-de-ibiza-lineas-y-horarios\/autobus-linea-l25a-ibiza-puerto-de-san-miguel\/\">ligne L25A Ibiza ville &#8211; > Port de Sant Miquel<\/a> au sein de la ville sont les routes qui traversent la ville <a href=\"https:\/autobuses-de-ibiza-lineas-y-horarios\/autobus-linea-l45-vara-de-rey-dalt-vila-can-misses-casas-baratas-cas-serres\/\">ligne L45 Vara de Rey Dalt Vila &#8211; > h\u00f4pital peut manque cas Barates Cas Serres<\/a> et <a href=\"https:\/autobuses-de-ibiza-lineas-y-horarios\/autobus-linea-l50-parking-es-dominguet-parking-es-gorg-puerto-de-ibiza-bartolome-rosello-es-raspallar-puig-den-valls-solivera\/\">ligne L50 Parking est Dominguets (GESA) &#8211; > Parking est Gorg -> Port d\u2019Eivissa Bartolom\u00e9 Rossell\u00f3 est Raspallar &#8211; > Puig d\u2019en Valls S\u00b4Olivera<\/a> <\/p>\n<h3 >Les lignes de Sant Antoni de Portmany<\/h3>\n<p> Les liaisons de Sant Antoni s&#8217;adressent principalement \u00e0 Eivissa et \u00e0 <a href=\"https:\/autobuses-de-ibiza-lineas-y-horarios\/autobuses-linea-9-san-antonio-san-jose-aeropuerto\/\">l&#8217;a\u00e9roport de San Antonio-> San Jos\u00e9-><\/a>. Si nous allons \u00e0 d&#8217;autres populations, nous pouvons compter sur <a href=\"https:\/autobuses-de-ibiza-lineas-y-horarios\/autobus-linea-19-santa-eulalia-san-antonio\/\">L19 Santa Eularia San Antonio<\/a>, ligne de Saint <a href=\"https:\/autobuses-de-ibiza-lineas-y-horarios\/autobus-linea-l30-san-antonio-santa-ines-ibiza\/\">-Antoine-> Santa agn\u00e9s de Corona-> Ibiza<\/a> et la <a href=\"https:\/autobuses-de-ibiza-lineas-y-horarios\/autobuses-linea-3-1-can-bonet-ses-paises-san-antonio-can-coix\/\">ligne L 3,1 CAN bonet ses Pa\u00efses-> Sant Antoni peut Coix<\/a>. Pour explorer les criques des environs, nous pourrons utiliser <a href=\"https:\/autobuses-de-ibiza-lineas-y-horarios\/autobus-linea-1-san-antonio-cala-gracio-stella-maris\/\">L1 Sant Antoni-> h\u00f4tel Stella Maris<\/a>, <a href=\"https:\/autobuses-de-ibiza-lineas-y-horarios\/autobus-linea-2-san-antonio-port-des-torrent\/\">L2 san Antonio-> port des torrent (Western Hotel Ibiza)<\/a> et <a href=\"https:\/autobuses-de-ibiza-lineas-y-horarios\/autobus-linea-l34-san-antonio-cala-salada\/\">L34 ligne San Antonio Cala Salada<\/a>. Si nous avons opt\u00e9 pour les criques d&#8217;autres endroits, nous pouvons utiliser des bus pour <a href=\"https:\/autobuses-de-ibiza-lineas-y-horarios\/autobuses-linea-l4-san-antonio-cala-de-comte\/\">L4 Sant Antoni-> Cala de comte <\/a>, <a href=\"https:\/autobuses-de-ibiza-lineas-y-horarios\/autobuses-linea-5-sant-antoni-cala-tarida\/\">L5 Sant Antoni Cala Tarida<\/a> ou <a href=\"https:\/autobuses-de-ibiza-lineas-y-horarios\/autobuses-linea-7-san-antonio-cala-bassa\/\">L7 San Antonio-> Cala Bassa<\/a>. Au nord, nous disposons de la plage de Sant Antoni <a href=\"https:\/autobuses-de-ibiza-lineas-y-horarios\/autobus-linea-22-san-antonio-puerto-de-san-miguel\/\">-> port de Sant Miquel <\/a>et <a href=\"https:\/autobuses-de-ibiza-lineas-y-horarios\/autobus-linea-l23a-san-antonio-playa-de-benirras\/\">L23A ligne Sant Antoni Benirras<\/a>. <\/p>\n<h3 >Les lignes de Santa Eulalia<\/h3>\n<p> \u00c0 Santa Eulalia, nous avons des options \u00e0 d&#8217;autres endroits comme la <a href=\"https:\/autobuses-de-ibiza-lineas-y-horarios\/autobus-linea-16-santa-eulalia-san-carlos\/\">ligne de Santa Eularia-> Sant Carles de Peralta <\/a>, <a href=\"https:\/autobuses-de-ibiza-lineas-y-horarios\/autobus-l17-santa-eulalia-urbanizacion-siesta\/\">L17 Santa eularia-> urbanisation Siesta <\/a>et <a href=\"https:\/autobuses-de-ibiza-lineas-y-horarios\/autobus-linea-l24-cala-nova-es-canar-santa-eulalia-aeropuerto\/\">L24 Cala Nova-> es canar Santa Eularia-> A\u00e9roport<\/a>. Aux plages, <a href=\"https:\/autobuses-de-ibiza-lineas-y-horarios\/autobus-linea-16a-santa-eulalia-san-carlos-cala-llenya\/\">ligne L16A Santa Eulalia de la rivi\u00e8re Sant Carles-> Cala Llenya<\/a>, <a href=\"https:\/autobuses-de-ibiza-lineas-y-horarios\/autobus-linea-16c-santa-eulalia-las-dalias-san-carlos-es-figueral-cala-san-vicente\/\">L16C Santa Eulalia Las Dalias Sant Carles-> es figueral-> Cala de San Vicente <\/a>et la <a href=\"https:\/autobuses-de-ibiza-lineas-y-horarios\/autobus-linea-23b-santa-eulalia-playa-de-benirras\/\">ligne L23B Santa Eularia Benirr\u00e1s plage <\/a>en direction de San Juan. Aussi les lignes en direction <a href=\"https:\/autobuses-de-ibiza-lineas-y-horarios\/autobus-linea-18b-santa-eulalia-sargamassa-cala-martina-es-canar-cala-nova\/\">L18B Santa Eul\u00e0ria des Riu-> s&#8217;Argamassa-> Cana Martina-> Es Canar-> Cala Nova <\/a>, <a href=\"https:\/autobuses-de-ibiza-lineas-y-horarios\/autobus-linea-18a-santa-eulalia-es-canar\/\">ligne L18A Santa Eulalia Es Canar <\/a>, <a href=\"https:\/autobuses-de-ibiza-lineas-y-horarios\/autobus-linea-l21-santa-eulalia-san-juan-portinatx\/\">L21 Santa eul\u00e0ria des Riu-> San Juan Portinatx<\/a> et <a href=\"https:\/autobuses-de-ibiza-lineas-y-horarios\/autobus-linea-l41-santa-eulalia-cala-llonga\/\">L41 Santa Line Eularia-> Cala Llonga<\/a>. <\/p>\n<h3 >D&#8217;autres options sur l&#8217;\u00eele d&#8217;Ibiza<\/h3>\n<p> Certaines alternatives relient des lieux anim\u00e9s comme <a href=\"https:\/autobuses-de-ibiza-lineas-y-horarios\/autobus-linea-l36-aeropuerto-playa-den-bossa\/\">L\u00ednea L36 a\u00e9roport Playa d&#8217;en Bossa<\/a>, <a href=\"https:\/autobuses-de-ibiza-lineas-y-horarios\/autobus-linea-37-puerto-de-san-miguel-es-canar\/\">ligne L37 Puerto de San Miguel Es Canar <\/a>ou <a href=\"https:\/autobuses-de-ibiza-lineas-y-horarios\/autobus-linea-l26-san-jose-cala-vadella\/\">L26 Sant Josep Cala Vedella<\/a>. D&#8217;autres relient les populations et les r\u00e9gions c\u00f4ti\u00e8res telles que <a href=\"https:\/autobuses-de-ibiza-lineas-y-horarios\/autobus-linea-l20b-san-juan-cala-san-vicente\/\">L20B Sant Joan de Labritja Cala de San Vicente <\/a>, <a href=\"https:\/autobuses-de-ibiza-lineas-y-horarios\/autobus-linea-l23c-portinatx-san-juan-playa-de-benirras\/\">L\u00ednea L23C portinatx-> san Juan-> Benirr\u00e1s Beach <\/a>, L23P benirras <a href=\"https:\/autobuses-de-ibiza-lineas-y-horarios\/autobus-linea-l23p-benirras-playa-de-benirras\/\">line-> Benirr\u00e1s Beach <\/a>ou L42 <a href=\"https:\/autobuses-de-ibiza-lineas-y-horarios\/autobus-linea-l42-es-cubells-san-jose\/\" >Es Cubells San Jos\u00e9 <\/a>. <\/p>\n<h3 >Bus discotheques: discobus<\/h3>\n<p> Pendant l&#8217;\u00e9t\u00e9, vous serez en mesure d&#8217;avoir des connexions sp\u00e9ciales qui vont voyager dans les zones touristiques les plus fr\u00e9quent\u00e9es. Ces lignes vont \u00eatre <a href=\"https:\/autobuses-de-ibiza-lineas-y-horarios\/autobus-linea-l3-disco-bus-san-antonio-privilege-amnesia-pacha-puerto-de-ibiza\/\">L3 Disco bus San Antonio-> Privilege Amnesia-> Pasha-> port d&#8217;Ibiza<\/a>, <a href=\"https:\/autobuses-de-ibiza-lineas-y-horarios\/autobus-linea-l3b-disco-bus-san-antonio-playa-den-bossa-ushuaia\/\">ligne L3B discobus Sant Antoni Playa d&#8217;en Bossa (Ushuaia H\u00ef)<\/a>, <a href=\"https:\/autobuses-de-ibiza-lineas-y-horarios\/autobus-linea-l13-18-discobus-puerto-de-ibiza-santa-eulalia-es-canar\/\">L13 18 discobus port d&#8217;Ibiza Santa Eul\u00e0ria Es Canar <\/a>et <a href=\"https:\/autobuses-de-ibiza-lineas-y-horarios\/autobus-linea-l14-discobus-pacha-puerto-de-ibiza-playa-den-bossa-ushuaia\/\">L14 Disco Bus Pacha-> Puerto de Ibiza Playa d&#8217;en Bossa-> Ushuaia-> H\u00cf<\/a>[\/vc_column_text] [\/vc_column] [vc_column width = &#8220;1\/3&#8221;] [vc_single_image image = &#8220;46038&#8221; img_size = &#8220;Full&#8221;] [vc_column_text] <\/p>\n<h2 >Soci\u00e9t\u00e9 concessionnaire Vara de Rey Dalt Vila CAN Misses maisons pas cher cas serres<\/h2>\n<p> Bus Voramar El Gaucho S.L. <a href=\"tel:971340382\">971 34 03 82<\/a> [\/vc_column_text] [vc_column_text] le calendrier fix\u00e9 pour la <strong>ligne 45 Vara de Rey Dalt Vila CAN manque maisons \u00e0 bas prix cas serres<\/strong> sont \u00e0 des fins informatives. <a href=\"https:\/\">seul Ibiza<\/a> n&#8217;est pas responsable des dommages ou des blessures caus\u00e9s par la ligne ou les informations affich\u00e9es ici. [\/vc_column_text] [\/vc_column] [\/vc_row] [vc_row full_width = &#8220;stretch_row&#8221; css = &#8220;.vc_custom_1541747335413 {background-color:#0000ff !important;}&#8221;] [vc_column] [vc_column_text css_animation = &#8220;FadeIn&#8221; El_class = &#8220;. Size24&#8221;] <\/p>\n<p class=\"size24\" style=\"text-align: center;\"><span style=\"color:#ffffff;\">la section de bus Vara du roi Dalt Vila peut manquer maisons pas cher cas serres est parrain\u00e9 par<\/span> <a href=\"https:\/\/disenowebibiza.soloibiza.com\/\"> <span style=\"color:#ffffff;\">Agence pages Web Ibiza<\/span> <\/a><\/p>\n<p> [\/vc_column_text] [\/vc_column] [\/vc_row] <\/p>\n<\/div>","protected":false},"excerpt":{"rendered":"<p>[vc_row full_width=&#8221;stretch_row&#8221; parallax=&#8221;content-moving-fade&#8221; css=&#8221;.vc_custom_1541744452372{padding-top: 20px !important;padding-bottom: 60px !important;background-image: url(http:\/\/soloibiza.com\/wp-content\/uploads\/2018\/11\/autobuses.jpg?id=46038) !important;background-position: center;background-repeat: no-repeat;background-size: cover !important;}&#8221;] [vc_column] [vc_custom_heading text = &#8220;bus Rod de King-Dalt Vila-CAN Misses-maisons pas cher-cas serres, ligne 45&#8221; font_container = &#8220;tag:H1 | text_align: Centre | color:#ffffff&#8221; use_theme_fonts = &#8220;yes&#8221;] [\/vc_column] [\/vc_row] &#8220;[vc_row el_class = &#8220;autobus&#8221;] [vc_column width = &#8220;2\/3&#8221;] [vc_column_text] Heure d&#8217;hiver (du 1er [&hellip;]<\/p>\n","protected":false},"author":1,"featured_media":0,"parent":49294,"menu_order":0,"comment_status":"closed","ping_status":"closed","template":"","meta":{"_acf_changed":false,"footnotes":""},"class_list":["post-49817","page","type-page","status-publish","hentry"],"acf":[],"_links":{"self":[{"href":"https:\/\/soloibiza.com\/fr\/wp-json\/wp\/v2\/pages\/49817","targetHints":{"allow":["GET"]}}],"collection":[{"href":"https:\/\/soloibiza.com\/fr\/wp-json\/wp\/v2\/pages"}],"about":[{"href":"https:\/\/soloibiza.com\/fr\/wp-json\/wp\/v2\/types\/page"}],"author":[{"embeddable":true,"href":"https:\/\/soloibiza.com\/fr\/wp-json\/wp\/v2\/users\/1"}],"replies":[{"embeddable":true,"href":"https:\/\/soloibiza.com\/fr\/wp-json\/wp\/v2\/comments?post=49817"}],"version-history":[{"count":0,"href":"https:\/\/soloibiza.com\/fr\/wp-json\/wp\/v2\/pages\/49817\/revisions"}],"up":[{"embeddable":true,"href":"https:\/\/soloibiza.com\/fr\/wp-json\/wp\/v2\/pages\/49294"}],"wp:attachment":[{"href":"https:\/\/soloibiza.com\/fr\/wp-json\/wp\/v2\/media?parent=49817"}],"curies":[{"name":"wp","href":"https:\/\/api.w.org\/{rel}","templated":true}]}}