{"id":49815,"date":"2019-02-24T08:59:48","date_gmt":"2019-02-24T07:59:48","guid":{"rendered":"https:\/?page_id=49815"},"modified":"2019-02-24T08:59:48","modified_gmt":"2019-02-24T07:59:48","slug":"ligne-de-bus-l42-es-cubells-san-jose","status":"publish","type":"page","link":"https:\/\/soloibiza.com\/fr\/ibiza-bus-lignes-et-horaires\/ligne-de-bus-l42-es-cubells-san-jose\/","title":{"rendered":"Ligne de bus L42 Es Cubells San Jos\u00e9"},"content":{"rendered":"<div class=\"wpb-content-wrapper\"><p> [vc_row full_width=&#8221;stretch_row&#8221; parallax=&#8221;content-moving-fade&#8221; css=&#8221;.vc_custom_1541744452372{padding-top: 20px !important;padding-bottom: 60px !important;background-image: url(http:\/\/soloibiza.com\/wp-content\/uploads\/2018\/11\/autobuses.jpg?id=46038) !important;background-position: center;background-repeat: no-repeat;background-size: cover !important;}&#8221;] [vc_column] [vc_custom_heading text = &#8220;bus Es Cubells San Jos\u00e9, ligne 42&#8221; font_container = &#8220;tag:H1 | text_align: Center | color:#ffffff&#8221; use_theme_fonts = &#8220;yes&#8221;] [\/vc_column] [\/vc_row] &#8220;[vc_row el_class = &#8220;autobus&#8221;] [vc_column width = &#8220;2\/3&#8221;] [vc_column_text] <\/p>\n<h2 >Heure d&#8217;hiver (pas de service)<\/h2>\n<p> [\/vc_column_text] [vc_column_text] <\/p>\n<h2 >Heure d&#8217;\u00e9t\u00e9 (du 1er juin au 30 septembre)<\/h2>\n<p> [\/vc_column_text] [vc_row_inner css = &#8220;.vc_custom_1541747165242 {margin-bottom: 20px !important;}&#8221;] [vc_column_inner width=&#8221;1\/2&#8243; css=&#8221;.vc_custom_1541747132513{border-top-width: 1px !important;border-right-width: 1px !important;border-bottom-width: 1px !important;border-left-width: 1px !important;border-left-color:#666666 !important; border-left-style: solid !important; border-right-color:#666666 !important; border-right-style: solid !important; border-top-color:#666666 !important; border-top-style: solid !important; border-bottom-color:#666666 !important; border-bottom-style: solid !important;} &#8220;] [vc_column_text] <\/p>\n<h3 >Es Cubells-> San Jos\u00e9<\/h3>\n<h4 style=\"text-align: center;\" >Du lundi au samedi<\/h4>\n<p style=\"text-align: center;\" >10:30 13:25 18:30<\/p>\n<p> [\/vc_column_text] [\/vc_column_inner] [vc_column_inner width=&#8221;1\/2&#8243; css=&#8221;.vc_custom_1541747140633{border-top-width: 1px !important;border-right-width: 1px !important;border-bottom-width: 1px !important;border-right-color:#666666 !important;border-right-style: solid !important; border-top-color:#666666 !important; border-top-style: solid !important; border-bottom-color:#666666 !important; border-bottom-style: Solid !important;} &#8220;] [vc_column_text] <\/p>\n<h3 >San Jos\u00e9-> Es Cubells<\/h3>\n<h4 style=\"text-align: center;\" >Du lundi au samedi<\/h4>\n<p style=\"text-align: center;\" >10:00 13:10 18:10<\/p>\n<p> [\/vc_column_text] [\/vc_column_inner] [\/vc_row_inner] [vc_row_inner] [vc_column_inner] [vc_column_text] <\/p>\n<h3 >Itin\u00e9raire de la ligne Es Cubells-San Jos\u00e9<\/h3>\n<p> [\/vc_column_text] [\/vc_column_inner] [\/vc_row_inner] [vc_row_inner css=&#8221;.vc_custom_1541747312506{margin-bottom: 20px !important;border-top-width: 1px !important;border-right-width: 1px !important;border-bottom-width: 1px !important;border-left-width: 1px !important;border-left-color:#666666 ! important; bordure-gauche-style: solid !important; bordure-droite-color:#666666 !important; border-right-style: solid !important; border-top-color:#666666 !important; border-top-style: solid !important; bordure-fond-color:#666666 !important; border-bottom-style: Solid !important;} &#8220;] [vc_column_inner width = &#8220;1\/2&#8221;] [rt_list_style] <\/p>\n<ul>\n<li >Est Cubells<\/li>\n<li >CAN Mestre<\/li>\n<li >CAN Roque<\/li>\n<li >Cruilla vistaalegre<\/li>\n<li >San Jose<\/li>\n<\/ul>\n<p> [\/rt_list_style] [\/vc_column_inner] [vc_column_inner width = &#8220;1\/2&#8221; css = &#8220;.vc_custom_1541747270371 {bordure-gauche-largeur: 1px !important; border-gauche-color:#666666 !important; border-gauche-style: Solid !important;}&#8221;] [rt_list_style] <\/p>\n<ul>\n<li >San Jose<\/li>\n<li >CAN Roque<\/li>\n<li >Cruilla vistaalegre<\/li>\n<li >CAN Mestre<\/li>\n<li >Est-Cubells<\/li>\n<\/ul>\n<p> [\/rt_list_style] [\/vc_column_inner] [\/vc_row_inner] [vc_gmaps link=&#8221;#E-8_JTNDaWZyYW1lJTIwc3JjJTNEJTIyaHR0cHMlM0ElMkYlMkZ3d3cuZ29vZ2xlLmNvbSUyRm1hcHMlMkZlbWJlZCUzRnBiJTNEJTIxMW0xOCUyMTFtMTIlMjExbTMlMjExZDQ5Njg0LjAwOTg4Njk0MTY3NiUyMTJkMS4zMTU4ODk4MjQ1ODg1Njk1JTIxM2QzOC44OTUzODM4NzIzMTYyNCUyMTJtMyUyMTFmMCUyMTJmMCUyMTNmMCUyMTNtMiUyMTFpMTAyNCUyMTJpNzY4JTIxNGYxMy4xJTIxM20zJTIxMW0yJTIxMXMweDEyOTk0YzEzN2RmMWVhZmYlMjUzQTB4ZmRkYmI4OWZiMWZiNTE3MyUyMTJzRXMlMkJDdWJlbGxzLiUyQlRlcm1pbmFsJTIxNWUwJTIxM20yJTIxMXNlcyUyMTJzZXMlMjE0djE1NDIwMDUxMzQ0NTMlMjIlMjB3aWR0aCUzRCUyMjYwMCUyMiUyMGhlaWdodCUzRCUyMjQ1MCUyMiUyMGZyYW1lYm9yZGVyJTNEJTIyMCUyMiUyMHN0eWxlJTNEJTIyYm9yZGVyJTNBMCUyMiUyMGFsbG93ZnVsbHNjcmVlbiUzRSUzQyUyRmlmcmFtZSUzRQ==&#8221;] [vc_column_text] <\/p>\n<h2 >Autres bus de l&#8217;\u00eele d&#8217;Ibiza<\/h2>\n<p> Si vous voulez vous d\u00e9placer avec le service de bus, vous aurez besoin de comprendre les diff\u00e9rentes alternatives. Si nous nous r\u00e9unissons par les villes touristiques ces lignes, nous aurons dans le Centre des lignes de bus essentielles Eivissa comme <a href=\"https:\/autobuses-de-ibiza-lineas-y-horarios\/autobus-ibiza-hospital-can-misses-linea-h\/\">LH Eivissa peut manquer<\/a>, <a href=\"https:\/autobuses-de-ibiza-lineas-y-horarios\/autobuses-linea-l10-ibiza-aeropuerto\/\">l&#8217;a\u00e9roport de la ville d&#8217;Ibiza d&#8217;<\/a> Ibiza ou <a href=\"https:\/autobuses-de-ibiza-lineas-y-horarios\/autobus-linea-12a-ibiza-hospital-can-misses-puig-den-valls-jesus-talamanca-marina-botafoch-puerto\/\">L12A Eivissa-> peut manquer Puig d&#8217;en Valls Jesus- > Talamanca-> Marina Botafoch-> port d&#8217;Eivissa-> Ibiza<\/a>. Si vous souhaitez voyager dans d&#8217;autres zones, \u00e0 partir d&#8217;Ibiza, vous serez en mesure de le faire sur la <a href=\"https:\/autobuses-de-ibiza-lineas-y-horarios\/autobus-linea-3-san-antonio-san-rafael-ibiza\/\">ligne de bus L3 Sant Antoni San Rafael Ibiza<\/a> ou de <a href=\"https:\/autobuses-de-ibiza-lineas-y-horarios\/autobuses-linea-8-sant-antoni-sant-josep-ibiza\/\">San Antonio Sant Josep Ibiza<\/a> vers Sant Antoni de Portmany. Si nous allons vers le sud, nous aurons la <a href=\"https:\/autobuses-de-ibiza-lineas-y-horarios\/autobus-linea-l25-ibiza-santa-gertrudis-san-miguel\/\">ligne L25 Eivissa-> Santa Gertrude-> San Miguel<\/a> pour ceux qui veulent visiter une plage de la ville d&#8217;Ibiza, nous pouvons aller \u00e0 la <a href=\"https:\/autobuses-de-ibiza-lineas-y-horarios\/autobus-linea-l12b-ibiza-puerto-marina-botafoch-puerto-ferrys-talamanca-cap-martinet-jesus\/\">L12B Ibiza-> port d&#8217;Eivissa Marina Botafoch (Puerto Ferries)-> Talamanca- > Cap Martinet Jes\u00fas<\/a>, <a href=\"https:\/autobuses-de-ibiza-lineas-y-horarios\/autobus-l13-ibiza-santa-eulalia\/\">L13 Eivissa-> Santa Eulalia del R\u00edo <\/a>, <a href=\"https:\/autobuses-de-ibiza-lineas-y-horarios\/autobus-linea-33-san-mateo-ibiza\/\">L33 San Mateo Ibiza<\/a> et <a href=\"https:\/autobuses-de-ibiza-lineas-y-horarios\/autobus-linea-l35-ibiza-can-misses-sa-carroca-san-jorge\/\">line L35 Ibiza-> Hospital CAN Misses sa Roca Sant Jordi<\/a>. Autobus vers les criques de la ville sont <a href=\"https:\/autobuses-de-ibiza-lineas-y-horarios\/autobuses-linea-l11-ibiza-sant-jordi-ses-salines\/\">ville L11 Ibiza &#8211; > Sant Jordi &#8211; > Ses Salines<\/a> et <a href=\"https:\/autobuses-de-ibiza-lineas-y-horarios\/autobuses-linea-l11b-ibiza-playa-den-bossa-ses-salines\/\">ville L11B Ibiza D&#8217; Bossa &#8211; > Las Salinas<\/a> ou <a href=\"https:\/autobuses-de-ibiza-lineas-y-horarios\/bus-l14-eivissa-platja-den-bossa\/\">L14 Ibiza &#8211; > Bossa D&#8217;<\/a>. Si vous d\u00e9cidez sur les plages du Nord avec la sortie d\u2019Ibiza sera <a href=\"https:\/autobuses-de-ibiza-lineas-y-horarios\/autobus-linea-l15-ibiza-jesus-cala-llonga\/\">ligne L15 Eivissa J\u00e9sus &#8211; > Cala Llonga <\/a>, <a href=\"https:\/autobuses-de-ibiza-lineas-y-horarios\/autobus-linea-20a-ibiza-san-lorenzo-san-juan-portinatx\/\">ville de Ibiza L20A de ligne &#8211; > San Lorenzo San Juan &#8211; > Portinatx<\/a>, <a href=\"https:\/autobuses-de-ibiza-lineas-y-horarios\/autobus-linea-l23-ibiza-benirras\/\">ligne L23 Ibiza Benirras <\/a>et <a href=\"https:\/autobuses-de-ibiza-lineas-y-horarios\/autobus-linea-l25a-ibiza-puerto-de-san-miguel\/\">L25A Ibiza &#8211; > Port de Sant Miquel<\/a> \u00e0 l\u2019int\u00e9rieur de la ville sont les autobus qui parcourent la ville <a href=\"https:\/autobuses-de-ibiza-lineas-y-horarios\/autobus-linea-l45-vara-de-rey-dalt-vila-can-misses-casas-baratas-cas-serres\/\">L45 Vara de Rey &#8211; > manque peut Dalt Vila h\u00f4pital abrite pas cher &#8211; > Cas Serres<\/a> et <a href=\"https:\/autobuses-de-ibiza-lineas-y-horarios\/autobus-linea-l50-parking-es-dominguet-parking-es-gorg-puerto-de-ibiza-bartolome-rosello-es-raspallar-puig-den-valls-solivera\/\">ligne L50 parking est Dominguets &#8211; > stationnement C\u2019est le port d\u2019Ibiza de Gorg &#8211; > Bartolome Rossell\u00f3 est Raspallar Puig d\u2019en Valls S\u00b4Olivera<\/a> <\/p>\n<h3 >Lignes de San Antonio<\/h3>\n<p> Les liaisons qui partent de Sant Antonio de Portmany seront dirig\u00e9es principalement vers Eivissa et le <a href=\"https:\/autobuses-de-ibiza-lineas-y-horarios\/autobuses-linea-9-san-antonio-san-jose-aeropuerto\/\">Saint-Antoine-> Sant Josep Aeropuerto<\/a>. En direction d&#8217;autres endroits, nous avons <a href=\"https:\/autobuses-de-ibiza-lineas-y-horarios\/autobus-linea-19-santa-eulalia-san-antonio\/\">L19 Santa Eul\u00e0ria des Riu-> San Antonio<\/a>, <a href=\"https:\/autobuses-de-ibiza-lineas-y-horarios\/autobus-linea-l30-san-antonio-santa-ines-ibiza\/\">> Santa In\u00e9s Ibiza<\/a> et la <a href=\"https:\/autobuses-de-ibiza-lineas-y-horarios\/autobuses-linea-3-1-can-bonet-ses-paises-san-antonio-can-coix\/\">ligne L 3,1 CAN Bonet-> ses Pa\u00efses-> San Antonio CAN Coix (piscine)<\/a>. Pour profiter des plages environnantes, nous pouvons utiliser <a href=\"https:\/autobuses-de-ibiza-lineas-y-horarios\/autobus-linea-1-san-antonio-cala-gracio-stella-maris\/\">Sant Antoni Stella Maris<\/a>, <a href=\"https:\/autobuses-de-ibiza-lineas-y-horarios\/autobus-linea-2-san-antonio-port-des-torrent\/\">ligne L2 Sant Antoni port des torrent (h\u00f4tel occidental Ibiza)<\/a> et <a href=\"https:\/autobuses-de-ibiza-lineas-y-horarios\/autobus-linea-l34-san-antonio-cala-salada\/\">L34 Sant Antoni-> Cala Salada<\/a>. Si nous d\u00e9cidons sur les plages d&#8217;autres destinations, nous pourrons utiliser les bus pour la <a href=\"https:\/autobuses-de-ibiza-lineas-y-horarios\/autobuses-linea-l4-san-antonio-cala-de-comte\/\">ligne L4 Sant Antoni Cala de comte <\/a>, <a href=\"https:\/autobuses-de-ibiza-lineas-y-horarios\/autobuses-linea-5-sant-antoni-cala-tarida\/\">ligne L5 sant Antoni-> Cala t\u00e1rida<\/a> ou la <a href=\"https:\/autobuses-de-ibiza-lineas-y-horarios\/autobuses-linea-7-san-antonio-cala-bassa\/\">ligne L7 Sant Antoni Cala Bassa<\/a>. Au nord, nous avons la <a href=\"https:\/autobuses-de-ibiza-lineas-y-horarios\/autobus-linea-22-san-antonio-puerto-de-san-miguel\/\">ligne L23A Sant Antoni Puerto de San Miguel <\/a>et la <a href=\"https:\/autobuses-de-ibiza-lineas-y-horarios\/autobus-linea-l23a-san-antonio-playa-de-benirras\/\">plage de San Antonio Benirras<\/a>. <\/p>\n<h3 >Les lignes de Santa Eulalia<\/h3>\n<p> \u00c0 Santa Eularia, nous aurons des lignes en direction d&#8217;autres endroits comme la <a href=\"https:\/autobuses-de-ibiza-lineas-y-horarios\/autobus-linea-16-santa-eulalia-san-carlos\/\">ligne de Santa Eularia des Riu San Carlos <\/a>, <a href=\"https:\/autobuses-de-ibiza-lineas-y-horarios\/autobus-l17-santa-eulalia-urbanizacion-siesta\/\">L17 Santa Eulalia del R\u00edo-> urbanisation Siesta <\/a>et <a href=\"https:\/autobuses-de-ibiza-lineas-y-horarios\/autobus-linea-l24-cala-nova-es-canar-santa-eulalia-aeropuerto\/\">L24 Cala Nova Es Canar Santa Eularia Ibiza Airport<\/a>. Vers les plages, <a href=\"https:\/autobuses-de-ibiza-lineas-y-horarios\/autobus-linea-16a-santa-eulalia-san-carlos-cala-llenya\/\">ligne L16A Santa Eulalia del R\u00edo-> Sant Carles de Peralta-> Cala Llenya<\/a>, <a href=\"https:\/autobuses-de-ibiza-lineas-y-horarios\/autobus-linea-16c-santa-eulalia-las-dalias-san-carlos-es-figueral-cala-san-vicente\/\">ligne L16C Santa Eul\u00e0ria Las dalias-> Sant Carles es figueral-> Cala de San Vicente <\/a>et <a href=\"https:\/autobuses-de-ibiza-lineas-y-horarios\/autobus-linea-23b-santa-eulalia-playa-de-benirras\/\">L23B Santa Eulalia-> Benirras Beach<\/a> \u00c0 Sant Joan de Labritja. Aussi les lignes \u00e0 <a href=\"https:\/autobuses-de-ibiza-lineas-y-horarios\/autobus-linea-18b-santa-eulalia-sargamassa-cala-martina-es-canar-cala-nova\/\">L18B Santa Eul\u00e0ria des Riu s&#8217;Argamassa-> Cana Martina est Canar Cala Nova <\/a>, <a href=\"https:\/autobuses-de-ibiza-lineas-y-horarios\/autobus-linea-18a-santa-eulalia-es-canar\/\">L18A Santa Eulalia del R\u00edo Es Canar <\/a>, <a href=\"https:\/autobuses-de-ibiza-lineas-y-horarios\/autobus-linea-l21-santa-eulalia-san-juan-portinatx\/\">ligne L21 Santa Eul\u00e0ria des Riu Sant Joan de Labritja<\/a> Portinatx et <a href=\"https:\/autobuses-de-ibiza-lineas-y-horarios\/autobus-linea-l41-santa-eulalia-cala-llonga\/\">L41 Santa Eul\u00e0ria des Riu- > Cala Llonga<\/a>. <\/p>\n<h3 >Autres lignes sur l&#8217;\u00eele<\/h3>\n<p> Certaines alternatives relient des points anim\u00e9s comme la <a href=\"https:\/autobuses-de-ibiza-lineas-y-horarios\/autobus-linea-l36-aeropuerto-playa-den-bossa\/\">ligne L36 Ibiza Airport-> Playa d&#8217;en Bossa<\/a>, <a href=\"https:\/autobuses-de-ibiza-lineas-y-horarios\/autobus-linea-37-puerto-de-san-miguel-es-canar\/\">L37 Puerto de San Miguel Es Canar <\/a>ou la <a href=\"https:\/autobuses-de-ibiza-lineas-y-horarios\/autobus-linea-l26-san-jose-cala-vadella\/\">ligne L26 Sant Josep Cala Vedella<\/a>. D&#8217;autres relient les municipalit\u00e9s avec des zones sur la c\u00f4te comme <a href=\"https:\/autobuses-de-ibiza-lineas-y-horarios\/autobus-linea-l20b-san-juan-cala-san-vicente\/\">L20B Sant Joan-> Cala de San Vicente <\/a>, <a href=\"https:\/autobuses-de-ibiza-lineas-y-horarios\/autobus-linea-l23c-portinatx-san-juan-playa-de-benirras\/\">ligne L23C Portinatx Sant Joan de Labritja Playa Benirras <\/a>, <a href=\"https:\/autobuses-de-ibiza-lineas-y-horarios\/autobus-linea-l23p-benirras-playa-de-benirras\/\">L\u00ednea L23P Benirr\u00e1s (parking)-> plage de Benirr\u00e1s <\/a>ou L42 <a href=\"https:\/autobuses-de-ibiza-lineas-y-horarios\/autobus-linea-l42-es-cubells-san-jose\/\">ligne est Cubells- > San Jos\u00e9<\/a>. <\/p>\n<h3 >Lignes de bus de nuit: le bus Disco<\/h3>\n<p> Pendant la saison disco, vous pourrez utiliser des alternatives sp\u00e9ciales qui vont dans les zones touristiques les plus fr\u00e9quent\u00e9es. Ces lignes sont <a href=\"https:\/autobuses-de-ibiza-lineas-y-horarios\/autobus-linea-l3-disco-bus-san-antonio-privilege-amnesia-pacha-puerto-de-ibiza\/\">L3 bus Disco San Antonio Privilege-> Amnesia-> Pacha port d&#8217;Ibiza<\/a>, <a href=\"https:\/autobuses-de-ibiza-lineas-y-horarios\/autobus-linea-l3b-disco-bus-san-antonio-playa-den-bossa-ushuaia\/\">ligne L3B discobus san Antonio-> Playa d&#8217;en Bossa (Ushuaia H\u00ef)<\/a>, <a href=\"https:\/autobuses-de-ibiza-lineas-y-horarios\/autobus-linea-l13-18-discobus-puerto-de-ibiza-santa-eulalia-es-canar\/\">ligne L13 18 bus Disco port d&#8217;Ibiza Santa Eularia Es Canar <\/a>et <a href=\"https:\/autobuses-de-ibiza-lineas-y-horarios\/autobus-linea-l14-discobus-pacha-puerto-de-ibiza-playa-den-bossa-ushuaia\/\">L14 Discobus Pacha Puerto de Ibiza Playa d&#8217;en Bossa-> Ushuaia H\u00cf<\/a>[\/vc_column_text] [\/vc_column] [vc_column width = &#8220;1\/3&#8221;] [vc_single_image image = &#8220;46038&#8221; img_size = &#8220;Full&#8221;] [vc_column_text] <\/p>\n<h2 >Concessionaire Es Cubells San Jos\u00e9<\/h2>\n<p> Bus Voramar El Gaucho S.L. <a href=\"tel:971340382\">971 34 03 82<\/a> [\/vc_column_text] [vc_column_text] le calendrier fix\u00e9 pour la <strong>ligne 42 est Cubells San Jos\u00e9<\/strong> sont \u00e0 des fins d&#8217;information. <a href=\"https:\/\">seul Ibiza<\/a> n&#8217;est pas responsable des dommages ou des blessures caus\u00e9s par la ligne ou les informations affich\u00e9es ici. [\/vc_column_text] [\/vc_column] [\/vc_row] [vc_row full_width = &#8220;stretch_row&#8221; css = &#8220;.vc_custom_1541747335413 {background-color:#0000ff !important;}&#8221;] [vc_column] [vc_column_text css_animation = &#8220;FadeIn&#8221; El_class = &#8220;. Size24&#8221;] <\/p>\n<p class=\"size24\" style=\"text-align: center;\"><span style=\"color:#ffffff;\">la section de bus est Cubells San Jose est parrain\u00e9 par<\/span> <a href=\"https:\/\/disenowebibiza.soloibiza.com\/\"> <span style=\"color:#ffffff;\">Agence de design Web Ibiza<\/span> <\/a><\/p>\n<p> [\/vc_column_text] [\/vc_column] [\/vc_row] <\/p>\n<\/div>","protected":false},"excerpt":{"rendered":"<p>[vc_row full_width=&#8221;stretch_row&#8221; parallax=&#8221;content-moving-fade&#8221; css=&#8221;.vc_custom_1541744452372{padding-top: 20px !important;padding-bottom: 60px !important;background-image: url(http:\/\/soloibiza.com\/wp-content\/uploads\/2018\/11\/autobuses.jpg?id=46038) !important;background-position: center;background-repeat: no-repeat;background-size: cover !important;}&#8221;] [vc_column] [vc_custom_heading text = &#8220;bus Es Cubells San Jos\u00e9, ligne 42&#8221; font_container = &#8220;tag:H1 | text_align: Center | color:#ffffff&#8221; use_theme_fonts = &#8220;yes&#8221;] [\/vc_column] [\/vc_row] &#8220;[vc_row el_class = &#8220;autobus&#8221;] [vc_column width = &#8220;2\/3&#8221;] [vc_column_text] Heure d&#8217;hiver (pas de service) [\/vc_column_text] [vc_column_text] Heure [&hellip;]<\/p>\n","protected":false},"author":1,"featured_media":0,"parent":49294,"menu_order":0,"comment_status":"closed","ping_status":"closed","template":"","meta":{"_acf_changed":false,"footnotes":""},"class_list":["post-49815","page","type-page","status-publish","hentry"],"acf":[],"_links":{"self":[{"href":"https:\/\/soloibiza.com\/fr\/wp-json\/wp\/v2\/pages\/49815","targetHints":{"allow":["GET"]}}],"collection":[{"href":"https:\/\/soloibiza.com\/fr\/wp-json\/wp\/v2\/pages"}],"about":[{"href":"https:\/\/soloibiza.com\/fr\/wp-json\/wp\/v2\/types\/page"}],"author":[{"embeddable":true,"href":"https:\/\/soloibiza.com\/fr\/wp-json\/wp\/v2\/users\/1"}],"replies":[{"embeddable":true,"href":"https:\/\/soloibiza.com\/fr\/wp-json\/wp\/v2\/comments?post=49815"}],"version-history":[{"count":0,"href":"https:\/\/soloibiza.com\/fr\/wp-json\/wp\/v2\/pages\/49815\/revisions"}],"up":[{"embeddable":true,"href":"https:\/\/soloibiza.com\/fr\/wp-json\/wp\/v2\/pages\/49294"}],"wp:attachment":[{"href":"https:\/\/soloibiza.com\/fr\/wp-json\/wp\/v2\/media?parent=49815"}],"curies":[{"name":"wp","href":"https:\/\/api.w.org\/{rel}","templated":true}]}}