{"id":49785,"date":"2019-02-24T08:46:15","date_gmt":"2019-02-24T07:46:15","guid":{"rendered":"https:\/?page_id=49785"},"modified":"2019-02-24T18:59:56","modified_gmt":"2019-02-24T17:59:56","slug":"ligne-de-bus-l23a-san-antonio-playa-de-benirras","status":"publish","type":"page","link":"https:\/\/soloibiza.com\/fr\/ibiza-bus-lignes-et-horaires\/ligne-de-bus-l23a-san-antonio-playa-de-benirras\/","title":{"rendered":"Ligne de bus L23A San Antonio Playa de Benirr\u00e1s"},"content":{"rendered":"<div class=\"wpb-content-wrapper\"><p> [vc_row full_width=&#8221;stretch_row&#8221; parallax=&#8221;content-moving-fade&#8221; css=&#8221;.vc_custom_1541744452372{padding-top: 20px !important;padding-bottom: 60px !important;background-image: url(http:\/\/soloibiza.com\/wp-content\/uploads\/2018\/11\/autobuses.jpg?id=46038) !important;background-position: center;background-repeat: no-repeat;background-size: cover !important;}&#8221;] [vc_column] [vc_custom_heading text = &#8220;bus San Antonio-Playa de Benirr\u00e1s, ligne 23a&#8221; font_container = &#8220;tag:H1 | text_align: Center | color:#ffffff&#8221; use_theme_fonts = &#8220;yes&#8221;] [\/vc_column] [\/vc_row] &#8220;[vc_row el_class = &#8220;autobus&#8221;] [vc_column width = &#8220;2\/3&#8221;] [vc_column_text] <\/p>\n<h2 >Heure d&#8217;hiver (pas de service)<\/h2>\n<p> [\/vc_column_text] [vc_column_text] <\/p>\n<h2 >Heure d&#8217;\u00e9t\u00e9 (du 1er juin au 30 septembre)<\/h2>\n<p> [\/vc_column_text] [vc_row_inner css = &#8220;.vc_custom_1541747165242 {margin-bottom: 20px !important;}&#8221;] [vc_column_inner width=&#8221;1\/2&#8243; css=&#8221;.vc_custom_1541747132513{border-top-width: 1px !important;border-right-width: 1px !important;border-bottom-width: 1px !important;border-left-width: 1px !important;border-left-color:#666666 !important; border-left-style: solid !important; border-right-color:#666666 !important; border-right-style: solid !important; border-top-color:#666666 !important; border-top-style: solid !important; border-bottom-color:#666666 !important; border-bottom-style: solid !important;} &#8220;] [vc_column_text] <\/p>\n<h3 >San Antonio-plage de > Benirr\u00e1s<\/h3>\n<h4 style=\"text-align: center;\" >Du lundi au samedi<\/h4>\n<p style=\"text-align: center;\" >10:45 12:30 15:45<\/p>\n<h4 style=\"text-align: center;\" >Jours f\u00e9ri\u00e9s et dimanches<\/h4>\n<p style=\"text-align: center;\" >10:45 12:30 15:45<\/p>\n<p> [\/vc_column_text] [\/vc_column_inner] [vc_column_inner width=&#8221;1\/2&#8243; css=&#8221;.vc_custom_1541747140633{border-top-width: 1px !important;border-right-width: 1px !important;border-bottom-width: 1px !important;border-right-color:#666666 !important;border-right-style: solid !important; border-top-color:#666666 !important; border-top-style: solid !important; border-bottom-color:#666666 !important; border-bottom-style: Solid !important;} &#8220;] [vc_column_text] <\/p>\n<h3 >Plage de Benirr\u00e1s-> San Antonio<\/h3>\n<h4 style=\"text-align: center;\" >Du lundi au samedi<\/h4>\n<p style=\"text-align: center;\" >11:15 15:00 20:45<\/p>\n<h4 style=\"text-align: center;\" >Jours f\u00e9ri\u00e9s et dimanches<\/h4>\n<p style=\"text-align: center;\" >11:15 15:00 20:45<\/p>\n<p> [\/vc_column_text] [\/vc_column_inner] [\/vc_row_inner] [vc_row_inner] [vc_column_inner] [vc_column_text] <\/p>\n<h3 >Itin\u00e9raire de la ligne San Antonio-Playa de Benirr\u00e1s<\/h3>\n<p> [\/vc_column_text] [\/vc_column_inner] [\/vc_row_inner] [vc_row_inner css=&#8221;.vc_custom_1541747312506{margin-bottom: 20px !important;border-top-width: 1px !important;border-right-width: 1px !important;border-bottom-width: 1px !important;border-left-width: 1px !important;border-left-color:#666666 ! important; bordure-gauche-style: solid !important; bordure-droite-color:#666666 !important; border-right-style: solid !important; border-top-color:#666666 !important; border-top-style: solid !important; bordure-fond-color:#666666 !important; border-bottom-style: Solid !important;} &#8220;] [vc_column_inner width = &#8220;1\/2&#8221;] [rt_list_style] <\/p>\n<ul>\n<li >San Antonio<\/li>\n<li >Plage de Benirr\u00e1s<\/li>\n<\/ul>\n<p> [\/rt_list_style] [\/vc_column_inner] [vc_column_inner width = &#8220;1\/2&#8221; css = &#8220;.vc_custom_1541747270371 {bordure-gauche-largeur: 1px !important; border-gauche-color:#666666 !important; border-gauche-style: Solid !important;}&#8221;] [rt_list_style] <\/p>\n<ul>\n<li >Plage de Benirr\u00e1s<\/li>\n<li >San Antonio<\/li>\n<\/ul>\n<p> [\/rt_list_style] [\/vc_column_inner] [\/vc_row_inner] [vc_gmaps link=&#8221;#E-8_JTNDaWZyYW1lJTIwc3JjJTNEJTIyaHR0cHMlM0ElMkYlMkZ3d3cuZ29vZ2xlLmNvbSUyRm1hcHMlMkZlbWJlZCUzRnBiJTNEJTIxMW0xOCUyMTFtMTIlMjExbTMlMjExZDk5MTE0LjE1NDY4MTk4MTk2JTIxMmQxLjQ0MTc2ODY0MzQ4Mzk3NjclMjEzZDM5LjA3NjQ2ODk1MDI2OTUzJTIxMm0zJTIxMWYwJTIxMmYwJTIxM2YwJTIxM20yJTIxMWkxMDI0JTIxMmk3NjglMjE0ZjEzLjElMjEzbTMlMjExbTIlMjExczB4MTI5OTM2MWZjNmI0ZTg3NSUyNTNBMHhiNmRmZjlmMmFhODEwMjlhJTIxMnNFc3RhY2klMjVDMyUyNUIzbiUyQmRlJTJCYXV0b2J1c2VzJTJCU2FuJTJCQW50b25pbyUyMTVlMCUyMTNtMiUyMTFzZXMlMjEyc2VzJTIxNHYxNTQxOTIzMjM0NTA0JTIyJTIwd2lkdGglM0QlMjI2MDAlMjIlMjBoZWlnaHQlM0QlMjI0NTAlMjIlMjBmcmFtZWJvcmRlciUzRCUyMjAlMjIlMjBzdHlsZSUzRCUyMmJvcmRlciUzQTAlMjIlMjBhbGxvd2Z1bGxzY3JlZW4lM0UlM0MlMkZpZnJhbWUlM0U=&#8221;] [vc_column_text] <\/p>\n<h2 >Plus Ibiza Bus Lines<\/h2>\n<p> Si vous avez besoin d&#8217;utiliser le service de bus, vous devrez ma\u00eetriser les nombreuses options \u00e0 notre disposition. Si nous structurons par localit\u00e9s les services que nous aurons dans le noyau des services d&#8217;autobus de base d&#8217;Eivissa comme la <a href=\"https:\/autobuses-de-ibiza-lineas-y-horarios\/autobus-ibiza-hospital-can-misses-linea-h\/\">ligne H Eivissa-h\u00f4pital ><\/a>, ligne d. i. <a href=\"https:\/autobuses-de-ibiza-lineas-y-horarios\/autobuses-linea-l10-ibiza-aeropuerto\/\">eivissa-> a\u00e9roport d&#8217;Ibiza<\/a> et\/ou <a href=\"https:\/autobuses-de-ibiza-lineas-y-horarios\/autobus-linea-12a-ibiza-hospital-can-misses-puig-den-valls-jesus-talamanca-marina-botafoch-puerto\/\">L12A Eivissa h\u00f4pital peut manquer-> Puig D&#8217;en Valls-> Jes\u00fas-> Talamanca-> Marina Botafoch Puerto de Eivissa-> Ibiza<\/a>. Si vous allez avoir besoin de voyager \u00e0 d&#8217;autres municipalit\u00e9s, en quittant Eivissa vous devrez voyager dans les connexions <a href=\"https:\/autobuses-de-ibiza-lineas-y-horarios\/autobus-linea-3-san-antonio-san-rafael-ibiza\/\">L3 San Antonio-> Sant Rafel Eivissa<\/a> et de <a href=\"https:\/autobuses-de-ibiza-lineas-y-horarios\/autobuses-linea-8-sant-antoni-sant-josep-ibiza\/\">San Antonio Sant Josep de sa talaia-> Eivissa<\/a> \u00e0 l&#8217;Ouest. Si nous allons vers le sud, nous avons la <a href=\"https:\/autobuses-de-ibiza-lineas-y-horarios\/autobus-linea-l25-ibiza-santa-gertrudis-san-miguel\/\">ligne L25 Ibiza-> Santa Gertrude Sant Miguel de Balansat<\/a> pour ceux qui veulent profiter d&#8217;une plage d&#8217;Ibiza, nous pouvons utiliser la <a href=\"https:\/autobuses-de-ibiza-lineas-y-horarios\/autobus-linea-l12b-ibiza-puerto-marina-botafoch-puerto-ferrys-talamanca-cap-martinet-jesus\/\" >ligne L12B Ibiza-> port d&#8217;Ibiza Marina botafoch-> talamanca-> Cap Martinet Jes\u00fas <\/a>, <a href=\"https:\/autobuses-de-ibiza-lineas-y-horarios\/autobus-l13-ibiza-santa-eulalia\/\">L13 Ibiza, Santa Eulalia <\/a>, <a href=\"https:\/autobuses-de-ibiza-lineas-y-horarios\/autobus-linea-33-san-mateo-ibiza\/\">L33 Sant Mateu &#8211; > ville Ibiza<\/a> et <a href=\"https:\/autobuses-de-ibiza-lineas-y-horarios\/autobus-linea-l35-ibiza-can-misses-sa-carroca-san-jorge\/\">L35 Ibiza ville h\u00f4pital peut rate &#8211; > Sa Carroca &#8211; > San Jorge<\/a>. Lignes de bus qui vont aux plages de la ville d\u2019Eivissa sont <a href=\"https:\/autobuses-de-ibiza-lineas-y-horarios\/autobuses-linea-l11-ibiza-sant-jordi-ses-salines\/\">ligne L11 Ibiza Sant Jordi &#8211; > Ses Salines<\/a> et <a href=\"https:\/autobuses-de-ibiza-lineas-y-horarios\/autobuses-linea-l11b-ibiza-playa-den-bossa-ses-salines\/\">ville L11B Ibiza &#8211; > Playa d&#8217; Bossa &#8211; > Las Salinas<\/a> ou <a href=\"https:\/autobuses-de-ibiza-lineas-y-horarios\/bus-l14-eivissa-platja-den-bossa\/\">L14 Ibiza Playa d&#8217; Bossa<\/a>. Si vous d\u00e9cidez sur les plages du Nord avec service d\u2019Ibiza sera <a href=\"https:\/autobuses-de-ibiza-lineas-y-horarios\/autobus-linea-l15-ibiza-jesus-cala-llonga\/\">ville de L15 Ibiza ligne J\u00e9sus &#8211; > Cala Llonga <\/a>, <a href=\"https:\/autobuses-de-ibiza-lineas-y-horarios\/autobus-linea-20a-ibiza-san-lorenzo-san-juan-portinatx\/\">ligne L20A Ibiza Sant Lloren\u00e7 &#8211; > Sant Joan de Labritja Portinatx<\/a>, <a href=\"https:\/autobuses-de-ibiza-lineas-y-horarios\/autobus-linea-l23-ibiza-benirras\/\">Ligne L23 Eivissa Benirras <\/a>et <a href=\"https:\/autobuses-de-ibiza-lineas-y-horarios\/autobus-linea-l25a-ibiza-puerto-de-san-miguel\/\">L25A Ville d\u2019Ibiza &#8211; > port de San Miguel<\/a> au sein de la ville itin\u00e9raires qui parcourent le centre sera <a href=\"https:\/autobuses-de-ibiza-lineas-y-horarios\/autobus-linea-l45-vara-de-rey-dalt-vila-can-misses-casas-baratas-cas-serres\/\">de ligne L45 Vara Rey Dalt Vila peut manque cas Barates Cas Serres<\/a> et <a href=\"https:\/autobuses-de-ibiza-lineas-y-horarios\/autobus-linea-l50-parking-es-dominguet-parking-es-gorg-puerto-de-ibiza-bartolome-rosello-es-raspallar-puig-den-valls-solivera\/\">ligne L50 Parking est Dominguets (GESA) &#8211; > Parking est Gorg Port d\u2019Ibiza &#8211; > Bartolome Rossell\u00f3 &#8211; > Raspallar est Puig d\u2019en Valls &#8211; > S\u00b4Olivera<\/a> <\/p>\n<h3 >Les bus de Sant Antoni de Portmany<\/h3>\n<p> Les lignes qui partent de San Antonio iront principalement vers Ibiza et la <a href=\"https:\/autobuses-de-ibiza-lineas-y-horarios\/autobuses-linea-9-san-antonio-san-jose-aeropuerto\/\">ligne de Saint-Antoine-> San Jos\u00e9 a\u00e9roport d&#8217;Ibiza<\/a>. Si nous allons \u00e0 d&#8217;autres endroits, nous aurons la <a href=\"https:\/autobuses-de-ibiza-lineas-y-horarios\/autobus-linea-19-santa-eulalia-san-antonio\/\">ligne L19 Santa Eulalia del R\u00edo-> Sant Antoni<\/a>, ligne de Saint <a href=\"https:\/autobuses-de-ibiza-lineas-y-horarios\/autobus-linea-l30-san-antonio-santa-ines-ibiza\/\">-Antoine santa In\u00e9s-> Ibiza<\/a> et la <a href=\"https:\/autobuses-de-ibiza-lineas-y-horarios\/autobuses-linea-3-1-can-bonet-ses-paises-san-antonio-can-coix\/\">ligne L 3,1 CAN Bonet ses paises San Antonio peut Coix<\/a>. Pour d\u00e9couvrir les prochaines criques, nous pourrons utiliser la <a href=\"https:\/autobuses-de-ibiza-lineas-y-horarios\/autobus-linea-1-san-antonio-cala-gracio-stella-maris\/\">ligne 1 Sant Antoni-> Cala Graci\u00f3-> Stella Maris<\/a>, <a href=\"https:\/autobuses-de-ibiza-lineas-y-horarios\/autobus-linea-2-san-antonio-port-des-torrent\/\">L2 ligne San Antonio port des torrent <\/a>et <a href=\"https:\/autobuses-de-ibiza-lineas-y-horarios\/autobus-linea-l34-san-antonio-cala-salada\/\">L34 San Antonio Cala Salada<\/a>. Si nous avons opt\u00e9 pour les criques d&#8217;autres destinations, nous pouvons utiliser des bus pour la <a href=\"https:\/autobuses-de-ibiza-lineas-y-horarios\/autobuses-linea-l4-san-antonio-cala-de-comte\/\">ligne L4 San Antonio Calas de <\/a>compte, <a href=\"https:\/autobuses-de-ibiza-lineas-y-horarios\/autobuses-linea-5-sant-antoni-cala-tarida\/\">L5 Sant Antoni Cala Tarida<\/a> ou <a href=\"https:\/autobuses-de-ibiza-lineas-y-horarios\/autobuses-linea-7-san-antonio-cala-bassa\/\">L7 San Antonio Cala Bassa ligne<\/a>. Au nord, nous disposons de la <a href=\"https:\/autobuses-de-ibiza-lineas-y-horarios\/autobus-linea-22-san-antonio-puerto-de-san-miguel\/\">> port de Sant Miquel <\/a>et <a href=\"https:\/autobuses-de-ibiza-lineas-y-horarios\/autobus-linea-l23a-san-antonio-playa-de-benirras\/\">L23A Sant Antoni Playa Benirr\u00e1s<\/a>. <\/p>\n<h3 >Les itin\u00e9raires de Santa Eul\u00e0ria<\/h3>\n<p> \u00c0 Santa Eulalia del R\u00edo, nous aurons des alternatives \u00e0 d&#8217;autres endroits comme la ligne L17 Santa <a href=\"https:\/autobuses-de-ibiza-lineas-y-horarios\/autobus-linea-16-santa-eulalia-san-carlos\/\">Eulalia Sant Carles <\/a>, <a href=\"https:\/autobuses-de-ibiza-lineas-y-horarios\/autobus-l17-santa-eulalia-urbanizacion-siesta\/\">santa Eulalia-> urbanisation Siesta <\/a>et <a href=\"https:\/autobuses-de-ibiza-lineas-y-horarios\/autobus-linea-l24-cala-nova-es-canar-santa-eulalia-aeropuerto\/\">L24 Cala Nova Es Canar-> Santa eul\u00e0ria des Riu-> A\u00e9roport<\/a>. Vers les plages, <a href=\"https:\/autobuses-de-ibiza-lineas-y-horarios\/autobus-linea-16a-santa-eulalia-san-carlos-cala-llenya\/\">L16A Santa Eulalia del R\u00edo-> San Carlos Cala Llenya<\/a>, <a href=\"https:\/autobuses-de-ibiza-lineas-y-horarios\/autobus-linea-16c-santa-eulalia-las-dalias-san-carlos-es-figueral-cala-san-vicente\/\">L16C Santa Eul\u00e0ria Las Dalias Sant Carles de Peralta Es Figueral Cala San Vicente<\/a> et la <a href=\"https:\/autobuses-de-ibiza-lineas-y-horarios\/autobus-linea-23b-santa-eulalia-playa-de-benirras\/\">ligne L23B Santa Eul\u00e0ria des Riu Playa Benirr\u00e1s <\/a>en direction de San Juan. En outre, les bus pour <a href=\"https:\/autobuses-de-ibiza-lineas-y-horarios\/autobus-linea-18b-santa-eulalia-sargamassa-cala-martina-es-canar-cala-nova\/\">L18B Santa Eularia s&#8217;Argamassa Cana Martina-> est Canar Cala Nova <\/a>, <a href=\"https:\/autobuses-de-ibiza-lineas-y-horarios\/autobus-linea-18a-santa-eulalia-es-canar\/\">L18A Santa Eul\u00e0ria des Riu Es Canar <\/a>, <a href=\"https:\/autobuses-de-ibiza-lineas-y-horarios\/autobus-linea-l21-santa-eulalia-san-juan-portinatx\/\">L21 Santa Eularia-> Sant Joan de Labritja-> Portinatx<\/a> et la <a href=\"https:\/autobuses-de-ibiza-lineas-y-horarios\/autobus-linea-l41-santa-eulalia-cala-llonga\/\">ligne L41 Santa Eulalia Cala Llonga<\/a>. <\/p>\n<h3 >Autres lignes sur l&#8217;\u00eele d&#8217;Ibiza<\/h3>\n<p> Quelques alternatives relient des points anim\u00e9s comme l&#8217; <a href=\"https:\/autobuses-de-ibiza-lineas-y-horarios\/autobus-linea-l36-aeropuerto-playa-den-bossa\/\">a\u00e9roport de ligne L36-> Playa d&#8217;en Bossa<\/a>, <a href=\"https:\/autobuses-de-ibiza-lineas-y-horarios\/autobus-linea-37-puerto-de-san-miguel-es-canar\/\">ligne L37 port de San Miguel Es Canar <\/a>ou <a href=\"https:\/autobuses-de-ibiza-lineas-y-horarios\/autobus-linea-l26-san-jose-cala-vadella\/\">ligne L26 Sant Josep de sa Talaia-> Cala Vedella<\/a>. D&#8217;autres unissent les villes et les plages de la c\u00f4te comme <a href=\"https:\/autobuses-de-ibiza-lineas-y-horarios\/autobus-linea-l20b-san-juan-cala-san-vicente\/\">L20B Sant Joan-> Cala de San Vicente <\/a>, <a href=\"https:\/autobuses-de-ibiza-lineas-y-horarios\/autobus-linea-l23c-portinatx-san-juan-playa-de-benirras\/\">ligne L23C portinatx-> Sant Joan Playa de Benirras <\/a>, <a href=\"https:\/autobuses-de-ibiza-lineas-y-horarios\/autobus-linea-l23p-benirras-playa-de-benirras\/\">L23P Benirras (parking) plage de Benirr\u00e1s <\/a>ou <a href=\"https:\/autobuses-de-ibiza-lineas-y-horarios\/autobus-linea-l42-es-cubells-san-jose\/\">ligne L42 est Cubells-> Sant Josep de Sa Talaia<\/a>. <\/p>\n<h3 >Liaisons de bus de nuit: le bus Disco<\/h3>\n<p> Pendant la saison disco, vous serez en mesure d&#8217;avoir des options suppl\u00e9mentaires qui vous emm\u00e8ne dans les endroits les plus fr\u00e9quent\u00e9s. Ces alternatives seront <a href=\"https:\/autobuses-de-ibiza-lineas-y-horarios\/autobus-linea-l3-disco-bus-san-antonio-privilege-amnesia-pacha-puerto-de-ibiza\/\">la ligne L3 discobus San Antonio-> Privilege-> Amnesia Pacha port d&#8217;Ibiza<\/a>, <a href=\"https:\/autobuses-de-ibiza-lineas-y-horarios\/autobus-linea-l3b-disco-bus-san-antonio-playa-den-bossa-ushuaia\/\">L3B discobus Sant Antoni Playa d&#8217;en Bossa (Ushuaia-> H\u00ef)<\/a>, <a href=\"https:\/autobuses-de-ibiza-lineas-y-horarios\/autobus-linea-l13-18-discobus-puerto-de-ibiza-santa-eulalia-es-canar\/\" >L13-> 18 Disco Bus port d&#8217;ibiza Santa Eularia-> Es Canar <\/a>et <a href=\"https:\/autobuses-de-ibiza-lineas-y-horarios\/autobus-linea-l14-discobus-pacha-puerto-de-ibiza-playa-den-bossa-ushuaia\/\">L14 discobus Pasha-> Puerto de Ibiza Playa d&#8217;en Bossa Ushuaia-> H\u00ef<\/a>[\/vc_column_text] [\/vc_column] [vc_column width= &#8220;1\/3&#8221;] [vc_single_image image = &#8220;46038&#8221; img_size = &#8220;Full&#8221;] [vc_column_text] <\/p>\n<h2 >Soci\u00e9t\u00e9 de concession San Antonio Playa de Benirr\u00e1s<\/h2>\n<p> Compagnies de bus \u00e0 l&#8217;usage de la <a href=\"tel:971317306\">971 317 306<\/a> [\/vc_column_text] [vc_column_text] les horaires fix\u00e9s pour le <strong>23a San Antonio Beach Benirr\u00e1s<\/strong> sont \u00e0 des fins informatives. <a href=\"https:\/\">seul Ibiza<\/a> n&#8217;est pas responsable des dommages ou des blessures caus\u00e9s par la ligne ou les informations affich\u00e9es ici. [\/vc_column_text] [\/vc_column] [\/vc_row] [vc_row full_width = &#8220;stretch_row&#8221; css = &#8220;.vc_custom_1541747335413 {background-color:#0000ff !important;}&#8221;] [vc_column] [vc_column_text css_animation = &#8220;FadeIn&#8221; El_class = &#8220;. Size24&#8221;] <\/p>\n<p class=\"size24\" style=\"text-align: center;\"><span style=\"color:#ffffff;\">la section de bus de San Antonio Playa de Benirr\u00e1s est sponsoris\u00e9e par<\/span> <a href=\"https:\/\/disenowebibiza.soloibiza.com\/\"> <span style=\"color:#ffffff;\">Conception et programmation Web Ibiza<\/span> <\/a><\/p>\n<p> [\/vc_column_text] [\/vc_column] [\/vc_row] <\/p>\n<\/div>","protected":false},"excerpt":{"rendered":"<p>[vc_row full_width=&#8221;stretch_row&#8221; parallax=&#8221;content-moving-fade&#8221; css=&#8221;.vc_custom_1541744452372{padding-top: 20px !important;padding-bottom: 60px !important;background-image: url(http:\/\/soloibiza.com\/wp-content\/uploads\/2018\/11\/autobuses.jpg?id=46038) !important;background-position: center;background-repeat: no-repeat;background-size: cover !important;}&#8221;] [vc_column] [vc_custom_heading text = &#8220;bus San Antonio-Playa de Benirr\u00e1s, ligne 23a&#8221; font_container = &#8220;tag:H1 | text_align: Center | color:#ffffff&#8221; use_theme_fonts = &#8220;yes&#8221;] [\/vc_column] [\/vc_row] &#8220;[vc_row el_class = &#8220;autobus&#8221;] [vc_column width = &#8220;2\/3&#8221;] [vc_column_text] Heure d&#8217;hiver (pas de service) [\/vc_column_text] [vc_column_text] Heure [&hellip;]<\/p>\n","protected":false},"author":1,"featured_media":0,"parent":49294,"menu_order":0,"comment_status":"closed","ping_status":"closed","template":"","meta":{"_acf_changed":false,"footnotes":""},"class_list":["post-49785","page","type-page","status-publish","hentry"],"acf":[],"_links":{"self":[{"href":"https:\/\/soloibiza.com\/fr\/wp-json\/wp\/v2\/pages\/49785","targetHints":{"allow":["GET"]}}],"collection":[{"href":"https:\/\/soloibiza.com\/fr\/wp-json\/wp\/v2\/pages"}],"about":[{"href":"https:\/\/soloibiza.com\/fr\/wp-json\/wp\/v2\/types\/page"}],"author":[{"embeddable":true,"href":"https:\/\/soloibiza.com\/fr\/wp-json\/wp\/v2\/users\/1"}],"replies":[{"embeddable":true,"href":"https:\/\/soloibiza.com\/fr\/wp-json\/wp\/v2\/comments?post=49785"}],"version-history":[{"count":0,"href":"https:\/\/soloibiza.com\/fr\/wp-json\/wp\/v2\/pages\/49785\/revisions"}],"up":[{"embeddable":true,"href":"https:\/\/soloibiza.com\/fr\/wp-json\/wp\/v2\/pages\/49294"}],"wp:attachment":[{"href":"https:\/\/soloibiza.com\/fr\/wp-json\/wp\/v2\/media?parent=49785"}],"curies":[{"name":"wp","href":"https:\/\/api.w.org\/{rel}","templated":true}]}}