{"id":49756,"date":"2019-02-24T08:33:29","date_gmt":"2019-02-24T07:33:29","guid":{"rendered":"https:\/?page_id=49756"},"modified":"2019-02-24T18:35:45","modified_gmt":"2019-02-24T17:35:45","slug":"bus-ligne-2-san-antonio-port-des-torrent","status":"publish","type":"page","link":"https:\/\/soloibiza.com\/fr\/ibiza-bus-lignes-et-horaires\/bus-ligne-2-san-antonio-port-des-torrent\/","title":{"rendered":"Bus ligne 2 San Antonio port des Torrent"},"content":{"rendered":"<div class=\"wpb-content-wrapper\"><p> [vc_row full_width=&#8221;stretch_row&#8221; parallax=&#8221;content-moving-fade&#8221; css=&#8221;.vc_custom_1541744452372{padding-top: 20px !important;padding-bottom: 60px !important;background-image: url(http:\/\/soloibiza.com\/wp-content\/uploads\/2018\/11\/autobuses.jpg?id=46038) !important;background-position: center;background-repeat: no-repeat;background-size: cover !important;}&#8221;] [vc_column] [vc_custom_heading text = &#8220;ligne de bus 2 San Antonio-port des torrent&#8221; font_container = &#8220;tag:H1 | text_align: Centre | color:#ffffff&#8221; use_theme_fonts = &#8220;yes&#8221;] [\/vc_column] [\/vc_row] &#8220;[vc_row el_class = &#8220;autobus&#8221;] [vc_column width = &#8220;2\/3&#8221;] [vc_column_text] <\/p>\n<h2 >Heure d&#8217;hiver (du 1er novembre au 14 mai)<\/h2>\n<p> [\/vc_column_text] [vc_row_inner css = &#8220;.vc_custom_1541746836497 {margin-bottom: 20px !important;}&#8221;] [vc_column_inner width=&#8221;1\/2&#8243; css=&#8221;.vc_custom_1541746655506{border-top-width: 1px !important;border-right-width: 1px !important;border-bottom-width: 1px !important;border-left-width: 1px !important;border-left-color:#666666 !important; border-left-style: solid !important; bordure-droite-color:#666666 !important; border-right-style: solid !important; border-top-color:#666666 !important; border-top-style: solid !important; bordure-fond-color:#666666 !important; border-bottom-style: Solid !important;} &#8220;] [vc_column_text] <\/p>\n<h3 >San Antonio-> port des Torrent<\/h3>\n<h4 style=\"text-align: center;\" >Tous les jours<\/h4>\n<p style=\"text-align: center;\" >De 8:00 \u00e0 22:00 toutes les heures.<\/p>\n<p> [\/vc_column_text] [\/vc_column_inner] [vc_column_inner width=&#8221;1\/2&#8243; css=&#8221;.vc_custom_1541747027401{border-top-width: 1px !important;border-right-width: 1px !important;border-bottom-width: 1px !important;border-right-color:#666666 !important;border-right-style: solid !important; border-top-color:#666666 !important; border-top-style: solid !important; border-bottom-color:#666666 !important; border-bottom-style: solid !important;} &#8220;] [vc_column_text] <\/p>\n<h3 >Port des torrent-> San Antonio<\/h3>\n<h4 style=\"text-align: center;\" >Tous les jours<\/h4>\n<p style=\"text-align: center;\" >De 7:30 \u00e0 23:30 toutes les heures.<\/p>\n<p> [\/vc_column_text] [\/vc_column_inner] [\/vc_row_inner] [vc_column_text] <\/p>\n<h2 >Heure d&#8217;\u00e9t\u00e9 (du 1er juin au 30 septembre)<\/h2>\n<p> [\/vc_column_text] [vc_row_inner css = &#8220;.vc_custom_1541747165242 {margin-bottom: 20px !important;}&#8221;] [vc_column_inner width=&#8221;1\/2&#8243; css=&#8221;.vc_custom_1541747132513{border-top-width: 1px !important;border-right-width: 1px !important;border-bottom-width: 1px !important;border-left-width: 1px !important;border-left-color:#666666 !important; border-left-style: solid !important; border-right-color:#666666 !important; border-right-style: solid !important; border-top-color:#666666 !important; border-top-style: solid !important; border-bottom-color:#666666 !important; border-bottom-style: solid !important;} &#8220;] [vc_column_text] <\/p>\n<h3 >San Antonio-> port des Torrent<\/h3>\n<h4 style=\"text-align: center;\" >Tous les jours<\/h4>\n<p style=\"text-align: center;\" >De 8:00 \u00e0 24:00 toutes les heures.<\/p>\n<p> [\/vc_column_text] [\/vc_column_inner] [vc_column_inner width=&#8221;1\/2&#8243; css=&#8221;.vc_custom_1541747140633{border-top-width: 1px !important;border-right-width: 1px !important;border-bottom-width: 1px !important;border-right-color:#666666 !important;border-right-style: solid !important; border-top-color:#666666 !important; border-top-style: solid !important; border-bottom-color:#666666 !important; border-bottom-style: Solid !important;} &#8220;] [vc_column_text] <\/p>\n<h3 >Port des torrent-> San Antonio<\/h3>\n<h4 style=\"text-align: center;\" >Tous les jours<\/h4>\n<p style=\"text-align: center;\" >De 7:30 \u00e0 21:30 toutes les heures.<\/p>\n<p> [\/vc_column_text] [\/vc_column_inner] [\/vc_row_inner] [vc_row_inner] [vc_column_inner] [vc_column_text] <\/p>\n<h3 >San Antonio Line tour-port des Torrent<\/h3>\n<p> [\/vc_column_text] [\/vc_column_inner] [\/vc_row_inner] [vc_row_inner css=&#8221;.vc_custom_1541747312506{margin-bottom: 20px !important;border-top-width: 1px !important;border-right-width: 1px !important;border-bottom-width: 1px !important;border-left-width: 1px !important;border-left-color:#666666 ! important; bordure-gauche-style: solid !important; bordure-droite-color:#666666 !important; border-right-style: solid !important; border-top-color:#666666 !important; border-top-style: solid !important; bordure-fond-color:#666666 !important; border-bottom-style: Solid !important;} &#8220;] [vc_column_inner width = &#8220;1\/2&#8221;] [rt_list_style] <\/p>\n<ul>\n<li >Gare routi\u00e8re de San Antonio<\/li>\n<li >Es Torrent<\/li>\n<li >H\u00f4tel Arenal\/Palmira<\/li>\n<li >Puchet<\/li>\n<li >Sun reco<\/li>\n<li >Est-ce que puet<\/li>\n<li >H\u00f4tel Bergantin<\/li>\n<li >H\u00f4tel Mar Amantis<\/li>\n<li >H\u00f4tel Nautilus\/Hotel es pins<\/li>\n<li >H\u00f4tel Pinet<\/li>\n<li >H\u00f4tel Rivera\/Hotel Milord<\/li>\n<li >H\u00f4tel Sandiego<\/li>\n<li >Cala de bou<\/li>\n<li >Port des Torrent<\/li>\n<li >Soleil et mer<\/li>\n<\/ul>\n<p> [\/rt_list_style] [\/vc_column_inner] [vc_column_inner width = &#8220;1\/2&#8221; css = &#8220;.vc_custom_1541747270371 {bordure-gauche-largeur: 1px !important; border-gauche-color:#666666 !important; border-left-style: Solid !important;}&#8221;] [rt_list_style] <\/p>\n<ul>\n<li >Soleil et mer<\/li>\n<li >Port des Torrent<\/li>\n<li >Cala de bou<\/li>\n<li >Train<\/li>\n<li >H\u00f4tel Rivera\/Hotel Milord<\/li>\n<li >H\u00f4tel Pinet<\/li>\n<li >H\u00f4tel Nautilus\/Hotel es pins<\/li>\n<li >H\u00f4tel Mar Amantis<\/li>\n<li >H\u00f4tel Bergantin<\/li>\n<li >Est-ce que puet<\/li>\n<li >Sun reco<\/li>\n<li >Puchet<\/li>\n<li >H\u00f4tel Arenal\/Palmira<\/li>\n<li >Es Torrent<\/li>\n<li >Gare routi\u00e8re de San Antonio<\/li>\n<\/ul>\n<p> [\/rt_list_style] [\/vc_column_inner] [\/vc_row_inner] [vc_gmaps link=&#8221;#E-8_JTNDaWZyYW1lJTIwc3JjJTNEJTIyaHR0cHMlM0ElMkYlMkZ3d3cuZ29vZ2xlLmNvbSUyRm1hcHMlMkZlbWJlZCUzRnBiJTNEJTIxMW0xOCUyMTFtMTIlMjExbTMlMjExZDMxMDEuNDg3NzMxNzAwMzgxJTIxMmQxLjMwNDQ4NTUxNTg2Mzc4NzQlMjEzZDM4Ljk4MTM2MzY0OTU5NDQ4NSUyMTJtMyUyMTFmMCUyMTJmMCUyMTNmMCUyMTNtMiUyMTFpMTAyNCUyMTJpNzY4JTIxNGYxMy4xJTIxM20zJTIxMW0yJTIxMXMweDEyOTk0OWUxZmYyMjgzMjElMjUzQTB4ODFhOTYxYTY1ZjEyYTY5YSUyMTJzRXN0YWNpJTI1QzMlMjVCMyUyQmQlMjYlMjMzOSUzQkF1dG9idXNvcyUyQmRlJTJCU2FudCUyQkFudG9uaSUyMTVlMCUyMTNtMiUyMTFzZXMlMjEyc2VzJTIxNHYxNTQxNzY3MzcwODc2JTIyJTIwd2lkdGglM0QlMjI2MDAlMjIlMjBoZWlnaHQlM0QlMjI0NTAlMjIlMjBmcmFtZWJvcmRlciUzRCUyMjAlMjIlMjBzdHlsZSUzRCUyMmJvcmRlciUzQTAlMjIlMjBhbGxvd2Z1bGxzY3JlZW4lM0UlM0MlMkZpZnJhbWUlM0U=&#8221;] [vc_column_text] <\/p>\n<h2 >Plus de bus depuis Ibiza<\/h2>\n<p> Si vous avez besoin de se d\u00e9placer avec le service de bus, vous devrez comprendre les diff\u00e9rentes alternatives disponibles. Si nous s\u00e9lectionnons par zones touristiques ces lignes, nous aurons dans le noyau des lignes de bus principales Eivissa comme la <a href=\"https:\/autobuses-de-ibiza-lineas-y-horarios\/autobus-ibiza-hospital-can-misses-linea-h\/\">ligne H Eivissa Hospital<\/a>, <a href=\"https:\/autobuses-de-ibiza-lineas-y-horarios\/autobuses-linea-l10-ibiza-aeropuerto\/\">l&#8217;a\u00e9roport d&#8217;Ibiza de la ville d&#8217;<\/a> Ibiza ou la <a href=\"https:\/autobuses-de-ibiza-lineas-y-horarios\/autobus-linea-12a-ibiza-hospital-can-misses-puig-den-valls-jesus-talamanca-marina-botafoch-puerto\/\">ligne L12A Ibiza-> h\u00f4pital peut manquer Puig d&#8217;en Valls-> Jes\u00fas Playa de Talamanca-> Marina Botafoch-> port d&#8217;Eivissa Ibiza<\/a>. Si vous avez besoin d&#8217;aller \u00e0 d&#8217;autres endroits, de la ville d&#8217;Ibiza, vous pouvez le faire sur les lignes <a href=\"https:\/autobuses-de-ibiza-lineas-y-horarios\/autobus-linea-3-san-antonio-san-rafael-ibiza\/\">L3 Sant Antoni San Rafael Eivissa<\/a> et <a href=\"https:\/autobuses-de-ibiza-lineas-y-horarios\/autobuses-linea-8-sant-antoni-sant-josep-ibiza\/\">L\u00ednea, San Antonio san Jos\u00e9-> Ibiza<\/a> \u00e0 destination de Sant Antoni. En direction de l&#8217;a\u00e9roport, nous avons <a href=\"https:\/autobuses-de-ibiza-lineas-y-horarios\/autobus-linea-l25-ibiza-santa-gertrudis-san-miguel\/\">L25 ville d&#8217;Ibiza-> Santa Gertrude San Miguel<\/a> pour ceux qui veulent profiter de la crique d&#8217;Ibiza, nous pouvons aller \u00e0 la <a href=\"https:\/autobuses-de-ibiza-lineas-y-horarios\/autobus-linea-l12b-ibiza-puerto-marina-botafoch-puerto-ferrys-talamanca-cap-martinet-jesus\/\">ligne L12B port d&#8217;Ibiza ville d&#8217;Ibiza-> Marina Botafoch Talamanca Cap Martinet &#8211; > Jesus<\/a>, <a href=\"https:\/autobuses-de-ibiza-lineas-y-horarios\/autobus-l13-ibiza-santa-eulalia\/\">ligne L13 Ibiza &#8211; > Santa Eul\u00e0ria <\/a>, <a href=\"https:\/autobuses-de-ibiza-lineas-y-horarios\/autobus-linea-33-san-mateo-ibiza\/\">ligne San Mateo L33 &#8211; > ville Ibiza<\/a> et <a href=\"https:\/autobuses-de-ibiza-lineas-y-horarios\/autobus-linea-l35-ibiza-can-misses-sa-carroca-san-jorge\/\">ville de L35 Ibiza &#8211; > Can Misses Sa Carroca Sant Jordi<\/a>. Services de bus allant aux criques de la ville d\u2019Ibiza sont <a href=\"https:\/autobuses-de-ibiza-lineas-y-horarios\/autobuses-linea-l11-ibiza-sant-jordi-ses-salines\/\">ville de ligne L11 Ibiza &#8211; > San Jorge Ses Salines<\/a> et <a href=\"https:\/autobuses-de-ibiza-lineas-y-horarios\/autobuses-linea-l11b-ibiza-playa-den-bossa-ses-salines\/\">L11B Ibiza &#8211; > Playa d&#8217; Bossa, Las Salinas<\/a> ou <a href=\"https:\/autobuses-de-ibiza-lineas-y-horarios\/bus-l14-eivissa-platja-den-bossa\/\">ligne L14 Eivissa &#8211; > plage d&#8217; Bossa<\/a>. Service vers le nord des plages d\u2019Ibiza sont <a href=\"https:\/autobuses-de-ibiza-lineas-y-horarios\/autobus-linea-l15-ibiza-jesus-cala-llonga\/\">L15 Ibiza ville J\u00e9sus Cala Llonga <\/a>, <a href=\"https:\/autobuses-de-ibiza-lineas-y-horarios\/autobus-linea-20a-ibiza-san-lorenzo-san-juan-portinatx\/\">ville L20A Ibiza &#8211; > Sant Lloren\u00e7 &#8211; > Portinatx San Juan<\/a>, <a href=\"https:\/autobuses-de-ibiza-lineas-y-horarios\/autobus-linea-l23-ibiza-benirras\/\">ville de ligne L23 Ibiza Benirras <\/a>et <a href=\"https:\/autobuses-de-ibiza-lineas-y-horarios\/autobus-linea-l25a-ibiza-puerto-de-san-miguel\/\">L25A Ibiza &#8211; > port de Sant Miquel<\/a> ville lignes transitant par la ville seront <a href=\"https:\/autobuses-de-ibiza-lineas-y-horarios\/autobus-linea-l45-vara-de-rey-dalt-vila-can-misses-casas-baratas-cas-serres\/\">ligne L45 Vara de Rey Dalt Vila peut rate &#8211; > Cas Serres maisons bon march\u00e9s<\/a> et <a href=\"https:\/autobuses-de-ibiza-lineas-y-horarios\/autobus-linea-l50-parking-es-dominguet-parking-es-gorg-puerto-de-ibiza-bartolome-rosello-es-raspallar-puig-den-valls-solivera\/\">ligne L50 parking est Dominguets &#8211; > Parking est Gorg Puerto de Ibiza ville &#8211; > Bartolome Rossell\u00f3 &#8211; > est Raspallar &#8211; > Puig d\u2019en Valls &#8211; > S\u00b4Olivera<\/a> <\/p>\n<h3 >Les lignes de Sant Antoni<\/h3>\n<p> Les liaisons qui partent de Sant Antonio de Portmany seront r\u00e9alis\u00e9es principalement \u00e0 Ibiza et \u00e0 la <a href=\"https:\/autobuses-de-ibiza-lineas-y-horarios\/autobuses-linea-9-san-antonio-san-jose-aeropuerto\/\">ligne de San Antonio-> San Jose a\u00e9roport d&#8217;Ibiza<\/a>. En direction d&#8217;autres endroits, nous aurons <a href=\"https:\/autobuses-de-ibiza-lineas-y-horarios\/autobus-linea-19-santa-eulalia-san-antonio\/\">L19 Santa Eulalia-> Sant Antoni<\/a>, s. a. <a href=\"https:\/autobuses-de-ibiza-lineas-y-horarios\/autobus-linea-l30-san-antonio-santa-ines-ibiza\/\">Sant Antoni Santa agn\u00e9s de Corona-> Ibiza<\/a> et la <a href=\"https:\/autobuses-de-ibiza-lineas-y-horarios\/autobuses-linea-3-1-can-bonet-ses-paises-san-antonio-can-coix\/\">ligne L 3,1 CAN bonet ses Pa\u00efses-> San Antonio CAN Coix (piscine)<\/a>. Pour parcourir les prochaines plages, nous pourrons prendre <a href=\"https:\/autobuses-de-ibiza-lineas-y-horarios\/autobus-linea-1-san-antonio-cala-gracio-stella-maris\/\">L1 Sant Antoni Hotel Stella Maris<\/a>, <a href=\"https:\/autobuses-de-ibiza-lineas-y-horarios\/autobus-linea-2-san-antonio-port-des-torrent\/\">L2 sant Antoni-> port des torrent <\/a>et <a href=\"https:\/autobuses-de-ibiza-lineas-y-horarios\/autobus-linea-l34-san-antonio-cala-salada\/\">L34 San Antonio Cala Salada<\/a>. Si nous d\u00e9cidons sur les plages d&#8217;autres destinations, nous pourrons prendre des bus pour la <a href=\"https:\/autobuses-de-ibiza-lineas-y-horarios\/autobuses-linea-l4-san-antonio-cala-de-comte\/\">ligne L4 San Antonio Cala Conta <\/a>, <a href=\"https:\/autobuses-de-ibiza-lineas-y-horarios\/autobuses-linea-5-sant-antoni-cala-tarida\/\">ligne L5 San Antonio Cala t\u00e1rida<\/a> ou la <a href=\"https:\/autobuses-de-ibiza-lineas-y-horarios\/autobuses-linea-7-san-antonio-cala-bassa\/\">ligne L7 Sant Antoni Cala Bassa<\/a>. En direction du Nord, nous avons une ligne de Saint-Antoine \u00e0 <a href=\"https:\/autobuses-de-ibiza-lineas-y-horarios\/autobus-linea-22-san-antonio-puerto-de-san-miguel\/\">Sant Antoni Puerto de Sant Miquel <\/a>et la <a href=\"https:\/autobuses-de-ibiza-lineas-y-horarios\/autobus-linea-l23a-san-antonio-playa-de-benirras\/\">ligne L23A San Antonio-> Benirras Beach<\/a>. <\/p>\n<h3 >Les bus de Santa Eul\u00e0ria des Riu<\/h3>\n<p> \u00c0 Santa Eulalia del R\u00edo, nous avons des lignes \u00e0 certains endroits comme la <a href=\"https:\/autobuses-de-ibiza-lineas-y-horarios\/autobus-linea-16-santa-eulalia-san-carlos\/\">ligne de Santa Eul\u00e0ria-> Sant Carles de Peralta <\/a>, <a href=\"https:\/autobuses-de-ibiza-lineas-y-horarios\/autobus-l17-santa-eulalia-urbanizacion-siesta\/\">ligne L17 Santa Eul\u00e0ria des Riu urbanisation Siesta <\/a>et <a href=\"https:\/autobuses-de-ibiza-lineas-y-horarios\/autobus-linea-l24-cala-nova-es-canar-santa-eulalia-aeropuerto\/\">L24 Cala Nova-> Es Canar-> Santa Eul\u00e0ria des Riu A\u00e9roport d&#8217;Ibiza<\/a>. En direction des plages, <a href=\"https:\/autobuses-de-ibiza-lineas-y-horarios\/autobus-linea-16a-santa-eulalia-san-carlos-cala-llenya\/\">L16A Santa Eulalia del R\u00edo Sant Carles-> Cala Llenya<\/a>, <a href=\"https:\/autobuses-de-ibiza-lineas-y-horarios\/autobus-linea-16c-santa-eulalia-las-dalias-san-carlos-es-figueral-cala-san-vicente\/\">ligne L16C Santa Eul\u00e0ria des Riu-> Las Dalias Sant Carles-> Es Figueral Cala de San Vicente <\/a>et <a href=\"https:\/autobuses-de-ibiza-lineas-y-horarios\/autobus-linea-23b-santa-eulalia-playa-de-benirras\/\">L23B Santa Eul\u00e0ria des Riu Benirr\u00e1s plage <\/a>vers Sant Joan. Ainsi que les itin\u00e9raires en direction <a href=\"https:\/autobuses-de-ibiza-lineas-y-horarios\/autobus-linea-18b-santa-eulalia-sargamassa-cala-martina-es-canar-cala-nova\/\">ligne L18B Santa Eul\u00e0ria des Riu-> s&#8217;Argamassa Cana Martina Es Canar Cala Nova <\/a>, <a href=\"https:\/autobuses-de-ibiza-lineas-y-horarios\/autobus-linea-18a-santa-eulalia-es-canar\/\">ligne L18A Santa Eul\u00e0ria Es Canar <\/a>, <a href=\"https:\/autobuses-de-ibiza-lineas-y-horarios\/autobus-linea-l21-santa-eulalia-san-juan-portinatx\/\">L21 santa Eulalia Sant Joan-> Portinatx<\/a> et <a href=\"https:\/autobuses-de-ibiza-lineas-y-horarios\/autobus-linea-l41-santa-eulalia-cala-llonga\/\">ligne L41 Santa Eulalia del Cala Llonga rivi\u00e8re<\/a>. <\/p>\n<h3 >Autres lignes sur l&#8217;\u00eele d&#8217;Ibiza<\/h3>\n<p> Plusieurs alternatives rejoignent des sites bond\u00e9s tels que <a href=\"https:\/autobuses-de-ibiza-lineas-y-horarios\/autobus-linea-l36-aeropuerto-playa-den-bossa\/\">l&#8217;a\u00e9roport de L36-> Playa d&#8217;en Bossa<\/a>, <a href=\"https:\/autobuses-de-ibiza-lineas-y-horarios\/autobus-linea-37-puerto-de-san-miguel-es-canar\/\">L37 Puerto de San Miguel Es Canar <\/a>ou la <a href=\"https:\/autobuses-de-ibiza-lineas-y-horarios\/autobus-linea-l26-san-jose-cala-vadella\/\">ligne L26 Sant Josep de sa Talaia-> Cala Vadella<\/a>. D&#8217;autres relient les villes avec des plages sur la c\u00f4te comme <a href=\"https:\/autobuses-de-ibiza-lineas-y-horarios\/autobus-linea-l20b-san-juan-cala-san-vicente\/\">L20B Sant Joan-> Cala de San Vicente <\/a>, <a href=\"https:\/autobuses-de-ibiza-lineas-y-horarios\/autobus-linea-l23c-portinatx-san-juan-playa-de-benirras\/\">ligne L23C Portinatx Sant Joan Playa de Benirr\u00e1s <\/a>, <a href=\"https:\/autobuses-de-ibiza-lineas-y-horarios\/autobus-linea-l23p-benirras-playa-de-benirras\/\">L\u00ednea L23P Benirras (parking)-> Playa de Benirras <\/a>o L42 <a href=\"https:\/autobuses-de-ibiza-lineas-y-horarios\/autobus-linea-l42-es-cubells-san-jose\/\">Es Cubells Sant Josep de Sa Talaia<\/a>. <\/p>\n<h3 >Promenades en bus des clubs de discoth\u00e8que: le bus Disco<\/h3>\n<p> Pendant la saison estivale, vous pouvez profiter de quelques alternatives particuli\u00e8res qui traverseront les villes les plus anim\u00e9es. Ces lignes vont \u00eatre <a href=\"https:\/autobuses-de-ibiza-lineas-y-horarios\/autobus-linea-l3-disco-bus-san-antonio-privilege-amnesia-pacha-puerto-de-ibiza\/\">L3 bus Disco Sant Antoni-> Privilege-> Amnesia-> Pasha-> port d&#8217;Ibiza<\/a>, <a href=\"https:\/autobuses-de-ibiza-lineas-y-horarios\/autobus-linea-l3b-disco-bus-san-antonio-playa-den-bossa-ushuaia\/\">ligne L3B bus Disco San Antonio-> Playa d&#8217;en Bossa (Ushuaia-> H\u00ef)<\/a>, <a href=\"https:\/autobuses-de-ibiza-lineas-y-horarios\/autobus-linea-l13-18-discobus-puerto-de-ibiza-santa-eulalia-es-canar\/\">ligne L13-> 18 bus disco port d&#8217;Ibiza-> Santa Eulalia del R\u00edo Es Canar <\/a>et <a href=\"https:\/autobuses-de-ibiza-lineas-y-horarios\/autobus-linea-l14-discobus-pacha-puerto-de-ibiza-playa-den-bossa-ushuaia\/\">L14 Disco Bus Pacha-> Puerto de Ibiza Playa d&#8217;en Bossa Ushuaia-> H\u00ef<\/a>[\/vc_column_text] [\/vc_column] [vc_column width= &#8220;1\/3&#8221;] [vc_single_image image = &#8220;46038&#8221; img_size = &#8220;Full&#8221;] [vc_column_text] <\/p>\n<h2 >Company concessionaire Line 2 San Antonio port des Torrent<\/h2>\n<p> Bus Voramar El Gaucho S.L. <a href=\"tel:971340382\">971 34 03 82<\/a> [\/vc_column_text] [vc_column_text] les horaires fix\u00e9s pour la <strong>ligne 2 San Antonio port des torrent<\/strong> sont \u00e0 des fins informatives. <a href=\"https:\/\">seul Ibiza<\/a> n&#8217;est pas responsable des dommages ou des blessures caus\u00e9s par la ligne ou les informations affich\u00e9es ici. [\/vc_column_text] [\/vc_column] [\/vc_row] [vc_row full_width = &#8220;stretch_row&#8221; css = &#8220;.vc_custom_1541747335413 {background-color:#0000ff !important;}&#8221;] [vc_column] [vc_column_text css_animation = &#8220;FadeIn&#8221; El_class = &#8220;. Size24&#8221;] <\/p>\n<p class=\"size24\" style=\"text-align: center;\"><span style=\"color:#ffffff;\">la section bus Ibiza est sponsoris\u00e9e par<\/span> <a href=\"https:\/\/disenowebibiza.soloibiza.com\/\"> <span style=\"color:#ffffff;\">pages et Web Design Ibiza<\/span> <\/a><\/p>\n<p> [\/vc_column_text] [\/vc_column] [\/vc_row] <\/p>\n<\/div>","protected":false},"excerpt":{"rendered":"<p>[vc_row full_width=&#8221;stretch_row&#8221; parallax=&#8221;content-moving-fade&#8221; css=&#8221;.vc_custom_1541744452372{padding-top: 20px !important;padding-bottom: 60px !important;background-image: url(http:\/\/soloibiza.com\/wp-content\/uploads\/2018\/11\/autobuses.jpg?id=46038) !important;background-position: center;background-repeat: no-repeat;background-size: cover !important;}&#8221;] [vc_column] [vc_custom_heading text = &#8220;ligne de bus 2 San Antonio-port des torrent&#8221; font_container = &#8220;tag:H1 | text_align: Centre | color:#ffffff&#8221; use_theme_fonts = &#8220;yes&#8221;] [\/vc_column] [\/vc_row] &#8220;[vc_row el_class = &#8220;autobus&#8221;] [vc_column width = &#8220;2\/3&#8221;] [vc_column_text] Heure d&#8217;hiver (du 1er novembre au 14 [&hellip;]<\/p>\n","protected":false},"author":1,"featured_media":0,"parent":49294,"menu_order":0,"comment_status":"closed","ping_status":"closed","template":"","meta":{"_acf_changed":false,"footnotes":""},"class_list":["post-49756","page","type-page","status-publish","hentry"],"acf":[],"_links":{"self":[{"href":"https:\/\/soloibiza.com\/fr\/wp-json\/wp\/v2\/pages\/49756","targetHints":{"allow":["GET"]}}],"collection":[{"href":"https:\/\/soloibiza.com\/fr\/wp-json\/wp\/v2\/pages"}],"about":[{"href":"https:\/\/soloibiza.com\/fr\/wp-json\/wp\/v2\/types\/page"}],"author":[{"embeddable":true,"href":"https:\/\/soloibiza.com\/fr\/wp-json\/wp\/v2\/users\/1"}],"replies":[{"embeddable":true,"href":"https:\/\/soloibiza.com\/fr\/wp-json\/wp\/v2\/comments?post=49756"}],"version-history":[{"count":0,"href":"https:\/\/soloibiza.com\/fr\/wp-json\/wp\/v2\/pages\/49756\/revisions"}],"up":[{"embeddable":true,"href":"https:\/\/soloibiza.com\/fr\/wp-json\/wp\/v2\/pages\/49294"}],"wp:attachment":[{"href":"https:\/\/soloibiza.com\/fr\/wp-json\/wp\/v2\/media?parent=49756"}],"curies":[{"name":"wp","href":"https:\/\/api.w.org\/{rel}","templated":true}]}}