{"id":52431,"date":"2019-03-17T10:21:47","date_gmt":"2019-03-17T09:21:47","guid":{"rendered":"https:\/?page_id=52431"},"modified":"2019-03-20T20:46:13","modified_gmt":"2019-03-20T19:46:13","slug":"sant-joan-tour-guide-in-ibiza","status":"publish","type":"page","link":"https:\/\/soloibiza.com\/en\/cultural-and-natural-ibiza-tourism-guide\/sant-joan-tour-guide-in-ibiza\/","title":{"rendered":"Sant Joan Tour Guide in Ibiza"},"content":{"rendered":"<div class=\"wpb-content-wrapper\"><p>[vc_row full_width=&#8221;stretch_row&#8221; parallax=&#8221;content-moving-fade&#8221; css=&#8221;.vc_custom_1540709476584{padding-top: 20px !important;padding-bottom: 60px !important;background-image: url(http:\/\/soloibiza.com\/wp-content\/uploads\/2018\/10\/turismo-cultural-en-Ibiza.jpg?id=43967) !important;background-position: 0 0;background-repeat: no-repeat !important;}&#8221;][vc_column][vc_custom_heading text=&#8221;Tour Guide of Sant Joan or San Juan&#8221; font_container=&#8221;tag:H1|text_align: center|color:#ffffff&#8221; use_theme_fonts=&#8221;yes&#8221;][vc_custom_heading text=&#8221;We show You Sant Joan de Balafia, a corner north of the island very quiet and of great charm&#8221; font_container=&#8221;tag:P|font_size: 24px|text_align: center|color:#ffffff&#8221; use_theme_fonts=&#8221;yes&#8221;][\/vc_column][\/vc_row][vc_row][vc_column width=&#8221;2\/3&#8243;][vc_column_text]<\/p>\n<div class=\"entry clearfloat\">\n<div class=\"texto\"><strong>Sant Joan De Labritja<\/strong> is located in the far north of the island, in one of the most unspoilt and unknown areas of the island. Historically we can find the bandages of Xarrac\u00f3, es Niu des Corbs, Portinatx, es Murtar, Xarraca, Cas Vidals, Cas Ripolls, Labritja and Cas Cavallerias.<\/div>\n<\/div>\n<div class=\"entry clearfloat\">\n<div class=\"texto\">\n<div class=\"entry clearfloat\">\n<div class=\"texto\"> THE mountainous structure of the municipality and its distance from the center of the capital has led to a rural tourism in an enviable area. Although The city centre does not offer an exit to the coast, the North Zone is offered to places as symbolic as PORTINATX and the almost annexed coves of S&#8217;illot des Rencl\u00ed, Cala Xarraca and Cala Xucl\u00e1. The access usually occurs in the south, from Sant Lloren\u00e7 to about seven kilometres, although it is also feasible starting from Cala Sant Vicent and even, through rural roads, from Sant Miquel.<\/div>\n<\/div>\n<h2 class=\"title\" >We will find in Sant Joan<\/h2>\n<div class=\"entry clearfloat\">\n<div class=\"texto\"> Mountains, nature, cultivation areas, pine forests and a very humid area, even in summer. Its North Orientation favors a thick vegetation. As the first mountainous area, any cloud entrance becomes a fine rain that tries to overcome abundant elevations. Perhaps It is the enchantment of this green, coupled with the distance from the capital, which has frightened the great tourist nuclei. The <strong>Sant Joan<\/strong> City Council itself welcomes this unique Mediterranean landscape. In historical tourism, the most important reviews are taken by the Church of Sant Joan, from the eighteenth century, as well as the coastal surveillance Tower of Portinatx, with a unique landscape and almost unspoiled views of a high coast that admits few reconciliations with Beach tourism.<\/div>\n<\/div>\n<\/div>\n<\/div>\n<p>[\/vc_column_text][\/vc_column][vc_column width=&#8221;1\/3&#8243;][vc_single_image image=&#8221;43974&#8243; img_size=&#8221;full&#8221;][\/vc_column][\/vc_row][vc_row][vc_column][vc_column_text] [\/vc_column_text][\/vc_column][\/vc_row][vc_row full_width=&#8221;stretch_row&#8221; css=&#8221;.vc_custom_1539804160222 {padding-top: 30px !important; padding-bottom: 60px !important; background-color:#1b7f47 !important; background-position: center !important; background-repeat: no-repeat !important; background-size: Cover !important;}&#8221;][vc_column][vc_custom_heading text=&#8221;Sant Joan, the northern tranquility&#8221; font_container=&#8221;tag:H2|font_size: 40px|text_align: center|color:#FFFFFF|line_height: 48px&#8221; use_theme_fonts=&#8221;yes&#8221;][vc_custom_heading text=&#8221;A green municipality, full of spectacular beaches and coves, with a very quiet and relaxed atmosphere.&#8221; font_container=&#8221;tag:P|font_size: 24px|text_align: center|color:#ffffff&#8221; use_theme_fonts=&#8221;yes&#8221;][\/vc_column][\/vc_row][vc_row][vc_column][vc_column_text] [\/vc_column_text][\/vc_column][\/vc_row][vc_row][vc_column width=&#8221;1\/6&#8243;][vc_column_text] [\/vc_column_text][\/vc_column][vc_column width=&#8221;1\/3&#8243;][vc_single_image image=&#8221;46766&#8243; img_size=&#8221;full&#8221;][vc_column_text el_class=&#8221;.conelanteriorreducido&#8221;] <a href=\"https:\/guia-de-turismo-de-ibiza-cultural-y-natural\/guia-turismo-sant-joan-ibiza\/iglesia-de-sant-joan\/\">I. Sant Joan<\/a>[\/vc_column_text][vc_column_text]<\/p>\n<h2 style=\"text-align: center;\" >Sant Joan Church<\/h2>\n<p style=\"text-align: center;\">The Church of Sant Joan de Labritja was built in the EIGHTEENTH century. Legend Has It that it is built on the estate of Antoni Mar\u00ed, who donated to the Church his lands to build a chapel in honor of his deceased daughter in a sad accident.<\/p>\n<p>[\/vc_column_text][\/vc_column][vc_column width=&#8221;1\/3&#8243;][vc_single_image image=&#8221;46610&#8243; img_size=&#8221;full&#8221;][vc_column_text el_class=&#8221;.conelanteriorreducido&#8221;] <a href=\"https:\/guia-de-turismo-de-ibiza-cultural-y-natural\/guia-turismo-sant-joan-ibiza\/torre-de-portinatx\/\">Torre Portinatx<\/a> [\/vc_column_text][vc_column_text]<\/p>\n<h2 style=\"text-align: center;\" >Torre de Portinatx Ibiza<\/h2>\n<p style=\"text-align: center;\" >Located in the municipality of Sant Joan de Labritja, next to the well-known Cala Portinatx, we find the Torre de Portinatx, a coastal surveillance tower built in the EIGHTEENTH century.<\/p>\n<p>[\/vc_column_text][\/vc_column][vc_column width=&#8221;1\/6&#8243;][vc_column_text] [\/vc_column_text][\/vc_column][\/vc_row][vc_row][vc_column][vc_column_text] [\/vc_column_text][\/vc_column][\/vc_row][vc_row full_width=&#8221;stretch_row&#8221; css=&#8221;.vc_custom_1539804160222 {padding-top: 30px !important; padding-bottom: 60px !important; background-color:#1b7f47 !important; background-position: center !important; background-repeat: no-repeat !important; background-size: Cover !important;}&#8221;][vc_column][vc_custom_heading text=&#8221;Other locations within Sant Joan&#8221; font_container=&#8221;tag:H2|font_size: 40px|text_align: center|color:#FFFFFF|line_height: 48px&#8221; use_theme_fonts=&#8221;yes&#8221;][vc_custom_heading text=&#8221;Sant Joan is a very large municipality that houses small towns of great history within the island.&#8221; font_container=&#8221;tag:P|font_size: 24px|text_align: center|color:#ffffff&#8221; use_theme_fonts=&#8221;yes&#8221;][\/vc_column][\/vc_row][vc_row][vc_column][vc_column_text] [\/vc_column_text][\/vc_column][\/vc_row][vc_row][vc_column width=&#8221;1\/3&#8243;][vc_single_image image=&#8221;46988&#8243; img_size=&#8221;full&#8221;][vc_column_text el_class=&#8221;.conelanteriorreducido&#8221;] <a href=\"https:\/guia-de-turismo-de-ibiza-cultural-y-natural\/guia-turismo-sant-joan-ibiza\/guia-de-turismo-de-san-lorenzo-o-sant-llorenc-de-balafia\/\">Sant Lloren\u00e7<\/a> [\/vc_column_text][vc_column_text]<\/p>\n<h2 style=\"text-align: center;\" >Sant Lloren\u00e7<\/h2>\n<p style=\"text-align: center;\">Sant Lloren\u00e7 or <strong>San Lorenzo<\/strong> is a small town in the north of the island. In a very rock area, highlights its <strong>charming church<\/strong>.<\/p>\n<p>[\/vc_column_text][\/vc_column][vc_column width=&#8221;1\/3&#8243;][vc_single_image image=&#8221;47000&#8243; img_size=&#8221;full&#8221;][vc_column_text el_class=&#8221;.conelanteriorreducido&#8221;] <a href=\"https:\/guia-de-turismo-de-ibiza-cultural-y-natural\/guia-turismo-sant-joan-ibiza\/guia-de-turismo-de-san-miguel-o-sant-miquel-de-balansat\/\">Sant Miquel<\/a> [\/vc_column_text][vc_column_text]<\/p>\n<h2 style=\"text-align: center;\" >Sant Miquel<\/h2>\n<p style=\"text-align: center;\">Near the natural port that gives it its name, Sant Miquel or San Miguel was an important point of defense against the <strong>pirate attacks<\/strong>.<\/p>\n<p>[\/vc_column_text][\/vc_column][vc_column width=&#8221;1\/3&#8243;][vc_single_image image=&#8221;47012&#8243; img_size=&#8221;full&#8221;][vc_column_text el_class=&#8221;.conelanteriorreducido&#8221;] <a href=\"https:\/guia-de-turismo-de-ibiza-cultural-y-natural\/guia-turismo-sant-joan-ibiza\/guia-de-turismo-de-san-vicente-o-sant-vicent-de-sa-cala\/\">Sant Vicent<\/a> [\/vc_column_text][vc_column_text]<\/p>\n<h2 style=\"text-align: center;\" >Sant Vicent de Sa Cala<\/h2>\n<p style=\"text-align: center;\" > Lost in the mountains, <strong>San Vicente<\/strong> Or Sant Vicent, is represented by a <strong>church<\/strong> that houses a large rural area.<\/p>\n<p>[\/vc_column_text][\/vc_column][\/vc_row][vc_row][vc_column][vc_column_text] [\/vc_column_text][\/vc_column][\/vc_row][vc_row full_width=&#8221;stretch_row&#8221; css=&#8221;.vc_custom_1539928959405 {padding-top: 20px !important; padding-bottom: 20px !important; background-color:#1b7f47 !important;}&#8221;][vc_column][vc_custom_heading text=&#8221;More Places of interest in Ibiza&#8221; font_container=&#8221;tag:H2|text_align: center|color:#ffffff&#8221; use_theme_fonts=&#8221;yes&#8221;][vc_custom_heading text=&#8221;It&#8217;s best to get around Sant Joan with a rental car. Find yours at the best price&#8221; font_container=&#8221;tag:p|font_size:24px|text_align:center|color:%23ffffff&#8221; use_theme_fonts=&#8221;yes&#8221; link=&#8221;url:https%3A\/\/alquilercochesibiza.soloibiza.com|||&#8221;][vc_row_inner css=&#8221;.vc_custom_1539926670780 {margin-top: 20px !important;}&#8221;][vc_column_inner width=&#8221;1\/4&#8243;][vc_btn title=&#8221;Santa Eul\u00e0lia&#8221; style=&#8221;classic&#8221; color=&#8221;default&#8221; align=&#8221;center&#8221; link=&#8221;url:https%3A%2F%2Fen.soloibiza.com%2Fcultural-and-natural-ibiza-tourism-guide%2Fsanta-eulalias-tour-guide-in-ibiza%2F|||&#8221;][\/vc_column_inner][vc_column_inner width=&#8221;1\/4&#8243;][vc_btn title=&#8221;San Antonio&#8221; style=&#8221;classic&#8221; color=&#8221;default&#8221; align=&#8221;center&#8221; link=&#8221;url:https%3A%2F%2Fen.soloibiza.com%2Fcultural-and-natural-ibiza-tourism-guide%2Fsant-antoni-tourism-guide%2F|||&#8221;][\/vc_column_inner][vc_column_inner width=&#8221;1\/4&#8243;][vc_btn title=&#8221;San Jos\u00e9&#8221; style=&#8221;classic&#8221; color=&#8221;default&#8221; align=&#8221;center&#8221; link=&#8221;url:https%3A%2F%2Fen.soloibiza.com%2Fcultural-and-natural-ibiza-tourism-guide%2Fsant-joseps-tour-guide-in-ibiza%2F|||&#8221;][\/vc_column_inner][vc_column_inner width=&#8221;1\/4&#8243;][vc_btn title=&#8221;Ibiza&#8221; style=&#8221;classic&#8221; color=&#8221;default&#8221; align=&#8221;center&#8221; link=&#8221;url:https%3A%2F%2Fen.soloibiza.com%2Fcultural-and-natural-ibiza-tourism-guide%2Fibiza-city-tour-guide%2F|||&#8221;][\/vc_column_inner][\/vc_row_inner][\/vc_column][\/vc_row][vc_row][vc_column][vc_column_text] [\/vc_column_text][\/vc_column][\/vc_row][vc_row class=&#8221;filaplayas&#8221;][vc_column width=&#8221;1\/3&#8243;][vc_single_image image=&#8221;47564&#8243; img_size=&#8221;full&#8221;][vc_column_text el_class=&#8221;.conelanteriorreducido&#8221;] <a href=\"https:\/cala-den-serra\/\">Cala d&#8217; Serra<\/a> [\/vc_column_text][vc_column_text]<\/p>\n<h2 style=\"text-align: center;\" >Cala d&#8217;en Serra<\/h2>\n<p style=\"text-align: center;\" >A secluded cove to the north of the island, with spectacular views<\/p>\n<p>[\/vc_column_text][\/vc_column][vc_column width=&#8221;1\/3&#8243;][vc_single_image image=&#8221;47374&#8243; img_size=&#8221;full&#8221;][vc_column_text el_class=&#8221;.conelanteriorreducido&#8221;] <a href=\"https:\/cala-san-vicente\/\">Cala San Vicente<\/a> [\/vc_column_text][vc_column_text]<\/p>\n<h2 style=\"text-align: center;\" >Cala San Vicente<\/h2>\n<p style=\"text-align: center;\" >A very popular cove sheltered in a bay as extensive as beautiful<\/p>\n<p>[\/vc_column_text][\/vc_column][vc_column width=&#8221;1\/3&#8243;][vc_single_image image=&#8221;47588&#8243; img_size=&#8221;full&#8221;][vc_column_text el_class=&#8221;.conelanteriorreducido&#8221;] <a href=\"https:\/puerto-de-san-miguel\/\">Port S. Miquel<\/a> [\/vc_column_text][vc_column_text]<\/p>\n<h2 style=\"text-align: center;\" >Port de Sant Miquel<\/h2>\n<p style=\"text-align: center;\" >A tourist cove that preserves corners of a special charm<\/p>\n<p>[\/vc_column_text][\/vc_column][\/vc_row][vc_row][vc_column][vc_column_text] [\/vc_column_text][\/vc_column][\/vc_row][vc_row full_width=&#8221;stretch_row&#8221; css=&#8221;.vc_custom_1540703482345 {background-color:#1b7f47 !important;}&#8221;][vc_column][vc_column_text]<\/p>\n<p class=\"size24\" style=\"text-align: center;\"><span style=\"color:#ffffff;\">Sant Joan Tour Guide is sponsored by<\/span> <a href=\"https:\/\/disenowebibiza.soloibiza.com\/\"> <span style=\"color:#ffffff;\">page Design in Ibiza<\/span> <\/a><\/p>\n<p>[\/vc_column_text][\/vc_column][\/vc_row][vc_row][vc_column][vc_column_text] [\/vc_column_text][\/vc_column][\/vc_row][vc_row][vc_column][vc_custom_heading text=&#8221;Fiestas in Sant Joan town&#8221; use_theme_fonts=&#8221;yes&#8221;][rt_list_style]<\/p>\n<ul>\n<li>\n<div class=\"texto\" ><strong>patron Saint festivities Of Sant Joan <\/strong>June 24<\/div>\n<\/li>\n<li>\n<div class=\"texto\"><strong>Fiesta payesa Del Pou De Labritja<\/strong> July<\/div>\n<\/li>\n<\/ul>\n<p>[\/rt_list_style][\/vc_column][\/vc_row][vc_row][vc_column][vc_column_text] [\/vc_column_text][\/vc_column][\/vc_row][vc_row][vc_column][vc_custom_heading text=&#8221;Bus Lines&#8221; use_theme_fonts=&#8221;yes&#8221;][vc_column_text]<\/p>\n<div class=\"entry clearfloat\">\n<h3><b >Line 20 Eivissa-Sant Joan-Cala de Sant Vicent-Portinatx<\/b><\/h3>\n<p>Eivissa-Can Mosson-Ca na Smith-Sant Joan-Portinatx-Can Mossonet-Can Vinyes-Eivissa<\/p>\n<p style=\"text-align: left;\" align=\"right\"><a title=\"\" href=\"https:\/autobuses-de-ibiza-lineas-y-horarios\/autobus-linea-20a-ibiza-san-lorenzo-san-juan-portinatx\/\" >More Information<\/a><\/p>\n<\/div>\n<div class=\"entry clearfloat\">\n<h3><b >Line 21 Santa Eularia-Sant Joan-Portinatx<\/b><\/h3>\n<p>Santa Eularia-Sant Joan-Portinatx<\/p>\n<p style=\"text-align: left;\" align=\"right\"><a title=\"\" href=\"https:\/autobuses-de-ibiza-lineas-y-horarios\/autobus-linea-l21-santa-eulalia-san-juan-portinatx\/\" >More Information<\/a><\/p>\n<\/div>\n<div class=\"entry clearfloat\">\n<h3><b >Line 27 Sant Miquel-Sant Joan<\/b><\/h3>\n<p>Sant Miquel-Sant Joan<\/p>\n<p style=\"text-align: left;\" align=\"right\"><a title=\"\" href=\"https:\/autobuses-de-ibiza-lineas-y-horarios\/autobus-linea-33-san-mateo-ibiza\/\" >More Information<\/a><\/p>\n<\/div>\n<p>[\/vc_column_text][\/vc_column][\/vc_row][vc_row][vc_column][vc_column_text] [\/vc_column_text][\/vc_column][\/vc_row][vc_row][vc_column][vc_basic_grid post_type=&#8221;POST&#8221; max_items=&#8221;3&#8243; style=&#8221;load-more&#8221; grid_id=&#8221;vc_gid:1553110979162-1f3798db-9c19-6&#8243; taxonomies=&#8221;148&#8243;][\/vc_column][\/vc_row]<\/p>\n<\/div>","protected":false},"excerpt":{"rendered":"<p>[vc_row full_width=&#8221;stretch_row&#8221; parallax=&#8221;content-moving-fade&#8221; css=&#8221;.vc_custom_1540709476584{padding-top: 20px !important;padding-bottom: 60px !important;background-image: url(http:\/\/soloibiza.com\/wp-content\/uploads\/2018\/10\/turismo-cultural-en-Ibiza.jpg?id=43967) !important;background-position: 0 0;background-repeat: no-repeat !important;}&#8221;][vc_column][vc_custom_heading text=&#8221;Tour Guide of Sant Joan or San Juan&#8221; font_container=&#8221;tag:H1|text_align: center|color:#ffffff&#8221; use_theme_fonts=&#8221;yes&#8221;][vc_custom_heading text=&#8221;We show You Sant Joan de Balafia, a corner north of the island very quiet and of great charm&#8221; font_container=&#8221;tag:P|font_size: 24px|text_align: center|color:#ffffff&#8221; use_theme_fonts=&#8221;yes&#8221;][\/vc_column][\/vc_row][vc_row][vc_column width=&#8221;2\/3&#8243;][vc_column_text] Sant Joan De Labritja is located [&hellip;]<\/p>\n","protected":false},"author":1,"featured_media":43968,"parent":52100,"menu_order":0,"comment_status":"closed","ping_status":"closed","template":"","meta":{"_acf_changed":false,"footnotes":""},"class_list":["post-52431","page","type-page","status-publish","has-post-thumbnail","hentry"],"acf":[],"_links":{"self":[{"href":"https:\/\/soloibiza.com\/en\/wp-json\/wp\/v2\/pages\/52431","targetHints":{"allow":["GET"]}}],"collection":[{"href":"https:\/\/soloibiza.com\/en\/wp-json\/wp\/v2\/pages"}],"about":[{"href":"https:\/\/soloibiza.com\/en\/wp-json\/wp\/v2\/types\/page"}],"author":[{"embeddable":true,"href":"https:\/\/soloibiza.com\/en\/wp-json\/wp\/v2\/users\/1"}],"replies":[{"embeddable":true,"href":"https:\/\/soloibiza.com\/en\/wp-json\/wp\/v2\/comments?post=52431"}],"version-history":[{"count":0,"href":"https:\/\/soloibiza.com\/en\/wp-json\/wp\/v2\/pages\/52431\/revisions"}],"up":[{"embeddable":true,"href":"https:\/\/soloibiza.com\/en\/wp-json\/wp\/v2\/pages\/52100"}],"wp:featuredmedia":[{"embeddable":true,"href":"https:\/\/soloibiza.com\/en\/wp-json\/wp\/v2\/media\/43968"}],"wp:attachment":[{"href":"https:\/\/soloibiza.com\/en\/wp-json\/wp\/v2\/media?parent=52431"}],"curies":[{"name":"wp","href":"https:\/\/api.w.org\/{rel}","templated":true}]}}