{"id":49472,"date":"2019-02-23T09:43:23","date_gmt":"2019-02-23T08:43:23","guid":{"rendered":"https:\/?page_id=49472"},"modified":"2019-02-23T09:43:23","modified_gmt":"2019-02-23T08:43:23","slug":"bus-line-l42-es-cubells-san-jose","status":"publish","type":"page","link":"https:\/\/soloibiza.com\/en\/ibiza-buses-lines-and-schedules\/bus-line-l42-es-cubells-san-jose\/","title":{"rendered":"Bus line L42 Es Cubells San Jos\u00e9"},"content":{"rendered":"<div class=\"wpb-content-wrapper\"><p> [vc_row full_width=&#8221;stretch_row&#8221; parallax=&#8221;content-moving-fade&#8221; css=&#8221;.vc_custom_1541744452372{padding-top: 20px !important;padding-bottom: 60px !important;background-image: url(http:\/\/soloibiza.com\/wp-content\/uploads\/2018\/11\/autobuses.jpg?id=46038) !important;background-position: center;background-repeat: no-repeat;background-size: cover !important;}&#8221;] [vc_column] [vc_custom_heading Text = &#8220;Bus Es Cubells San Jos\u00e9, line 42&#8221; Font_container = &#8220;tag:H1 | text_align: center | color:#ffffff&#8221; use_theme_fonts = &#8220;yes&#8221;] [\/vc_column] [\/vc_row] [vc_row el_class = &#8220;autobus&#8221;] [vc_column width = &#8220;2\/3&#8221;] [vc_column_text] <\/p>\n<h2 >Winter Time (no service)<\/h2>\n<p> [\/vc_column_text] [vc_column_text] <\/p>\n<h2 >Summer Time (from June 1st to September 30th)<\/h2>\n<p> [\/vc_column_text] [vc_row_inner css = &#8220;.vc_custom_1541747165242 {margin-bottom: 20px! important;}&#8221;] [vc_column_inner width=&#8221;1\/2&#8243; css=&#8221;.vc_custom_1541747132513{border-top-width: 1px !important;border-right-width: 1px !important;border-bottom-width: 1px !important;border-left-width: 1px !important;border-left-color:#666666 !important; border-left-style: solid !important;border-right-color:#666666 !important;border-right-style: solid !important;border-top-color:#666666 !important;border-top-style: solid !important;border-bottom-color:#666666 !important; border-bottom-style: solid! important;} &#8220;] [vc_column_text] <\/p>\n<h3 >Es Cubells-> San Jos\u00e9<\/h3>\n<h4 style=\"text-align: center;\" >Monday to Saturday<\/h4>\n<p style=\"text-align: center;\" >10:30 13:25 18:30<\/p>\n<p> [\/vc_column_text] [\/vc_column_inner] [vc_column_inner width=&#8221;1\/2&#8243; css=&#8221;.vc_custom_1541747140633{border-top-width: 1px !important;border-right-width: 1px !important;border-bottom-width: 1px !important;border-right-color:#666666 !important;border-right-style: solid !important; border-top-color:#666666! important; border-top-style: solid! important; border-bottom-color:#666666! important; border-bottom-style: solid! important;} &#8220;] [vc_column_text] <\/p>\n<h3 >San Jos\u00e9-> Es Cubells<\/h3>\n<h4 style=\"text-align: center;\" >Monday to Saturday<\/h4>\n<p style=\"text-align: center;\" >10:00 13:10 18:10<\/p>\n<p> [\/vc_column_text] [\/vc_column_inner] [\/vc_row_inner] [vc_row_inner] [vc_column_inner] [vc_column_text] <\/p>\n<h3 >Route of the line Es Cubells-San Jos\u00e9<\/h3>\n<p> [\/vc_column_text] [\/vc_column_inner] [\/vc_row_inner] [vc_row_inner css=&#8221;.vc_custom_1541747312506{margin-bottom: 20px !important;border-top-width: 1px !important;border-right-width: 1px !important;border-bottom-width: 1px !important;border-left-width: 1px !important;border-left-color:#666666 ! important;border-left-style: solid !important;border-right-color:#666666 !important;border-right-style: solid !important;border-top-color:#666666 !important;border-top-style: solid !important;border-bottom-color:#666666 !important; border-bottom-style: solid! important;} &#8220;] [vc_column_inner width = &#8220;1\/2&#8221;] [rt_list_style] <\/p>\n<ul>\n<li >Is Cubells<\/li>\n<li >Can Mestre<\/li>\n<li >Can Roque<\/li>\n<li >Cruilla Vistaalegre<\/li>\n<li >San Jose<\/li>\n<\/ul>\n<p> [\/rt_list_style] [\/vc_column_inner] [vc_column_inner width = &#8220;1\/2&#8221; css = &#8220;.vc_custom_1541747270371 {border-left-width: 1px! important; border-left-color:#666666! important; border-left-style: solid! important;}&#8221;] [rt_list_style] <\/p>\n<ul>\n<li >San Jose<\/li>\n<li >Can Roque<\/li>\n<li >Cruilla Vistaalegre<\/li>\n<li >Can Mestre<\/li>\n<li >Is Cubells<\/li>\n<\/ul>\n<p> [\/rt_list_style] [\/vc_column_inner] [\/vc_row_inner] [vc_gmaps link=&#8221;#E-8_JTNDaWZyYW1lJTIwc3JjJTNEJTIyaHR0cHMlM0ElMkYlMkZ3d3cuZ29vZ2xlLmNvbSUyRm1hcHMlMkZlbWJlZCUzRnBiJTNEJTIxMW0xOCUyMTFtMTIlMjExbTMlMjExZDQ5Njg0LjAwOTg4Njk0MTY3NiUyMTJkMS4zMTU4ODk4MjQ1ODg1Njk1JTIxM2QzOC44OTUzODM4NzIzMTYyNCUyMTJtMyUyMTFmMCUyMTJmMCUyMTNmMCUyMTNtMiUyMTFpMTAyNCUyMTJpNzY4JTIxNGYxMy4xJTIxM20zJTIxMW0yJTIxMXMweDEyOTk0YzEzN2RmMWVhZmYlMjUzQTB4ZmRkYmI4OWZiMWZiNTE3MyUyMTJzRXMlMkJDdWJlbGxzLiUyQlRlcm1pbmFsJTIxNWUwJTIxM20yJTIxMXNlcyUyMTJzZXMlMjE0djE1NDIwMDUxMzQ0NTMlMjIlMjB3aWR0aCUzRCUyMjYwMCUyMiUyMGhlaWdodCUzRCUyMjQ1MCUyMiUyMGZyYW1lYm9yZGVyJTNEJTIyMCUyMiUyMHN0eWxlJTNEJTIyYm9yZGVyJTNBMCUyMiUyMGFsbG93ZnVsbHNjcmVlbiUzRSUzQyUyRmlmcmFtZSUzRQ==&#8221;] [vc_column_text] <\/p>\n<h2 >Other buses from the island of Ibiza<\/h2>\n<p> If you want to move with the bus service you will need to understand the different alternatives. If we gather by tourist towns these lines we will have in the center of Eivissa essential bus lines like <a href=\"https:\/autobuses-de-ibiza-lineas-y-horarios\/autobus-ibiza-hospital-can-misses-linea-h\/\">LH Eivissa Can misses<\/a>, <a href=\"https:\/autobuses-de-ibiza-lineas-y-horarios\/autobuses-linea-l10-ibiza-aeropuerto\/\">L10 Ibiza City Airport of Ibiza<\/a> or <a href=\"https:\/autobuses-de-ibiza-lineas-y-horarios\/autobus-linea-12a-ibiza-hospital-can-misses-puig-den-valls-jesus-talamanca-marina-botafoch-puerto\/\">L12A Eivissa-> Can misses Puig D&#8217;en Valls Jesus- > Talamanca-> Marina Botafoch-> Port of Eivissa-> Ibiza<\/a>. If you would like to travel to other areas, starting from Ibiza you will be able to do it on the bus <a href=\"https:\/autobuses-de-ibiza-lineas-y-horarios\/autobus-linea-3-san-antonio-san-rafael-ibiza\/\">line L3 Sant Antoni San Rafael Ibiza<\/a> or <a href=\"https:\/autobuses-de-ibiza-lineas-y-horarios\/autobuses-linea-8-sant-antoni-sant-josep-ibiza\/\">L8 san Antonio Sant Josep Ibiza<\/a> towards Sant Antoni de Portmany. If we go south we will have <a href=\"https:\/autobuses-de-ibiza-lineas-y-horarios\/autobus-linea-l25-ibiza-santa-gertrudis-san-miguel\/\">line L25 Eivissa-> Santa Gertrudis-> San Miguel<\/a> for those who want to visit some beach from Ibiza City we can head to the <a href=\"https:\/autobuses-de-ibiza-lineas-y-horarios\/autobus-linea-l12b-ibiza-puerto-marina-botafoch-puerto-ferrys-talamanca-cap-martinet-jesus\/\">L12B Ibiza-> Port of Eivissa Marina Botafoch (Puerto Ferries)-> Talamanca- > Cap Martinet Jes\u00fas<\/a>, <a href=\"https:\/autobuses-de-ibiza-lineas-y-horarios\/autobus-l13-ibiza-santa-eulalia\/\">L13 Eivissa-> Santa Eulalia del R\u00edo <\/a>, <a href=\"https:\/autobuses-de-ibiza-lineas-y-horarios\/autobus-linea-33-san-mateo-ibiza\/\">L33 San Mateo Ibiza<\/a> and <a href=\"https:\/autobuses-de-ibiza-lineas-y-horarios\/autobus-linea-l35-ibiza-can-misses-sa-carroca-san-jorge\/\">line L35 Ibiza-> Hospital Can misses Sa Roca Sant Jordi<\/a>. Buses heading to coves from the city are <a href=\"https:\/autobuses-de-ibiza-lineas-y-horarios\/autobuses-linea-l11-ibiza-sant-jordi-ses-salines\/\">L11 Ibiza city &#8211; > Sant Jordi &#8211; > Ses Salines<\/a> and <a href=\"https:\/autobuses-de-ibiza-lineas-y-horarios\/autobuses-linea-l11b-ibiza-playa-den-bossa-ses-salines\/\">L11B Ibiza city D&#8217; Bossa &#8211; > Las Salinas<\/a> or <a href=\"https:\/autobuses-de-ibiza-lineas-y-horarios\/bus-l14-eivissa-platja-den-bossa\/\">L14 Ibiza &#8211; > D&#8217; Bossa<\/a>. If you decide on the North beaches with output from Ibiza will be <a href=\"https:\/autobuses-de-ibiza-lineas-y-horarios\/autobus-linea-l15-ibiza-jesus-cala-llonga\/\">line L15 Eivissa Jesus &#8211; > Cala Llonga <\/a>, <a href=\"https:\/autobuses-de-ibiza-lineas-y-horarios\/autobus-linea-20a-ibiza-san-lorenzo-san-juan-portinatx\/\">line L20A Ibiza city &#8211; > San Lorenzo San Juan &#8211; > Portinatx<\/a>, <a href=\"https:\/autobuses-de-ibiza-lineas-y-horarios\/autobus-linea-l23-ibiza-benirras\/\">line L23 Ibiza Benirras <\/a>and <a href=\"https:\/autobuses-de-ibiza-lineas-y-horarios\/autobus-linea-l25a-ibiza-puerto-de-san-miguel\/\">L25A Ibiza &#8211; > Port de Sant Miquel<\/a> inside of the city buses that run through the town are <a href=\"https:\/autobuses-de-ibiza-lineas-y-horarios\/autobus-linea-l45-vara-de-rey-dalt-vila-can-misses-casas-baratas-cas-serres\/\">L45 Vara de Rey &#8211; > Dalt Vila Hospital Can Misses houses cheap &#8211; > Cas Serres<\/a> and <a href=\"https:\/autobuses-de-ibiza-lineas-y-horarios\/autobus-linea-l50-parking-es-dominguet-parking-es-gorg-puerto-de-ibiza-bartolome-rosello-es-raspallar-puig-den-valls-solivera\/\">line L50 parking is Dominguets &#8211; > parking It is Gorg port of Ibiza &#8211; > Bartolome Rossell\u00f3 is Raspallar Puig D&#8217; in Valls S\u00b4Olivera<\/a> <\/p>\n<h3 >San Antonio Lines<\/h3>\n<p> The connections that depart from Sant Antonio de Portmany will be directed mainly towards Eivissa and <a href=\"https:\/autobuses-de-ibiza-lineas-y-horarios\/autobuses-linea-9-san-antonio-san-jose-aeropuerto\/\">L9 San Antonio-> Sant Josep Aeropuerto<\/a>. In the direction of other locations we have <a href=\"https:\/autobuses-de-ibiza-lineas-y-horarios\/autobus-linea-19-santa-eulalia-san-antonio\/\">L19 Santa Eularia des Riu-> San Antonio<\/a>, <a href=\"https:\/autobuses-de-ibiza-lineas-y-horarios\/autobus-linea-l30-san-antonio-santa-ines-ibiza\/\">L30 Sant Antoni-> Santa In\u00e9s Ibiza<\/a> and <a href=\"https:\/autobuses-de-ibiza-lineas-y-horarios\/autobuses-linea-3-1-can-bonet-ses-paises-san-antonio-can-coix\/\">line L 3.1 can Bonet-> Ses Pa\u00efses-> San Antonio can Coix (swimming pool)<\/a>. To enjoy the surrounding beaches we can use <a href=\"https:\/autobuses-de-ibiza-lineas-y-horarios\/autobus-linea-1-san-antonio-cala-gracio-stella-maris\/\">Sant Antoni Stella Maris<\/a>, <a href=\"https:\/autobuses-de-ibiza-lineas-y-horarios\/autobus-linea-2-san-antonio-port-des-torrent\/\">line L2 Sant Antoni Port des Torrent (Hotel Occidental Ibiza)<\/a> and <a href=\"https:\/autobuses-de-ibiza-lineas-y-horarios\/autobus-linea-l34-san-antonio-cala-salada\/\">L34 Sant Antoni-> Cala salada<\/a>. If we decide on the beaches of other destinations we will be able to use buses to <a href=\"https:\/autobuses-de-ibiza-lineas-y-horarios\/autobuses-linea-l4-san-antonio-cala-de-comte\/\">line L4 Sant Antoni Cala de Comte <\/a>, <a href=\"https:\/autobuses-de-ibiza-lineas-y-horarios\/autobuses-linea-5-sant-antoni-cala-tarida\/\">line L5 Sant Antoni-> Cala T\u00e1rida<\/a> or <a href=\"https:\/autobuses-de-ibiza-lineas-y-horarios\/autobuses-linea-7-san-antonio-cala-bassa\/\">line L7 Sant Antoni Cala Bassa<\/a>. To the north we have <a href=\"https:\/autobuses-de-ibiza-lineas-y-horarios\/autobus-linea-22-san-antonio-puerto-de-san-miguel\/\">line L22 Sant Antoni Puerto de San Miguel <\/a>and <a href=\"https:\/autobuses-de-ibiza-lineas-y-horarios\/autobus-linea-l23a-san-antonio-playa-de-benirras\/\">L23A San Antonio Benirras Beach<\/a>. <\/p>\n<h3 >The lines of Santa Eulalia<\/h3>\n<p> In Santa Eularia we will have lines in direction other locations as <a href=\"https:\/autobuses-de-ibiza-lineas-y-horarios\/autobus-linea-16-santa-eulalia-san-carlos\/\">line L16 Santa Eularia des Riu San Carlos <\/a>, <a href=\"https:\/autobuses-de-ibiza-lineas-y-horarios\/autobus-l17-santa-eulalia-urbanizacion-siesta\/\">L17 Santa Eulalia del R\u00edo-> Urbanization Siesta <\/a>and <a href=\"https:\/autobuses-de-ibiza-lineas-y-horarios\/autobus-linea-l24-cala-nova-es-canar-santa-eulalia-aeropuerto\/\">L24 Cala Nova Es canar Santa Eularia Ibiza Airport<\/a>. Towards the beaches, <a href=\"https:\/autobuses-de-ibiza-lineas-y-horarios\/autobus-linea-16a-santa-eulalia-san-carlos-cala-llenya\/\">line L16A Santa Eulalia del R\u00edo-> Sant Carles de Peralta-> Cala Llenya<\/a>, <a href=\"https:\/autobuses-de-ibiza-lineas-y-horarios\/autobus-linea-16c-santa-eulalia-las-dalias-san-carlos-es-figueral-cala-san-vicente\/\">line L16C Santa Eularia las Dalias-> Sant carles Es figueral-> Cala de San Vicente <\/a>and <a href=\"https:\/autobuses-de-ibiza-lineas-y-horarios\/autobus-linea-23b-santa-eulalia-playa-de-benirras\/\">L23B Santa Eulalia-> Benirras Beach<\/a> To Sant Joan de Labritja. Also the lines to <a href=\"https:\/autobuses-de-ibiza-lineas-y-horarios\/autobus-linea-18b-santa-eulalia-sargamassa-cala-martina-es-canar-cala-nova\/\">L18B Santa Eularia des Riu S&#8217;Argamassa-> Cana Martina is Canar Cala Nova <\/a>, <a href=\"https:\/autobuses-de-ibiza-lineas-y-horarios\/autobus-linea-18a-santa-eulalia-es-canar\/\">L18A Santa Eulalia del R\u00edo Es Canar <\/a>, <a href=\"https:\/autobuses-de-ibiza-lineas-y-horarios\/autobus-linea-l21-santa-eulalia-san-juan-portinatx\/\">line L21 Santa Eularia des Riu Sant Joan de Labritja<\/a> Portinatx and <a href=\"https:\/autobuses-de-ibiza-lineas-y-horarios\/autobus-linea-l41-santa-eulalia-cala-llonga\/\">L41 Santa Eularia des Riu- > Cala Llonga<\/a>. <\/p>\n<h3 >Other lines on the island<\/h3>\n<p> Some alternatives connect animated points like <a href=\"https:\/autobuses-de-ibiza-lineas-y-horarios\/autobus-linea-l36-aeropuerto-playa-den-bossa\/\">line L36 Ibiza Airport-> Playa d&#8217;en Bossa<\/a>, <a href=\"https:\/autobuses-de-ibiza-lineas-y-horarios\/autobus-linea-37-puerto-de-san-miguel-es-canar\/\">L37 Puerto de San Miguel Es canar <\/a>or <a href=\"https:\/autobuses-de-ibiza-lineas-y-horarios\/autobus-linea-l26-san-jose-cala-vadella\/\">line L26 Sant Josep Cala Vedella<\/a>. Others link municipalities with areas on the coast such as <a href=\"https:\/autobuses-de-ibiza-lineas-y-horarios\/autobus-linea-l20b-san-juan-cala-san-vicente\/\">L20B Sant Joan-> Cala de San Vicente <\/a>, <a href=\"https:\/autobuses-de-ibiza-lineas-y-horarios\/autobus-linea-l23c-portinatx-san-juan-playa-de-benirras\/\">line L23C Portinatx Sant Joan de Labritja Playa Benirras <\/a>, <a href=\"https:\/autobuses-de-ibiza-lineas-y-horarios\/autobus-linea-l23p-benirras-playa-de-benirras\/\">l\u00ednea L23P Benirr\u00e1s (parking)-> Benirr\u00e1s beach <\/a>or L42 <a href=\"https:\/autobuses-de-ibiza-lineas-y-horarios\/autobus-linea-l42-es-cubells-san-jose\/\">line is Cubells- > San Jos\u00e9<\/a>. <\/p>\n<h3 >Night bus lines: the Disco bus<\/h3>\n<p> During the disco season you will be able to use special alternatives that will go around the busiest tourist areas. These lines are <a href=\"https:\/autobuses-de-ibiza-lineas-y-horarios\/autobus-linea-l3-disco-bus-san-antonio-privilege-amnesia-pacha-puerto-de-ibiza\/\">L3 Disco bus San Antonio Privilege-> Amnesia-> Pacha Port of Ibiza<\/a>, <a href=\"https:\/autobuses-de-ibiza-lineas-y-horarios\/autobus-linea-l3b-disco-bus-san-antonio-playa-den-bossa-ushuaia\/\">line L3B Discobus San Antonio-> Playa d&#8217;en Bossa (Ushuaia H\u00cf)<\/a>, <a href=\"https:\/autobuses-de-ibiza-lineas-y-horarios\/autobus-linea-l13-18-discobus-puerto-de-ibiza-santa-eulalia-es-canar\/\">line L13 18 Disco bus port of Ibiza Santa Eularia Es canar <\/a>and <a href=\"https:\/autobuses-de-ibiza-lineas-y-horarios\/autobus-linea-l14-discobus-pacha-puerto-de-ibiza-playa-den-bossa-ushuaia\/\">L14 Discobus Pacha Puerto de Ibiza Playa d&#8217;en Bossa-> Ushuaia H\u00cf<\/a>[\/vc_column_text] [\/vc_column] [vc_column width = &#8220;1\/3&#8221;] [vc_single_image image = &#8220;46038&#8221; img_size = &#8220;full&#8221;] [vc_column_text] <\/p>\n<h2 >Concessionaire Es Cubells San Jos\u00e9<\/h2>\n<p> Buses Voramar El Gaucho S.L. <a href=\"tel:971340382\">971 34 03 82<\/a> [\/vc_column_text] [vc_column_text] The timetable set for the <strong>line 42 is Cubells San Jos\u00e9<\/strong> are for information purposes. <a href=\"https:\/\">only Ibiza<\/a> is not responsible for any damage or injury caused by the line or the information displayed here. [\/vc_column_text] [\/vc_column] [\/vc_row] [vc_row full_width = &#8220;stretch_row&#8221; css = &#8220;.vc_custom_1541747335413 {background-color:#0000ff! important;}&#8221;] [vc_column] [vc_column_text css_animation = &#8220;FadeIn&#8221; El_class = &#8220;. Size24&#8221;] <\/p>\n<p class=\"size24\" style=\"text-align: center;\"><span style=\"color:#ffffff;\">the bus section is Cubells San Jose is sponsored by<\/span> <a href=\"https:\/\/disenowebibiza.soloibiza.com\/\"> <span style=\"color:#ffffff;\">Web Design agency Ibiza<\/span> <\/a><\/p>\n<p> [\/vc_column_text] [\/vc_column] [\/vc_row] <\/p>\n<\/div>","protected":false},"excerpt":{"rendered":"<p>[vc_row full_width=&#8221;stretch_row&#8221; parallax=&#8221;content-moving-fade&#8221; css=&#8221;.vc_custom_1541744452372{padding-top: 20px !important;padding-bottom: 60px !important;background-image: url(http:\/\/soloibiza.com\/wp-content\/uploads\/2018\/11\/autobuses.jpg?id=46038) !important;background-position: center;background-repeat: no-repeat;background-size: cover !important;}&#8221;] [vc_column] [vc_custom_heading Text = &#8220;Bus Es Cubells San Jos\u00e9, line 42&#8221; Font_container = &#8220;tag:H1 | text_align: center | color:#ffffff&#8221; use_theme_fonts = &#8220;yes&#8221;] [\/vc_column] [\/vc_row] [vc_row el_class = &#8220;autobus&#8221;] [vc_column width = &#8220;2\/3&#8221;] [vc_column_text] Winter Time (no service) [\/vc_column_text] [vc_column_text] Summer Time [&hellip;]<\/p>\n","protected":false},"author":1,"featured_media":0,"parent":49275,"menu_order":0,"comment_status":"closed","ping_status":"closed","template":"","meta":{"_acf_changed":false,"footnotes":""},"class_list":["post-49472","page","type-page","status-publish","hentry"],"acf":[],"_links":{"self":[{"href":"https:\/\/soloibiza.com\/en\/wp-json\/wp\/v2\/pages\/49472","targetHints":{"allow":["GET"]}}],"collection":[{"href":"https:\/\/soloibiza.com\/en\/wp-json\/wp\/v2\/pages"}],"about":[{"href":"https:\/\/soloibiza.com\/en\/wp-json\/wp\/v2\/types\/page"}],"author":[{"embeddable":true,"href":"https:\/\/soloibiza.com\/en\/wp-json\/wp\/v2\/users\/1"}],"replies":[{"embeddable":true,"href":"https:\/\/soloibiza.com\/en\/wp-json\/wp\/v2\/comments?post=49472"}],"version-history":[{"count":0,"href":"https:\/\/soloibiza.com\/en\/wp-json\/wp\/v2\/pages\/49472\/revisions"}],"up":[{"embeddable":true,"href":"https:\/\/soloibiza.com\/en\/wp-json\/wp\/v2\/pages\/49275"}],"wp:attachment":[{"href":"https:\/\/soloibiza.com\/en\/wp-json\/wp\/v2\/media?parent=49472"}],"curies":[{"name":"wp","href":"https:\/\/api.w.org\/{rel}","templated":true}]}}