{"id":54607,"date":"2019-05-05T13:15:57","date_gmt":"2019-05-05T11:15:57","guid":{"rendered":"https:\/quant-costa-un-taxi-a-eivissa\/"},"modified":"2019-06-29T21:50:22","modified_gmt":"2019-06-29T19:50:22","slug":"wie-viel-kostet-ein-taxi-auf-ibiza","status":"publish","type":"page","link":"https:\/\/soloibiza.com\/de\/wie-viel-kostet-ein-taxi-auf-ibiza\/","title":{"rendered":"Taxi Ibiza, wie viel es kostet, Haltestellen und Telefone"},"content":{"rendered":"<div class=\"wpb-content-wrapper\"><p>[vc_row][vc_column width=&#8221;2\/3&#8243;][vc_column_text]<\/p>\n<h2 class=\"title\">Come calcoliamo il prezzo di un taxi a Ibiza<\/h2>\n<p><img decoding=\"async\" class=\"left\" src=\"https:\/imagenes\/taxi-ibiza.jpg\" alt=\"Tarifa de taxi en Ibiza\" width=\"570px\" height=\"320px\" title=\"\"><\/p>\n<p>Wir haben die Google Maps-Technologie verwendet, um einen Taxitarif zwischen zwei Punkten auf der Insel zu berechnen. Dazu m\u00fcssen Sie das Ziel und den Ursprung der \u00dcbertragung ausw\u00e4hlen. Wir stellen Ihnen eine Liste von Orten auf der Insel zur Verf\u00fcgung, an denen Sie Ihren Standort ausw\u00e4hlen k\u00f6nnen.<\/p>\n<p>Diese Berechnungen erm\u00f6glichen es Ihnen, die von Google Maps w\u00e4hrend eines Autotransfers zwischen den beiden Punkten generierte Entfernung zu verwenden. In diesem Abstand wenden wir den f\u00fcr das Jahr 2019 geltenden Satz an, da wir die gleiche Konsistenz haben.<\/p>\n<p>Wir empfehlen Ihnen, zu pr\u00fcfen, ob Ihre Reise zu Ihrer Unterkunft g\u00fcnstiger sein kann, indem Sie einen Mietwagen auf Ibiza mieten. Dazu haben Sie Zugriff auf die Hotelkarte und die Liste der beiden Werte.<\/p>\n<p>Der daraus resultierende Kurs ist weder offiziell noch ein Grund zur Beanstandung. Denken Sie daran, dass die Entfernung der Route in Abh\u00e4ngigkeit vom Verkehr oder anderen Werten ge\u00e4ndert werden kann.<\/p>\n<p>Die daraus resultierende Quote ist weder offiziell noch reklamationsf\u00e4hig. Denken Sie daran, dass die Entfernung der Route basierend auf dem Verkehr oder anderen Werten ge\u00e4ndert werden kann.[\/vc_column_text][\/vc_column][vc_column width=&#8221;1\/3&#8243;][vc_column_text]<\/p>\n<h2 class=\"title\">Telefoni di taxi e fermate di taxi<\/h2>\n<ul>\n<li>Radio Taxi Ibiza: <a href=\"tel:+34971398483\">971 39 84 83<\/a><\/li>\n<li>Radio Taxi San Jos\u00e9: <a href=\"tel:+34971398340\">971 39 83 40<\/a><\/li>\n<li>Radio Taxi San Antonio: <a href=\"tel:+34971343764\">971 34 37 64<\/a><\/li>\n<li>Radio Taxi Santa Eulalia: <a href=\"tel:+34971333033\">971 33 30 33<\/a><\/li>\n<li>Parada Taxis San Juan: <a href=\"tel:+34971333033\">971 33 30 33<\/a><\/li>\n<li>Parada Taxis Santa. Eulalia: <a href=\"tel:+34971330063\">971 33 00 63<\/a><\/li>\n<li>Parada Taxis San Antonio: <a href=\"tel:+34971340074\">971 34 00 74<\/a><\/li>\n<li>Parada Taxis Aeropuerto: <a href=\"tel:+34971395481\">971 39 54 81<\/a><\/li>\n<\/ul>\n<p>[\/vc_column_text][\/vc_column][\/vc_row][vc_row][vc_column][vc_column_text]<\/p>\n<h2 class=\"title\">Tax Rate Calculator<\/h2>\n<div class=\"entry clearfloat\">\n<div>\n<h3>Punto di uscita<\/h3>\n<p><input id=\"salida\" disabled=\"disabled\" name=\"salida\" type=\"text\" \/><input id=\"s0\" type=\"hidden\" \/><input id=\"sx\" type=\"hidden\" \/><input id=\"sy\" type=\"hidden\" \/><\/p>\n<h3>Punto di arrivo<\/h3>\n<h3><input id=\"llegada\" disabled=\"disabled\" name=\"llegada\" type=\"text\" \/><input id=\"calculotarifa\" class=\"submitbutton\" name=\"envio\" type=\"button\" value=\"Calcular tarifa\" \/><\/h3>\n<\/div>\n<div>\n<h3>Seleziona l&#8217;origine e la destinazione<\/h3>\n<pre id=\"tw-target-text\" class=\"tw-data-text tw-ta tw-text-small\" dir=\"ltr\" data-placeholder=\"Traducci\u00f3n\" data-fulltext=\"\">Segna S come punto iniziale e L come punto finale, segna S come punto iniziale e L come punto finale<\/pre>\n<\/div>\n<div class=\"entry clearfloat\">\n<p id=\"tw-target-text\" class=\"tw-data-text tw-ta tw-text-small\" dir=\"ltr\" data-placeholder=\"Traducci\u00f3n\"><span lang=\"it\" tabindex=\"0\">* Calcolo effettivo dei viaggi in macchina secondo Google Maps. Orario di lavoro dalle 7h alle 21h dal luned\u00ec al venerd\u00ec. Sabato fino alle 15h. Orario notturno dalle 21:00 alle 19:00 Sabato dalle 15:00, domenica e giorni festivi.<\/span><\/p>\n<\/div>\n<\/div>\n<p>[\/vc_column_text][vc_raw_js]JTNDc2NyaXB0JTIwdHlwZSUzRCUyN3RleHQlMkZqYXZhc2NyaXB0JTI3JTIwc3JjJTNEJTI3JTJGanMlMkZqc3BsYXlhcyUyRiUyNyUzRSUzQyUyRnNjcmlwdCUzRSUzQ3NjcmlwdCUyMHR5cGUlM0QlMjJ0ZXh0JTJGamF2YXNjcmlwdCUyMiUyMHNyYyUzRCUyMmh0dHAlM0ElMkYlMkZ3d3cuZ29vZ2xlLmNvbSUyRmpzYXBpJTNGa2V5JTNEQUJRSUFBQUFyR3lWR2JQZGwzWUZCTHRIUnB1VE9CUjJsZ1c0MHBaVXR2Mnp3bndDdUJkRVlnQWJ5eFJFaXo1TFNRVXFQNF85Q1lXdXhpcUJ5ckVpU0ElMjIlM0UlM0MlMkZzY3JpcHQlM0UlMjAlM0NzY3JpcHQlMjB0eXBlJTNEJTIydGV4dCUyRmphdmFzY3JpcHQlMjIlM0UlMDklMDlnb29nbGUubG9hZCUyOCUyMm1hcHMlMjIlMkMlMjAlMjIyLnglMjIlMjklM0IlMDklMDklM0MlMkZzY3JpcHQlM0UlM0NzY3JpcHQlMjB0eXBlJTNEJTI3dGV4dCUyRmphdmFzY3JpcHQlMjclMjBzcmMlM0QlMjclMkZwb2ludC5qcyUyNyUzRSUzQyUyRnNjcmlwdCUzRSUwQSUzQ3NjcmlwdCUyMHR5cGUlM0QlMjJ0ZXh0JTJGamF2YXNjcmlwdCUyMiUzRSUyNCUyOCUyMCUyMiUyM2NhbGN1bG90YXJpZmElMjIlMjAlMjkuY2xpY2slMjhmdW5jdGlvbiUyOCUyOSUyMCU3QiUwQSUyMGJ1c2NhdGFyaWZhJTI4JTI5JTBBJTdEJTI5JTNCJTNDJTJGc2NyaXB0JTNFJTBBJTNDc3R5bGUlM0UlMEElNDBtZWRpYSUyMHNjcmVlbiUyMGFuZCUyMCUyOG1heC13aWR0aCUzQSUyMDYwMHB4JTI5JTIwJTdCJTBBJTIwJTIwdGFibGUlMjB0aGVhZCUyMCU3QiUwQSUyMCUyMCUyMCUyMGJvcmRlciUzQSUyMG5vbmUlM0IlMEElMjAlMjAlMjAlMjBjbGlwJTNBJTIwcmVjdCUyODAlMjAwJTIwMCUyMDAlMjklM0IlMEElMjAlMjAlMjAlMjBoZWlnaHQlM0ElMjAxcHglM0IlMEElMjAlMjAlMjAlMjBtYXJnaW4lM0ElMjAtMXB4JTNCJTBBJTIwJTIwJTIwJTIwb3ZlcmZsb3clM0ElMjBoaWRkZW4lM0IlMEElMjAlMjAlMjAlMjBwYWRkaW5nJTNBJTIwMCUzQiUwQSUyMCUyMCUyMCUyMHBvc2l0aW9uJTNBJTIwYWJzb2x1dGUlM0IlMEElMjAlMjAlMjAlMjB3aWR0aCUzQSUyMDFweCUzQiUwQSUyMCUyMCU3RCUwQSUyMCUyMCUwQSUyMCUyMHRhYmxlJTIwdHIlMjAlN0IlMEElMjAlMjAlMjAlMjBib3JkZXItYm90dG9tJTNBJTIwM3B4JTIwc29saWQlMjAlMjNkZGQlM0IlMEElMjAlMjAlMjAlMjBkaXNwbGF5JTNBJTIwYmxvY2slM0IlMEElMjAlMjAlN0QlMEElMjAlMjAlMEElMjAlMjB0YWJsZSUyMHRkJTIwJTdCJTBBJTIwJTIwJTIwJTIwYm9yZGVyLWJvdHRvbSUzQSUyMDFweCUyMHNvbGlkJTIwJTIzZGRkJTNCJTBBJTIwJTIwJTIwJTIwZGlzcGxheSUzQSUyMGJsb2NrJTNCJTBBJTIwJTIwJTIwJTIwdGV4dC1hbGlnbiUzQSUyMHJpZ2h0JTNCJTBBJTIwJTIwJTdEJTBBJTIwJTIwJTBBJTIwJTIwdGFibGUlMjB0ZCUzQSUzQWJlZm9yZSUyMCU3QiUwQSUyMCUyMCUyMCUyMGNvbnRlbnQlM0ElMjBhdHRyJTI4ZGF0YS1sYWJlbCUyOSUzQiUwQSUyMCUyMCUyMCUyMGZsb2F0JTNBJTIwbGVmdCUzQiUwQSUyMCUyMCU3RCUwQSU3RCUwQSUwQWlucHV0JTVCbmFtZSUzRCUyMlMlMjIlNUQlMjAlN0IlMEElMjAlMjAlMjAlMjB3aWR0aCUzQSUyMDEwMCUyNSUzQiUwQSUyMCUyMCUyMCUyMGJhY2tncm91bmQlM0ElMjAlMjNjMDAlM0IlMEElMjAlMjAlMjAlMjBjb2xvciUzQSUyMCUyM2ZmZiUzQmZvbnQtd2VpZ2h0JTNBNTAwJTBBJTdEaW5wdXQlNUJuYW1lJTNEJTIyTCUyMiU1RCUyMCU3QiUwQSUyMCUyMCUyMCUyMHdpZHRoJTNBJTIwMTAwJTI1JTNCJTBBJTIwJTIwJTIwJTIwYmFja2dyb3VuZCUzQSUyMCUyMzBjMCUzQiUwQSUyMCUyMCUyMCUyMGNvbG9yJTNBJTIwJTIzZmZmJTNCZm9udC13ZWlnaHQlM0E1MDAlMEElN0QlM0MlMkZzdHlsZSUzRQ==[\/vc_raw_js][\/vc_column][\/vc_row]<\/p>\n<\/div>","protected":false},"excerpt":{"rendered":"<p>[vc_row][vc_column width=&#8221;2\/3&#8243;][vc_column_text] Come calcoliamo il prezzo di un taxi a Ibiza Wir haben die Google Maps-Technologie verwendet, um einen Taxitarif zwischen zwei Punkten auf der Insel zu berechnen. Dazu m\u00fcssen Sie das Ziel und den Ursprung der \u00dcbertragung ausw\u00e4hlen. Wir stellen Ihnen eine Liste von Orten auf der Insel zur Verf\u00fcgung, an denen Sie Ihren [&hellip;]<\/p>\n","protected":false},"author":1,"featured_media":0,"parent":0,"menu_order":0,"comment_status":"closed","ping_status":"closed","template":"","meta":{"_acf_changed":false,"footnotes":""},"class_list":["post-54607","page","type-page","status-publish","hentry"],"acf":[],"_links":{"self":[{"href":"https:\/\/soloibiza.com\/de\/wp-json\/wp\/v2\/pages\/54607","targetHints":{"allow":["GET"]}}],"collection":[{"href":"https:\/\/soloibiza.com\/de\/wp-json\/wp\/v2\/pages"}],"about":[{"href":"https:\/\/soloibiza.com\/de\/wp-json\/wp\/v2\/types\/page"}],"author":[{"embeddable":true,"href":"https:\/\/soloibiza.com\/de\/wp-json\/wp\/v2\/users\/1"}],"replies":[{"embeddable":true,"href":"https:\/\/soloibiza.com\/de\/wp-json\/wp\/v2\/comments?post=54607"}],"version-history":[{"count":0,"href":"https:\/\/soloibiza.com\/de\/wp-json\/wp\/v2\/pages\/54607\/revisions"}],"wp:attachment":[{"href":"https:\/\/soloibiza.com\/de\/wp-json\/wp\/v2\/media?parent=54607"}],"curies":[{"name":"wp","href":"https:\/\/api.w.org\/{rel}","templated":true}]}}