{"id":53103,"date":"2019-03-20T07:23:57","date_gmt":"2019-03-20T06:23:57","guid":{"rendered":"https:\/?page_id=53103"},"modified":"2019-03-20T20:44:02","modified_gmt":"2019-03-20T19:44:02","slug":"kirche-jesu","status":"publish","type":"page","link":"https:\/\/soloibiza.com\/de\/kultureller-und-natuerlicher-ibiza-tourismusfuehrer\/santa-eulalia-es-tour-guide-auf-ibiza\/jesus-tourismus-guide\/kirche-jesu\/","title":{"rendered":"Kirche Jesu"},"content":{"rendered":"<div class=\"wpb-content-wrapper\"><p> [vc_row full_width = &#8220;Stretch_row&#8221; parallax = &#8220;Content-Moving-fade&#8221; css = &#8220;.vc_custom_1545555051290 {padding-top: 20px !important; padding-bottom: 60px !important; Background-image: url(http:\/\/soloibiza.com\/wp-content\/uploads\/2018\/12\/Iglesia-de-Jesus.jpg?id=46718) !important;}&#8221;] [vc_column] [vc_custom_heading text = &#8220;Kirche Jesu. Anfahrt &#8221; font_container =&#8221;tag:H1|text_align: center|color:#ffffff&#8221; use_theme_fonts =&#8221;yes&#8221;] [vc_custom_heading text =&#8221; Die Kirche Jesu ist ein sehr beliebter Ort unter religi\u00f6sen Feiern &#8221; font_container =&#8221;tag:P|font_size: 24px|text_align: center|color:#ffff &#8221; use_theme_fonts =&#8221;yes&#8221;] [\/vc_column] [\/vc_row] [vc_row] [vc_column width =&#8221;1\/3&#8243;] [vc_column_text] <\/p>\n<div class=\"entry clearfloat\">\n<div class=\"texto\"> Die Ankunft in diesem Tempel ist ganz einfach. Wir nehmen die Stra\u00dfe, die von Ibiza nach Santa Eularia f\u00fchrt, und ein paar Kilometer finden wir den Umweg zu Jesus. Sobald wir die kleine Stadt erreichen, finden wir sie nach rechts, nach einem Portikus, der einer Fu\u00dfg\u00e4ngerzone mit Zugang zur Kirche und zum Park Platz macht. <\/div><\/div>\n<p> [\/vc_column_text] [\/vc_column] [vc_column width = &#8220;2\/3&#8221;] [vc_single_image image= &#8220;46718&#8221; img_size = &#8220;full&#8221;] [\/vc_column] [\/vc_row] [vc_row] [vc_column] [vc_column_text] <\/p>\n<h2 class=\"title\" >Ein St\u00fcck Geschichte von Ibiza<\/h2>\n<div class=\"entry clearfloat\">\n<div class=\"texto\"> Die <strong>Kirche Jesu ist<\/strong> eines der \u00e4ltesten architektonischen Elemente auf der Insel, und die meisten Ver\u00e4nderungen haben im Laufe der Geschichte gelitten. Seine Urspr\u00fcnge reichen bis ins 15. Jahrhundert zur\u00fcck, in einem scheinbar seelischen Gebetsort, bis er von den Franziskanerm\u00f6nchen besetzt wurde. Die M\u00f6nche zogen in die Klosterkirche und wurden zur Kapelle. Seine urspr\u00fcngliche Konstruktion, aus einem einzigen Kirchenschiff, entspricht den typischen Verteidigungsstrukturen der Insel. Diese urspr\u00fcngliche Struktur, die in den Kirchen der Insel kaum erhalten ist, \u00e4nderte sich im Laufe der Zeit, und die neuen Notwendigkeiten gaben dem Haus des Rektors, des SEVENTEENTH-Jahrhunderts und des Hauses des Vikars einen Ursprung, ein Jahrhundert sp\u00e4ter, zeitgleich mit seiner Erkl\u00e4rung als Pfarrei. Die typische Veranda ist viel j\u00fcnger, sp\u00e4t NINETEENTH oder fr\u00fche TWENTIETH. Wenn die historische Bedeutung gro\u00df ist, wird sie nicht hinter ihrem kulturellen Beitrag zur\u00fcckgelassen, da darin Werke wie das Altarbild der Kirche, des XVI. Jahrhunderts, das Bild der Jungfrau von Mallorquinisch Antonio Saura (XVI Jahrhundert) freigelegt sind. <\/div><\/div>\n<p> [\/vc_column_text] [\/vc_column] [\/vc_row] [vc_row] [vc_column] [vc_gmaps link=&#8221;#E-8_JTNDaWZyYW1lJTIwc3JjJTNEJTIyaHR0cHMlM0ElMkYlMkZ3d3cuZ29vZ2xlLmNvbSUyRm1hcHMlMkZlbWJlZCUzRnBiJTNEJTIxMW0xOCUyMTFtMTIlMjExbTMlMjExZDQ0MDAuOTM2ODc2NzQ0NTY4NSUyMTJkMS40NDc0NzUxMTU4NjI4OTk4JTIxM2QzOC45MzEwMzkxNTI1NjQ1OSUyMTJtMyUyMTFmMCUyMTJmMCUyMTNmMCUyMTNtMiUyMTFpMTAyNCUyMTJpNzY4JTIxNGYxMy4xJTIxM20zJTIxMW0yJTIxMXMweDEyOTk0MTRjYWU3ZmJlNzElMjUzQTB4YjhjNWY1M2M1OGNlMjhlZSUyMTJzSWdsZXNpYSUyQmRlJTJCSmVzJTI1QzMlMjVCQXMlMjE1ZTElMjEzbTIlMjExc2VzJTIxMnNlcyUyMTR2MTU0NTU1MzU4Mjg3NSUyMiUyMHdpZHRoJTNEJTIyNjAwJTIyJTIwaGVpZ2h0JTNEJTIyNDUwJTIyJTIwZnJhbWVib3JkZXIlM0QlMjIwJTIyJTIwc3R5bGUlM0QlMjJib3JkZXIlM0EwJTIyJTIwYWxsb3dmdWxsc2NyZWVuJTNFJTNDJTJGaWZyYW1lJTNF&#8221;] [\/vc_column] [\/vc_row] [vc_row full_width =&#8221; Stretch_row &#8220;css =&#8221;.vc_custom_1539804160222 30px !important; padding-bottom: 60px !important; Background-color:#1b7f47 !important; background-position: center !important; background-repeat: no-repeat !important; background-size: Cover !important;} &#8220;] [vc_column] [vc_custom_heading text = &#8220;Andere Orte in der Umgebung von die Kirche von Jesus zu entdecken&#8221; font_container = &#8220;Tag: h2|Font_size:40px|Text_align:center|color: Porciento 23ffffff|Line_height:48px&#8221; Use_theme_fonts = &#8220;yes&#8221; ] [vc_custom_heading text = &#8220;Die Gemeinde Jesu ist der perfekte Ort, von dem Sie Orte von kulturellem Interesse zugreifen k\u00f6nnen&#8221; font_container = &#8220;Tag: p|Font_size:24px|Text_align:center|color: Porciento 23ffffff&#8221; Use_theme_fonts = &#8220;yes&#8221;] [\/vc_column] [\/vc_row] [vc_row] [vc_column  width= &#8220;1\/3&#8221;] [vc_single_image image= &#8220;46844&#8221; Img_size = &#8220;full&#8221; Onclick = &#8220;Custom_link&#8221; Link = &#8220;https:\/guia-de-turismo-de-ibiza-cultural-y-natural\/guia-turismo-santa-eulalia-ibiza\/guia-de-turismo-de-puig-den-valls\/molino-de-puig-den-valls\/&#8221;] [vc_column_text] <\/p>\n<h2 style=\"text-align: center;\" >Molino de Puig d &#8216; en Valls Auf 1618 Metern<\/h2>\n<p style=\"text-align: center;\" >Puig d &#8216; en Valls ist der Name, der einen H\u00fcgel in der N\u00e4he der Stadt Ibiza erh\u00e4lt, und auf seinem Gipfel k\u00f6nnen wir seine M\u00fchle sehen.<\/p>\n<p> [\/vc_column_text] [\/vc_column] [vc_column width = &#8220;1\/3&#8221;] [vc_single_image image= &#8220;46814&#8221; img_size = &#8220;full&#8221; onclick = &#8220;custom_link&#8221; link = &#8220;https:\/guia-de-turismo-de-ibiza-cultural-y-natural\/guia-de-turismo-de-la-ciudad-de-ibiza\/iglesia-del-convento\/&#8221;] [vc_column_text] <\/p>\n<h2 style=\"text-align: center;\" >Klosterkirche 3 km entfernt<\/h2>\n<p style=\"text-align: center;\" >Auf dem von der Universitat d &#8216; Eivissa gestifteten Grundst\u00fcck ist die Kirche des Klosters von Santo Domingo errichtet.<\/p>\n<p> [\/vc_column_text] [\/vc_column] [vc_column width = &#8220;1\/3&#8221;] [vc_single_image image= &#8220;46868&#8221; img_size = &#8220;full&#8221; onclick = &#8220;custom_link&#8221; link = &#8220;https:\/guia-de-turismo-de-ibiza-cultural-y-natural\/guia-de-turismo-de-la-ciudad-de-ibiza\/museo-de-arte-contemporaneo-ibiza\/&#8221;] [vc_column_text] <\/p>\n<h2 style=\"text-align: center;\" >Ibiza Contemporary Art Museum<\/h2>\n<p style=\"text-align: center;\" >Das Ibiza Museum f\u00fcr zeitgen\u00f6ssische Kunst, MACE, befindet sich in der Gegend von Dalt Vila und befindet sich in der N\u00e4he des Waffenraumes.<\/p>\n<p> [\/vc_column_text] [\/vc_column] [\/vc_row] [vc_row full_width = &#8220;Stretch_row&#8221; css = &#8220;.vc_custom_1539804160222 {padding-top: 30px !important; padding-bottom: 60px !important; Background-color:#1b7f47 !important; Background-Position: center !important; background-repeat: no-repeat; background-size: Cover !important;} &#8220;] [vc_column] [vc_custom_heading text = &#8220;Weitere Orte zu entdecken in der Umgebung der Kirche von Jesus&#8221; font_container = &#8220;tag:h2|font_size:40px|text_align:center|color:%23ffffff|line_height:48px&#8221; use_theme_fonts = &#8220;yes&#8221;] [\/vc_column] [\/vc_row] [vc_row] [vc_column width = &#8220;1\/3&#8221;] [vc_single_image image= &#8220;46856&#8221; img_size = &#8220;full&#8221; onclick = &#8220;custom_link&#8221; link = &#8220;https:\/guia-de-turismo-de-ibiza-cultural-y-natural\/guia-de-turismo-de-la-ciudad-de-ibiza\/&#8221;] [vc_column_text] <\/p>\n<h2 style=\"text-align: center;\" >Ibiza<\/h2>\n<p style=\"text-align: center;\" >Der Tourismus auf Ibiza kam aus der Hand der Sonne, der Party und des Strandes.<\/p>\n<p> [\/vc_column_text] [\/vc_column] [vc_column width = &#8220;1\/3&#8221;] [vc_single_image image= &#8220;46940&#8221; img_size = &#8220;full&#8221; onclick = &#8220;custom_link&#8221; link = &#8220;https:\/guia-de-turismo-de-ibiza-cultural-y-natural\/guia-turismo-santa-eulalia-ibiza\/guia-de-turismo-de-puig-den-valls\/&#8221;] [vc_column_text] <\/p>\n<h2 style=\"text-align: center;\" >Puig den Valls<\/h2>\n<p style=\"text-align: center;\" >Puig d &#8216; en Valls befindet sich im s\u00fcdlichen Ende der Gemeinde Santa Eularia, an der Grenze zur Gemeinde Ibiza.<\/p>\n<p> [\/vc_column_text] [\/vc_column] [vc_column width = &#8220;1\/3&#8221;] [vc_single_image image= &#8220;46826&#8221; img_size = &#8220;full&#8221; onclick = &#8220;custom_link&#8221; link = &#8220;https:\/guia-de-turismo-de-ibiza-cultural-y-natural\/guia-turismo-santa-eulalia-ibiza\/guia-de-turismo-de-jesus\/&#8221;] [vc_column_text] <\/p>\n<h2 style=\"text-align: center;\" >Jesus<\/h2>\n<p style=\"text-align: center;\" >Jesus ist eine der Pfarreien der Gemeinde Santa Eul\u00e1ria, die an die Stadt Ibiza grenzt.<\/p>\n<p> [\/vc_column_text] [\/vc_column] [\/vc_row] [vc_row full_width = &#8220;Stretch_row&#8221; css = &#8220;.vc_custom_1540877850287 {background-color:Rgba(255,153,0,0.6) !important; * background-color:RGB(255,153,0) !important;}&#8221;] [vc_column] [vc_custom_heading text = &#8220;Str\u00e4nde in der N\u00e4he der Kirche Jesu&#8221; Font_Container = &#8220;Tag: H2|text_align: center|color:#ffff&#8221; use_theme_fonts = &#8220;yes&#8221; el_id = &#8220;Str\u00e4nde von Ibiza City&#8221;] [vc_column_text] <\/p>\n<p style=\"text-align: center;\"><span style=\"color:#ffffff; font-size: 18px;\">Neben der Plaza de la Catedral k\u00f6nnen wir die Aussicht auf die <a style=\"color:#ffffff; font-size: 18px;\" href=\"https:\/playas-de-ibiza-ciudad-o-eivissa\/\">Str\u00e4nde der Stadt Ibiza genie\u00dfen<\/a> ..<\/span><\/p>\n<p> [\/vc_column_text] [\/vc_column] [\/vc_row] [vc_row el_id = &#8220;Figueretas&#8221;] [vc_column width = &#8220;1\/3&#8221; El_class = &#8220;Filaplayas&#8221; el_id = &#8220;Playa d &#8216; en Bossa&#8221;] [vc_single_image image= &#8220;47620&#8221; img_size = &#8220;full&#8221;] [vc_column_text El_class = &#8220;.conelanteriorreducido&#8221;] <a href=\"https:\/sestanyol\/\">S &#8216; Estanyol<\/a> [\/vc_column_text] [vc_column_text] <\/p>\n<p style=\"text-align: center;\" >Zur Gemeinde Santa Eulalia geh\u00f6rt der Strand von S &#8216; Estanyol, etwa acht Kilometer von Ibiza und etwa vierzehn Kilometer von der Pfarrei Santa Eularia entfernt.<\/p>\n<p> [\/vc_column_text] [\/vc_column] [vc_column width = &#8220;1\/3&#8221; El_class = &#8220;Filaplayas&#8221; el_id = &#8220;Talamanca&#8221;] [vc_single_image image= &#8220;47470&#8221; img_size = &#8220;full&#8221;] [vc_column_text El_class = &#8220;.conelanteriorreducido&#8221;] <a href=\"https:\/figueretas\/\">Figueretas<\/a> [\/vc_column_text] [vc_column_text] <\/p>\n<p style=\"text-align: center;\" >Der Strand von Ses Figueretes, oder Playa de Figueretas befindet sich im st\u00e4dtischen Kern von Ibiza.<\/p>\n<p> [\/vc_column_text] [\/vc_column] [vc_column width = &#8220;1\/3&#8221; El_class = &#8220;Filaplayas&#8221;] [vc_single_image image= &#8220;47515&#8221; img_size = &#8220;full&#8221;] [vc_column_text El_class = &#8220;.conelanteriorreducido&#8221;] <a href=\"https:\/talamanca\/\">Talamanca<\/a> [\/vc_column_text] [vc_column_text] <\/p>\n<p style=\"text-align: center;\" >Einer der besten Stadtstr\u00e4nde, die wir genie\u00dfen k\u00f6nnen, befindet sich am Strand von Talamanca.<\/p>\n<p> [\/vc_column_text] [\/vc_column] [\/vc_row] <\/p>\n<\/div>","protected":false},"excerpt":{"rendered":"<p>[vc_row full_width = &#8220;Stretch_row&#8221; parallax = &#8220;Content-Moving-fade&#8221; css = &#8220;.vc_custom_1545555051290 {padding-top: 20px !important; padding-bottom: 60px !important; Background-image: url(http:\/\/soloibiza.com\/wp-content\/uploads\/2018\/12\/Iglesia-de-Jesus.jpg?id=46718) !important;}&#8221;] [vc_column] [vc_custom_heading text = &#8220;Kirche Jesu. Anfahrt &#8221; font_container =&#8221;tag:H1|text_align: center|color:#ffffff&#8221; use_theme_fonts =&#8221;yes&#8221;] [vc_custom_heading text =&#8221; Die Kirche Jesu ist ein sehr beliebter Ort unter religi\u00f6sen Feiern &#8221; font_container =&#8221;tag:P|font_size: 24px|text_align: center|color:#ffff &#8221; use_theme_fonts =&#8221;yes&#8221;] [\/vc_column] [&hellip;]<\/p>\n","protected":false},"author":1,"featured_media":0,"parent":53006,"menu_order":0,"comment_status":"closed","ping_status":"closed","template":"","meta":{"_acf_changed":false,"footnotes":""},"class_list":["post-53103","page","type-page","status-publish","hentry"],"acf":[],"_links":{"self":[{"href":"https:\/\/soloibiza.com\/de\/wp-json\/wp\/v2\/pages\/53103","targetHints":{"allow":["GET"]}}],"collection":[{"href":"https:\/\/soloibiza.com\/de\/wp-json\/wp\/v2\/pages"}],"about":[{"href":"https:\/\/soloibiza.com\/de\/wp-json\/wp\/v2\/types\/page"}],"author":[{"embeddable":true,"href":"https:\/\/soloibiza.com\/de\/wp-json\/wp\/v2\/users\/1"}],"replies":[{"embeddable":true,"href":"https:\/\/soloibiza.com\/de\/wp-json\/wp\/v2\/comments?post=53103"}],"version-history":[{"count":0,"href":"https:\/\/soloibiza.com\/de\/wp-json\/wp\/v2\/pages\/53103\/revisions"}],"up":[{"embeddable":true,"href":"https:\/\/soloibiza.com\/de\/wp-json\/wp\/v2\/pages\/53006"}],"wp:attachment":[{"href":"https:\/\/soloibiza.com\/de\/wp-json\/wp\/v2\/media?parent=53103"}],"curies":[{"name":"wp","href":"https:\/\/api.w.org\/{rel}","templated":true}]}}