{"id":53000,"date":"2019-03-20T06:34:19","date_gmt":"2019-03-20T05:34:19","guid":{"rendered":"https:\/?page_id=53000"},"modified":"2019-03-22T19:53:35","modified_gmt":"2019-03-22T18:53:35","slug":"sant-jordi-de-ses-salines-tourism-guide","status":"publish","type":"page","link":"https:\/\/soloibiza.com\/de\/kultureller-und-natuerlicher-ibiza-tourismusfuehrer\/sant-josep-es-tour-guide-in-ibiza\/sant-jordi-de-ses-salines-tourism-guide\/","title":{"rendered":"Sant Jordi de Ses Salines Tourism Guide"},"content":{"rendered":"<div class=\"wpb-content-wrapper\"><p>[vc_row full_width=&#8221;Stretch_row&#8221; parallax=&#8221;Content-Moving-fade&#8221; css=&#8221;.vc_custom_1545157668992 {padding-top: 20px !important; padding-bottom: 60px !important; Background-image: url(http:\/\/soloibiza.com\/wp-content\/uploads\/2018\/12\/San-Jordi.jpg?id=46976) !important;}&#8221;][vc_column][vc_custom_heading text=&#8221;Sant Jordi Tourism Guide&#8221; font_container=&#8221;tag:h1|text_align: center|color:#ffffff&#8221; use_theme_fonts=&#8221;yes&#8221;][vc_custom_heading text=&#8221;Sant Jordi ist die n\u00e4chstgelegene Stadt des Flughafens Ibiza, und ein Ort voller Charme&#8221; font_container=&#8221;Tag: P|font_size: 24px|text_align: center|color:#ffff&#8221; use_theme_fonts=&#8221;yes&#8221;][\/vc_column][\/vc_row][vc_row][vc_column width=&#8221;1\/3&#8243;][vc_column_text]<\/p>\n<div class=\"entry clearfloat\">\n<div class=\"texto\">  <strong>Sant Jordi De Ses Salines<\/strong> ist eine der industrialisiertesten Pfarreien der Insel. Seit Jahrhunderten ist es klar, seine Beziehung zwischen dem Salz und Ibiza als Ort der Passage. Im letzten Jahrhundert hat der Bau des Flughafens seine Lage verst\u00e4rkt und seine Umgebung, insbesondere die Stra\u00dfe, die sie kommuniziert, in hundert Industriegeb\u00e4ude umgewandelt.<\/div>\n<\/div>\n<p>[\/vc_column_text][\/vc_column][vc_column width=&#8221;2\/3&#8243;][vc_single_image image=&#8221;46976&#8243; img_size=&#8221;full&#8221;][\/vc_column][\/vc_row][vc_row][vc_column][vc_column_text] [\/vc_column_text][\/vc_column][\/vc_row][vc_row][vc_column][vc_column_text]<\/p>\n<h2 class=\"title\" >Ruhiges Dorf<\/h2>\n<div class=\"entry clearfloat\">\n<div class=\"texto\"> Die Ortsmitte bleibt aber fast ungest\u00f6rt, mit der Kirche als Bezugspunkt und H\u00e4usern mit nur zwei Stockwerken. Die Passage der neuen Route des Flughafens au\u00dferhalb des st\u00e4dtischen Kerns hat es erm\u00f6glicht, die Ruhe f\u00fcr seine Menschen wiederzuerlangen, au\u00dfer an Samstagen, wo die Anwesenheit des Marktes im Hippodrom der Ortschaft zur\u00fcck nach Alborotar seine Stra\u00dfen.<\/div>\n<\/div>\n<p>[\/vc_column_text][\/vc_column][\/vc_row][vc_row][vc_column][vc_column_text] [\/vc_column_text][\/vc_column][\/vc_row][vc_row full_width=&#8221;Stretch_row&#8221; css=&#8221;.vc_custom_1539804160222 {padding-top: 30px !important; padding-bottom: 60px !important; Background-color:#1b7f47 !important; Background-Position: center !important; background-repeat: no-repeat; background-size: Cover !important;}&#8221;][vc_column][vc_custom_heading text=&#8221;Places of Interinterest in Sant Jordi&#8221; font_container=&#8221;tag:h2|font_size:40px|text_align:center|color:%23ffffff|line_height:48px&#8221; use_theme_fonts=&#8221;yes&#8221;][vc_custom_heading text=&#8221;Unter den herausragendsten Orten dieser Lokalit\u00e4t finden wir seine sch\u00f6ne Kirche&#8221; font_container=&#8221;tag:P|font_size: 24px|text_align: center|color:#ffff&#8221; use_theme_fonts=&#8221;yes&#8221;][\/vc_column][\/vc_row][vc_row][vc_column][vc_column_text] [\/vc_column_text][\/vc_column][\/vc_row][vc_row][vc_column width=&#8221;1\/6&#8243;][vc_column_text] [\/vc_column_text][\/vc_column][vc_column width=&#8221;1\/3&#8243;][vc_single_image image=&#8221;46712&#8243; img_size=&#8221;full&#8221; onclick=&#8221;custom_link&#8221; link=&#8221;https:\/guia-de-turismo-de-ibiza-cultural-y-natural\/guia-turismo-sant-josep-ibiza\/guia-de-turismo-de-sant-jordi-de-ses-salines\/pou-roig\/&#8221;][vc_column_text]<\/p>\n<h2 style=\"text-align: center;\" >Pou Roig<\/h2>\n<p style=\"text-align: center;\">Auf halbem Weg zwischen Sant Jordi und Ibiza finden Sie Pou Roig. Es ist kurios, dass Pou Roig, obwohl es sich an der Playa d &#8216; en Bossa befindet und in den kulturellen Katalogen der offiziellen Organismen auftaucht, keinerlei Hinweise hat.<\/p>\n<p>[\/vc_column_text][\/vc_column][vc_column width=&#8221;1\/3&#8243;][vc_single_image image=&#8221;47082&#8243; img_size=&#8221;full&#8221; onclick=&#8221;custom_link&#8221; link=&#8221;https:\/guia-de-turismo-de-ibiza-cultural-y-natural\/guia-turismo-sant-josep-ibiza\/guia-de-turismo-de-sant-jordi-de-ses-salines\/iglesia-de-sant-jordi\/&#8221;][vc_column_text]<\/p>\n<h2 style=\"text-align: center;\" >Kirche Sant Jordi<\/h2>\n<p style=\"text-align: center;\">Die Kirche von Sant Jordi liegt im Herzen des Stadtzentrums von Sant Jordi. Um die Kirche zu erreichen, m\u00fcssen wir die Stra\u00dfe nehmen, die den Ort durchquert, und das war einmal ein Ort der Passage in Richtung Flughafen.<\/p>\n<p>[\/vc_column_text][\/vc_column][vc_column width=&#8221;1\/6&#8243;][vc_column_text] [\/vc_column_text][\/vc_column][\/vc_row][vc_row][vc_column][vc_column_text] [\/vc_column_text][\/vc_column][\/vc_row][vc_row][vc_column][vc_gmaps link=&#8221;#E-8_JTNDaWZyYW1lJTIwc3JjJTNEJTIyaHR0cHMlM0ElMkYlMkZ3d3cuZ29vZ2xlLmNvbSUyRm1hcHMlMkZlbWJlZCUzRnBiJTNEJTIxMW0xOCUyMTFtMTIlMjExbTMlMjExZDMxMDUuMzg4ODE5NDAwOTA2NCUyMTJkMS4zOTM5NDQyMTU4NjIyMjMlMjEzZDM4Ljg5MjIyMzAwNDg1MzE1JTIxMm0zJTIxMWYwJTIxMmYwJTIxM2YwJTIxM20yJTIxMWkxMDI0JTIxMmk3NjglMjE0ZjEzLjElMjEzbTMlMjExbTIlMjExczB4MTI5OTQ1ZDcwOGNjNmU4MSUyNTNBMHhlMWUzNTM2OWQxNGY2ZDMwJTIxMnMwNzgxNyUyQlNhbiUyQkpvcmdlJTJCZGUlMkJzZXMlMkJTYWxpbmVzJTI1MkMlMkJJc2xhcyUyQkJhbGVhcmVzJTIxNWUwJTIxM20yJTIxMXNlcyUyMTJzZXMlMjE0djE1NDUxNTY1Mzc2NjklMjIlMjB3aWR0aCUzRCUyMjYwMCUyMiUyMGhlaWdodCUzRCUyMjQ1MCUyMiUyMGZyYW1lYm9yZGVyJTNEJTIyMCUyMiUyMHN0eWxlJTNEJTIyYm9yZGVyJTNBMCUyMiUyMGFsbG93ZnVsbHNjcmVlbiUzRSUzQyUyRmlmcmFtZSUzRQ==&#8221;][\/vc_column][\/vc_row][vc_row][vc_column][vc_column_text] [\/vc_column_text][\/vc_column][\/vc_row][vc_row][vc_column][vc_custom_heading text=&#8221;Locations in der N\u00e4he von Sant Jordi&#8221; font_container=&#8221;Tag: H2|font_size: 40px|text_align: center|color:#FFFF|line_height: 48px&#8221; use_theme_fonts=&#8221;yes&#8221;][\/vc_column][\/vc_row][vc_row][vc_column][vc_column_text] [\/vc_column_text][\/vc_column][\/vc_row][vc_row][vc_column width=&#8221;1\/6&#8243;][vc_column_text] [\/vc_column_text][\/vc_column][vc_column width=&#8221;1\/3&#8243;][vc_single_image image=&#8221;46970&#8243; img_size=&#8221;full&#8221; onclick=&#8221;Custom_link&#8221;][vc_column_text]<\/p>\n<h2 style=\"text-align: center;\" >Sant Francesc 3 Km<\/h2>\n<p style=\"text-align: center;\" >Sant Francesc de s &#8216; Estany ist eine kleine Stadt am Ausgang von Sant Jordi de Ses Salines und obligatorischer Ort, um f\u00fcr den Strand von Ses Salines und Es Cavalleria zu passieren.<\/p>\n<p>[\/vc_column_text][\/vc_column][vc_column width=&#8221;1\/3&#8243;][vc_single_image image=&#8221;46670&#8243; img_size=&#8221;full&#8221; onclick=&#8221;custom_link&#8221; link=&#8221;https:\/guia-de-turismo-de-ibiza-cultural-y-natural\/guia-de-turismo-de-la-ciudad-de-ibiza\/&#8221;][vc_column_text]<\/p>\n<h2 style=\"text-align: center;\" >Ibiza auf 4 km<\/h2>\n<p style=\"text-align: center;\" >Der Tourismus auf Ibiza kam aus der Hand der Sonne, der Party und des Strandes.<\/p>\n<p>[\/vc_column_text][\/vc_column][vc_column width=&#8221;1\/6&#8243;][vc_column_text] [\/vc_column_text][\/vc_column][\/vc_row][vc_row][vc_column][vc_column_text] [\/vc_column_text][\/vc_column][\/vc_row][vc_row full_width=&#8221;Stretch_row&#8221; css=&#8221;.vc_custom_1539928959405 {padding-top: 20px !important; padding-bottom: 20px !important; Background-color:#1b7f47 !important;}&#8221;][vc_column][vc_custom_heading text=&#8221;Mehr Sehensw\u00fcrdigkeiten&#8221; font_container=&#8221;Tag: H2|text_align: center|color:#ffffff&#8221; use_theme_fonts=&#8221;yes&#8221;][vc_custom_heading text=&#8221;Wenn Sie einen Mietwagen haben besuchen Sie diese anderen St\u00e4dten mit touristischen Attraktionen&#8221; font_container=&#8221;Tag: p|Font_size:24px|Text_align:center|color:%23ffffff&#8221; use_theme_fonts=&#8221;yes&#8221; link=&#8221;url:https%3A\/\/alquilercochesibiza.soloibiza.com&#8221;][vc_row_inner css=&#8221;.vc_custom_1539926670780 {Margin-Top: 20px !important;}&#8221;][vc_column_inner width=&#8221;1\/4&#8243;][vc_btn title=&#8221;Santa Eul\u00e0lia&#8221; style=&#8221;classic&#8221; color=&#8221;default&#8221; link=&#8221;url:https%3A%2F%2Fde.soloibiza.com%2Fkultureller-und-natuerlicher-ibiza-tourismusfuehrer%2Fsanta-eulalia-es-tour-guide-auf-ibiza%2F|||&#8221;][\/vc_column_inner][vc_column_inner width=&#8221;1\/4&#8243;][vc_btn title=&#8221;San Antonio&#8221; style=&#8221;classic&#8221; color=&#8221;default&#8221; link=&#8221;url:https%3A%2F%2Fde.soloibiza.com%2Fkultureller-und-natuerlicher-ibiza-tourismusfuehrer%2Ftourismusfuehrer-sant-antoni%2F|||&#8221;][\/vc_column_inner][vc_column_inner width=&#8221;1\/4&#8243;][vc_btn title=&#8221;San Jos\u00e9&#8221; style=&#8221;classic&#8221; color=&#8221;default&#8221; link=&#8221;url:https%3A%2F%2Fde.soloibiza.com%2Fkultureller-und-natuerlicher-ibiza-tourismusfuehrer%2Fsant-josep-es-tour-guide-in-ibiza%2F|||&#8221;][\/vc_column_inner][vc_column_inner width=&#8221;1\/4&#8243;][vc_btn title=&#8221;San Juan&#8221; style=&#8221;classic&#8221; color=&#8221;default&#8221; align=&#8221;center&#8221; link=&#8221;url:https%3A%2F%2Fde.soloibiza.com%2Fkultureller-und-natuerlicher-ibiza-tourismusfuehrer%2Fsant-joan-tour-guide-auf-ibiza%2F|||&#8221;][\/vc_column_inner][\/vc_row_inner][\/vc_column][\/vc_row][vc_row][vc_column][vc_column_text] [\/vc_column_text][\/vc_column][\/vc_row][vc_row][vc_column width=&#8221;1\/3&#8243;][vc_single_image image=&#8221;47608&#8243; img_size=&#8221;full&#8221;][vc_column_text el_class=&#8221;.conelanteriorreducido&#8221;] <a href=\"https:\/playa-den-bossa\/\">S. d&#8217; Bossa<\/a>[\/vc_column_text][vc_column_text]<\/p>\n<h2 style=\"text-align: center;\" >Playa d &#8216; en Bossa auf 1427 Metern<\/h2>\n<p style=\"text-align: center;\" >\u00dcber Playa d &#8216; en Bossa zu sprechen, hei\u00dft, \u00fcber einen der bekanntesten Orte auf der Insel Ibiza zu sprechen.<\/p>\n<p>[\/vc_column_text][\/vc_column][vc_column width=&#8221;1\/3&#8243;][vc_single_image image=&#8221;47472&#8243; img_size=&#8221;full&#8221;][vc_column_text el_class=&#8221;.conelanteriorreducido&#8221;] <a href=\"https:\/figueretas\/\">Figueretas<\/a> [\/vc_column_text][vc_column_text]<\/p>\n<h2 style=\"text-align: center;\" >Figueretas Strand 3 km entfernt<\/h2>\n<p style=\"text-align: center;\" >Der Strand von Ses Figueretes, oder Playa de Figueretas befindet sich im st\u00e4dtischen Kern von Ibiza.<\/p>\n<p>[\/vc_column_text][\/vc_column][vc_column width=&#8221;1\/3&#8243;][vc_single_image image=&#8221;47424&#8243; img_size=&#8221;full&#8221;][vc_column_text el_class=&#8221;.conelanteriorreducido&#8221;] <a href=\"https:\/es-cavallet\/\">Es Cavalleria<\/a> [\/vc_column_text][vc_column_text]<\/p>\n<h2 style=\"text-align: center;\" >Es Cavalleria 5 km<\/h2>\n<p style=\"text-align: center;\" >Der Strand von Es Cavalleria ist von den Bewohnern der Insel wie ein FKK-Strand bekannt, der eine besondere Vorliebe zwischen dem Schwulenkollektiv hat.<\/p>\n<p>[\/vc_column_text][\/vc_column][\/vc_row][vc_row][vc_column][vc_column_text] [\/vc_column_text][\/vc_column][\/vc_row][vc_row full_width=&#8221;Stretch_row&#8221; css=&#8221;.vc_custom_1539804160222 {padding-top: 30px !important; padding-bottom: 60px !important; Background-color:#1b7f47 !important; Background-Position: center !important; background-repeat: no-repeat; background-size: Cover !important;}&#8221;][vc_column][vc_custom_heading text=&#8221;Fiestas de Sant Jordi&#8221; font_container=&#8221;tag:H2|font_size: 40px|text_align: center|color:#FFFF|line_height: 48px&#8221; use_theme_fonts=&#8221;yes&#8221;][\/vc_column][\/vc_row][vc_row][vc_column][vc_column_text] [\/vc_column_text][\/vc_column][\/vc_row][vc_row][vc_column][vc_column_text]<\/p>\n<div class=\"texto\">\n<div class=\"texto\"><strong >Schutzpatron der Feste von Sant Jordi de ses Salines<\/strong><\/div>\n<div >23. April<\/div>\n<\/div>\n<div class=\"texto\"><strong >Festa PageA des Pou d &#8216; en Benet<\/strong><\/div>\n<div >25. Juli<\/div>\n<\/div>\n<p>[\/vc_column_text][\/vc_column][\/vc_row][vc_row][vc_column][vc_column_text] [\/vc_column_text][\/vc_column][\/vc_row][vc_row full_width=&#8221;Stretch_row&#8221; css=&#8221;.vc_custom_1539804160222 {padding-top: 30px !important; padding-bottom: 60px !important; Background-color:#1b7f47 !important; Background-Position: center !important; background-repeat: no-repeat; background-size: Cover !important;}&#8221;][vc_column][vc_custom_heading text=&#8221;Buses to Sant Jordi&#8221; font_container=&#8221;Tag: H2|font_size: 40px|text_align: center|color:#FFFF|line_height: 48px&#8221; use_theme_fonts=&#8221;yes&#8221;][\/vc_column][\/vc_row][vc_row][vc_column][vc_column_text] [\/vc_column_text][\/vc_column][\/vc_row][vc_row][vc_column][vc_column_text]<\/p>\n<div class=\"texto\">  <b>Eivissa-Sant Jordi-Airport <a href=\"https:\/autobuses-de-ibiza-lineas-y-horarios\/autobuses-linea-l10-ibiza-aeropuerto\/\">Linie 10<\/a> <\/b> <strong>Eivissa-Sant Josep Cala Vedella <a href=\"https:\/autobuses-de-ibiza-lineas-y-horarios\/autobus-linea-l26-san-jose-cala-vadella\/\">Linie 26<\/a> <\/strong> <strong>Eivissa-Can misses-Sa Roca-Sant Jordi-Linie <a href=\"https:\/autobuses-de-ibiza-lineas-y-horarios\/autobus-linea-l35-ibiza-can-misses-sa-carroca-san-jorge\/\">35<\/a> <\/strong><\/div>\n<p>[\/vc_column_text][\/vc_column][\/vc_row]<\/p>\n<\/div>","protected":false},"excerpt":{"rendered":"<p>[vc_row full_width=&#8221;Stretch_row&#8221; parallax=&#8221;Content-Moving-fade&#8221; css=&#8221;.vc_custom_1545157668992 {padding-top: 20px !important; padding-bottom: 60px !important; Background-image: url(http:\/\/soloibiza.com\/wp-content\/uploads\/2018\/12\/San-Jordi.jpg?id=46976) !important;}&#8221;][vc_column][vc_custom_heading text=&#8221;Sant Jordi Tourism Guide&#8221; font_container=&#8221;tag:h1|text_align: center|color:#ffffff&#8221; use_theme_fonts=&#8221;yes&#8221;][vc_custom_heading text=&#8221;Sant Jordi ist die n\u00e4chstgelegene Stadt des Flughafens Ibiza, und ein Ort voller Charme&#8221; font_container=&#8221;Tag: P|font_size: 24px|text_align: center|color:#ffff&#8221; use_theme_fonts=&#8221;yes&#8221;][\/vc_column][\/vc_row][vc_row][vc_column width=&#8221;1\/3&#8243;][vc_column_text] Sant Jordi De Ses Salines ist eine der industrialisiertesten Pfarreien der Insel. Seit Jahrhunderten ist [&hellip;]<\/p>\n","protected":false},"author":1,"featured_media":0,"parent":52883,"menu_order":0,"comment_status":"closed","ping_status":"closed","template":"","meta":{"_acf_changed":false,"footnotes":""},"class_list":["post-53000","page","type-page","status-publish","hentry"],"acf":[],"_links":{"self":[{"href":"https:\/\/soloibiza.com\/de\/wp-json\/wp\/v2\/pages\/53000","targetHints":{"allow":["GET"]}}],"collection":[{"href":"https:\/\/soloibiza.com\/de\/wp-json\/wp\/v2\/pages"}],"about":[{"href":"https:\/\/soloibiza.com\/de\/wp-json\/wp\/v2\/types\/page"}],"author":[{"embeddable":true,"href":"https:\/\/soloibiza.com\/de\/wp-json\/wp\/v2\/users\/1"}],"replies":[{"embeddable":true,"href":"https:\/\/soloibiza.com\/de\/wp-json\/wp\/v2\/comments?post=53000"}],"version-history":[{"count":0,"href":"https:\/\/soloibiza.com\/de\/wp-json\/wp\/v2\/pages\/53000\/revisions"}],"up":[{"embeddable":true,"href":"https:\/\/soloibiza.com\/de\/wp-json\/wp\/v2\/pages\/52883"}],"wp:attachment":[{"href":"https:\/\/soloibiza.com\/de\/wp-json\/wp\/v2\/media?parent=53000"}],"curies":[{"name":"wp","href":"https:\/\/api.w.org\/{rel}","templated":true}]}}