{"id":52988,"date":"2019-03-20T06:27:15","date_gmt":"2019-03-20T05:27:15","guid":{"rendered":"https:\/?page_id=52988"},"modified":"2019-03-20T14:32:24","modified_gmt":"2019-03-20T13:32:24","slug":"kirche-san-rafael-sant-rafel","status":"publish","type":"page","link":"https:\/\/soloibiza.com\/de\/kultureller-und-natuerlicher-ibiza-tourismusfuehrer\/tourismusfuehrer-sant-antoni\/der-tourismusfuehrer-von-sant-rafel-de-sa-creu\/kirche-san-rafael-sant-rafel\/","title":{"rendered":"Kirche San Rafael-Sant Rafel"},"content":{"rendered":"<div class=\"wpb-content-wrapper\"><p>[vc_row full_width=&#8221;Stretch_row&#8221; parallax=&#8221;Content-Moving-fade&#8221; css=&#8221;.vc_custom_1544952305071 {padding-top: 20px !important; padding-bottom: 60px !important; Background-image: url(http:\/\/soloibiza.com\/wp-content\/uploads\/2018\/12\/Iglesia-de-San-Rafael.jpg?id=46540) !important;}&#8221;][vc_column][vc_custom_heading text=&#8221;Kirche von San Rafael. Road Guard&#8221; font_container=&#8221;Tag: H1|text_align: center|color:#ffffff&#8221; use_theme_fonts=&#8221;yes&#8221;][vc_custom_heading text=&#8221;Eine sch\u00f6ne Kirche mit spektakul\u00e4ren Ausblicken&#8221; font_container=&#8221;Tag: P|font_size: 24px|text_align: center|color:%23ffffff&#8221; use_theme_fonts=&#8221;yes&#8221;][\/vc_column][\/vc_row][vc_row][vc_column width=&#8221;1\/3&#8243;][vc_column_text]<\/p>\n<div class=\"entry clearfloat\">\n<div class=\"texto\">Die<strong> Kirche von San Rafael befindet <\/strong>sich im Zentrum der Stadt und biegt beim Betreten der Hauptstra\u00dfe des Dorfes nach rechts ab. Im Jahre 1786 begann er auf Anordnung von Bischof Abt I. La Sierra zu bauen, und im Rahmen seines Plans, den Kirchen so viele Gemeindemitglieder wie m\u00f6glich zur Verf\u00fcgung zu stellen, dauerte es elf Jahre, bis sie vollendet waren, da der Beginn der Arbeiten mit dem Geld der Gl\u00e4ubigen selbst finanziert wurde.<\/div>\n<h2 class=\"title\" >Eine adtypische Kirche<\/h2>\n<div class=\"entry clearfloat\">\n<div class=\"texto\"> Vielleicht ist das<strong> die atypischste der Kirchen der Insel,<\/strong>denn trotz einer quadratischen Anlage mit Kapellen an ihren Seiten wirkt der Eindruck von au\u00dfen wie ein kleinerer quadratischer Boden mit zus\u00e4tzlichen Zusatzstoffen. In der Addition ist das Cover mit einem arabisch aussehenden Turm gekr\u00f6nt, sehr ungew\u00f6hnlich. Es hat auch zwei Veranda aus dem 19. Jahrhundert.<\/div>\n<\/div>\n<\/div>\n<\/div>\n<p>[\/vc_column_text][\/vc_column][vc_column width=&#8221;2\/3&#8243;][vc_single_image image=&#8221;46790&#8243; img_size=&#8221;full&#8221;][\/vc_column][\/vc_row][vc_row][vc_column][vc_column_text]<\/p>\n<p class=\"title\">Die Kirche von San Rafael wurde w\u00e4hrend des B\u00fcrgerkriegs hart bestraft und \u00fcberlebte einige Werke im Inneren kaum. Die Flammen zerst\u00f6rten das Altarbild und die Bilder, die nun durch modernere Werke ersetzt wurden.<\/p>\n<p>[\/vc_column_text][\/vc_column][\/vc_row][vc_row][vc_column][vc_column_text] [\/vc_column_text][\/vc_column][\/vc_row][vc_row][vc_column][vc_gmaps link=&#8221;#E-8_JTNDaWZyYW1lJTIwc3JjJTNEJTIyaHR0cHMlM0ElMkYlMkZ3d3cuZ29vZ2xlLmNvbSUyRm1hcHMlMkZlbWJlZCUzRnBiJTNEJTIxMW0xNCUyMTFtOCUyMTFtMyUyMTFkMTI0MDkuNjE0ODUyMjg3NDYlMjEyZDEuNDAxNzM3MyUyMTNkMzguOTYwNDQ4NyUyMTNtMiUyMTFpMTAyNCUyMTJpNzY4JTIxNGYxMy4xJTIxM20zJTIxMW0yJTIxMXMweDAlMjUzQTB4NjJlNjQ5MWZjMjQ4NGYxOCUyMTJzSWdsZXNpYSUyQlNhbnQlMkJSYWZlbCUyMTVlMCUyMTNtMiUyMTFzZXMlMjEyc2VzJTIxNHYxNTQ0OTQ5ODM0MzE4JTIyJTIwd2lkdGglM0QlMjI2MDAlMjIlMjBoZWlnaHQlM0QlMjI0NTAlMjIlMjBmcmFtZWJvcmRlciUzRCUyMjAlMjIlMjBzdHlsZSUzRCUyMmJvcmRlciUzQTAlMjIlMjBhbGxvd2Z1bGxzY3JlZW4lM0UlM0MlMkZpZnJhbWUlM0U=&#8221;][\/vc_column][\/vc_row][vc_row][vc_column][vc_column_text] [\/vc_column_text][\/vc_column][\/vc_row][vc_row][vc_column][vc_custom_heading text=&#8221;Weitere touristische Attraktionen in der N\u00e4he der Kirche Sant Rafel&#8221; font_container=&#8221;tag:h2|font_size:40px|text_align:center|color:%23ffffff|line_height:48px&#8221; use_theme_fonts=&#8221;yes&#8221;][vc_custom_heading text=&#8221;Wir k\u00f6nnen unseren Besuch in Medina Yabisa nutzen, um andere Orte von kulturellem Interesse zu entdecken&#8221; font_container=&#8221;Tag: P|font_size: 24px|text_align: center|color:#ffff&#8221; use_theme_fonts=&#8221;yes&#8221;][\/vc_column][\/vc_row][vc_row][vc_column][vc_column_text] [\/vc_column_text][\/vc_column][\/vc_row][vc_row][vc_column width=&#8221;1\/3&#8243;][vc_single_image image=&#8221;46802&#8243; img_size=&#8221;full&#8221; onclick=&#8221;Custom_link&#8221;][vc_column_text]<\/p>\n<h2 style=\"text-align: center;\" >Kirche Santa Gertrudis<\/h2>\n<p style=\"text-align: center;\" >Santa Gertrudis liegt im Herzen der Insel Ibiza.<\/p>\n<p>[\/vc_column_text][\/vc_column][vc_column width=&#8221;1\/3&#8243;][vc_single_image image=&#8221;46916&#8243; img_size=&#8221;full&#8221; onclick=&#8221;custom_link&#8221; link=&#8221;https:\/guia-de-turismo-de-ibiza-cultural-y-natural\/guia-de-turismo-de-sant-antoni\/guia-de-turismo-de-sant-rafel-de-sa-creu\/iglesia-de-san-rafael-sant-rafel\/pou-de-forada\/&#8221;][vc_column_text]<\/p>\n<h2 style=\"text-align: center;\" >Pou de Forat<\/h2>\n<p style=\"text-align: center;\" >Pou de Forat, oder Pozo de Forat, befindet sich in einem strategischen Punkt der Region.<\/p>\n<p>[\/vc_column_text][\/vc_column][vc_column width=&#8221;1\/3&#8243;][vc_single_image image=&#8221;46844&#8243; img_size=&#8221;full&#8221; onclick=&#8221;custom_link&#8221; link=&#8221;https:\/guia-de-turismo-de-ibiza-cultural-y-natural\/guia-turismo-santa-eulalia-ibiza\/guia-de-turismo-de-puig-den-valls\/molino-de-puig-den-valls\/&#8221;][vc_column_text]<\/p>\n<h2 style=\"text-align: center;\" >Molino de Puig d &#8216; en Valls<\/h2>\n<p style=\"text-align: center;\" >Puig d &#8216; en Valls ist der Name, der einen H\u00fcgel in der N\u00e4he der Stadt Ibiza erh\u00e4lt, und auf seinem Gipfel k\u00f6nnen wir seine M\u00fchle sehen.<\/p>\n<p>[\/vc_column_text][\/vc_column][\/vc_row][vc_row][vc_column][vc_column_text] [\/vc_column_text][\/vc_column][\/vc_row][vc_row full_width=&#8221;Stretch_row&#8221; css=&#8221;.vc_custom_1539804160222 {padding-top: 30px !important; padding-bottom: 60px !important; Background-color:#1b7f47 !important; Background-Position: center !important; background-repeat: no-repeat; background-size: Cover !important;}&#8221;][vc_column][vc_custom_heading text=&#8221;Localities Near the Church of Sant Rafel&#8221; font_container=&#8221;tag:h2|font_size:40px|text_align:center|color:%23ffffff|line_height:48px&#8221; use_theme_font=&#8221;yes&#8221;][\/vc_column][\/vc_row][vc_row][vc_column][vc_column_text] [\/vc_column_text][\/vc_column][\/vc_row][vc_row][vc_column width=&#8221;1\/3&#8243;][vc_single_image image=&#8221;47006&#8243; img_size=&#8221;full&#8221; onclick=&#8221;custom_link&#8221; link=&#8221;https:\/guia-de-turismo-de-ibiza-cultural-y-natural\/guia-de-turismo-de-sant-antoni\/guia-de-turismo-de-sant-rafel-de-sa-creu\/&#8221;][vc_column_text]<\/p>\n<h2 style=\"text-align: center;\" >Sant Rafel de sa Creu auf 400 Metern<\/h2>\n<p style=\"text-align: center;\" >Sant Rafael de sa Creu ist eine Bev\u00f6lkerung, die, die noch zur Gemeinde Sant Antoni geh\u00f6rt, eine enge Beziehung zu Ibiza hat, von dem es nur wenige Kilometer entfernt ist.<\/p>\n<p>[\/vc_column_text][\/vc_column][vc_column width=&#8221;1\/3&#8243;][vc_single_image image=&#8221;46586&#8243; img_size=&#8221;full&#8221; onclick=&#8221;custom_link&#8221; link=&#8221;https:\/guia-de-turismo-de-ibiza-cultural-y-natural\/guia-turismo-santa-eulalia-ibiza\/guia-de-turismo-de-santa-gertrudis-de-fruitera\/&#8221;][vc_column_text]<\/p>\n<h2 style=\"text-align: center;\" >Santa Gertrudis 5 Km. Aprox.<\/h2>\n<p style=\"text-align: center;\" >Santa Gertrudis de Fruita ist ein kleines Dorf im Herzen von Ibiza.<\/p>\n<p>[\/vc_column_text][\/vc_column][vc_column width=&#8221;1\/3&#8243;][vc_single_image image=&#8221;46940&#8243; img_size=&#8221;full&#8221; onclick=&#8221;custom_link&#8221; link=&#8221;https:\/guia-de-turismo-de-ibiza-cultural-y-natural\/guia-turismo-santa-eulalia-ibiza\/guia-de-turismo-de-jesus\/&#8221;][vc_column_text]<\/p>\n<h2 style=\"text-align: center;\" >Puig den Valls 5 Km. aprox.<\/h2>\n<p style=\"text-align: center;\" >Puig d &#8216; en Valls befindet sich im s\u00fcdlichen Ende der Gemeinde Santa Eularia, an der Grenze zur Gemeinde Ibiza.<\/p>\n<p>[\/vc_column_text][\/vc_column][\/vc_row][vc_row][vc_column][vc_column_text] [\/vc_column_text][\/vc_column][\/vc_row][vc_row full_width=&#8221;Stretch_row&#8221; css=&#8221;.vc_custom_1540877850287 {background-color:Rgba(255,153,0,0.6) !important; * background-color:RGB(255,153,0) !important;}&#8221;][vc_column][vc_custom_heading text=&#8221;Str\u00e4nde in der N\u00e4he der Kirche von San Rafael&#8221; font_container=&#8221;Tag: H2|text_align: center|color:#ffff&#8221; use_theme_fonts=&#8221;yes&#8221; el_id=&#8221;Str\u00e4nde von Ibiza City&#8221;][vc_column_text]<\/p>\n<p style=\"text-align: center;\"><span style=\"color:#ffffff; font-size: 18px;\">Von der Kirche San Rafel Wir k\u00f6nnen zu den <a style=\"color:#ffffff; font-size: 18px;\" href=\"https:\/playas-de-ibiza-ciudad-o-eivissa\/\">Str\u00e4nden der Stadt von Ibiza zu<\/a> bewegen.<\/span><\/p>\n<p>[\/vc_column_text][\/vc_column][\/vc_row][vc_row][vc_column][vc_column_text] [\/vc_column_text][\/vc_column][\/vc_row][vc_row el_id=&#8221;Figueretas&#8221;][vc_column width=&#8221;1\/3&#8243; el_class=&#8221;Filaplayas&#8221; el_id=&#8221;Playa d &#8216; en Bossa&#8221;][vc_single_image image=&#8221;47362&#8243; img_size=&#8221;full&#8221;][vc_column_text el_class=&#8221;.conelanteriorreducido&#8221;] <a href=\"https:\/cala-salada\/\">SaltEd Creek<\/a> [\/vc_column_text][vc_column_text] Es gibt Orte auf dieser Insel, die nicht aufh\u00f6ren, auch diejenigen zu \u00fcberraschen, die Ibiza seit Jahren genie\u00dfen. [\/vc_column_text][\/vc_column][vc_column width=&#8221;1\/3&#8243; el_class=&#8221;Filaplayas&#8221; el_id=&#8221;Talamanca&#8221;][vc_single_image image=&#8221;47308&#8243; img_size=&#8221;full&#8221;][vc_column_text el_class=&#8221;.conelanteriorreducido&#8221;] <a href=\"https:\/cala-gracioneta\/\">Cala Gracioneta<\/a> [\/vc_column_text][vc_column_text]<\/p>\n<p style=\"text-align: center;\" >Der Strand von Cala Graci\u00f3neta geh\u00f6rt zur Gemeinde Sant Antoni und liegt fast im Kernbad.<\/p>\n<p>[\/vc_column_text][\/vc_column][vc_column width=&#8221;1\/3&#8243; el_class=&#8221;Filaplayas&#8221;][vc_single_image image=&#8221;47302&#8243; img_size=&#8221;full&#8221;][vc_column_text el_class=&#8221;.conelanteriorreducido&#8221;] <a href=\"https:\/cala-gracio\/\">Cala Gracio<\/a> [\/vc_column_text][vc_column_text]<\/p>\n<p style=\"text-align: center;\" >Der Zugang nach Cala Graci\u00f3 kann zu Fu\u00df oder im Fahrzeug, f\u00fcr die wir den Kreisverkehr im h\u00f6chsten Teil des st\u00e4dtischen Zentrums, zu dem wir nach den Hinweisen auf das Zentrum der Gesundheit zu finden.<\/p>\n<p>[\/vc_column_text][\/vc_column][\/vc_row]<\/p>\n<\/div>","protected":false},"excerpt":{"rendered":"<p>[vc_row full_width=&#8221;Stretch_row&#8221; parallax=&#8221;Content-Moving-fade&#8221; css=&#8221;.vc_custom_1544952305071 {padding-top: 20px !important; padding-bottom: 60px !important; Background-image: url(http:\/\/soloibiza.com\/wp-content\/uploads\/2018\/12\/Iglesia-de-San-Rafael.jpg?id=46540) !important;}&#8221;][vc_column][vc_custom_heading text=&#8221;Kirche von San Rafael. Road Guard&#8221; font_container=&#8221;Tag: H1|text_align: center|color:#ffffff&#8221; use_theme_fonts=&#8221;yes&#8221;][vc_custom_heading text=&#8221;Eine sch\u00f6ne Kirche mit spektakul\u00e4ren Ausblicken&#8221; font_container=&#8221;Tag: P|font_size: 24px|text_align: center|color:%23ffffff&#8221; use_theme_fonts=&#8221;yes&#8221;][\/vc_column][\/vc_row][vc_row][vc_column width=&#8221;1\/3&#8243;][vc_column_text] Die Kirche von San Rafael befindet sich im Zentrum der Stadt und biegt beim Betreten der Hauptstra\u00dfe des Dorfes nach [&hellip;]<\/p>\n","protected":false},"author":1,"featured_media":46794,"parent":52889,"menu_order":0,"comment_status":"closed","ping_status":"closed","template":"","meta":{"_acf_changed":false,"footnotes":""},"class_list":["post-52988","page","type-page","status-publish","has-post-thumbnail","hentry"],"acf":[],"_links":{"self":[{"href":"https:\/\/soloibiza.com\/de\/wp-json\/wp\/v2\/pages\/52988","targetHints":{"allow":["GET"]}}],"collection":[{"href":"https:\/\/soloibiza.com\/de\/wp-json\/wp\/v2\/pages"}],"about":[{"href":"https:\/\/soloibiza.com\/de\/wp-json\/wp\/v2\/types\/page"}],"author":[{"embeddable":true,"href":"https:\/\/soloibiza.com\/de\/wp-json\/wp\/v2\/users\/1"}],"replies":[{"embeddable":true,"href":"https:\/\/soloibiza.com\/de\/wp-json\/wp\/v2\/comments?post=52988"}],"version-history":[{"count":0,"href":"https:\/\/soloibiza.com\/de\/wp-json\/wp\/v2\/pages\/52988\/revisions"}],"up":[{"embeddable":true,"href":"https:\/\/soloibiza.com\/de\/wp-json\/wp\/v2\/pages\/52889"}],"wp:featuredmedia":[{"embeddable":true,"href":"https:\/\/soloibiza.com\/de\/wp-json\/wp\/v2\/media\/46794"}],"wp:attachment":[{"href":"https:\/\/soloibiza.com\/de\/wp-json\/wp\/v2\/media?parent=52988"}],"curies":[{"name":"wp","href":"https:\/\/api.w.org\/{rel}","templated":true}]}}