{"id":52976,"date":"2019-03-20T06:20:15","date_gmt":"2019-03-20T05:20:15","guid":{"rendered":"https:\/?page_id=52976"},"modified":"2019-03-20T06:53:21","modified_gmt":"2019-03-20T05:53:21","slug":"ibiza-kathedrale","status":"publish","type":"page","link":"https:\/\/soloibiza.com\/de\/kultureller-und-natuerlicher-ibiza-tourismusfuehrer\/ibiza-city-tour-guide\/ibiza-kathedrale\/","title":{"rendered":"Ibiza-Kathedrale"},"content":{"rendered":"<div class=\"wpb-content-wrapper\"><p> [vc_row full_width = &#8220;Stretch_row&#8221; parallax = &#8220;Content-Moving-fade&#8221; css = &#8220;.vc_custom_1544988920380 {padding-top: 20px !important; padding-bottom: 60px !important; Background-image: url(http:\/\/soloibiza.com\/wp-content\/uploads\/2018\/12\/Catedral-de-Ibiza.jpg?id=46670) !important;}&#8221;] [vc_column] [vc_custom_heading text = &#8220;Kathedrale von Ibiza. Dominiert die Stadt &#8221; font_container =&#8221; Tag: H1|text_align: center|color:#ffffff&#8221; use_theme_fonts =&#8221;yes&#8221;] [vc_custom_heading text =&#8221; Dominating the city of Ibiza, a unique print. &#8221; font_container =&#8221; tag: P|font_size: 24px|text_align: center|color:#ffffff&#8221; use_theme_fonts =&#8221;yes&#8221;] [\/vc_column] [\/vc_row] [vc_row] [vc_column width =&#8221; 1\/3 &#8220;] [vc_column_text] <\/p>\n<div class=\"entry clearfloat\">\n<div class=\"texto\"> Einer der bekanntesten Drucke aller Besucher von <strong>Ibiza<\/strong>ist das majest\u00e4tische Bild der <strong>Kathedrale<\/strong> kr\u00f6nend den Eingang zum Hafen. Der Tempel ist von praktisch jedem Punkt der Stadt aus sichtbar und befindet sich innerhalb des ummauerten Gebietes. Die Geschichte dieses wundersch\u00f6nen Geb\u00e4udes, wie wir es heute kennen, beginnt im Jahr 1235, nach der Eroberung der christlichen Truppen, wird die Kirche Santa Maria auf der Moschee von Yebisah zu Ehren von Santa Mar\u00eda la Mayor oder Unserer Liebe Frau der Schnee gebaut. Da er der engste Schutzpatron der Heiligen bis zum Datum der Eroberung ist. <\/div><\/div>\n<p> [\/vc_column_text] [\/vc_column] [vc_column width = &#8220;2\/3&#8221;] [vc_single_image image= &#8220;46670&#8221; img_size = &#8220;full&#8221;] [\/vc_column] [\/vc_row] [vc_row] [vc_column] [vc_column_text] <\/p>\n<h2 class=\"title\" >Kult der Geschichte<\/h2>\n<div class=\"entry clearfloat\">\n<div class=\"texto\"> Im 14. Jahrhundert wurde es mit dem Bau des Glockenturms und der Kapellen von San Jaume, Sant Miquel, Santa Tecla und Sant Antoni, Sant Joan und San Pedro und San Pablo erweitert. Der Rest der Kapellen entspricht dem 16. Jahrhundert, ebenso wie die Eingangst\u00fcr. Bereits im Jahre 1817 wird es die <strong>Kathedrale von Ibiza<\/strong>, unter der Annahme Possession Felipe Gonzalez Abarca, obwohl der erste Bischof war Manuel Abad und sierra im Jahr 1782, aber der Zustand der Ruine der Kirche nicht erlaubt, es erst ein Jahrhundert sp\u00e4ter zu weihen. Der Haupteingang zum Geb\u00e4ude befindet sich auf dem Platz. Wir k\u00f6nnen ein altes Stundenglas im Glockenturm und ein Bild der Madonna an der Zugangst\u00fcr beobachten. Oben sind die W\u00e4nde zu sehen, die das Hauptschiff in Kapellen aufteilen. Die meisten Besucher bleiben mit diesem Blick auf das Geb\u00e4ude, aber wir empfehlen Ihnen, den Glockenturm zu umgeben, zum einen durch die Aussicht, die Sie finden, und zweitens, weil sie perfekt sehen k\u00f6nnen, die Buntglasfenster, die Licht auf den Altar geben und geben ein ganz anderes Bild Der Tempel. Ein perfekter Ort, um diese Gegend zu sehen, befindet sich direkt vor dem Arch\u00e4ologischen Museum. Das Innere des Geb\u00e4udes kann Sie etwas mehr zu sehen kosten, denn auch wenn Ihr offizieller Besuchsplan um zehn Uhr morgens beginnt, \u00f6ffnen sich die T\u00fcren auch nicht ein paar Tage und andere. Wir empfehlen Ihnen, Ihren Besuch am Sonntag zu machen. <\/div><\/div>\n<p> [\/vc_column_text] [\/vc_column] [\/vc_row] [vc_row] [vc_column] [vc_gmaps link=&#8221;#E-8_JTNDaWZyYW1lJTIwc3JjJTNEJTIyaHR0cHMlM0ElMkYlMkZ3d3cuZ29vZ2xlLmNvbSUyRm1hcHMlMkZlbWJlZCUzRnBiJTNEJTIxMW0xOCUyMTFtMTIlMjExbTMlMjExZDIxMzkuNzU2NzAwNzI0NzQzNSUyMTJkMS40MzYzMzM4ODM2OTExNTU3JTIxM2QzOC45MDYyNTk0OTgzMzU5JTIxMm0zJTIxMWYwJTIxMmYwJTIxM2YwJTIxM20yJTIxMWkxMDI0JTIxMmk3NjglMjE0ZjEzLjElMjEzbTMlMjExbTIlMjExczB4MTI5OTQ2YjFjOTNhZWU4NyUyNTNBMHg0MzAxYzNkMTIxZWMyYjQyJTIxMnNPYmlzcGFkbyUyQmRlJTJCSWJpemElMjE1ZTElMjEzbTIlMjExc2VzJTIxMnNlcyUyMTR2MTU0NDk4NDM0MzkzNyUyMiUyMHdpZHRoJTNEJTIyNjAwJTIyJTIwaGVpZ2h0JTNEJTIyNDUwJTIyJTIwZnJhbWVib3JkZXIlM0QlMjIwJTIyJTIwc3R5bGUlM0QlMjJib3JkZXIlM0EwJTIyJTIwYWxsb3dmdWxsc2NyZWVuJTNFJTNDJTJGaWZyYW1lJTNF&#8221;] [\/vc_column] [\/vc_row] [vc_row full_width =&#8221; Stretch_row &#8220;css =&#8221;.vc_custom_1539804160222 {padding-top: 30px !important; padding-bottom: 60px !important; Background-color:#1b7f47 !important; background-position: center !important; background-repeat: no-repeat !important; background-size: Cover !important;} &#8220;] [vc_column] [vc_custom_heading text = &#8220;Andere Orte in der Umgebung der Kathedrale von Ibiza entdecken&#8221; font_container = &#8220;Tag: h2|Font_size:40px|Text_align:center|color: Porciento 23ffffff|Line_height:48px&#8221; Use_theme_fonts = &#8220;yes&#8221;] [vc_custom_heading text = &#8220;Die Kathedrale ist das kulturelle Epizentrum von dem Sie Orte von kulturellem Interesse zugreifen k\u00f6nnen&#8221; font_container = &#8220;Tag: p|Font_size:24px|Text_align:center|color: Porciento 23ffffff&#8221; Use_theme_fonts = &#8220;yes&#8221;] [\/vc_column] [\/vc_row] [vc_row] [vc_column  width= &#8220;1\/3&#8221;] [vc_single_image image= &#8220;46862&#8221; Img_size = &#8220;full&#8221; Onclick = &#8220;Custom_link&#8221; Link = &#8220;https:\/guia-de-turismo-de-ibiza-cultural-y-natural\/guia-de-turismo-de-la-ciudad-de-ibiza\/museo-arqueologico-de-ibiza\/&#8221;] [vc_column_text] <\/p>\n<h2 style=\"text-align: center;\" >Arch\u00e4ologisches Museum von Ibiza auf 23 Metern<\/h2>\n<p style=\"text-align: center;\" >Wenn Sie Mythologie m\u00f6gen, ist der Besuch des Arch\u00e4ologischen Museums von Ibiza, anstatt eine Verpflichtung, eine hervorragende Darstellung.<\/p>\n<p> [\/vc_column_text] [\/vc_column] [vc_column width = &#8220;1\/3&#8221;] [vc_single_image image= &#8220;46832&#8221; img_size = &#8220;full&#8221; onclick = &#8220;custom_link&#8221; link = &#8220;https:\/guia-de-turismo-de-ibiza-cultural-y-natural\/guia-de-turismo-de-la-ciudad-de-ibiza\/madina-yabisa-lugares-de-interes-cultura-en-ibiza\/&#8221; ] [vc_column_text] <\/p>\n<h2 style=\"text-align: center;\" >Madina Yabisa Auf 48 Meter<\/h2>\n<p style=\"text-align: center;\" >Madina Yabisa war der Name, den Ibiza w\u00e4hrend der muslimischen \u00c4ra erhielt.<\/p>\n<p> [\/vc_column_text] [\/vc_column] [vc_column width = &#8220;1\/3&#8221;] [vc_single_image image= &#8220;46868&#8221; img_size = &#8220;full&#8221; onclick = &#8220;custom_link&#8221; link = &#8220;https:\/guia-de-turismo-de-ibiza-cultural-y-natural\/guia-de-turismo-de-la-ciudad-de-ibiza\/museo-de-arte-contemporaneo-ibiza\/&#8221;] [vc_column_text] <\/p>\n<h2 style=\"text-align: center;\" >Ibiza Contemporary Art Museum<\/h2>\n<p style=\"text-align: center;\" >Das Ibiza Museum f\u00fcr zeitgen\u00f6ssische Kunst, MACE, befindet sich in der Gegend von Dalt Vila und befindet sich in der N\u00e4he des Waffenraumes.<\/p>\n<p> [\/vc_column_text] [\/vc_column] [\/vc_row] [vc_row full_width = &#8220;Stretch_row&#8221; css = &#8220;.vc_custom_1539804160222 {padding-top: 30px !important; padding-bottom: 60px !important; Background-color:#1b7f47 !important; Background-Position: center !important; background-repeat: no-repeat; background-size: Cover !important;} &#8220;] [vc_column] [vc_custom_heading text = &#8220;Weitere Orte zu entdecken in der Umgebung der Kathedrale von Ibiza&#8221; font_container = &#8220;tag:h2|font_size:40px|text_align:center|color:%23ffffff|line_height:48px&#8221; use_theme_fonts = &#8220;yes&#8221;] [\/vc_column] [\/vc_row] [vc_row] [vc_column width = &#8220;1\/3&#8221;] [vc_single_image image= &#8220;46856&#8221; img_size = &#8220;full&#8221; onclick = &#8220;custom_link&#8221; link = &#8220;https:\/guia-de-turismo-de-ibiza-cultural-y-natural\/guia-de-turismo-de-la-ciudad-de-ibiza\/&#8221;] [vc_column_text] <\/p>\n<h2 style=\"text-align: center;\" >Ibiza<\/h2>\n<p style=\"text-align: center;\" >Der Tourismus auf Ibiza kam aus der Hand der Sonne, der Party und des Strandes.<\/p>\n<p> [\/vc_column_text] [\/vc_column] [vc_column width = &#8220;1\/3&#8221;] [vc_single_image image= &#8220;46940&#8221; img_size = &#8220;full&#8221; onclick = &#8220;custom_link&#8221; link = &#8220;https:\/guia-de-turismo-de-ibiza-cultural-y-natural\/guia-turismo-santa-eulalia-ibiza\/guia-de-turismo-de-puig-den-valls\/&#8221;] [vc_column_text] <\/p>\n<h2 style=\"text-align: center;\" >Puig den Valls 2 Km Away<\/h2>\n<p style=\"text-align: center;\" >Puig d &#8216; en Valls befindet sich im s\u00fcdlichen Ende der Gemeinde Santa Eularia, an der Grenze zur Gemeinde Ibiza.<\/p>\n<p> [\/vc_column_text] [\/vc_column] [vc_column width = &#8220;1\/3&#8221;] [vc_single_image image= &#8220;46826&#8221; img_size = &#8220;full&#8221; onclick = &#8220;custom_link&#8221; link = &#8220;https:\/guia-de-turismo-de-ibiza-cultural-y-natural\/guia-turismo-santa-eulalia-ibiza\/guia-de-turismo-de-jesus\/&#8221;] [vc_column_text] <\/p>\n<h2 style=\"text-align: center;\" >Jesus At 3 Km<\/h2>\n<p style=\"text-align: center;\" >Jesus ist eine der Pfarreien der Gemeinde Santa Eul\u00e1ria, die an die Stadt Ibiza grenzt.<\/p>\n<p> [\/vc_column_text] [\/vc_column] [\/vc_row] [vc_row full_width = &#8220;Stretch_row&#8221; css = &#8220;.vc_custom_1540877850287 {background-color:Rgba(255,153,0,0.6) !important; * background-color:RGB(255,153,0) !important;}&#8221;][vc_column] [vc_custom_heading text = &#8220;Str\u00e4nde in der N\u00e4he der Kathedrale von Ibiza&#8221; font_container = &#8220;Tag: H2|text_align: center|color:#ffff&#8221; use_theme_fonts = &#8220;yes&#8221; el_id = &#8220;Str\u00e4nde von Ibiza City&#8221;] [vc_column_text] <\/p>\n<p style=\"text-align: center;\"><span style=\"color:#ffffff; font-size: 18px;\">Neben der Plaza de la Catedral k\u00f6nnen wir die Aussicht auf die <a style=\"color:#ffffff; font-size: 18px;\" href=\"https:\/playas-de-ibiza-ciudad-o-eivissa\/\">Str\u00e4nde der Stadt Ibiza genie\u00dfen<\/a> ..<\/span><\/p>\n<p> [\/vc_column_text] [\/vc_column] [\/vc_row] [vc_row el_id = &#8220;Figueretas&#8221;] [vc_column width = &#8220;1\/3&#8221; El_class = &#8220;Filaplayas&#8221; el_id = &#8220;Playa d &#8216; en Bossa&#8221;] [vc_single_image image = &#8220;47608&#8221; img_size = &#8220;full&#8221;] [vc_column_text El_class = &#8220;.conelanteriorreducido&#8221;] <a href=\"https:\/playa-den-bossa\/\">P. D &#8216; en Bossa<\/a>[\/vc_column_text] [vc_column_text] Talk about Playa d &#8216; en Bossa is to talk about one of the best known places on the Island of Ibiza. [\/vc_column_text] [\/vc_column] [vc_column width = &#8220;1\/3&#8221; El_class = &#8220;Filaplayas&#8221; el_id = &#8220;Talamanca&#8221;] [vc_single_image image= &#8220;47470&#8221; img_size = &#8220;full&#8221;] [vc_column_text El_class = &#8220;.conelanteriorreducido&#8221;] <a href=\"https:\/figueretas\/\">Figueretas<\/a> [\/vc_column_text] [vc_column_text] <\/p>\n<p style=\"text-align: center;\" >Der Strand von Ses Figueretes, oder Playa de Figueretas befindet sich im st\u00e4dtischen Kern von Ibiza.<\/p>\n<p> [\/vc_column_text] [\/vc_column] [vc_column width = &#8220;1\/3&#8221; El_class = &#8220;Filaplayas&#8221;] [vc_single_image image= &#8220;47515&#8221; img_size = &#8220;full&#8221;] [vc_column_text El_class = &#8220;.conelanteriorreducido&#8221;] <a href=\"https:\/talamanca\/\">Talamanca<\/a> [\/vc_column_text] [vc_column_text] <\/p>\n<p style=\"text-align: center;\" >Einer der besten Stadtstr\u00e4nde, die wir genie\u00dfen k\u00f6nnen, befindet sich am Strand von Talamanca.<\/p>\n<p> [\/vc_column_text] [\/vc_column] [\/vc_row] <\/p>\n<\/div>","protected":false},"excerpt":{"rendered":"<p>[vc_row full_width = &#8220;Stretch_row&#8221; parallax = &#8220;Content-Moving-fade&#8221; css = &#8220;.vc_custom_1544988920380 {padding-top: 20px !important; padding-bottom: 60px !important; Background-image: url(http:\/\/soloibiza.com\/wp-content\/uploads\/2018\/12\/Catedral-de-Ibiza.jpg?id=46670) !important;}&#8221;] [vc_column] [vc_custom_heading text = &#8220;Kathedrale von Ibiza. Dominiert die Stadt &#8221; font_container =&#8221; Tag: H1|text_align: center|color:#ffffff&#8221; use_theme_fonts =&#8221;yes&#8221;] [vc_custom_heading text =&#8221; Dominating the city of Ibiza, a unique print. &#8221; font_container =&#8221; tag: P|font_size: 24px|text_align: center|color:#ffffff&#8221; [&hellip;]<\/p>\n","protected":false},"author":1,"featured_media":0,"parent":52879,"menu_order":0,"comment_status":"closed","ping_status":"closed","template":"","meta":{"_acf_changed":false,"footnotes":""},"class_list":["post-52976","page","type-page","status-publish","hentry"],"acf":[],"_links":{"self":[{"href":"https:\/\/soloibiza.com\/de\/wp-json\/wp\/v2\/pages\/52976","targetHints":{"allow":["GET"]}}],"collection":[{"href":"https:\/\/soloibiza.com\/de\/wp-json\/wp\/v2\/pages"}],"about":[{"href":"https:\/\/soloibiza.com\/de\/wp-json\/wp\/v2\/types\/page"}],"author":[{"embeddable":true,"href":"https:\/\/soloibiza.com\/de\/wp-json\/wp\/v2\/users\/1"}],"replies":[{"embeddable":true,"href":"https:\/\/soloibiza.com\/de\/wp-json\/wp\/v2\/comments?post=52976"}],"version-history":[{"count":0,"href":"https:\/\/soloibiza.com\/de\/wp-json\/wp\/v2\/pages\/52976\/revisions"}],"up":[{"embeddable":true,"href":"https:\/\/soloibiza.com\/de\/wp-json\/wp\/v2\/pages\/52879"}],"wp:attachment":[{"href":"https:\/\/soloibiza.com\/de\/wp-json\/wp\/v2\/media?parent=52976"}],"curies":[{"name":"wp","href":"https:\/\/api.w.org\/{rel}","templated":true}]}}