{"id":52970,"date":"2019-03-20T06:16:50","date_gmt":"2019-03-20T05:16:50","guid":{"rendered":"https:\/?page_id=52970"},"modified":"2019-03-20T06:55:16","modified_gmt":"2019-03-20T05:55:16","slug":"klosterkirche","status":"publish","type":"page","link":"https:\/\/soloibiza.com\/de\/kultureller-und-natuerlicher-ibiza-tourismusfuehrer\/ibiza-city-tour-guide\/klosterkirche\/","title":{"rendered":"Klosterkirche"},"content":{"rendered":"<div class=\"wpb-content-wrapper\"><p> [vc_row full_width = &#8220;Stretch_row&#8221; parallax = &#8220;Content-Moving-fade&#8221; css = &#8220;.vc_custom_1545069820171 {padding-top: 20px !important; padding-bottom: 60px !important; Background-image: url(http:\/\/soloibiza.com\/wp-content\/uploads\/2018\/12\/Iglesia-del-Convento.jpg?id=46814) !important;}&#8221;] [vc_column] [vc_custom_heading text = &#8220;Geschichte der Klosterkirche. Ibiza &#8221; font_container =&#8221; Tag:H1|text_align: center|color:#ffff &#8221; use_theme_fonts =&#8221;yes&#8221;] [vc_custom_heading text =&#8221; Im Aufstieg zum Dom finden wir die Kirche des Klosters, oder die Pfarrei San Pedro &#8221; font_container =&#8221; Tag: P|font_size: 24px|text_Align: center|color:#ffffff&#8221; use_theme_fonts =&#8221;yes&#8221;] [\/vc_column] [\/vc_row] [vc_row] [vc_column width =&#8221; 1\/3 &#8220;] [vc_column_text] <\/p>\n<div class=\"entry clearfloat\">\n<div class=\"texto\"> Auf dem von der Universitat d &#8216; Eivissa gestifteten Grundst\u00fcck <strong>ist die Kirche des Klosters Santo<\/strong> Domingo errichtet. Der Bau stammt aus dem 16. Jahrhundert, obwohl er erst am Ende des 17. Jahrhunderts ist, als er seinen heutigen Zustand erlangt. Seine ersten Bewohner waren die Dominikanerv\u00e4ter, die aus Sicherheitsgr\u00fcnden aus Sicherheitsgr\u00fcnden aus der Kirche Jesu \u00fcberstellt wurden. Im Jahre 1835, und in einem Zustand des Ruins durch die Explosion des Magazins, geht es in die H\u00e4nde des Stadtrates, der f\u00fcr seinen Wiederaufbau und seine Unterkunft zu Gef\u00e4ngnis, Schule und Krankenhaus ist. Heute ist es Teil der Einrichtungen des Rathauses und sein \u00e4u\u00dferer Aspekt ist von allen Seiten des Hafens erkannt, so dass Platz f\u00fcr eine der symboltr\u00e4chtigsten Drucke von Dalt Vila. <\/div><\/div>\n<p> [\/vc_column_text] [\/vc_column] [vc_column width = &#8220;2\/3&#8221;] [vc_single_image image= &#8220;46814&#8221; img_size = &#8220;full&#8221;] [\/vc_column] [\/vc_row] [vc_row] [vc_column] [vc_column_text] <\/p>\n<h2 class=\"title\" >Wie kommt man zur Klosterkirche.<\/h2>\n<div class=\"entry clearfloat\">\n<div class=\"texto\"> Dieses wichtige historische und religi\u00f6se Symbol befindet sich in der ummauerten Gegend von Dalt Vila. Von seinen Mauern sind die typischsten Postkarten der Stadt Ibiza zu sehen. Die Aussicht auf die Marina und den Hafen sind legend\u00e4r. Der Zugang zu der Gegend ist einfach, obwohl etwas anstrengend, wenn wir nicht mit dem touristischen Kleinbus, der Teil der Plaza de Vara de Rey. Die <strong>Klosterkirche<\/strong>oder befindet sich an der Hauptstra\u00dfe von Dalt Vila, immer bergauf. Ob am steinernen Haupteingang der Mauer, dem Tor von Ses Taules, oder dem sekund\u00e4ren und gepflasterten Zugang, unter der Bastion von Sant Pere, erreichen wir die Bastion von Santa Llucia. Neben der Mauer befinden sich die Kapellen, die von Puig d &#8216; en Valls bis Sant Rafael sichtbar sind. <\/div><\/div>\n<p> [\/vc_column_text] [\/vc_column] [\/vc_row] [vc_row] [vc_column] [vc_gmaps link=&#8221;#E-8_JTNDaWZyYW1lJTIwc3JjJTNEJTIyaHR0cHMlM0ElMkYlMkZ3d3cuZ29vZ2xlLmNvbSUyRm1hcHMlMkZlbWJlZCUzRnBiJTNEJTIxMW0xOCUyMTFtMTIlMjExbTMlMjExZDE2MjMuODEwNzQ5MTA3ODI4JTIxMmQxLjQzNzYxNjA3NTIzOTczNjIlMjEzZDM4LjkwNzQ4NzQxNTcyMzU2JTIxMm0zJTIxMWYwJTIxMmYwJTIxM2YwJTIxM20yJTIxMWkxMDI0JTIxMmk3NjglMjE0ZjEzLjElMjEzbTMlMjExbTIlMjExczB4MCUyNTNBMHg3OTQxYTgyNzA1MWMwYjAxJTIxMnNQYXJyb3F1aWElMkJEZSUyQlNhbiUyQlBlZHJvJTIxNWUxJTIxM20yJTIxMXNlcyUyMTJzZXMlMjE0djE1NDUwNjk5MjI2MDIlMjIlMjB3aWR0aCUzRCUyMjYwMCUyMiUyMGhlaWdodCUzRCUyMjQ1MCUyMiUyMGZyYW1lYm9yZGVyJTNEJTIyMCUyMiUyMHN0eWxlJTNEJTIyYm9yZGVyJTNBMCUyMiUyMGFsbG93ZnVsbHNjcmVlbiUzRSUzQyUyRmlmcmFtZSUzRQ==&#8221;] [vc_column] [vc_custom_heading text = &#8220;Andere Orte um zu entdecken in der Umgebung der Kirche des Klosters&#8221; font_container = &#8220;Tag: h2|Font_size:40px|Text_align:center|color: Porciento 23ffffff|Line_height:48px&#8221; Use_theme_fonts = &#8220;yes&#8221;] [vc_custom_heading text = &#8220;Die Kirche des Klosters befindet sich mitten im Aufstieg zur Kathedrale.&#8221; font_container = &#8220;Tag: p|Font_size:24px|Text_align:center|color: Porciento 23ffffff&#8221; Use_theme_fonts = &#8220;yes&#8221;] [\/vc_column] [\/vc_row] [vc_row] [vc_column  width= &#8220;1\/3&#8221;] [vc_single_image image= &#8220;46862&#8221; Img_size = &#8220;full&#8221; Onclick = &#8220;Custom_link&#8221; Link = &#8220;https:\/guia-de-turismo-de-ibiza-cultural-y-natural\/guia-de-turismo-de-la-ciudad-de-ibiza\/museo-arqueologico-de-ibiza\/&#8221;] [vc_column_text] <\/p>\n<h2 style=\"text-align: center;\" >Arch\u00e4ologisches Museum von Ibiza Auf 197 Metern<\/h2>\n<p style=\"text-align: center;\" >Wenn Sie Mythologie m\u00f6gen, ist der Besuch des Arch\u00e4ologischen Museums von Ibiza, anstatt eine Verpflichtung, eine hervorragende Darstellung.<\/p>\n<p> [\/vc_column_text] [\/vc_column] [vc_column width = &#8220;1\/3&#8221;] [vc_single_image image= &#8220;46670&#8221; img_size = &#8220;full&#8221; onclick = &#8220;custom_link&#8221; link = &#8220;https:\/guia-de-turismo-de-ibiza-cultural-y-natural\/guia-de-turismo-de-la-ciudad-de-ibiza\/catedral-de-ibiza\/&#8221;] [vc_column_text] <\/p>\n<h2 style=\"text-align: center;\" >Ibiza-Dom auf 187 Metern<\/h2>\n<p style=\"text-align: center;\" >Einer der bekanntesten Drucke aller Besucher von Ibiza ist das majest\u00e4tische Bild der Kathedrale, die den Eingang zum Hafen kr\u00f6nt.<\/p>\n<p> [\/vc_column_text] [\/vc_column] [vc_column width = &#8220;1\/3&#8221;] [vc_single_image image= &#8220;46868&#8221; img_size = &#8220;full&#8221; onclick = &#8220;custom_link&#8221; link = &#8220;https:\/guia-de-turismo-de-ibiza-cultural-y-natural\/guia-de-turismo-de-la-ciudad-de-ibiza\/museo-de-arte-contemporaneo-ibiza\/&#8221;] [vc_column_text] <\/p>\n<h2 style=\"text-align: center;\" >Ibiza Contemporary Art Museum<\/h2>\n<p style=\"text-align: center;\" >Das Ibiza Museum f\u00fcr zeitgen\u00f6ssische Kunst, MACE, befindet sich in der Gegend von Dalt Vila und befindet sich in der N\u00e4he des Waffenraumes.<\/p>\n<p> [\/vc_column_text] [\/vc_column] [\/vc_row] [vc_row full_width = &#8220;Stretch_row&#8221; css = &#8220;.vc_custom_1539804160222 {padding-top: 30px !important; padding-bottom: 60px !important; Background-color:#1b7f47 !important; Background-Position: center !important; background-repeat: no-repeat; background-size: Cover !important;} &#8220;] [vc_column] [vc_custom_heading text = &#8220;Andere Orte zu entdecken in der Umgebung der Klosterkirche&#8221; font_container = &#8220;tag:h2|font_size:40px|text_align:center|color:%23ffffff|line_height:48px&#8221; use_theme_fonts = &#8220;yes&#8221;] [\/vc_column] [\/vc_row] [vc_row] [vc_column width = &#8220;1\/3&#8221;] [vc_single_image image= &#8220;46856&#8221; img_size = &#8220;full&#8221; onclick = &#8220;custom_link&#8221; link = &#8220;https:\/guia-de-turismo-de-ibiza-cultural-y-natural\/guia-de-turismo-de-la-ciudad-de-ibiza\/&#8221;] [vc_column_text] <\/p>\n<h2 style=\"text-align: center;\" >Ibiza<\/h2>\n<p style=\"text-align: center;\" >Der Tourismus auf Ibiza kam aus der Hand der Sonne, der Party und des Strandes.<\/p>\n<p> [\/vc_column_text] [\/vc_column] [vc_column width = &#8220;1\/3&#8221;] [vc_single_image image= &#8220;46940&#8221; img_size = &#8220;full&#8221; onclick = &#8220;custom_link&#8221; link = &#8220;https:\/guia-de-turismo-de-ibiza-cultural-y-natural\/guia-turismo-santa-eulalia-ibiza\/guia-de-turismo-de-puig-den-valls\/&#8221;] [vc_column_text] <\/p>\n<h2 style=\"text-align: center;\" >Puig den Valls 2 Km Away<\/h2>\n<p style=\"text-align: center;\" >Puig d &#8216; en Valls befindet sich im s\u00fcdlichen Ende der Gemeinde Santa Eularia, an der Grenze zur Gemeinde Ibiza.<\/p>\n<p> [\/vc_column_text] [\/vc_column] [vc_column width = &#8220;1\/3&#8221;] [vc_single_image image= &#8220;46826&#8221; img_size = &#8220;full&#8221; onclick = &#8220;custom_link&#8221; link = &#8220;https:\/guia-de-turismo-de-ibiza-cultural-y-natural\/guia-turismo-santa-eulalia-ibiza\/guia-de-turismo-de-jesus\/&#8221;] [vc_column_text] <\/p>\n<h2 style=\"text-align: center;\" >Jesus At 3 Km<\/h2>\n<p style=\"text-align: center;\" >Jesus ist eine der Pfarreien der Gemeinde Santa Eul\u00e1ria, die an die Stadt Ibiza grenzt.<\/p>\n<p> [\/vc_column_text] [\/vc_column] [\/vc_row] [vc_row full_width = &#8220;Stretch_row&#8221; css = &#8220;.vc_custom_1540877850287 {background-color:Rgba(255,153,0,0.6) !important; * background-color:RGB(255,153,0) !important;}&#8221;]  [vc_column] [vc_custom_heading text = &#8220;Str\u00e4nde in der N\u00e4he der Klosterkirche&#8221; font_container = &#8220;Tag: H2|text_align: center|color:#ffff&#8221; use_theme_fonts = &#8220;yes&#8221; el_id = &#8220;Str\u00e4nde von Ibiza City&#8221;] [vc_column_text] <\/p>\n<p style=\"text-align: center;\"><span style=\"color:#ffffff; font-size: 18px;\">Wir k\u00f6nnen von der Klosterkirche zu den <a style=\"color:#ffffff; font-size: 18px;\" href=\"https:\/playas-de-ibiza-ciudad-o-eivissa\/\">Str\u00e4nden der Stadt Ibiza<\/a> ziehen.<\/span><\/p>\n<p> [\/vc_column_text] [\/vc_column] [\/vc_row] [vc_row el_id = &#8220;Figueretas&#8221;] [vc_column width = &#8220;1\/3&#8221; El_class = &#8220;Filaplayas&#8221; el_id = &#8220;Playa d &#8216; en Bossa&#8221;] [vc_single_image image = &#8220;47608&#8221; img_size = &#8220;full&#8221;] [vc_column_text El_class = &#8220;.conelanteriorreducido&#8221;] <a href=\"https:\/playa-den-bossa\/\">P. D &#8216; en Bossa<\/a>[\/vc_column_text] [vc_column_text] Talk about Playa d &#8216; en Bossa is to talk about one of the best known places on the Island of Ibiza. [\/vc_column_text] [\/vc_column] [vc_column width = &#8220;1\/3&#8221; El_class = &#8220;Filaplayas&#8221; el_id = &#8220;Talamanca&#8221;] [vc_single_image image= &#8220;47470&#8221; img_size = &#8220;full&#8221;] [vc_column_text El_class = &#8220;.conelanteriorreducido&#8221;] <a href=\"https:\/figueretas\/\">Figueretas<\/a> [\/vc_column_text] [vc_column_text] <\/p>\n<p style=\"text-align: center;\" >Der Strand von Ses Figueretes, oder Playa de Figueretas befindet sich im st\u00e4dtischen Kern von Ibiza.<\/p>\n<p> [\/vc_column_text] [\/vc_column] [vc_column width = &#8220;1\/3&#8221; El_class = &#8220;Filaplayas&#8221;] [vc_single_image image= &#8220;47515&#8221; img_size = &#8220;full&#8221;] [vc_column_text El_class = &#8220;.conelanteriorreducido&#8221;] <a href=\"https:\/talamanca\/\">P. D &#8216; en Bossa<\/a>[\/vc_column_text] [vc_column_text] <\/p>\n<p style=\"text-align: center;\" >Einer der besten Stadtstr\u00e4nde, die wir genie\u00dfen k\u00f6nnen, befindet sich am Strand von Talamanca.<\/p>\n<p> [\/vc_column_text] [\/vc_column] [\/vc_row] <\/p>\n<\/div>","protected":false},"excerpt":{"rendered":"<p>[vc_row full_width = &#8220;Stretch_row&#8221; parallax = &#8220;Content-Moving-fade&#8221; css = &#8220;.vc_custom_1545069820171 {padding-top: 20px !important; padding-bottom: 60px !important; Background-image: url(http:\/\/soloibiza.com\/wp-content\/uploads\/2018\/12\/Iglesia-del-Convento.jpg?id=46814) !important;}&#8221;] [vc_column] [vc_custom_heading text = &#8220;Geschichte der Klosterkirche. Ibiza &#8221; font_container =&#8221; Tag:H1|text_align: center|color:#ffff &#8221; use_theme_fonts =&#8221;yes&#8221;] [vc_custom_heading text =&#8221; Im Aufstieg zum Dom finden wir die Kirche des Klosters, oder die Pfarrei San Pedro &#8221; font_container [&hellip;]<\/p>\n","protected":false},"author":1,"featured_media":0,"parent":52879,"menu_order":0,"comment_status":"closed","ping_status":"closed","template":"","meta":{"_acf_changed":false,"footnotes":""},"class_list":["post-52970","page","type-page","status-publish","hentry"],"acf":[],"_links":{"self":[{"href":"https:\/\/soloibiza.com\/de\/wp-json\/wp\/v2\/pages\/52970","targetHints":{"allow":["GET"]}}],"collection":[{"href":"https:\/\/soloibiza.com\/de\/wp-json\/wp\/v2\/pages"}],"about":[{"href":"https:\/\/soloibiza.com\/de\/wp-json\/wp\/v2\/types\/page"}],"author":[{"embeddable":true,"href":"https:\/\/soloibiza.com\/de\/wp-json\/wp\/v2\/users\/1"}],"replies":[{"embeddable":true,"href":"https:\/\/soloibiza.com\/de\/wp-json\/wp\/v2\/comments?post=52970"}],"version-history":[{"count":0,"href":"https:\/\/soloibiza.com\/de\/wp-json\/wp\/v2\/pages\/52970\/revisions"}],"up":[{"embeddable":true,"href":"https:\/\/soloibiza.com\/de\/wp-json\/wp\/v2\/pages\/52879"}],"wp:attachment":[{"href":"https:\/\/soloibiza.com\/de\/wp-json\/wp\/v2\/media?parent=52970"}],"curies":[{"name":"wp","href":"https:\/\/api.w.org\/{rel}","templated":true}]}}