{"id":52891,"date":"2019-03-18T20:37:59","date_gmt":"2019-03-18T19:37:59","guid":{"rendered":"https:\/?page_id=52891"},"modified":"2019-03-19T06:32:55","modified_gmt":"2019-03-19T05:32:55","slug":"madina-yabisa-sehenswuerdigkeiten-auf-ibiza","status":"publish","type":"page","link":"https:\/\/soloibiza.com\/de\/kultureller-und-natuerlicher-ibiza-tourismusfuehrer\/ibiza-city-tour-guide\/madina-yabisa-sehenswuerdigkeiten-auf-ibiza\/","title":{"rendered":"Madina Yabisa, Sehensw\u00fcrdigkeiten auf Ibiza"},"content":{"rendered":"<div class=\"wpb-content-wrapper\"><p> [vc_row full_width = &#8220;stretch_row&#8221; parallax = &#8220;Content-moving-fade&#8221; css=&#8221;.vc_custom_1541444137191{padding-top: 20px !important; Padding-bottom: 60px !important; Background-image: url(http:\/\/soloibiza.com\/wp-content\/uploads\/2018\/11\/medina-yabisah.jpg?id=45821) !important; Background-Position: 0 0;background-repeat: No-repeat}&#8221;] [vc_column] [vc_custom_heading text = &#8220;Madina Yabisa. Kulturzentrum &#8221; font_container =&#8221;tag:H1|text_align: center|color:#ffffff&#8221; use_theme_fonts =&#8221;yes&#8221;] [vc_custom_heading text =&#8221; In der Stra\u00dfe, die zum Platz der Kathedrale f\u00fchrt, fanden wir eine kleine T\u00fcr zur Geschichte der Insel. &#8221; font_container =&#8221;tag:P|font_size: 24px|text_align: center|color:#ffffff &#8221; use_theme_fonts =&#8221;yes&#8221; ] [\/vc_column] [\/vc_row] [vc_row] [vc_column width =&#8221; 1\/3 &#8220;][vc_column_text] <\/p>\n<div class=\"entry clearfloat\">\n<div class=\"texto\"><\/div><\/div>\n<div class=\"entry clearfloat\">\n<div class=\"texto\">  <strong>Madina Yabisa war<\/strong> der Name, den Ibiza w\u00e4hrend der muslimischen \u00c4ra erhielt. Es ist auch ein Zentrum der Interpretation im Haus der Kurie und das die ibizische Geschichte mit einer wichtigen audiovisuellen Unterst\u00fctzung wieder aufzeichnet. Hervorhebung der arabischen \u00c4ra. Hier geht es zum Flyer. In meiner seligen Ignoranz dachte ich immer, dass dieses Zentrum<em><\/em>der &#8220;Interpretation&#8221; eigentlich eine Tanzschule oder ein Theater sein sollte, also war mir, als ich an die T\u00fcr kam, nicht ganz klar, dass ich mich in mir wiederfinden sollte. Als ich ankam, verbinden sie die Computer und sahen nur \u00fcberall Hausbildschirme. &#8220;Ich werde mich mit dem niedlichen langweilen. Zwei Bilder und etwas anderes. &#8221; Fast. Mehr als zwei Stunden mit der Firma und <em>Nines<\/em> Erkl\u00e4rungen, um die Geschichte der Insel, die Quartons, den Bau der Mauer, die Repliken der arabischen \u00dcberreste, unter denen wir umgezogen sind und ein faszinierendes Multimedia-Video mit Projektionen auf einem Modell von Dalt Vila, das mich zur\u00fcck wollte. Ja, ich habe nur zwei Fotos gemacht. <\/div><\/div>\n<p> [\/vc_column_text] [\/vc_column] [vc_column width = &#8220;2\/3&#8221;] [vc_single_image image= &#8220;45821&#8221; img_size = &#8220;full&#8221;] [\/vc_column] [\/vc_row] [vc_row] [vc_column] [vc_column_text] <\/p>\n<h2 class=\"title\" >Besuch des Zentrums<\/h2>\n<div class=\"entry clearfloat\">\n<div class=\"texto\"> Was ich nicht verstehe, ist wie so ein besonderer Ort, kann so wenig von der zust\u00e4ndigen Stelle publiziert werden. Nach dem Eingangsschild sind die Fahrpl\u00e4ne vom 1. April bis 15. Oktober, von 10 bis 14 und von 17 bis 20 Uhr. Vom 16. Oktober bis 31. M\u00e4rz, montags bis samstags und sonntags von 10 bis 13 Uhr. Die Monate Juli und August sind von 10 bis 14 und von 18 bis 21 Uhr. Die Staufenthalte sind am Sonntagnachmittag, montags und an Feiertagen geschlossen. <\/div><\/div>\n<p> [\/vc_column_text] [\/vc_column] [\/vc_row] [vc_row] [vc_column] [vc_gmaps link=&#8221;#E-8_JTNDaWZyYW1lJTIwc3JjJTNEJTIyaHR0cHMlM0ElMkYlMkZ3d3cuZ29vZ2xlLmNvbSUyRm1hcHMlMkZlbWJlZCUzRnBiJTNEJTIxMW0xOCUyMTFtMTIlMjExbTMlMjExZDMxMDQuNzQyNTYzNTM4MjY2NSUyMTJkMS40MzQwMjQ5MTU4NjI0OTY1JTIxM2QzOC45MDcwMDE5NTM5ODIwMDQlMjEybTMlMjExZjAlMjEyZjAlMjEzZjAlMjEzbTIlMjExaTEwMjQlMjEyaTc2OCUyMTRmMTMuMSUyMTNtMyUyMTFtMiUyMTFzMHgxMjk5NDZiMDM1MzI5Mjk5JTI1M0EweDRmZGQzYjdiNmY4YzMyMjUlMjEyc0NlbnRyZSUyQmQlMjYlMjMzOSUzQmludGVycHJldGFjaSUyNUMzJTI1QjMlMkJNYWRpbmElMkJZYWJpc2ElMjE1ZTAlMjEzbTIlMjExc2VzJTIxMnNlcyUyMTR2MTU0MTQ0MTk2OTc4NiUyMiUyMHdpZHRoJTNEJTIyNjAwJTIyJTIwaGVpZ2h0JTNEJTIyNDUwJTIyJTIwZnJhbWVib3JkZXIlM0QlMjIwJTIyJTIwc3R5bGUlM0QlMjJib3JkZXIlM0EwJTIyJTIwYWxsb3dmdWxsc2NyZWVuJTNFJTNDJTJGaWZyYW1lJTNF&#8221;] [\/vc_column] [\/vc_row] [vc_row full width =&#8221; Stretch_row &#8220;css =&#8221;. 30px  !important; Padend-Boden: 60px !important; Background-color:#1b7f47 !important; Hintergrund-Position: center !important; Hintergrund-Wiederholung: No-Wieder-Wiederholungen !important; background-size: Cover !important;} &#8220;] [vc_column] [vc_custom_heading text = &#8220;Andere Orte in der Umgebung von Madina Yabisa entdecken&#8221; font_container = &#8220;Tag: h2|Font_size:40px|Text_align:center|color: Porciento 23ffffff|Line_height:48px&#8221; Use_theme_fonts = &#8220;yes&#8221;] [vc_custom_heading text = &#8220;Wir k\u00f6nnen unseren Besuch in Medina Yabisa, andere Orte von kulturellem Interesse zu entdecken nutzen&#8221; font_container = &#8220;Tag: p|Font_size:24px|Text_align:center|color:%3ffffff&#8221; Use_theme_fonts = &#8220;yes&#8221;] [\/vc_column] [\/vc_row] [vc_row] [vc_column  width= &#8220;1\/3&#8221;] [vc_single_image image= &#8220;46856&#8221; Img_size = &#8220;full&#8221; Onclick = &#8220;Custom_link&#8221; Link = &#8220;https:\/guia-de-turismo-de-ibiza-cultural-y-natural\/guia-de-turismo-de-la-ciudad-de-ibiza\/murallas-de-ibiza-la-historia\/&#8221;] [vc_column_text] <\/p>\n<h2 style=\"text-align: center;\" >Die Mauern von Dalt Vila<\/h2>\n<p style=\"text-align: center;\" >Von Medina Yabisa Wir werden einen sehr bequemen Zugang zu den W\u00e4llen haben, dass wir von einer Bastion zur anderen reisen k\u00f6nnen.<\/p>\n<p> [\/vc_column_text] [\/vc_column] [vc_column width = &#8220;1\/3&#8221;] [vc_single_image image= &#8220;46670&#8221; img_size = &#8220;full&#8221; onclick = &#8220;custom_link&#8221; link = &#8220;https:\/guia-de-turismo-de-ibiza-cultural-y-natural\/guia-de-turismo-de-la-ciudad-de-ibiza\/catedral-de-ibiza\/&#8221;] [vc_column_text] <\/p>\n<h2 style=\"text-align: center;\" >Ibiza-Kathedrale<\/h2>\n<p style=\"text-align: center;\">Wir k\u00f6nnen die Gelegenheit nutzen, um die Kathedrale und ihre Umgebung zu besuchen. Entdecken Sie sie im <a href=\"https:\/guia-de-turismo-de-ibiza-cultural-y-natural\/guia-de-turismo-de-la-ciudad-de-ibiza\/\">Reisef\u00fchrer von Ibiza City<\/a>.<\/p>\n<p> [\/vc_column_text] [\/vc_column] [vc_column width = &#8220;1\/3&#8221;] [vc_single_image image= &#8220;46640&#8221; img_size = &#8220;full&#8221; onclick = &#8220;custom_link&#8221; link = &#8220;https:\/guia-de-turismo-de-ibiza-cultural-y-natural\/guia-de-turismo-de-la-ciudad-de-ibiza\/baluarte-de-sant-pere-historia-y-cultura\/&#8221;] [vc_column_text] <\/p>\n<h2 style=\"text-align: center;\" >Bastion von Sant Pere<\/h2>\n<p style=\"text-align: center;\" >Wir werden in der Lage sein, verschiedene kulturelle Darbietungen in dieser Bastion zu genie\u00dfen<\/p>\n<p> [\/vc_column_text] [\/vc_column] [\/vc_row] [vc_row full_width = &#8220;Stretch_row&#8221; css = &#8220;.vc_custom_1540877850287 {background-color:Rgba(255,153,0,0.6) !important; * background-color:RGB(255,153,0) !important;}&#8221;]  [vc_column] [vc_custom_heading text = &#8220;Str\u00e4nde bei Madina Yabisa&#8221; font_container = &#8220;tag:H2|text_align: center|color:#ffff&#8221; use_theme_fonts = &#8220;yes&#8221; el_id = &#8220;Str\u00e4nde von Ibiza City&#8221;] [vc_column_text] <\/p>\n<p style=\"text-align: center;\"><span style=\"color:#ffffff; font-size: 18px;\">Neben Medina Yabisa, an der Plaza de la Catedral, k\u00f6nnen wir die Aussicht auf die <a style=\"color:#ffffff; font-size: 18px;\" href=\"https:\/playas-de-ibiza-ciudad-o-eivissa\/\">Str\u00e4nde der Stadt Ibiza genie\u00dfen<\/a>.<\/span><\/p>\n<p> [\/vc_column_text] [\/vc_column] [\/vc_row] [vc_row el_id = &#8220;Figueretas&#8221;] [vc_column width = &#8220;1\/3&#8221; El_class = &#8220;Filaplayas&#8221; el_id = &#8220;Playa d&#8217;en Bossa&#8221;] [vc_single_image image = &#8220;47608&#8221; img_size = &#8220;full&#8221;] [vc_column_text El_class = &#8220;.conelanteriorreducido&#8221;] <a href=\"https:\/playa-den-bossa\/\">P. D &#8216; en Bossa<\/a>[\/vc_column_text] [vc_column_text] <\/p>\n<p style=\"text-align: center;\">In Richtung S\u00fcden finden wir einen weitl\u00e4ufigen Strand, der in der Unendlichkeit verloren zu sein scheint. It &#8216; S Playa d &#8216; en Bossa.<\/p>\n<p> [\/vc_column_text] [\/vc_column] [vc_column width = &#8220;1\/3&#8221; El_class = &#8220;Filaplayas&#8221; el_id = &#8220;Talamanca&#8221;] [vc_single_image image= &#8220;47515&#8221; img_size = &#8220;full&#8221;] [vc_column_text El_class = &#8220;.conelanteriorreducido&#8221;] <a href=\"https:\/talamanca\/\">Talamanca<\/a> [\/vc_column_text] [vc_column_text] <\/p>\n<p style=\"text-align: center;\" >Hinter dem Hafen gelegen, bietet Talamanca einen urbanen, aber sehr \u00f6kologischen Strand.<\/p>\n<p> [\/vc_column_text] [\/vc_column] [vc_column width = &#8220;1\/3&#8221; El_class = &#8220;Filaplayas&#8221;] [vc_single_image image= &#8220;47470&#8221; img_size = &#8220;full&#8221;] [vc_column_text El_class = &#8220;.conelanteriorreducido&#8221;] <a href=\"https:\/figueretas\/\">Figueretas<\/a> [\/vc_column_text] [vc_column_text] <\/p>\n<p style=\"text-align: center;\" >In der entgegengesetzten Richtung zu Talamanca, der erste Strand, den wir finden, ist Figueretas.<\/p>\n<p> [\/vc_column_text] [\/vc_column] [\/vc_row] [vc_row full_width = &#8220;Stretch_row&#8221; css = &#8220;.vc_custom_1539810191369 {background-color:#1b7f47 !important;}&#8221;] [vc_column] [vc_column_text css_animation = &#8220;fadeIn&#8221; El_class = &#8220;.size24&#8221;] <\/p>\n<p class=\"size24\" style=\"text-align: center;\"><span style=\"color:#ffffff;\">Die Akte von Madina Yabisa wird von<\/span> <a href=\"https:\/\/disenowebibiza.soloibiza.com\/\"> <span style=\"color:#ffffff;\">Web Design Ibiza<\/span> <\/a><\/p>\n<p> [\/vc_column_text] [\/vc_column] [\/vc_row] <\/p>\n<\/div>","protected":false},"excerpt":{"rendered":"<p>[vc_row full_width = &#8220;stretch_row&#8221; parallax = &#8220;Content-moving-fade&#8221; css=&#8221;.vc_custom_1541444137191{padding-top: 20px !important; Padding-bottom: 60px !important; Background-image: url(http:\/\/soloibiza.com\/wp-content\/uploads\/2018\/11\/medina-yabisah.jpg?id=45821) !important; Background-Position: 0 0;background-repeat: No-repeat}&#8221;] [vc_column] [vc_custom_heading text = &#8220;Madina Yabisa. Kulturzentrum &#8221; font_container =&#8221;tag:H1|text_align: center|color:#ffffff&#8221; use_theme_fonts =&#8221;yes&#8221;] [vc_custom_heading text =&#8221; In der Stra\u00dfe, die zum Platz der Kathedrale f\u00fchrt, fanden wir eine kleine T\u00fcr zur Geschichte der Insel. &#8221; [&hellip;]<\/p>\n","protected":false},"author":1,"featured_media":0,"parent":52879,"menu_order":0,"comment_status":"closed","ping_status":"closed","template":"","meta":{"_acf_changed":false,"footnotes":""},"class_list":["post-52891","page","type-page","status-publish","hentry"],"acf":[],"_links":{"self":[{"href":"https:\/\/soloibiza.com\/de\/wp-json\/wp\/v2\/pages\/52891","targetHints":{"allow":["GET"]}}],"collection":[{"href":"https:\/\/soloibiza.com\/de\/wp-json\/wp\/v2\/pages"}],"about":[{"href":"https:\/\/soloibiza.com\/de\/wp-json\/wp\/v2\/types\/page"}],"author":[{"embeddable":true,"href":"https:\/\/soloibiza.com\/de\/wp-json\/wp\/v2\/users\/1"}],"replies":[{"embeddable":true,"href":"https:\/\/soloibiza.com\/de\/wp-json\/wp\/v2\/comments?post=52891"}],"version-history":[{"count":0,"href":"https:\/\/soloibiza.com\/de\/wp-json\/wp\/v2\/pages\/52891\/revisions"}],"up":[{"embeddable":true,"href":"https:\/\/soloibiza.com\/de\/wp-json\/wp\/v2\/pages\/52879"}],"wp:attachment":[{"href":"https:\/\/soloibiza.com\/de\/wp-json\/wp\/v2\/media?parent=52891"}],"curies":[{"name":"wp","href":"https:\/\/api.w.org\/{rel}","templated":true}]}}