{"id":51651,"date":"2019-03-09T21:48:41","date_gmt":"2019-03-09T20:48:41","guid":{"rendered":"https:\/?page_id=51651"},"modified":"2019-03-12T21:28:04","modified_gmt":"2019-03-12T20:28:04","slug":"s-estanyol-beach","status":"publish","type":"page","link":"https:\/\/soloibiza.com\/de\/s-estanyol-beach\/","title":{"rendered":"S &#8216; estanyol Beach"},"content":{"rendered":"<div class=\"wpb-content-wrapper\"><p> [vc_row full_width = &#8220;Stretch_row&#8221; parallax = &#8220;Content-Moving-fade&#8221; css = &#8220;.vc_custom_1545896073817 {padding-top: 20px !important; padding-bottom: 60px !important; Background-image: url(http:\/\/soloibiza.com\/wp-content\/uploads\/2018\/12\/S-Estanyol.jpg?id=47620) !important;}&#8221;] [vc_column] [vc_custom_heading text = &#8220;S &#8216; Estanyol Strand. Eine Ecke zum genie\u00dfen &#8221; font_container =&#8221;tag:h1|Text_align:center|color:%23ffffff&#8221; Use_theme_fonts =&#8221;yes&#8221;] [vc_custom_heading text =&#8221; La Playa s&#8217; Estanyol liegt im Osten der Insel. Von der Einfahrt in den Pfad f\u00fchrt zu kann es f\u00fchlen, dass Sie es ist ein besonderer Ort. &#8221; font_container =&#8221;tag:p|Font_size:24px|Text_align:center|color:%23ffffff&#8221; Use_theme_fonts =&#8221;yes&#8221;] [\/vc_column] [\/vc_row] [vc_row] [vc_column  width=&#8221; 2\/3 &#8220;] [vc_row_inner] [vc_column_inner] [\/vc_column_inner] [\/vc_row_inner] [vc_single_image image= &#8220;47620&#8221; Img_size = &#8220;full&#8221;] [vc_column_text] geh\u00f6rt zur Gemeinde von <a href=\"https:\/guia-de-turismo-de-ibiza-cultural-y-natural\/guia-turismo-santa-eulalia-ibiza\/\"> <strong>Santa Eulalia<\/strong> <\/a> finden wir den <strong>Strand von S&#8217;Estanyol<\/strong> acht Kilometer von <a href=\"https:\/\"> <strong>Ibiza<\/strong> <\/a> und 14 Kilometer von der Gemeinde von <strong>Santa Eul\u00e0ria<\/strong>. Zugang mit dem Auto, mit dem Auto oder dem Fahrrad, ist obwohl das Finale St\u00fcck der Stra\u00dfe der Erde und sehr unregelm\u00e4\u00dfig. Nehmen die Stra\u00dfe von Jesus, Roca LLisa und in unmittelbarer N\u00e4he beobachten einen Umweg von hand direkt mit einem Wegweiser. Dann nehmen wir die oben genannten Feldweg. Achten Sie besonders auf den <strong>Strand <\/strong>mit dem Abstieg zu erreichen, die vor allem im Winter, oft in sehr schlechtem Zustand befindet. In diesem Sommer es fest genug, aber gerade ankommen fr\u00fchen St\u00fcrme im August, so das Gel\u00e4nde unpassierbar wird. Seien Sie besonders vorsichtig bei Radfahrern, die die Stra\u00dfe \u00fcberqueren, als ein Weg den Radfahrer \u00fcberquert. [\/vc_column_text] [\/vc_column] [vc_column  width= &#8220;1\/3&#8243;] [vc_gmaps link=&#8221;#E-8_JTNDaWZyYW1lJTIwc3JjJTNEJTIyaHR0cHMlM0ElMkYlMkZ3d3cuZ29vZ2xlLmNvbSUyRm1hcHMlMkZlbWJlZCUzRnBiJTNEJTIxMW0xOCUyMTFtMTIlMjExbTMlMjExZDQ5NjUxLjg3NDM2MTU2NjY4JTIxMmQxLjM2NjIxNjI3NDgwMTU5NDIlMjEzZDM4Ljk0MTI5NjEyNzMwMTQzJTIxMm0zJTIxMWYwJTIxMmYwJTIxM2YwJTIxM20yJTIxMWkxMDI0JTIxMmk3NjglMjE0ZjEzLjElMjEzbTMlMjExbTIlMjExczB4MTI5OTQxYTY3ZGM1YjM5OSUyNTNBMHg2ZTU3Y2FhZTA3ZWNjZTUzJTIxMnNQbGF0amElMkJkZSUyQnMlMjYlMjMzOSUzQkVzdGFueW9sJTIxNWUwJTIxM20yJTIxMXNlcyUyMTJzZXMlMjE0djE1NDU4OTc5NTk2NDYlMjIlMjB3aWR0aCUzRCUyMjYwMCUyMiUyMGhlaWdodCUzRCUyMjQ1MCUyMiUyMGZyYW1lYm9yZGVyJTNEJTIyMCUyMiUyMHN0eWxlJTNEJTIyYm9yZGVyJTNBMCUyMiUyMGFsbG93ZnVsbHNjcmVlbiUzRSUzQyUyRmlmcmFtZSUzRQ==&#8221;] [vc_custom_heading text =&#8221;Zus\u00e4tzliche Leistungen&#8221; font_container =&#8221;tag:h3|Text_align:center|color:%23ffffff&#8221; Use_theme_fonts =&#8221;yes&#8221; Css =&#8221;.vc_custom_1540662764537 {Margin-Bottom: 30px !important; Background-color:#f3ad2a !important;} &#8220;] [vc_row_inner gap = &#8220;30&#8221;] [vc_column_inner  width= &#8220;1\/3&#8221;] [vc_icon Icon_hubbleicons = &#8220;icono-sun-bath&#8221; color = &#8220;custom&#8221; size = &#8220;xl&#8221; align = &#8220;Center&#8221; Icons_reach_icons = &#8220;icon-beach-1&#8221; Custom_color = &#8220;#f1ae28&#8221;] [vc_column_text] <\/p>\n<p style=\"text-align: center;\"><span style=\"color:#f3ad2a;\"><strong >Sonnenschirme<\/strong><\/span><\/p>\n<p> [\/vc_column_text] [\/vc_column_inner] [vc_column_inner width= &#8220;1\/3&#8221;] [vc_icon icon_hubbleicons = &#8220;icono-relax-5&#8221; color = &#8220;custom&#8221; size = &#8220;xl&#8221; align = &#8220;center&#8221; icons_reach_icons = &#8220;Icon-beach-1&#8221; custom_color = &#8220;#f1ae28&#8221;] [vc_column_text] <\/p>\n<p style=\"text-align: center;\"><span style=\"color:#f3ad2a;\"><strong >H\u00e4ngematten<\/strong><\/span><\/p>\n<p> [\/vc_column_text] [\/vc_column_inner] [vc_column_inner width= &#8220;1\/3&#8221;] [vc_icon icon_hubbleicons = &#8220;icono-swimming-pool-3&#8221; color = &#8220;custom&#8221; size = &#8220;xl&#8221; align = &#8220;center&#8221; icons_reach_icons = &#8220;Icon-beach-1&#8221; custom_color = &#8220;#f1ae28&#8221;] [vc_column_text] <\/p>\n<p style=\"text-align: center;\"><span style=\"color:#f3ad2a;\"><strong >Bad<\/strong><\/span><\/p>\n<p> [\/vc_column_text] [\/vc_column_inner] [\/vc_row_inner] [vc_row_inner gap = &#8220;30&#8221;] [vc_column_inner width= &#8220;1\/3&#8221;] [vc_icon icon_hubbleicons = &#8220;icono-terrace&#8221; color = &#8220;custom&#8221; size = &#8220;xl&#8221; align = &#8220;center&#8221; icons_reach_icons = &#8220;Icon-Beach-1&#8221; custom_color = &#8220;#f1ae28&#8221;] [vc_column_text] <\/p>\n<p style=\"text-align: center;\"><span style=\"color:#f3ad2a;\"><strong >Restaurant<\/strong><\/span><\/p>\n<p> [\/vc_column_text] [\/vc_column_inner] [vc_column_inner width= &#8220;1\/3&#8221;] [\/vc_column_inner] [vc_column_inner width= &#8220;1\/3&#8221;] [\/vc_column_inner] [\/vc_row_inner] [\/vc_column] [\/vc_row] [vc_row] [vc_column] [vc_column_text] <\/p>\n<div class=\"entry clearfloat\">\n<h2 id=\"t2\" class=\"title\" >Wir finden in S &#8216; Estanyol<\/h2>\n<div class=\"entry clearfloat\"> Der <strong>Strand <\/strong>erstreckt sich etwa siebzig Meter lang und etwa 25 Meter breit, umgeben von zwei Anlegestegen, die etwa vier Meter \u00fcber dem Meer steigen und in Felsen m\u00fcnden, die ins Wasser gehen. Seien Sie vorsichtig, wenn Sie die Umgebung erkunden, denn es gibt wichtige Klippen vor allem auf der linken Seite der K\u00fcste. <\/p>\n<h3 >Der Sand von S &#8216; Estanyol<\/h3>\n<p> Der Sand ist ziemlich fein, und wenn wir einmal im Wasser sind, k\u00f6nnen wir ihn finden, der unz\u00e4hligen Felsen und Vegetation Schutz bietet. Der <strong>Strand<\/strong> hat eine kleine markierte Piste, in der man einen Bereich f\u00fcr das Bad von etwa zwanzig Metern genie\u00dfen kann. Wenn wir das Tauchen praktizieren, werden wir in der Lage sein, eine beeindruckende Fauna zu finden, mit Zackenbarn und Mur\u00e4nen, die von den drei Metern Tiefe beginnen, und einem sch\u00f6nen Meereshang am Ausgang der Bucht. Achten Sie auf die Tiefe, wenn Sie zu lunge. Besonders irref\u00fchrend ist der Hangbereich. Der Wind weht in der Regel locker und dank des Bergschutzes immer von Meer zu Boden. Die Umgebung wird von Wanderwegen durchquert, auf denen normalerweise Nudismus praktiziert wird. <\/div><\/div>\n<p> [\/vc_column_text] [\/vc_column] [\/vc_row] [vc_row full_width = &#8220;Stretch_row&#8221; css = &#8220;.vc_custom_1540634055579 {padding-top: 30px !important; padding-bottom: 60px !important; Background-color:#f1ae28 !important; Background-Position: center !important; Background-Wiederholung: No-Wieder-Wiederholungs-Bedeutung; background-size: Cover !important;} &#8220;] [vc_column] [vc_custom_heading text = &#8220;Buslinien zum S &#8216; estanyol Strand&#8221; font_container = &#8220;tag:h2|font_size:40px|text_align:center|color:%23ffffff|line_height:48px&#8221; use_theme_fonts = &#8220;yes&#8221;] [vc_custom_heading text = &#8220;Es ist wichtig, den Fahrplan der Busse zu kontrollieren, denn der Verlust des letzten ist ein Problem. Wir empfehlen Ihnen, sich in einem Mietwagen zu bewegen. &#8221; font_container =&#8221; Tag: P|font_size: 24px|text_align: center|color:#ffffff &#8221; use_theme_fonts =&#8221;yes&#8221; link =&#8221; URL: HTTPS% 3a% 2f% 2Falquilercochesibiza.soloibiza.com][\/vc_column] [\/vc_row] [vc_row] [vc_column] [vc_column_text] Es gibt keine Buslinie, um den Strand von S &#8216; estanyol zu erreichen, so dass wir den Mietwagen empfehlen. [\/vc_column_text] [\/vc_column] [\/vc_row] [vc_row full_width = &#8220;Stretch_row&#8221; css = &#8220;.vc_custom_1540634055579 {padding-top: 30px !important; padding-bottom: 60px !important; Background-color:#f1ae28 !important; Background-Position: center !important; Background-Wiederholung: No-Wieder-Wiederholungs-Bedeutung; background-size: Cover !important;} &#8220;] [vc_column] [vc_custom_heading text = &#8220;andere Str\u00e4nde in der N\u00e4he von Playa de S&#8217;estanyol&#8221; font_container = &#8220;tag:h2|Font_size:40px|Text_align:center|color:%23ffffff|Line_height:48px&#8221; Use_theme_fonts = &#8220;yes&#8221;] [\/vc_column] [\/vc_row] [vc_row] [vc_column  width= &#8220;1\/3&#8221; Class = &#8220;Filaplayas&#8221;] [vc_single_image image= &#8220;47515&#8221; Img_size = &#8220;full&#8221;] [vc_column_text el_Class = &#8220;.conelanteriorreducido&#8221;] <a href=\"https:\/talamanca\/\">Talamanca<\/a> [\/vc_column_text] [vc_column_text] <\/p>\n<h2 style=\"text-align: center;\" >Talamanca Strand auf 4 km<\/h2>\n<p style=\"text-align: center;\" >Einer der besten Stadtstr\u00e4nde, die wir genie\u00dfen k\u00f6nnen, befindet sich am Strand von Talamanca.<\/p>\n<p> [\/vc_column_text] [\/vc_column] [vc_column width = &#8220;1\/3&#8221; El_class = &#8220;Filaplayas&#8221;] [vc_single_image image= &#8220;47320&#8221; img_size = &#8220;full&#8221;] [vc_column_text El_class = &#8220;.conelanteriorreducido&#8221;] <a href=\"https:\/cala-llonga\/\">Cala Llonga<\/a> [\/vc_column_text] [vc_column_text] <\/p>\n<h2 style=\"text-align: center;\" >Cala Llonga 5 Km<\/h2>\n<p style=\"text-align: center;\" >Der Strand von Cala Llonga liegt etwa zw\u00f6lf Kilometer von der Stadt Ibiza und etwa sechs Kilometer von Santa Eulalia entfernt.<\/p>\n<p> [\/vc_column_text] [\/vc_column] [vc_column width = &#8220;1\/3&#8221; El_class = &#8220;Filaplayas&#8221;] [vc_single_image image = &#8220;47602&#8221; img_size = &#8220;full&#8221;] [vc_column_text El_class = &#8220;.conelanteriorreducido&#8221;] <a href=\"https:\/calo-de-salga\/\">Cal\u00f3 de S &#8216; Alga<\/a> [\/vc_column_text] [vc_column_text] <\/p>\n<h2 style=\"text-align: center;\" >Cal\u00f3 de S \u0301Alga 7 Km<\/h2>\n<p style=\"text-align: center;\" >Ein kurioser Strand, der in der Urbanisierung von Siesta, Santa Eulalia del Rio, zu finden ist.<\/p>\n<p> [\/vc_column_text] [\/vc_column] [\/vc_row] [vc_row full_width = &#8220;Stretch_row&#8221; css = &#8220;.vc_custom_1539928959405 {padding-top: 20px !important; padding-bottom: 20px !important; Background-color:#1b7f47 !important;}&#8221;] [vc_column] [vc_custom_heading text = &#8220;Mehr Sehensw\u00fcrdigkeiten&#8221; font_container = &#8220;Tag: H2|text_align: center|color:#ffffff&#8221; use_theme_fonts = &#8220;yes&#8221;] [vc_custom_heading text = &#8220;Wenn Sie einen Mietwagen haben, k\u00f6nnen Sie diese anderen Orte mit einem touristischen Interesse&#8221; font_container = &#8220;Tag:P|font_size: 24px|text_align: center|color:#ffffff&#8221; use_theme_fonts = &#8220;yes&#8221; link = &#8220;URL: HTTPS% 3a% 2f% 2Falquilercochesibiza.soloibiza.com][\/vc_column] [\/vc_row] [vc_row] [vc_column width = &#8220;1\/3&#8221;] [vc_single_image image= &#8220;46718&#8221; img_size = &#8220;full&#8221; onclick = &#8220;custom_link&#8221; link = &#8220;https:\/guia-de-turismo-de-ibiza-cultural-y-natural\/guia-turismo-santa-eulalia-ibiza\/guia-de-turismo-de-jesus\/iglesia-de-jesus\/&#8221;] [vc_column_text] <\/p>\n<h2 style=\"text-align: center;\" >Kirche Jesu auf 4 km<\/h2>\n<p style=\"text-align: center;\" >Die Ankunft in diesem Tempel ist ganz einfach.<\/p>\n<p> [\/vc_column_text] [\/vc_column] [vc_column width = &#8220;1\/3&#8221;] [vc_single_image image= &#8220;46844&#8221; img_size = &#8220;full&#8221; onclick = &#8220;custom_link&#8221; link = &#8220;https:\/guia-de-turismo-de-ibiza-cultural-y-natural\/guia-turismo-santa-eulalia-ibiza\/guia-de-turismo-de-puig-den-valls\/molino-de-puig-den-valls\/&#8221;] [vc_column_text] <\/p>\n<h2 style=\"text-align: center;\" >Molino de Puig d \u0301en Valls auf 6 km<\/h2>\n<p style=\"text-align: center;\" >Puig d &#8216; en Valls ist der Name, der einen H\u00fcgel in der N\u00e4he der Stadt Ibiza erh\u00e4lt, und auf seinem Gipfel k\u00f6nnen wir seine M\u00fchle sehen.<\/p>\n<p> [\/vc_column_text] [\/vc_column] [vc_column width = &#8220;1\/3&#8221; El_class = &#8220;Filaplayas&#8221;] [vc_single_image image= &#8220;46814&#8221; img_size = &#8220;full&#8221; onclick = &#8220;custom_link&#8221; link = &#8220;https:\/guia-de-turismo-de-ibiza-cultural-y-natural\/guia-de-turismo-de-la-ciudad-de-ibiza\/iglesia-del-convento\/&#8221;] [vc_column_text] <\/p>\n<h2 style=\"text-align: center;\" >Klosterkirche 6 km entfernt<\/h2>\n<p style=\"text-align: center;\" >Auf dem von der Universitat D &#8216; Eivissa gestifteten Grundst\u00fcck ist die Kirche des Klosters Santo Domingo errichtet.<\/p>\n<p> [\/vc_column_text] [\/vc_column] [\/vc_row] [vc_row full_width = &#8220;Stretch_row&#8221; css = &#8220;.vc_custom_1539928959405 {padding-top: 20px !important; padding-bottom: 20px !important; Background-color:#1b7f47 !important;}&#8221;] [vc_column] [vc_custom_heading text = &#8220;Locations in und um Playa de S &#8216; estanyol&#8221; font_container = &#8220;tag:H2|text_align: center|color:#ffffff&#8221; use_theme_fonts = &#8220;yes&#8221;] [\/vc_column] [\/vc_row] [vc_row] [vc_column width = &#8220;1\/3&#8221;] [vc_single_image image= &#8220;46826&#8221; img_size = &#8220;full&#8221; onclick = &#8220;custom_link&#8221; link = &#8220;https:\/guia-de-turismo-de-ibiza-cultural-y-natural\/guia-turismo-santa-eulalia-ibiza\/guia-de-turismo-de-jesus\/&#8221;] [vc_column_text] <\/p>\n<h2 style=\"text-align: center;\" >Jesus auf 4 km<\/h2>\n<p style=\"text-align: center;\" >Jesus ist eine der Pfarreien der Gemeinde Santa Eul\u00e1ria, die an die Stadt Ibiza grenzt.<\/p>\n<p> [\/vc_column_text] [\/vc_column] [vc_column width = &#8220;1\/3&#8221;] [vc_single_image image= &#8220;46940&#8221; img_size = &#8220;full&#8221; onclick = &#8220;custom_link&#8221; link = &#8220;https:\/guia-de-turismo-de-ibiza-cultural-y-natural\/guia-turismo-santa-eulalia-ibiza\/guia-de-turismo-de-puig-den-valls\/&#8221;] [vc_column_text] <\/p>\n<h2 style=\"text-align: center;\" >Puig den Valls 6 Km<\/h2>\n<p style=\"text-align: center;\" >Puig d &#8216; en Valls befindet sich im s\u00fcdlichen Ende der Gemeinde Santa Eularia, an der Grenze zur Gemeinde Ibiza.<\/p>\n<p> [\/vc_column_text] [\/vc_column] [vc_column width = &#8220;1\/3&#8221;] [vc_single_image image= &#8220;46670&#8221; img_size = &#8220;full&#8221; onclick = &#8220;custom_link&#8221; link = &#8220;https:\/guia-de-turismo-de-ibiza-cultural-y-natural\/guia-de-turismo-de-la-ciudad-de-ibiza\/&#8221;] [vc_column_text] <\/p>\n<h2 style=\"text-align: center;\" >Ibiza auf 4 km<\/h2>\n<p style=\"text-align: center;\" >Der Tourismus auf Ibiza kam aus der Hand der Sonne, der Party und des Strandes.<\/p>\n<p> [\/vc_column_text] [\/vc_column] [\/vc_row] [vc_row] [vc_column] [vc_column_text] [toc] [\/vc_column_text] [\/vc_column] [\/vc_row] <\/p>\n<\/div>","protected":false},"excerpt":{"rendered":"<p>[vc_row full_width = &#8220;Stretch_row&#8221; parallax = &#8220;Content-Moving-fade&#8221; css = &#8220;.vc_custom_1545896073817 {padding-top: 20px !important; padding-bottom: 60px !important; Background-image: url(http:\/\/soloibiza.com\/wp-content\/uploads\/2018\/12\/S-Estanyol.jpg?id=47620) !important;}&#8221;] [vc_column] [vc_custom_heading text = &#8220;S &#8216; Estanyol Strand. Eine Ecke zum genie\u00dfen &#8221; font_container =&#8221;tag:h1|Text_align:center|color:%23ffffff&#8221; Use_theme_fonts =&#8221;yes&#8221;] [vc_custom_heading text =&#8221; La Playa s&#8217; Estanyol liegt im Osten der Insel. Von der Einfahrt in den Pfad f\u00fchrt [&hellip;]<\/p>\n","protected":false},"author":1,"featured_media":0,"parent":0,"menu_order":0,"comment_status":"closed","ping_status":"closed","template":"","meta":{"_acf_changed":false,"footnotes":""},"class_list":["post-51651","page","type-page","status-publish","hentry"],"acf":[],"_links":{"self":[{"href":"https:\/\/soloibiza.com\/de\/wp-json\/wp\/v2\/pages\/51651","targetHints":{"allow":["GET"]}}],"collection":[{"href":"https:\/\/soloibiza.com\/de\/wp-json\/wp\/v2\/pages"}],"about":[{"href":"https:\/\/soloibiza.com\/de\/wp-json\/wp\/v2\/types\/page"}],"author":[{"embeddable":true,"href":"https:\/\/soloibiza.com\/de\/wp-json\/wp\/v2\/users\/1"}],"replies":[{"embeddable":true,"href":"https:\/\/soloibiza.com\/de\/wp-json\/wp\/v2\/comments?post=51651"}],"version-history":[{"count":0,"href":"https:\/\/soloibiza.com\/de\/wp-json\/wp\/v2\/pages\/51651\/revisions"}],"wp:attachment":[{"href":"https:\/\/soloibiza.com\/de\/wp-json\/wp\/v2\/media?parent=51651"}],"curies":[{"name":"wp","href":"https:\/\/api.w.org\/{rel}","templated":true}]}}