{"id":51631,"date":"2019-03-09T21:40:32","date_gmt":"2019-03-09T20:40:32","guid":{"rendered":"https:\/?page_id=51631"},"modified":"2019-03-09T23:21:12","modified_gmt":"2019-03-09T22:21:12","slug":"cala-nova-beach","status":"publish","type":"page","link":"https:\/\/soloibiza.com\/de\/cala-nova-beach\/","title":{"rendered":"Cala Nova Beach"},"content":{"rendered":"<div class=\"wpb-content-wrapper\"><p> [vc_row full_width = &#8220;Stretch_row&#8221; parallax = &#8220;Content-Moving-fade&#8221; css = &#8220;.vc_custom_1545913115908 {padding-top: 20px !important; padding-bottom: 60px !important; Background-image: url(http:\/\/soloibiza.com\/wp-content\/uploads\/2018\/12\/Cala-nova.jpg?id=47344) !important;}&#8221;] [vc_column] [vc_custom_heading text = &#8220;Cala Nova Strand. Einen Strand neben einem Campingplatz &#8221; font_container =&#8221;tag:h1|Text_align:center|color:%23ffffff&#8221; Use_theme_fonts =&#8221;yes&#8221;] [vc_custom_heading text =&#8221;Der Strand der Cala Nova ist ein Strand, der durch die Art des Tourismus, die wir finden sehr eigenartig&#8221; font_container =&#8221;Tag:p|Font_size: 24px|Text_align:center|color:%23ffffff&#8221; Use_theme_fonts = &#8220;yes&#8221;] [\/vc_column] [\/vc_row] [vc_row] [vc_column  width= &#8220;2\/3&#8221;] [vc_row_inner] [vc_column_inner] [\/vc_column_inner] [\/vc_row_inner] [vc_single_image image= &#8220;47344&#8221; Img_size = &#8220;full&#8221;] [vc_column_text] die Zugeh\u00f6rigkeit zu der Gemeinde von <a href=\"https:\/guia-de-turismo-de-ibiza-cultural-y-natural\/guia-turismo-santa-eulalia-ibiza\/\"> <strong>Santa Eul\u00e0ria<\/strong> <\/a> finden am <strong>Strand Cala Nova<\/strong>, etwa 23 Kilometer etwa sieben der Gemeinde von <strong>Santa Eulalia<\/strong>und <a href=\"https:\/\"> <strong>Ibiza<\/strong> <\/a>. Diese Bucht ist \u00fcber eine Stra\u00dfe erreichbar, nehmen Sie die Stra\u00dfe, die von <strong>Cala LLenya<\/strong> kommt oder von <strong>Es Canar<\/strong>kommt. Sie ist erreichbar mit dem Auto oder mit dem Fahrrad, und wenn Sie im Sommer besuchen, Mediente kann auch auf eine regelm\u00e4\u00dfige Buslinie. [\/vc_column_text] [\/vc_column] [vc_column  width= &#8220;1\/3&#8243;] [vc_gmaps link=&#8221;#E-8_JTNDaWZyYW1lJTIwc3JjJTNEJTIyaHR0cHMlM0ElMkYlMkZ3d3cuZ29vZ2xlLmNvbSUyRm1hcHMlMkZlbWJlZCUzRnBiJTNEJTIxMW0xOCUyMTFtMTIlMjExbTMlMjExZDEyNDAxLjMzMjExMjg0NTY2NiUyMTJkMS41NzM0NzA2NDQ1MDcwNzYzJTIxM2QzOS4wMDc3MTU5OTY4MzE5NTUlMjEybTMlMjExZjAlMjEyZjAlMjEzZjAlMjEzbTIlMjExaTEwMjQlMjEyaTc2OCUyMTRmMTMuMSUyMTNtMyUyMTFtMiUyMTFzMHgxMjk5MTQ5MjcxYzc5NjMzJTI1M0EweDJmZmUwNjFiZTMxMmRjYjMlMjEyc0NhbGElMkJOb3ZhJTIxNWUwJTIxM20yJTIxMXNlcyUyMTJzZXMlMjE0djE1NDU5MTI4ODYyOTUlMjIlMjB3aWR0aCUzRCUyMjYwMCUyMiUyMGhlaWdodCUzRCUyMjQ1MCUyMiUyMGZyYW1lYm9yZGVyJTNEJTIyMCUyMiUyMHN0eWxlJTNEJTIyYm9yZGVyJTNBMCUyMiUyMGFsbG93ZnVsbHNjcmVlbiUzRSUzQyUyRmlmcmFtZSUzRQ==&#8221;]  [vc_custom_heading text =&#8221;Zus\u00e4tzliche Leistungen&#8221; font_container =&#8221;tag:h3|Text_align:center|color:%23ffffff&#8221; Use_theme_fonts =&#8221;yes&#8221; Css =&#8221;.vc_custom_1540662764537{Margin-Bottom: 30px !important; Background-color:#f3ad2a !important;} &#8220;] [vc_row_inner gap = &#8220;30&#8221;] [vc_column_inner  width= &#8220;1\/3&#8221;] [vc_icon Icon_hubbleicons = &#8220;icono-sun-bath&#8221; color = &#8220;custom&#8221; size = &#8220;xl&#8221; align = &#8220;Center&#8221; Icons_reach_icons = &#8220;icon-beach-1&#8221; Custom_color = &#8220;#f1ae28&#8221;] [vc_column_text] <\/p>\n<p style=\"text-align: center;\"><span style=\"color:#f3ad2a;\"><strong >Sonnenschirme<\/strong><\/span><\/p>\n<p> [\/vc_column_text] [\/vc_column_inner] [vc_column_inner width= &#8220;1\/3&#8221;] [vc_icon icon_hubbleicons = &#8220;icono-relax-5&#8221; color = &#8220;custom&#8221; size = &#8220;xl&#8221; align = &#8220;center&#8221; icons_reach_icons = &#8220;Icon-beach-1&#8221; custom_color = &#8220;#f1ae28&#8221;] [vc_column_text] <\/p>\n<p style=\"text-align: center;\"><span style=\"color:#f3ad2a;\"><strong >H\u00e4ngematten<\/strong><\/span><\/p>\n<p> [\/vc_column_text] [\/vc_column_inner] [vc_column_inner width= &#8220;1\/3&#8221;] [vc_icon icon_hubbleicons = &#8220;icono-terrace&#8221; color = &#8220;custom&#8221; size = &#8220;xl&#8221; align = &#8220;center&#8221; icons_reach_icons = &#8220;Icon-Beach-1&#8221; custom_color = &#8220;#f1ae28&#8221;] [vc_column_text] <\/p>\n<p style=\"text-align: center;\"><span style=\"color:#f3ad2a;\"><strong >Restaurant<\/strong><\/span><\/p>\n<p> [\/vc_column_text] [\/vc_column_inner] [\/vc_row_inner] [vc_row_inner gap = &#8220;30&#8221;] [vc_column_inner width= &#8220;1\/3&#8221;] [\/vc_column_inner] [vc_column_inner width= &#8220;1\/3&#8221;] [\/vc_column_inner] [vc_column_inner width= &#8220;1\/3&#8221;] [\/vc_column_inner] [\/vc_row_inner] [\/vc_column] [\/vc_row] [vc_row] [vc_column] [vc_column_text] <\/p>\n<div class=\"entry clearfloat\">\n<h2 id=\"t2\" class=\"title\" >Wir finden in Cala Nova<\/h2>\n<div class=\"entry clearfloat\"> Die <strong>Bucht <\/strong>liegt zwischen zwei ziemlich felsigen und kletternden K\u00fcstenabschnitten. Der <strong>Strand<\/strong> hat eine L\u00e4nge von etwa zweihundert sechzig Metern um etwa zwanzig oder 25 f\u00fcnf Meter breit, mit einer klaren Teilung, die durch ein felsiges Entr\u00e9e provoziert wird. Der Sand ist dick und kommt von den Felsen, die ihn umgeben. Es ist kein besonders tiefer Strand, denn in etwa drei\u00dfig Metern vor der K\u00fcste k\u00f6nnen wir in einigen Bereichen Fu\u00df fassen. Dieser Sand ist derselbe, der haupts\u00e4chlich den Meeresboden ausmacht. Die vorherrschenden Winde sind vom Meer auf den Boden, obwohl aufgrund ihrer Lage, besondere Aufmerksamkeit auf die Meeresstr\u00f6mungen, die stark werden k\u00f6nnen. Beobachten Sie die Flaggen an diesem <strong>Strand <\/strong>, die vor Gefahr warnen. <\/p>\n<h3 >Vorsicht in Cala Nova<\/h3>\n<p> Achten Sie auf besondere Pflege in der felsigen Gegend links vom Strand. Obwohl es manchmal eine ruhige Ecke zu sein scheint, bilden sich wirbelnde Str\u00f6mungen, die den Schwimmern mehr als eine Abneigung bereitet haben. Der spielerische Aspekt ist nicht sehr bemerkenswert, obwohl es die Grundversorgung f\u00fcr einen perfekten Tag des <strong>Strandes in <\/strong>einer Ecke von gro\u00dfer Sch\u00f6nheit hat. <\/div><\/div>\n<p> [\/vc_column_text] [\/vc_column] [\/vc_row] [vc_row full_width = &#8220;Stretch_row&#8221; css = &#8220;.vc_custom_1540634055579 {padding-top: 30px !important; padding-bottom: 60px !important; Background-color:#f1ae28 !important; Background-Position: center !important; Background-Wiederholung: No-Wieder-Wiederholungs-Bedeutung; background-size: Cover !important;} &#8220;] [vc_column] [vc_custom_heading text = &#8220;Buslinien zum Strand von Cala Nova&#8221; font_container = &#8220;Tag: H2|font_size: 40px|text_align: center|color:#FFFF|line_height: 48px&#8221; use_theme_fonts = &#8220;yes&#8221; ] [vc_custom_heading text = &#8220;Es ist wichtig, den Fahrplan der Busse zu kontrollieren, denn der Verlust des letzten ist ein Problem. Wir empfehlen Ihnen, sich in einem Mietwagen zu bewegen. &#8221; font_container =&#8221; Tag: P|font_size: 24px|text_align: center|color:#ffffff &#8221; use_theme_fonts =&#8221;yes&#8221; link =&#8221; URL: HTTPS% 3a% 2f% 2Falquilercochesibiza.soloibiza.com][\/vc_column] [\/vc_row] [vc_row] [vc_column] [vc_column_text] <\/p>\n<ul>\n<li >Bus Santa Eulalia-> Es Canar, <a href=\"https:\/autobuses-de-ibiza-lineas-y-horarios\/autobus-linea-18a-santa-eulalia-es-canar\/\">Linie 18a<\/a><\/li>\n<li >Bus Cala Nova-> Es Canar-> Santa Eulalia-> Airport, <a href=\"https:\/autobuses-de-ibiza-lineas-y-horarios\/autobus-linea-l24-cala-nova-es-canar-santa-eulalia-aeropuerto\/\">Linie 24<\/a><\/li>\n<\/ul>\n<p> [\/vc_column_text] [\/vc_column] [\/vc_row] [vc_row full_width = &#8220;Stretch_row&#8221; css = &#8220;.vc_custom_1540634055579 {padding-top: 30px !important; padding-bottom: 60px !important; Background-color:#f1ae28 !important; Background-Position: center !important; Background-Wiederholung: No-Wieder-Wiederholungs-Bedeutung; background-size: Cover !important;} &#8220;] [vc_column] [vc_custom_heading text = &#8220;Andere Str\u00e4nde in der N\u00e4he von Cala Nova Beach&#8221; font_container = &#8220;Tag: H2|font_size: 40px|text_align: center|color:#FFFF|line_height: 48px&#8221; use_theme_fonts = &#8220;yes&#8221; ] [\/vc_column] [\/vc_row] [vc_row] [vc_column width = &#8220;1\/3&#8221; El_class = &#8220;Filaplayas&#8221;] [vc_single_image image= &#8220;47416&#8221; img_size = &#8220;full&#8221;] [vc_column_text El_class = &#8220;.conelanteriorreducido&#8221;] <a href=\"https:\/es-canar\/\">Es Canar<\/a> [\/vc_column_text] [vc_column_text] <\/p>\n<h2 style=\"text-align: center;\" >Es ist Kanar auf 855 Meter<\/h2>\n<p style=\"text-align: center;\" >Es Canar Beach ist etwa 21 Kilometer von Ibiza und etwa sechs von Santa Eularia entfernt.<\/p>\n<p> [\/vc_column_text] [\/vc_column] [vc_column width = &#8220;1\/3&#8221; El_class = &#8220;Filaplayas&#8221;] [vc_single_image image= &#8220;47314&#8221; img_size = &#8220;full&#8221;] [vc_column_text El_class = &#8220;.conelanteriorreducido&#8221;] <a href=\"https:\/cala-llenya\/\">Cala Llenya<\/a> [\/vc_column_text] [vc_column_text] <\/p>\n<h2 style=\"text-align: center;\" >Cala Llenya auf 886 Meter<\/h2>\n<p style=\"text-align: center;\" >Zur Gemeinde Santa Eularia geh\u00f6rt der Strand von Cala Llenya, etwa 25 Kilometer von Ibiza und etwa zehn von Santa Eularia entfernt.<\/p>\n<p> [\/vc_column_text] [\/vc_column] [vc_column width = &#8220;1\/3&#8221; El_class = &#8220;Filaplayas&#8221;] [vc_single_image image= &#8220;47410&#8221; img_size = &#8220;full&#8221;] [vc_column_text El_class = &#8220;.conelanteriorreducido&#8221;] <a href=\"https:\/cana-martina\/\">Ca Na Martina<\/a> [\/vc_column_text] [vc_column_text] <\/p>\n<h2 style=\"text-align: center;\" >Ca Na Martina 2 Km<\/h2>\n<p style=\"text-align: center;\" >Zur Gemeinde Santa Eulalia geh\u00f6ren wir zum Strand von Ca Na Martina, Theguys 20 Kilometer von Ibiza und etwa sechs von Santa Eulalia.<\/p>\n<p> [\/vc_column_text] [\/vc_column] [\/vc_row] [vc_row full_width = &#8220;Stretch_row&#8221; css = &#8220;.vc_custom_1539928959405 {padding-top: 20px !important; padding-bottom: 20px !important; Background-color:#1b7f47 !important;}&#8221;] [vc_column] [vc_custom_heading text = &#8220;Mehr Sehensw\u00fcrdigkeiten&#8221; font_container = &#8220;Tag: H2|text_align: center|color:#ffffff&#8221; use_theme_fonts = &#8220;yes&#8221;] [vc_custom_heading text = &#8220;Wenn Sie einen Mietwagen haben, k\u00f6nnen Sie diese anderen Orte mit einem touristischen Interesse&#8221; font_container = &#8220;Tag besuchen: P|font_size: 24px|text_align: center|color:#ffffff&#8221; use_theme_fonts = &#8220;yes&#8221; link = &#8220;URL: HTTPS% 3a% 2f% 2Falquilercochesibiza.soloibiza.com][\/vc_column] [\/vc_row] [vc_row] [vc_column width = &#8220;1\/3&#8221;] [vc_single_image image= &#8220;46700&#8221; img_size = &#8220;full&#8221; onclick = &#8220;custom_link&#8221; link = &#8220;https:\/guia-de-turismo-de-ibiza-cultural-y-natural\/guia-turismo-santa-eulalia-ibiza\/guia-de-turismo-de-san-carlos-o-sant-carles-de-peralta\/font-de-morna\/&#8221;] [vc_column_text] <\/p>\n<h2 style=\"text-align: center;\" >Font de Morna 3 Km entfernt<\/h2>\n<p style=\"text-align: center;\" >Wir k\u00f6nnen den Font of Morna in der gleichnamigen Band finden.<\/p>\n<p> [\/vc_column_text] [\/vc_column] [vc_column width = &#8220;1\/3&#8221;] [vc_single_image image= &#8220;46742&#8221; img_size = &#8220;full&#8221; onclick = &#8220;custom_link&#8221; link = &#8220;https:\/guia-de-turismo-de-ibiza-cultural-y-natural\/guia-turismo-santa-eulalia-ibiza\/guia-de-turismo-de-san-carlos-o-sant-carles-de-peralta\/iglesia-de-sant-carles\/&#8221;] [vc_column_text] <\/p>\n<h2 style=\"text-align: center;\" >Kirche Sant Carles 3 km entfernt<\/h2>\n<p style=\"text-align: center;\" >Im Zentrum der Stadt Sant Carles de Peralta befindet sich die Kirche Sant Carles de Peralta.<\/p>\n<p> [\/vc_column_text] [\/vc_column] [vc_column width = &#8220;1\/3&#8221; El_class = &#8220;Filaplayas&#8221;] [vc_single_image image= &#8220;46616&#8221; img_size = &#8220;full&#8221; onclick = &#8220;custom_link&#8221; link = &#8220;https:\/guia-de-turismo-de-ibiza-cultural-y-natural\/guia-turismo-santa-eulalia-ibiza\/guia-de-turismo-de-san-carlos-o-sant-carles-de-peralta\/torre-den-valls\/&#8221;] [vc_column_text] <\/p>\n<h2 style=\"text-align: center;\" >Torre d &#8216; en Valls 5 Km<\/h2>\n<p style=\"text-align: center;\" >In der territorialen Teilung von Sant Carles de Peralta finden wir Torre d &#8216; en Valls.<\/p>\n<p> [\/vc_column_text] [\/vc_column] [\/vc_row] [vc_row full_width = &#8220;Stretch_row&#8221; css = &#8220;.vc_custom_1539928959405 {padding-top: 20px !important; padding-bottom: 20px !important; Background-color:#1b7f47 !important;}&#8221;] [vc_column] [vc_custom_heading text = &#8220;Locations in and around Cala Nova Beach&#8221; font_container = &#8220;Tag: H2|text_align: center|color:#ffff&#8221; use_theme_fonts = &#8220;yes&#8221;] [\/vc_column] [\/vc_row] [vc_row] [vc_column width = &#8220;1\/3&#8221;] [vc_single_image image= &#8220;46964&#8221; img_size = &#8220;full&#8221; onclick = &#8220;custom_link&#8221; link = &#8220;https:\/guia-de-turismo-de-ibiza-cultural-y-natural\/guia-turismo-santa-eulalia-ibiza\/guia-de-turismo-de-san-carlos-o-sant-carles-de-peralta\/&#8221; ] [vc_column_text] <\/p>\n<h2 style=\"text-align: center;\" >Sant Carles 3 Km<\/h2>\n<p style=\"text-align: center;\" >Etwa sechs Kilometer vom Kern von Santa Eularia entfernt befindet sich die Pfarrei Sant Carles de Peralta oder San Carlos.<\/p>\n<p> [\/vc_column_text] [\/vc_column] [vc_column width = &#8220;1\/3&#8221;] [vc_single_image image= &#8220;46910&#8221; img_size = &#8220;full&#8221; onclick = &#8220;custom_link&#8221; link = &#8220;https:\/guia-de-turismo-de-ibiza-cultural-y-natural\/guia-turismo-santa-eulalia-ibiza\/&#8221;] [vc_column_text] <\/p>\n<h2 style=\"text-align: center;\" >Santa Eularia 6 Km<\/h2>\n<p style=\"text-align: center;\" >Die menschliche Pr\u00e4senz in dieser Gemeinde hat sich in der pr\u00e4historischen Zeit etabliert.<\/p>\n<p> [\/vc_column_text] [\/vc_column] [vc_column width = &#8220;1\/3&#8221;] [vc_single_image image= &#8220;47012&#8221; img_size = &#8220;full&#8221; onclick = &#8220;custom_link&#8221; link = &#8220;https:\/guia-de-turismo-de-ibiza-cultural-y-natural\/guia-turismo-sant-joan-ibiza\/guia-de-turismo-de-san-vicente-o-sant-vicent-de-sa-cala\/&#8221;] [vc_column_text] <\/p>\n<h2 style=\"text-align: center;\" >Sant Vicent 7 Km<\/h2>\n<p style=\"text-align: center;\" >Im Norden des Stadtkerns von Sant Carles und in der Gemeinde Sant Joan gelegen, finden wir Sant Vincent de sa Cala.<\/p>\n<p> [\/vc_column_text] [\/vc_column] [\/vc_row] [vc_row] [vc_column] [vc_column_text] [toc] [\/vc_column_text] [\/vc_column] [\/vc_row] <\/p>\n<\/div>","protected":false},"excerpt":{"rendered":"<p>[vc_row full_width = &#8220;Stretch_row&#8221; parallax = &#8220;Content-Moving-fade&#8221; css = &#8220;.vc_custom_1545913115908 {padding-top: 20px !important; padding-bottom: 60px !important; Background-image: url(http:\/\/soloibiza.com\/wp-content\/uploads\/2018\/12\/Cala-nova.jpg?id=47344) !important;}&#8221;] [vc_column] [vc_custom_heading text = &#8220;Cala Nova Strand. Einen Strand neben einem Campingplatz &#8221; font_container =&#8221;tag:h1|Text_align:center|color:%23ffffff&#8221; Use_theme_fonts =&#8221;yes&#8221;] [vc_custom_heading text =&#8221;Der Strand der Cala Nova ist ein Strand, der durch die Art des Tourismus, die wir finden [&hellip;]<\/p>\n","protected":false},"author":1,"featured_media":0,"parent":0,"menu_order":0,"comment_status":"closed","ping_status":"closed","template":"","meta":{"_acf_changed":false,"footnotes":""},"class_list":["post-51631","page","type-page","status-publish","hentry"],"acf":[],"_links":{"self":[{"href":"https:\/\/soloibiza.com\/de\/wp-json\/wp\/v2\/pages\/51631","targetHints":{"allow":["GET"]}}],"collection":[{"href":"https:\/\/soloibiza.com\/de\/wp-json\/wp\/v2\/pages"}],"about":[{"href":"https:\/\/soloibiza.com\/de\/wp-json\/wp\/v2\/types\/page"}],"author":[{"embeddable":true,"href":"https:\/\/soloibiza.com\/de\/wp-json\/wp\/v2\/users\/1"}],"replies":[{"embeddable":true,"href":"https:\/\/soloibiza.com\/de\/wp-json\/wp\/v2\/comments?post=51631"}],"version-history":[{"count":0,"href":"https:\/\/soloibiza.com\/de\/wp-json\/wp\/v2\/pages\/51631\/revisions"}],"wp:attachment":[{"href":"https:\/\/soloibiza.com\/de\/wp-json\/wp\/v2\/media?parent=51631"}],"curies":[{"name":"wp","href":"https:\/\/api.w.org\/{rel}","templated":true}]}}