{"id":51553,"date":"2019-03-09T20:48:44","date_gmt":"2019-03-09T19:48:44","guid":{"rendered":"https:\/?page_id=51553"},"modified":"2019-03-09T21:10:42","modified_gmt":"2019-03-09T20:10:42","slug":"port-d-es-torrent-beach-in-ibiza","status":"publish","type":"page","link":"https:\/\/soloibiza.com\/de\/port-d-es-torrent-beach-in-ibiza\/","title":{"rendered":"Port d &#8216; es Torrent Beach in Ibiza"},"content":{"rendered":"<div class=\"wpb-content-wrapper\"><p> [vc_row full_width = &#8220;Stretch_row&#8221; parallax = &#8220;Content-Moving-fade&#8221; css = &#8220;.vc_custom_1546003796683 {padding-top: 20px !important; padding-bottom: 60px !important; Background-image: url(http:\/\/soloibiza.com\/wp-content\/uploads\/2018\/12\/Port-des-Torrent.jpg?id=47570) !important;}&#8221;] [vc_column] [vc_custom_heading text = &#8220;Playa de Port d &#8216; es Torrent, perfect to enjoy&#8221; font_container = &#8220;tag:H1|text_align: center|color:#ffff&#8221; use_theme_fonts = &#8220;yes&#8221;] [vc_custom_heading text = &#8220;der Strand von Port-Essen Torrent befindet sich am Ende einer sehr perfekt, gesch\u00fctzten Bucht, einen ruhigen Tag genie\u00dfen&#8221; font_container = &#8220;Tag: p|Font_size:24px|Text_align:center|color:%23ffffff&#8221; Use_theme_fonts = &#8220;yes&#8221;] [\/vc_column] [\/vc_row] [vc_row] [vc_column  width= &#8220;2\/3&#8221;] [vc_row_inner] [vc_column_inner] [\/vc_column_inner] [\/vc_row_inner] [vc_single_image image= &#8220;47570&#8221; Img_size = &#8220;full&#8221;] [vc_column_text] Die Zugeh\u00f6rigkeit zu der Gemeinde von <strong>San Jos\u00e9<\/strong> (<a href=\"https:\/guia-de-turismo-de-ibiza-cultural-y-natural\/guia-turismo-sant-josep-ibiza\/\"><strong>Sant Josep<\/strong><\/a>) finden wir am Strand von <strong>Port des Torrent<\/strong> , etwa zwanzig Kilometer von <a href=\"https:\/\"> <strong>Ibiza<\/strong> <\/a> und etwa sieben von <strong>Sant Josep<\/strong>. Obwohl es zur Gemeinde <strong>Sant<\/strong>Josep geh\u00f6rt, ist dieser Strand der Gemeinde von <a href=\"https:\/guia-de-turismo-de-ibiza-cultural-y-natural\/guia-de-turismo-de-sant-antoni\/\"> <strong>Sant Antoni<\/strong><\/a>beigef\u00fcgt. von wo wir mit dem Auto oder Fahrrad oder Bus zugreifen k\u00f6nnen mit der die Linie regelm\u00e4\u00dfig das ganze Jahr. Der einfachste Zugang zu dieser Bucht ist von der Stadt San Antonio, Abfahrt vom Hafen in Richtung der Bucht. Eine Fl\u00e4che von Gesch\u00e4ften und das SeaView Hotel in dem die Stra\u00dfe markierte das Ende der Stra\u00dfe endet. Um zum Strand zu gelangen musst du eine kleine Rampe zu verwenden, die am letzten Kreisverkehr auf der linken Seite befindet, als wir ankamen. [\/vc_column_text] [\/vc_column] [vc_column  width= &#8220;1\/3&#8243;] [vc_gmaps link=&#8221;#E-8_JTNDaWZyYW1lJTIwc3JjJTNEJTIyaHR0cHMlM0ElMkYlMkZ3d3cuZ29vZ2xlLmNvbSUyRm1hcHMlMkZlbWJlZCUzRnBiJTNEJTIxMW0xOCUyMTFtMTIlMjExbTMlMjExZDQzOTguNzkzNDg2MzAxODI3JTIxMmQxLjI2NTYxMDgxNTg2MzUxMzMlMjEzZDM4Ljk2NTU3MDc1MDUyNjg0NCUyMTJtMyUyMTFmMCUyMTJmMCUyMTNmMCUyMTNtMiUyMTFpMTAyNCUyMTJpNzY4JTIxNGYxMy4xJTIxM20zJTIxMW0yJTIxMXMweDEyOTk0YTZjODQxNWRjMDMlMjUzQTB4N2I2NzllOTE1OTY5YjUwYyUyMTJzUG9ydCUyQkQlMjYlMjMzOSUzQkVzJTJCVG9ycmVudCUyMTVlMSUyMTNtMiUyMTFzZXMlMjEyc2VzJTIxNHYxNTQ2MDE5MDQ5NDQ2JTIyJTIwd2lkdGglM0QlMjI2MDAlMjIlMjBoZWlnaHQlM0QlMjI0NTAlMjIlMjBmcmFtZWJvcmRlciUzRCUyMjAlMjIlMjBzdHlsZSUzRCUyMmJvcmRlciUzQTAlMjIlMjBhbGxvd2Z1bGxzY3JlZW4lM0UlM0MlMkZpZnJhbWUlM0U=&#8221;]  [vc_custom_heading text =&#8221;Zus\u00e4tzliche Leistungen&#8221; font_container =&#8221; Tag: h3|Text_align:center|color:%23ffffff&#8221; Use_theme_fonts =&#8221;yes&#8221; Css =&#8221;.vc_custom_1540662764537 {Margin-Bottom: 30px !important; Background-color:#f3ad2a !important;} &#8220;] [vc_row_inner gap = &#8220;30&#8221;] [vc_column_inner  width= &#8220;1\/3&#8221;] [vc_icon Icon_hubbleicons = &#8220;icono-sun-bath&#8221; color = &#8220;custom&#8221; size = &#8220;xl&#8221; align = &#8220;Center&#8221; Icons_reach_icons = &#8220;icon-beach-1&#8221; Custom_color = &#8220;#f1ae28&#8221;] [vc_column_text] <\/p>\n<p style=\"text-align: center;\"><span style=\"color:#f3ad2a;\"><strong >Sonnenschirme<\/strong><\/span><\/p>\n<p> [\/vc_column_text] [\/vc_column_inner] [vc_column_inner width= &#8220;1\/3&#8221;] [vc_icon icon_hubbleicons = &#8220;icono-relax-5&#8221; color = &#8220;custom&#8221; size = &#8220;xl&#8221; align = &#8220;center&#8221; icons_reach_icons = &#8220;Icon-beach-1&#8221; custom_color = &#8220;#f1ae28&#8221;] [vc_column_text] <\/p>\n<p style=\"text-align: center;\"><span style=\"color:#f3ad2a;\"><strong >H\u00e4ngematten<\/strong><\/span><\/p>\n<p> [\/vc_column_text] [\/vc_column_inner] [vc_column_inner width= &#8220;1\/3&#8221;] [vc_icon icon_hubbleicons = &#8220;icono-swimming-pool-3&#8221; color = &#8220;custom&#8221; size = &#8220;xl&#8221; align = &#8220;center&#8221; icons_reach_icons = &#8220;Icon-beach-1&#8221; custom_color = &#8220;#f1ae28&#8221;] [vc_column_text] <\/p>\n<p style=\"text-align: center;\"><span style=\"color:#f3ad2a;\"><strong >Bad<\/strong><\/span><\/p>\n<p> [\/vc_column_text] [\/vc_column_inner] [\/vc_row_inner] [vc_row_inner gap = &#8220;30&#8221;] [vc_column_inner width= &#8220;1\/3&#8221;] [vc_icon icon_hubbleicons = &#8220;icono-terrace&#8221; color = &#8220;custom&#8221; size = &#8220;xl&#8221; align = &#8220;center&#8221; icons_reach_icons = &#8220;Icon-Beach-1&#8221; custom_color = &#8220;#f1ae28&#8221;] [vc_column_text] <\/p>\n<p style=\"text-align: center;\"><span style=\"color:#f3ad2a;\"><strong >Restaurant<\/strong><\/span><\/p>\n<p> [\/vc_column_text] [\/vc_column_inner] [vc_column_inner width= &#8220;1\/3&#8221;] [vc_icon icon_hubbleicons = &#8220;icono-kayak&#8221; color = &#8220;custom&#8221; size = &#8220;xl&#8221; align = &#8220;center&#8221; icons_reach_icons = &#8220;Icon-beach-1&#8221; custom_color = &#8220;#f1ae28&#8221;] [vc_column_text] <\/p>\n<p style=\"text-align: center;\"><span style=\"color:#f3ad2a;\"><strong >Kanu<\/strong><\/span><\/p>\n<p> [\/vc_column_text] [\/vc_column_inner] [vc_column_inner width= &#8220;1\/3&#8221;] [vc_icon icon_hubbleicons = &#8220;icono-restroom&#8221; color = &#8220;custom&#8221; size = &#8220;xl&#8221;-align = &#8220;center&#8221; icons_reach_icons = &#8220;Icon-Beach-1&#8221; custom_color = &#8220;#f1ae28&#8221;] [vc_column_text] <\/p>\n<p style=\"text-align: center;\"><span style=\"color:#f3ad2a;\"><strong >Zug\u00e4nglich<\/strong><\/span><\/p>\n<p> [\/vc_column_text] [\/vc_column_inner] [\/vc_row_inner] [\/vc_column] [\/vc_row] [vc_row] [vc_column] [vc_column_text] <\/p>\n<div class=\"entry clearfloat\">\n<h2 id=\"t2\" class=\"title\" >Wir finden in Port des Torrent<\/h2>\n<div class=\"entry clearfloat\"> Der Strand ist in einer geschlossenen Bucht etwa siebzig Meter lang und etwa f\u00fcnfzig Meter breit. Es wird durch zwei felsige Abschnitte gesch\u00fctzt, in denen wir in der Lage sein werden, einige Plattformen zu finden, die von den Badeg\u00e4sten selbst und von vielen Fischern sehr genutzt werden, die in den Tagen des schroffen Meeres oder des Windes, findet in dieser Bucht einen perfekten Schutz nicht nur gegen die Luft , aber auch gegen die Botschaft der Wellen. <\/p>\n<h3 >Strand von Port des Torrent<\/h3>\n<p> Der Sand ist ziemlich dick und die Landschaft aus Dickicht und Kiefern, die an die Bucht grenzen, verleiht ein typisches mediterranes Aussehen. Der Meeresboden ist am Anfang sandig, die Zunahme in felsigen Gebieten, wie wir das Meer, wo wir einen steilen Hang finden, mit mehr als f\u00fcnfzig Metern f\u00fcr ein sicheres Bad zur Verf\u00fcgung. Die Ausstattung des Strandes erm\u00f6glicht es, ein komplettes Freizeitsportangebot zu genie\u00dfen, das die Unterwasserlandschaft f\u00fcr das Oberfl\u00e4chentauchen hervorhebt. In diesem Gebiet habe ich viele Tauchg\u00e4nge gemacht, und es ist m\u00f6glich, Tintenfische, rote Muscheln und viele einheimische Arten zu betrachten. Es ist ein Strand ohne Zweifel recht gem\u00fctlich, in dem wir die Ruhe genie\u00dfen und die Landschaft nicht nur in der D\u00e4mmerung, sondern auch w\u00e4hrend des Tages bewundern k\u00f6nnen, die sich an ihre Enden n\u00e4hert. <\/p><\/div><\/div>\n<p> [\/vc_column_text] [\/vc_column] [\/vc_row] [vc_row full_width = &#8220;Stretch_row&#8221; css = &#8220;.vc_custom_1540634055579 {padding-top: 30px !important; padding-bottom: 60px !important; Background-color:#f1ae28 !important; Background-Position: center !important; Background-Wiederholung: No-Wieder-Wiederholungs-Bedeutung; background-size: Cover !important;} &#8220;] [vc_column] [vc_custom_heading text = &#8220;Buslinien zum Strand von Port d &#8216; es Torrent&#8221; font_container = &#8220;tag:h2|font_size:40px|text_align:center|color:%23ffffff|line_height:48px&#8221; use_theme_fonts = &#8220;yes&#8221;] [vc_custom_heading text = &#8220;Es ist wichtig, den Fahrplan der Busse zu kontrollieren, denn der Verlust des letzten ist ein Problem. Wir empfehlen Ihnen, sich in einem Mietwagen zu bewegen. &#8221; font_container =&#8221; Tag: P|font_size: 24px|text_align: center|color:#ffffff &#8221; use_theme_fonts =&#8221;yes&#8221; link =&#8221; URL: HTTPS% 3a% 2f% 2Falquilercochesibiza.soloibiza.com][\/vc_column] [\/vc_row] [vc_row] [vc_column] [vc_column_text] <\/p>\n<ul>\n<li >Bus San Antonio-> Port Des Torrent <a href=\"https:\/autobuses-de-ibiza-lineas-y-horarios\/autobus-linea-2-san-antonio-port-des-torrent\/\">Linie 2<\/a><\/li>\n<li >Bus San Antonio-Port Des Torrent <a href=\"https:\/autobuses-de-ibiza-lineas-y-horarios\/autobuses-linea-l6-sant-antoni-port-des-torrent\/\"><\/a> Linie L6<\/li>\n<li >Bus San Antonio San Jose Airport, <a href=\"https:\/autobuses-de-ibiza-lineas-y-horarios\/autobuses-linea-9-san-antonio-san-jose-aeropuerto\/\">Linie 9<\/a><\/li>\n<\/ul>\n<p> [\/vc_column_text] [\/vc_column] [\/vc_row] [vc_row full_width = &#8220;Stretch_row&#8221; css = &#8220;.vc_custom_1540634055579 {padding-top: 30px !important; padding-bottom: 60px !important; Background-color:#f1ae28 !important; Background-Position: center !important; Background-Wiederholung: No-Wieder-Wiederholungs-Bedeutung; background-size: Cover !important;} &#8220;] [vc_column] [vc_custom_heading text = &#8220;Andere Str\u00e4nde in der N\u00e4he von Playa de Port d &#8216; es Torrent&#8221; font_container = &#8220;tag:h2|font_size:40px|text_align:center|color:%23ffffff|line_height:48px&#8221; use_theme_fonts = &#8220;yes&#8221;] [\/vc_column] [\/vc_row] [vc_row] [vc_column width = &#8220;1\/3&#8221; El_class = &#8220;Filaplayas&#8221;] [vc_single_image image = &#8220;47527&#8221; img_size = &#8220;full&#8221;] [vc_column_text El_class = &#8220;.conelanteriorreducido&#8221;] <a href=\"https:\/cala-bassa\/\">Cala Bassa<\/a> [\/vc_column_text] [vc_column_text] <\/p>\n<h2 style=\"text-align: center;\" >Cala Bassa auf 3 km<\/h2>\n<p style=\"text-align: center;\" >Zur Gemeinde Sant Josep geh\u00f6rt der Strand von Cala Bassa etwa einundzwanzig Kilometer von Ibiza und etwa acht von Sant Josep.<\/p>\n<p> [\/vc_column_text] [\/vc_column] [vc_column width = &#8220;1\/3&#8221; El_class = &#8220;Filaplayas&#8221;] [vc_single_image image = &#8220;47302&#8221; img_size = &#8220;full&#8221;] [vc_column_text El_class = &#8220;.conelanteriorreducido&#8221;] <a href=\"https:\/cala-gracio\/\">Cala Graci\u00f3<\/a> [\/vc_column_text] [vc_column_text] <\/p>\n<h2 style=\"text-align: center;\" >Cala Gracio 4 Km<\/h2>\n<p style=\"text-align: center;\" >Der Zugang nach Cala Graci\u00f3 kann zu Fu\u00df oder im Fahrzeug, f\u00fcr die wir den Kreisverkehr im h\u00f6chsten Teil des st\u00e4dtischen Zentrums, zu dem wir nach den Hinweisen auf das Zentrum der Gesundheit zu finden.<\/p>\n<p> [\/vc_column_text] [\/vc_column] [vc_column width = &#8220;1\/3&#8221; El_class = &#8220;Filaplayas&#8221;] [vc_single_image image= &#8220;47308&#8221; img_size = &#8220;full&#8221;] [vc_column_text El_class = &#8220;.conelanteriorreducido&#8221;] <a href=\"https:\/cala-gracioneta\/\">Cala Gracioneta<\/a> [\/vc_column_text] [vc_column_text] <\/p>\n<h2 style=\"text-align: center;\" >Cala Gracioneta 4 Km<\/h2>\n<p style=\"text-align: center;\" >Der Strand von Cala Graci\u00f3neta geh\u00f6rt zur Gemeinde Sant Antoni und liegt fast im Kernbad.<\/p>\n<p> [\/vc_column_text] [\/vc_column] [\/vc_row] [vc_row full_width = &#8220;Stretch_row&#8221; css = &#8220;.vc_custom_1539928959405 {padding-top: 20px !important; padding-bottom: 20px !important; Background-color:#1b7f47 !important;}&#8221;] [vc_column] [vc_custom_heading text = &#8220;Mehr Sehensw\u00fcrdigkeiten&#8221; font_container = &#8220;Tag: H2|text_align: center|color:#ffffff&#8221; use_theme_fonts = &#8220;yes&#8221;] [vc_custom_heading text = &#8220;Wenn Sie einen Mietwagen haben, k\u00f6nnen Sie diese anderen Orte mit einem touristischen Interesse&#8221; font_container = &#8220;Tag: P|font_size: 24px|text_align: center|color:#ffffff&#8221; use_theme_fonts = &#8220;yes&#8221; link = &#8220;URL: HTTPS% 3a% 2f% 2Falquilercochesibiza.soloibiza.com][\/vc_column] [\/vc_row] [vc_row] [vc_column width = &#8220;1\/3&#8221;] [vc_single_image image= &#8220;46730&#8221; img_size = &#8220;full&#8221; onclick = &#8220;custom_link&#8221; link = &#8220;https:\/guia-de-turismo-de-ibiza-cultural-y-natural\/guia-turismo-sant-josep-ibiza\/guia-de-turismo-de-san-agustin-o-sant-agusi-des-vedra\/iglesia-de-sant-agusti-o-san-agustin\/&#8221;] [vc_column_text] <\/p>\n<h2 style=\"text-align: center;\" >Kirche Sant Agust\u00ed auf 4 km<\/h2>\n<p style=\"text-align: center;\" >Auf dem Puig des Vedr\u00e1, im Herzen von Sant Agust\u00ed, befindet sich die Kirche Sant Agust\u00ed des Vedr\u00e1.<\/p>\n<p> [\/vc_column_text] [\/vc_column] [vc_column width = &#8220;1\/3&#8221;] [vc_single_image image= &#8220;46928&#8221; img_size = &#8220;full&#8221; onclick = &#8220;custom_link&#8221; link = &#8220;https:\/guia-de-turismo-de-ibiza-cultural-y-natural\/guia-turismo-sant-josep-ibiza\/guia-de-turismo-de-san-agustin-o-sant-agusi-des-vedra\/pou-des-rafals\/&#8221;] [vc_column_text] <\/p>\n<h2 style=\"text-align: center;\" >Pou des Rafals 4 Km<\/h2>\n<p style=\"text-align: center;\" >Zwischen den St\u00e4dten Sant Agust\u00ed und Sant Antoni gelegen, finden wir Pou de rafals, einen alten Wasserbrunnen.<\/p>\n<p> [\/vc_column_text] [\/vc_column] [vc_column width = &#8220;1\/3&#8221; El_class = &#8220;Filaplayas&#8221;] [vc_single_image image= &#8220;46604&#8221; img_size = &#8220;full&#8221; onclick = &#8220;custom_link&#8221; link = &#8220;https:\/guia-de-turismo-de-ibiza-cultural-y-natural\/guia-turismo-sant-josep-ibiza\/guia-de-turismo-de-san-agustin-o-sant-agusi-des-vedra\/torre-de-comte-o-torre-den-rovira\/&#8221;] [vc_column_text] <\/p>\n<h2 style=\"text-align: center;\" >Torre de Comte mit 4 Km<\/h2>\n<p style=\"text-align: center;\" >Der Torre de Comte, dessen Entstehungsdatum aus dem Jahr 1763 stammt, obwohl er sieben Jahre zuvor genehmigt wurde, wurde als Wachturm und Verteidigung der K\u00fcste von Sant Antoni genutzt.<\/p>\n<p> [\/vc_column_text] [\/vc_column] [\/vc_row] [vc_row full_width = &#8220;Stretch_row&#8221; css = &#8220;.vc_custom_1539928959405 {padding-top: 20px !important; padding-bottom: 20px !important; Background-color:#1b7f47 !important;}&#8221;] [vc_column] [vc_custom_heading text = &#8220;Locations in der N\u00e4he von Playa de Port d &#8216; es Torrent&#8221; font_container = &#8220;Tag: H2|text_align: center|color:#ffffff&#8221; use_theme_fonts = &#8220;yes&#8221;] [\/vc_column] [\/vc_row] [vc_row] [vc_column width = &#8220;1\/3&#8221;] [vc_single_image image= &#8220;46958&#8221; img_size = &#8220;full&#8221; onclick = &#8220;custom_link&#8221; link = &#8220;https:\/guia-de-turismo-de-ibiza-cultural-y-natural\/guia-turismo-sant-josep-ibiza\/guia-de-turismo-de-san-agustin-o-sant-agusi-des-vedra\/&#8221;] [vc_column_text] <\/p>\n<h2 style=\"text-align: center;\" >Sant Agust\u00ed auf 4 km<\/h2>\n<p style=\"text-align: center;\" >Sant Agust\u00ed des Vedr\u00e0 liegt zwischen den st\u00e4dtischen Zentren Sant Antoni und Sant Josep, die zu der letzteren Gemeinde geh\u00f6ren, aber mit st\u00e4dtischen Gebieten, die an den Kern von Sant Antoni angrenzen.<\/p>\n<p> [\/vc_column_text] [\/vc_column] [vc_column width = &#8220;1\/3&#8221;] [vc_single_image image= &#8220;46736&#8221; img_size = &#8220;full&#8221; onclick = &#8220;custom_link&#8221; link = &#8220;https:\/guia-de-turismo-de-ibiza-cultural-y-natural\/guia-de-turismo-de-sant-antoni\/&#8221;] [vc_column_text] <\/p>\n<h2 style=\"text-align: center;\" >Sant Antoni 4 Km<\/h2>\n<p style=\"text-align: center;\" >Sant Antoni de Portmany ist der n\u00e4chstgelegene Punkt von Ibiza zur Halbinsel.<\/p>\n<p> [\/vc_column_text] [\/vc_column] [vc_column width = &#8220;1\/3&#8221;] [vc_single_image image= &#8220;46982&#8221; img_size = &#8220;full&#8221; onclick = &#8220;custom_link&#8221; link = &#8220;https:\/guia-de-turismo-de-ibiza-cultural-y-natural\/guia-turismo-sant-josep-ibiza\/&#8221;] [vc_column_text] <\/p>\n<h2 style=\"text-align: center;\" >Sant Josep 6 Km<\/h2>\n<p style=\"text-align: center;\" >Sant Josep de Sa Talaia ist ein Dorf, das sich zwischen den Bergen befindet, obwohl es aufgrund seiner Ausdehnung und wirtschaftlichen Bedeutung es zu einem geeigneten Ort f\u00fcr Liebhaber der Landschaft und Liebhaber des Meeres macht.<\/p>\n<p> [\/vc_column_text] [\/vc_column] [\/vc_row] [vc_row] [vc_column] [vc_column_text] [toc] [\/vc_column_text] [\/vc_column] [\/vc_row] <\/p>\n<\/div>","protected":false},"excerpt":{"rendered":"<p>[vc_row full_width = &#8220;Stretch_row&#8221; parallax = &#8220;Content-Moving-fade&#8221; css = &#8220;.vc_custom_1546003796683 {padding-top: 20px !important; padding-bottom: 60px !important; Background-image: url(http:\/\/soloibiza.com\/wp-content\/uploads\/2018\/12\/Port-des-Torrent.jpg?id=47570) !important;}&#8221;] [vc_column] [vc_custom_heading text = &#8220;Playa de Port d &#8216; es Torrent, perfect to enjoy&#8221; font_container = &#8220;tag:H1|text_align: center|color:#ffff&#8221; use_theme_fonts = &#8220;yes&#8221;] [vc_custom_heading text = &#8220;der Strand von Port-Essen Torrent befindet sich am Ende einer sehr perfekt, [&hellip;]<\/p>\n","protected":false},"author":1,"featured_media":0,"parent":0,"menu_order":0,"comment_status":"closed","ping_status":"closed","template":"","meta":{"_acf_changed":false,"footnotes":""},"class_list":["post-51553","page","type-page","status-publish","hentry"],"acf":[],"_links":{"self":[{"href":"https:\/\/soloibiza.com\/de\/wp-json\/wp\/v2\/pages\/51553","targetHints":{"allow":["GET"]}}],"collection":[{"href":"https:\/\/soloibiza.com\/de\/wp-json\/wp\/v2\/pages"}],"about":[{"href":"https:\/\/soloibiza.com\/de\/wp-json\/wp\/v2\/types\/page"}],"author":[{"embeddable":true,"href":"https:\/\/soloibiza.com\/de\/wp-json\/wp\/v2\/users\/1"}],"replies":[{"embeddable":true,"href":"https:\/\/soloibiza.com\/de\/wp-json\/wp\/v2\/comments?post=51553"}],"version-history":[{"count":0,"href":"https:\/\/soloibiza.com\/de\/wp-json\/wp\/v2\/pages\/51553\/revisions"}],"wp:attachment":[{"href":"https:\/\/soloibiza.com\/de\/wp-json\/wp\/v2\/media?parent=51553"}],"curies":[{"name":"wp","href":"https:\/\/api.w.org\/{rel}","templated":true}]}}