{"id":49713,"date":"2019-02-24T07:38:14","date_gmt":"2019-02-24T06:38:14","guid":{"rendered":"https:\/?page_id=49713"},"modified":"2019-02-24T20:20:47","modified_gmt":"2019-02-24T19:20:47","slug":"buslinie-5-sant-antoni-cala-tarida","status":"publish","type":"page","link":"https:\/\/soloibiza.com\/de\/ibiza-busse-linien-und-fahrplaene\/buslinie-5-sant-antoni-cala-tarida\/","title":{"rendered":"Buslinie 5 Sant Antoni Cala Tarida"},"content":{"rendered":"<div class=\"wpb-content-wrapper\"><p> [vc_row full_width=&#8221;stretch_row&#8221; parallax=&#8221;content-moving-fade&#8221; css=&#8221;.vc_custom_1541744452372{padding-top: 20px !important;padding-bottom: 60px !important;background-image: url(http:\/\/soloibiza.com\/wp-content\/uploads\/2018\/11\/autobuses.jpg?id=46038) !important;background-position: center;background-repeat: no-repeat;background-size: cover !important;}&#8221;] [vc_column] [vc_custom_heading text = &#8220;Bus Sant Antoni Cala Tarida&#8221; font_container = &#8220;tag:h1 | text_align: Mitte | Farbe:#ffff&#8221; use_theme_fonts = &#8220;yes&#8221;] [\/vc_column] [\/vc_row] [vc_row el_class = &#8220;autobus&#8221;] [vc_column width = &#8220;2\/3&#8221;] [vc_column_text] <\/p>\n<h2 >Winterzeit (vom 1. November bis 30. April)<\/h2>\n<p> [\/vc_column_text] [vc_row_inner css = &#8220;.vc_custom_1541746836497 {margin-bottom: 20px !important;}&#8221;] [vc_column_inner width=&#8221;1\/2&#8243; css=&#8221;.vc_custom_1541746655506{border-bottom-width: 1px !important; border-left-width: 1px !important; border-bottom-width: 1px !important; border-left-width: 1px !important; border-bottom-color:#666666 !important; border-left-color: solid !important; border-right-color:#666666 !important; border-right-style: solid !important; border-color:#666666 !important; border-top-style: solid !important; border-left-color:#666666 !important; border-bottom-color: Solig !important;} &#8220;] [vc_column_text] <\/p>\n<h3 >San Antonio-> Cala Tarida<\/h3>\n<h4 style=\"text-align: center;\" >Donnerstag<\/h4>\n<p style=\"text-align: center;\" >9:00 14:00<\/p>\n<p> [\/vc_column_text] [\/vc_column_inner] [vc_column_inner width=&#8221;1\/2&#8243; css=&#8221;.vc_custom_1541747027401{border-top-width: 1px !important; border-left-width: 1px !important; border-bottom-width: 1px !important; border-right-color:#666666 !important; border-right-style: solid !important; border-top-color:#666666 !important; border-top-style: solid !important; border-color:#666666 !important; border-bottom-style: solid !important;} &#8220;] [vc_column_text] <\/p>\n<h3 >Cala Tarida-> San Antonio<\/h3>\n<h4 style=\"text-align: center;\" >Donnerstag<\/h4>\n<p style=\"text-align: center;\" >9:30 14:30<\/p>\n<p> [\/vc_column_text] [\/vc_column_inner] [\/vc_row_inner] [vc_column_text] <\/p>\n<h2 >Sommerzeit (vom 1. Mai bis 31. Oktober)<\/h2>\n<p> [\/vc_column_text] [vc_row_inner css = &#8220;.vc_custom_1541747165242 {margin-bottom: 20px !important;}&#8221;] [vc_column_inner width=&#8221;1\/2&#8243; css=&#8221;.vc_custom_1541747132513{border-bottom-width: 1px !important; border-left-width: 1px !important; border-bottom-width: 1px !important; border-left-width: 1px !important; border-bottom-color:#666666 !important; border-left-color: solid !important; border-right-color:#666666 !important; border-right-style: solid !important; border-color:#666666 !important; border-top-style: solid !important; border-left-color:#666666 !important; border-bottom-color: Solig !important;} &#8220;] [vc_column_text] <\/p>\n<h3 >San Antonio-> Cala Tarida<\/h3>\n<h4 style=\"text-align: center;\" >T\u00e4glich<\/h4>\n<p style=\"text-align: center;\" >9:00 10:00 11:00.<\/p>\n<p> [\/vc_column_text] [\/vc_column_inner] [vc_column_inner width=&#8221;1\/2&#8243; css=&#8221;.vc_custom_1541747140633{border-top-width: 1px !important; border-left-width: 1px !important; border-bottom-width: 1px !important; border-right-color:#666666 !important; border-right-style: solid !important; border-top-color:#666666 !important; border-top-style: solid !important; border-color:#666666 !important; border-bottom-style: solid !important;} &#8220;] [vc_column_text] <\/p>\n<h3 >Cala Tarida-> San Antonio<\/h3>\n<h4 style=\"text-align: center;\" >T\u00e4glich<\/h4>\n<p style=\"text-align: center;\" >9:30 10:45 12:00 13:15 15:55 17:15<\/p>\n<p> [\/vc_column_text] [\/vc_column_inner] [\/vc_row_inner] [vc_row_inner] [vc_column_inner] [vc_column_text] <\/p>\n<h3 >Route der Linie San Antonio-Cala Tarida<\/h3>\n<p> [\/vc_column_text] [\/vc_column_inner] [\/vc_row_inner] [vc_row_inner css=&#8221;.vc_custom_1541747312506{margin-bottom: 20px !important; border-top-width=: 1px !important; border-left-width: 1px !important; border-bottom-width: 1px !important; border-left-width: 1px !important; border-bottom-color:#666666! Wichtig; border-left-color: solid !important; border-right-color:#666666 !important; border-right-style: solid !important; border-top-color:#666666 !important; border-top-style: solid !important; border-left-color:#666666 !important; border-bottom-color: Solig !important;} &#8220;] [vc_column_inner width= = &#8220;1\/2&#8221;] [rt_list_style] <\/p>\n<ul>\n<li >Busbahnhof Sant Antoni<\/li>\n<li >Es Torrent<\/li>\n<li >H. Arenal\/Palmira<\/li>\n<li >Puchet<\/li>\n<li >Sun Reco<\/li>\n<li >Is-Rasse<\/li>\n<li >Hotel Bergantin<\/li>\n<li >H. Mar Amantis<\/li>\n<li >Hotel Nautilus\/Hotel Es Pins (Cala De Bou)<\/li>\n<li >Pinet Hotel (Cala De Bou)<\/li>\n<li >Hotel Riviera\/Hotel Milord (Cala De Bou)<\/li>\n<li >Hotel Sandiego (Cala De Bou)<\/li>\n<li >Cala De Bou<\/li>\n<li >Port Des Torrent (Hotel Occidental Ibiza)<\/li>\n<li >Is Cuc\u00f3<\/li>\n<li >Bar Stop<\/li>\n<li >Die Sirene<\/li>\n<li >Cala Tarida<\/li>\n<\/ul>\n<p> [\/rt_list_style] [\/vc_column_inner] [vc_column_inner width= = &#8220;1\/2&#8221; css = &#8220;.vc_custom_1541747270371 {border-left-width: 1px !important; border-bottom-color:#666666 !important; border-left-color: solid !important;}&#8221;] [rt_list_style] <\/p>\n<ul>\n<li >Cala Tarida<\/li>\n<li >Die Sirene<\/li>\n<li >Bar Stop<\/li>\n<li >Is Cuc\u00f3<\/li>\n<li >Port Des Torrent (Hotel Occidental Ibiza)<\/li>\n<li >Cala De Bou<\/li>\n<li >Zug (Av. Sant Agust\u00ed)<\/li>\n<li >Hotel Riviera\/Hotel Milord (Av. Sant Agust\u00ed)<\/li>\n<li >Pinet Hotel (Av. Sant Agust\u00ed)<\/li>\n<li >Hotel Nautilus\/Hotel Es Pins (Av. Sant Agust\u00ed)<\/li>\n<li >H. Mar Amantis (Av. Sant Agust\u00ed)<\/li>\n<li >Hotel Bergantin<\/li>\n<li >Is-Rasse<\/li>\n<li >Sun Reco<\/li>\n<li >Puchet<\/li>\n<li >H. Arenal\/Palmira<\/li>\n<li >Es Torrent<\/li>\n<li >Busbahnhof Sant Antoni<\/li>\n<\/ul>\n<p> [\/rt_list_style] [\/vc_column_inner] [\/vc_row_inner] [vc_gmaps link=&#8221;#E-8_JTNDaWZyYW1lJTIwc3JjJTNEJTIyaHR0cHMlM0ElMkYlMkZ3d3cuZ29vZ2xlLmNvbSUyRm1hcHMlMkZlbWJlZCUzRnBiJTNEJTIxMW0xOCUyMTFtMTIlMjExbTMlMjExZDMxMDEuNTAxNzY5MzAxNzE2JTIxMmQxLjMwNTE0ODcwNDk1MTI3NDQlMjEzZDM4Ljk4MTA0MzE5NDkxNzYyJTIxMm0zJTIxMWYwJTIxMmYwJTIxM2YwJTIxM20yJTIxMWkxMDI0JTIxMmk3NjglMjE0ZjEzLjElMjEzbTMlMjExbTIlMjExczB4MTI5OTM2MWZjNmI0ZTg3NSUyNTNBMHhiNmRmZjlmMmFhODEwMjlhJTIxMnNFc3RhY2klMjVDMyUyNUIzbiUyQmRlJTJCYXV0b2J1c2VzJTJCU2FuJTJCQW50b25pbyUyMTVlMCUyMTNtMiUyMTFzZXMlMjEyc2VzJTIxNHYxNTQxODM5MDg1MjQwJTIyJTIwd2lkdGglM0QlMjI2MDAlMjIlMjBoZWlnaHQlM0QlMjI0NTAlMjIlMjBmcmFtZWJvcmRlciUzRCUyMjAlMjIlMjBzdHlsZSUzRCUyMmJvcmRlciUzQTAlMjIlMjBhbGxvd2Z1bGxzY3JlZW4lM0UlM0MlMkZpZnJhbWUlM0U=&#8221;] [vc_column_text] <\/p>\n<h2 >Andere Inselbuslinien<\/h2>\n<p> Wenn Sie sich f\u00fcr den Bus-Service entschieden haben, m\u00fcssen Sie die verschiedenen M\u00f6glichkeiten verstehen, die uns zur Verf\u00fcgung stehen. Wenn wir mit der Bev\u00f6lkerung die Busse, die wir in der Stadt Eivissa wichtigsten Buslinien <a href=\"https:\/autobuses-de-ibiza-lineas-y-horarios\/autobus-ibiza-hospital-can-misses-linea-h\/\">wie LH Ibiza<\/a>Krankenhaus Can Misses, L10 Ibiza Flughafen oder <a href=\"https:\/autobuses-de-ibiza-lineas-y-horarios\/autobuses-linea-l10-ibiza-aeropuerto\/\"><\/a> <a href=\"https:\/autobuses-de-ibiza-lineas-y-horarios\/autobus-linea-12a-ibiza-hospital-can-misses-puig-den-valls-jesus-talamanca-marina-botafoch-puerto\/\">L12A Ibiza Stadt zu finden-> Krankenhaus kann Puig D &#8216; en Valls Jesus-vermisst > Talamanca Marina Botafoch Puerto de Eivissa-> Eivissa.<\/a> Wenn Sie an andere Orte gehen m\u00fcssen, verlassen Sie die Stadt Ibiza werden Sie in der Lage sein, dies auf der <a href=\"https:\/autobuses-de-ibiza-lineas-y-horarios\/autobus-linea-3-san-antonio-san-rafael-ibiza\/\">Buslinie L3 Sant Antoni san Rafael-><\/a> Ibiza-Stadt und <a href=\"https:\/autobuses-de-ibiza-lineas-y-horarios\/autobuses-linea-8-sant-antoni-sant-josep-ibiza\/\">Linie L8 san Antonio-> Sant Josep ibiza, wenn<\/a> wir nach Westen gehen. Wenn wir zum Flughafen gehen die Routen <a href=\"https:\/autobuses-de-ibiza-lineas-y-horarios\/autobus-linea-l25-ibiza-santa-gertrudis-san-miguel\/\">L25 Eivissa Santa Gertrudis-> Sant Miguel de Balansat Wenn<\/a> wir beabsichtigen, einen Strand von Eivissa aus zu genie\u00dfen, werden wir in der Lage sein, die <a href=\"https:\/autobuses-de-ibiza-lineas-y-horarios\/autobus-linea-l12b-ibiza-puerto-marina-botafoch-puerto-ferrys-talamanca-cap-martinet-jesus\/\">Linie L12B Ibiza City-> Puerto Marina Botafoch-> Talamanca Cap zu benutzen. Martinet Jesus<\/a>, <a href=\"https:\/autobuses-de-ibiza-lineas-y-horarios\/autobus-l13-ibiza-santa-eulalia\/\">Linie L13 Ibiza-Stadt &#8211; > Santa Eulalia del R\u00edo <\/a>, <a href=\"https:\/autobuses-de-ibiza-lineas-y-horarios\/autobus-linea-33-san-mateo-ibiza\/\">L33 Sant Mateu &#8211; > Ibiza<\/a> sowie <a href=\"https:\/autobuses-de-ibiza-lineas-y-horarios\/autobus-linea-l35-ibiza-can-misses-sa-carroca-san-jorge\/\">Linie L35 Eivissa &#8211; > Hospital Can Misses &#8211; > Sa Carroca &#8211; > Sant Jordi<\/a>. Linien der Busse gebunden f\u00fcr Str\u00e4nde von Ibiza-Stadt sind <a href=\"https:\/autobuses-de-ibiza-lineas-y-horarios\/autobuses-linea-l11-ibiza-sant-jordi-ses-salines\/\">L11-Ibiza-Stadt &#8211; > San Jorge Ses Salines<\/a> und <a href=\"https:\/autobuses-de-ibiza-lineas-y-horarios\/autobuses-linea-l11b-ibiza-playa-den-bossa-ses-salines\/\">L11B Eivissa &#8211; > D&#8217; Bossa &#8211; > Las Salinas<\/a> oder <a href=\"https:\/autobuses-de-ibiza-lineas-y-horarios\/bus-l14-eivissa-platja-den-bossa\/\">Linie L14 Eivissa d &#8216; en Bossa<\/a>. Nord-Str\u00e4nde mit Abfahrt von Ibiza-Stadt sind <a href=\"https:\/autobuses-de-ibiza-lineas-y-horarios\/autobus-linea-l15-ibiza-jesus-cala-llonga\/\">L15 Ibiza Stadt Jesus &#8211; > Cala Llonga <\/a>, <a href=\"https:\/autobuses-de-ibiza-lineas-y-horarios\/autobus-linea-20a-ibiza-san-lorenzo-san-juan-portinatx\/\">L20A Ibiza &#8211; > San Lorenzo &#8211; > San Juan Portinatx<\/a>, <a href=\"https:\/autobuses-de-ibiza-lineas-y-horarios\/autobus-linea-l23-ibiza-benirras\/\">L23 Ibiza-Stadt &#8211; > Benirras <\/a>und <a href=\"https:\/autobuses-de-ibiza-lineas-y-horarios\/autobus-linea-l25a-ibiza-puerto-de-san-miguel\/\">L25A Ibiza Hafen von San Miguel<\/a> auf Stadt-Routen, die die Stadt durchziehen sein <a href=\"https:\/autobuses-de-ibiza-lineas-y-horarios\/autobus-linea-l45-vara-de-rey-dalt-vila-can-misses-casas-baratas-cas-serres\/\">Linie L45 Vara de Rey Dalt Vila &#8211; > Can Misses H\u00e4user billig &#8211; > Cas Serres<\/a> und <a href=\"https:\/autobuses-de-ibiza-lineas-y-horarios\/autobus-linea-l50-parking-es-dominguet-parking-es-gorg-puerto-de-ibiza-bartolome-rosello-es-raspallar-puig-den-valls-solivera\/\">L50 Parkpl\u00e4tze Dominguets Parkpl\u00e4tze Gorg &#8211; > Hafen von Ibiza Bartolom\u00e9 Rossell\u00f3 ist Raspallar &#8211; > Puig D&#8217; in Valls &#8211; > S\u00b4Olivera<\/a> <\/p>\n<h3 >Die Routen von Sant Antoni<\/h3>\n<p> Die Linien, die von Sant Antoni abfahren, sollen vorrangig in Richtung Eivissa und <a href=\"https:\/autobuses-de-ibiza-lineas-y-horarios\/autobuses-linea-9-san-antonio-san-jose-aeropuerto\/\">in der Linie L9 Antoni-> Flughafen Sant Josep de Sa Talaia<\/a>Ibiza durchgef\u00fchrt werden. In Richtung anderer Touristengebiete haben wir die <a href=\"https:\/autobuses-de-ibiza-lineas-y-horarios\/autobus-linea-19-santa-eulalia-san-antonio\/\">Linie L19 Santa Eulalia del R\u00edo-<\/a>> Sant Antoni, <a href=\"https:\/autobuses-de-ibiza-lineas-y-horarios\/autobus-linea-l30-san-antonio-santa-ines-ibiza\/\">L30 San Antonio-> Santa In\u00e9s-> Eivissa<\/a> und <a href=\"https:\/autobuses-de-ibiza-lineas-y-horarios\/autobuses-linea-3-1-can-bonet-ses-paises-san-antonio-can-coix\/\">L 3.1 kann Bonet Ses paises San Antonio-> kann Coix (Schwimmbad).<\/a> Um die umliegenden Str\u00e4nde zu besuchen, k\u00f6nnen wir <a href=\"https:\/autobuses-de-ibiza-lineas-y-horarios\/autobus-linea-1-san-antonio-cala-gracio-stella-maris\/\">L1 Sant Antoni Hotel Stella Maris<\/a> <a href=\"https:\/autobuses-de-ibiza-lineas-y-horarios\/autobus-linea-2-san-antonio-port-des-torrent\/\">, L2 Linie San Antonio-> Port des Torrent (Western Hotel Ibiza)<\/a> und <a href=\"https:\/autobuses-de-ibiza-lineas-y-horarios\/autobus-linea-l34-san-antonio-cala-salada\/\">L34 Linie San Antonio<\/a>Cala Salada nehmen. Wenn wir uns f\u00fcr die Buchten anderer Gebiete entscheiden, k\u00f6nnen wir mit Bussen die <a href=\"https:\/autobuses-de-ibiza-lineas-y-horarios\/autobuses-linea-l4-san-antonio-cala-de-comte\/\">L4 San Antonio-> Calas de compte, <\/a> <a href=\"https:\/autobuses-de-ibiza-lineas-y-horarios\/autobuses-linea-5-sant-antoni-cala-tarida\/\">die L5 Sant Antoni Cala T\u00e1rida<\/a> oder <a href=\"https:\/autobuses-de-ibiza-lineas-y-horarios\/autobuses-linea-7-san-antonio-cala-bassa\/\">die L7 San Antonio<\/a>Cala Bassa benutzen. Im Norden haben wir <a href=\"https:\/autobuses-de-ibiza-lineas-y-horarios\/autobus-linea-22-san-antonio-puerto-de-san-miguel\/\">L22 Sant Antoni Puerto de San Miguel und <\/a> <a href=\"https:\/autobuses-de-ibiza-lineas-y-horarios\/autobus-linea-l23a-san-antonio-playa-de-benirras\/\">L23A san Antonio Playa Benirras<\/a>. <\/p>\n<h3 >Santa Eularia Lines<\/h3>\n<p> In Santa Eulalia werden wir Linien zu einigen Orten wie <a href=\"https:\/autobuses-de-ibiza-lineas-y-horarios\/autobus-linea-16-santa-eulalia-san-carlos\/\">L16 Santa Eulalia Sant Carles de Peralta, <\/a> <a href=\"https:\/autobuses-de-ibiza-lineas-y-horarios\/autobus-l17-santa-eulalia-urbanizacion-siesta\/\">Linie L17 Santa Eularia-> Urbanisation Siesta und <\/a> <a href=\"https:\/autobuses-de-ibiza-lineas-y-horarios\/autobus-linea-l24-cala-nova-es-canar-santa-eulalia-aeropuerto\/\">L24 Cala Nova<\/a>Es Canar-> Santa Eulalia Flughafen haben. Zu den Str\u00e4nden, <a href=\"https:\/autobuses-de-ibiza-lineas-y-horarios\/autobus-linea-16a-santa-eulalia-san-carlos-cala-llenya\/\">L16A Santa Eularia-> San Carlos-<\/a> <a href=\"https:\/autobuses-de-ibiza-lineas-y-horarios\/autobus-linea-16c-santa-eulalia-las-dalias-san-carlos-es-figueral-cala-san-vicente\/\">> Cala Llenya, der Linie L16C Santa Eulalia del Rio Las Dalias-> Sant Carles de Peralta Es figueral-> Cala de San Vicente und <\/a> <a href=\"https:\/autobuses-de-ibiza-lineas-y-horarios\/autobus-linea-23b-santa-eulalia-playa-de-benirras\/\">L23B Santa Eulalia-> Benira <\/a> Juan. Sowie die Linie <a href=\"https:\/autobuses-de-ibiza-lineas-y-horarios\/autobus-linea-18b-santa-eulalia-sargamassa-cala-martina-es-canar-cala-nova\/\">L18B Santa Eularia des Riu S &#8216; Argamassa cana Martina-> Es canar-> Cala Nova <\/a>, <a href=\"https:\/autobuses-de-ibiza-lineas-y-horarios\/autobus-linea-18a-santa-eulalia-es-canar\/\">Linie L18A Santa Eulalia-> Es canar <\/a>, L21 Santa <a href=\"https:\/autobuses-de-ibiza-lineas-y-horarios\/autobus-linea-l21-santa-eulalia-san-juan-portinatx\/\">Eularia des Riu Sant Joan Portinatx und<\/a> <a href=\"https:\/autobuses-de-ibiza-lineas-y-horarios\/autobus-linea-l41-santa-eulalia-cala-llonga\/\">L41 Santa Eularia des > Cala Llonga<\/a>. <\/p>\n<h3 >Weitere Alternativen auf der Insel<\/h3>\n<p> Mehrere Optionen vereinen \u00fcberf\u00fcllte Orte wie <a href=\"https:\/autobuses-de-ibiza-lineas-y-horarios\/autobus-linea-l36-aeropuerto-playa-den-bossa\/\">die Linie L36 Airport-> Beach d &#8216; en Bossa<\/a>, <a href=\"https:\/autobuses-de-ibiza-lineas-y-horarios\/autobus-linea-37-puerto-de-san-miguel-es-canar\/\">die Linie L37 Port of Sant Miquel-> ist Canar <\/a>oder <a href=\"https:\/autobuses-de-ibiza-lineas-y-horarios\/autobus-linea-l26-san-jose-cala-vadella\/\">L26 San Jose Cala Vadella<\/a>. Andere vereinen Orte und Zonen der K\u00fcste wie <a href=\"https:\/autobuses-de-ibiza-lineas-y-horarios\/autobus-linea-l20b-san-juan-cala-san-vicente\/\">die Linie L20B san Juan-> Cala san Vicente,<\/a> <a href=\"https:\/autobuses-de-ibiza-lineas-y-horarios\/autobus-linea-l23c-portinatx-san-juan-playa-de-benirras\/\">die Linie L23C Portinatx-> Sant Joan Playa <\/a>Benirr\u00e1s <a href=\"https:\/autobuses-de-ibiza-lineas-y-horarios\/autobus-linea-l23p-benirras-playa-de-benirras\/\">, die Linie L23P Benirr\u00e1s (Parkplatz) <\/a>Benirras Strand oder L42 Linie <a href=\"https:\/autobuses-de-ibiza-lineas-y-horarios\/autobus-linea-l42-es-cubells-san-jose\/\">ist Cubell-> Sant Josep<\/a>. <\/p>\n<h3 >Busfahrten der Klubs: Der Disco-Bus<\/h3>\n<p> W\u00e4hrend des Sommers k\u00f6nnen Sie einige besondere Verbindungen genie\u00dfen, die die am meisten frequentierten St\u00e4dte bereisen. Diese Optionen werden <a href=\"https:\/autobuses-de-ibiza-lineas-y-horarios\/autobus-linea-l3-disco-bus-san-antonio-privilege-amnesia-pacha-puerto-de-ibiza\/\">L3 Disco-Bus San Antonio-> Privilege-> Amnesia Pacha-> Hafen von Ibiza,<\/a> <a href=\"https:\/autobuses-de-ibiza-lineas-y-horarios\/autobus-linea-l3b-disco-bus-san-antonio-playa-den-bossa-ushuaia\/\">L3B Discobus Sant Antoni Playa d &#8216; en Bossa (Ushuaia H-<\/a>), <a href=\"https:\/autobuses-de-ibiza-lineas-y-horarios\/autobus-linea-l13-18-discobus-puerto-de-ibiza-santa-eulalia-es-canar\/\" >Linie L13-> 18 Disco-Bushafen von Ibiza Santa Eulalia del Rio-> Es Canar <\/a>Und Linie <a href=\"https:\/autobuses-de-ibiza-lineas-y-horarios\/autobus-linea-l14-discobus-pacha-puerto-de-ibiza-playa-den-bossa-ushuaia\/\">L14 Disco Bus pacha Puerto de Ibiza Playa d &#8216; en Bossa Ushuaia H\u00e4hn<\/a>&#8216; [\/vc_column_text] [\/vc_column][vc_column width = &#8220;1\/3&#8221;] [vc_single_image image= &#8220;46038&#8221; img_size = &#8220;full&#8221;] [vc_column_text] <\/p>\n<h2 >Firma konzessionaire Linie 5 Sant Antoni Cala Tarida<\/h2>\n<p> Busse Voramar El Gaucho S.L. <a href=\"tel:971340382\">971 34 03 82<\/a> [\/vc_column_text] [vc_column_text] Der Fahrplan f\u00fcr die Linie <strong>5 Sant Antoni Cala Tarida ist<\/strong> f\u00fcr Informationszwecke. <a href=\"https:\/\">Nur Ibiza<\/a> ist nicht verantwortlich f\u00fcr Sch\u00e4den oder Verletzungen, die durch die Linie oder die hier angezeigten Informationen verursacht werden. [\/vc_column_text] [\/vc_column] [\/vc_row] [vc_row full_width = &#8220;Stretch_row&#8221; css = &#8220;.vc_custom_1541747335413 {background-color:#0000ff !important;}&#8221;] [vc_column] [vc_column_text css_animation = &#8220;FadeIn&#8221; El_class = &#8220;. <\/p>\n<p class=\"size24\" style=\"text-align: center;\"><span style=\"color:#ffffff;\">Die Bussektion San Antonio Cala Tarida wird gef\u00f6rdert durch<\/span> <a href=\"https:\/\/disenowebibiza.soloibiza.com\/\"> <span style=\"color:#ffffff;\">Programmierung und Web Ibiza<\/span> <\/a><\/p>\n<p> [\/vc_column_text] [\/vc_column] [\/vc_row] <\/p>\n<\/div>","protected":false},"excerpt":{"rendered":"<p>[vc_row full_width=&#8221;stretch_row&#8221; parallax=&#8221;content-moving-fade&#8221; css=&#8221;.vc_custom_1541744452372{padding-top: 20px !important;padding-bottom: 60px !important;background-image: url(http:\/\/soloibiza.com\/wp-content\/uploads\/2018\/11\/autobuses.jpg?id=46038) !important;background-position: center;background-repeat: no-repeat;background-size: cover !important;}&#8221;] [vc_column] [vc_custom_heading text = &#8220;Bus Sant Antoni Cala Tarida&#8221; font_container = &#8220;tag:h1 | text_align: Mitte | Farbe:#ffff&#8221; use_theme_fonts = &#8220;yes&#8221;] [\/vc_column] [\/vc_row] [vc_row el_class = &#8220;autobus&#8221;] [vc_column width = &#8220;2\/3&#8221;] [vc_column_text] Winterzeit (vom 1. November bis 30. April) [\/vc_column_text] [vc_row_inner css [&hellip;]<\/p>\n","protected":false},"author":1,"featured_media":0,"parent":49301,"menu_order":0,"comment_status":"closed","ping_status":"closed","template":"","meta":{"_acf_changed":false,"footnotes":""},"class_list":["post-49713","page","type-page","status-publish","hentry"],"acf":[],"_links":{"self":[{"href":"https:\/\/soloibiza.com\/de\/wp-json\/wp\/v2\/pages\/49713","targetHints":{"allow":["GET"]}}],"collection":[{"href":"https:\/\/soloibiza.com\/de\/wp-json\/wp\/v2\/pages"}],"about":[{"href":"https:\/\/soloibiza.com\/de\/wp-json\/wp\/v2\/types\/page"}],"author":[{"embeddable":true,"href":"https:\/\/soloibiza.com\/de\/wp-json\/wp\/v2\/users\/1"}],"replies":[{"embeddable":true,"href":"https:\/\/soloibiza.com\/de\/wp-json\/wp\/v2\/comments?post=49713"}],"version-history":[{"count":0,"href":"https:\/\/soloibiza.com\/de\/wp-json\/wp\/v2\/pages\/49713\/revisions"}],"up":[{"embeddable":true,"href":"https:\/\/soloibiza.com\/de\/wp-json\/wp\/v2\/pages\/49301"}],"wp:attachment":[{"href":"https:\/\/soloibiza.com\/de\/wp-json\/wp\/v2\/media?parent=49713"}],"curies":[{"name":"wp","href":"https:\/\/api.w.org\/{rel}","templated":true}]}}