{"id":49669,"date":"2019-02-24T07:16:13","date_gmt":"2019-02-24T06:16:13","guid":{"rendered":"https:\/?page_id=49669"},"modified":"2019-02-24T20:53:41","modified_gmt":"2019-02-24T19:53:41","slug":"buslinie-l20b-san-juan-cala-san-vicente","status":"publish","type":"page","link":"https:\/\/soloibiza.com\/de\/ibiza-busse-linien-und-fahrplaene\/buslinie-l20b-san-juan-cala-san-vicente\/","title":{"rendered":"Buslinie L20B San Juan Cala San Vicente"},"content":{"rendered":"<div class=\"wpb-content-wrapper\"><p> [vc_row full_width=&#8221;stretch_row&#8221; parallax=&#8221;content-moving-fade&#8221; css=&#8221;.vc_custom_1541744452372{padding-top: 20px !important;padding-bottom: 60px !important;background-image: url(http:\/\/soloibiza.com\/wp-content\/uploads\/2018\/11\/autobuses.jpg?id=46038) !important;background-position: center;background-repeat: no-repeat;background-size: cover !important;}&#8221;] [vc_column] [vc_custom_heading text = &#8220;Bus san Juan Cala San Vicente, l\u00ednea 20B&#8221; font_container = &#8220;tag:h1 | text_align: center | color:#ffffff&#8221; use_theme_fonts = &#8220;yes&#8221;] [\/vc_column] [\/vc_row] [vc_row el_class = &#8220;autobus&#8221;] [vc_column width = &#8220;2\/3&#8221;] [vc_column_text] <\/p>\n<h2 >Winterzeit (vom 1. November bis 30. April)<\/h2>\n<p> [\/vc_column_text] [vc_row_inner css = &#8220;.vc_custom_1541746836497 {margin-bottom: 20px !important;}&#8221;] [vc_column_inner width=&#8221;1\/2&#8243; css=&#8221;.vc_custom_1541746655506{border-bottom-width: 1px !important; border-left-width: 1px !important; border-bottom-width: 1px !important; border-left-width: 1px !important; border-bottom-color:#666666 !important; border-left-color: solid !important; border-right-color:#666666 !important; border-right-style: solid !important; border-color:#666666 !important; border-top-style: solid !important; border-left-color:#666666 !important; border-bottom-color: Solig !important;} &#8220;] [vc_column_text] <\/p>\n<h3 >San Juan-> Cala san Vicente<\/h3>\n<h4 style=\"text-align: center;\" >Montag bis Freitag<\/h4>\n<p style=\"text-align: center;\" >14:00<\/p>\n<p> [\/vc_column_text] [\/vc_column_inner] [vc_column_inner width=&#8221;1\/2&#8243; css=&#8221;.vc_custom_1541747027401{border-top-width: 1px !important; border-left-width: 1px !important; border-bottom-width: 1px !important; border-right-color:#666666 !important; border-right-style: solid !important; border-top-color:#666666 !important; border-top-style: solid !important; border-color:#666666 !important; border-bottom-style: solid !important;} &#8220;] [vc_column_text] <\/p>\n<h3 >Cala San Vicente-> San Juan<\/h3>\n<h4 style=\"text-align: center;\" >Montag bis Freitag<\/h4>\n<p style=\"text-align: center;\" >9:00<\/p>\n<p> [\/vc_column_text] [\/vc_column_inner] [\/vc_row_inner] [vc_column_text] <\/p>\n<h2 >Sommerzeit (vom 1. Mai bis 31. Oktober)<\/h2>\n<p> [\/vc_column_text] [vc_row_inner css = &#8220;.vc_custom_1541747165242 {margin-bottom: 20px !important;}&#8221;] [vc_column_inner width=&#8221;1\/2&#8243; css=&#8221;.vc_custom_1541747132513{border-bottom-width: 1px !important; border-left-width: 1px !important; border-bottom-width: 1px !important; border-left-width: 1px !important; border-bottom-color:#666666 !important; border-left-color: solid !important; border-right-color:#666666 !important; border-right-style: solid !important; border-color:#666666 !important; border-top-style: solid !important; border-left-color:#666666 !important; border-bottom-color: Solig !important;} &#8220;] [vc_column_text] <\/p>\n<h3 >San Juan-> Cala san Vicente<\/h3>\n<h4 style=\"text-align: center;\" >Montag bis Freitag<\/h4>\n<p style=\"text-align: center;\" >14:00 20:10<\/p>\n<p> [\/vc_column_text] [\/vc_column_inner] [vc_column_inner width=&#8221;1\/2&#8243; css=&#8221;.vc_custom_1541747140633{border-top-width: 1px !important; border-left-width: 1px !important; border-bottom-width: 1px !important; border-right-color:#666666 !important; border-right-style: solid !important; border-top-color:#666666 !important; border-top-style: solid !important; border-color:#666666 !important; border-bottom-style: solid !important;} &#8220;] [vc_column_text] <\/p>\n<h3 >Cala San Vicente-> San Juan<\/h3>\n<h4 style=\"text-align: center;\" >Montag bis Freitag<\/h4>\n<p style=\"text-align: center;\" >18:35 16:00<\/p>\n<p> [\/vc_column_text] [\/vc_column_inner] [\/vc_row_inner] [vc_row_inner] [vc_column_inner] [vc_column_text] <\/p>\n<h3 >Route der Linie San Juan-Cala San Vicente<\/h3>\n<p> [\/vc_column_text] [\/vc_column_inner] [\/vc_row_inner] [vc_row_inner css=&#8221;.vc_custom_1541747312506{margin-bottom: 20px !important; border-top-width=: 1px !important; border-left-width: 1px !important; border-bottom-width: 1px !important; border-left-width: 1px !important; border-bottom-color:#666666! Wichtig; border-left-color: solid !important; border-right-color:#666666 !important; border-right-style: solid !important; border-top-color:#666666 !important; border-top-style: solid !important; border-left-color:#666666 !important; border-bottom-color: Solig !important;} &#8220;] [vc_column_inner width= = &#8220;1\/2&#8221;] [rt_list_style] <\/p>\n<ul>\n<li >San Juan<\/li>\n<li >Friedhof<\/li>\n<li >Coll De Morna<\/li>\n<li >Can Joan Serra<\/li>\n<li >Cam\u00ed De S &#8216; Aumange<\/li>\n<li >Can Toni Serra<\/li>\n<li >Can Macia<\/li>\n<li >Can Lloque<\/li>\n<li >Sa Laia<\/li>\n<li >Pere Marge<\/li>\n<li >Sa Timbeta<\/li>\n<li >Can Francisco<\/li>\n<li >Pont De San Carlos<\/li>\n<li >Sa Cala De San Vicente<\/li>\n<\/ul>\n<p> [\/rt_list_style] [\/vc_column_inner] [vc_column_inner width= = &#8220;1\/2&#8221; css = &#8220;.vc_custom_1541747270371 {border-left-width: 1px !important; border-bottom-color:#666666 !important; border-left-color: solid !important;}&#8221;] [rt_list_style] <\/p>\n<ul>\n<li >Sa Cala De San Vicente<\/li>\n<li >Pont De San Carlos<\/li>\n<li >Can Francisco<\/li>\n<li >Sa Timbeta<\/li>\n<li >Pere Marge<\/li>\n<li >Sa Laia<\/li>\n<li >Can Lloque<\/li>\n<li >Can Macia<\/li>\n<li >Can Toni Serra<\/li>\n<li >Cam\u00ed De S &#8216; Aumange<\/li>\n<li >Can Joan Serra<\/li>\n<li >Coll De Morna<\/li>\n<li >Friedhof<\/li>\n<li >San Juan<\/li>\n<\/ul>\n<p> [\/rt_list_style] [\/vc_column_inner] [\/vc_row_inner] [vc_gmaps link=&#8221;#E-8_JTNDaWZyYW1lJTIwc3JjJTNEJTIyaHR0cHMlM0ElMkYlMkZ3d3cuZ29vZ2xlLmNvbSUyRm1hcHMlMkZlbWJlZCUzRnBiJTNEJTIyJTIwd2lkdGglM0QlMjI2MDAlMjIlMjBoZWlnaHQlM0QlMjI0NTAlMjIlMjBmcmFtZWJvcmRlciUzRCUyMjAlMjIlMjBzdHlsZSUzRCUyMmJvcmRlciUzQTAlMjIlMjBhbGxvd2Z1bGxzY3JlZW4lM0UlM0MlMkZpZnJhbWUlM0U=&#8221;] [vc_column_text] <\/p>\n<h2 >Andere Inselbuslinien<\/h2>\n<p> Wenn Sie mit dem Bus-Service umsteigen m\u00f6chten, m\u00fcssen Sie die verschiedenen Verbindungen kennen, die uns zur Verf\u00fcgung stehen. Wenn wir uns durch Touristenst\u00e4dte die Verbindungen gruppieren, die wir im Zentrum von Ibiza wichtigsten Buslinien <a href=\"https:\/autobuses-de-ibiza-lineas-y-horarios\/autobus-ibiza-hospital-can-misses-linea-h\/\">wie Ibiza<\/a>Hospital Can Misses, <a href=\"https:\/autobuses-de-ibiza-lineas-y-horarios\/autobuses-linea-l10-ibiza-aeropuerto\/\">L10 Ibiza<\/a> City Airport oder <a href=\"https:\/autobuses-de-ibiza-lineas-y-horarios\/autobus-linea-12a-ibiza-hospital-can-misses-puig-den-valls-jesus-talamanca-marina-botafoch-puerto\/\">L12A Eivissa-> Can Misses Puig D &#8216; en Valls- > Jes\u00fas Playa de Talamanca-> Marina Botafoch Ibiza<\/a>Port. Wenn Sie an andere Orte umziehen m\u00f6chten, k\u00f6nnen Sie von der Stadt Ibiza aus mit den Bussen L3 San <a href=\"https:\/autobuses-de-ibiza-lineas-y-horarios\/autobus-linea-3-san-antonio-san-rafael-ibiza\/\">Antonio-> San Rafael-><\/a> Ibiza-Stadt und <a href=\"https:\/autobuses-de-ibiza-lineas-y-horarios\/autobuses-linea-8-sant-antoni-sant-josep-ibiza\/\">der Linie L8<\/a> San Antonio Sant Josep-> Ibiza fahren, wenn wir nach Sant Antoni de Portmany fahren. In Richtung Flughafen diese zur Verf\u00fcgung stehende <a href=\"https:\/autobuses-de-ibiza-lineas-y-horarios\/autobus-linea-l25-ibiza-santa-gertrudis-san-miguel\/\">L25 eivissa Santa Gertrudis de fruitor Sant Miguel de Balansat f\u00fcr<\/a> diejenigen, die eine Bucht von Eivissa besuchen wollen, werden wir in der Lage sein, die <a href=\"https:\/autobuses-de-ibiza-lineas-y-horarios\/autobus-linea-l12b-ibiza-puerto-marina-botafoch-puerto-ferrys-talamanca-cap-martinet-jesus\/\">Linie L12B eivissa Puerto de Ibiza Marina Botafoch (Puerto Ferries) zu benutzen-> Talamanca &#8211; > Cap Martinet &#8211; > Jes\u00fas<\/a>, <a href=\"https:\/autobuses-de-ibiza-lineas-y-horarios\/autobus-l13-ibiza-santa-eulalia\/\">L13 Ibiza Santa Eulalia <\/a>, <a href=\"https:\/autobuses-de-ibiza-lineas-y-horarios\/autobus-linea-33-san-mateo-ibiza\/\">Linie L33 Sant Mateu Ibiza<\/a> sowie <a href=\"https:\/autobuses-de-ibiza-lineas-y-horarios\/autobus-linea-l35-ibiza-can-misses-sa-carroca-san-jorge\/\">Linie L35 Ibiza-Stadt &#8211; > Krankenhaus kann vermisst Sa Carroca San Jorge<\/a>. Busse zu den Str\u00e4nden von der Stadt sind <a href=\"https:\/autobuses-de-ibiza-lineas-y-horarios\/autobuses-linea-l11-ibiza-sant-jordi-ses-salines\/\">L11 Ibiza Sant Jordi &#8211; > Las Salinas<\/a> und <a href=\"https:\/autobuses-de-ibiza-lineas-y-horarios\/autobuses-linea-l11b-ibiza-playa-den-bossa-ses-salines\/\">Linie L11B Ibiza Stadt Strand d&#8217; Bossa &#8211; > Las Salinas<\/a> oder <a href=\"https:\/autobuses-de-ibiza-lineas-y-horarios\/bus-l14-eivissa-platja-den-bossa\/\">Linie L14-Ibiza-Stadt &#8211; > Playa d&#8217; Bossa<\/a>. Wenn Sie den n\u00f6rdlichen Str\u00e4nden mit Routen von Ibiza-Stadt besuchen werden <a href=\"https:\/autobuses-de-ibiza-lineas-y-horarios\/autobus-linea-l15-ibiza-jesus-cala-llonga\/\">L15 Eivissa Jes\u00fas Cala Llonga <\/a>, <a href=\"https:\/autobuses-de-ibiza-lineas-y-horarios\/autobus-linea-20a-ibiza-san-lorenzo-san-juan-portinatx\/\">Linie L20A Ibiza-Stadt &#8211; > Sant Lloren\u00e7 &#8211; > Sant Joan de Labritja &#8211; > Portinatx<\/a>, <a href=\"https:\/autobuses-de-ibiza-lineas-y-horarios\/autobus-linea-l23-ibiza-benirras\/\">Linie L23 Ibiza &#8211; > Benirras <\/a>und <a href=\"https:\/autobuses-de-ibiza-lineas-y-horarios\/autobus-linea-l25a-ibiza-puerto-de-san-miguel\/\">L25A Ibiza &#8211; > Hafen von San Miguel<\/a> Stadtverkehr, vorbei an der Stadt werden <a href=\"https:\/autobuses-de-ibiza-lineas-y-horarios\/autobus-linea-l45-vara-de-rey-dalt-vila-can-misses-casas-baratas-cas-serres\/\">Linie L45 Vara de Rey Dalt Vila Can Misses &#8211; > Cas Serres preiswerte H\u00e4user<\/a> und <a href=\"https:\/autobuses-de-ibiza-lineas-y-horarios\/autobus-linea-l50-parking-es-dominguet-parking-es-gorg-puerto-de-ibiza-bartolome-rosello-es-raspallar-puig-den-valls-solivera\/\">Linie L50 Parkpl\u00e4tze Dominguets (GESA) &#8211; > Parkpl\u00e4tze Gorg Hafen von Ibiza Bartolom\u00e9 Rossell\u00f3 ist Raspallar Puig D&#8217; in Valls &#8211; > S\u00b4Olivera<\/a> <\/p>\n<h3 >San Antonio Lines<\/h3>\n<p> Die Optionen, die von Sant Antonio de Portmany abweichen, werden vorrangig nach Ibiza City und <a href=\"https:\/autobuses-de-ibiza-lineas-y-horarios\/autobuses-linea-9-san-antonio-san-jose-aeropuerto\/\">der Linie L9 Sant Antoni-> San Jos\u00e9-> Flughafen Ibiza<\/a>hergestellt. Wenn wir an andere Orte gehen, <a href=\"https:\/autobuses-de-ibiza-lineas-y-horarios\/autobus-linea-19-santa-eulalia-san-antonio\/\">haben wir L19 Santa Eulalia-> Sant Antoni<\/a>, <a href=\"https:\/autobuses-de-ibiza-lineas-y-horarios\/autobus-linea-l30-san-antonio-santa-ines-ibiza\/\">L30 Sant Antoni Santa In\u00e9s<\/a> Ibiza-Stadt und <a href=\"https:\/autobuses-de-ibiza-lineas-y-horarios\/autobuses-linea-3-1-can-bonet-ses-paises-san-antonio-can-coix\/\">L 3.1 k\u00f6nnen Bonet-> Ses Pa\u00efses-> San Antonio can Coix (Schwimmbad)<\/a>. Um die nahe gelegenen Buchten zu erkunden, k\u00f6nnen wir San <a href=\"https:\/autobuses-de-ibiza-lineas-y-horarios\/autobus-linea-1-san-antonio-cala-gracio-stella-maris\/\">Antonio-> Hotel Stella Maris<\/a>, <a href=\"https:\/autobuses-de-ibiza-lineas-y-horarios\/autobus-linea-2-san-antonio-port-des-torrent\/\">L2 Sant Antoni-> Port des Torrent (Western Hotel Ibiza)<\/a> und <a href=\"https:\/autobuses-de-ibiza-lineas-y-horarios\/autobus-linea-l34-san-antonio-cala-salada\/\">L34 Sant Antoni-> Cala Salada<\/a>nehmen. Wenn wir die Buchten anderer Gebiete w\u00e4hlen, k\u00f6nnen wir Busse zu <a href=\"https:\/autobuses-de-ibiza-lineas-y-horarios\/autobuses-linea-l4-san-antonio-cala-de-comte\/\">L4 San Antonio Calas de compte, <\/a> <a href=\"https:\/autobuses-de-ibiza-lineas-y-horarios\/autobuses-linea-5-sant-antoni-cala-tarida\/\">L5 San Antonio-> Cala T\u00e1rida<\/a> oder <a href=\"https:\/autobuses-de-ibiza-lineas-y-horarios\/autobuses-linea-7-san-antonio-cala-bassa\/\">der Linie L7 Sant Antoni-> Cala<\/a>Bassa nehmen. In Richtung Norden haben wir die <a href=\"https:\/autobuses-de-ibiza-lineas-y-horarios\/autobus-linea-22-san-antonio-puerto-de-san-miguel\/\">Linie L22 San Antonio Port de Sant Miquel <\/a>und <a href=\"https:\/autobuses-de-ibiza-lineas-y-horarios\/autobus-linea-l23a-san-antonio-playa-de-benirras\/\">die Linie L23A Sant Antoni Strand von Benirr\u00e1s<\/a>. <\/p>\n<h3 >Santa Eularia Busse<\/h3>\n<p> In Santa Eulalia haben wir Optionen zu anderen Orten wie <a href=\"https:\/autobuses-de-ibiza-lineas-y-horarios\/autobus-linea-16-santa-eulalia-san-carlos\/\">L16 Santa Eularia <\/a>San <a href=\"https:\/autobuses-de-ibiza-lineas-y-horarios\/autobus-l17-santa-eulalia-urbanizacion-siesta\/\">Carlos, L17 Santa Eularia Urbanisation Siesta <\/a>und <a href=\"https:\/autobuses-de-ibiza-lineas-y-horarios\/autobus-linea-l24-cala-nova-es-canar-santa-eulalia-aeropuerto\/\">L24 Cala Nova-> Es Canar-> Santa Eularia des Riu Flughafen<\/a>. In Richtung Las Calas, <a href=\"https:\/autobuses-de-ibiza-lineas-y-horarios\/autobus-linea-16a-santa-eulalia-san-carlos-cala-llenya\/\">Linie L16A Santa Eulalia del R\u00edo Sant Carles de Peralta-> Cala Llenya<\/a>, <a href=\"https:\/autobuses-de-ibiza-lineas-y-horarios\/autobus-linea-16c-santa-eulalia-las-dalias-san-carlos-es-figueral-cala-san-vicente\/\">Linie L16C Santa Eulalia-> Les dalies Sant Carles de Peralta Es figueral-> Cala de San Vicente und <\/a> <a href=\"https:\/autobuses-de-ibiza-lineas-y-horarios\/autobus-linea-23b-santa-eulalia-playa-de-benirras\/\">L23B Santa Eulalia-><\/a> Zu San Juan. Auch die Fahrten zum <a href=\"https:\/autobuses-de-ibiza-lineas-y-horarios\/autobus-linea-18b-santa-eulalia-sargamassa-cala-martina-es-canar-cala-nova\/\">L18B Santa Eulalia del R\u00edo-> S &#8216; Argamassa cana Martina ist Canar Cala Nova <\/a>, <a href=\"https:\/autobuses-de-ibiza-lineas-y-horarios\/autobus-linea-18a-santa-eulalia-es-canar\/\">L18A Santa Eularia des Riu es <\/a>canar <a href=\"https:\/autobuses-de-ibiza-lineas-y-horarios\/autobus-linea-l21-santa-eulalia-san-juan-portinatx\/\">, Linie L21 Santa Eulalia del R\u00edo San Juan-> Portinatx und Linie<\/a> <a href=\"https:\/autobuses-de-ibiza-lineas-y-horarios\/autobus-linea-l41-santa-eulalia-cala-llonga\/\">L41 Santa Eularia Riu-> Cala Llonga<\/a>. <\/p>\n<h3 >Andere Verbindungen auf Ibiza<\/h3>\n<p> Einige Linien verbinden animierte Punkte wie <a href=\"https:\/autobuses-de-ibiza-lineas-y-horarios\/autobus-linea-l36-aeropuerto-playa-den-bossa\/\">die Linie L36 Airport-> Playa d &#8216; en Bossa<\/a>, <a href=\"https:\/autobuses-de-ibiza-lineas-y-horarios\/autobus-linea-37-puerto-de-san-miguel-es-canar\/\">L37 Puerto de Sant Miquel-> Es kann die L26 <\/a> <a href=\"https:\/autobuses-de-ibiza-lineas-y-horarios\/autobus-linea-l26-san-jose-cala-vadella\/\">Sant Josep de Sa Talaia-> Cala Vadella<\/a>. Andere vereinen Populationen mit <a href=\"https:\/autobuses-de-ibiza-lineas-y-horarios\/autobus-linea-l20b-san-juan-cala-san-vicente\/\">K\u00fcstenregionen wie L20B Sant Joan de Labritja Cala de San Vicente <\/a>, Linie <a href=\"https:\/autobuses-de-ibiza-lineas-y-horarios\/autobus-linea-l23c-portinatx-san-juan-playa-de-benirras\/\">L23C Portinatx Sant Joan <\/a>Playa Benirras, <a href=\"https:\/autobuses-de-ibiza-lineas-y-horarios\/autobus-linea-l23p-benirras-playa-de-benirras\/\">l\u00ednea L23P Benirras (Parkplatz)-> Strand von Benirr\u00e1s <\/a>oder L42 <a href=\"https:\/autobuses-de-ibiza-lineas-y-horarios\/autobus-linea-l42-es-cubells-san-jose\/\">Linie ist Cubell-> Sant Josep<\/a>. <\/p>\n<h3 >Busfahrten f\u00fcr das Nachtleben: Discobus<\/h3>\n<p> W\u00e4hrend des Sommers werden Sie in der Lage sein, spezielle Optionen, die durch die am meisten frequentierten Gebiete gehen. Diese Verbindungen sind <a href=\"https:\/autobuses-de-ibiza-lineas-y-horarios\/autobus-linea-l3-disco-bus-san-antonio-privilege-amnesia-pacha-puerto-de-ibiza\/\">L3 der Linie Discobus<\/a>San Antonio Privileg Amnesia-> Pasha-> Hafen von Ibiza <a href=\"https:\/autobuses-de-ibiza-lineas-y-horarios\/autobus-linea-l3b-disco-bus-san-antonio-playa-den-bossa-ushuaia\/\">, Linie L3B Disco Bus San Antonio-> Playa d &#8216; en Bossa (Ushuaia-> Hl<\/a>), <a href=\"https:\/autobuses-de-ibiza-lineas-y-horarios\/autobus-linea-l13-18-discobus-puerto-de-ibiza-santa-eulalia-es-canar\/\">Linie L13-> 18 Discobus Hafen von Ibiza Santa R\u00edo Es Canar <\/a>und <a href=\"https:\/autobuses-de-ibiza-lineas-y-horarios\/autobus-linea-l14-discobus-pacha-puerto-de-ibiza-playa-den-bossa-ushuaia\/\">L14 Disco Bus Pacha-> Puerto de Ibiza Playa d &#8216; en Bossa-> Ushuaia-> Hl <\/a>[\/vc_column_text][\/vc_column]  [vc_column width = &#8220;1\/3&#8221;] [vc_single_image  image = &#8220;46038&#8221; img_size = &#8220;full&#8221;] [vc_column_text] <\/p>\n<h2 >Konzession\u00e4re Firma San Juan Cala San Vicente<\/h2>\n<p> Busunternehmen H.F. Vil\u00e1s <a href=\"tel:971317306\">971 317 306<\/a> [\/vc_column_text] [vc_column_text] Die Fahrpl\u00e4ne f\u00fcr die <strong>Linie 20B San Juan Cala San Vicente <\/strong>sind f\u00fcr informative Zwecke. <a href=\"https:\/\">Nur Ibiza<\/a> ist nicht verantwortlich f\u00fcr Sch\u00e4den oder Verletzungen, die durch die Linie oder die hier angezeigten Informationen verursacht werden. [\/vc_column_text] [\/vc_column] [\/vc_row] [vc_row full_width = &#8220;Stretch_row&#8221; css = &#8220;.vc_custom_1541747335413 {background-color:#0000ff !important;}&#8221;] [vc_column] [vc_column_text css_animation = &#8220;FadeIn&#8221; El_class = &#8220;. <\/p>\n<p class=\"size24\" style=\"text-align: center;\"><span style=\"color:#ffffff;\">Die Busstrecke San Juan Cala San Vicente wird gef\u00f6rdert durch<\/span> <a href=\"https:\/\/disenowebibiza.soloibiza.com\/\"> <span style=\"color:#ffffff;\">Webseiten und SEO Ibiza<\/span> <\/a><\/p>\n<p> [\/vc_column_text] [\/vc_column] [\/vc_row] <\/p>\n<\/div>","protected":false},"excerpt":{"rendered":"<p>[vc_row full_width=&#8221;stretch_row&#8221; parallax=&#8221;content-moving-fade&#8221; css=&#8221;.vc_custom_1541744452372{padding-top: 20px !important;padding-bottom: 60px !important;background-image: url(http:\/\/soloibiza.com\/wp-content\/uploads\/2018\/11\/autobuses.jpg?id=46038) !important;background-position: center;background-repeat: no-repeat;background-size: cover !important;}&#8221;] [vc_column] [vc_custom_heading text = &#8220;Bus san Juan Cala San Vicente, l\u00ednea 20B&#8221; font_container = &#8220;tag:h1 | text_align: center | color:#ffffff&#8221; use_theme_fonts = &#8220;yes&#8221;] [\/vc_column] [\/vc_row] [vc_row el_class = &#8220;autobus&#8221;] [vc_column width = &#8220;2\/3&#8221;] [vc_column_text] Winterzeit (vom 1. November bis 30. April) [&hellip;]<\/p>\n","protected":false},"author":1,"featured_media":0,"parent":49301,"menu_order":0,"comment_status":"closed","ping_status":"closed","template":"","meta":{"_acf_changed":false,"footnotes":""},"class_list":["post-49669","page","type-page","status-publish","hentry"],"acf":[],"_links":{"self":[{"href":"https:\/\/soloibiza.com\/de\/wp-json\/wp\/v2\/pages\/49669","targetHints":{"allow":["GET"]}}],"collection":[{"href":"https:\/\/soloibiza.com\/de\/wp-json\/wp\/v2\/pages"}],"about":[{"href":"https:\/\/soloibiza.com\/de\/wp-json\/wp\/v2\/types\/page"}],"author":[{"embeddable":true,"href":"https:\/\/soloibiza.com\/de\/wp-json\/wp\/v2\/users\/1"}],"replies":[{"embeddable":true,"href":"https:\/\/soloibiza.com\/de\/wp-json\/wp\/v2\/comments?post=49669"}],"version-history":[{"count":0,"href":"https:\/\/soloibiza.com\/de\/wp-json\/wp\/v2\/pages\/49669\/revisions"}],"up":[{"embeddable":true,"href":"https:\/\/soloibiza.com\/de\/wp-json\/wp\/v2\/pages\/49301"}],"wp:attachment":[{"href":"https:\/\/soloibiza.com\/de\/wp-json\/wp\/v2\/media?parent=49669"}],"curies":[{"name":"wp","href":"https:\/\/api.w.org\/{rel}","templated":true}]}}