{"id":53841,"date":"2019-04-13T11:02:28","date_gmt":"2019-04-13T09:02:28","guid":{"rendered":"https:\/?page_id=53841"},"modified":"2019-04-13T11:18:31","modified_gmt":"2019-04-13T09:18:31","slug":"esglesia-del-convent","status":"publish","type":"page","link":"https:\/\/soloibiza.com\/ca\/guia-de-turisme-cultural-i-natural-deivissa\/guia-de-la-ciutat-deivissa\/esglesia-del-convent\/","title":{"rendered":"Esgl\u00e9sia del convent"},"content":{"rendered":"<div class=\"wpb-content-wrapper\"><p>[vc_row full_width = &#8220;stretch_row&#8221; parallax = &#8220;content-moving-fade&#8221; css = &#8220;.vc_custom_1545069820171 {padding-top: 20px !important; Padding-Bottom: 60px !important; background-image: url(http:\/\/soloibiza.com\/wp-content\/uploads\/2018\/12\/Iglesia-del-Convento.jpg?id=46814) !important;}&#8221;] [vc_column] [vc_custom_heading text = &#8220;hist\u00f2ria de l&#8217;esgl\u00e9sia del convent. Ibiza &#8221; font_container =&#8221;tag:H1|text_align:center|color:#ffff &#8221; use_theme_fonts =&#8221;yes&#8221;] [vc_custom_heading text =&#8221; en l&#8217;ascensi\u00f3 a la catedral trobem l&#8217;esgl\u00e9sia del convent, o parr\u00f2quia de Sant Pere &#8221; font_container =&#8221; Tag: P|font_size: 24px|text_Alineaci\u00f3: centre|color:#ffffff&#8221; use_theme_fonts =&#8221;yes&#8221;] [\/vc_column] [\/vc_row] [vc_row] [vc_column width =&#8221; 1\/3 &#8220;] [vc_column_text]<\/p>\n<div class=\"entry clearfloat\">\n<div class=\"texto\">Constru\u00eft sobre terrenys donats per la Universitat d&#8217;Eivissa \u00e9s l&#8217; <strong>esgl\u00e9sia del convent<\/strong> de Sant Dom\u00e8nec. La seva construcci\u00f3 data del segle XVI, encara que no \u00e9s fins a finals del XVII quan adquireix el seu estat actual. Els seus primers ocupants van ser els pares dominicans transferits des de l&#8217;esgl\u00e9sia de Jes\u00fas per raons de seguretat. En 1835, i en estat d&#8217;arru\u00efnar per l&#8217;explosi\u00f3 de la revista, passa a mans de l&#8217;Ajuntament, que s&#8217;encarrega de la seva reconstrucci\u00f3 i allotjament convertint-se en pres\u00f3, escola i Hospital. Actualment forma part de les instal\u00b7lacions de l&#8217;Ajuntament i el seu aspecte exterior \u00e9s reconegut des de tot el port, donant lloc a una de les estampes m\u00e9s simb\u00f2liques de Dalt Vila.<\/div>\n<\/div>\n<p>[\/vc_column_text] [\/vc_column] [vc_column width = &#8220;2\/3&#8221;] [vc_single_image Image = &#8220;46814&#8221; img_size = &#8220;full&#8221;] [\/vc_column] [\/vc_row] [vc_row] [vc_column] [vc_column_text]<\/p>\n<h2 class=\"title\">Com arribar a l&#8217;esgl\u00e9sia del convent.<\/h2>\n<div class=\"entry clearfloat\">\n<div class=\"texto\">Aquest important s\u00edmbol hist\u00f2ric i religi\u00f3s es troba dins la zona emmurallada de Dalt Vila. Des dels seus murs es veuen les postals m\u00e9s t\u00edpiques de la ciutat d&#8217;Eivissa. La seva vista sobre el port esportiu i la zona del port s\u00f3n llegendaris. L&#8217;acc\u00e9s a la zona \u00e9s simple, encara que alguna cosa cansat si no prenem el minibus tur\u00edstic que part de la pla\u00e7a de Vara de rei. L&#8217; <strong>esgl\u00e9sia del convent<\/strong>o es troba al carrer principal de Dalt Vila, sempre prenent la pujada. Ja sigui per l&#8217;entrada principal apedregada de la muralla, la porta de ses taules, o l&#8217;acc\u00e9s secundari i pavimentat, sota el baluard de Sant Pere, arribarem al baluard de Santa Llucia. Al costat de la muralla, trobem les capelles visibles des de Puig d&#8217;en valls fins a Sant Rafael.<\/div>\n<\/div>\n<p>[\/vc_column_text] [\/vc_column] [\/vc_row] [vc_row] [vc_column] [vc_gmaps link=&#8221;#E-8_JTNDaWZyYW1lJTIwc3JjJTNEJTIyaHR0cHMlM0ElMkYlMkZ3d3cuZ29vZ2xlLmNvbSUyRm1hcHMlMkZlbWJlZCUzRnBiJTNEJTIxMW0xOCUyMTFtMTIlMjExbTMlMjExZDE2MjMuODEwNzQ5MTA3ODI4JTIxMmQxLjQzNzYxNjA3NTIzOTczNjIlMjEzZDM4LjkwNzQ4NzQxNTcyMzU2JTIxMm0zJTIxMWYwJTIxMmYwJTIxM2YwJTIxM20yJTIxMWkxMDI0JTIxMmk3NjglMjE0ZjEzLjElMjEzbTMlMjExbTIlMjExczB4MCUyNTNBMHg3OTQxYTgyNzA1MWMwYjAxJTIxMnNQYXJyb3F1aWElMkJEZSUyQlNhbiUyQlBlZHJvJTIxNWUxJTIxM20yJTIxMXNlcyUyMTJzZXMlMjE0djE1NDUwNjk5MjI2MDIlMjIlMjB3aWR0aCUzRCUyMjYwMCUyMiUyMGhlaWdodCUzRCUyMjQ1MCUyMiUyMGZyYW1lYm9yZGVyJTNEJTIyMCUyMiUyMHN0eWxlJTNEJTIyYm9yZGVyJTNBMCUyMiUyMGFsbG93ZnVsbHNjcmVlbiUzRSUzQyUyRmlmcmFtZSUzRQ==&#8221;] [\/vc_column] [\/vc_row] [vc_row full_width =&#8221;stretch_row&#8221; css =&#8221;.vc_custom_1539804160222 {padding-top: 30px !important; padding-bottom: 60px !important; background-color:# 1b7f47 !important; background-posici\u00f3: centre !important; background-repeat: no-repeat !important; background-size: Cover !important;} &#8220;] [vc_column] [vc_custom_heading text = &#8220;Altres llocs per descobrir en l&#8217;entorn de l&#8217;esgl\u00e9sia del monestir&#8221; font_container = &#8220;tag:h2|font_size:40px|text_align:center|color:%23ffff| line_height:48px&#8221; use_theme_fonts = &#8220;yes&#8221;] [vc_custom_heading text = &#8220;L&#8217;esgl\u00e9sia del convent est\u00e0 situat al centre de pujada a la catedral.&#8221; font_container = &#8220;tag:p|font_size:24px|text_align:center|23ffffff de color: % use_theme_fonts = &#8220;yes&#8221;] [\/vc_column] [\/vc_row] [vc_row] [vc_column width= &#8220;1\/3&#8221;] [vc_single_image image = &#8220;46862&#8221; img_size = &#8220;full&#8221; onclick = &#8220;custom_link&#8221; enlla\u00e7 = &#8220;https:\/guia-de-turismo-de-ibiza-cultural-y-natural\/guia-de-turismo-de-la-ciudad-de-ibiza\/museo-arqueologico-de-ibiza\/&#8221;] [vc_column_text]<\/p>\n<h2 style=\"text-align: center;\">Museu Arqueol\u00f2gic d&#8217;Eivissa a 197 metres<\/h2>\n<p style=\"text-align: center;\">Si us agrada la mitologia, visiteu el Museu Arqueol\u00f2gic d&#8217;Eivissa, m\u00e9s que no pas una obligaci\u00f3, \u00e9s un compte pendent.<\/p>\n<p>[\/vc_column_text] [\/vc_column] [vc_column width = &#8220;1\/3&#8221;] [vc_single_image Image = &#8220;46670&#8221; img_size = &#8220;full&#8221; onclick = &#8220;custom_link&#8221; Link = &#8220;https:\/guia-de-turismo-de-ibiza-cultural-y-natural\/guia-de-turismo-de-la-ciudad-de-ibiza\/catedral-de-ibiza\/&#8221;] [vc_column_text]<\/p>\n<h2 style=\"text-align: center;\">Catedral d&#8217;Eivissa a 187 metres<\/h2>\n<p style=\"text-align: center;\">Una de les estampes m\u00e9s conegudes de tots els visitants d&#8217;Eivissa \u00e9s la majestuosa imatge de la catedral coronant l&#8217;entrada al port.<\/p>\n<p>[\/vc_column_text] [\/vc_column] [vc_column width = &#8220;1\/3&#8221;] [vc_single_image Image = &#8220;46868&#8221; img_size = &#8220;full&#8221; onclick = &#8220;custom_link&#8221; Link = &#8220;https:\/guia-de-turismo-de-ibiza-cultural-y-natural\/guia-de-turismo-de-la-ciudad-de-ibiza\/museo-de-arte-contemporaneo-ibiza\/&#8221;] [vc_column_text]<\/p>\n<h2 style=\"text-align: center;\">Museu d&#8217;art contemporani d&#8217;Eivissa<\/h2>\n<p style=\"text-align: center;\">El Museu d&#8217;art contemporani d&#8217;Eivissa (MACE) es troba a la zona de Dalt Vila, ocupant la sala d&#8217;armes.<\/p>\n<p>[\/vc_column_text] [\/vc_column] [\/vc_row] [vc_row full_width = &#8220;stretch_row&#8221; css = &#8220;.vc_custom_1539804160222 {Padding-Top: 30px !important; padding-bottom: 60px !important; background-color:#1b7f47 !important; background-position: centre !important; background-repeat: center: no-repeat !important; background-size: Cover !important;} &#8220;] [vc_column] [vc_custom_heading text = &#8220;altres llocs per descobrir a l&#8217;entorn de l&#8217;esgl\u00e9sia del convent&#8221; font_container = &#8220;tag:H2|font_size: 40px|text_align:center|color:#FFFFFF|line_height: 48px&#8221; use_theme_fonts = &#8220;yes&#8221;] [\/vc_column] [\/vc_row] [vc_row] [vc_column width = &#8220;1\/3&#8221;] [vc_single_image Image = &#8220;46856&#8221; img_size = &#8220;full&#8221; onclick = &#8220;custom_link&#8221; Link = &#8220;https:\/guia-de-turismo-de-ibiza-cultural-y-natural\/guia-de-turismo-de-la-ciudad-de-ibiza\/&#8221;] [vc_column_text]<\/p>\n<h2 style=\"text-align: center;\">Eivissa<\/h2>\n<p style=\"text-align: center;\">Turisme a Eivissa va venir de la m\u00e0 del sol, la festa i la platja.<\/p>\n<p>[\/vc_column_text] [\/vc_column] [vc_column width = &#8220;1\/3&#8221;] [vc_single_image Image = &#8220;46940&#8221; img_size = &#8220;full&#8221; onclick = &#8220;custom_link&#8221; Link = &#8220;https:\/guia-de-turismo-de-ibiza-cultural-y-natural\/guia-turismo-santa-eulalia-ibiza\/guia-de-turismo-de-puig-den-valls\/&#8221;] [vc_column_text]<\/p>\n<h2 style=\"text-align: center;\">Puig den Valls a 2 km<\/h2>\n<p style=\"text-align: center;\">Puig d&#8217;en valls est\u00e0 situat a l&#8217;extrem sud del municipi de Santa Eul\u00e0ria, vorejant el municipi d&#8217;Eivissa.<\/p>\n<p>[\/vc_column_text] [\/vc_column] [vc_column width = &#8220;1\/3&#8221;] [vc_single_image Image = &#8220;46826&#8221; img_size = &#8220;full&#8221; onclick = &#8220;custom_link&#8221; Link = &#8220;https:\/guia-de-turismo-de-ibiza-cultural-y-natural\/guia-turismo-santa-eulalia-ibiza\/guia-de-turismo-de-jesus\/&#8221;] [vc_column_text]<\/p>\n<h2 style=\"text-align: center;\">A 3 km de Jes\u00fas<\/h2>\n<p style=\"text-align: center;\">Jes\u00fas \u00e9s una de les parr\u00f2quies del municipi de Santa Eul\u00e1ria, vorejant la ciutat d&#8217;Eivissa.<\/p>\n<p>[\/vc_column_text] [\/vc_column] [\/vc_row] [vc_row full_width = &#8220;stretch_row&#8221; css = &#8220;.vc_custom_1540877850287 {background-color: RGBA(255,153,0,0.6) !important; * background-color:RGB(255,153,0) !important;}&#8221;] [vc_column] [vc_custom_heading text = &#8220;platges prop de l&#8217;esgl\u00e9sia del convent&#8221; font_container = &#8220;tag:H2|text_align:center|color:#ffffff&#8221; use_theme_fonts = &#8220;yes&#8221; el_id = &#8220;platges de la ciutat d&#8217;Eivissa&#8221;] [vc_column_text]<\/p>\n<p style=\"text-align: center;\"><span style=\"color: #ffffff; font-size: 18px;\">Podem passar de l&#8217;esgl\u00e9sia del convent a les <a style=\"color: #ffffff; font-size: 18px;\" href=\"https:\/playas-de-ibiza-ciudad-o-eivissa\/\">platges de la ciutat d&#8217;Eivissa<\/a>.<\/span><\/p>\n<p>[\/vc_column_text] [\/vc_column] [\/vc_row] [vc_row el_id = &#8220;Figueretes&#8221;] [vc_column width = &#8220;1\/3&#8221; El_class = &#8220;Filaplayas&#8221; el_id = &#8220;platja d&#8217;en bossa&#8221;] [vc_single_image Image = &#8220;47608&#8221; img_size = &#8220;full&#8221;] [vc_column_text El_class = &#8220;.conelanteriorreducido&#8221;] <a href=\"https:\/playa-den-bossa\/\">P.<\/a>d&#8217;en Bossa [\/vc_column_text] [vc_column_text] parlar de platja d&#8217;en Bossa \u00e9s parlar d&#8217;un dels llocs m\u00e9s coneguts de l&#8217;illa d&#8217;Eivissa. [\/vc_column_text] [\/vc_column] [vc_column width = &#8220;1\/3&#8221; El_class = &#8220;Filaplayas&#8221; el_id = &#8220;Talamanca&#8221;] [vc_single_image image = &#8220;47470&#8221; img_size = &#8220;full&#8221;] [vc_column_text El_class = &#8220;.conelanteriorreducido&#8221;] <a href=\"https:\/figueretas\/\">Figueretas<\/a> [\/vc_column_text] [vc_column_text]<\/p>\n<p style=\"text-align: center;\">La platja de ses Figueretes, o la platja de Figueretes est\u00e0 situada en el nucli urb\u00e0 d&#8217;Eivissa.<\/p>\n<p>[\/vc_column_text] [\/vc_column] [vc_column width = &#8220;1\/3&#8221; El_class = &#8220;Filaplayas&#8221;] [vc_single_image Image = &#8220;47515&#8221; img_size = &#8220;full&#8221;] [vc_column_text El_class = &#8220;.conelanteriorreducido&#8221;] <a href=\"https:\/talamanca\/\">Talamanca<\/a>\u00a0[\/vc_column_text] [vc_column_text]<\/p>\n<p style=\"text-align: center;\">Una de les millors platges urbanes que podem gaudir es troba a la platja de Talamanca.<\/p>\n<p>[\/vc_column_text] [\/vc_column] [\/vc_row]<\/p>\n<\/div>","protected":false},"excerpt":{"rendered":"<p>[vc_row full_width = &#8220;stretch_row&#8221; parallax = &#8220;content-moving-fade&#8221; css = &#8220;.vc_custom_1545069820171 {padding-top: 20px !important; Padding-Bottom: 60px !important; background-image: url(http:\/\/soloibiza.com\/wp-content\/uploads\/2018\/12\/Iglesia-del-Convento.jpg?id=46814) !important;}&#8221;] [vc_column] [vc_custom_heading text = &#8220;hist\u00f2ria de l&#8217;esgl\u00e9sia del convent. Ibiza &#8221; font_container =&#8221;tag:H1|text_align:center|color:#ffff &#8221; use_theme_fonts =&#8221;yes&#8221;] [vc_custom_heading text =&#8221; en l&#8217;ascensi\u00f3 a la catedral trobem l&#8217;esgl\u00e9sia del convent, o parr\u00f2quia de Sant Pere &#8221; font_container =&#8221; [&hellip;]<\/p>\n","protected":false},"author":1,"featured_media":0,"parent":53783,"menu_order":0,"comment_status":"closed","ping_status":"closed","template":"","meta":{"_acf_changed":false,"footnotes":""},"class_list":["post-53841","page","type-page","status-publish","hentry"],"acf":[],"_links":{"self":[{"href":"https:\/\/soloibiza.com\/ca\/wp-json\/wp\/v2\/pages\/53841","targetHints":{"allow":["GET"]}}],"collection":[{"href":"https:\/\/soloibiza.com\/ca\/wp-json\/wp\/v2\/pages"}],"about":[{"href":"https:\/\/soloibiza.com\/ca\/wp-json\/wp\/v2\/types\/page"}],"author":[{"embeddable":true,"href":"https:\/\/soloibiza.com\/ca\/wp-json\/wp\/v2\/users\/1"}],"replies":[{"embeddable":true,"href":"https:\/\/soloibiza.com\/ca\/wp-json\/wp\/v2\/comments?post=53841"}],"version-history":[{"count":0,"href":"https:\/\/soloibiza.com\/ca\/wp-json\/wp\/v2\/pages\/53841\/revisions"}],"up":[{"embeddable":true,"href":"https:\/\/soloibiza.com\/ca\/wp-json\/wp\/v2\/pages\/53783"}],"wp:attachment":[{"href":"https:\/\/soloibiza.com\/ca\/wp-json\/wp\/v2\/media?parent=53841"}],"curies":[{"name":"wp","href":"https:\/\/api.w.org\/{rel}","templated":true}]}}