{"id":52003,"date":"2019-03-10T12:02:10","date_gmt":"2019-03-10T11:02:10","guid":{"rendered":"https:\/?page_id=52003"},"modified":"2019-03-10T18:09:05","modified_gmt":"2019-03-10T17:09:05","slug":"platja-de-sargamassa","status":"publish","type":"page","link":"https:\/\/soloibiza.com\/ca\/platja-de-sargamassa\/","title":{"rendered":"Platja de s&#8217;Argamassa"},"content":{"rendered":"<div class=\"wpb-content-wrapper\"><p> [vc_row full_width = &#8220;stretch_row&#8221; parallax = &#8220;content-moving-fade&#8221; css = &#8220;.vc_custom_1545906280745 {padding-top: 20px !important; Padding-Bottom: 60px !important; background-image: url(http:\/\/soloibiza.com\/wp-content\/uploads\/2018\/12\/Playa-de-Sargamassa.jpg?id=47506) !important;}&#8221;] [vc_column] [vc_custom_heading text = &#8220;platja de s&#8217;Argamassa. Transformat platja &#8221; font_container =&#8221;tag:h1|text_align:center|color:%23ffff&#8221; use_theme_fonts =&#8221;yes&#8221;] [vc_custom_heading text =&#8221; La Playa de S&#8217;Argamassa ha sofert una profunda transformaci\u00f3 que ha esdevingut un lloc tranquil i estan equipades amb serveis &#8221; font_container = &#8220;tag:p|font_size:24px|text_align:center|color:%23ffffff&#8221; use_theme_fonts = &#8220;yes&#8221;] [\/vc_column] [\/vc_row] [vc_row] [vc_column width= &#8220;2\/3&#8221;] [vc_row_inner] [vc_column_inner] [\/vc_column_inner] [\/vc_row_inner] [vc_single_image image = &#8220;47506&#8221; img_size = &#8220;full&#8221;] [vc_column_text] pertanyent al municipi de <a href=\"https:\/guia-de-turismo-de-ibiza-cultural-y-natural\/guia-turismo-santa-eulalia-ibiza\/\"> <strong>Santa Eul\u00e0ria<\/strong> <\/a> pot trobar la <strong>Beach &#8216; Argamassa<\/strong> alguns divuit quil\u00f2metres <a href=\"https:\/\"> <strong>d&#8217;Eivissa<\/strong> <\/a> i tres quil\u00f2metres de la parr\u00f2quia de <strong>Santa Eul\u00e0ria<\/strong>. Acc\u00e9s \u00e9s per carretera, amb cotxe, moto o autob\u00fas si visitem a l&#8217;estiu i tamb\u00e9 accessible per mar a trav\u00e9s de vaixells tur\u00edstics destinats a aquesta finalitat. Si triem la ruta terrestre pot accedir deixant la carretera del Nord i agafant la desviaci\u00f3 cap a <strong>S&#8217;Argamassa<\/strong>. [\/vc_column_text] [\/vc_column] [vc_column width= &#8220;1\/3&#8243;] [vc_gmaps link=&#8221;#E-8_JTNDaWZyYW1lJTIwc3JjJTNEJTIyaHR0cHMlM0ElMkYlMkZ3d3cuZ29vZ2xlLmNvbSUyRm1hcHMlMkZlbWJlZCUzRnBiJTNEJTIxMW0xOCUyMTFtMTIlMjExbTMlMjExZDMxMDAuOTQ4ODg0MzQ3MjYzNiUyMTJkMS41NjQ1OTA2NjU4NjQwMTk0JTIxM2QzOC45OTM2NjI5NDg4NjglMjEybTMlMjExZjAlMjEyZjAlMjEzZjAlMjEzbTIlMjExaTEwMjQlMjEyaTc2OCUyMTRmMTMuMSUyMTNtMyUyMTFtMiUyMTFzMHgxMjk5MTRjNGM5YjQ1OTkxJTI1M0EweGI1YzU4NzAxNmIyMmZmMzklMjEyc1NhcmdhbWFzc2ElMkJCZWFjaCUyMTVlMCUyMTNtMiUyMTFzZXMlMjEyc2VzJTIxNHYxNTQ1OTA2NDE3MTQwJTIyJTIwd2lkdGglM0QlMjI2MDAlMjIlMjBoZWlnaHQlM0QlMjI0NTAlMjIlMjBmcmFtZWJvcmRlciUzRCUyMjAlMjIlMjBzdHlsZSUzRCUyMmJvcmRlciUzQTAlMjIlMjBhbGxvd2Z1bGxzY3JlZW4lM0UlM0MlMkZpZnJhbWUlM0U=&#8221;] [vc_custom_heading text = &#8216;Serveis Addicionals&#8217; font_container =&#8221;tag:h3|text_align:center|color:%23ffff&#8221; use_theme_fonts =&#8221;yes&#8221; css =&#8221;.vc_custom_1540662764537{margin-bottom: 30px !important; background-color:#f3ad2a !important;} &#8220;] [vc_row_inner gap= &#8220;30&#8221;] [vc_column_inner width= &#8220;1\/3&#8221;] [vc_icon icon_hubbleicons = &#8220;icono-sun-bath&#8221; color = &#8220;custom&#8221; size = &#8220;xl&#8221; text_align=&#8221;centre&#8221; icons_reach_icons = &#8220;Icon-Beach-1&#8221; custom_color = &#8220;#f1ae28&#8221;] [vc_column_text] <\/p>\n<p style=\"text-align: center;\"><span style=\"color:#f3ad2a;\"><strong >Paraig\u00fces<\/strong><\/span><\/p>\n<p> [\/vc_column_text] [\/vc_column_inner] [vc_column_inner width = &#8220;1\/3&#8221;] [vc_icon icon_hubbleicons = &#8220;icono-relax-5&#8221; color = &#8220;custom&#8221; size = &#8220;xl&#8221; align = &#8220;Center&#8221; icons_reach_icons = &#8220;Icon-Beach-1&#8221; custom_color = &#8220;#f1ae28&#8221;] [vc_column_text] <\/p>\n<p style=\"text-align: center;\"><span style=\"color:#f3ad2a;\"><strong >Hamaques<\/strong><\/span><\/p>\n<p> [\/vc_column_text] [\/vc_column_inner] [vc_column_inner width = &#8220;1\/3&#8221;] [vc_icon icon_hubbleicons = &#8220;icono-swimming-pool-3&#8221; color = &#8220;custom&#8221; size = &#8220;xl&#8221; align = &#8220;centre&#8221; icons_reach_icons = &#8220;Icon-Beach-1&#8221; custom_color = &#8220;#f1ae28&#8221;] [vc_column_text] <\/p>\n<p style=\"text-align: center;\"><span style=\"color:#f3ad2a;\"><strong >Zona de bany<\/strong><\/span><\/p>\n<p> [\/vc_column_text] [\/vc_column_inner] [\/vc_row_inner] [vc_row_inner Gap = &#8220;30&#8221;] [vc_column_inner width = &#8220;1\/3&#8221;] [vc_icon icon_hubbleicons = &#8220;icono-terrace&#8221; color = &#8220;custom&#8221; size = &#8220;xl&#8221; align = &#8220;centre&#8221; icons_reach_icons = &#8220;Icon-Beach-1&#8221; custom_color = &#8220;#f1ae28&#8221;] [vc_column_text] <\/p>\n<p style=\"text-align: center;\"><span style=\"color:#f3ad2a;\"><strong >Restuarant<\/strong><\/span><\/p>\n<p> [\/vc_column_text] [\/vc_column_inner] [vc_column_inner width = &#8220;1\/3&#8221;] [vc_icon icon_hubbleicons = &#8220;icono-kayak&#8221; color = &#8220;custom&#8221; size = &#8220;xl&#8221; align = &#8220;centre&#8221; icons_reach_icons = &#8220;Icon-Beach-1&#8221; custom_color = &#8220;#f1ae28&#8221;] [vc_column_text] <\/p>\n<p style=\"text-align: center;\"><span style=\"color:#f3ad2a;\"><strong >Canoa<\/strong><\/span><\/p>\n<p> [\/vc_column_text] [\/vc_column_inner] [vc_column_inner width = &#8220;1\/3&#8221;] [vc_icon icon_hubbleicons = &#8220;icono-restroom&#8221; color = &#8220;custom&#8221; size = &#8220;xl&#8221; align = &#8220;centre&#8221; icons_reach_icons = &#8220;Icon-Beach-1&#8221; custom_color = &#8220;#f1ae28&#8221;] [vc_column_text] <\/p>\n<p style=\"text-align: center;\"><span style=\"color:#f3ad2a;\"><strong >Accessible<\/strong><\/span><\/p>\n<p> [\/vc_column_text] [\/vc_column_inner] [\/vc_row_inner] [\/vc_column] [\/vc_row] [vc_row] [vc_column] [vc_column_text] <\/p>\n<div class=\"entry clearfloat\">\n<div class=\"entry clearfloat\"> I prenent el desviament cap a <strong>s&#8217;Argamassa<\/strong>.  <\/div>\n<h2 id=\"t2\" class=\"title\" >Trobarem a s&#8217;Argamassa<\/h2>\n<div class=\"entry clearfloat\"> La <strong>platja <\/strong>s&#8217;est\u00e9n uns 50 metres de llarg per uns quatre d&#8217;ample, alternant els trams de sorra amb trams rocosos. Aquesta <strong>platja <\/strong>est\u00e0 envoltada per pistes marines, per la qual cosa cal limitar el bany a les zones destinades a aquesta finalitat. <\/p>\n<h3 >Bany a s&#8217;Argamassa<\/h3>\n<p> A les zones de bany, el desnivell \u00e9s bastant suau, pudiendonosant a uns trenta metres de la costa sense l&#8217;aigua a cobrir. Els vents d&#8217;aquesta zona solen ser de component meridional i solen bufar suaument a l&#8217;interior de la Cala, gaireb\u00e9 sempre en direcci\u00f3 a la terra. <\/p><\/div><\/div>\n<p> [\/vc_column_text] [\/vc_column] [\/vc_row] [vc_row full_width = &#8220;stretch_row&#8221; css = &#8220;.vc_custom_1540634055579 {Padding-Top: 30px !important; padding-bottom: 60px !important; background-color:#f1ae28 !important; background-position: centre !important; background-repeat: no-repeat !important; background-repeat: no-repeat !important;} &#8220;] [vc_column] [vc_custom_heading text = &#8220;l\u00ednies de bus a s&#8217;Argamassa Beach&#8221; font_container = &#8220;tag:H2|font_size: 40px|text_align:center|color:#FFFFFF|line_height: 48px&#8221; use_theme_fonts = &#8220;yes&#8221;] [\/vc_column] [\/vc_row] [vc_row] [vc_column] [vc_column_text] <\/p>\n<ul>\n<li >Bus Santa Eulalia-> es Canar, <a href=\"https:\/autobuses-de-ibiza-lineas-y-horarios\/autobus-linea-18a-santa-eulalia-es-canar\/\">l\u00ednia 18a<\/a><\/li>\n<li >Bus Cala nova-> es Canar-> Santa Eulalia-> aeroport, <a href=\"https:\/autobuses-de-ibiza-lineas-y-horarios\/autobus-linea-l24-cala-nova-es-canar-santa-eulalia-aeropuerto\/\">l\u00ednia 24<\/a><\/li>\n<\/ul>\n<p> [\/vc_column_text] [\/vc_column] [\/vc_row] [vc_row full_width = &#8220;stretch_row&#8221; css = &#8220;.vc_custom_1540634055579 {Padding-Top: 30px !important; padding-bottom: 60px !important; background-color:#f1ae28 !important; background-position: centre !important; background-repeat: no-repeat !important; background-mida: Cover !important;} &#8220;] [vc_column] [vc_custom_heading text = &#8220;altres platges aprop de s&#8217;Argamassa&#8221; font_container = &#8220;tag:H2|font_size: 40px|text_align:center|color:#FFFFFF|line_height: 48px&#8221; use_theme_fonts = &#8220;yes&#8221;] [\/vc_column] [\/vc_row] [vc_row] [vc_column width = &#8220;1\/3&#8221; El_class = &#8220;Filaplayas&#8221;] [vc_single_image Image = &#8220;47410&#8221; img_size = &#8220;full&#8221;] [vc_column_text El_class = &#8220;.conelanteriorreducido&#8221;] <a href=\"https:\/cana-martina\/\">Ca Na Martina<\/a> [\/vc_column_text] [vc_column_text] <\/p>\n<h2 style=\"text-align: center;\" >Ca Na Martina a 534 metres<\/h2>\n<p style=\"text-align: center;\" >Pertanyent al municipi de Santa Eul\u00e0lia podem trobar la platja de Ca Na Martina, Theguys a vint quil\u00f2metres d&#8217;Eivissa i prop de sis de Santa Eul\u00e0lia.<\/p>\n<p> [\/vc_column_text] [\/vc_column] [vc_column width = &#8220;1\/3&#8221; El_class = &#8220;Filaplayas&#8221;] [vc_single_image Image = &#8220;47350&#8221; img_size = &#8220;full&#8221;] [vc_column_text El_class = &#8220;.conelanteriorreducido&#8221;] <a href=\"https:\/cala-pada\/\">Cala Pada<\/a> [\/vc_column_text] [vc_column_text] <\/p>\n<h2 style=\"text-align: center;\" >Cala Pada a 767 metres<\/h2>\n<p style=\"text-align: center;\" >Pertanyent al municipi de Santa Eul\u00e0lia podem trobar la platja de Cala Pada a uns divuit quil\u00f2metres d&#8217;Eivissa i a uns tres quil\u00f2metres de la parr\u00f2quia de Santa Eul\u00e0ria.<\/p>\n<p> [\/vc_column_text] [\/vc_column] [vc_column width = &#8220;1\/3&#8221; El_class = &#8220;Filaplayas&#8221;] [vc_single_image Image = &#8220;47416&#8221; img_size = &#8220;full&#8221;] [vc_column_text El_class = &#8220;.conelanteriorreducido&#8221;] <a href=\"https:\/es-canar\/\">Es Canar<\/a> [\/vc_column_text] [vc_column_text] <\/p>\n<h2 style=\"text-align: center;\" >\u00c9s Canar a 1438 metres<\/h2>\n<p style=\"text-align: center;\" >La platja d&#8217;es Canar es troba a uns vint-i-un quil\u00f2metres d&#8217;Eivissa i a uns sis de Santa Eul\u00e0ria.<\/p>\n<p> [\/vc_column_text] [\/vc_column] [\/vc_row] [vc_row full_width = &#8220;stretch_row&#8221; css = &#8220;.vc_custom_1539928959405 {padding-top: 20px !important; Padding-Bottom: 20px !important; background-color:#1b7f47 !important;}&#8221;] [vc_column] [vc_custom_heading text = &#8220;m\u00e9s llocs d&#8217;inter\u00e8s&#8221; font_container = &#8220;Tag: H2|text_align:center|color:#ffffff&#8221; use_theme_fonts = &#8220;yes&#8221;] [vc_custom_heading text = &#8220;si tens un cotxe de lloguer pots visitar aquests altres llocs amb un inter\u00e8s tur\u00edstic&#8221; font_container = &#8220;Tag: P|font_size: 24px|text_align:center|color:#ffffff&#8221; use_theme_fonts = &#8220;yes&#8221; Link = &#8220;URL: HTTPS% 3a% 2f% 2Falquilercochesibiza. Soloibiza. com|| |&#8221;] [\/vc_column] [\/vc_row] [vc_row] [vc_column width = &#8220;1\/3&#8221;] [vc_single_image Image = &#8220;46874&#8221; img_size = &#8220;full&#8221; onclick = &#8220;custom_link&#8221; Link = &#8220;https:\/guia-de-turismo-de-ibiza-cultural-y-natural\/guia-turismo-santa-eulalia-ibiza\/museo-barrau\/&#8221;] [vc_column_text] <\/p>\n<h2 style=\"text-align: center;\" >Museu Barrau a 4 km<\/h2>\n<p style=\"text-align: center;\" >Al cor del Puig de Missa, en un indret privilegiat, davant de la porta de l&#8217;esgl\u00e9sia, es troba la Casa-Museu dedicada a la Barcelona Laure\u00e0 Barrau i Bu\u00f1ol.<\/p>\n<p> [\/vc_column_text] [\/vc_column] [vc_column width = &#8220;1\/3&#8221;] [vc_single_image Image = &#8220;46724&#8221; img_size = &#8220;full&#8221; onclick = &#8220;custom_link&#8221; Link = &#8220;https:\/guia-de-turismo-de-ibiza-cultural-y-natural\/guia-turismo-santa-eulalia-ibiza\/iglesia-de-puig-de-missa\/&#8221;] [vc_column_text] <\/p>\n<h2 style=\"text-align: center;\" >Esgl\u00e9sia de Puig de Missa a 4 km<\/h2>\n<p style=\"text-align: center;\" >Puig de Missa \u00e9s el nom que rep la zona elevada de l&#8217;esgl\u00e9sia-castell que presideix Santa Eul\u00e0ria.<\/p>\n<p> [\/vc_column_text] [\/vc_column] [vc_column width = &#8220;1\/3&#8221; El_class = &#8220;Filaplayas&#8221;] [vc_single_image Image = &#8220;46880&#8221; img_size = &#8220;full&#8221; onclick = &#8220;custom_link&#8221; Link = &#8220;https:\/guia-de-turismo-de-ibiza-cultural-y-natural\/guia-turismo-santa-eulalia-ibiza\/museo-etnologico-can-ros\/&#8221;] [vc_column_text] <\/p>\n<h2 style=\"text-align: center;\" >Museu Etnol\u00f2gic a 4 km<\/h2>\n<p style=\"text-align: center;\" >Dins del nucli del Puig de Missa podem visitar el Museu Etnol\u00f2gic de Can Ros.<\/p>\n<p> [\/vc_column_text] [\/vc_column] [\/vc_row] [vc_row full_width = &#8220;stretch_row&#8221; css = &#8220;.vc_custom_1539928959405 {padding-top: 20px !important; Padding-Bottom: 20px !important; background-color:#1b7f47 !important;}&#8221;] [vc_column] [vc_custom_heading text = &#8220;ubicacions a Playa de s&#8217;Argamassa i als voltants&#8221; font_container = &#8220;Tag: H2|text_align:center|color:#ffffff&#8221; use_theme_fonts = &#8220;yes&#8221;] [\/vc_column] [\/vc_row] [vc_row] [vc_column width = &#8220;1\/3&#8221;] [vc_single_image Image = &#8220;46910&#8221; img_size = &#8220;full&#8221; onclick = &#8220;custom_link&#8221; Link = &#8220;https:\/guia-de-turismo-de-ibiza-cultural-y-natural\/guia-turismo-santa-eulalia-ibiza\/&#8221;] [vc_column_text] <\/p>\n<h2 style=\"text-align: center;\" >Santa Eul\u00e0ria 4 km<\/h2>\n<p style=\"text-align: center;\" >La pres\u00e8ncia humana en aquest municipi s&#8217;ha establert en l&#8217;era prehist\u00f2rica.<\/p>\n<p> [\/vc_column_text] [\/vc_column] [vc_column width = &#8220;1\/3&#8221;] [vc_single_image Image = &#8220;46964&#8221; img_size = &#8220;full&#8221; onclick = &#8220;custom_link&#8221; enlla\u00e7 = &#8220;https:\/guia-de-turismo-de-ibiza-cultural-y-natural\/guia-turismo-santa-eulalia-ibiza\/guia-de-turismo-de-san-carlos-o-sant-carles-de-peralta\/&#8221; ] [vc_column_text] <\/p>\n<h2 style=\"text-align: center;\" >Sant Carles 5 km<\/h2>\n<p style=\"text-align: center;\" >Situat a uns sis quil\u00f2metres del nucli de Santa Eul\u00e0ria \u00e9s la parr\u00f2quia de Sant Carles de Peralta, o Sant Carles.<\/p>\n<p> [\/vc_column_text] [\/vc_column] [vc_column width = &#8220;1\/3&#8221;] [vc_single_image Image = &#8220;47012&#8221; img_size = &#8220;full&#8221; onclick = &#8220;custom_link&#8221; Link = &#8220;https:\/guia-de-turismo-de-ibiza-cultural-y-natural\/guia-turismo-sant-joan-ibiza\/guia-de-turismo-de-san-vicente-o-sant-vicent-de-sa-cala\/&#8221;] [vc_column_text] <\/p>\n<h2 style=\"text-align: center;\" >Sant Vicent 9 km<\/h2>\n<p style=\"text-align: center;\" >Situat al nord del nucli urb\u00e0 de Sant Carles i dins el terme municipal de Sant Joan, trobem Sant Vicen\u00e7 de Sa Cala.<\/p>\n<p> [\/vc_column_text] [\/vc_column] [\/vc_row] [vc_row] [vc_column] [vc_column_text] [toc] [\/vc_column_text] [\/vc_column] [\/vc_row] <\/p>\n<\/div>","protected":false},"excerpt":{"rendered":"<p>[vc_row full_width = &#8220;stretch_row&#8221; parallax = &#8220;content-moving-fade&#8221; css = &#8220;.vc_custom_1545906280745 {padding-top: 20px !important; Padding-Bottom: 60px !important; background-image: url(http:\/\/soloibiza.com\/wp-content\/uploads\/2018\/12\/Playa-de-Sargamassa.jpg?id=47506) !important;}&#8221;] [vc_column] [vc_custom_heading text = &#8220;platja de s&#8217;Argamassa. Transformat platja &#8221; font_container =&#8221;tag:h1|text_align:center|color:%23ffff&#8221; use_theme_fonts =&#8221;yes&#8221;] [vc_custom_heading text =&#8221; La Playa de S&#8217;Argamassa ha sofert una profunda transformaci\u00f3 que ha esdevingut un lloc tranquil i estan equipades amb [&hellip;]<\/p>\n","protected":false},"author":1,"featured_media":0,"parent":0,"menu_order":0,"comment_status":"closed","ping_status":"closed","template":"","meta":{"_acf_changed":false,"footnotes":""},"class_list":["post-52003","page","type-page","status-publish","hentry"],"acf":[],"_links":{"self":[{"href":"https:\/\/soloibiza.com\/ca\/wp-json\/wp\/v2\/pages\/52003","targetHints":{"allow":["GET"]}}],"collection":[{"href":"https:\/\/soloibiza.com\/ca\/wp-json\/wp\/v2\/pages"}],"about":[{"href":"https:\/\/soloibiza.com\/ca\/wp-json\/wp\/v2\/types\/page"}],"author":[{"embeddable":true,"href":"https:\/\/soloibiza.com\/ca\/wp-json\/wp\/v2\/users\/1"}],"replies":[{"embeddable":true,"href":"https:\/\/soloibiza.com\/ca\/wp-json\/wp\/v2\/comments?post=52003"}],"version-history":[{"count":0,"href":"https:\/\/soloibiza.com\/ca\/wp-json\/wp\/v2\/pages\/52003\/revisions"}],"wp:attachment":[{"href":"https:\/\/soloibiza.com\/ca\/wp-json\/wp\/v2\/media?parent=52003"}],"curies":[{"name":"wp","href":"https:\/\/api.w.org\/{rel}","templated":true}]}}