{"id":51994,"date":"2019-03-10T11:58:35","date_gmt":"2019-03-10T10:58:35","guid":{"rendered":"https:\/?page_id=51994"},"modified":"2019-03-10T17:58:39","modified_gmt":"2019-03-10T16:58:39","slug":"platja-des-canar","status":"publish","type":"page","link":"https:\/\/soloibiza.com\/ca\/platja-des-canar\/","title":{"rendered":"Platja d&#8217;es Canar"},"content":{"rendered":"<div class=\"wpb-content-wrapper\"><p> [vc_row full_width = &#8220;stretch_row&#8221; parallax = &#8220;content-moving-fade&#8221; css = &#8220;.vc_custom_1545912266024 {padding-top: 20px !important; Padding-Bottom: 60px !important; background-image: url(http:\/\/soloibiza.com\/wp-content\/uploads\/2018\/12\/Es-Canar.jpg?id=47416) !important;}&#8221;] [vc_column] [vc_custom_heading text = &#8220;platja d&#8217;es Canar. La platja al mercat&#8221; font_container =&#8221;tag:H1|text_align:center|color:#ffffff&#8221; use_theme_fonts =&#8221;yes&#8221;] [vc_custom_heading text =&#8221; la platja d&#8217;es Canar es troba al nord de l&#8217;illa i \u00e9s famosa pel seu mercat de puces i el seu entorn tranquil &#8221; font_container =&#8221; Tag :p|font_size: 24px|text_align:center|color:#ffffff&#8221; use_theme_fonts =&#8221;yes&#8221;] [\/vc_column] [\/vc_row] [vc_row] [vc_column width =&#8221; 2\/3 &#8220;] [vc_row_inner] [vc_column_inner] [\/vc_column_inner] [\/vc_row_inner] [vc_single_image image =&#8221;47416&#8243; img_size =&#8221;full&#8221;] [vc_column_text] la <strong>platja d&#8217;es Canar<\/strong> es troba a uns vint-i-un quil\u00f2metres d&#8217; <a href=\"https:\/\"> <strong>Eivissa<\/strong> <\/a> i a uns sis de <a href=\"https:\/guia-de-turismo-de-ibiza-cultural-y-natural\/guia-turismo-santa-eulalia-ibiza\/\"> <strong>Santa Eul\u00e0ria<\/strong><\/a>. L&#8217;acc\u00e9s \u00e9s bastant senzill, sobretot si Sortim des d&#8217;Eivissa, ja que nom\u00e9s hem de creuar Santa Eul\u00e0ria sense sortir de la carretera principal i arribarem a la carretera d&#8217; <strong>es Canar<\/strong>. Es pot accedir amb cotxe, en bicicleta, a peu, mitjan\u00e7ant un trasllat regular d&#8217;embarcacions o b\u00e9 per despla\u00e7ar-se per la l\u00ednia regular d&#8217;autob\u00fas que arriba a la <strong>platja<\/strong> .. <\/p>\n<h3 >Embarcacions que surten d&#8217;es Canar<\/h3>\n<p> Un cop arribem, trobarem un petit port amb diversos amarradors. Just darrere d&#8217;aquest port trobem un embarcador on podem agafar un vaixell a Santa Eul\u00e0lia, a Cala Llonga o a Eivissa. Recordeu que aquests passos es realitza generalment a l&#8217;estiu per empreses privades, per la qual cosa els horaris i els preus poden variar al llarg de la temporada, per\u00f2 <strong>indicativa<\/strong>, podem dir-los que s\u00f3n rutes: <strong>Es Canar<\/strong> &#8211; <strong> Santa Eul\u00e0ria<\/strong> horari: 09:00-10:00-11:00-12:00-13:00-15:00-16:00-17:00-18:00-18:50 <strong>Santa Eul\u00e0ria<\/strong> &#8211; <strong>es Canar<\/strong> hores: 09:30-10:30-11:30-12:30-13:30-15:30-16:30-17:30-18:30 el preu per adults \u00e9s de nou euros i la meitat per a nens. <strong>Es Canar<\/strong> &#8211; <strong>Cala Llonga<\/strong> horari: 09:00-10:00-11:00-12:00-13:00-15:00-16:00-17:00-18:00 <strong>Cala Llonga<\/strong> &#8211; <strong>es Canar<\/strong> horari: 09:00-10:00-11:00-12:10-13:10 &#8211; 15:10-16:10-17:10-18:00 el preu per adults \u00e9s de  Dotze euros i mig per a nens. <strong>Es Canar<\/strong> &#8211; <strong>Ibiza<\/strong> horari: 10:00-11:00-12:00-13:00-15:00 &#8211; 16:00-17:00 <strong>Ibiza<\/strong> &#8211; <strong>es Canar<\/strong> horari: 11:30-12:30-14:30-15:30-16:30-17:30 el preu per adults \u00e9s de 14 euros i mig per a nens. Mentre espera podreu gaudir als bars que estan al voltant d&#8217;aquesta part de la badia. [\/vc_column_text] [\/vc_column] [vc_column width= &#8220;1\/3&#8243;] [vc_gmaps link=&#8221;#E-8_JTNDaWZyYW1lJTIwc3JjJTNEJTIyaHR0cHMlM0ElMkYlMkZ3d3cuZ29vZ2xlLmNvbSUyRm1hcHMlMkZlbWJlZCUzRnBiJTNEJTIxMW0xOCUyMTFtMTIlMjExbTMlMjExZDE1NTAuMzA5NjU4OTA0MzE1JTIxMmQxLjU3NjY5NjgyNTgzNjQ5OSUyMTNkMzkuMDAxMTgzNzY0NDM4NzIlMjEybTMlMjExZjAlMjEyZjAlMjEzZjAlMjEzbTIlMjExaTEwMjQlMjEyaTc2OCUyMTRmMTMuMSUyMTNtMyUyMTFtMiUyMTFzMHgxMjk5MTRlYjk1YjJlZmMxJTI1M0EweGRkMjEwOThkYzI1YWIwNGMlMjEyczA3ODQ5JTJCRXMlMkJDYW5hciUyNTJDJTJCSXNsYXMlMkJCYWxlYXJlcyUyMTVlMCUyMTNtMiUyMTFzZXMlMjEyc2VzJTIxNHYxNTQ1OTEyMjI2ODc3JTIyJTIwd2lkdGglM0QlMjI2MDAlMjIlMjBoZWlnaHQlM0QlMjI0NTAlMjIlMjBmcmFtZWJvcmRlciUzRCUyMjAlMjIlMjBzdHlsZSUzRCUyMmJvcmRlciUzQTAlMjIlMjBhbGxvd2Z1bGxzY3JlZW4lM0UlM0MlMkZpZnJhbWUlM0U=&#8221;] [vc_custom_heading text = &#8216;Serveis Addicionals&#8217; font_container =&#8221;tag:h3|text_align:center|color:%23ffff&#8221; use_theme_fonts =&#8221;yes&#8221; css= &#8220;.vc_custom_1540662764537 {margin-bottom: 30px !important; background-color:#f3ad2a !important;}&#8221;] [vc_row_inner gap= &#8220;30&#8221;] [vc_column_inner width= &#8220;1\/3&#8221;] [vc_icon icon_hubbleicons = &#8220;icono-sun-bath&#8221; color = &#8220;custom&#8221; size = &#8220;xl&#8221; text_align=&#8221;centre&#8221; icons_reach_icons = &#8220;Icon-Beach-1&#8221; custom_color = &#8220;#f1ae28&#8221;] [vc_column_text] <\/p>\n<p style=\"text-align: center;\"><span style=\"color:#f3ad2a;\"><strong >Paraig\u00fces<\/strong><\/span><\/p>\n<p> [\/vc_column_text] [\/vc_column_inner] [vc_column_inner width = &#8220;1\/3&#8221;] [vc_icon icon_hubbleicons = &#8220;icono-relax-5&#8221; color = &#8220;custom&#8221; size = &#8220;xl&#8221; align = &#8220;Center&#8221; icons_reach_icons = &#8220;Icon-Beach-1&#8221; custom_color = &#8220;#f1ae28&#8221;] [vc_column_text] <\/p>\n<p style=\"text-align: center;\"><span style=\"color:#f3ad2a;\"><strong >Hamaques<\/strong><\/span><\/p>\n<p> [\/vc_column_text] [\/vc_column_inner] [vc_column_inner width = &#8220;1\/3&#8221;] [vc_icon icon_hubbleicons = &#8220;icono-swimming-pool-3&#8221; color = &#8220;custom&#8221; size = &#8220;xl&#8221; align = &#8220;centre&#8221; icons_reach_icons = &#8220;Icon-Beach-1&#8221; custom_color = &#8220;#f1ae28&#8221;] [vc_column_text] <\/p>\n<p style=\"text-align: center;\"><span style=\"color:#f3ad2a;\"><strong >Zona de bany<\/strong><\/span><\/p>\n<p> [\/vc_column_text] [\/vc_column_inner] [\/vc_row_inner] [vc_row_inner Gap = &#8220;30&#8221;] [vc_column_inner width = &#8220;1\/3&#8221;] [vc_icon icon_hubbleicons = &#8220;icono-terrace&#8221; color = &#8220;custom&#8221; size = &#8220;xl&#8221; align = &#8220;centre&#8221; icons_reach_icons = &#8220;Icon-Beach-1&#8221; custom_color = &#8220;#f1ae28&#8221;] [vc_column_text] <\/p>\n<p style=\"text-align: center;\"><span style=\"color:#f3ad2a;\"><strong >Restuarant<\/strong><\/span><\/p>\n<p> [\/vc_column_text] [\/vc_column_inner] [vc_column_inner width = &#8220;1\/3&#8221;] [vc_icon icon_hubbleicons = &#8220;icono-kayak&#8221; color = &#8220;custom&#8221; size = &#8220;xl&#8221; align = &#8220;centre&#8221; icons_reach_icons = &#8220;Icon-Beach-1&#8221; custom_color = &#8220;#f1ae28&#8221;] [vc_column_text] <\/p>\n<p style=\"text-align: center;\"><span style=\"color:#f3ad2a;\"><strong >Canoa<\/strong><\/span><\/p>\n<p> [\/vc_column_text] [\/vc_column_inner] [vc_column_inner width = &#8220;1\/3&#8221;] [vc_icon icon_hubbleicons = &#8220;icono-restroom&#8221; color = &#8220;custom&#8221; size = &#8220;xl&#8221; align = &#8220;centre&#8221; icons_reach_icons = &#8220;Icon-Beach-1&#8221; custom_color = &#8220;#f1ae28&#8221;] [vc_column_text] <\/p>\n<p style=\"text-align: center;\"><span style=\"color:#f3ad2a;\"><strong >Accessible<\/strong><\/span><\/p>\n<p> [\/vc_column_text] [\/vc_column_inner] [\/vc_row_inner] [\/vc_column] [\/vc_row] [vc_row] [vc_column] [vc_column_text] <\/p>\n<div class=\"entry clearfloat\">\n<h2 id=\"t2\" class=\"title\" >Es troba a es Canar<\/h2>\n<div class=\"entry clearfloat\"> La <strong>platja <\/strong>\u00e9s al final d&#8217;un tram de costa al refugi d&#8217;una capa, a l&#8217;extrem oposat del moll. T\u00e9 uns 300 metres de llarg per uns trenta metres d&#8217;ample, amb una composici\u00f3 arenosa bastant clara. El fons tamb\u00e9 presenta una configuraci\u00f3 sorrenca predominant, i no arriba a fer una gran profunditat de fins a vint metres de la riba. La pres\u00e8ncia del petit port permet la proliferaci\u00f3 de cal\u00e7at de peix, especialment llis. A peu de platja hi ha diversos restaurants i bars amb vigil\u00e0ncia, ben equipats i amb m\u00faltiples opcions d&#8217;oci n\u00e0utic. El vent sol cops solt i gaireb\u00e9 sempre ho fa en la direcci\u00f3 de la terra. <\/div><\/div>\n<p> [\/vc_column_text] [\/vc_column] [\/vc_row] [vc_row full_width = &#8220;stretch_row&#8221; css = &#8220;.vc_custom_1540634055579 {Padding-Top: 30px !important; padding-bottom: 60px !important; background-color:#f1ae28 !important; background-position: centre !important; background-repeat: no-repeat !important; background-mida: Cover !important;} &#8220;] [vc_column] [vc_custom_heading text = &#8220;l\u00ednies d&#8217;autob\u00fas a es Canar Beach&#8221; font_container = &#8220;tag:H2|font_size: 40px|text_align:center|color:#FFFFFF|line_height: 48px&#8221; use_theme_fonts = &#8220;yes&#8221;] [\/vc_column] [\/vc_row] [vc_row] [vc_column] [vc_column_text] <\/p>\n<ul>\n<li >Bus Santa Eulalia-> es Canar, <a href=\"https:\/autobuses-de-ibiza-lineas-y-horarios\/autobus-linea-18a-santa-eulalia-es-canar\/\">l\u00ednia 18a<\/a><\/li>\n<li >Bus Cala nova-> es Canar-> Santa Eulalia-> aeroport, <a href=\"https:\/autobuses-de-ibiza-lineas-y-horarios\/autobus-linea-l24-cala-nova-es-canar-santa-eulalia-aeropuerto\/\">l\u00ednia 24<\/a><\/li>\n<\/ul>\n<p> [\/vc_column_text] [\/vc_column] [\/vc_row] [vc_row full_width = &#8220;stretch_row&#8221; css = &#8220;.vc_custom_1540634055579 {Padding-Top: 30px !important; padding-bottom: 60px !important; background-color:#f1ae28 !important; background-position: centre !important; background-repeat: no-repeat !important; background-mida: Cover !important;} &#8220;] [vc_column] [vc_custom_heading text = &#8220;altres platges aprop de platja d&#8217;es Canar&#8221; font_container = &#8220;tag:H2|font_size: 40px|text_align:center|color:#FFFFFF|line_height: 48px&#8221; use_theme_fonts = &#8220;yes&#8221;] [\/vc_column] [\/vc_row] [vc_row] [vc_column width = &#8220;1\/3&#8221; El_class = &#8220;Filaplayas&#8221;] [vc_single_image Image = &#8220;47344&#8221; img_size = &#8220;full&#8221;] [vc_column_text El_class = &#8220;.conelanteriorreducido&#8221;] <a href=\"https:\/cala-nova\/\">Cala nova<\/a> [\/vc_column_text] [vc_column_text] <\/p>\n<h2 style=\"text-align: center;\" >Cala nova a 855 metres<\/h2>\n<p style=\"text-align: center;\" >Pertanyent al municipi de Santa Eul\u00e0ria podem trobar la platja de Cala nova, a uns vint-i-tres quil\u00f2metres d&#8217;Eivissa i prop de set de la parr\u00f2quia de Santa Eul\u00e0ria.<\/p>\n<p> [\/vc_column_text] [\/vc_column] [vc_column width = &#8220;1\/3&#8221; El_class = &#8220;Filaplayas&#8221;] [vc_single_image Image = &#8220;47410&#8221; img_size = &#8220;full&#8221;] [vc_column_text El_class = &#8220;.conelanteriorreducido&#8221;] <a href=\"https:\/cana-martina\/\">Ca Na Martina<\/a> [\/vc_column_text] [vc_column_text] <\/p>\n<h2 style=\"text-align: center;\" >Ca Na Martina a 1183 metres<\/h2>\n<p style=\"text-align: center;\" >Pertanyent al municipi de Santa Eul\u00e0lia podem trobar la platja de Ca Na Martina, a uns vint quil\u00f2metres d&#8217;Eivissa i prop de sis de Santa Eul\u00e0lia.<\/p>\n<p> [\/vc_column_text] [\/vc_column] [vc_column width = &#8220;1\/3&#8221; El_class = &#8220;Filaplayas&#8221;] [vc_single_image Image = &#8220;47506&#8221; img_size = &#8220;full&#8221;] [vc_column_text El_class = &#8220;.conelanteriorreducido&#8221;] <a href=\"https:\/sargamassa\/\">S&#8217;Argamassa<\/a> [\/vc_column_text] [vc_column_text] <\/p>\n<h2 style=\"text-align: center;\" >S&#8217;Argamassa a 1438 metres<\/h2>\n<p style=\"text-align: center;\" >Pertanyent al municipi de Santa Eul\u00e0ria podem trobar la platja de s&#8217;Argamassa a uns divuit quil\u00f2metres d&#8217;Eivissa i a uns tres quil\u00f2metres de la parr\u00f2quia de Santa Eul\u00e0ria.<\/p>\n<p> [\/vc_column_text] [\/vc_column] [\/vc_row] [vc_row full_width = &#8220;stretch_row&#8221; css = &#8220;.vc_custom_1539928959405 {padding-top: 20px !important; Padding-Bottom: 20px !important; background-color:#1b7f47 !important;}&#8221;] [vc_column] [vc_custom_heading text = &#8220;m\u00e9s llocs d&#8217;inter\u00e8s&#8221; font_container = &#8220;tag:H2|text_align:center|color:#ffffff&#8221; use_theme_fonts = &#8220;yes&#8221;] [vc_custom_heading text = &#8220;si tens un cotxe de lloguer pots visitar aquests altres llocs amb un inter\u00e8s tur\u00edstic&#8221; font_container = &#8220;Tag: P|font_size: 24px|text_align:center|color:#ffffff&#8221; use_theme_fonts = &#8220;yes&#8221; Link = &#8220;URL: HTTPS% 3a% 2f% 2Falquilercochesibiza. Soloibiza. com|| |&#8221;] [\/vc_column] [\/vc_row] [vc_row] [vc_column width = &#8220;1\/3&#8221;] [vc_single_image Image = &#8220;46700&#8221; img_size = &#8220;full&#8221; onclick = &#8220;custom_link&#8221; Link = &#8220;https:\/guia-de-turismo-de-ibiza-cultural-y-natural\/guia-turismo-santa-eulalia-ibiza\/guia-de-turismo-de-san-carlos-o-sant-carles-de-peralta\/font-de-morna\/&#8221;] [vc_column_text] <\/p>\n<h2 style=\"text-align: center;\" >Font de Morna 4 km<\/h2>\n<p style=\"text-align: center;\" >Podem trobar la font de Morna en la banda del mateix nom.<\/p>\n<p> [\/vc_column_text] [\/vc_column] [vc_column width = &#8220;1\/3&#8221;] [vc_single_image Image = &#8220;46742&#8221; img_size = &#8220;full&#8221; onclick = &#8220;custom_link&#8221; Link = &#8220;https:\/guia-de-turismo-de-ibiza-cultural-y-natural\/guia-turismo-santa-eulalia-ibiza\/guia-de-turismo-de-san-carlos-o-sant-carles-de-peralta\/iglesia-de-sant-carles\/&#8221;] [vc_column_text] <\/p>\n<h2 style=\"text-align: center;\" >Esgl\u00e9sia de Sant Carles a 4 km<\/h2>\n<p style=\"text-align: center;\" >Situat en el nucli urb\u00e0 del poble de Sant Carles de Peralta, trobem l&#8217;esgl\u00e9sia de Sant Carles.<\/p>\n<p> [\/vc_column_text] [\/vc_column] [vc_column width = &#8220;1\/3&#8221; El_class = &#8220;Filaplayas&#8221;] [vc_single_image Image = &#8220;46874&#8221; img_size = &#8220;full&#8221; onclick = &#8220;custom_link&#8221; Link = &#8220;https:\/guia-de-turismo-de-ibiza-cultural-y-natural\/guia-turismo-santa-eulalia-ibiza\/museo-barrau\/&#8221;] [vc_column_text] <\/p>\n<h2 style=\"text-align: center;\" >Museu Barrau a 6 km<\/h2>\n<p style=\"text-align: center;\" >Al cor del Puig de Missa, en un indret privilegiat, davant de la porta de l&#8217;esgl\u00e9sia, es troba la Casa-Museu dedicada al Laure\u00e0 Barrau i Bu\u00f1ol.<\/p>\n<p> [\/vc_column_text] [\/vc_column] [\/vc_row] [vc_row full_width = &#8220;stretch_row&#8221; css = &#8220;.vc_custom_1539928959405 {Padding-Top: 20px !important; padding-bottom: 20px !important; background-color:#1b7f47 !important;}&#8221;] [vc_column] [vc_custom_heading text = &#8220;localitzacions als voltants d&#8217;es Canar Beach&#8221; font_container = &#8220;tag:H2|text_align:center|color:#ffffff&#8221; use_theme_fonts = &#8220;yes&#8221;] [\/vc_column] [\/vc_row] [vc_row] [vc_column width = &#8220;1\/3&#8221;] [vc_single_image Image = &#8220;46964&#8221; img_size = &#8220;full&#8221; onclick = &#8220;custom_link&#8221; Link = &#8220;https:\/guia-de-turismo-de-ibiza-cultural-y-natural\/guia-turismo-santa-eulalia-ibiza\/guia-de-turismo-de-san-carlos-o-sant-carles-de-peralta\/&#8221; ] [vc_column_text] <\/p>\n<h2 style=\"text-align: center;\" >Sant Carles 4 km<\/h2>\n<p style=\"text-align: center;\" >Situat a uns sis quil\u00f2metres del nucli de Santa Eul\u00e0ria \u00e9s la parr\u00f2quia de Sant Carles de Peralta, o Sant Carles.<\/p>\n<p> [\/vc_column_text] [\/vc_column] [vc_column width = &#8220;1\/3&#8221;] [vc_single_image Image = &#8220;46910&#8221; img_size = &#8220;full&#8221; onclick = &#8220;custom_link&#8221; Link = &#8220;https:\/guia-de-turismo-de-ibiza-cultural-y-natural\/guia-turismo-santa-eulalia-ibiza\/&#8221;] [vc_column_text] <\/p>\n<h2 style=\"text-align: center;\" >Santa Eul\u00e0ria 6 km<\/h2>\n<p style=\"text-align: center;\" >La pres\u00e8ncia humana en aquest municipi s&#8217;ha establert en l&#8217;era prehist\u00f2rica.<\/p>\n<p> [\/vc_column_text] [\/vc_column] [vc_column width = &#8220;1\/3&#8221;] [vc_single_image Image = &#8220;47012&#8221; img_size = &#8220;full&#8221; onclick = &#8220;custom_link&#8221; Link = &#8220;https:\/guia-de-turismo-de-ibiza-cultural-y-natural\/guia-turismo-sant-joan-ibiza\/guia-de-turismo-de-san-vicente-o-sant-vicent-de-sa-cala\/&#8221;] [vc_column_text] <\/p>\n<h2 style=\"text-align: center;\" >Sant Vicent 8 km<\/h2>\n<p style=\"text-align: center;\" >Situat al nord del nucli urb\u00e0 de Sant Carles i dins el terme municipal de Sant Joan, trobem Sant Vicen\u00e7 de Sa Cala.<\/p>\n<p> [\/vc_column_text] [\/vc_column] [\/vc_row] [vc_row] [vc_column] [vc_column_text] [toc] [\/vc_column_text] [\/vc_column] [\/vc_row] <\/p>\n<\/div>","protected":false},"excerpt":{"rendered":"<p>[vc_row full_width = &#8220;stretch_row&#8221; parallax = &#8220;content-moving-fade&#8221; css = &#8220;.vc_custom_1545912266024 {padding-top: 20px !important; Padding-Bottom: 60px !important; background-image: url(http:\/\/soloibiza.com\/wp-content\/uploads\/2018\/12\/Es-Canar.jpg?id=47416) !important;}&#8221;] [vc_column] [vc_custom_heading text = &#8220;platja d&#8217;es Canar. La platja al mercat&#8221; font_container =&#8221;tag:H1|text_align:center|color:#ffffff&#8221; use_theme_fonts =&#8221;yes&#8221;] [vc_custom_heading text =&#8221; la platja d&#8217;es Canar es troba al nord de l&#8217;illa i \u00e9s famosa pel seu mercat de puces [&hellip;]<\/p>\n","protected":false},"author":1,"featured_media":0,"parent":0,"menu_order":0,"comment_status":"closed","ping_status":"closed","template":"","meta":{"_acf_changed":false,"footnotes":""},"class_list":["post-51994","page","type-page","status-publish","hentry"],"acf":[],"_links":{"self":[{"href":"https:\/\/soloibiza.com\/ca\/wp-json\/wp\/v2\/pages\/51994","targetHints":{"allow":["GET"]}}],"collection":[{"href":"https:\/\/soloibiza.com\/ca\/wp-json\/wp\/v2\/pages"}],"about":[{"href":"https:\/\/soloibiza.com\/ca\/wp-json\/wp\/v2\/types\/page"}],"author":[{"embeddable":true,"href":"https:\/\/soloibiza.com\/ca\/wp-json\/wp\/v2\/users\/1"}],"replies":[{"embeddable":true,"href":"https:\/\/soloibiza.com\/ca\/wp-json\/wp\/v2\/comments?post=51994"}],"version-history":[{"count":0,"href":"https:\/\/soloibiza.com\/ca\/wp-json\/wp\/v2\/pages\/51994\/revisions"}],"wp:attachment":[{"href":"https:\/\/soloibiza.com\/ca\/wp-json\/wp\/v2\/media?parent=51994"}],"curies":[{"name":"wp","href":"https:\/\/api.w.org\/{rel}","templated":true}]}}