{"id":51990,"date":"2019-03-10T11:56:45","date_gmt":"2019-03-10T10:56:45","guid":{"rendered":"https:\/?page_id=51990"},"modified":"2019-03-10T17:55:06","modified_gmt":"2019-03-10T16:55:06","slug":"platja-de-cala-pada","status":"publish","type":"page","link":"https:\/\/soloibiza.com\/ca\/platja-de-cala-pada\/","title":{"rendered":"Platja de Cala Pada"},"content":{"rendered":"<div class=\"wpb-content-wrapper\"><p> [vc_row full_width = &#8220;stretch_row&#8221; parallax = &#8220;content-moving-fade&#8221; css = &#8220;.vc_custom_1545905592162 {padding-top: 20px !important; Padding-Bottom: 60px !important; background-image: url(http:\/\/soloibiza.com\/wp-content\/uploads\/2018\/12\/Cala-Pada.jpg?id=47350) !important;}&#8221;] [vc_column] [vc_custom_heading text = &#8220;platja de Cala Pada. Una platja per gaudir &#8221; font_container =&#8221;tag:h1|text_align:center|color:%23ffff&#8221; use_theme_fonts =&#8221;yes&#8221;] [vc_custom_heading text =&#8221;La platja de Cala Pada \u00e9s una zona natural al costat de Santa Eul\u00e0lia amb molt ben comunicat per carretera o vaixell&#8221; font_container = &#8220;tag:p|font_size:24px|text_align:center|color:%23ffffff&#8221; use_theme_fonts = &#8220;yes&#8221;] [\/vc_column] [\/vc_row] [vc_row] [vc_column width= &#8220;2\/3&#8243;] [vc_row_inner] [vc_column_inner] [\/vc_column_inner] [\/vc_row_inner] [vc_single_image image=&#8221;47350&#8221; img_size= &#8216;full&#8217;] [vc_column_text] pertanyent al terme municipal de Santa Eul\u00e0lia es troba la platja de Cala Pada uns divuit quil\u00f2metres d&#8217;Eivissa i a uns tres quil\u00f2metres de la parr\u00f2quia de Santa Eul\u00e0ria. Acc\u00e9s \u00e9s per carretera, amb cotxe, moto o autob\u00fas si visitem a l&#8217;estiu i tamb\u00e9 accessible per mar a trav\u00e9s de vaixells tur\u00edstics destinats a aquesta finalitat. Si triem la ruta terrestre pot accedir deixant la carretera del Nord cap a Es Canar Santa Eulalia i prendre el trencall en direcci\u00f3 a Cala Pada. [\/vc_column_text] [\/vc_column] [vc_column width= &#8220;1\/3&#8243;] [vc_gmaps link=&#8221;#E-8_JTNDaWZyYW1lJTIwc3JjJTNEJTIyaHR0cHMlM0ElMkYlMkZ3d3cuZ29vZ2xlLmNvbSUyRm1hcHMlMkZlbWJlZCUzRnBiJTNEJTIxMW0xOCUyMTFtMTIlMjExbTMlMjExZDEyNDA0LjE0NzY5NTcwNjgzOSUyMTJkMS41NTE5Njk5NDQ1MDI1MTAxJTIxM2QzOC45OTE2NTM2NTA2NTY1NjYlMjEybTMlMjExZjAlMjEyZjAlMjEzZjAlMjEzbTIlMjExaTEwMjQlMjEyaTc2OCUyMTRmMTMuMSUyMTNtMyUyMTFtMiUyMTFzMHgxMjk5MTRkOGJmZDk1YzY3JTI1M0EweDg5ODBlYzFjYTA3MjY5ZDglMjEyc0NhbGElMkJQYWRhJTIxNWUwJTIxM20yJTIxMXNlcyUyMTJzZXMlMjE0djE1NDU5MDQ5NDk3OTglMjIlMjB3aWR0aCUzRCUyMjYwMCUyMiUyMGhlaWdodCUzRCUyMjQ1MCUyMiUyMGZyYW1lYm9yZGVyJTNEJTIyMCUyMiUyMHN0eWxlJTNEJTIyYm9yZGVyJTNBMCUyMiUyMGFsbG93ZnVsbHNjcmVlbiUzRSUzQyUyRmlmcmFtZSUzRQ==&#8221;] [vc_custom_heading text = &#8216;Serveis Addicionals&#8217; font_container =&#8221; tag: h3|text_align:center|color:%23ffff &#8221; use_theme_fonts =&#8221;yes&#8221; css =&#8221;.vc_custom_1540662764537{margin-bottom: 30px !important; background-color:#f3ad2a !important;} &#8220;] [vc_row_inner gap= &#8220;30&#8221;] [vc_column_inner width= &#8220;1\/3&#8221;] [vc_icon icon_hubbleicons = &#8220;icono-sun-bath&#8221; color = &#8220;custom&#8221; size = &#8220;xl&#8221; text_align=&#8221;centre&#8221; icons_reach_icons = &#8220;Icon-Beach-1&#8221; custom_color = &#8220;#f1ae28&#8221;] [vc_column_text] <\/p>\n<p style=\"text-align: center;\"><span style=\"color:#f3ad2a;\"><strong >Paraig\u00fces<\/strong><\/span><\/p>\n<p> [\/vc_column_text] [\/vc_column_inner] [vc_column_inner width = &#8220;1\/3&#8221;] [vc_icon icon_hubbleicons = &#8220;icono-relax-5&#8221; color = &#8220;custom&#8221; size = &#8220;xl&#8221; align = &#8220;Center&#8221; icons_reach_icons = &#8220;Icon-Beach-1&#8221; custom_color = &#8220;#f1ae28&#8221;] [vc_column_text] <\/p>\n<p style=\"text-align: center;\"><span style=\"color:#f3ad2a;\"><strong >Hamaques<\/strong><\/span><\/p>\n<p> [\/vc_column_text] [\/vc_column_inner] [vc_column_inner width = &#8220;1\/3&#8221;] [vc_icon icon_hubbleicons = &#8220;icono-swimming-pool-3&#8221; color = &#8220;custom&#8221; size = &#8220;xl&#8221; align = &#8220;centre&#8221; icons_reach_icons = &#8220;Icon-Beach-1&#8221; custom_color = &#8220;#f1ae28&#8221;] [vc_column_text] <\/p>\n<p style=\"text-align: center;\"><span style=\"color:#f3ad2a;\"><strong >Zona de bany<\/strong><\/span><\/p>\n<p> [\/vc_column_text] [\/vc_column_inner] [\/vc_row_inner] [vc_row_inner Gap = &#8220;30&#8221;] [vc_column_inner width = &#8220;1\/3&#8221;] [vc_icon icon_hubbleicons = &#8220;icono-terrace&#8221; color = &#8220;custom&#8221; size = &#8220;xl&#8221; align = &#8220;centre&#8221; icons_reach_icons = &#8220;Icon-Beach-1&#8221; custom_color = &#8220;#f1ae28&#8221;] [vc_column_text] <\/p>\n<p style=\"text-align: center;\"><span style=\"color:#f3ad2a;\"><strong >Restuarant<\/strong><\/span><\/p>\n<p> [\/vc_column_text] [\/vc_column_inner] [vc_column_inner width = &#8220;1\/3&#8221;] [vc_icon icon_hubbleicons = &#8220;icono-kayak&#8221; color = &#8220;custom&#8221; size = &#8220;xl&#8221; align = &#8220;centre&#8221; icons_reach_icons = &#8220;Icon-Beach-1&#8221; custom_color = &#8220;#f1ae28&#8221;] [vc_column_text] <\/p>\n<p style=\"text-align: center;\"><span style=\"color:#f3ad2a;\"><strong >Canoa<\/strong><\/span><\/p>\n<p> [\/vc_column_text] [\/vc_column_inner] [vc_column_inner width = &#8220;1\/3&#8221;] [vc_icon icon_hubbleicons = &#8220;icono-restroom&#8221; color = &#8220;custom&#8221; size = &#8220;xl&#8221; align = &#8220;centre&#8221; icons_reach_icons = &#8220;Icon-Beach-1&#8221; custom_color = &#8220;#f1ae28&#8221;] [vc_column_text] <\/p>\n<p style=\"text-align: center;\"><span style=\"color:#f3ad2a;\"><strong >Accessible<\/strong><\/span><\/p>\n<p> [\/vc_column_text] [\/vc_column_inner] [\/vc_row_inner] [\/vc_column] [\/vc_row] [vc_row] [vc_column] [vc_column_text] <\/p>\n<div class=\"entry clearfloat\">\n<h2 >Trobarem a Cala Pada<\/h2>\n<p> La platja s&#8217;est\u00e9n uns 200 metres de llarg per uns deu d&#8217;ample. Es troba protegida per dos entrants de mar que conformen una petita badia recoberta de vegetaci\u00f3 t\u00edpicament mediterr\u00e0nia. <\/p>\n<h3 >La sorra de Cala Pada<\/h3>\n<p> La sorra \u00e9s semi-gruixuda, de la vora del fons mar\u00ed. Aquest llit t\u00e9 trams irregulars, encara que no arriba als dos metres de profunditat a uns vint-i-cinc metres de la riba. A les zones de bany, el desnivell \u00e9s bastant suau, pudiendonosant a uns trenta metres de la costa sense l&#8217;aigua a cobrir. Els vents d&#8217;aquesta zona tendeixen a bufar suaument a l&#8217;interior de la Cala, gaireb\u00e9 sempre en direcci\u00f3 a terra. <\/p>\n<h3 >Qu\u00e8 fer a Cala Pada<\/h3>\n<p> Aquesta platja t\u00e9 un car\u00e0cter tranquil. La pres\u00e8ncia de diverses barres ens permetr\u00e0 no portar res m\u00e9s enll\u00e0 de l&#8217;essencial. Situada entre dos boscos de pins, el sentiment de contacte amb la natura \u00e9s total. Podem explorar sense por a tots els racons de la costa. Aqu\u00ed trobarem m\u00e9s que una sorpresa. El baix perfil de la seva costa ens portar\u00e0, cap a l&#8217;oest, fins a una petita elevaci\u00f3 del terreny sobre el qual s&#8217;estableixen petites cales desconegudes per al p\u00fablic general. Cap a l&#8217;est canvia el panorama. Ens trobem davant d&#8217;una costa molt baixa amb boniques vistes. La platja de s&#8217;Argamassa \u00e9s a poca dist\u00e0ncia a peu. No hi ha cap predicci\u00f3 oficial d&#8217;aquesta platja, per\u00f2 tenim una relaci\u00f3 aproximada si la comparem amb Santa Eul\u00e0lia en <a href=\"https:\/\/www.aemet.es\/es\/eltiempo\/prediccion\/playas\/santa-eularia-0705416\" target=\"_blank\" rel=\"nofollow noopener\">aquest enlla\u00e7<\/a>.  <\/div>\n<p> [\/vc_column_text] [\/vc_column] [\/vc_row] [vc_row full_width = &#8220;stretch_row&#8221; css = &#8220;.vc_custom_1540634055579 {Padding-Top: 30px !important; padding-bottom: 60px !important; background-color:#f1ae28 !important; background-position: centre !important; background-repeat: no-repeat !important; background-repeat: no-repeat !important;} &#8220;] [vc_column] [vc_custom_heading text = &#8220;l\u00ednies de bus a Playa de Cala Pada&#8221; font_container = &#8220;tag:H2|font_size: 40px|text_align:center|color:#FFFFFF|line_height: 48px&#8221; use_theme_fonts = &#8220;yes&#8221;] [\/vc_column] [\/vc_row] [vc_row] [vc_column] [vc_column_text] <\/p>\n<ul>\n<li >Bus Cala nova-> es Canar-> Santa Eulalia-> aeroport, <a href=\"https:\/autobuses-de-ibiza-lineas-y-horarios\/autobus-linea-l24-cala-nova-es-canar-santa-eulalia-aeropuerto\/\">l\u00ednia 24<\/a><\/li>\n<\/ul>\n<p> [\/vc_column_text] [\/vc_column] [\/vc_row] [vc_row full_width = &#8220;stretch_row&#8221; css = &#8220;.vc_custom_1540634055579 {Padding-Top: 30px !important; padding-bottom: 60px !important; background-color:#f1ae28 !important; background-position: centre !important; background-repeat: no-repeat !important; background-repeat: no-repeat !important;} &#8220;] [vc_column] [vc_custom_heading text = &#8220;altres platges aprop de Playa de Cala Pada&#8221; font_container = &#8220;tag:H2|font_size: 40px|text_align:center|color:#FFFFFF|line_height: 48px&#8221; use_theme_fonts = &#8220;yes&#8221;] [\/vc_column] [\/vc_row] [vc_row] [vc_column width = &#8220;1\/3&#8221; El_class = &#8220;Filaplayas&#8221;] [vc_single_image Image = &#8220;47506&#8221; img_size = &#8220;full&#8221;] [vc_column_text El_class = &#8220;.conelanteriorreducido&#8221;] <a href=\"https:\/sargamassa\/\">S&#8217;Argamassa<\/a> [\/vc_column_text] [vc_column_text] <\/p>\n<h2 style=\"text-align: center;\" >S&#8217;Argamassa a 767 metres<\/h2>\n<p style=\"text-align: center;\" >Una platja transformada en un rac\u00f3 bonic i tranquil<\/p>\n<p> [\/vc_column_text] [\/vc_column] [vc_column width = &#8220;1\/3&#8221; El_class = &#8220;Filaplayas&#8221;] [vc_single_image Image = &#8220;47482&#8221; img_size = &#8220;full&#8221;] [vc_column_text El_class = &#8220;.conelanteriorreducido&#8221;] <a href=\"https:\/niu-blau\/\">Niu blau<\/a> [\/vc_column_text] [vc_column_text] <\/p>\n<h2 style=\"text-align: center;\" >Niu Blau a 1010 metres<\/h2>\n<p style=\"text-align: center;\" >El niu blau t\u00e9 un ambient tranquil i relaxat, molt familiar<\/p>\n<p> [\/vc_column_text] [\/vc_column] [vc_column width = &#8220;1\/3&#8221; El_class = &#8220;Filaplayas&#8221;] [vc_single_image Image = &#8220;47410&#8221; img_size = &#8220;full&#8221;] [vc_column_text El_class = &#8220;.conelanteriorreducido&#8221;] <a href=\"https:\/cana-martina\/\">Ca Na Martina<\/a> [\/vc_column_text] [vc_column_text] <\/p>\n<h2 style=\"text-align: center;\" >Ca Na Martina a 1300 metres<\/h2>\n<p style=\"text-align: center;\" >Les activitats aqu\u00e0tiques predominen a ca Na Martina<\/p>\n<p> [\/vc_column_text] [\/vc_column] [\/vc_row] [vc_row full_width = &#8220;stretch_row&#8221; css = &#8220;.vc_custom_1539928959405 {padding-top: 20px !important; Padding-Bottom: 20px !important; background-color:#1b7f47 !important;}&#8221;] [vc_column] [vc_custom_heading text = &#8220;m\u00e9s llocs d&#8217;inter\u00e8s&#8221; font_container = &#8220;Tag: H2|text_align:center|color:#ffffff&#8221; use_theme_fonts = &#8220;yes&#8221;] [vc_custom_heading text = &#8220;si tens un cotxe de lloguer pots visitar aquests altres llocs amb un inter\u00e8s tur\u00edstic&#8221; font_container = &#8220;Tag: P|font_size: 24px|text_align:center|color:#ffffff&#8221; use_theme_fonts = &#8220;yes&#8221; Link = &#8220;URL: HTTPS% 3a% 2f% 2Falquilercochesibiza. Soloibiza. com|| |&#8221;] [\/vc_column] [\/vc_row] [vc_row] [vc_column width = &#8220;1\/3&#8221;] [vc_single_image Image = &#8220;46874&#8221; img_size = &#8220;full&#8221; onclick = &#8220;custom_link&#8221; Link = &#8220;https:\/guia-de-turismo-de-ibiza-cultural-y-natural\/guia-turismo-santa-eulalia-ibiza\/museo-barrau\/&#8221;] [vc_column_text] <\/p>\n<h2 style=\"text-align: center;\" >Museu Barrau 4 km<\/h2>\n<p style=\"text-align: center;\" >Un museu amb vistes espectaculars de la zona alta de Santa Eul\u00e0lia<\/p>\n<p> [\/vc_column_text] [\/vc_column] [vc_column width = &#8220;1\/3&#8221;] [vc_single_image Image = &#8220;46724&#8221; img_size = &#8220;full&#8221; onclick = &#8220;custom_link&#8221; Link = &#8220;https:\/guia-de-turismo-de-ibiza-cultural-y-natural\/guia-turismo-santa-eulalia-ibiza\/iglesia-de-puig-de-missa\/&#8221;] [vc_column_text] <\/p>\n<h2 style=\"text-align: center;\" >Esgl\u00e9sia de Puig de Missa a 4 km<\/h2>\n<p style=\"text-align: center;\" >L&#8217;esgl\u00e9sia del Puig de Missa s&#8217;eleva per sobre del poble de Santa Eul\u00e0lia<\/p>\n<p> [\/vc_column_text] [\/vc_column] [vc_column width = &#8220;1\/3&#8221; El_class = &#8220;Filaplayas&#8221;] [vc_single_image Image = &#8220;46880&#8221; img_size = &#8220;full&#8221; onclick = &#8220;custom_link&#8221; Link = &#8220;https:\/guia-de-turismo-de-ibiza-cultural-y-natural\/guia-turismo-santa-eulalia-ibiza\/museo-etnologico-can-ros\/&#8221;] [vc_column_text] <\/p>\n<h2 style=\"text-align: center;\" >Museu Etnol\u00f2gic a 4 km<\/h2>\n<p style=\"text-align: center;\" >Un museu dedicat a la vida rural del segle passat<\/p>\n<p> [\/vc_column_text] [\/vc_column] [\/vc_row] [vc_row full_width = &#8220;stretch_row&#8221; css = &#8220;.vc_custom_1539928959405 {padding-top: 20px !important; Padding-Bottom: 20px !important; background-color:#1b7f47 !important;}&#8221;] [vc_column] [vc_custom_heading text = &#8220;localitats en les proximitats de Playa de Cala Pada&#8221; font_container = &#8220;tag:H2|text_align:center|color:#ffffff&#8221; use_theme_fonts = &#8220;yes&#8221;] [\/vc_column] [\/vc_row] [vc_row] [vc_column width = &#8220;1\/3&#8221;] [vc_single_image Image = &#8220;46910&#8221; img_size = &#8220;full&#8221; onclick = &#8220;custom_link&#8221; Link = &#8220;https:\/guia-de-turismo-de-ibiza-cultural-y-natural\/guia-turismo-santa-eulalia-ibiza\/&#8221;] [vc_column_text] <\/p>\n<h2 style=\"text-align: center;\" >Santa Eul\u00e0ria 4 km<\/h2>\n<p style=\"text-align: center;\" >El poble m\u00e9s proper a Cala Pada<\/p>\n<p> [\/vc_column_text] [\/vc_column] [vc_column width = &#8220;1\/3&#8221;] [vc_single_image Image = &#8220;46964&#8221; img_size = &#8220;full&#8221; onclick = &#8220;custom_link&#8221; Link = &#8220;https:\/guia-de-turismo-de-ibiza-cultural-y-natural\/guia-turismo-santa-eulalia-ibiza\/guia-de-turismo-de-san-carlos-o-sant-carles-de-peralta\/&#8221; ] [vc_column_text] <\/p>\n<h2 style=\"text-align: center;\" >Sant Carles 5 km<\/h2>\n<p style=\"text-align: center;\" >Una localitat al nord plena d&#8217;encant i sin\u00f2nim d&#8217;una vida relaxada<\/p>\n<p> [\/vc_column_text] [\/vc_column] [vc_column width = &#8220;1\/3&#8221;] [vc_single_image Image = &#8220;47012&#8221; img_size = &#8220;full&#8221; onclick = &#8220;custom_link&#8221; Link = &#8220;https:\/guia-de-turismo-de-ibiza-cultural-y-natural\/guia-turismo-sant-joan-ibiza\/guia-de-turismo-de-san-vicente-o-sant-vicent-de-sa-cala\/&#8221;] [vc_column_text] <\/p>\n<h2 style=\"text-align: center;\" >Sant Vicent 9 km<\/h2>\n<p style=\"text-align: center;\" >La zona m\u00e9s septentrional d&#8217;Eivissa, on destaca la gran badia<\/p>\n<p> [\/vc_column_text] [\/vc_column] [\/vc_row] [vc_row] [vc_column] [vc_column_text] [toc] [\/vc_column_text] [\/vc_column] [\/vc_row] <\/p>\n<\/div>","protected":false},"excerpt":{"rendered":"<p>[vc_row full_width = &#8220;stretch_row&#8221; parallax = &#8220;content-moving-fade&#8221; css = &#8220;.vc_custom_1545905592162 {padding-top: 20px !important; Padding-Bottom: 60px !important; background-image: url(http:\/\/soloibiza.com\/wp-content\/uploads\/2018\/12\/Cala-Pada.jpg?id=47350) !important;}&#8221;] [vc_column] [vc_custom_heading text = &#8220;platja de Cala Pada. Una platja per gaudir &#8221; font_container =&#8221;tag:h1|text_align:center|color:%23ffff&#8221; use_theme_fonts =&#8221;yes&#8221;] [vc_custom_heading text =&#8221;La platja de Cala Pada \u00e9s una zona natural al costat de Santa Eul\u00e0lia amb molt ben [&hellip;]<\/p>\n","protected":false},"author":1,"featured_media":0,"parent":0,"menu_order":0,"comment_status":"closed","ping_status":"closed","template":"","meta":{"_acf_changed":false,"footnotes":""},"class_list":["post-51990","page","type-page","status-publish","hentry"],"acf":[],"_links":{"self":[{"href":"https:\/\/soloibiza.com\/ca\/wp-json\/wp\/v2\/pages\/51990","targetHints":{"allow":["GET"]}}],"collection":[{"href":"https:\/\/soloibiza.com\/ca\/wp-json\/wp\/v2\/pages"}],"about":[{"href":"https:\/\/soloibiza.com\/ca\/wp-json\/wp\/v2\/types\/page"}],"author":[{"embeddable":true,"href":"https:\/\/soloibiza.com\/ca\/wp-json\/wp\/v2\/users\/1"}],"replies":[{"embeddable":true,"href":"https:\/\/soloibiza.com\/ca\/wp-json\/wp\/v2\/comments?post=51990"}],"version-history":[{"count":0,"href":"https:\/\/soloibiza.com\/ca\/wp-json\/wp\/v2\/pages\/51990\/revisions"}],"wp:attachment":[{"href":"https:\/\/soloibiza.com\/ca\/wp-json\/wp\/v2\/media?parent=51990"}],"curies":[{"name":"wp","href":"https:\/\/api.w.org\/{rel}","templated":true}]}}