{"id":51975,"date":"2019-03-10T11:52:12","date_gmt":"2019-03-10T10:52:12","guid":{"rendered":"https:\/?page_id=51975"},"modified":"2019-03-10T11:52:12","modified_gmt":"2019-03-10T10:52:12","slug":"platja-de-cala-boix","status":"publish","type":"page","link":"https:\/\/soloibiza.com\/ca\/platja-de-cala-boix\/","title":{"rendered":"Platja de Cala Boix"},"content":{"rendered":"<div class=\"wpb-content-wrapper\"><p> [vc_row full_width = &#8220;stretch_row&#8221; parallax = &#8220;content-moving-fade&#8221; css = &#8220;.vc_custom_1545914941600 {padding-top: 20px !important; Padding-Bottom: 60px !important; background-image: url(http:\/\/soloibiza.com\/wp-content\/uploads\/2018\/12\/Playa-d-en-Bossa.jpg?id=47608) !important;}&#8221;] [vc_column] [vc_custom_heading text = &#8220;platja Cala boix&#8221; font_container = &#8220;tag:H1|text_align:center|color:#ffffff&#8221; use_theme_fonts = &#8220;yes&#8221;] [vc_custom_heading text = &#8220;la platja de Cala boix est\u00e0 situada davant d&#8217;una forta pendent, amb espectaculars vistes&#8221; font_container = &#8220;Tag: P|font_size: 24px|text_align:center|color:#ffffff&#8221; use_theme_fonts = &#8220;yes&#8221;] [\/vc_column] [\/vc_row] [vc_row] [vc_column width= &#8220;2\/3&#8221;] [vc_row_inner] [vc_column_inner] [\/vc_column_inner] [\/vc_row_inner] [vc_single_image image = &#8220;47539&#8221; img_size = &#8220;full&#8221;] [vc_column_text] Al municipi de <strong> <a href=\"https:\/guia-de-turismo-de-ibiza-cultural-y-natural\/guia-turismo-santa-eulalia-ibiza\/\">Santa Eul\u00e0ria<\/a> <\/strong> (<strong>Santa Eul\u00e0ria<\/strong>) trobem la <strong>Platja de Cala Boix<\/strong> uns 27 quil\u00f2metres <a href=\"https:\/\"> <strong>d&#8217;Eivissa<\/strong> <\/a> i a uns dotze quil\u00f2metres de la parr\u00f2quia de Santa <strong> Eul\u00e0lia<\/strong>. Ens pot b\u00e9 carretera d&#8217;acc\u00e9s o bicicleta, accedir des de Sant Carles a la cru\u00eflla a l&#8217;est. Continuar cinc quil\u00f2metres despr\u00e9s arribem a la <em>Cala de Boix<\/em>. Hi ha un petit aparcament, encara que \u00e9s normalment suficient perqu\u00e8 les persones que visiten la platja. Acc\u00e9s a la <strong>platja <\/strong>s&#8217;efectuar\u00e0 a trav\u00e9s d&#8217;escales aix\u00ed no \u00e9s un lloc per a les persones grans o amb discapacitat. Aneu amb compte girar perqu\u00e8 l&#8217;escala \u00e9s una cosa pesada cap amunt. [\/vc_column_text] [\/vc_column] [vc_column width= &#8220;1\/3&#8243;] [vc_gmaps link=&#8221;#E-8_JTNDaWZyYW1lJTIwc3JjJTNEJTIyaHR0cHMlM0ElMkYlMkZ3d3cuZ29vZ2xlLmNvbSUyRm1hcHMlMkZlbWJlZCUzRnBiJTNEJTIxMW0xOCUyMTFtMTIlMjExbTMlMjExZDEyMzk3Ljc2NTEyMzIwODY2MSUyMTJkMS41OTcyMTk3NDQ1MTI4ODklMjEzZDM5LjAyODA1Njk5MTk4Njc3JTIxMm0zJTIxMWYwJTIxMmYwJTIxM2YwJTIxM20yJTIxMWkxMDI0JTIxMmk3NjglMjE0ZjEzLjElMjEzbTMlMjExbTIlMjExczB4MTI5OTEzODU3NzMzMzQ4NyUyNTNBMHgyYmIzMjMzYTE1NmZmYTJjJTIxMnNDYWxhJTJCQm9peCUyMTVlMCUyMTNtMiUyMTFzZXMlMjEyc2VzJTIxNHYxNTQ1OTE0OTg0MDA1JTIyJTIwd2lkdGglM0QlMjI2MDAlMjIlMjBoZWlnaHQlM0QlMjI0NTAlMjIlMjBmcmFtZWJvcmRlciUzRCUyMjAlMjIlMjBzdHlsZSUzRCUyMmJvcmRlciUzQTAlMjIlMjBhbGxvd2Z1bGxzY3JlZW4lM0UlM0MlMkZpZnJhbWUlM0U=&#8221;] [vc_custom_heading text = &#8216;Serveis Addicionals&#8217; font_container =&#8221; tag: h3|text_align:center|color:%23ffff&#8221; use_theme_fonts =&#8221;yes&#8221; css =&#8221;.vc_custom_1540662764537 {margin-bottom{: 30px !important; background-color:#f3ad2a !important;} &#8220;] [vc_row_inner gap= &#8220;30&#8221;] [vc_column_inner width= &#8220;1\/3&#8221;] [vc_icon icon_hubbleicons = &#8220;icono-sun-bath&#8221; color = &#8220;custom&#8221; size = &#8220;xl&#8221; text_align=&#8221;centre&#8221; icons_reach_icons = &#8220;Icon-Beach-1&#8221; custom_color = &#8220;#f1ae28&#8221;] [vc_column_text] <\/p>\n<p style=\"text-align: center;\"><span style=\"color:#f3ad2a;\"><strong >Paraig\u00fces<\/strong><\/span><\/p>\n<p> [\/vc_column_text] [\/vc_column_inner] [vc_column_inner width = &#8220;1\/3&#8221;] [vc_icon icon_hubbleicons = &#8220;icono-relax-5&#8221; color = &#8220;custom&#8221; size = &#8220;xl&#8221; align = &#8220;Center&#8221; icons_reach_icons = &#8220;Icon-Beach-1&#8221; custom_color = &#8220;#f1ae28&#8221;] [vc_column_text] <\/p>\n<p style=\"text-align: center;\"><span style=\"color:#f3ad2a;\"><strong >Hamaques<\/strong><\/span><\/p>\n<p> [\/vc_column_text] [\/vc_column_inner] [vc_column_inner width = &#8220;1\/3&#8221;] [vc_icon icon_hubbleicons = &#8220;icono-swimming-pool-3&#8221; color = &#8220;custom&#8221; size = &#8220;xl&#8221; align = &#8220;centre&#8221; icons_reach_icons = &#8220;Icon-Beach-1&#8221; custom_color = &#8220;#f1ae28&#8221;] [vc_column_text] <\/p>\n<p style=\"text-align: center;\"><span style=\"color:#f3ad2a;\"><strong >Zona de bany<\/strong><\/span><\/p>\n<p> [\/vc_column_text] [\/vc_column_inner] [\/vc_row_inner] [vc_row_inner Gap = &#8220;30&#8221;] [vc_column_inner width = &#8220;1\/3&#8221;] [vc_icon icon_hubbleicons = &#8220;icono-terrace&#8221; color = &#8220;custom&#8221; size = &#8220;xl&#8221; align = &#8220;centre&#8221; icons_reach_icons = &#8220;Icon-Beach-1&#8221; custom_color = &#8220;#f1ae28&#8221;] [vc_column_text] <\/p>\n<p style=\"text-align: center;\"><span style=\"color:#f3ad2a;\"><strong >Restuarant<\/strong><\/span><\/p>\n<p> [\/vc_column_text] [\/vc_column_inner] [vc_column_inner width = &#8220;1\/3&#8221;] [vc_icon icon_hubbleicons = &#8220;icono-kayak&#8221; color = &#8220;custom&#8221; size = &#8220;xl&#8221; align = &#8220;centre&#8221; icons_reach_icons = &#8220;Icon-Beach-1&#8221; custom_color = &#8220;#f1ae28&#8221;] [vc_column_text] <\/p>\n<p style=\"text-align: center;\"><span style=\"color:#f3ad2a;\"><strong >Canoa<\/strong><\/span><\/p>\n<p> [\/vc_column_text] [\/vc_column_inner] [vc_column_inner width = &#8220;1\/3&#8221;] [vc_icon icon_hubbleicons = &#8220;icono-restroom&#8221; color = &#8220;custom&#8221; size = &#8220;xl&#8221; align = &#8220;centre&#8221; icons_reach_icons = &#8220;Icon-Beach-1&#8221; custom_color = &#8220;#f1ae28&#8221;] [vc_column_text] <\/p>\n<p style=\"text-align: center;\"><span style=\"color:#f3ad2a;\"><strong >Accessible<\/strong><\/span><\/p>\n<p> [\/vc_column_text] [\/vc_column_inner] [\/vc_row_inner] [\/vc_column] [\/vc_row] [vc_row] [vc_column] [vc_column_text] <\/p>\n<div class=\"entry clearfloat\">\n<h2 id=\"t2\" class=\"title\" >Trobarem a Cala Boix<\/h2>\n<div class=\"entry clearfloat\"> La <strong>platja de Cala boix <\/strong>est\u00e0 a uns cent metres de llarg per uns deu metres d&#8217;ampl\u00e0ria. Est\u00e0 envoltada de muntanyes que presenten un dif\u00edcil acc\u00e9s per l&#8217;altura que presenten i per la gran quantitat i els pins i les males herbes t\u00edpiques del clima mediterrani. No presenta una costa costeruda, per\u00f2 \u00e9s molt inclinat fent el trekking impracticable. <\/p>\n<h3 >La sorra de Cala Boix<\/h3>\n<p> La sorra \u00e9s molt fina, procedent de l&#8217;erosi\u00f3 de la zona costanera. Un cop entrat a l&#8217;aigua trobem un descens bastant suau, podent estar a uns quinze metres de la riba. Aquesta sorra i la poca fond\u00e0ria, juntament amb la dist\u00e0ncia dels nuclis urbans, permeten una aigua transparent de gran bellesa. Disposem de servei d&#8217;hamaques i para-sols. L&#8217;\u00fanic per\u00f2 el trobem al bar, situat a l&#8217;escala d&#8217;acc\u00e9s, a la part superior. Vost\u00e8 ha de pensar dues vegades abans de prendre un aperitiu. Els vents corren des del mar fins a terra, encara que degut a la naturalesa del terreny gaireb\u00e9 sempre seran mandrosos. Cala boix \u00e9s una platja pensada per a un ambient familiar i tranquil, sense sorolls d&#8217;embarcacions ni motos d&#8217;aigua. <\/p><\/div><\/div>\n<p> [\/vc_column_text] [\/vc_column] [\/vc_row] [vc_row full_width = &#8220;stretch_row&#8221; css = &#8220;.vc_custom_1540634055579 {Padding-Top: 30px !important; padding-bottom: 60px !important; background-color:#f1ae28 !important; background-position: centre !important; background-repeat: no-repeat !important; background-repeat: no-repeat !important;} &#8220;] [vc_column] [vc_custom_heading text = &#8220;l\u00ednies d&#8217;autob\u00fas a Cala boix&#8221; font_container = &#8220;tag:H2|font_size: 40px|text_align:center|color:#FFFFFF|line_height: 48px&#8221; use_theme_fonts = &#8220;yes&#8221;] [\/vc_column] [\/vc_row] [vc_row] [vc_column] [vc_column_text] No hi ha autobusos que arriben fins a Cala boix per a que us recomanem arribar en cotxe fins a aquesta platja. Pots trobar ofertes en el nostre <a href=\"https:\/\/alquilercochesibiza.soloibiza.com\/\">cercador de lloguer de cotxes a Eivissa<\/a>[\/vc_column_text] [\/vc_column] [\/vc_row] [vc_row full_width = &#8220;STRETCH_ROW&#8221; css = &#8220;.vc_custom_1540634055579 {encoixinat-Top: 30px !important; embuatat-inferior: 60px !important background-color:#f1ae28 !important; background-position: centre !important; antecedents-repetici\u00f3: no-repetir !important; fons-mida: Cover !important;} &#8220;] [vc_column] [vc_custom_heading text = &#8220;altres platges a prop de platja de Cala boix&#8221; font_container = &#8220;tag:H2|font_size: 40px|text_align:center|color:#FFFFFF|line_height: 48px&#8221; use_theme_fonts = &#8220;yes&#8221;] [\/vc_column] [\/vc_row] [vc_row] [vc_column width = &#8220;1\/3&#8221; El_class = &#8220;Filaplayas&#8221;] [vc_single_image Image = &#8220;47582&#8221; img_size = &#8220;full&#8221;] [vc_column_text El_class = &#8220;.conelanteriorreducido&#8221;] <a href=\"https:\/pou-des-lleo\/\">Pou des Lle\u00f3<\/a> [\/vc_column_text] [vc_column_text] <\/p>\n<h2 style=\"text-align: center;\" >Canal d den Mart\u00ed (Pou des Lle\u00f3) a 604 metres<\/h2>\n<p style=\"text-align: center;\" >Pertanyent al municipi de Santa Eul\u00e0ria podem trobar la platja del canal d&#8217;en Mart\u00ed (Pou des Lle\u00f3) a uns vint quil\u00f2metres d&#8217;Eivissa i a uns catorze quil\u00f2metres de la parr\u00f2quia de Santa Eul\u00e0ria.<\/p>\n<p> [\/vc_column_text] [\/vc_column] [vc_column width = &#8220;1\/3&#8221; El_class = &#8220;Filaplayas&#8221;] [vc_single_image Image = &#8220;47326&#8221; img_size = &#8220;full&#8221;] [vc_column_text El_class = &#8220;.conelanteriorreducido&#8221;] <a href=\"https:\/cala-mastella\/\">Cala Mastella<\/a> [\/vc_column_text] [vc_column_text] <\/p>\n<h2 style=\"text-align: center;\" >Cala Mastella a 1337 metres<\/h2>\n<p style=\"text-align: center;\" >Pertanyent al municipi de Santa Eul\u00e0ria podem trobar la platja de cala Mastella a uns vint quil\u00f2metres d&#8217;Eivissa i a uns onze quil\u00f2metres de la parr\u00f2quia de Santa Eul\u00e0ria de riu.<\/p>\n<p> [\/vc_column_text] [\/vc_column] [vc_column width = &#8220;1\/3&#8221; El_class = &#8220;Filaplayas&#8221;] [vc_single_image Image = &#8220;47440&#8221; img_size = &#8220;full&#8221;] [vc_column_text El_class = &#8220;.conelanteriorreducido&#8221;] <a href=\"https:\/es-figueral\/\">Es Figueral<\/a> [\/vc_column_text] [vc_column_text] <\/p>\n<h2 style=\"text-align: center;\" >Platja des Figueral a 3 km<\/h2>\n<p style=\"text-align: center;\" >Pertanyent a l&#8217;Ajuntament de Santa Eul\u00e0ria podem trobar la platja des Figueral, a uns vint quil\u00f2metres d&#8217;Eivissa i uns catorze de Santa Eul\u00e0ria.<\/p>\n<p> [\/vc_column_text] [\/vc_column] [\/vc_row] [vc_row full_width = &#8220;stretch_row&#8221; css = &#8220;.vc_custom_1539928959405 {padding-top: 20px !important; Padding-Bottom: 20px !important; background-color:#1b7f47 !important;}&#8221;] [vc_column] [vc_custom_heading text = &#8220;m\u00e9s llocs d&#8217;inter\u00e8s&#8221; font_container = &#8220;Tag: H2|text_align:center|color:#ffffff&#8221; use_theme_fonts = &#8220;yes&#8221;] [vc_custom_heading text = &#8220;si tens un cotxe de lloguer pots visitar aquests altres llocs amb un inter\u00e8s tur\u00edstic&#8221; font_container = &#8220;Tag: P|font_size: 24px|text_align:center|color:#ffffff&#8221; use_theme_fonts = &#8220;yes&#8221; Link = &#8220;URL: HTTPS% 3a% 2f% 2Falquilercochesibiza. Soloibiza. com|| |&#8221;] [\/vc_column] [\/vc_row] [vc_row] [vc_column width = &#8220;1\/3&#8221;] [vc_single_image Image = &#8220;46616&#8221; img_size = &#8220;full&#8221; onclick = &#8220;custom_link&#8221; Link = &#8220;https:\/guia-de-turismo-de-ibiza-cultural-y-natural\/guia-turismo-santa-eulalia-ibiza\/guia-de-turismo-de-san-carlos-o-sant-carles-de-peralta\/torre-den-valls\/&#8221;] [vc_column_text] <\/p>\n<h2 style=\"text-align: center;\" >Torre d&#8217;en Valls a 1493 metres<\/h2>\n<p style=\"text-align: center;\" >A la Divisi\u00f3 Territorial de Sant Carles de Peralta trobem la torre d&#8217;en valls.<\/p>\n<p> [\/vc_column_text] [\/vc_column] [vc_column width = &#8220;1\/3&#8221;] [vc_single_image Image = &#8220;46700&#8221; img_size = &#8220;full&#8221; onclick = &#8220;custom_link&#8221; Link = &#8220;https:\/guia-de-turismo-de-ibiza-cultural-y-natural\/guia-turismo-santa-eulalia-ibiza\/guia-de-turismo-de-san-carlos-o-sant-carles-de-peralta\/font-de-morna\/&#8221;] [vc_column_text] <\/p>\n<h2 style=\"text-align: center;\" >Font de Morna 5 km<\/h2>\n<p style=\"text-align: center;\" >Podem trobar la font de Morna en la banda del mateix nom.<\/p>\n<p> [\/vc_column_text] [\/vc_column] [vc_column width = &#8220;1\/3&#8221; El_class = &#8220;Filaplayas&#8221;] [vc_single_image Image = &#8220;46742&#8221; img_size = &#8220;full&#8221; onclick = &#8220;custom_link&#8221; Link = &#8220;https:\/guia-de-turismo-de-ibiza-cultural-y-natural\/guia-turismo-santa-eulalia-ibiza\/guia-de-turismo-de-san-carlos-o-sant-carles-de-peralta\/iglesia-de-sant-carles\/&#8221;] [vc_column_text] <\/p>\n<h2 style=\"text-align: center;\" >Esgl\u00e9sia de Sant Carles a 5 km<\/h2>\n<p style=\"text-align: center;\" >Situat en el nucli urb\u00e0 del poble de Sant Carles de Peralta, trobem l&#8217;esgl\u00e9sia de Sant Carles.<\/p>\n<p> [\/vc_column_text] [\/vc_column] [\/vc_row] [vc_row full_width = &#8220;stretch_row&#8221; css = &#8220;.vc_custom_1539928959405 {padding-top: 20px !important; Padding-Bottom: 20px !important; background-color:#1b7f47 !important;}&#8221;] [vc_column] [vc_custom_heading text = &#8220;ubicacions a Cala boix i als voltants Beach&#8221; font_container = &#8220;tag:H2|text_align:center|color:#ffffff&#8221; use_theme_fonts = &#8220;yes&#8221;] [\/vc_column] [\/vc_row] [vc_row] [vc_column width = &#8220;1\/3&#8221;] [vc_single_image Image = &#8220;46964&#8221; img_size = &#8220;full&#8221; onclick = &#8220;custom_link&#8221; enlla\u00e7 = &#8220;https:\/guia-de-turismo-de-ibiza-cultural-y-natural\/guia-turismo-santa-eulalia-ibiza\/guia-de-turismo-de-san-carlos-o-sant-carles-de-peralta\/&#8221; ] [vc_column_text] <\/p>\n<h2 style=\"text-align: center;\" >Sant Carles 5 km<\/h2>\n<p style=\"text-align: center;\" >Situat a uns sis quil\u00f2metres del nucli de Santa Eul\u00e0ria \u00e9s la parr\u00f2quia de Sant Carles de Peralta, o Sant Carles.<\/p>\n<p> [\/vc_column_text] [\/vc_column] [vc_column width = &#8220;1\/3&#8221;] [vc_single_image Image = &#8220;47012&#8221; img_size = &#8220;full&#8221; onclick = &#8220;custom_link&#8221; Link = &#8220;https:\/guia-de-turismo-de-ibiza-cultural-y-natural\/guia-turismo-sant-joan-ibiza\/guia-de-turismo-de-san-vicente-o-sant-vicent-de-sa-cala\/&#8221;] [vc_column_text] <\/p>\n<h2 style=\"text-align: center;\" >Sant Vicent 5 km<\/h2>\n<p style=\"text-align: center;\" >Situat al nord del nucli urb\u00e0 de Sant Carles i dins el terme municipal de Sant Joan, trobem Sant Vicen\u00e7 de Sa Cala.<\/p>\n<p> [\/vc_column_text] [\/vc_column] [vc_column width = &#8220;1\/3&#8221;] [vc_single_image Image = &#8220;46910&#8221; img_size = &#8220;full&#8221; onclick = &#8220;custom_link&#8221; Link = &#8220;https:\/guia-de-turismo-de-ibiza-cultural-y-natural\/guia-turismo-santa-eulalia-ibiza\/&#8221;] [vc_column_text] <\/p>\n<h2 style=\"text-align: center;\" >Santa Eul\u00e0ria 10 km<\/h2>\n<p style=\"text-align: center;\" >La pres\u00e8ncia humana en aquest municipi s&#8217;ha establert en l&#8217;era prehist\u00f2rica.<\/p>\n<p> [\/vc_column_text] [\/vc_column] [\/vc_row] <\/p>\n<\/div>","protected":false},"excerpt":{"rendered":"<p>[vc_row full_width = &#8220;stretch_row&#8221; parallax = &#8220;content-moving-fade&#8221; css = &#8220;.vc_custom_1545914941600 {padding-top: 20px !important; Padding-Bottom: 60px !important; background-image: url(http:\/\/soloibiza.com\/wp-content\/uploads\/2018\/12\/Playa-d-en-Bossa.jpg?id=47608) !important;}&#8221;] [vc_column] [vc_custom_heading text = &#8220;platja Cala boix&#8221; font_container = &#8220;tag:H1|text_align:center|color:#ffffff&#8221; use_theme_fonts = &#8220;yes&#8221;] [vc_custom_heading text = &#8220;la platja de Cala boix est\u00e0 situada davant d&#8217;una forta pendent, amb espectaculars vistes&#8221; font_container = &#8220;Tag: P|font_size: 24px|text_align:center|color:#ffffff&#8221; use_theme_fonts [&hellip;]<\/p>\n","protected":false},"author":1,"featured_media":0,"parent":0,"menu_order":0,"comment_status":"closed","ping_status":"closed","template":"","meta":{"_acf_changed":false,"footnotes":""},"class_list":["post-51975","page","type-page","status-publish","hentry"],"acf":[],"_links":{"self":[{"href":"https:\/\/soloibiza.com\/ca\/wp-json\/wp\/v2\/pages\/51975","targetHints":{"allow":["GET"]}}],"collection":[{"href":"https:\/\/soloibiza.com\/ca\/wp-json\/wp\/v2\/pages"}],"about":[{"href":"https:\/\/soloibiza.com\/ca\/wp-json\/wp\/v2\/types\/page"}],"author":[{"embeddable":true,"href":"https:\/\/soloibiza.com\/ca\/wp-json\/wp\/v2\/users\/1"}],"replies":[{"embeddable":true,"href":"https:\/\/soloibiza.com\/ca\/wp-json\/wp\/v2\/comments?post=51975"}],"version-history":[{"count":0,"href":"https:\/\/soloibiza.com\/ca\/wp-json\/wp\/v2\/pages\/51975\/revisions"}],"wp:attachment":[{"href":"https:\/\/soloibiza.com\/ca\/wp-json\/wp\/v2\/media?parent=51975"}],"curies":[{"name":"wp","href":"https:\/\/api.w.org\/{rel}","templated":true}]}}