{"id":51931,"date":"2019-03-10T10:55:42","date_gmt":"2019-03-10T09:55:42","guid":{"rendered":"https:\/?page_id=51931"},"modified":"2019-03-10T11:54:56","modified_gmt":"2019-03-10T10:54:56","slug":"playa-del-puerto-de-san-miguel-eivissa","status":"publish","type":"page","link":"https:\/\/soloibiza.com\/ca\/playa-del-puerto-de-san-miguel-eivissa\/","title":{"rendered":"Playa del Puerto de San Miguel, Eivissa"},"content":{"rendered":"<div class=\"wpb-content-wrapper\"><p> [vc_row full_width = &#8220;stretch_row&#8221; parallax = &#8220;content-moving-fade&#8221; css = &#8220;.vc_custom_1545982113691 {padding-top: 20px !important; Padding-Bottom: 60px !important; background-image: url(http:\/\/soloibiza.com\/wp-content\/uploads\/2018\/12\/Puerto-de-San-Miguel.jpg?id=47588) !important;}&#8221;] [vc_column] [vc_custom_heading text = &#8220;platja del port de Sant Miquel. Un protegit mar platja &#8221; font_container =&#8221;tag:h1|text_align:center|color:%23ffffff &#8221; use_theme_fonts =&#8221;yes&#8221;] [vc_custom_heading text =&#8221; la platja del port de Sant Miguel \u00e9s una zona de sorra fina de f\u00e0cil acc\u00e9s i molts serveis&#8221; font_container = &#8220;tag:p|font_size: 24px|text_align:center|color:%23ffffff&#8221;   use_theme_fonts = &#8220;yes&#8221;] [\/vc_column] [\/vc_row] [vc_row] [vc_column width= &#8220;2\/3&#8221;] [vc_row_inner] [vc_column_inner] [\/vc_column_inner] [\/vc_row_inner] [vc_single_image image = &#8220;47588&#8221; img_size = &#8220;full&#8221;] [vc_column_text] <strong>Port de Sant Miquel<\/strong> est\u00e0 situat a l&#8217;extrem nord de l&#8217;illa, al terme municipal de <strong>Sant Joan<\/strong>. <strong> <a title=\"Ibiza\" href=\"https:\/\">Eivissa<\/a> <\/strong>\u00e9s bastant simple. All\u00e0 prendre la sortida a <strong>Santa Eul\u00e0ria<\/strong> i prendre vuit quil\u00f2metres de la carretera a Santa Gertrudis. Un cop arribar a la gent dins sense desviaci\u00f3 de la carretera veurem un trencall a l&#8217;esquerra amb una indicaci\u00f3 a la <strong>port de Sant Miquel.<\/strong> La carretera ens portar\u00e0 directament al mateix port, on el primer que trobes \u00e9s un gran passeig en una l\u00ednia recta que va a la platja. Es troba a la dreta, gaireb\u00e9 esculpit a la roca, el Club San Miguel, un complex amb una vista impressionant. De fet, si vost\u00e8 pren el cam\u00ed que va a l&#8217;hotel i evitant entrar en l&#8217;aparcament, pot pujar a l&#8217;entrada de les coves de Sant Miquel, on trobareu un mirador amb vistes al port i Cala Moltons i Pas de&#8217;Illa. A l&#8217;esquerra del passeig mar\u00edtim, hi trobareu hotels a pocs metres de la platja i els restaurants on es pot degustar un magn\u00edfic peix a la brasa. [\/vc_column_text] [\/vc_column] [vc_column width= &#8220;1\/3&#8243;] [vc_gmaps link=&#8221;#E-8_JTNDaWZyYW1lJTIwc3JjJTNEJTIyaHR0cHMlM0ElMkYlMkZ3d3cuZ29vZ2xlLmNvbSUyRm1hcHMlMkZlbWJlZCUzRnBiJTNEJTIxMW0xOCUyMTFtMTIlMjExbTMlMjExZDQzOTEuNzE2MzI4MTcwNzk3JTIxMmQxLjQzOTYzOTA2NTg2NTUzMTQlMjEzZDM5LjA3OTQwNjc0Mzc5OTE3NiUyMTJtMyUyMTFmMCUyMTJmMCUyMTNmMCUyMTNtMiUyMTFpMTAyNCUyMTJpNzY4JTIxNGYxMy4xJTIxM20zJTIxMW0yJTIxMXMweDAlMjUzQTB4YjM2ZmU1MGYxYjY3YWExNSUyMTJzUGxheWElMkJQdWVydG8lMkJTYW4lMkJNaWd1ZWwlMjE1ZTElMjEzbTIlMjExc2VzJTIxMnNlcyUyMTR2MTU0NTk5NTY3OTY5MyUyMiUyMHdpZHRoJTNEJTIyNjAwJTIyJTIwaGVpZ2h0JTNEJTIyNDUwJTIyJTIwZnJhbWVib3JkZXIlM0QlMjIwJTIyJTIwc3R5bGUlM0QlMjJib3JkZXIlM0EwJTIyJTIwYWxsb3dmdWxsc2NyZWVuJTNFJTNDJTJGaWZyYW1lJTNF&#8221;] [vc_custom_heading text = &#8216;Serveis Addicionals&#8217; font_container =&#8221; tag: h3|text_align:center|color:%23ffff &#8221; use_theme_fonts =&#8221;yes&#8221; css =&#8221;.vc_custom_1540662764537{margin-bottom: 30px !important; background-color:#f3ad2a !important;}&#8221;][vc_row_inner gap= &#8220;30&#8221;] [vc_column_inner width= &#8220;1\/3&#8221;] [vc_icon icon_hubbleicons = &#8220;icono-sun-bath&#8221; color = &#8220;custom&#8221; size = &#8220;xl&#8221; text_align=&#8221;centre&#8221; icons_reach_icons = &#8220;Icon-Beach-1&#8221; custom_color = &#8220;#f1ae28&#8221;] [vc_column_text] <\/p>\n<p style=\"text-align: center;\"><span style=\"color:#f3ad2a;\"><strong >Paraig\u00fces<\/strong><\/span><\/p>\n<p> [\/vc_column_text] [\/vc_column_inner] [vc_column_inner width = &#8220;1\/3&#8221;] [vc_icon icon_hubbleicons = &#8220;icono-relax-5&#8221; color = &#8220;custom&#8221; size = &#8220;xl&#8221; align = &#8220;Center&#8221; icons_reach_icons = &#8220;Icon-Beach-1&#8221; custom_color = &#8220;#f1ae28&#8221;] [vc_column_text] <\/p>\n<p style=\"text-align: center;\"><span style=\"color:#f3ad2a;\"><strong >Hamaques<\/strong><\/span><\/p>\n<p> [\/vc_column_text] [\/vc_column_inner] [vc_column_inner width = &#8220;1\/3&#8221;] [vc_icon icon_hubbleicons = &#8220;icono-swimming-pool-3&#8221; color = &#8220;custom&#8221; size = &#8220;xl&#8221; align = &#8220;centre&#8221; icons_reach_icons = &#8220;Icon-Beach-1&#8221; custom_color = &#8220;#f1ae28&#8221;] [vc_column_text] <\/p>\n<p style=\"text-align: center;\"><span style=\"color:#f3ad2a;\"><strong >Zona de bany<\/strong><\/span><\/p>\n<p> [\/vc_column_text] [\/vc_column_inner] [\/vc_row_inner] [vc_row_inner Gap = &#8220;30&#8221;] [vc_column_inner width = &#8220;1\/3&#8221;] [vc_icon icon_hubbleicons = &#8220;icono-terrace&#8221; color = &#8220;custom&#8221; size = &#8220;xl&#8221; align = &#8220;centre&#8221; icons_reach_icons = &#8220;Icon-Beach-1&#8221; custom_color = &#8220;#f1ae28&#8221;] [vc_column_text] <\/p>\n<p style=\"text-align: center;\"><span style=\"color:#f3ad2a;\"><strong >Restuarant<\/strong><\/span><\/p>\n<p> [\/vc_column_text] [\/vc_column_inner] [vc_column_inner width = &#8220;1\/3&#8221;] [vc_icon icon_hubbleicons = &#8220;icono-kayak&#8221; color = &#8220;custom&#8221; size = &#8220;xl&#8221; align = &#8220;centre&#8221; icons_reach_icons = &#8220;Icon-Beach-1&#8221; custom_color = &#8220;#f1ae28&#8221;] [vc_column_text] <\/p>\n<p style=\"text-align: center;\"><span style=\"color:#f3ad2a;\"><strong >Canoa<\/strong><\/span><\/p>\n<p> [\/vc_column_text] [\/vc_column_inner] [vc_column_inner width = &#8220;1\/3&#8221;] [vc_icon icon_hubbleicons = &#8220;icono-restroom&#8221; color = &#8220;custom&#8221; size = &#8220;xl&#8221; align = &#8220;centre&#8221; icons_reach_icons = &#8220;Icon-Beach-1&#8221; custom_color = &#8220;#f1ae28&#8221;] [vc_column_text] <\/p>\n<p style=\"text-align: center;\"><span style=\"color:#f3ad2a;\"><strong >Accessible<\/strong><\/span><\/p>\n<p> [\/vc_column_text] [\/vc_column_inner] [\/vc_row_inner] [\/vc_column] [\/vc_row] [vc_row] [vc_column] [vc_column_text] <\/p>\n<div class=\"entry clearfloat\">\n<h2 id=\"t2\" class=\"title\" >Un lloc id\u00edl\u00b7lic al port de Sant Miquel<\/h2>\n<div class=\"entry clearfloat\"> Un cop arribes a la platja el primer que podem veure \u00e9s una costa escarpada, amb multitud de sorres, molt m\u00e9s pronunciada a la dreta, on es destaca una mica de roca espectacularment. El port est\u00e0 immers en una gran Cala molt tancada i protegida. En aquesta zona es poden veure alguns varaderos i una zona d&#8217;embarcament on podrem gaudir d&#8217;un recorregut per l&#8217;espectacular Costa del port. Seguidament trobarem la zona de bany, perfectament delimitada i amb un mirador. <\/p>\n<h3 >Activitats al port de San Miguel<\/h3>\n<p> Cal anar amb compte amb la pendent al banyar-se, perqu\u00e8 \u00e9s bastant pronunciada, i uns metres tindrem de mantenir la flotabilitat sobre una aigua transparent, quasi id\u00edl\u00b7lica. En el costat esquerre del port est\u00e0 prohibit el bany, ja que aquesta zona s&#8217;utilitza PRA l&#8217;entrada i sortida de motos de tot tipus. Al <strong>port de Sant Miquel<\/strong> , la natura i la diversi\u00f3 no estan renyits. Una gran quantitat d&#8217;atraccions aqu\u00e0tiques uneixen activitats com el voleibol o la pr\u00e0ctica d&#8217;aficionats al senderisme. Per a aquesta activitat es recomana un cal\u00e7at especial i molta cura, ja que si b\u00e9 \u00e9s cert que es poden veure taques verges i una bellesa extraordin\u00e0ria, tamb\u00e9 la zona \u00e9s famosa pels seus forts pendents i bells penya-segats. Des d&#8217;aqu\u00ed es pot accedir a Cala Moltens seguint un cam\u00ed bastant pedreg\u00f3s, i des de Cala Moltens fins al pas de s&#8217;illa. O pot optar per un lloguer <a title=\"Alquiler de coches en San Miguel\" href=\"https:\/alquiler-coches-ibiza\/alquiler-de-coches-en-san-miguel-en-ibiza\/\">de cotxes a San Miguel<\/a> a preus barats. <\/div><\/div>\n<p> [\/vc_column_text] [\/vc_column] [\/vc_row] [vc_row full_width = &#8220;stretch_row&#8221; css = &#8220;.vc_custom_1540634055579 {Padding-Top: 30px !important; padding-bottom: 60px !important; background-color:#f1ae28 !important; background-position: centre !important; background-repeat: no-repeat !important; background-repeat: no-repeat !important;}&#8221;][vc_column] [vc_custom_heading text = &#8220;l\u00ednies de bus a Playa del Puerto de San Miguel&#8221; font_container = &#8220;tag:H2|font_size: 40px|text_align:center|color:#FFFFFF|line_height: 48px&#8221; use_theme_fonts = &#8220;yes&#8221;] [vc_custom_heading text = &#8220;\u00e9s important controlar els horaris dels busos, ja que perdre l&#8217;\u00faltim pot ser un problema. Et recomanem que et desplacis en un cotxe de lloguer. &#8221; font_container =&#8221; Tag: P|font_size: 24px|text_align:center|color:#ffffff&#8221; use_theme_fonts =&#8221;yes&#8221; Link =&#8221; URL: HTTPS% 3a% 2f% 2Falquilercochesibiza. Soloibiza. com|||&#8221;] [\/vc_column] [\/vc_row] [vc_row] [vc_column] [vc_column_text] <\/p>\n<ul>\n<li >Bus San Mateo-> Eivissa, <a href=\"https:\/autobuses-de-ibiza-lineas-y-horarios\/autobus-linea-33-san-mateo-ibiza\/\">l\u00ednia 33<\/a><\/li>\n<li >Bus Santa Eulalia es Canar, <a href=\"https:\/autobuses-de-ibiza-lineas-y-horarios\/autobus-linea-18a-santa-eulalia-es-canar\/\">l\u00ednia 18a<\/a><\/li>\n<\/ul>\n<p> [\/vc_column_text] [\/vc_column] [\/vc_row] [vc_row full_width = &#8220;stretch_row&#8221; css = &#8220;.vc_custom_1540634055579 {Padding-Top: 30px !important; embuatat-inferior: 60px !important; background-color:#f1ae28 !important; background-position: centre !important; antecedents-repetir: no-repetir !important; background-repeat: no-repeat !important;}&#8221;][vc_column] [vc_custom_heading text = &#8220;altres platges aprop de Playa del Puerto de San Miguel&#8221; font_container = &#8220;Tag: H2|font_size: 40px|text_align:center|color:#FFFFFF|line_height: 48px&#8221; use_theme_fonts = &#8220;yes&#8221;] [\/vc_column] [\/vc_row] [vc_row] [vc_column width = &#8220;1\/3&#8221; El_class = &#8220;Filaplayas&#8221;] [vc_single_image Image = &#8220;47338&#8221; img_size = &#8220;full&#8221;] [vc_column_text El_class = &#8220;.conelanteriorreducido&#8221;] <a href=\"https:\/cala-moltons\/\">Cala Moltens<\/a> [\/vc_column_text] [vc_column_text] <\/p>\n<h2 style=\"text-align: center;\" >Cala Moltens a 322 metres<\/h2>\n<p style=\"text-align: center;\" >Cala Moltens \u00e9s una cala situada al nord de l&#8217;illa, al municipi de Sant Joan.<\/p>\n<p> [\/vc_column_text] [\/vc_column] [vc_column width = &#8220;1\/3&#8221; El_class = &#8220;Filaplayas&#8221;] [vc_single_image Image = &#8220;47533&#8221; img_size = &#8220;full&#8221;] [vc_column_text El_class = &#8220;.conelanteriorreducido&#8221;] <a href=\"https:\/cala-benirras\/\">Cala Benirr\u00e0s<\/a> [\/vc_column_text] [vc_column_text] <\/p>\n<h2 style=\"text-align: center;\" >Cala Benirr\u00e1s a 1813 metres<\/h2>\n<p style=\"text-align: center;\" >Podem trobar la Cala de Benirr\u00e0s al municipi de Sant Joan, entre les poblacions de Sant Miquel i Sant Joan, agafant la carretera que uneix les dues parr\u00f2quies.<\/p>\n<p> [\/vc_column_text] [\/vc_column] [vc_column width = &#8220;1\/3&#8221; El_class = &#8220;Filaplayas&#8221;] [vc_single_image Image = &#8220;47392&#8221; img_size = &#8220;full&#8221;] [vc_column_text El_class = &#8220;.conelanteriorreducido&#8221;] <a href=\"https:\/cala-xarraca\/\">Cala Xarraca<\/a> [\/vc_column_text] [vc_column_text] <\/p>\n<h2 style=\"text-align: center;\" >Cala Xarraca 7 km<\/h2>\n<p style=\"text-align: center;\" >Podem trobar cala Xarraca al terme municipal de Sant Joan.<\/p>\n<p> [\/vc_column_text] [\/vc_column] [\/vc_row] [vc_row full_width = &#8220;stretch_row&#8221; css = &#8220;.vc_custom_1539928959405 {padding-top: 20px !important; Padding-Bottom: 20px !important; background-color:#1b7f47 !important;}&#8221;] [vc_column] [vc_custom_heading text = &#8220;m\u00e9s llocs d&#8217;inter\u00e8s&#8221; font_container = &#8220;tag:H2|text_align:center|color:#ffffff&#8221; use_theme_fonts = &#8220;yes&#8221;] [vc_custom_heading text = &#8220;si tens un cotxe de lloguer pots visitar aquests altres llocs amb un inter\u00e8s tur\u00edstic&#8221; font_container = &#8220;Tag: P|font_size: 24px|text_align:center|color:#ffffff&#8221; use_theme_fonts = &#8220;yes&#8221; Link = &#8220;URL: HTTPS% 3a% 2f% 2Falquilercochesibiza. Soloibiza. com|| |&#8221;] [\/vc_column] [\/vc_row] [vc_row] [vc_column width = &#8220;1\/3&#8221;] [vc_single_image Image = &#8220;46682&#8221; img_size = &#8220;full&#8221; onclick = &#8220;custom_link&#8221; Link = &#8220;https:\/guia-de-turismo-de-ibiza-cultural-y-natural\/guia-turismo-sant-josep-ibiza\/guia-de-turismo-de-san-francisco-o-sant-francesc-destany\/torre-des-carregador-o-torre-de-sal-rossa\/&#8221;] [vc_column_text] <\/p>\n<h2 style=\"text-align: center;\" >Coves de Sant Miquel a 389 metres<\/h2>\n<p style=\"text-align: center;\" >Les coves del port de Sant Miquel s\u00f3n conegudes com les coves de Can Mar\u00e7\u00e0.<\/p>\n<p> [\/vc_column_text] [\/vc_column] [vc_column width = &#8220;1\/3&#8221;] [vc_single_image Image = &#8220;46628&#8221; img_size = &#8220;full&#8221; onclick = &#8220;custom_link&#8221; Link = &#8220;https:\/guia-de-turismo-de-ibiza-cultural-y-natural\/guia-turismo-sant-joan-ibiza\/guia-de-turismo-de-san-miguel-o-sant-miquel-de-balansat\/torre-des-molar\/&#8221;] [vc_column_text] <\/p>\n<h2 style=\"text-align: center;\" >Torre des molar a 985 metres<\/h2>\n<p style=\"text-align: center;\" >Al costat del port de Sant Miquel trobem la Torre des molar, part del projecte de defensa de l&#8217;illa.<\/p>\n<p> [\/vc_column_text] [\/vc_column] [vc_column width = &#8220;1\/3&#8221; El_class = &#8220;Filaplayas&#8221;] [vc_single_image Image = &#8220;46784&#8221; img_size = &#8220;full&#8221; onclick = &#8220;custom_link&#8221; Link = &#8220;https:\/guia-de-turismo-de-ibiza-cultural-y-natural\/guia-turismo-sant-joan-ibiza\/guia-de-turismo-de-san-miguel-o-sant-miquel-de-balansat\/iglesia-de-sant-miquel\/&#8221;] [vc_column_text] <\/p>\n<h2 style=\"text-align: center;\" >Esgl\u00e9sia de Sant Miquel a 3 km<\/h2>\n<p style=\"text-align: center;\" >Aquesta fortificaci\u00f3 de l&#8217;esgl\u00e9sia data de la versi\u00f3 oficial del segle XVII, encara que molts autors daten la seva construcci\u00f3 al segle XIII, basant-se en els fonaments de les construccions anteriors.<\/p>\n<p> [\/vc_column_text] [\/vc_column] [\/vc_row] [vc_row full_width = &#8220;stretch_row&#8221; css = &#8220;.vc_custom_1539928959405 {Padding-Top: 20px !important; padding-bottom: 20px !important; background-color:#1b7f47 !important;}&#8221;] [vc_column] [vc_custom_heading text = &#8220;llocs a Playa del Puerto de San Miguel&#8221; font_container = &#8220;Tag: H2|text_align:center|color:#ffffff&#8221; use_theme_fonts = &#8220;yes&#8221;] [\/vc_column] [\/vc_row] [vc_row] [vc_column width = &#8220;1\/3&#8221;] [vc_single_image Image = &#8220;47000&#8221; img_size = &#8220;full&#8221; onclick = &#8220;custom_link&#8221; Link = &#8220;https:\/guia-de-turismo-de-ibiza-cultural-y-natural\/guia-turismo-sant-joan-ibiza\/guia-de-turismo-de-san-miguel-o-sant-miquel-de-balansat\/&#8221;] [vc_column_text] <\/p>\n<h2 style=\"text-align: center;\" >Sant Miquel 3 km<\/h2>\n<p style=\"text-align: center;\" >Sant Miquel \u00e9s un poblet, quasi llogaret, situat a mig cam\u00ed entre Sant Joan, municipi al qual pertany, i Sant Antoni.<\/p>\n<p> [\/vc_column_text] [\/vc_column] [vc_column width = &#8220;1\/3&#8221;] [vc_single_image Image = &#8220;46988&#8221; img_size = &#8220;full&#8221; onclick = &#8220;custom_link&#8221; Link = &#8220;https:\/guia-de-turismo-de-ibiza-cultural-y-natural\/guia-turismo-sant-joan-ibiza\/guia-de-turismo-de-san-lorenzo-o-sant-llorenc-de-balafia\/&#8221;] [vc_column_text] <\/p>\n<h2 style=\"text-align: center;\" >Sant LLoren\u00e7, 7 km<\/h2>\n<p style=\"text-align: center;\" >Sant Lloren\u00e7 de Bal\u00e0fia, o San Lorenzo, \u00e9s una poblaci\u00f3 rural, pr\u00e0cticament sense nucli urb\u00e0, situada en el terme municipal de Sant Joan.<\/p>\n<p> [\/vc_column_text] [\/vc_column] [vc_column width = &#8220;1\/3&#8221;] [vc_single_image Image = &#8220;46994&#8221; img_size = &#8220;full&#8221; onclick = &#8220;custom_link&#8221; Link = &#8220;https:\/guia-de-turismo-de-ibiza-cultural-y-natural\/guia-de-turismo-de-sant-antoni\/guia-de-turismo-de-san-mateo-o-sant-mateu-dalbarca\/&#8221;] [vc_column_text] <\/p>\n<h2 style=\"text-align: center;\" >Sant MATEU 8 km<\/h2>\n<p style=\"text-align: center;\" >Quan parlem de Sant Mateu, no podem referir-nos a un poble, ni tan sols a un llogaret.<\/p>\n<p> [\/vc_column_text] [\/vc_column] [\/vc_row] [vc_row] [vc_column] [vc_column_text] [toc] [\/vc_column_text] [\/vc_column] [\/vc_row] <\/p>\n<\/div>","protected":false},"excerpt":{"rendered":"<p>[vc_row full_width = &#8220;stretch_row&#8221; parallax = &#8220;content-moving-fade&#8221; css = &#8220;.vc_custom_1545982113691 {padding-top: 20px !important; Padding-Bottom: 60px !important; background-image: url(http:\/\/soloibiza.com\/wp-content\/uploads\/2018\/12\/Puerto-de-San-Miguel.jpg?id=47588) !important;}&#8221;] [vc_column] [vc_custom_heading text = &#8220;platja del port de Sant Miquel. Un protegit mar platja &#8221; font_container =&#8221;tag:h1|text_align:center|color:%23ffffff &#8221; use_theme_fonts =&#8221;yes&#8221;] [vc_custom_heading text =&#8221; la platja del port de Sant Miguel \u00e9s una zona de sorra fina [&hellip;]<\/p>\n","protected":false},"author":1,"featured_media":0,"parent":0,"menu_order":0,"comment_status":"closed","ping_status":"closed","template":"","meta":{"_acf_changed":false,"footnotes":""},"class_list":["post-51931","page","type-page","status-publish","hentry"],"acf":[],"_links":{"self":[{"href":"https:\/\/soloibiza.com\/ca\/wp-json\/wp\/v2\/pages\/51931","targetHints":{"allow":["GET"]}}],"collection":[{"href":"https:\/\/soloibiza.com\/ca\/wp-json\/wp\/v2\/pages"}],"about":[{"href":"https:\/\/soloibiza.com\/ca\/wp-json\/wp\/v2\/types\/page"}],"author":[{"embeddable":true,"href":"https:\/\/soloibiza.com\/ca\/wp-json\/wp\/v2\/users\/1"}],"replies":[{"embeddable":true,"href":"https:\/\/soloibiza.com\/ca\/wp-json\/wp\/v2\/comments?post=51931"}],"version-history":[{"count":0,"href":"https:\/\/soloibiza.com\/ca\/wp-json\/wp\/v2\/pages\/51931\/revisions"}],"wp:attachment":[{"href":"https:\/\/soloibiza.com\/ca\/wp-json\/wp\/v2\/media?parent=51931"}],"curies":[{"name":"wp","href":"https:\/\/api.w.org\/{rel}","templated":true}]}}