{"id":49549,"date":"2019-02-23T12:07:20","date_gmt":"2019-02-23T11:07:20","guid":{"rendered":"https:\/?page_id=49549"},"modified":"2019-02-23T12:07:20","modified_gmt":"2019-02-23T11:07:20","slug":"bus-linia-l23a-san-antonio-playa-de-benirras","status":"publish","type":"page","link":"https:\/\/soloibiza.com\/ca\/autobusos-deivissa-linies-i-horaris\/bus-linia-l23a-san-antonio-playa-de-benirras\/","title":{"rendered":"Bus l\u00ednia L23A San Antonio Playa de Benirr\u00e1s"},"content":{"rendered":"<div class=\"wpb-content-wrapper\"><p> [vc_row full_width=&#8221;stretch_row&#8221; parallax=&#8221;content-moving-fade&#8221; css=&#8221;.vc_custom_1541744452372{padding-top: 20px !important;padding-bottom: 60px !important;background-image: url(http:\/\/soloibiza.com\/wp-content\/uploads\/2018\/11\/autobuses.jpg?id=46038) !important;background-position: center;background-repeat: no-repeat;background-size: cover !important;}&#8221;] [vc_column] [vc_custom_heading text = &#8220;bus San Antonio-Playa de Benirr\u00e1s, l\u00ednia 23a&#8221; font_container = &#8220;tag:H1 | text_align: centre | color:#ffffff&#8221; use_theme_fonts=&#8221;yes&#8221;] [\/vc_column] [\/vc_row] [vc_row el_class = &#8220;autobus&#8221;] [vc_column width = &#8220;2\/3&#8221;] [vc_column_text] <\/p>\n<h2 >Hora d&#8217;hivern (sense servei)<\/h2>\n<p> [\/vc_column_text] [vc_column_text] <\/p>\n<h2 >Horari d&#8217;estiu (de l&#8217; 1 de juny al 30 de setembre)<\/h2>\n<p> [\/vc_column_text] [vc_row_inner css = &#8220;.vc_custom_1541747165242 {margin-bottom: 20px !important;}&#8221;] [vc_column_inner width=&#8221;1\/2&#8243; css=&#8221;.vc_custom_1541747132513{border-top-width: 1px !important;border-right-width: 1px !important;border-bottom-width: 1px !important;border-left-width: 1px !important;border-left-color:#666666 !important; border-left-style: solid !important; border-right-color:#666666 !important; border-right-style-: solid !important; border-top-color:#666666 !important; border-top-style: Solid !important; border-Bottom-color:#666666 !important; border-Bottom-Style: solid !important;} &#8220;] [vc_column_text] <\/p>\n<h3 >San Antonio-> platja de Benirr\u00e1s<\/h3>\n<h4 style=\"text-align: center;\" >De dilluns a dissabte<\/h4>\n<p style=\"text-align: center;\" >10:45 12:30 15:45<\/p>\n<h4 style=\"text-align: center;\" >Festius i diumenges<\/h4>\n<p style=\"text-align: center;\" >10:45 12:30 15:45<\/p>\n<p> [\/vc_column_text] [\/vc_column_inner] [vc_column_inner width = &#8220;1\/2&#8221; css = &#8220;. vc _custom_1541747140633 {border-Top-width: 1px !important; border-right-width: 1px !important; border-width-bottom: 1px !important; border-right-color:#666666 !important; border-right-style: solid !important; border-Top-color:#666666 !important; border-top-style: solid !important; border-font-color:#666666 !important; border-bottom-style: solid !important;} &#8220;] [vc_column_text] <\/p>\n<h3 >Platja de Benirr\u00e1s-> Sant Antoni de Portmany<\/h3>\n<h4 style=\"text-align: center;\" >De dilluns a dissabte<\/h4>\n<p style=\"text-align: center;\" >11:15 15:00 20:45<\/p>\n<h4 style=\"text-align: center;\" >Festius i diumenges<\/h4>\n<p style=\"text-align: center;\" >11:15 15:00 20:45<\/p>\n<p> [\/vc_column_text] [\/vc_column_inner] [\/vc_row_inner] [vc_row_inner] [vc_column_inner] [vc_column_text] <\/p>\n<h3 >Ruta de la l\u00ednia San Antonio-Playa de Benirr\u00e1s<\/h3>\n<p> [\/vc_column_text] [\/vc_column_inner] [\/vc_row_inner] [vc_row_inner css=&#8221;.vc_custom_1541747312506{margin-bottom: 20px !important;border-top-width: 1px !important;border-right-width: 1px !important;border-bottom-width: 1px !important;border-left-width: 1px !important;border-left-color:#666666 ! important; border-left-style: solid !important; border-right-color:#666666 !important; border-right-style: solid !important; border-top-color:#666666 !important; border-top-style: solid !important; border-inferior-color:#666666 !important; border-Bottom-Style: solid !important;} &#8220;] [vc_column_inner width = &#8220;1\/2&#8221;] [rt_list_style] <\/p>\n<ul>\n<li >Sant Antoni<\/li>\n<li >Platja de Benirr\u00e1s<\/li>\n<\/ul>\n<p> [\/rt_list_style] [\/vc_column_inner] [vc_column_inner width = &#8220;1\/2&#8221; css = &#8220;.vc_custom_1541747270371 {border-left-width: 1px !important; border-left-color:#666666 !important; border-left solid !important;}&#8221;] [rt_list_style] <\/p>\n<ul>\n<li >Platja de Benirr\u00e1s<\/li>\n<li >Sant Antoni<\/li>\n<\/ul>\n<p> [\/rt_list_style] [\/vc_column_inner] [\/vc_row_inner] [vc_gmaps link=&#8221;#E-8_JTNDaWZyYW1lJTIwc3JjJTNEJTIyaHR0cHMlM0ElMkYlMkZ3d3cuZ29vZ2xlLmNvbSUyRm1hcHMlMkZlbWJlZCUzRnBiJTNEJTIxMW0xOCUyMTFtMTIlMjExbTMlMjExZDk5MTE0LjE1NDY4MTk4MTk2JTIxMmQxLjQ0MTc2ODY0MzQ4Mzk3NjclMjEzZDM5LjA3NjQ2ODk1MDI2OTUzJTIxMm0zJTIxMWYwJTIxMmYwJTIxM2YwJTIxM20yJTIxMWkxMDI0JTIxMmk3NjglMjE0ZjEzLjElMjEzbTMlMjExbTIlMjExczB4MTI5OTM2MWZjNmI0ZTg3NSUyNTNBMHhiNmRmZjlmMmFhODEwMjlhJTIxMnNFc3RhY2klMjVDMyUyNUIzbiUyQmRlJTJCYXV0b2J1c2VzJTJCU2FuJTJCQW50b25pbyUyMTVlMCUyMTNtMiUyMTFzZXMlMjEyc2VzJTIxNHYxNTQxOTIzMjM0NTA0JTIyJTIwd2lkdGglM0QlMjI2MDAlMjIlMjBoZWlnaHQlM0QlMjI0NTAlMjIlMjBmcmFtZWJvcmRlciUzRCUyMjAlMjIlMjBzdHlsZSUzRCUyMmJvcmRlciUzQTAlMjIlMjBhbGxvd2Z1bGxzY3JlZW4lM0UlM0MlMkZpZnJhbWUlM0U=&#8221;] [vc_column_text] <\/p>\n<h2 >M\u00e9s l\u00ednies d&#8217;autob\u00fas Eivissa<\/h2>\n<p> Si necessita utilitzar el servei d&#8217;autob\u00fas haur\u00e0 de dominar les m\u00faltiples opcions que t\u00e9 a la nostra disposici\u00f3. Si ens estructurem per localitats els serveis que tenim al nucli d&#8217;Eivissa els serveis b\u00e0sics d&#8217;autob\u00fas com la <a href=\"https:\/autobuses-de-ibiza-lineas-y-horarios\/autobus-ibiza-hospital-can-misses-linea-h\/\">l\u00ednia H Eivissa-> Hospital<\/a>, la <a href=\"https:\/autobuses-de-ibiza-lineas-y-horarios\/autobuses-linea-l10-ibiza-aeropuerto\/\">l\u00ednia L10 Eivissa-> &#8216;aeroport<\/a> d&#8217;Eivissa i\/o l&#8217; <a href=\"https:\/autobuses-de-ibiza-lineas-y-horarios\/autobus-linea-12a-ibiza-hospital-can-misses-puig-den-valls-jesus-talamanca-marina-botafoch-puerto\/\">Hospital L12A eivissa es pot faltar-> Puig D&#8217;en valls-> Jes\u00fas-> Talamanca-> Marina Botafoch Puerto de Eivissa-> Eivissa ciutat<\/a>. Si vas a necessitar viatjar a altres municipis, sortir d&#8217;Eivissa haur\u00e0s de viatjar en les connexions L3 de Sant <a href=\"https:\/autobuses-de-ibiza-lineas-y-horarios\/autobus-linea-3-san-antonio-san-rafael-ibiza\/\">Antoni-> Sant Rafel<\/a> d&#8217;Eivissa i <a href=\"https:\/autobuses-de-ibiza-lineas-y-horarios\/autobuses-linea-8-sant-antoni-sant-josep-ibiza\/\">L8 Sant Antoni Sant Josep de Sa Talaia-> Eivissa<\/a> cap a l&#8217;oest. Si ens anem cap al sud tenim la <a href=\"https:\/autobuses-de-ibiza-lineas-y-horarios\/autobus-linea-l25-ibiza-santa-gertrudis-san-miguel\/\">l\u00ednia L25 Eivissa-> Santa Gertrudis Sant Miquel de Balansat<\/a> per a aquells que vulguin gaudir d&#8217;una platja des d&#8217;Eivissa podem utilitzar la <a href=\"https:\/autobuses-de-ibiza-lineas-y-horarios\/autobus-linea-l12b-ibiza-puerto-marina-botafoch-puerto-ferrys-talamanca-cap-martinet-jesus\/\" >l\u00ednia L12B Eivissa-> port d&#8217;Eivissa Marina botafoch-> Talamanca-> cap Martinet Jes\u00fas <\/a>, <a href=\"https:\/autobuses-de-ibiza-lineas-y-horarios\/autobus-l13-ibiza-santa-eulalia\/\">L13 Eivissa Santa Eulalia <\/a>, <a href=\"https:\/autobuses-de-ibiza-lineas-y-horarios\/autobus-linea-33-san-mateo-ibiza\/\">L33 Sant Mateu &#8211; > ciutat d&#8217;Eivissa<\/a> i <a href=\"https:\/autobuses-de-ibiza-lineas-y-horarios\/autobus-linea-l35-ibiza-can-misses-sa-carroca-san-jorge\/\">L35 Eivissa ciutat Hospital Can Misses &#8211; > Sa Carroca &#8211; > Sant Jordi<\/a>. L\u00ednies d&#8217;autobusos que van a les platges de la ciutat d&#8217;Eivissa s\u00f3n <a href=\"https:\/autobuses-de-ibiza-lineas-y-horarios\/autobuses-linea-l11-ibiza-sant-jordi-ses-salines\/\">l\u00ednia L11 Eivissa Sant Jordi &#8211; > Ses Salines<\/a> i <a href=\"https:\/autobuses-de-ibiza-lineas-y-horarios\/autobuses-linea-l11b-ibiza-playa-den-bossa-ses-salines\/\">L11B Eivissa ciutat &#8211; > Playa d&#8217; Bossa &#8211; > Las Salinas<\/a> o <a href=\"https:\/autobuses-de-ibiza-lineas-y-horarios\/bus-l14-eivissa-platja-den-bossa\/\">L14 Ibiza Playa d&#8217; Bossa<\/a>. Si vost\u00e8 decideix a les platges del nord amb servei d&#8217;Eivissa ser\u00e0 <a href=\"https:\/autobuses-de-ibiza-lineas-y-horarios\/autobus-linea-l15-ibiza-jesus-cala-llonga\/\">ciutat d&#8217;Eivissa L15 l\u00ednia Jes\u00fas &#8211; > Cala Llonga <\/a>, <a href=\"https:\/autobuses-de-ibiza-lineas-y-horarios\/autobus-linea-20a-ibiza-san-lorenzo-san-juan-portinatx\/\">l\u00ednia L20A Eivissa Sant Lloren\u00e7 &#8211; > Sant Joan de Labritja Portinatx<\/a>, <a href=\"https:\/autobuses-de-ibiza-lineas-y-horarios\/autobus-linea-l23-ibiza-benirras\/\">L\u00ednia L23 Eivissa Benirr\u00e0s <\/a>i <a href=\"https:\/autobuses-de-ibiza-lineas-y-horarios\/autobus-linea-l25a-ibiza-puerto-de-san-miguel\/\">L25A Ciutat d&#8217;Eivissa &#8211; > port de Sant Miquel<\/a> per dins la ciutat rutes que recorren el centre ser\u00e0 <a href=\"https:\/autobuses-de-ibiza-lineas-y-horarios\/autobus-linea-l45-vara-de-rey-dalt-vila-can-misses-casas-baratas-cas-serres\/\">l\u00ednia L45 Vara de Rey Dalt Vila es perd casos Barates Cas Serres<\/a> i l\u00ednia <a href=\"https:\/autobuses-de-ibiza-lineas-y-horarios\/autobus-linea-l50-parking-es-dominguet-parking-es-gorg-puerto-de-ibiza-bartolome-rosello-es-raspallar-puig-den-valls-solivera\/\">L50 aparcament \u00e9s Dominguets (GESA) &#8211; > aparcament Gorg Port d&#8217;Eivissa &#8211; > Bartolome Rossell\u00f3 &#8211; > Raspallar \u00e9s Puig D&#8217; en Valls &#8211; > S\u00b4Olivera<\/a> <\/p>\n<h3 >Els autobusos de Sant Antoni de Portmany<\/h3>\n<p> Les l\u00ednies que surten de Sant Antoni es destinaran principalment a Eivissa i <a href=\"https:\/autobuses-de-ibiza-lineas-y-horarios\/autobuses-linea-9-san-antonio-san-jose-aeropuerto\/\">l\u00ednia L9 Sant Antoni-> Aeroport San Jos\u00e9 d&#8217;Eivissa<\/a>. Si anem a altres localitats tenim la <a href=\"https:\/autobuses-de-ibiza-lineas-y-horarios\/autobus-linea-19-santa-eulalia-san-antonio\/\">l\u00ednia L19 Santa Eul\u00e0lia del riu-> Sant Antoni<\/a>, <a href=\"https:\/autobuses-de-ibiza-lineas-y-horarios\/autobus-linea-l30-san-antonio-santa-ines-ibiza\/\">l\u00ednia L30 Sant Antoni Santa In\u00e9s-> Eivissa ciutat<\/a> i <a href=\"https:\/autobuses-de-ibiza-lineas-y-horarios\/autobuses-linea-3-1-can-bonet-ses-paises-san-antonio-can-coix\/\">l\u00ednia L 3,1 Can Bonet Ses paises Sant Antoni pot coix<\/a>. Per descobrir les pr\u00f2ximes cales podrem utilitzar la <a href=\"https:\/autobuses-de-ibiza-lineas-y-horarios\/autobus-linea-1-san-antonio-cala-gracio-stella-maris\/\">l\u00ednia 1 de Sant Antoni-> Cala Graci\u00f3-> Stella Maris<\/a>, <a href=\"https:\/autobuses-de-ibiza-lineas-y-horarios\/autobus-linea-2-san-antonio-port-des-torrent\/\">l\u00ednia L2 de Sant Antoni Port des Torrent <\/a>i <a href=\"https:\/autobuses-de-ibiza-lineas-y-horarios\/autobus-linea-l34-san-antonio-cala-salada\/\">L34 Sant Antoni de Cala salada<\/a>. Si optem per les cales d&#8217;altres destins podem utilitzar els autobusos a la l\u00ednia L4, Sant Antoni <a href=\"https:\/autobuses-de-ibiza-lineas-y-horarios\/autobuses-linea-l4-san-antonio-cala-de-comte\/\">Calas de compte <\/a>, <a href=\"https:\/autobuses-de-ibiza-lineas-y-horarios\/autobuses-linea-5-sant-antoni-cala-tarida\/\">L5 Sant Antoni Cala Tarida<\/a> o <a href=\"https:\/autobuses-de-ibiza-lineas-y-horarios\/autobuses-linea-7-san-antonio-cala-bassa\/\">L7 la l\u00ednia de Cala Bassa Sant Antoni<\/a>. Al nord tenim <a href=\"https:\/autobuses-de-ibiza-lineas-y-horarios\/autobus-linea-22-san-antonio-puerto-de-san-miguel\/\">L22 Sant Antoni-> port de Sant Miquel <\/a>i <a href=\"https:\/autobuses-de-ibiza-lineas-y-horarios\/autobus-linea-l23a-san-antonio-playa-de-benirras\/\">L23A Sant Antoni Playa Benirr\u00e1s<\/a>. <\/p>\n<h3 >Les rutes de Santa Eul\u00e0ria<\/h3>\n<p> A Santa Eul\u00e0ria des Riu tenim alternatives a altres llocs com la <a href=\"https:\/autobuses-de-ibiza-lineas-y-horarios\/autobus-linea-16-santa-eulalia-san-carlos\/\">l\u00ednia L16 Santa Eulalia Sant Carles <\/a>, <a href=\"https:\/autobuses-de-ibiza-lineas-y-horarios\/autobus-l17-santa-eulalia-urbanizacion-siesta\/\">L17 Santa Eulalia-> urbanitzaci\u00f3 Siesta <\/a>i <a href=\"https:\/autobuses-de-ibiza-lineas-y-horarios\/autobus-linea-l24-cala-nova-es-canar-santa-eulalia-aeropuerto\/\">L24 Cala nova es Canar-> de santa Eul\u00e0ria del riu-><\/a>l&#8217;aeroport. Cap a les platges, <a href=\"https:\/autobuses-de-ibiza-lineas-y-horarios\/autobus-linea-16a-santa-eulalia-san-carlos-cala-llenya\/\">L16A Santa Eulalia del R\u00edo-> San Carlos Cala Llenya<\/a>, <a href=\"https:\/autobuses-de-ibiza-lineas-y-horarios\/autobus-linea-16c-santa-eulalia-las-dalias-san-carlos-es-figueral-cala-san-vicente\/\">L16C Santa Eul\u00e0ria Las Dalias Sant Carles de Peralta es Figueral a Cala Sant Vicen\u00e7<\/a> i <a href=\"https:\/autobuses-de-ibiza-lineas-y-horarios\/autobus-linea-23b-santa-eulalia-playa-de-benirras\/\">l\u00ednia L23B Santa Eul\u00e0ria des Riu Playa Benirr\u00e1s <\/a>en direcci\u00f3 a San Juan. A m\u00e9s els autobusos a <a href=\"https:\/autobuses-de-ibiza-lineas-y-horarios\/autobus-linea-18b-santa-eulalia-sargamassa-cala-martina-es-canar-cala-nova\/\">L18B Santa Eul\u00e0ria s&#8217;Argamassa la Martina-> \u00e9s Canar Cala nova <\/a>, <a href=\"https:\/autobuses-de-ibiza-lineas-y-horarios\/autobus-linea-18a-santa-eulalia-es-canar\/\">L18A Santa Eul\u00e0ria des Riu es Canar <\/a>, <a href=\"https:\/autobuses-de-ibiza-lineas-y-horarios\/autobus-linea-l21-santa-eulalia-san-juan-portinatx\/\">L21 Santa Eul\u00e0ria-> Sant Joan de Labritja-> Portinatx<\/a> i la <a href=\"https:\/autobuses-de-ibiza-lineas-y-horarios\/autobus-linea-l41-santa-eulalia-cala-llonga\/\">l\u00ednia L41 Santa Eul\u00e0lia Cala Llonga<\/a> la. <\/p>\n<h3 >Altres l\u00ednies a l&#8217;illa d&#8217;Eivissa<\/h3>\n<p> Algunes alternatives connecten punts d&#8217;animaci\u00f3 com la <a href=\"https:\/autobuses-de-ibiza-lineas-y-horarios\/autobus-linea-l36-aeropuerto-playa-den-bossa\/\">l\u00ednia L36 &#8216;aeroport-> platja<\/a>d&#8217;en Bossa, <a href=\"https:\/autobuses-de-ibiza-lineas-y-horarios\/autobus-linea-37-puerto-de-san-miguel-es-canar\/\">l\u00ednia L37 port de San Miguel es Canar <\/a>o <a href=\"https:\/autobuses-de-ibiza-lineas-y-horarios\/autobus-linea-l26-san-jose-cala-vadella\/\">l\u00ednia L26 Sant Josep de sa Talaia-> Cala vedella<\/a>. Altres uneixen pobles i platges de la costa com <a href=\"https:\/autobuses-de-ibiza-lineas-y-horarios\/autobus-linea-l20b-san-juan-cala-san-vicente\/\">L20B Sant Joan-> Cala de Sant Vicent <\/a>, <a href=\"https:\/autobuses-de-ibiza-lineas-y-horarios\/autobus-linea-l23c-portinatx-san-juan-playa-de-benirras\/\">l\u00ednia L23C Portinatx-> Sant Joan platja de benirras <\/a>, <a href=\"https:\/autobuses-de-ibiza-lineas-y-horarios\/autobus-linea-l23p-benirras-playa-de-benirras\/\">L23P benirras (aparcament) la platja de Benirr\u00e1s <\/a>o <a href=\"https:\/autobuses-de-ibiza-lineas-y-horarios\/autobus-linea-l42-es-cubells-san-jose\/\">l\u00ednia L42 \u00e9s Cubells-> Sant Josep de Sa Talaia<\/a>. <\/p>\n<h3 >Connexions nocturnes: bus disco<\/h3>\n<p> Durant la temporada disco podr\u00e0s tenir opcions addicionals que et portar\u00e0 als llocs m\u00e9s concorreguts. Aquestes alternatives seran les <a href=\"https:\/autobuses-de-ibiza-lineas-y-horarios\/autobus-linea-l3-disco-bus-san-antonio-privilege-amnesia-pacha-puerto-de-ibiza\/\">l\u00ednies L3 de Discobus San Antonio-> Privilege-> Amnesia Pacha port d&#8217;Eivissa<\/a>, <a href=\"https:\/autobuses-de-ibiza-lineas-y-horarios\/autobus-linea-l3b-disco-bus-san-antonio-playa-den-bossa-ushuaia\/\">L3B Discobus Sant Antoni platja d&#8217;en Bossa (USHUAIA-> h\u00ef)<\/a>, <a href=\"https:\/autobuses-de-ibiza-lineas-y-horarios\/autobus-linea-l13-18-discobus-puerto-de-ibiza-santa-eulalia-es-canar\/\" >L13-> 18 disco bus port d&#8217;Eivissa Santa Eul\u00e0ria-> es Canar <\/a>i <a href=\"https:\/autobuses-de-ibiza-lineas-y-horarios\/autobus-linea-l14-discobus-pacha-puerto-de-ibiza-playa-den-bossa-ushuaia\/\">L14 Discobus Pasha-> Puerto de Ibiza platja d&#8217;en Bossa Ushuaia-> h\u00ef<\/a>[\/vc_column_text] [\/vc_column] [vc_column width = &#8220;1\/3&#8221;] [vc_single_image image = &#8220;46038&#8221; img_size = &#8220;full&#8221;] [vc_column_text] <\/p>\n<h2 >Empresa concession\u00e0ria San Antonio Playa de Benirr\u00e1s<\/h2>\n<p> Autocars empreses H.F. Vil\u00e1s S.A. <a href=\"tel:971317306\">971 317 306<\/a> [\/vc_column_text] [vc_column_text] els horaris fixats per al <strong>23a platja de Sant Antoni Benirr\u00e1s<\/strong> tenen una finalitat informativa. <a href=\"https:\/\">nom\u00e9s Eivissa<\/a> no es responsabilitza de qualsevol dany o perjudici causat per la l\u00ednia o la informaci\u00f3 mostrada aqu\u00ed. [\/vc_column_text] [\/vc_column] [\/vc_row] [vc_row full_width = &#8220;stretch_row&#8221; css = &#8220;.vc_custom_1541747335413 {background-color:#0000ff !important;}&#8221;] [vc_column] [vc_column_text css_animation = &#8220;FadeIn&#8221; El_class = &#8220;. Size24&#8221;] <\/p>\n<p class=\"size24\" style=\"text-align: center;\"><span style=\"color:#ffffff;\">la secci\u00f3 d&#8217;autobusos de Sant Antoni Playa de Benirr\u00e1s est\u00e0 patrocinada per<\/span> <a href=\"https:\/\/disenowebibiza.soloibiza.com\/\"> <span style=\"color:#ffffff;\">Disseny web i programaci\u00f3 Eivissa<\/span> <\/a><\/p>\n<p> [\/vc_column_text] [\/vc_column] [\/vc_row] <\/p>\n<\/div>","protected":false},"excerpt":{"rendered":"<p>[vc_row full_width=&#8221;stretch_row&#8221; parallax=&#8221;content-moving-fade&#8221; css=&#8221;.vc_custom_1541744452372{padding-top: 20px !important;padding-bottom: 60px !important;background-image: url(http:\/\/soloibiza.com\/wp-content\/uploads\/2018\/11\/autobuses.jpg?id=46038) !important;background-position: center;background-repeat: no-repeat;background-size: cover !important;}&#8221;] [vc_column] [vc_custom_heading text = &#8220;bus San Antonio-Playa de Benirr\u00e1s, l\u00ednia 23a&#8221; font_container = &#8220;tag:H1 | text_align: centre | color:#ffffff&#8221; use_theme_fonts=&#8221;yes&#8221;] [\/vc_column] [\/vc_row] [vc_row el_class = &#8220;autobus&#8221;] [vc_column width = &#8220;2\/3&#8221;] [vc_column_text] Hora d&#8217;hivern (sense servei) [\/vc_column_text] [vc_column_text] Horari d&#8217;estiu (de l&#8217; [&hellip;]<\/p>\n","protected":false},"author":1,"featured_media":0,"parent":49270,"menu_order":0,"comment_status":"closed","ping_status":"closed","template":"","meta":{"_acf_changed":false,"footnotes":""},"class_list":["post-49549","page","type-page","status-publish","hentry"],"acf":[],"_links":{"self":[{"href":"https:\/\/soloibiza.com\/ca\/wp-json\/wp\/v2\/pages\/49549","targetHints":{"allow":["GET"]}}],"collection":[{"href":"https:\/\/soloibiza.com\/ca\/wp-json\/wp\/v2\/pages"}],"about":[{"href":"https:\/\/soloibiza.com\/ca\/wp-json\/wp\/v2\/types\/page"}],"author":[{"embeddable":true,"href":"https:\/\/soloibiza.com\/ca\/wp-json\/wp\/v2\/users\/1"}],"replies":[{"embeddable":true,"href":"https:\/\/soloibiza.com\/ca\/wp-json\/wp\/v2\/comments?post=49549"}],"version-history":[{"count":0,"href":"https:\/\/soloibiza.com\/ca\/wp-json\/wp\/v2\/pages\/49549\/revisions"}],"up":[{"embeddable":true,"href":"https:\/\/soloibiza.com\/ca\/wp-json\/wp\/v2\/pages\/49270"}],"wp:attachment":[{"href":"https:\/\/soloibiza.com\/ca\/wp-json\/wp\/v2\/media?parent=49549"}],"curies":[{"name":"wp","href":"https:\/\/api.w.org\/{rel}","templated":true}]}}