{"id":49539,"date":"2019-02-23T12:02:58","date_gmt":"2019-02-23T11:02:58","guid":{"rendered":"https:\/?page_id=49539"},"modified":"2019-02-23T12:02:58","modified_gmt":"2019-02-23T11:02:58","slug":"linia-dautobus-l14-discobus-pacha-puerto-de-ibiza-platja-den-bossa-ushuaia","status":"publish","type":"page","link":"https:\/\/soloibiza.com\/ca\/autobusos-deivissa-linies-i-horaris\/linia-dautobus-l14-discobus-pacha-puerto-de-ibiza-platja-den-bossa-ushuaia\/","title":{"rendered":"L\u00ednia d&#8217;autob\u00fas L14 Discobus Pacha Puerto de Ibiza platja d&#8217;en Bossa Ushuaia"},"content":{"rendered":"<div class=\"wpb-content-wrapper\"><p> [vc_row full_width=&#8221;stretch_row&#8221; parallax=&#8221;content-moving-fade&#8221; css=&#8221;.vc_custom_1541744452372{padding-top: 20px !important;padding-bottom: 60px !important;background-image: url(http:\/\/soloibiza.com\/wp-content\/uploads\/2018\/11\/autobuses.jpg?id=46038) !important;background-position: center;background-repeat: no-repeat;background-size: cover !important;}&#8221;] [vc_column] [vc_custom_heading text = &#8220;Pacha bus-Puerto de Ibiza-platja d&#8217;en Bossa-Ushuaia, l\u00ednea L14&#8221; font_container = &#8220;tag:H1 | text_align: centre | color:#ffffff&#8221; use_theme_fonts=&#8221;yes&#8221;] [\/vc_column] [\/vc_row] [vc_row el_class = &#8220;autobus&#8221;] [vc_column width = &#8220;2\/3&#8221;] [vc_column_text] <\/p>\n<h2 >Hora d&#8217;hivern (sense servei)<\/h2>\n<p> [\/vc_column_text] [vc_column_text] <\/p>\n<h2 >Horari d&#8217;estiu (de l&#8217; 1 de juny al 30 de setembre)<\/h2>\n<p> [\/vc_column_text] [vc_row_inner css = &#8220;.vc_custom_1541747165242 {margin-bottom: 20px !important;}&#8221;] [vc_column_inner width=&#8221;1\/2&#8243; css=&#8221;.vc_custom_1541747132513{border-top-width: 1px !important;border-right-width: 1px !important;border-bottom-width: 1px !important;border-left-width: 1px !important;border-left-color:#666666 !important; border-left-style: solid !important; border-right-color:#666666 !important; border-right-style-: solid !important; border-top-color:#666666 !important; border-top-style: Solid !important; border-Bottom-color:#666666 !important; border-Bottom-Style: solid !important;} &#8220;] [vc_column_text] <\/p>\n<h3 >Pacha-> Ushuaia<\/h3>\n<h4 style=\"text-align: center;\" >Tots els dies<\/h4>\n<p style=\"text-align: center;\" >0:00 0:30 1:00 1:30 2:00 2:30 3:00 3:30 4:30 5:00 5:30 6:00<\/p>\n<p> [\/vc_column_text] [\/vc_column_inner] [vc_column_inner width = &#8220;1\/2&#8221; css = &#8220;. vc _custom_1541747140633 {border-Top-width: 1px !important; border-right-width: 1px !important; border-width-bottom: 1px !important; border-right-color:#666666 !important; border-right-style: solid !important; border-Top-color:#666666 !important; border-top-style: solid !important; border-font-color:#666666 !important; border-bottom-style: solid !important;} &#8220;] [vc_column_text] <\/p>\n<h3 >Ushuaia-> Pacha<\/h3>\n<h4 style=\"text-align: center;\" >Tots els dies<\/h4>\n<p style=\"text-align: center;\" >0:00 0:30 1:00 1:30 2:00 2:30 3:00 3:30 4:30 5:00 5:30 6:00<\/p>\n<p> [\/vc_column_text] [\/vc_column_inner] [\/vc_row_inner] [vc_row_inner] [vc_column_inner] [vc_column_text] <\/p>\n<h3 >Ruta de la l\u00ednia Pacha-port d&#8217;Eivissa-platja d&#8217;en Bossa-Ushuaia<\/h3>\n<p> [\/vc_column_text] [\/vc_column_inner] [\/vc_row_inner] [vc_row_inner css=&#8221;.vc_custom_1541747312506{margin-bottom: 20px !important;border-top-width: 1px !important;border-right-width: 1px !important;border-bottom-width: 1px !important;border-left-width: 1px !important;border-left-color:#666666 ! important; border-left-style: solid !important; border-right-color:#666666 !important; border-right-style: solid !important; border-top-color:#666666 !important; border-top-style: solid !important; border-inferior-color:#666666 !important; border-Bottom-Style: solid !important;} &#8220;] [vc_column_inner width = &#8220;1\/2&#8221;] [rt_list_style] <\/p>\n<ul>\n<li >Pacha<\/li>\n<li >Port d&#8217;Eivissa<\/li>\n<li >Figueretes<\/li>\n<li >Es Viver (Apartamentos Lido)<\/li>\n<li >Malacosta<\/li>\n<li >Hotel la Goleta<\/li>\n<li >El Hotel Mare Nostrum<\/li>\n<li >Hotel l&#8217;Algarb<\/li>\n<li >La barra de Xumeu<\/li>\n<li >\u00c9s daus<\/li>\n<li >Bora Bora-Tantra (D \u0301En bossa Beach)<\/li>\n<li >Hotel Ushuaia-H\u00ef<\/li>\n<li >Bahames Hotel<\/li>\n<li >Palau Paladium<\/li>\n<li >Platja d&#8217;en Bossa<\/li>\n<\/ul>\n<p> [\/rt_list_style] [\/vc_column_inner] [vc_column_inner width = &#8220;1\/2&#8221; css = &#8220;.vc_custom_1541747270371 {border-left-width: 1px !important; border-left-color:#666666 !important; border-left solid !important;}&#8221;] [rt_list_style] <\/p>\n<ul>\n<li >Platja d&#8217;en Bossa<\/li>\n<li >Palau Paladium<\/li>\n<li >Bahames Hotel<\/li>\n<li >Hotel Ushuaia-H\u00ef<\/li>\n<li >Bora Bora-Tantra (D \u0301En bossa Beach)<\/li>\n<li >\u00c9s daus<\/li>\n<li >La barra de Xumeu<\/li>\n<li >Hotel l&#8217;Algarb<\/li>\n<li >El Hotel Mare Nostrum<\/li>\n<li >Hotel la Goleta<\/li>\n<li >Malacosta<\/li>\n<li >Es Viver (Apartamentos Lido)<\/li>\n<li >Figueretes<\/li>\n<li >Pacha<\/li>\n<li >Port d&#8217;Eivissa<\/li>\n<\/ul>\n<p> [\/rt_list_style] [\/vc_column_inner] [\/vc_row_inner] [vc_gmaps link=&#8221;#E-8_JTNDaWZyYW1lJTIwc3JjJTNEJTIyaHR0cHMlM0ElMkYlMkZ3d3cuZ29vZ2xlLmNvbSUyRm1hcHMlMkZlbWJlZCUzRnBiJTNEJTIxMW0xOCUyMTFtMTIlMjExbTMlMjExZDQ0MDEuNzE3MDgzMzE1MjklMjEyZDEuNDQwOTU0MTE1ODYyNzE0OCUyMTNkMzguOTE4NDYzMDUzMzA2MzUlMjEybTMlMjExZjAlMjEyZjAlMjEzZjAlMjEzbTIlMjExaTEwMjQlMjEyaTc2OCUyMTRmMTMuMSUyMTNtMyUyMTFtMiUyMTFzMHgxMjk5NDEzNTE1YTI0OTA1JTI1M0EweGY0NWFkNzBkZTFjZTVjMTElMjEyc1BhY2hhJTIxNWUxJTIxM20yJTIxMXNlcyUyMTJzZXMlMjE0djE1NDIwODY2NzU1NzglMjIlMjB3aWR0aCUzRCUyMjYwMCUyMiUyMGhlaWdodCUzRCUyMjQ1MCUyMiUyMGZyYW1lYm9yZGVyJTNEJTIyMCUyMiUyMHN0eWxlJTNEJTIyYm9yZGVyJTNBMCUyMiUyMGFsbG93ZnVsbHNjcmVlbiUzRSUzQyUyRmlmcmFtZSUzRQ==&#8221;] [vc_column_text] <\/p>\n<h2 >M\u00e9s autobusos de l&#8217;illa d&#8217;Eivissa<\/h2>\n<p> Si voleu despla\u00e7ar-vos amb les l\u00ednies d&#8217;autob\u00fas haureu de con\u00e8ixer les diferents opcions. Si ens reunim per zones tur\u00edstiques les l\u00ednies que disposarem a la capital d&#8217;Eivissa els serveis b\u00e0sics d&#8217;autob\u00fas com la <a href=\"https:\/autobuses-de-ibiza-lineas-y-horarios\/autobus-ibiza-hospital-can-misses-linea-h\/\">l\u00ednia H Ibiza poden faltar<\/a>, <a href=\"https:\/autobuses-de-ibiza-lineas-y-horarios\/autobuses-linea-l10-ibiza-aeropuerto\/\">L10 &#8216;aeroport d&#8217;<\/a> Eivissa o <a href=\"https:\/autobuses-de-ibiza-lineas-y-horarios\/autobus-linea-12a-ibiza-hospital-can-misses-puig-den-valls-jesus-talamanca-marina-botafoch-puerto\/\">l\u00ednia L12A Eivissa pot faltar-> Puig d&#8217;en valls Jes\u00fas-> platja de Port esportiu de Talamanca-> d&#8217;Eivissa-> d&#8217;Eivissa<\/a>. Si vols arribar a altres indrets, a partir d&#8217;Eivissa ho has de fer a les rutes L3 de Sant <a href=\"https:\/autobuses-de-ibiza-lineas-y-horarios\/autobus-linea-3-san-antonio-san-rafael-ibiza\/\">Antoni-> Sant Rafel-> &#8216;Eivissa<\/a> o <a href=\"https:\/autobuses-de-ibiza-lineas-y-horarios\/autobuses-linea-8-sant-antoni-sant-josep-ibiza\/\">L8 l\u00ednia Sant Antoni Sant Josep Eivissa ciutat<\/a> si anem a Sant Antoni. En direcci\u00f3 a l&#8217;aeroport podem utilitzar la <a href=\"https:\/autobuses-de-ibiza-lineas-y-horarios\/autobus-linea-l25-ibiza-santa-gertrudis-san-miguel\/\">l\u00ednia L25 la ciutat d&#8217;Eivissa-> Santa Gertrudis Sant Miquel de Balansat<\/a> per a aquells que vagin a explorar una cala des d&#8217;Eivissa podem utilitzar el <a href=\"https:\/autobuses-de-ibiza-lineas-y-horarios\/autobus-linea-l12b-ibiza-puerto-marina-botafoch-puerto-ferrys-talamanca-cap-martinet-jesus\/\">port d&#8217;Eivissa L12B la ciutat de > Marina Botafoch (port Ferries) platja de Talamanca Cap Martinet Jes\u00fas<\/a>, <a href=\"https:\/autobuses-de-ibiza-lineas-y-horarios\/autobus-l13-ibiza-santa-eulalia\/\">l\u00ednia L13 Ibiza &#8211; > Santa Eulalia <\/a>, <a href=\"https:\/autobuses-de-ibiza-lineas-y-horarios\/autobus-linea-33-san-mateo-ibiza\/\">L\u00ednia L33 San Mateo Eivissa<\/a> aix\u00ed com <a href=\"https:\/autobuses-de-ibiza-lineas-y-horarios\/autobus-linea-l35-ibiza-can-misses-sa-carroca-san-jorge\/\">L35 Eivissa ciutat Hospital Can Misses &#8211; > Sa Carroca Sant Jordi<\/a>. Els autobusos que van des de cales ciutat <a href=\"https:\/autobuses-de-ibiza-lineas-y-horarios\/autobuses-linea-l11-ibiza-sant-jordi-ses-salines\/\">l\u00ednia L11 Eivissa ciutat San Jorge &#8211; > Las Salinas<\/a> i <a href=\"https:\/autobuses-de-ibiza-lineas-y-horarios\/autobuses-linea-l11b-ibiza-playa-den-bossa-ses-salines\/\">l\u00ednia L11B d&#8217;Eivissa &#8211; > D&#8217; en Bossa &#8211; > Ses Salines<\/a> o la <a href=\"https:\/autobuses-de-ibiza-lineas-y-horarios\/bus-l14-eivissa-platja-den-bossa\/\">l\u00ednia L14 Eivissa ciutat D&#8217; Bossa<\/a>. Cap al nord les cales amb rutes d&#8217;Eivissa s\u00f3n <a href=\"https:\/autobuses-de-ibiza-lineas-y-horarios\/autobus-linea-l15-ibiza-jesus-cala-llonga\/\">L15 Eivissa ciutat Jesus Cala Llonga <\/a>, <a href=\"https:\/autobuses-de-ibiza-lineas-y-horarios\/autobus-linea-20a-ibiza-san-lorenzo-san-juan-portinatx\/\">Portinatx L20A Eivissa Sant Lloren\u00e7 Sant Joan de Labritja<\/a>, <a href=\"https:\/autobuses-de-ibiza-lineas-y-horarios\/autobus-linea-l23-ibiza-benirras\/\">L23 Ibiza &#8211; > Benirr\u00e0s <\/a>i <a href=\"https:\/autobuses-de-ibiza-lineas-y-horarios\/autobus-linea-l25a-ibiza-puerto-de-san-miguel\/\">L25A Eivissa Port de Sant Miquel<\/a> per dins de la ciutat les l\u00ednies que discorren pel centre de la ciutat ser\u00e0 <a href=\"https:\/autobuses-de-ibiza-lineas-y-horarios\/autobus-linea-l45-vara-de-rey-dalt-vila-can-misses-casas-baratas-cas-serres\/\">l\u00ednia L45 Vara de Rey &#8211; > Dalt Vila &#8211; > Can Misses &#8211; > cases barats Cas Serres<\/a> i <a href=\"https:\/autobuses-de-ibiza-lineas-y-horarios\/autobus-linea-l50-parking-es-dominguet-parking-es-gorg-puerto-de-ibiza-bartolome-rosello-es-raspallar-puig-den-valls-solivera\/\">L50 aparcament \u00e9s Dominguets aparcament \u00e9s Gorg &#8211; > Puerto de Eivissa Bartomeu Rossell\u00f3 &#8211; > \u00e9s Raspallar &#8211; > Puig D&#8217; en Valls &#8211; > S\u00b4Olivera<\/a> <\/p>\n<h3 >Els autobusos de Sant Antoni<\/h3>\n<p> Les l\u00ednies de Sant Antoni es destinaran amb prioritat a Eivissa i a la <a href=\"https:\/autobuses-de-ibiza-lineas-y-horarios\/autobuses-linea-9-san-antonio-san-jose-aeropuerto\/\">L9 de Sant Antoni-> Sant Josep-> &#8216;aeroport<\/a>. En direcci\u00f3 a altres espais podem utilitzar <a href=\"https:\/autobuses-de-ibiza-lineas-y-horarios\/autobus-linea-19-santa-eulalia-san-antonio\/\">L19 Santa Eulalia del R\u00edo Sant Antoni<\/a>, <a href=\"https:\/autobuses-de-ibiza-lineas-y-horarios\/autobus-linea-l30-san-antonio-santa-ines-ibiza\/\">l\u00ednia L30 Sant Antoni-> Santa Agn\u00e9s Eivissa<\/a> i <a href=\"https:\/autobuses-de-ibiza-lineas-y-horarios\/autobuses-linea-3-1-can-bonet-ses-paises-san-antonio-can-coix\/\">L 3,1 Can Bonet-> Ses pa\u00efses-> Sant Antoni Can coix (piscina)<\/a>. Per explorar les platges properes podem agafar <a href=\"https:\/autobuses-de-ibiza-lineas-y-horarios\/autobus-linea-1-san-antonio-cala-gracio-stella-maris\/\">Sant Antoni-> Stella Maris<\/a>, <a href=\"https:\/autobuses-de-ibiza-lineas-y-horarios\/autobus-linea-2-san-antonio-port-des-torrent\/\">L2 Sant Antoni Port des Torrent <\/a>i <a href=\"https:\/autobuses-de-ibiza-lineas-y-horarios\/autobus-linea-l34-san-antonio-cala-salada\/\">L34 Sant Antoni cala Salada<\/a>. Si optem per les platges d&#8217;altres llocs podem utilitzar els autobusos fins a <a href=\"https:\/autobuses-de-ibiza-lineas-y-horarios\/autobuses-linea-l4-san-antonio-cala-de-comte\/\">L4 Sant Antoni Calas de compte <\/a>, <a href=\"https:\/autobuses-de-ibiza-lineas-y-horarios\/autobuses-linea-5-sant-antoni-cala-tarida\/\">l\u00ednia L5 sant Antoni-> Cala T\u00e1rida<\/a> o <a href=\"https:\/autobuses-de-ibiza-lineas-y-horarios\/autobuses-linea-7-san-antonio-cala-bassa\/\">L7 Sant Antoni-> Cala Bassa<\/a>. Al nord ens trobem amb <a href=\"https:\/autobuses-de-ibiza-lineas-y-horarios\/autobus-linea-22-san-antonio-puerto-de-san-miguel\/\">L22 port de Sant Antoni de Sant Miquel <\/a>i <a href=\"https:\/autobuses-de-ibiza-lineas-y-horarios\/autobus-linea-l23a-san-antonio-playa-de-benirras\/\">L23A l\u00ednia Sant Antoni Benirr\u00e1s<\/a>. <\/p>\n<h3 >Les l\u00ednies de Santa Eul\u00e0lia<\/h3>\n<p> A Santa Eul\u00e0ria des Riu tenim alternatives en direcci\u00f3 a altres llocs com <a href=\"https:\/autobuses-de-ibiza-lineas-y-horarios\/autobus-linea-16-santa-eulalia-san-carlos\/\">L16 Santa Eul\u00e0ria Sant Carles de Peralta <\/a>, <a href=\"https:\/autobuses-de-ibiza-lineas-y-horarios\/autobus-l17-santa-eulalia-urbanizacion-siesta\/\">l\u00ednia L17 Santa Eul\u00e0ria-> urbanitzaci\u00f3 la migdiada <\/a>i la <a href=\"https:\/autobuses-de-ibiza-lineas-y-horarios\/autobus-linea-l24-cala-nova-es-canar-santa-eulalia-aeropuerto\/\">l\u00ednia L24 Cala nova es Canar-> Santa Eul\u00e0lia-> Aeroport<\/a>de la Palma. En direcci\u00f3 a les platges, <a href=\"https:\/autobuses-de-ibiza-lineas-y-horarios\/autobus-linea-16a-santa-eulalia-san-carlos-cala-llenya\/\">l\u00ednia L16A Santa Eul\u00e0ria des Riu Sant Carles de Peralta Cala Llenya<\/a>, <a href=\"https:\/autobuses-de-ibiza-lineas-y-horarios\/autobus-linea-16c-santa-eulalia-las-dalias-san-carlos-es-figueral-cala-san-vicente\/\">L16C Santa Eul\u00e0lia del riu Las Dalias sant Carles-> Es Figueral-> Cala de Sant Vicent <\/a>i <a href=\"https:\/autobuses-de-ibiza-lineas-y-horarios\/autobus-linea-23b-santa-eulalia-playa-de-benirras\/\">l\u00ednia L23B Santa Eul\u00e0ria-> platja de Benirr\u00e0s<\/a> A San Juan. Tamb\u00e9 les rutes en direcci\u00f3 <a href=\"https:\/autobuses-de-ibiza-lineas-y-horarios\/autobus-linea-18b-santa-eulalia-sargamassa-cala-martina-es-canar-cala-nova\/\">L18B Santa Eulalia del R\u00edo s&#8217;Argamassa Cana Martina-> es Canar-> Cala nova <\/a>, <a href=\"https:\/autobuses-de-ibiza-lineas-y-horarios\/autobus-linea-18a-santa-eulalia-es-canar\/\">L18A Santa Eulalia del R\u00edo es Canar <\/a>, <a href=\"https:\/autobuses-de-ibiza-lineas-y-horarios\/autobus-linea-l21-santa-eulalia-san-juan-portinatx\/\">l\u00ednia L21 Santa Eul\u00e0ria des Riu Sant Joan de Labritja-> Portinatx<\/a> i <a href=\"https:\/autobuses-de-ibiza-lineas-y-horarios\/autobus-linea-l41-santa-eulalia-cala-llonga\/\">L41 Santa Eulalia-> Cala Llonga<\/a>. <\/p>\n<h3 >Altres connexions a Eivissa<\/h3>\n<p> Diverses opcions connecten nuclis urbans freq\u00fcentats com la <a href=\"https:\/autobuses-de-ibiza-lineas-y-horarios\/autobus-linea-l36-aeropuerto-playa-den-bossa\/\">l\u00ednia L36 &#8216;aeroport de platja<\/a>d&#8217;en Bossa, <a href=\"https:\/autobuses-de-ibiza-lineas-y-horarios\/autobus-linea-37-puerto-de-san-miguel-es-canar\/\">l\u00ednia L37 port de Sant Miquel es Canar <\/a>o <a href=\"https:\/autobuses-de-ibiza-lineas-y-horarios\/autobus-linea-l26-san-jose-cala-vadella\/\">l\u00ednia L26 Sant Josep de Cala vedella<\/a>. Altres vinculen els municipis i comarques de la costa com la <a href=\"https:\/autobuses-de-ibiza-lineas-y-horarios\/autobus-linea-l20b-san-juan-cala-san-vicente\/\">l\u00ednia L20B San Juan Cala Sant Vicent<\/a>, <a href=\"https:\/autobuses-de-ibiza-lineas-y-horarios\/autobus-linea-l23c-portinatx-san-juan-playa-de-benirras\/\">l\u00ednea L23C Portinatx Sant Joan de Labritja-> Playa benirras <\/a>, <a href=\"https:\/autobuses-de-ibiza-lineas-y-horarios\/autobus-linea-l23p-benirras-playa-de-benirras\/\">L23P benirr\u00e1s-> Playa Benirras <\/a>o <a href=\"https:\/autobuses-de-ibiza-lineas-y-horarios\/autobus-linea-l42-es-cubells-san-jose\/\">l\u00ednea L42 es Cubells-> Sant Josep De sa Talaia<\/a>. <\/p>\n<h3 >Les connexions de bus l\u00fadic de les discoteques: Discobus<\/h3>\n<p> A l&#8217;estiu podreu gaudir de connexions addicionals que us permetran accedir a les poblacions tur\u00edstiques m\u00e9s concorregudes. Aquestes opcions seran la <a href=\"https:\/autobuses-de-ibiza-lineas-y-horarios\/autobus-linea-l3-disco-bus-san-antonio-privilege-amnesia-pacha-puerto-de-ibiza\/\">l\u00ednia L3 disco bus San Antonio Privilege-> Amnesia-> Pacha port d&#8217;Eivissa<\/a>, <a href=\"https:\/autobuses-de-ibiza-lineas-y-horarios\/autobus-linea-l3b-disco-bus-san-antonio-playa-den-bossa-ushuaia\/\">l\u00ednia L3B Discobus Sant Antoni platja d&#8217;en Bossa (Ushuaia h\u00ef)<\/a>, <a href=\"https:\/autobuses-de-ibiza-lineas-y-horarios\/autobus-linea-l13-18-discobus-puerto-de-ibiza-santa-eulalia-es-canar\/\">L13-> 18 Discobus Port d&#8217;Eivissa-> Santa Eulalia del Rio-> es Canar <\/a>i <a href=\"https:\/autobuses-de-ibiza-lineas-y-horarios\/autobus-linea-l14-discobus-pacha-puerto-de-ibiza-playa-den-bossa-ushuaia\/\">l\u00ednia L14 Discobus Pacha Puerto de Ibiza-> platja d&#8217;en Bossa Ushuaia-> h\u00ef<\/a>[\/vc_column_text] [\/vc_column] [vc_column width = &#8220;1\/3&#8221;] [vc_single_image image = &#8220;46038&#8221; img_size = &#8220;full&#8221;] [vc_column_text] <\/p>\n<h2 >Concessionari d&#8217;empreses Pacha Puerto de Ibiza platja d&#8217;en Bossa Ushuaia<\/h2>\n<p> Discobus <a href=\"tel:600482972\">600 482 972<\/a> [\/vc_column_text] [vc_column_text] el conjunt d&#8217;horaris de la <strong>L14 de la l\u00ednia Marina de port d&#8217;Eivissa platja d&#8217;en Bossa Ushuaia<\/strong> t\u00e9 una finalitat informativa. <a href=\"https:\/\">nom\u00e9s Eivissa<\/a> no es responsabilitza de qualsevol dany o perjudici causat per la l\u00ednia o la informaci\u00f3 mostrada aqu\u00ed. [\/vc_column_text] [\/vc_column] [\/vc_row] [vc_row full_width = &#8220;stretch_row&#8221; css = &#8220;.vc_custom_1541747335413 {background-color:#0000ff !important;}&#8221;] [vc_column] [vc_column_text css_animation = &#8220;FadeIn&#8221; El_class = &#8220;. Size24&#8221;] <\/p>\n<p class=\"size24\" style=\"text-align: center;\"><span style=\"color:#ffffff;\">la secci\u00f3 de l&#8217;autob\u00fas de Pacha port d&#8217;Eivissa platja d&#8217;en Bossa Ushuaia est\u00e0 patrocinada per<\/span> <a href=\"https:\/\/disenowebibiza.soloibiza.com\/\"> <span style=\"color:#ffffff;\">p\u00e0gines, programaci\u00f3 i disseny web Eivissa<\/span> <\/a><\/p>\n<p> [\/vc_column_text] [\/vc_column] [\/vc_row] <\/p>\n<\/div>","protected":false},"excerpt":{"rendered":"<p>[vc_row full_width=&#8221;stretch_row&#8221; parallax=&#8221;content-moving-fade&#8221; css=&#8221;.vc_custom_1541744452372{padding-top: 20px !important;padding-bottom: 60px !important;background-image: url(http:\/\/soloibiza.com\/wp-content\/uploads\/2018\/11\/autobuses.jpg?id=46038) !important;background-position: center;background-repeat: no-repeat;background-size: cover !important;}&#8221;] [vc_column] [vc_custom_heading text = &#8220;Pacha bus-Puerto de Ibiza-platja d&#8217;en Bossa-Ushuaia, l\u00ednea L14&#8221; font_container = &#8220;tag:H1 | text_align: centre | color:#ffffff&#8221; use_theme_fonts=&#8221;yes&#8221;] [\/vc_column] [\/vc_row] [vc_row el_class = &#8220;autobus&#8221;] [vc_column width = &#8220;2\/3&#8221;] [vc_column_text] Hora d&#8217;hivern (sense servei) [\/vc_column_text] [vc_column_text] Horari d&#8217;estiu (de [&hellip;]<\/p>\n","protected":false},"author":1,"featured_media":0,"parent":49270,"menu_order":0,"comment_status":"closed","ping_status":"closed","template":"","meta":{"_acf_changed":false,"footnotes":""},"class_list":["post-49539","page","type-page","status-publish","hentry"],"acf":[],"_links":{"self":[{"href":"https:\/\/soloibiza.com\/ca\/wp-json\/wp\/v2\/pages\/49539","targetHints":{"allow":["GET"]}}],"collection":[{"href":"https:\/\/soloibiza.com\/ca\/wp-json\/wp\/v2\/pages"}],"about":[{"href":"https:\/\/soloibiza.com\/ca\/wp-json\/wp\/v2\/types\/page"}],"author":[{"embeddable":true,"href":"https:\/\/soloibiza.com\/ca\/wp-json\/wp\/v2\/users\/1"}],"replies":[{"embeddable":true,"href":"https:\/\/soloibiza.com\/ca\/wp-json\/wp\/v2\/comments?post=49539"}],"version-history":[{"count":0,"href":"https:\/\/soloibiza.com\/ca\/wp-json\/wp\/v2\/pages\/49539\/revisions"}],"up":[{"embeddable":true,"href":"https:\/\/soloibiza.com\/ca\/wp-json\/wp\/v2\/pages\/49270"}],"wp:attachment":[{"href":"https:\/\/soloibiza.com\/ca\/wp-json\/wp\/v2\/media?parent=49539"}],"curies":[{"name":"wp","href":"https:\/\/api.w.org\/{rel}","templated":true}]}}