{"id":49535,"date":"2019-02-23T12:01:12","date_gmt":"2019-02-23T11:01:12","guid":{"rendered":"https:\/?page_id=49535"},"modified":"2019-02-23T12:01:12","modified_gmt":"2019-02-23T11:01:12","slug":"linia-bus-l12b-eivissa-puerto-marina-botafoch-puerto-ferries-talamanca-cap-martinet-jesus","status":"publish","type":"page","link":"https:\/\/soloibiza.com\/ca\/autobusos-deivissa-linies-i-horaris\/linia-bus-l12b-eivissa-puerto-marina-botafoch-puerto-ferries-talamanca-cap-martinet-jesus\/","title":{"rendered":"L\u00ednia bus L12b Eivissa Puerto Marina Botafoch (Puerto Ferries) Talamanca cap Martinet Jes\u00fas"},"content":{"rendered":"<div class=\"wpb-content-wrapper\"><p> [vc_row full_width=&#8221;stretch_row&#8221; parallax=&#8221;content-moving-fade&#8221; css=&#8221;.vc_custom_1541744452372{padding-top: 20px !important;padding-bottom: 60px !important;background-image: url(http:\/\/soloibiza.com\/wp-content\/uploads\/2018\/11\/autobuses.jpg?id=46038) !important;background-position: center;background-repeat: no-repeat;background-size: cover !important;}&#8221;] [vc_column] [vc_custom_heading text = &#8220;bus Eivissa port Marina Botafoch (Puerto Ferries) Talamanca cap Martinet Jes\u00fas, l\u00ednia 12B&#8221; font_container = &#8220;tag:H1 | text_align: centre | color:#ffffff&#8221; use_theme_fonts=&#8221;yes&#8221;] [\/vc_column] [\/vc_row] [vc_row el_class = &#8220;autobus&#8221;] [vc_column width = &#8220;2\/3&#8221;] [vc_column_text] <\/p>\n<h2 >Durant tot l&#8217;any<\/h2>\n<p> [\/vc_column_text] [vc_row_inner css = &#8220;.vc_custom_1541746836497 {margin-bottom: 20px !important;}&#8221;] [vc_column_inner width=&#8221;1\/2&#8243; css=&#8221;.vc_custom_1541746655506{border-top-width: 1px !important;border-right-width: 1px !important;border-bottom-width: 1px !important;border-left-width: 1px !important;border-left-color:#666666 !important; border-left-style: solid !important; border-right-color:#666666 !important; border-right-style-: solid !important; border-top-color:#666666 !important; border-top-style: Solid !important; border-Bottom-color:#666666 !important; border-Bottom-Style: solid !important;} &#8220;] [vc_column_text] <\/p>\n<h3 >Eivissa-> Jes\u00fas<\/h3>\n<h4 style=\"text-align: center;\" >De dilluns a dissabte<\/h4>\n<p style=\"text-align: center;\" >Del 7:00 al 21:00 cada hora.<\/p>\n<h4 style=\"text-align: center;\" >Festius i diumenges<\/h4>\n<p style=\"text-align: center;\" >9:00 10:00 11:00 12:00 13:00 16:00 17:00 18:00 19:00 20:00 21:00<\/p>\n<p> [\/vc_column_text] [\/vc_column_inner] [vc_column_inner width=&#8221;1\/2&#8243; css=&#8221;.vc_custom_1541747027401{border-top-width: 1px !important;border-right-width: 1px !important;border-bottom-width: 1px !important;border-right-color:#666666 !important;border-right-style: solid !important; border-Top-color:#666666 !important; border-top-style: solid !important; border-font-color:#666666 !important; border-bottom-style: solid !important;} &#8220;] [vc_column_text] <\/p>\n<h3 >Jes\u00fas-> Eivissa<\/h3>\n<h4 style=\"text-align: center;\" >De dilluns a dissabte<\/h4>\n<p style=\"text-align: center;\" >Del 7:30 al 21:30 cada hora.<\/p>\n<h4 style=\"text-align: center;\" >Festius i diumenges<\/h4>\n<p style=\"text-align: center;\" >9:30 10:30 11:30 12:30 13:30 16:30 17:30 18:30 19:30 20:30 21:30<\/p>\n<p> [\/vc_column_text] [\/vc_column_inner] [\/vc_row_inner] [vc_row_inner] [vc_column_inner] [vc_column_text] <\/p>\n<h3 >Ruta de la l\u00ednia Eivissa-port-Marina Botafoch (port Ferries)-Talamanca-cap Martinet-Jes\u00fas<\/h3>\n<p> [\/vc_column_text] [\/vc_column_inner] [\/vc_row_inner] [vc_row_inner css=&#8221;.vc_custom_1541747312506{margin-bottom: 20px !important;border-top-width: 1px !important;border-right-width: 1px !important;border-bottom-width: 1px !important;border-left-width: 1px !important;border-left-color:#666666 ! important; border-left-style: solid !important; border-right-color:#666666 !important; border-right-style: solid !important; border-top-color:#666666 !important; border-top-style: solid !important; border-inferior-color:#666666 !important; border-Bottom-Style: solid !important;} &#8220;] [vc_column_inner width = &#8220;1\/2&#8221;] [rt_list_style] <\/p>\n<ul><   \n\n<li >Eivissa ciutat-Av. Isidor Macabich<\/li>\n<li >C\/pais valenci\u00e0<\/li>\n<li >Av. Espanya (Consell Insular)<\/li>\n<li >Canya del rei<\/li>\n<li >Pacha<\/li>\n<li >Avenida 8 d&#8217;agost<\/li>\n<li >Marina Botafoch (entrada al port)<\/li>\n<li >Hotel la badia<\/li>\n<li >El cap Martinet<\/li>\n<li >H. vict\u00f2ria<\/li>\n<li >Ses Torres Baixas<\/li>\n<li >Jes\u00fas (Ses Pitreres)<\/li>\n<li >Jes\u00fas (Arguimbau)<\/li>\n<li >Jes\u00fas<\/li>\n<\/ul>\n<p> [\/rt_list_style] [\/vc_column_inner] [vc_column_inner width = &#8220;1\/2&#8221; css = &#8220;.vc_custom_1541747270371 {border-left-width: 1px !important; border-left-color:#666666 !important; border-left solid !important;}&#8221;] [rt_list_style] <\/p>\n<ul>\n<li >Jes\u00fas<\/li>\n<li >Jes\u00fas (Arguimbau)<\/li>\n<li >Jes\u00fas (Ses Pitreres)<\/li>\n<li >Ses Torres Baixas<\/li>\n<li >Hotel la badia<\/li>\n<li >Marina Botafoch (entrada al port)<\/li>\n<li >Avenida 8 d&#8217;agost<\/li>\n<li >Pacha<\/li>\n<li >Rotonda<\/li>\n<li >Port d&#8217;Eivissa<\/li>\n<li >Eivissa ciutat-Av. Isidor Macabich<\/li>\n<\/ul>\n<p> [\/rt_list_style] [\/vc_column_inner] [\/vc_row_inner] [vc_gmaps link=&#8221;#E-8_JTNDaWZyYW1lJTIwc3JjJTNEJTIyaHR0cHMlM0ElMkYlMkZ3d3cuZ29vZ2xlLmNvbSUyRm1hcHMlMkZlbWJlZCUzRnBiJTNEJTIxMW0xOCUyMTFtMTIlMjExbTMlMjExZDMxMDQuNTg3MzA2NjQ5ODQ2JTIxMmQxLjQyNzgwMzkxNTg2MjU1NDQlMjEzZDM4LjkxMDU1MTc1Mzc3Mjc3JTIxMm0zJTIxMWYwJTIxMmYwJTIxM2YwJTIxM20yJTIxMWkxMDI0JTIxMmk3NjglMjE0ZjEzLjElMjEzbTMlMjExbTIlMjExczB4MTI5OTQ2YmMxNjMyZTY2ZiUyNTNBMHg4NWNkNGY2MDJjYzQ2Yjc1JTIxMnNFaXZpc3NhLiUyQlRlcm1pbmFsJTIxNWUwJTIxM20yJTIxMXNlcyUyMTJzZXMlMjE0djE1NDE3NDc2MjYzMTUlMjIlMjB3aWR0aCUzRCUyMjYwMCUyMiUyMGhlaWdodCUzRCUyMjQ1MCUyMiUyMGZyYW1lYm9yZGVyJTNEJTIyMCUyMiUyMHN0eWxlJTNEJTIyYm9yZGVyJTNBMCUyMiUyMGFsbG93ZnVsbHNjcmVlbiUzRSUzQyUyRmlmcmFtZSUzRQ==&#8221;] [vc_column_text] <\/p>\n<h2 >Altres l\u00ednies de l&#8217;illa bus<\/h2>\n<p> Si necessita viatjar amb el servei d&#8217;autobusos haur\u00e0 de con\u00e8ixer les m\u00faltiples connexions. Si estructurem els municipis tur\u00edstics, els serveis tindran en el nucli de les principals l\u00ednies d&#8217;autobusos d&#8217;Eivissa com la <a href=\"https:\/autobuses-de-ibiza-lineas-y-horarios\/autobus-ibiza-hospital-can-misses-linea-h\/\">l\u00ednia H Eivissa-> l&#8217;Hospital Can Misses<\/a>, l&#8217;aeroport d&#8217; <a href=\"https:\/autobuses-de-ibiza-lineas-y-horarios\/autobuses-linea-l10-ibiza-aeropuerto\/\">Eivissa<\/a> i la l\u00ednia L12A de l&#8217; <a href=\"https:\/autobuses-de-ibiza-lineas-y-horarios\/autobus-linea-12a-ibiza-hospital-can-misses-puig-den-valls-jesus-talamanca-marina-botafoch-puerto\/\">Hospital de Eivissa es pot faltar al Puig D&#8217;en valls Jes\u00fas-> platja de Talamanca Marina Botafoch Puerto de Ibiza-> ciutat d&#8217;Eivissa<\/a>. Si vols despla\u00e7ar-te a altres destinacions, sortir de la ciutat d&#8217;Eivissa haur\u00e0s de despla\u00e7ar-te per la l\u00ednia L3 de l&#8217;autob\u00fas <a href=\"https:\/autobuses-de-ibiza-lineas-y-horarios\/autobus-linea-3-san-antonio-san-rafael-ibiza\/\">Sant Antoni-> Sant Rafael Eivissa<\/a> o la <a href=\"https:\/autobuses-de-ibiza-lineas-y-horarios\/autobuses-linea-8-sant-antoni-sant-josep-ibiza\/\">l\u00ednia L8 sant Antoni-> Sant Josep<\/a> d&#8217;Eivissa en direcci\u00f3 oest. Si ens anem a l&#8217;aeroport tenim la <a href=\"https:\/autobuses-de-ibiza-lineas-y-horarios\/autobus-linea-l25-ibiza-santa-gertrudis-san-miguel\/\">l\u00ednia L25 Eivissa Santa Gertrudis de fruit\u00e9-> Sant Miquel<\/a> si la nostra intenci\u00f3 \u00e9s descobrir una platja des d&#8217;Eivissa podrem utilitzar el <a href=\"https:\/autobuses-de-ibiza-lineas-y-horarios\/autobus-linea-l12b-ibiza-puerto-marina-botafoch-puerto-ferrys-talamanca-cap-martinet-jesus\/\">L12B Eivissa port Marina Botafoch (port Ferries)-> platja de Talamanca &#8211; > Cap Martinet &#8211; > Jes\u00fas<\/a>, <a href=\"https:\/autobuses-de-ibiza-lineas-y-horarios\/autobus-l13-ibiza-santa-eulalia\/\">L\u00ednia L13 Eivissa Santa Eul\u00e0ria <\/a>, <a href=\"https:\/autobuses-de-ibiza-lineas-y-horarios\/autobus-linea-33-san-mateo-ibiza\/\">Eivissa L33 San Mateo<\/a> i <a href=\"https:\/autobuses-de-ibiza-lineas-y-horarios\/autobus-linea-l35-ibiza-can-misses-sa-carroca-san-jorge\/\">l\u00ednia L35 Eivissa ciutat Hospital Can Misses &#8211; > Sa Carroca &#8211; > Sant Jordi<\/a>. L&#8217;autob\u00fas que arriba a les platges de la ciutat d&#8217;Eivissa s\u00f3n <a href=\"https:\/autobuses-de-ibiza-lineas-y-horarios\/autobuses-linea-l11-ibiza-sant-jordi-ses-salines\/\">l\u00ednia L11 Eivissa Sant Jordi de Ses Salines<\/a> i <a href=\"https:\/autobuses-de-ibiza-lineas-y-horarios\/autobuses-linea-l11b-ibiza-playa-den-bossa-ses-salines\/\">Eivissa L11B &#8216; n Bossa &#8211; > Las Salinas<\/a> o <a href=\"https:\/autobuses-de-ibiza-lineas-y-horarios\/bus-l14-eivissa-platja-den-bossa\/\">l\u00ednia L14 Eivissa ciutat &#8211; > Bossa D&#8217;<\/a>. Servei nord de platges d&#8217;Eivissa ser\u00e0 <a href=\"https:\/autobuses-de-ibiza-lineas-y-horarios\/autobus-linea-l15-ibiza-jesus-cala-llonga\/\">L15 ciutat Jes\u00fas &#8211; Ibiza > Cala Llonga <\/a>, <a href=\"https:\/autobuses-de-ibiza-lineas-y-horarios\/autobus-linea-20a-ibiza-san-lorenzo-san-juan-portinatx\/\">L20A Eivissa ciutat &#8211; > Sant Lloren\u00e7 Sant Joan Portinatx<\/a>, <a href=\"https:\/autobuses-de-ibiza-lineas-y-horarios\/autobus-linea-l23-ibiza-benirras\/\">l\u00ednia L23 Eivissa ciutat Benirr\u00e0s <\/a>i <a href=\"https:\/autobuses-de-ibiza-lineas-y-horarios\/autobus-linea-l25a-ibiza-puerto-de-san-miguel\/\">ciutat d&#8217;Eivissa L25A Port de Sant Miquel<\/a> per dins la ciutat autobusos que passen pel centre de la ciutat ser\u00e0 <a href=\"https:\/autobuses-de-ibiza-lineas-y-horarios\/autobus-linea-l45-vara-de-rey-dalt-vila-can-misses-casas-baratas-cas-serres\/\">L45 Vara de Rey &#8211; > Dalt Vila &#8211; > Hospital Can Misses &#8211; > cases barats Cas Serres<\/a> i l\u00ednia <a href=\"https:\/autobuses-de-ibiza-lineas-y-horarios\/autobus-linea-l50-parking-es-dominguet-parking-es-gorg-puerto-de-ibiza-bartolome-rosello-es-raspallar-puig-den-valls-solivera\/\">L50 aparcament \u00e9s Dominguets &#8211; > aparcament Gorg &#8211; > Port d&#8217;Eivissa &#8211; > Bartolome Rossell\u00f3 &#8211; > \u00e9s Raspallar &#8211; > Puig D&#8217; en Valls S\u00b4Olivera<\/a> <\/p>\n<h3 >Les rutes de Sant Antoni de Portmany<\/h3>\n<p> Les connexions de Sant Antoni es produ\u00efran principalment a Eivissa i <a href=\"https:\/autobuses-de-ibiza-lineas-y-horarios\/autobuses-linea-9-san-antonio-san-jose-aeropuerto\/\">L9 Sant Antoni Sant Josep de sa Talaia-> &#8216;aeroport<\/a>d&#8217;Eivissa. En la direcci\u00f3 d&#8217;altres localitats tur\u00edstiques tenim <a href=\"https:\/autobuses-de-ibiza-lineas-y-horarios\/autobus-linea-19-santa-eulalia-san-antonio\/\">L19 Santa Eul\u00e0lia, Sant Antoni<\/a>, <a href=\"https:\/autobuses-de-ibiza-lineas-y-horarios\/autobus-linea-l30-san-antonio-santa-ines-ibiza\/\">L30 Sant Antoni Santa Agn\u00e9s eivissa<\/a> i <a href=\"https:\/autobuses-de-ibiza-lineas-y-horarios\/autobuses-linea-3-1-can-bonet-ses-paises-san-antonio-can-coix\/\">L 3,1 Can Bonet Ses paises-> Sant Antoni Can coix<\/a>. Per rec\u00f3rrer les seg\u00fcents cales podem utilitzar <a href=\"https:\/autobuses-de-ibiza-lineas-y-horarios\/autobus-linea-1-san-antonio-cala-gracio-stella-maris\/\">L1 Sant Antoni-> Stella Maris<\/a>, <a href=\"https:\/autobuses-de-ibiza-lineas-y-horarios\/autobus-linea-2-san-antonio-port-des-torrent\/\">L2 sant Antoni-> Port des Torrent <\/a>i <a href=\"https:\/autobuses-de-ibiza-lineas-y-horarios\/autobus-linea-l34-san-antonio-cala-salada\/\">L34 Sant Antoni cala Salada<\/a>. Si decidim per les cales d&#8217;altres destins podrem utilitzar els autobusos cap a <a href=\"https:\/autobuses-de-ibiza-lineas-y-horarios\/autobuses-linea-l4-san-antonio-cala-de-comte\/\">L4 Sant Antoni-> Cala Conta <\/a>, <a href=\"https:\/autobuses-de-ibiza-lineas-y-horarios\/autobuses-linea-5-sant-antoni-cala-tarida\/\">l\u00ednia L5 Sant Antoni Cala Tarida<\/a> o <a href=\"https:\/autobuses-de-ibiza-lineas-y-horarios\/autobuses-linea-7-san-antonio-cala-bassa\/\">L7 Sant Antoni-> Cala Bassa<\/a>. Al nord tenim la <a href=\"https:\/autobuses-de-ibiza-lineas-y-horarios\/autobus-linea-22-san-antonio-puerto-de-san-miguel\/\">l\u00ednia L22 Sant Antoni-> port de Sant Miquel <\/a>i <a href=\"https:\/autobuses-de-ibiza-lineas-y-horarios\/autobus-linea-l23a-san-antonio-playa-de-benirras\/\">L23A Sant Antoni Playa benirras<\/a>. <\/p>\n<h3 >Les rutes de Santa Eul\u00e0ria<\/h3>\n<p> A Santa Eul\u00e0ria des Riu tenim opcions en diversos llocs com <a href=\"https:\/autobuses-de-ibiza-lineas-y-horarios\/autobus-linea-16-santa-eulalia-san-carlos\/\">L16 Santa Eul\u00e0lia Sant Carles de Peralta <\/a>, L17 la <a href=\"https:\/autobuses-de-ibiza-lineas-y-horarios\/autobus-l17-santa-eulalia-urbanizacion-siesta\/\">urbanitzaci\u00f3 Santa Eul\u00e0lia del R\u00edo Siesta <\/a>i la <a href=\"https:\/autobuses-de-ibiza-lineas-y-horarios\/autobus-linea-l24-cala-nova-es-canar-santa-eulalia-aeropuerto\/\">l\u00ednia L24 Cala nova-> Es Canar Santa Eul\u00e0ria-> &#8216;aeroport d&#8217;Eivissa<\/a>. Cap a les platges, <a href=\"https:\/autobuses-de-ibiza-lineas-y-horarios\/autobus-linea-16a-santa-eulalia-san-carlos-cala-llenya\/\">l\u00ednia L16A Santa Eul\u00e0ria des Riu-> Sant Carles-> Cala Llenya<\/a>, <a href=\"https:\/autobuses-de-ibiza-lineas-y-horarios\/autobus-linea-16c-santa-eulalia-las-dalias-san-carlos-es-figueral-cala-san-vicente\/\">L16C Santa Eul\u00e0ria-> les dalies-> Sant Carles de Peralta Es Figueral-> Cala de Sant Vicen\u00e7 <\/a>i <a href=\"https:\/autobuses-de-ibiza-lineas-y-horarios\/autobus-linea-23b-santa-eulalia-playa-de-benirras\/\">L23B Santa Eul\u00e0ria des Riu Benirr\u00e1s platja<\/a> A San Juan. Tamb\u00e9 els autobusos en direcci\u00f3 <a href=\"https:\/autobuses-de-ibiza-lineas-y-horarios\/autobus-linea-18b-santa-eulalia-sargamassa-cala-martina-es-canar-cala-nova\/\">L18B Santa Eul\u00e0ria des Riu-> s&#8217;Argamassa-> Cana Martina es Canar-> Cala nova <\/a>, <a href=\"https:\/autobuses-de-ibiza-lineas-y-horarios\/autobus-linea-18a-santa-eulalia-es-canar\/\">L18A Santa Eul\u00e0ria des Canar <\/a>, <a href=\"https:\/autobuses-de-ibiza-lineas-y-horarios\/autobus-linea-l21-santa-eulalia-san-juan-portinatx\/\">l\u00ednia L21 santa Eul\u00e0lia Sant Joan-> Portinatx<\/a> i <a href=\"https:\/autobuses-de-ibiza-lineas-y-horarios\/autobus-linea-l41-santa-eulalia-cala-llonga\/\">l\u00ednia L41 Santa Eul\u00e0ria-> Cala Llonga<\/a>. <\/p>\n<h3 >Altres opcions a l&#8217;illa d&#8217;Eivissa<\/h3>\n<p> Algunes opcions connecten punts freq\u00fcentats com l&#8217; <a href=\"https:\/autobuses-de-ibiza-lineas-y-horarios\/autobus-linea-l36-aeropuerto-playa-den-bossa\/\">aeroport de L36-> platja<\/a>d&#8217;en Bossa, <a href=\"https:\/autobuses-de-ibiza-lineas-y-horarios\/autobus-linea-37-puerto-de-san-miguel-es-canar\/\">L37 port de San Miguel es Canar <\/a>o <a href=\"https:\/autobuses-de-ibiza-lineas-y-horarios\/autobus-linea-l26-san-jose-cala-vadella\/\">L26 Sant Josep de sa Talaia Cala Vadella<\/a>. Altres uneixen les localitats i regions de la costa com una <a href=\"https:\/autobuses-de-ibiza-lineas-y-horarios\/autobus-linea-l20b-san-juan-cala-san-vicente\/\">l\u00ednia L20B San Juan-> Cala Sant Vicen\u00e7<\/a>, <a href=\"https:\/autobuses-de-ibiza-lineas-y-horarios\/autobus-linea-l23c-portinatx-san-juan-playa-de-benirras\/\">L23C Portinatx-> Sant Joan Playa de benirras <\/a>, <a href=\"https:\/autobuses-de-ibiza-lineas-y-horarios\/autobus-linea-l23p-benirras-playa-de-benirras\/\">l\u00ednea L23P Benirr\u00e1s (aparcament) platja de Benirr\u00e1s <\/a>o <a href=\"https:\/autobuses-de-ibiza-lineas-y-horarios\/autobus-linea-l42-es-cubells-san-jose\/\">l\u00ednea L42 es Cubells Sant Josep de sa Talaia<\/a>. <\/p>\n<h3 >Els autobusos del Club: l&#8217;autob\u00fas disco<\/h3>\n<p> Durant l&#8217;estiu podreu gaudir d&#8217;unes alternatives peculiars que passaran per les zones m\u00e9s animades. Aquestes connexions seran <a href=\"https:\/autobuses-de-ibiza-lineas-y-horarios\/autobus-linea-l3-disco-bus-san-antonio-privilege-amnesia-pacha-puerto-de-ibiza\/\">L3 bus disco Sant Antoni-> Privilege Amnesia Pacha-> port d&#8217;Eivissa<\/a>, <a href=\"https:\/autobuses-de-ibiza-lineas-y-horarios\/autobus-linea-l3b-disco-bus-san-antonio-playa-den-bossa-ushuaia\/\">L3B disco bus San Antonio-> platja d&#8217;en Bossa (Ushuaia h\u00ef)<\/a>, <a href=\"https:\/autobuses-de-ibiza-lineas-y-horarios\/autobus-linea-l13-18-discobus-puerto-de-ibiza-santa-eulalia-es-canar\/\">L13 18 disco bus port d&#8217;Eivissa Santa Eul\u00e0ria des Riu-> \u00e9s Canar <\/a>i <a href=\"https:\/autobuses-de-ibiza-lineas-y-horarios\/autobus-linea-l14-discobus-pacha-puerto-de-ibiza-playa-den-bossa-ushuaia\/\">L14 disco bus Pacha-> port d&#8217;Eivissa platja d&#8217;en Bossa USHUAIA H\u00cf<\/a> [\/vc_column_text] [\/vc_column] [vc_column width = &#8220;1\/3&#8221;] [vc_single_image Image = &#8220;46038&#8221; img_size = &#8220;complet&#8221;] [vc_column_text] <\/p>\n<h2 >Concessionari d&#8217;empreses Eivissa Puerto Marina Botafoch (Puerto Ferries) Talamanca cap Martinet Jes\u00fas<\/h2>\n<p> Buses Voramar el Gaucho S.L. <a href=\"tel:971340382\">971 34 03 82<\/a> [\/vc_column_text] [vc_column_text] els horaris fixats per a la <strong>l\u00ednia 12B Ibiza Puerto Marina Botafoch (port Ferries) Talamanca cap Martinet Jes\u00fas<\/strong> s\u00f3n amb fins informatius. <a href=\"https:\/\">nom\u00e9s Eivissa<\/a> no es responsabilitza de qualsevol dany o perjudici causat per la l\u00ednia o la informaci\u00f3 mostrada aqu\u00ed. [\/vc_column_text] [\/vc_column] [\/vc_row] [vc_row full_width = &#8220;stretch_row&#8221; css = &#8220;.vc_custom_1541747335413 {background-color:#0000ff !important;}&#8221;] [vc_column] [vc_column_text css_animation = &#8220;FadeIn&#8221; El_class = &#8220;. Size24&#8221;] <\/p>\n<p class=\"size24\" style=\"text-align: center;\"><span style=\"color:#ffffff;\">la secci\u00f3 d&#8217;autobusos Eivissa port Marina Botafoch (port Ferries) Talamanca cap Martinet Jes\u00fas est\u00e0 patrocinada per<\/span> <a href=\"https:\/\/disenowebibiza.soloibiza.com\/\"> <span style=\"color:#ffffff;\">SEO, p\u00e0gines i disseny web Eivissa<\/span> <\/a><\/p>\n<p> [\/vc_column_text] [\/vc_column] [\/vc_row] <\/p>\n<\/div>","protected":false},"excerpt":{"rendered":"<p>[vc_row full_width=&#8221;stretch_row&#8221; parallax=&#8221;content-moving-fade&#8221; css=&#8221;.vc_custom_1541744452372{padding-top: 20px !important;padding-bottom: 60px !important;background-image: url(http:\/\/soloibiza.com\/wp-content\/uploads\/2018\/11\/autobuses.jpg?id=46038) !important;background-position: center;background-repeat: no-repeat;background-size: cover !important;}&#8221;] [vc_column] [vc_custom_heading text = &#8220;bus Eivissa port Marina Botafoch (Puerto Ferries) Talamanca cap Martinet Jes\u00fas, l\u00ednia 12B&#8221; font_container = &#8220;tag:H1 | text_align: centre | color:#ffffff&#8221; use_theme_fonts=&#8221;yes&#8221;] [\/vc_column] [\/vc_row] [vc_row el_class = &#8220;autobus&#8221;] [vc_column width = &#8220;2\/3&#8221;] [vc_column_text] Durant tot l&#8217;any [\/vc_column_text] [&hellip;]<\/p>\n","protected":false},"author":1,"featured_media":0,"parent":49270,"menu_order":0,"comment_status":"closed","ping_status":"closed","template":"","meta":{"_acf_changed":false,"footnotes":""},"class_list":["post-49535","page","type-page","status-publish","hentry"],"acf":[],"_links":{"self":[{"href":"https:\/\/soloibiza.com\/ca\/wp-json\/wp\/v2\/pages\/49535","targetHints":{"allow":["GET"]}}],"collection":[{"href":"https:\/\/soloibiza.com\/ca\/wp-json\/wp\/v2\/pages"}],"about":[{"href":"https:\/\/soloibiza.com\/ca\/wp-json\/wp\/v2\/types\/page"}],"author":[{"embeddable":true,"href":"https:\/\/soloibiza.com\/ca\/wp-json\/wp\/v2\/users\/1"}],"replies":[{"embeddable":true,"href":"https:\/\/soloibiza.com\/ca\/wp-json\/wp\/v2\/comments?post=49535"}],"version-history":[{"count":0,"href":"https:\/\/soloibiza.com\/ca\/wp-json\/wp\/v2\/pages\/49535\/revisions"}],"up":[{"embeddable":true,"href":"https:\/\/soloibiza.com\/ca\/wp-json\/wp\/v2\/pages\/49270"}],"wp:attachment":[{"href":"https:\/\/soloibiza.com\/ca\/wp-json\/wp\/v2\/media?parent=49535"}],"curies":[{"name":"wp","href":"https:\/\/api.w.org\/{rel}","templated":true}]}}