{"id":49521,"date":"2019-02-23T11:54:59","date_gmt":"2019-02-23T10:54:59","guid":{"rendered":"https:\/?page_id=49521"},"modified":"2019-02-23T11:54:59","modified_gmt":"2019-02-23T10:54:59","slug":"autobus-linia-2-san-antonio-port-des-torrent","status":"publish","type":"page","link":"https:\/\/soloibiza.com\/ca\/autobusos-deivissa-linies-i-horaris\/autobus-linia-2-san-antonio-port-des-torrent\/","title":{"rendered":"Autob\u00fas l\u00ednia 2 San Antonio Port des Torrent"},"content":{"rendered":"<div class=\"wpb-content-wrapper\"><p> [vc_row full_width=&#8221;stretch_row&#8221; parallax=&#8221;content-moving-fade&#8221; css=&#8221;.vc_custom_1541744452372{padding-top: 20px !important;padding-bottom: 60px !important;background-image: url(http:\/\/soloibiza.com\/wp-content\/uploads\/2018\/11\/autobuses.jpg?id=46038) !important;background-position: center;background-repeat: no-repeat;background-size: cover !important;}&#8221;] [vc_column] [vc_custom_heading text = &#8220;l\u00ednia de bus 2 San Antonio-Port des Torrent&#8221; font_container = &#8220;tag:H1 | text_align: centre | color:#ffffff&#8221; use_theme_fonts=&#8221;yes&#8221;] [\/vc_column] [\/vc_row] [vc_row el_class = &#8220;autobus&#8221;] [vc_column width = &#8220;2\/3&#8221;] [vc_column_text] <\/p>\n<h2 >Hivern hora (de l&#8217; 1 de novembre al 14 de maig)<\/h2>\n<p> [\/vc_column_text] [vc_row_inner css = &#8220;.vc_custom_1541746836497 {margin-bottom: 20px !important;}&#8221;] [vc_column_inner width=&#8221;1\/2&#8243; css=&#8221;.vc_custom_1541746655506{border-top-width: 1px !important;border-right-width: 1px !important;border-bottom-width: 1px !important;border-left-width: 1px !important;border-left-color:#666666 !important; border-left-style: solid !important; border-right-color:#666666 !important; border-right-style-: solid !important; border-top-color:#666666 !important; border-top-style: Solid !important; border-Bottom-color:#666666 !important; border-Bottom-Style: solid !important;} &#8220;] [vc_column_text] <\/p>\n<h3 >San Antonio-> Port des Torrent<\/h3>\n<h4 style=\"text-align: center;\" >Tots els dies<\/h4>\n<p style=\"text-align: center;\" >De 8:00 a 22:00 cada hora.<\/p>\n<p> [\/vc_column_text] [\/vc_column_inner] [vc_column_inner width=&#8221;1\/2&#8243; css=&#8221;.vc_custom_1541747027401{border-top-width: 1px !important;border-right-width: 1px !important;border-bottom-width: 1px !important;border-right-color:#666666 !important;border-right-style: solid !important; border-Top-color:#666666 !important; border-top-style: solid !important; border-font-color:#666666 !important; border-bottom-style: solid !important;} &#8220;] [vc_column_text] <\/p>\n<h3 >Port des Torrent-> Sant Antoni de Portmany<\/h3>\n<h4 style=\"text-align: center;\" >Tots els dies<\/h4>\n<p style=\"text-align: center;\" >De 7:30 a 23:30 cada hora.<\/p>\n<p> [\/vc_column_text] [\/vc_column_inner] [\/vc_row_inner] [vc_column_text] <\/p>\n<h2 >Horari d&#8217;estiu (de l&#8217; 1 de juny al 30 de setembre)<\/h2>\n<p> [\/vc_column_text] [vc_row_inner css = &#8220;.vc_custom_1541747165242 {margin-bottom: 20px !important;}&#8221;] [vc_column_inner width=&#8221;1\/2&#8243; css=&#8221;.vc_custom_1541747132513{border-top-width: 1px !important;border-right-width: 1px !important;border-bottom-width: 1px !important;border-left-width: 1px !important;border-left-color:#666666 !important; border-left-style: solid !important; border-right-color:#666666 !important; border-right-style-: solid !important; border-top-color:#666666 !important; border-top-style: Solid !important; border-Bottom-color:#666666 !important; border-Bottom-Style: solid !important;} &#8220;] [vc_column_text] <\/p>\n<h3 >San Antonio-> Port des Torrent<\/h3>\n<h4 style=\"text-align: center;\" >Tots els dies<\/h4>\n<p style=\"text-align: center;\" >De 8:00 a 24:00 cada hora.<\/p>\n<p> [\/vc_column_text] [\/vc_column_inner] [vc_column_inner width = &#8220;1\/2&#8221; css = &#8220;. vc _custom_1541747140633 {border-Top-width: 1px !important; border-right-width: 1px !important; border-width-bottom: 1px !important; border-right-color:#666666 !important; border-right-style: solid !important; border-Top-color:#666666 !important; border-top-style: solid !important; border-font-color:#666666 !important; border-bottom-style: solid !important;} &#8220;] [vc_column_text] <\/p>\n<h3 >Port des Torrent-> Sant Antoni de Portmany<\/h3>\n<h4 style=\"text-align: center;\" >Tots els dies<\/h4>\n<p style=\"text-align: center;\" >Del 7:30 al 21:30 cada hora.<\/p>\n<p> [\/vc_column_text] [\/vc_column_inner] [\/vc_row_inner] [vc_row_inner] [vc_column_inner] [vc_column_text] <\/p>\n<h3 >Ruta Sant Antoni-Port des Torrent<\/h3>\n<p> [\/vc_column_text] [\/vc_column_inner] [\/vc_row_inner] [vc_row_inner css=&#8221;.vc_custom_1541747312506{margin-bottom: 20px !important;border-top-width: 1px !important;border-right-width: 1px !important;border-bottom-width: 1px !important;border-left-width: 1px !important;border-left-color:#666666 ! important; border-left-style: solid !important; border-right-color:#666666 !important; border-right-style: solid !important; border-top-color:#666666 !important; border-top-style: solid !important; border-inferior-color:#666666 !important; border-Bottom-Style: solid !important;} &#8220;] [vc_column_inner width = &#8220;1\/2&#8221;] [rt_list_style] <\/p>\n<ul>\n<li >Estaci\u00f3 d&#8217;autobusos de Sant Antoni<\/li>\n<li >Es Torrent<\/li>\n<li >Hotel Arenal\/Palmira<\/li>\n<li >Puchet<\/li>\n<li >Dg reco<\/li>\n<li >Puet \u00e9s<\/li>\n<li >Hotel la seva<\/li>\n<li >Hotel Mar Amantis<\/li>\n<li >Hotel Nautilus\/Hotel es pins<\/li>\n<li >Hotel el Pinet<\/li>\n<li >Hotel Rivera\/Hotel Milord<\/li>\n<li >Hotel l&#8217;Eixample<\/li>\n<li >Cala de bou<\/li>\n<li >Port des Torrent<\/li>\n<li >Sol i mar<\/li>\n<\/ul>\n<p> [\/rt_list_style] [\/vc_column_inner] [vc_column_inner width = &#8220;1\/2&#8221; css = &#8220;.vc_custom_1541747270371 {border-left-width: 1px !important; border-left-color:#666666 !important; border-left solid !important;}&#8221;] [rt_list_style] <\/p>\n<ul>\n<li >Sol i mar<\/li>\n<li >Port des Torrent<\/li>\n<li >Cala de bou<\/li>\n<li >Tren<\/li>\n<li >Hotel Rivera\/Hotel Milord<\/li>\n<li >Hotel el Pinet<\/li>\n<li >Hotel Nautilus\/Hotel es pins<\/li>\n<li >Hotel Mar Amantis<\/li>\n<li >Hotel la seva<\/li>\n<li >Puet \u00e9s<\/li>\n<li >Dg reco<\/li>\n<li >Puchet<\/li>\n<li >Hotel Arenal\/Palmira<\/li>\n<li >Es Torrent<\/li>\n<li >Estaci\u00f3 d&#8217;autobusos de Sant Antoni<\/li>\n<\/ul>\n<p> [\/rt_list_style] [\/vc_column_inner] [\/vc_row_inner] [vc_gmaps link=&#8221;#E-8_JTNDaWZyYW1lJTIwc3JjJTNEJTIyaHR0cHMlM0ElMkYlMkZ3d3cuZ29vZ2xlLmNvbSUyRm1hcHMlMkZlbWJlZCUzRnBiJTNEJTIxMW0xOCUyMTFtMTIlMjExbTMlMjExZDMxMDEuNDg3NzMxNzAwMzgxJTIxMmQxLjMwNDQ4NTUxNTg2Mzc4NzQlMjEzZDM4Ljk4MTM2MzY0OTU5NDQ4NSUyMTJtMyUyMTFmMCUyMTJmMCUyMTNmMCUyMTNtMiUyMTFpMTAyNCUyMTJpNzY4JTIxNGYxMy4xJTIxM20zJTIxMW0yJTIxMXMweDEyOTk0OWUxZmYyMjgzMjElMjUzQTB4ODFhOTYxYTY1ZjEyYTY5YSUyMTJzRXN0YWNpJTI1QzMlMjVCMyUyQmQlMjYlMjMzOSUzQkF1dG9idXNvcyUyQmRlJTJCU2FudCUyQkFudG9uaSUyMTVlMCUyMTNtMiUyMTFzZXMlMjEyc2VzJTIxNHYxNTQxNzY3MzcwODc2JTIyJTIwd2lkdGglM0QlMjI2MDAlMjIlMjBoZWlnaHQlM0QlMjI0NTAlMjIlMjBmcmFtZWJvcmRlciUzRCUyMjAlMjIlMjBzdHlsZSUzRCUyMmJvcmRlciUzQTAlMjIlMjBhbGxvd2Z1bGxzY3JlZW4lM0UlM0MlMkZpZnJhbWUlM0U=&#8221;] [vc_column_text] <\/p>\n<h2 >M\u00e9s autobusos d&#8217;Eivissa<\/h2>\n<p> Si necessites moure&#8217;t amb el servei d&#8217;autob\u00fas haur\u00e0s d&#8217;entendre les diferents alternatives disponibles. Si seleccionem per zones tur\u00edstiques aquestes l\u00ednies podrem tenir en el nucli de les principals l\u00ednies d&#8217;autobusos d&#8217;Eivissa com la <a href=\"https:\/autobuses-de-ibiza-lineas-y-horarios\/autobus-ibiza-hospital-can-misses-linea-h\/\">l\u00ednia H Eivissa Hospital<\/a>, <a href=\"https:\/autobuses-de-ibiza-lineas-y-horarios\/autobuses-linea-l10-ibiza-aeropuerto\/\">L10 &#8216;aeroport Eivissa d&#8217;<\/a> Eivissa o <a href=\"https:\/autobuses-de-ibiza-lineas-y-horarios\/autobus-linea-12a-ibiza-hospital-can-misses-puig-den-valls-jesus-talamanca-marina-botafoch-puerto\/\">l\u00ednia L12A ciutat d&#8217;Eivissa-> &#8216;Hospital es pot faltar al Puig d&#8217;en Valls-> Jes\u00fas platja de Talamanca-> Marina Botafoch-> port d&#8217;Eivissa Ibiza<\/a>. Si necessites anar a altres indrets, des de la ciutat d&#8217;Eivissa pots fer-ho a les l\u00ednies <a href=\"https:\/autobuses-de-ibiza-lineas-y-horarios\/autobus-linea-3-san-antonio-san-rafael-ibiza\/\">L3 de Sant Antoni Sant Rafel de Eivissa<\/a> i <a href=\"https:\/autobuses-de-ibiza-lineas-y-horarios\/autobuses-linea-8-sant-antoni-sant-josep-ibiza\/\">l\u00ednea L8 Sant Antoni san Jos\u00e9-> Eivissa<\/a> amb destinaci\u00f3 Sant Antoni. En la direcci\u00f3 de l&#8217;aeroport tenim <a href=\"https:\/autobuses-de-ibiza-lineas-y-horarios\/autobus-linea-l25-ibiza-santa-gertrudis-san-miguel\/\">L25 ciutat d&#8217;Eivissa-> Santa Gertrudis Sant Miquel<\/a> per a aquells que vulguin gaudir d&#8217;una cala des de la ciutat d&#8217;Eivissa podem dirigir-se a la <a href=\"https:\/autobuses-de-ibiza-lineas-y-horarios\/autobus-linea-l12b-ibiza-puerto-marina-botafoch-puerto-ferrys-talamanca-cap-martinet-jesus\/\">l\u00ednia L12B&#8217;Eivissa port d&#8217;Eivissa-> Marina Botafoch de cap de Talamanca Martinet &#8211; > Jesus<\/a>, <a href=\"https:\/autobuses-de-ibiza-lineas-y-horarios\/autobus-l13-ibiza-santa-eulalia\/\">l\u00ednia L13 Ibiza &#8211; > Santa Eul\u00e0ria <\/a>, <a href=\"https:\/autobuses-de-ibiza-lineas-y-horarios\/autobus-linea-33-san-mateo-ibiza\/\">l\u00ednia San Mateo L33 &#8211; > ciutat d&#8217;Eivissa<\/a> i <a href=\"https:\/autobuses-de-ibiza-lineas-y-horarios\/autobus-linea-l35-ibiza-can-misses-sa-carroca-san-jorge\/\">L35 Eivissa ciutat &#8211; > Can perd Sa Carroca Sant Jordi<\/a>. Els autobusos que van a cales de la ciutat d&#8217;Eivissa <a href=\"https:\/autobuses-de-ibiza-lineas-y-horarios\/autobuses-linea-l11-ibiza-sant-jordi-ses-salines\/\">l\u00ednia L11 Eivissa ciutat &#8211; > San Jorge Ses Salines<\/a> i <a href=\"https:\/autobuses-de-ibiza-lineas-y-horarios\/autobuses-linea-l11b-ibiza-playa-den-bossa-ses-salines\/\">L11B Ibiza &#8211; > Playa d&#8217; Bossa, Ses Salines<\/a> o <a href=\"https:\/autobuses-de-ibiza-lineas-y-horarios\/bus-l14-eivissa-platja-den-bossa\/\">la l\u00ednia L14 Eivissa &#8211; > platja d&#8217; Bossa<\/a>. \u00c0rea serveis de platges d&#8217;Eivissa s\u00f3n <a href=\"https:\/autobuses-de-ibiza-lineas-y-horarios\/autobus-linea-l15-ibiza-jesus-cala-llonga\/\">L15 Eivissa ciutat Jesus Cala Llonga <\/a>, <a href=\"https:\/autobuses-de-ibiza-lineas-y-horarios\/autobus-linea-20a-ibiza-san-lorenzo-san-juan-portinatx\/\">ciutat d&#8217;Eivissa L20A &#8211; > Sant Lloren\u00e7 &#8211; > Portinatx San Juan<\/a>, <a href=\"https:\/autobuses-de-ibiza-lineas-y-horarios\/autobus-linea-l23-ibiza-benirras\/\">l\u00ednia L23 Eivissa ciutat Benirr\u00e0s <\/a>i <a href=\"https:\/autobuses-de-ibiza-lineas-y-horarios\/autobus-linea-l25a-ibiza-puerto-de-san-miguel\/\">L25A Ibiza &#8211; > port del Sant Miquel<\/a> l\u00ednies ciutat transitant casc ser\u00e0 <a href=\"https:\/autobuses-de-ibiza-lineas-y-horarios\/autobus-linea-l45-vara-de-rey-dalt-vila-can-misses-casas-baratas-cas-serres\/\">l\u00ednia L45 Vara de Rey Dalt Vila Can Misses &#8211; > cases barats Cas Serres<\/a> i <a href=\"https:\/autobuses-de-ibiza-lineas-y-horarios\/autobus-linea-l50-parking-es-dominguet-parking-es-gorg-puerto-de-ibiza-bartolome-rosello-es-raspallar-puig-den-valls-solivera\/\">l\u00ednia L50 aparcament Dominguets &#8211; > aparcament Gorg Puerto de Eivissa ciutat &#8211; > Bartolome Rossell\u00f3 &#8211; > \u00e9s Raspallar &#8211; > Puig D&#8217; en Valls &#8211; > S\u00b4Olivera<\/a> <\/p>\n<h3 >Les l\u00ednies de Sant Antoni<\/h3>\n<p> Les connexions que surten de Sant Antoni de Portmany es duen a terme principalment a la ciutat d&#8217;Eivissa i la <a href=\"https:\/autobuses-de-ibiza-lineas-y-horarios\/autobuses-linea-9-san-antonio-san-jose-aeropuerto\/\">l\u00ednia L9 San Antonio-> San Jos\u00e9 aeroport d&#8217;Eivissa<\/a>. En direcci\u00f3 a altres localitats tindr\u00e0 <a href=\"https:\/autobuses-de-ibiza-lineas-y-horarios\/autobus-linea-19-santa-eulalia-san-antonio\/\">L19 Santa Eul\u00e0lia-> Sant Antoni<\/a>, <a href=\"https:\/autobuses-de-ibiza-lineas-y-horarios\/autobus-linea-l30-san-antonio-santa-ines-ibiza\/\">L30 Sant Antoni Santa Agn\u00e9s de Corona-> Eivissa ciutat<\/a> i <a href=\"https:\/autobuses-de-ibiza-lineas-y-horarios\/autobuses-linea-3-1-can-bonet-ses-paises-san-antonio-can-coix\/\">l\u00ednia L 3,1 Can Bonet Ses pa\u00efses-> Sant Antoni pot coix (piscina)<\/a>. Per rec\u00f3rrer les pr\u00f2ximes platges podrem agafar <a href=\"https:\/autobuses-de-ibiza-lineas-y-horarios\/autobus-linea-1-san-antonio-cala-gracio-stella-maris\/\">L1 Sant Antoni Hotel Stella Maris<\/a>, <a href=\"https:\/autobuses-de-ibiza-lineas-y-horarios\/autobus-linea-2-san-antonio-port-des-torrent\/\">L2 sant Antoni-> Port des Torrent <\/a>i <a href=\"https:\/autobuses-de-ibiza-lineas-y-horarios\/autobus-linea-l34-san-antonio-cala-salada\/\">L34 Sant Antoni cala Salada<\/a>. Si decidim per les platges d&#8217;altres destinacions podrem agafar els autobusos a la <a href=\"https:\/autobuses-de-ibiza-lineas-y-horarios\/autobuses-linea-l4-san-antonio-cala-de-comte\/\">l\u00ednia L4, Sant Antoni Cala Conta <\/a>, <a href=\"https:\/autobuses-de-ibiza-lineas-y-horarios\/autobuses-linea-5-sant-antoni-cala-tarida\/\">l\u00ednia L5 San Antonio Cala t\u00e1rida<\/a> o la <a href=\"https:\/autobuses-de-ibiza-lineas-y-horarios\/autobuses-linea-7-san-antonio-cala-bassa\/\">l\u00ednia L7 Sant Antoni Cala Bassa<\/a>. En direcci\u00f3 nord tenim una <a href=\"https:\/autobuses-de-ibiza-lineas-y-horarios\/autobus-linea-22-san-antonio-puerto-de-san-miguel\/\">l\u00ednia L22 Sant Antoni port de Sant Miquel <\/a>i la <a href=\"https:\/autobuses-de-ibiza-lineas-y-horarios\/autobus-linea-l23a-san-antonio-playa-de-benirras\/\">l\u00ednia L23A sant Antoni-> platja de Benirr\u00e0s<\/a>. <\/p>\n<h3 >Els autobusos de Santa Eul\u00e0ria des riu<\/h3>\n<p> A Santa Eul\u00e0ria des Riu tenim l\u00ednies a alguns llocs com la <a href=\"https:\/autobuses-de-ibiza-lineas-y-horarios\/autobus-linea-16-santa-eulalia-san-carlos\/\">l\u00ednia L16 Santa Eul\u00e0ria-> Sant Carles de Peralta <\/a>, la <a href=\"https:\/autobuses-de-ibiza-lineas-y-horarios\/autobus-l17-santa-eulalia-urbanizacion-siesta\/\">l\u00ednia L17 la urbanitzaci\u00f3 Santa Eul\u00e0ria de Vall <\/a>de la Siesta i <a href=\"https:\/autobuses-de-ibiza-lineas-y-horarios\/autobus-linea-l24-cala-nova-es-canar-santa-eulalia-aeropuerto\/\">L24 Cala nova-> es Canar-> Santa Eul\u00e0ria des riu Aeroport<\/a>d&#8217;Eivissa. En direcci\u00f3 a les platges, <a href=\"https:\/autobuses-de-ibiza-lineas-y-horarios\/autobus-linea-16a-santa-eulalia-san-carlos-cala-llenya\/\">L16A Santa Eul\u00e0lia del riu Sant Carles-> Cala Llenya<\/a>, <a href=\"https:\/autobuses-de-ibiza-lineas-y-horarios\/autobus-linea-16c-santa-eulalia-las-dalias-san-carlos-es-figueral-cala-san-vicente\/\">l\u00ednia L16C Santa Eul\u00e0ria des Riu-> les Dalias Sant Carles-> es Figueral Cala de Sant Vicent <\/a>i <a href=\"https:\/autobuses-de-ibiza-lineas-y-horarios\/autobus-linea-23b-santa-eulalia-playa-de-benirras\/\">L23B Santa Eul\u00e0ria des Riu Benirr\u00e1s platja <\/a>cap a Sant Joan. A m\u00e9s de les rutes en direcci\u00f3 <a href=\"https:\/autobuses-de-ibiza-lineas-y-horarios\/autobus-linea-18b-santa-eulalia-sargamassa-cala-martina-es-canar-cala-nova\/\">l\u00ednia L18B Santa Eul\u00e0ria des Riu-> s&#8217;Argamassa Cana Martina es Canar Cala nova <\/a>, <a href=\"https:\/autobuses-de-ibiza-lineas-y-horarios\/autobus-linea-18a-santa-eulalia-es-canar\/\">l\u00ednia L18A Santa Eul\u00e0ria des Canar <\/a>, <a href=\"https:\/autobuses-de-ibiza-lineas-y-horarios\/autobus-linea-l21-santa-eulalia-san-juan-portinatx\/\">L21 santa Eul\u00e0lia Sant Joan-> Portinatx<\/a> i <a href=\"https:\/autobuses-de-ibiza-lineas-y-horarios\/autobus-linea-l41-santa-eulalia-cala-llonga\/\">l\u00ednia L41 Santa Eul\u00e0lia del Riu Cala Llonga<\/a>. <\/p>\n<h3 >Altres l\u00ednies a l&#8217;illa d&#8217;Eivissa<\/h3>\n<p> Hi ha diverses alternatives que s&#8217;uneixen a llocs tan plens com <a href=\"https:\/autobuses-de-ibiza-lineas-y-horarios\/autobus-linea-l36-aeropuerto-playa-den-bossa\/\">L36 aeroport-> platja<\/a>d&#8217;en Bossa, <a href=\"https:\/autobuses-de-ibiza-lineas-y-horarios\/autobus-linea-37-puerto-de-san-miguel-es-canar\/\">L37 port de San Miguel es Canar <\/a>o <a href=\"https:\/autobuses-de-ibiza-lineas-y-horarios\/autobus-linea-l26-san-jose-cala-vadella\/\">l\u00ednia L26 Sant Josep de sa Talaia-> Cala Vadella<\/a>. Altres connecten pobles amb platges a la costa com <a href=\"https:\/autobuses-de-ibiza-lineas-y-horarios\/autobus-linea-l20b-san-juan-cala-san-vicente\/\">L20B Sant Joan-> Cala de Sant Vicent <\/a>, <a href=\"https:\/autobuses-de-ibiza-lineas-y-horarios\/autobus-linea-l23c-portinatx-san-juan-playa-de-benirras\/\">l\u00ednia L23C Portinatx Sant Joan Playa de Benirr\u00e1s <\/a>, <a href=\"https:\/autobuses-de-ibiza-lineas-y-horarios\/autobus-linea-l23p-benirras-playa-de-benirras\/\">l\u00ednea L23P benirras (Parking)-> Playa de Benirras <\/a>o L42 <a href=\"https:\/autobuses-de-ibiza-lineas-y-horarios\/autobus-linea-l42-es-cubells-san-jose\/\">es Cubells Sant Josep de Sa Talaia<\/a>. <\/p>\n<h3 >Sortides en autocar: discoteca<\/h3>\n<p> Durant la temporada d&#8217;estiu podreu gaudir d&#8217;unes alternatives peculiars que passaran pels pobles m\u00e9s animats. Aquestes l\u00ednies seran <a href=\"https:\/autobuses-de-ibiza-lineas-y-horarios\/autobus-linea-l3-disco-bus-san-antonio-privilege-amnesia-pacha-puerto-de-ibiza\/\">L3 bus disco Sant Antoni-> Privilege-> Amnesia-> Pasha-> port d&#8217;Eivissa<\/a>, <a href=\"https:\/autobuses-de-ibiza-lineas-y-horarios\/autobus-linea-l3b-disco-bus-san-antonio-playa-den-bossa-ushuaia\/\">l\u00ednia L3B disco bus San Antonio-> platja d&#8217;en Bossa (USHUAIA-> h\u00ef)<\/a>, <a href=\"https:\/autobuses-de-ibiza-lineas-y-horarios\/autobus-linea-l13-18-discobus-puerto-de-ibiza-santa-eulalia-es-canar\/\">l\u00ednia L13-> 18 disco bus port d&#8217;Eivissa-> Santa Eulalia del R\u00edo es Canar <\/a>i <a href=\"https:\/autobuses-de-ibiza-lineas-y-horarios\/autobus-linea-l14-discobus-pacha-puerto-de-ibiza-playa-den-bossa-ushuaia\/\">L14 disco bus Pacha-> Puerto de Ibiza platja d&#8217;en Bossa Ushuaia-> h\u00ef<\/a>[\/vc_column_text] [\/vc_column] [vc_column width = &#8220;1\/3&#8221;] [vc_single_image image = &#8220;46038&#8221; img_size = &#8220;full&#8221;] [vc_column_text] <\/p>\n<h2 >Concessionari d&#8217;empreses l\u00ednia 2 Sant Antoni Port des Torrent<\/h2>\n<p> Autocars Voramar el Gaucho S.L. <a href=\"tel:971340382\">971 34 03 82<\/a> [\/vc_column_text] [vc_column_text] els horaris set per a la <strong>l\u00ednia 2 Sant Antoni Port des Torrent<\/strong> tenen una finalitat informativa. <a href=\"https:\/\">nom\u00e9s Eivissa<\/a> no es responsabilitza de qualsevol dany o perjudici causat per la l\u00ednia o la informaci\u00f3 mostrada aqu\u00ed. [\/vc_column_text] [\/vc_column] [\/vc_row] [vc_row full_width = &#8220;stretch_row&#8221; css = &#8220;.vc_custom_1541747335413 {background-color:#0000ff !important;}&#8221;] [vc_column] [vc_column_text css_animation = &#8220;FadeIn&#8221; El_class = &#8220;. Size24&#8221;] <\/p>\n<p class=\"size24\" style=\"text-align: center;\"><span style=\"color:#ffffff;\">la secci\u00f3 Eivissa bus est\u00e0 patrocinada per<\/span> <a href=\"https:\/\/disenowebibiza.soloibiza.com\/\"> <span style=\"color:#ffffff;\">p\u00e0gines i disseny web Eivissa<\/span> <\/a><\/p>\n<p> [\/vc_column_text] [\/vc_column] [\/vc_row] <\/p>\n<\/div>","protected":false},"excerpt":{"rendered":"<p>[vc_row full_width=&#8221;stretch_row&#8221; parallax=&#8221;content-moving-fade&#8221; css=&#8221;.vc_custom_1541744452372{padding-top: 20px !important;padding-bottom: 60px !important;background-image: url(http:\/\/soloibiza.com\/wp-content\/uploads\/2018\/11\/autobuses.jpg?id=46038) !important;background-position: center;background-repeat: no-repeat;background-size: cover !important;}&#8221;] [vc_column] [vc_custom_heading text = &#8220;l\u00ednia de bus 2 San Antonio-Port des Torrent&#8221; font_container = &#8220;tag:H1 | text_align: centre | color:#ffffff&#8221; use_theme_fonts=&#8221;yes&#8221;] [\/vc_column] [\/vc_row] [vc_row el_class = &#8220;autobus&#8221;] [vc_column width = &#8220;2\/3&#8221;] [vc_column_text] Hivern hora (de l&#8217; 1 de novembre al 14 [&hellip;]<\/p>\n","protected":false},"author":1,"featured_media":0,"parent":49270,"menu_order":0,"comment_status":"closed","ping_status":"closed","template":"","meta":{"_acf_changed":false,"footnotes":""},"class_list":["post-49521","page","type-page","status-publish","hentry"],"acf":[],"_links":{"self":[{"href":"https:\/\/soloibiza.com\/ca\/wp-json\/wp\/v2\/pages\/49521","targetHints":{"allow":["GET"]}}],"collection":[{"href":"https:\/\/soloibiza.com\/ca\/wp-json\/wp\/v2\/pages"}],"about":[{"href":"https:\/\/soloibiza.com\/ca\/wp-json\/wp\/v2\/types\/page"}],"author":[{"embeddable":true,"href":"https:\/\/soloibiza.com\/ca\/wp-json\/wp\/v2\/users\/1"}],"replies":[{"embeddable":true,"href":"https:\/\/soloibiza.com\/ca\/wp-json\/wp\/v2\/comments?post=49521"}],"version-history":[{"count":0,"href":"https:\/\/soloibiza.com\/ca\/wp-json\/wp\/v2\/pages\/49521\/revisions"}],"up":[{"embeddable":true,"href":"https:\/\/soloibiza.com\/ca\/wp-json\/wp\/v2\/pages\/49270"}],"wp:attachment":[{"href":"https:\/\/soloibiza.com\/ca\/wp-json\/wp\/v2\/media?parent=49521"}],"curies":[{"name":"wp","href":"https:\/\/api.w.org\/{rel}","templated":true}]}}