{"id":49498,"date":"2019-02-23T11:12:32","date_gmt":"2019-02-23T10:12:32","guid":{"rendered":"https:\/?page_id=49498"},"modified":"2019-02-23T12:15:09","modified_gmt":"2019-02-23T11:15:09","slug":"autobus-eivissa-hospital-linia-h","status":"publish","type":"page","link":"https:\/\/soloibiza.com\/ca\/autobusos-deivissa-linies-i-horaris\/autobus-eivissa-hospital-linia-h\/","title":{"rendered":"Autob\u00fas Eivissa Hospital, l\u00ednia H"},"content":{"rendered":"<div class=\"wpb-content-wrapper\"><p> [vc_row full_width=&#8221;stretch_row&#8221; parallax=&#8221;content-moving-fade&#8221; css=&#8221;.vc_custom_1541744452372{padding-top: 20px !important;padding-bottom: 60px !important;background-image: url(http:\/\/soloibiza.com\/wp-content\/uploads\/2018\/11\/autobuses.jpg?id=46038) !important;background-position: center;background-repeat: no-repeat !important;background-size: cover !important;}&#8221;] [vc_column] [vc_custom_heading text = &#8220;bus Eivissa-Hospital pot enyora, l\u00ednia H&#8221; font_container = &#8220;tag:H1 | text_align: centre | color:#ffffff&#8221; use_theme_fonts=&#8221;yes&#8221;] [\/vc_column] [\/vc_row] [vc_row el_class = &#8220;autobus&#8221;] [vc_column width = &#8220;2\/3&#8221;] [vc_column_text] <\/p>\n<h2 >Hora d&#8217;hivern (de l&#8217; 1 de novembre al 31 de maig)<\/h2>\n<p> [\/vc_column_text] [vc_row_inner css = &#8220;.vc_custom_1541746836497 {margin-bottom: 20px !important;}&#8221;] [vc_column_inner width=&#8221;1\/2&#8243; css=&#8221;.vc_custom_1541746655506{border-top-width: 1px !important;border-right-width: 1px !important;border-bottom-width: 1px !important;border-left-width: 1px !important;border-left-color:#666666 !important; border-left-style: solid !important; border-right-color:#666666 !important; border-right-style-: solid !important; border-top-color:#666666 !important; border-top-style: Solid !important; border-Bottom-color:#666666 !important; border-Bottom-Style: solid !important;} &#8220;] [vc_column_text] <\/p>\n<h3 >Eivissa-> &#8216;Hospital es pot faltar<\/h3>\n<h4 style=\"text-align: center;\" >De dilluns a divendres<\/h4>\n<p style=\"text-align: center;\" >Del 8:00 al 14:00 i del 17:00 al 21:00 cada hora.<\/p>\n<h4 style=\"text-align: center;\" >Festius, dissabtes i diumenges<\/h4>\n<p style=\"text-align: center;\" >Del 9:00 al 13:00 i del 17:00 al 20:00 cada hora.<\/p>\n<p> [\/vc_column_text] [\/vc_column_inner] [vc_column_inner width=&#8221;1\/2&#8243; css=&#8221;.vc_custom_1541747027401{border-top-width: 1px !important;border-right-width: 1px !important;border-bottom-width: 1px !important;border-right-color:#666666 !important;border-right-style: solid !important; border-Top-color:#666666 !important; border-top-style: solid !important; border-font-color:#666666 !important; border-bottom-style: solid !important;} &#8220;] [vc_column_text] <\/p>\n<h3 >Can Misses Hospital-> Eivissa<\/h3>\n<h4 style=\"text-align: center;\" >De dilluns a divendres<\/h4>\n<p style=\"text-align: center;\" >Del 8:05 al 14:05 i del 17:05 al 21:05 cada hora.<\/p>\n<h4 style=\"text-align: center;\" >Festius, dissabtes i diumenges<\/h4>\n<p style=\"text-align: center;\" >Del 9:05 al 13:05 i del 17:05 al 20:05 cada hora.<\/p>\n<p> [\/vc_column_text] [\/vc_column_inner] [\/vc_row_inner] [vc_column_text] <\/p>\n<h2 >Horari d&#8217;estiu (de l&#8217; 1 de juny al 30 de setembre)<\/h2>\n<p> [\/vc_column_text] [vc_row_inner css = &#8220;.vc_custom_1541747165242 {margin-bottom: 20px !important;}&#8221;] [vc_column_inner width=&#8221;1\/2&#8243; css=&#8221;.vc_custom_1541747132513{border-top-width: 1px !important;border-right-width: 1px !important;border-bottom-width: 1px !important;border-left-width: 1px !important;border-left-color:#666666 !important; border-left-style: solid !important; border-right-color:#666666 !important; border-right-style-: solid !important; border-top-color:#666666 !important; border-top-style: Solid !important; border-Bottom-color:#666666 !important; border-Bottom-Style: solid !important;} &#8220;] [vc_column_text] <\/p>\n<h3 >Eivissa-> &#8216;Hospital es pot faltar<\/h3>\n<h4 style=\"text-align: center;\" >De dilluns a divendres<\/h4>\n<p style=\"text-align: center;\" >Del 8:00 al 14:00 i del 17:00 al 21:00 cada hora.<\/p>\n<h4 style=\"text-align: center;\" >Festius, dissabtes i diumenges<\/h4>\n<p style=\"text-align: center;\" >Del 9:00 al 13:00 i del 17:00 al 20:00 cada hora.<\/p>\n<p> [\/vc_column_text] [\/vc_column_inner] [vc_column_inner width = &#8220;1\/2&#8221; css = &#8220;. vc _custom_1541747140633 {border-width: 1px !important; border-right-width: 1px !important; border-width inferior: 1px !important; border-right-color:#666666 !important; border-right-style-: solid !important; border-Top-color:#666666 !important; border-top-style: solid !important; border-font-color:#666666 !important; border-bottom-style: solid !important;} &#8220;] [vc_column_text] <\/p>\n<h3 >Can Misses Hospital-> Eivissa<\/h3>\n<h4 style=\"text-align: center;\" >De dilluns a divendres<\/h4>\n<p style=\"text-align: center;\" >Del 8:05 al 14:05 i del 17:05 al 21:05 cada hora.<\/p>\n<h4 style=\"text-align: center;\" >Festius, dissabtes i diumenges<\/h4>\n<p style=\"text-align: center;\" >Del 9:05 al 13:05 i del 17:05 al 20:05 cada hora.<\/p>\n<p> [\/vc_column_text] [\/vc_column_inner] [\/vc_row_inner] [vc_row_inner] [vc_column_inner] [vc_column_text] <\/p>\n<h3 >Ruta de la l\u00ednia Eivissa-Hospital Can Misses<\/h3>\n<p> [\/vc_column_text] [\/vc_column_inner] [\/vc_row_inner] [vc_row_inner css=&#8221;.vc_custom_1541747312506{margin-bottom: 20px !important;border-top-width: 1px !important;border-right-width: 1px !important;border-bottom-width: 1px !important;border-left-width: 1px !important;border-left-color:#666666 ! important; border-left-style: solid !important; border-right-color:#666666 !important; border-right-style: solid !important; border-top-color:#666666 !important; border-top-style: solid !important; border-inferior-color:#666666 !important; border-Bottom-Style: solid !important;} &#8220;] [vc_column_inner width = &#8220;1\/2&#8221;] [rt_list_style] <\/p>\n<ul>\n<li >Eivissa (avinguda Isidor Macabich)<\/li>\n<li  >Can Misses Hospital<\/li>\n<\/ul>\n<p> [\/rt_list_style] [\/vc_column_inner] [vc_column_inner width = &#8220;1\/2&#8221; css = &#8220;.vc_custom_1541747270371 {border-left-width: 1px !important; border-left-color:#666666 !important; border-left solid !important;}&#8221;] [rt_list_style] <\/p>\n<ul>\n<li  >Can Misses Hospital<\/li>\n<li  >Piscina Can Misses<\/li>\n<li  >Eivissa ciutat (Av. Isidor Macabich)<\/li>\n<\/ul>\n<p> [\/rt_list_style] [\/vc_column_inner] [\/vc_row_inner] [vc_gmaps Link = &#8220;#E-8_JTNDaWZyYW1lJTIwc3JjJTNEJTIyaHR0cHMlM0ElMkYlMkZ3d3cuZ29vZ2xlLmNvbSUyRm1hcHMlMkZlbWJlZCUzRnBiJTNEJTIxMW0xOCUyMTFtMTIlMjExbTMlMjExZDMxMDQuNTg3MzA2NjQ5ODQ2JTIxMmQxLjQyNzgwMzkxNTg2MjU1NDQlMjEzZDM4LjkxMDU1MTc1Mzc3Mjc3JTIxMm0zJTIxMWYwJTIxMmYwJTIxM2YwJTIxM20yJTIxMWkxMDI0JTIxMmk3NjglMjE 0ZjEzLjElMjEzbTMlMjExbTIlMjExczB4MTI5OTQ2YmMxNjMyZTY2ZiUyNTNBMHg4NWNkNGY2MDJjYzQ2Yjc1JTIxMnNFaXZpc3NhLiUyQlRlcm1pbmFsJTIxNWUwJTIxM20yJTIxMXNlcyUyMTJzZXMlMjE0djE1NDE3NDc2MjYzMTUlMjIlMjB3aWR0aCUzRCUyMjYwMCUyMiUyMGhlaWdodCUzRCUyMjQ1MCUyMiUyMGZyYW1lYm9yZGVyJTNEJTIyMCUyMiUyMHN0eWxlJT NEJTIyYm9yZGVyJTNBMCUyMiUyMGFsbG93ZnVsbHNjcmVlbiUzRSUzQyUyRmlmcmFtZSUzRQ==&#8221;] [vc_column_text] <\/p>\n<h2 >Altres l\u00ednies d&#8217;autob\u00fas des de Ibiza<\/h2>\n<p> Si utilitzareu les l\u00ednies d&#8217;autob\u00fas, tindreu que con\u00e8ixer les diferents opcions que hi ha a la nostra disposici\u00f3. Si ens reunim per les poblacions les connexions que tenim a la ciutat d&#8217;Eivissa serveis essencials d&#8217;autob\u00fas com <a href=\"https:\/autobuses-de-ibiza-lineas-y-horarios\/autobus-ibiza-hospital-can-misses-linea-h\/\">LH Eivissa pot faltar<\/a>, <a href=\"https:\/autobuses-de-ibiza-lineas-y-horarios\/autobuses-linea-l10-ibiza-aeropuerto\/\">L10 Eivissa-> aeroport d&#8217;Eivissa<\/a> o <a href=\"https:\/autobuses-de-ibiza-lineas-y-horarios\/autobus-linea-12a-ibiza-hospital-can-misses-puig-den-valls-jesus-talamanca-marina-botafoch-puerto\/\">l\u00ednia L12A Eivissa-> Can Misses-> Puig d&#8217;en valls-> Jes\u00fas Talamanca-> Marina Botafoch Puerto Ibiza<\/a>. Si necessita arribar a altres zones, partint des d&#8217;Eivissa podr\u00e0 utilitzar els autobusos L3 de Sant <a href=\"https:\/autobuses-de-ibiza-lineas-y-horarios\/autobus-linea-3-san-antonio-san-rafael-ibiza\/\">Antoni de Sant Rafel-> Eivissa<\/a> o <a href=\"https:\/autobuses-de-ibiza-lineas-y-horarios\/autobuses-linea-8-sant-antoni-sant-josep-ibiza\/\">L8 Sant Antoni San Jos\u00e9 Eivissa ciutat<\/a> cap a l&#8217;oest. Si anem cap al sud la ruta <a href=\"https:\/autobuses-de-ibiza-lineas-y-horarios\/autobus-linea-l25-ibiza-santa-gertrudis-san-miguel\/\">L25 Eivissa ciutat Santa Gertrudis Sant Miquel<\/a> per a aquells que prefereixen descobrir alguna platja des d&#8217;Eivissa podem utilitzar el <a href=\"https:\/autobuses-de-ibiza-lineas-y-horarios\/autobus-linea-l12b-ibiza-puerto-marina-botafoch-puerto-ferrys-talamanca-cap-martinet-jesus\/\">L12B Eivissa Puerto-> Marina botafoch-> Talamanca Cap Martinet-> Jes\u00fas<\/a>, <a href=\"https:\/autobuses-de-ibiza-lineas-y-horarios\/autobus-l13-ibiza-santa-eulalia\/\"> L\u00ednia L13 Eivissa ciutat Santa Eul\u00e0ria <\/a>, <a href=\"https:\/autobuses-de-ibiza-lineas-y-horarios\/autobus-linea-33-san-mateo-ibiza\/\">l\u00ednia L33 San Mateo Ibiza<\/a> , aix\u00ed com <a href=\"https:\/autobuses-de-ibiza-lineas-y-horarios\/autobus-linea-l35-ibiza-can-misses-sa-carroca-san-jorge\/\">L35 &#8216;Hospital d&#8217;Eivissa es pot faltar a sa Roca Sant Jordi<\/a>. Les l\u00ednies d&#8217;autobusos que van a les platges de la ciutat d&#8217;Eivissa s\u00f3n <a href=\"https:\/autobuses-de-ibiza-lineas-y-horarios\/autobuses-linea-l11-ibiza-sant-jordi-ses-salines\/\">L\u00ednia L11 Eivissa Sant Jordi Ses Salines<\/a> i <a href=\"https:\/autobuses-de-ibiza-lineas-y-horarios\/autobuses-linea-l11b-ibiza-playa-den-bossa-ses-salines\/\">Eivissa L11B &#8216; n Bossa &#8211; > Las Salinas<\/a> o <a href=\"https:\/autobuses-de-ibiza-lineas-y-horarios\/bus-l14-eivissa-platja-den-bossa\/\">l\u00ednia L14 Ibiza Playa d&#8217; Bossa<\/a>. Servei nord de platges d&#8217;Eivissa ser\u00e0 <a href=\"https:\/autobuses-de-ibiza-lineas-y-horarios\/autobus-linea-l15-ibiza-jesus-cala-llonga\/\">l\u00ednia L15 Ibiza &#8211; > Jesus &#8211; > Cala Llonga <\/a>, <a href=\"https:\/autobuses-de-ibiza-lineas-y-horarios\/autobus-linea-20a-ibiza-san-lorenzo-san-juan-portinatx\/\">l\u00ednia L20A Ibiza &#8211; > San Lorenzo &#8211; > Sant Joan &#8211; > Portinatx<\/a>, <a href=\"https:\/autobuses-de-ibiza-lineas-y-horarios\/autobus-linea-l23-ibiza-benirras\/\">L23 Eivissa Benirr\u00e0s <\/a>i <a href=\"https:\/autobuses-de-ibiza-lineas-y-horarios\/autobus-linea-l25a-ibiza-puerto-de-san-miguel\/\">l\u00ednia L25A Eivissa Port de Sant Miquel<\/a> per dins la ciutat l\u00ednies que recorren la ciutat s\u00f3n <a href=\"https:\/autobuses-de-ibiza-lineas-y-horarios\/autobus-linea-l45-vara-de-rey-dalt-vila-can-misses-casas-baratas-cas-serres\/\">l\u00ednia L45 Vara de Rey Dalt Vila &#8211; > Can Misses cases barats Cas Serres<\/a> i <a href=\"https:\/autobuses-de-ibiza-lineas-y-horarios\/autobus-linea-l50-parking-es-dominguet-parking-es-gorg-puerto-de-ibiza-bartolome-rosello-es-raspallar-puig-den-valls-solivera\/\">L50 Dominguets Parking aparcament \u00e9s Gorg \u00e9s port d&#8217;Eivissa Bartolom\u00e9 Rossell\u00f3 Raspallar &#8211; > Puig D&#8217; en Valls &#8211; > S\u00b4Olivera<\/a> <\/p>\n<h3 >L\u00ednies Sant Antoni<\/h3>\n<p> Les alternatives que surten de Sant Antoni es dirigiran amb prioritat a Eivissa i <a href=\"https:\/autobuses-de-ibiza-lineas-y-horarios\/autobuses-linea-9-san-antonio-san-jose-aeropuerto\/\">L9 de San Antonio San Jos\u00e9 aeroport d&#8217;Eivissa<\/a>. Cap a altres poblacions tindr\u00e0 <a href=\"https:\/autobuses-de-ibiza-lineas-y-horarios\/autobus-linea-19-santa-eulalia-san-antonio\/\">L19 Santa Eulalia del R\u00edo-> Sant Antoni<\/a>, <a href=\"https:\/autobuses-de-ibiza-lineas-y-horarios\/autobus-linea-l30-san-antonio-santa-ines-ibiza\/\">l\u00ednia L30 sant Antoni-> Santa Agn\u00e9s de Corona-> Eivissa<\/a> i la <a href=\"https:\/autobuses-de-ibiza-lineas-y-horarios\/autobuses-linea-3-1-can-bonet-ses-paises-san-antonio-can-coix\/\">l\u00ednia L 3,1 Can Bonet-> Ses paises-> Sant Antoni Can coix<\/a>. Per explorar les cales que l&#8217;envolten podem utilitzar <a href=\"https:\/autobuses-de-ibiza-lineas-y-horarios\/autobus-linea-1-san-antonio-cala-gracio-stella-maris\/\">Sant Antoni Stella Maris<\/a>, <a href=\"https:\/autobuses-de-ibiza-lineas-y-horarios\/autobus-linea-2-san-antonio-port-des-torrent\/\">L2 sant Antoni-> Port des Torrent (Western Ibiza Hotel)<\/a> i <a href=\"https:\/autobuses-de-ibiza-lineas-y-horarios\/autobus-linea-l34-san-antonio-cala-salada\/\">L34 Sant Antoni-> cala Salada<\/a>. Si escollim les platges d&#8217;altres zones podem utilitzar els autobusos fins a <a href=\"https:\/autobuses-de-ibiza-lineas-y-horarios\/autobuses-linea-l4-san-antonio-cala-de-comte\/\">L4: Sant Antoni-> cales de compte <\/a>, <a href=\"https:\/autobuses-de-ibiza-lineas-y-horarios\/autobuses-linea-5-sant-antoni-cala-tarida\/\">L5 sant Antoni-> Cala T\u00e1rida<\/a> o <a href=\"https:\/autobuses-de-ibiza-lineas-y-horarios\/autobuses-linea-7-san-antonio-cala-bassa\/\">L7 l\u00ednia Sant Antoni-> Cala Bassa<\/a>. Al nord tenim <a href=\"https:\/autobuses-de-ibiza-lineas-y-horarios\/autobus-linea-22-san-antonio-puerto-de-san-miguel\/\">L22 Sant Antoni-> port de Sant Miquel <\/a>i la <a href=\"https:\/autobuses-de-ibiza-lineas-y-horarios\/autobus-linea-l23a-san-antonio-playa-de-benirras\/\">l\u00ednia L23A platja de Sant Antoni Benirr\u00e0s<\/a>. <\/p>\n<h3 >Les rutes de Santa Eul\u00e0ria des riu<\/h3>\n<p> A Santa Eul\u00e0ria tenim l\u00ednies a alguns llocs com la <a href=\"https:\/autobuses-de-ibiza-lineas-y-horarios\/autobus-linea-16-santa-eulalia-san-carlos\/\">l\u00ednia L16 Santa Eul\u00e0ria-> Sant Carles de Peralta <\/a>, <a href=\"https:\/autobuses-de-ibiza-lineas-y-horarios\/autobus-l17-santa-eulalia-urbanizacion-siesta\/\">l\u00ednia L17 Santa Eulalia del R\u00edo-> urbanitzaci\u00f3 Siesta <\/a>i <a href=\"https:\/autobuses-de-ibiza-lineas-y-horarios\/autobus-linea-l24-cala-nova-es-canar-santa-eulalia-aeropuerto\/\" >L24 Cala nova es Canar-> de aeroport de Santa Eul\u00e0ria des riu <\/a>. A Las Calas, <a href=\"https:\/autobuses-de-ibiza-lineas-y-horarios\/autobus-linea-16a-santa-eulalia-san-carlos-cala-llenya\/\">l\u00ednia L16A Santa Eul\u00e0ria des riu San Carlos-> Cala Llenya<\/a>, <a href=\"https:\/autobuses-de-ibiza-lineas-y-horarios\/autobus-linea-16c-santa-eulalia-las-dalias-san-carlos-es-figueral-cala-san-vicente\/\">L16C Santa Eul\u00e0lia-> les dalies-> Sant Carles Es Figueral-> Cala de Sant Vicent <\/a>i <a href=\"https:\/autobuses-de-ibiza-lineas-y-horarios\/autobus-linea-23b-santa-eulalia-playa-de-benirras\/\">L23B Santa Eul\u00e0ria des Riu-> Playa Benirras <\/a>en direcci\u00f3 a Sant Joan. A m\u00e9s els autobusos en direcci\u00f3 <a href=\"https:\/autobuses-de-ibiza-lineas-y-horarios\/autobus-linea-18b-santa-eulalia-sargamassa-cala-martina-es-canar-cala-nova\/\">L18B Santa Eul\u00e0ria-> s&#8217;Argamassa-> Cana Martina-> es Canar-> Cala nova <\/a>, <a href=\"https:\/autobuses-de-ibiza-lineas-y-horarios\/autobus-linea-18a-santa-eulalia-es-canar\/\">l\u00ednia L18A santa eulalia-> es Canar <\/a>, <a href=\"https:\/autobuses-de-ibiza-lineas-y-horarios\/autobus-linea-l21-santa-eulalia-san-juan-portinatx\/\">l\u00ednia L21 Santa Eulalia-> Sant Joan de Labritja-> Portinatx<\/a> i <a href=\"https:\/autobuses-de-ibiza-lineas-y-horarios\/autobus-linea-l41-santa-eulalia-cala-llonga\/\">L41 Santa Eul\u00e0ria des Riu-> Cala Llonga<\/a>. <\/p>\n<h3 >Altres alternatives a Eivissa<\/h3>\n<p> Algunes alternatives enllacen llocs d&#8217;animaci\u00f3 com <a href=\"https:\/autobuses-de-ibiza-lineas-y-horarios\/autobus-linea-l36-aeropuerto-playa-den-bossa\/\">l\u00ednia L36 &#8216;aeroport Eivissa platja<\/a>d&#8217;en Bossa, <a href=\"https:\/autobuses-de-ibiza-lineas-y-horarios\/autobus-linea-37-puerto-de-san-miguel-es-canar\/\">l\u00ednia L37 port de Sant Miquel-> es Canar <\/a>o <a href=\"https:\/autobuses-de-ibiza-lineas-y-horarios\/autobus-linea-l26-san-jose-cala-vadella\/\">l\u00ednia L26 Sant Jos\u00e9-> Cala vedella<\/a>. Altres uneixen pobles amb platges de la costa com <a href=\"https:\/autobuses-de-ibiza-lineas-y-horarios\/autobus-linea-l20b-san-juan-cala-san-vicente\/\">L20B Sant Joan de Labritja Cala de Sant Vicent <\/a>, <a href=\"https:\/autobuses-de-ibiza-lineas-y-horarios\/autobus-linea-l23c-portinatx-san-juan-playa-de-benirras\/\">L23C Portinatx-> Sant Joan de Labritja platja Benirr\u00e1s <\/a>, <a href=\"https:\/autobuses-de-ibiza-lineas-y-horarios\/autobus-linea-l23p-benirras-playa-de-benirras\/\">l\u00ednea L23P Benirr\u00e0s-> Playa de Benirr\u00e1s <\/a>o <a href=\"https:\/autobuses-de-ibiza-lineas-y-horarios\/autobus-linea-l42-es-cubells-san-jose\/\">L42 es Cubells-> Sant Josep<\/a>. <\/p>\n<h3 >Bus l\u00ednies de clubs: Discobus<\/h3>\n<p> Durant l&#8217;estiu podreu utilitzar algunes opcions peculiars que passaran pels pobles tur\u00edstics m\u00e9s concorreguts. Aquestes connexions s\u00f3n <a href=\"https:\/autobuses-de-ibiza-lineas-y-horarios\/autobus-linea-l3-disco-bus-san-antonio-privilege-amnesia-pacha-puerto-de-ibiza\/\">L3 l\u00ednia de Discobus San Antonio-> Privilege Amnesia Pacha del port d&#8217;Eivissa<\/a>, <a href=\"https:\/autobuses-de-ibiza-lineas-y-horarios\/autobus-linea-l3b-disco-bus-san-antonio-playa-den-bossa-ushuaia\/\">L3B disco bus san Antonio-> platja d&#8217;en Bossa (USHUAIA-> h\u00ef)<\/a>, <a href=\"https:\/autobuses-de-ibiza-lineas-y-horarios\/autobus-linea-l13-18-discobus-puerto-de-ibiza-santa-eulalia-es-canar\/\">L13 18 disco bus port d&#8217;Eivissa-> Santa Eul\u00e0ria-> \u00e9s Canar <\/a>i <a href=\"https:\/autobuses-de-ibiza-lineas-y-horarios\/autobus-linea-l14-discobus-pacha-puerto-de-ibiza-playa-den-bossa-ushuaia\/\">L14 l\u00ednia disco bus Pacha Puerto de Ibiza platja d&#8217;en Bossa Ushuaia-> H\u00cf<\/a> [\/vc_column_text] [\/vc_column] [vc_column width = &#8220;1\/3&#8221;] [vc_single_image Image = &#8220;46038&#8221; img_size = &#8220;complet&#8221;] [vc_column_text] <\/p>\n<h2 >Concession\u00e0ria d&#8217;empresa Hospital d&#8217;Eivissa es pot faltar<\/h2>\n<p> Autocars Voramar el Gaucho S.L. <a href=\"tel:971340382\">971 34 03 82<\/a> [\/vc_column_text] [vc_column_text] les hores establertes per a l&#8217;Hospital de la <strong>l\u00ednia H Eivissa poden faltar<\/strong> a efectes informatius. <a href=\"https:\/\">nom\u00e9s Eivissa<\/a> no es responsabilitza de qualsevol dany o perjudici causat per la l\u00ednia o la informaci\u00f3 mostrada aqu\u00ed. [\/vc_column_text] [\/vc_column] [\/vc_row] [vc_row full_width = &#8220;stretch_row&#8221; css = &#8220;.vc_custom_1541747335413 {background-color:#0000ff !important;}&#8221;] [vc_column] [vc_column_text css_animation = &#8220;FadeIn&#8221; El_class = &#8220;. Size24&#8221;] <\/p>\n<p class=\"size24\" style=\"text-align: center;\"><span style=\"color:#ffffff;\">la secci\u00f3 Eivissa bus est\u00e0 patrocinada per<\/span> <a href=\"https:\/\/disenowebibiza.soloibiza.com\/\"> <span style=\"color:#ffffff;\">p\u00e0gines i disseny web Eivissa<\/span> <\/a><\/p>\n<p> [\/vc_column_text] [\/vc_column] [\/vc_row] <\/p>\n<\/div>","protected":false},"excerpt":{"rendered":"<p>[vc_row full_width=&#8221;stretch_row&#8221; parallax=&#8221;content-moving-fade&#8221; css=&#8221;.vc_custom_1541744452372{padding-top: 20px !important;padding-bottom: 60px !important;background-image: url(http:\/\/soloibiza.com\/wp-content\/uploads\/2018\/11\/autobuses.jpg?id=46038) !important;background-position: center;background-repeat: no-repeat !important;background-size: cover !important;}&#8221;] [vc_column] [vc_custom_heading text = &#8220;bus Eivissa-Hospital pot enyora, l\u00ednia H&#8221; font_container = &#8220;tag:H1 | text_align: centre | color:#ffffff&#8221; use_theme_fonts=&#8221;yes&#8221;] [\/vc_column] [\/vc_row] [vc_row el_class = &#8220;autobus&#8221;] [vc_column width = &#8220;2\/3&#8221;] [vc_column_text] Hora d&#8217;hivern (de l&#8217; 1 de novembre al 31 de [&hellip;]<\/p>\n","protected":false},"author":1,"featured_media":0,"parent":49270,"menu_order":0,"comment_status":"closed","ping_status":"closed","template":"","meta":{"_acf_changed":false,"footnotes":""},"class_list":["post-49498","page","type-page","status-publish","hentry"],"acf":[],"_links":{"self":[{"href":"https:\/\/soloibiza.com\/ca\/wp-json\/wp\/v2\/pages\/49498","targetHints":{"allow":["GET"]}}],"collection":[{"href":"https:\/\/soloibiza.com\/ca\/wp-json\/wp\/v2\/pages"}],"about":[{"href":"https:\/\/soloibiza.com\/ca\/wp-json\/wp\/v2\/types\/page"}],"author":[{"embeddable":true,"href":"https:\/\/soloibiza.com\/ca\/wp-json\/wp\/v2\/users\/1"}],"replies":[{"embeddable":true,"href":"https:\/\/soloibiza.com\/ca\/wp-json\/wp\/v2\/comments?post=49498"}],"version-history":[{"count":0,"href":"https:\/\/soloibiza.com\/ca\/wp-json\/wp\/v2\/pages\/49498\/revisions"}],"up":[{"embeddable":true,"href":"https:\/\/soloibiza.com\/ca\/wp-json\/wp\/v2\/pages\/49270"}],"wp:attachment":[{"href":"https:\/\/soloibiza.com\/ca\/wp-json\/wp\/v2\/media?parent=49498"}],"curies":[{"name":"wp","href":"https:\/\/api.w.org\/{rel}","templated":true}]}}